{"id":92282,"date":"2019-03-29T13:57:41","date_gmt":"2019-03-29T12:57:41","guid":{"rendered":"https:\/\/www.visitliptov.sk\/konferencne-priestory\/"},"modified":"2019-10-03T08:08:44","modified_gmt":"2019-10-03T06:08:44","slug":"obiekty-konferencyjne","status":"publish","type":"page","link":"https:\/\/www.visitliptov.sk\/pl\/obiekty-konferencyjne\/","title":{"rendered":"Obiekty konferencyjne"},"content":{"rendered":"\n<div class=\"wp-block-media-text alignwide has-media-on-the-right\" style=\"grid-template-columns:auto 38%\"><figure class=\"wp-block-media-text__media\"><img loading=\"lazy\" decoding=\"async\" width=\"1200\" height=\"801\" src=\"http:\/\/www.visitliptov.sk\/wp-content\/uploads\/2019\/03\/konferencne_priestory.jpg\" alt=\"\" class=\"wp-image-31522\" srcset=\"https:\/\/www.visitliptov.sk\/wp-content\/uploads\/2019\/03\/konferencne_priestory.jpg 1200w, https:\/\/www.visitliptov.sk\/wp-content\/uploads\/2019\/03\/konferencne_priestory-600x401.jpg 600w\" sizes=\"(max-width: 1200px) 100vw, 1200px\" \/><\/figure><div class=\"wp-block-media-text__content\">\n<p>Lipt\u00f3w to nie tylko wakacje dla go\u015bci indywidualnych i rodzin, ale tak\u017ce idealne miejsce na imprezy firmowe, spotkania, uroczysto\u015bci lub konferencje w pi\u0119knym otoczeniu g\u00f3r. Mo\u017cesz wybiera\u0107 z szerokiej gamy obiekt\u00f3w noclegowych w r\u00f3\u017cnych lokalizacjach z szerokim programem uzupe\u0142niaj\u0105cym, kt\u00f3ry oferuje region Lipt\u00f3w.<\/p>\n\n\n\n<p>Sale konferencyjne na Liptowie zapewniaj\u0105 indywidualne zakwaterowanie dla ma\u0142ych grup ludzi, ale mo\u017cna r\u00f3wnie\u017c organizowa\u0107 du\u017ce seminaria lub kongresy.<\/p>\n<\/div><\/div>\n\n\n    <div class=\"ns-events\">\r\n        <div class=\"ns-events-filter-toggle\">\r\n            <span class=\"events-filter-title\">Szukanie<\/span>\r\n            <div class=\"btn ns-events-filter-btn\">\r\n\t\t\t\tFilter            <\/div>\r\n        <\/div>\r\n        <div class=\"events-filter sidebar\">\r\n            <div class=\"close-btn\"><\/div>\r\n            <span class=\"events-filter-title\">Szukanie<\/span>\r\n\r\n            <span class=\"events-filter-label\">Siedlisko<\/span>\r\n\t\t\t<div class=\"facetwp-facet facetwp-facet-locality facetwp-type-checkboxes\" data-name=\"locality\" data-type=\"checkboxes\"><\/div>\r\n            <span class=\"events-filter-label\">Inne kryteria<\/span>\r\n\t        <div class=\"facetwp-facet facetwp-facet-attraction-other facetwp-type-checkboxes\" data-name=\"attraction-other\" data-type=\"checkboxes\"><\/div>\r\n        <\/div>\r\n\r\n        <div class=\"blog-content\">\r\n\t\t\t<div class=\"facetwp-template\" data-name=\"conference\"><a class=\"list-item test\" href=\"https:\/\/www.visitliptov.sk\/pl\/ciekawostka\/kongres-aparthotel-central\/\">\r\n\t    <div class=\"thumb\"\r\n         style=\"background-image:url('https:\/\/www.visitliptov.sk\/wp-content\/uploads\/2025\/03\/apart-hotel-liptovsky-mikulas-2-600x450.jpg')\">\r\n\t\t        <span style='display:none' class=\"favorite-btn  js_favorite-inline-ajax\"\r\n              data-id=\"656305\"\r\n\t\t>&hearts;<\/span>\r\n\t\r\n        \t    \r\n\t            \r\n\r\n\t\t\t\t    <\/div>\r\n\r\n    <div class=\"item-meta\">\r\n        <div class=\"item-title\">\r\n\t\t\tKONGRES: Aparthotel Central        <\/div>\r\n\r\n\t\t<div class=\"item-loc icon-marker\">Liptovsk\u00fd Mikul\u00e1\u0161<\/div>    <\/div>\r\n<\/a>\r\n<a class=\"list-item test\" href=\"https:\/\/www.visitliptov.sk\/pl\/ciekawostka\/kongres-maladinovo\/\">\r\n\t    <div class=\"thumb\"\r\n         style=\"background-image:url('https:\/\/www.visitliptov.sk\/wp-content\/uploads\/2024\/06\/Maladinovo-kongresy-1-600x400.jpg')\">\r\n\t\t        <span style='display:none' class=\"favorite-btn  js_favorite-inline-ajax\"\r\n              data-id=\"607519\"\r\n\t\t>&hearts;<\/span>\r\n\t\r\n        \t    \r\n\t            \r\n\r\n\t\t\t\t    <\/div>\r\n\r\n    <div class=\"item-meta\">\r\n        <div class=\"item-title\">\r\n\t\t\tKONGRES: Maladinovo        <\/div>\r\n\r\n\t\t<div class=\"item-loc icon-marker\">Liptovsk\u00fd Mikul\u00e1\u0161<\/div>    <\/div>\r\n<\/a>\r\n<a class=\"list-item test\" href=\"https:\/\/www.visitliptov.sk\/pl\/ciekawostka\/kongres-demanova-rezort\/\">\r\n\t    <div class=\"thumb\"\r\n         style=\"background-image:url('https:\/\/www.visitliptov.sk\/wp-content\/uploads\/2024\/05\/Demanova-rezort_kongresy_2024-8-600x400.jpg')\">\r\n\t\t        <span style='display:none' class=\"favorite-btn  js_favorite-inline-ajax\"\r\n              data-id=\"607427\"\r\n\t\t>&hearts;<\/span>\r\n\t\r\n        \t    \r\n\t            \r\n\r\n\t\t\t\t    <\/div>\r\n\r\n    <div class=\"item-meta\">\r\n        <div class=\"item-title\">\r\n\t\t\tKONGRES: Dem\u00e4nov\u00e1 rezort        <\/div>\r\n\r\n\t\t<div class=\"item-loc icon-marker\">Liptovsk\u00fd Mikul\u00e1\u0161<\/div>    <\/div>\r\n<\/a>\r\n<a class=\"list-item test\" href=\"https:\/\/www.visitliptov.sk\/pl\/ciekawostka\/kongres-hotel-demanova\/\">\r\n\t    <div class=\"thumb\"\r\n         style=\"background-image:url('https:\/\/www.visitliptov.sk\/wp-content\/uploads\/2024\/04\/Hotel-Demanova-kongres-3-600x450.jpeg')\">\r\n\t\t        <span style='display:none' class=\"favorite-btn  js_favorite-inline-ajax\"\r\n              data-id=\"607413\"\r\n\t\t>&hearts;<\/span>\r\n\t\r\n        \t    \r\n\t            \r\n\r\n\t\t\t\t    <\/div>\r\n\r\n    <div class=\"item-meta\">\r\n        <div class=\"item-title\">\r\n\t\t\tKONGRES: Hotel Dem\u00e4nov\u00e1****        <\/div>\r\n\r\n\t\t<div class=\"item-loc icon-marker\">Liptovsk\u00fd Mikul\u00e1\u0161<\/div>    <\/div>\r\n<\/a>\r\n<a class=\"list-item test\" href=\"https:\/\/www.visitliptov.sk\/pl\/ciekawostka\/kongres-ranczo-kralova-lehota\/\">\r\n\t    <div class=\"thumb\"\r\n         style=\"background-image:url('https:\/\/www.visitliptov.sk\/wp-content\/uploads\/2023\/06\/ranc-a-camp-kralova-lehota-svarin-16-600x450.jpg')\">\r\n\t\t        <span style='display:none' class=\"favorite-btn  js_favorite-inline-ajax\"\r\n              data-id=\"640478\"\r\n\t\t>&hearts;<\/span>\r\n\t\r\n        \t    \r\n\t            \r\n\r\n\t\t\t\t    <\/div>\r\n\r\n    <div class=\"item-meta\">\r\n        <div class=\"item-title\">\r\n\t\t\tKONGRES: Ranczo Kr\u00e1\u013eova Lehota        <\/div>\r\n\r\n\t\t<div class=\"item-loc icon-marker\">Kr\u00e1\u013eova Lehota<\/div>    <\/div>\r\n<\/a>\r\n<a class=\"list-item test\" href=\"https:\/\/www.visitliptov.sk\/pl\/ciekawostka\/kongres-stara-zvonica-maluzina\/\">\r\n\t    <div class=\"thumb\"\r\n         style=\"background-image:url('https:\/\/www.visitliptov.sk\/wp-content\/uploads\/2023\/04\/stara-zvonica_kongres-2023-600x400.jpg')\">\r\n\t\t        <span style='display:none' class=\"favorite-btn  js_favorite-inline-ajax\"\r\n              data-id=\"244045\"\r\n\t\t>&hearts;<\/span>\r\n\t\r\n        \t    \r\n\t            \r\n\r\n\t\t\t\t    <\/div>\r\n\r\n    <div class=\"item-meta\">\r\n        <div class=\"item-title\">\r\n\t\t\tKONGRES: Star\u00e1 Zvonica        <\/div>\r\n\r\n\t\t<div class=\"item-loc icon-marker\">Malu\u017ein\u00e1<\/div>    <\/div>\r\n<\/a>\r\n<a class=\"list-item test\" href=\"https:\/\/www.visitliptov.sk\/pl\/ciekawostka\/kongres-rezort-pri-jazere\/\">\r\n\t    <div class=\"thumb\"\r\n         style=\"background-image:url('https:\/\/www.visitliptov.sk\/wp-content\/uploads\/2023\/03\/rezort-pri-jazere-welnes-kongres-0009-600x400.jpg')\">\r\n\t\t        <span style='display:none' class=\"favorite-btn  js_favorite-inline-ajax\"\r\n              data-id=\"235984\"\r\n\t\t>&hearts;<\/span>\r\n\t\r\n        \t    \r\n\t            \r\n\r\n\t\t\t\t    <\/div>\r\n\r\n    <div class=\"item-meta\">\r\n        <div class=\"item-title\">\r\n\t\t\tKONGRES: Rezort pri jazere        <\/div>\r\n\r\n\t\t<div class=\"item-loc icon-marker\">Pribylina<\/div>    <\/div>\r\n<\/a>\r\n<a class=\"list-item test\" href=\"https:\/\/www.visitliptov.sk\/pl\/ciekawostka\/kongres-hotel-liptovsky-dvor\/\">\r\n\t    <div class=\"thumb\"\r\n         style=\"background-image:url('https:\/\/www.visitliptov.sk\/wp-content\/uploads\/2022\/09\/Liptovsky-dvor-Liptovsky-Jan-kongres-5-600x400.jpg')\">\r\n\t\t        <span style='display:none' class=\"favorite-btn  js_favorite-inline-ajax\"\r\n              data-id=\"197532\"\r\n\t\t>&hearts;<\/span>\r\n\t\r\n        \t    \r\n\t            \r\n\r\n\t\t\t\t    <\/div>\r\n\r\n    <div class=\"item-meta\">\r\n        <div class=\"item-title\">\r\n\t\t\tKONGRES: Hotel**** Liptowski dw\u00f3r        <\/div>\r\n\r\n\t\t<div class=\"item-loc icon-marker\">Liptovsk\u00fd J\u00e1n<\/div>    <\/div>\r\n<\/a>\r\n<a class=\"list-item test\" href=\"https:\/\/www.visitliptov.sk\/pl\/ciekawostka\/hotel-europa-2\/\">\r\n\t    <div class=\"thumb\"\r\n         style=\"background-image:url('https:\/\/www.visitliptov.sk\/wp-content\/uploads\/2019\/09\/RBS_0581-600x400.jpg')\">\r\n\t\t        <span style='display:none' class=\"favorite-btn  js_favorite-inline-ajax\"\r\n              data-id=\"106183\"\r\n\t\t>&hearts;<\/span>\r\n\t\r\n        \t    \r\n\t            \r\n\r\n\t\t\t\t    <\/div>\r\n\r\n    <div class=\"item-meta\">\r\n        <div class=\"item-title\">\r\n\t\t\tKONGRES: Hotel Europa***        <\/div>\r\n\r\n\t\t<div class=\"item-loc icon-marker\"> Liptovsk\u00fd Mikul\u00e1\u0161<\/div>    <\/div>\r\n<\/a>\r\n<a class=\"list-item test\" href=\"https:\/\/www.visitliptov.sk\/pl\/ciekawostka\/kongres-hrad-kastiel-grand-castle-liptovsky-hradok\/\">\r\n\t    <div class=\"thumb\"\r\n         style=\"background-image:url('https:\/\/www.visitliptov.sk\/wp-content\/uploads\/2019\/02\/LIPT-HRADOK_Hrad-a-Kastiel-Grand-Castle_prehliadky-kongres-interier-historia_2023_apraveslovenske-18small_-600x400.jpg')\">\r\n\t\t        <span style='display:none' class=\"favorite-btn  js_favorite-inline-ajax\"\r\n              data-id=\"106317\"\r\n\t\t>&hearts;<\/span>\r\n\t\r\n        \t    \r\n\t            \r\n\r\n\t\t\t\t    <\/div>\r\n\r\n    <div class=\"item-meta\">\r\n        <div class=\"item-title\">\r\n\t\t\tKONGRES: Hrad a ka\u0161tie\u013e Grand Castle v Liptovskom Hr\u00e1dku        <\/div>\r\n\r\n\t\t<div class=\"item-loc icon-marker\">Liptovsk\u00fd Hr\u00e1dok<\/div>    <\/div>\r\n<\/a>\r\n<a class=\"list-item test\" href=\"https:\/\/www.visitliptov.sk\/pl\/ciekawostka\/kongres-gothal-liptovska-osada\/\">\r\n\t    <div class=\"thumb\"\r\n         style=\"background-image:url('https:\/\/www.visitliptov.sk\/wp-content\/uploads\/2019\/03\/gothal1-1-600x400.jpg')\">\r\n\t\t        <span style='display:none' class=\"favorite-btn  js_favorite-inline-ajax\"\r\n              data-id=\"106334\"\r\n\t\t>&hearts;<\/span>\r\n\t\r\n        \t    \r\n\t            \r\n\r\n\t\t\t\t    <\/div>\r\n\r\n    <div class=\"item-meta\">\r\n        <div class=\"item-title\">\r\n\t\t\tKONGRES: Gothal Liptovsk\u00e1 Osada        <\/div>\r\n\r\n\t\t<div class=\"item-loc icon-marker\">Liptovsk\u00e1 Osada<\/div>    <\/div>\r\n<\/a>\r\n<a class=\"list-item test\" href=\"https:\/\/www.visitliptov.sk\/pl\/ciekawostka\/kongres-hotel-mikulasska-chata\/\">\r\n\t    <div class=\"thumb\"\r\n         style=\"background-image:url('https:\/\/www.visitliptov.sk\/wp-content\/uploads\/2022\/05\/Mikulasska-chata-3-600x450.jpg')\">\r\n\t\t        <span style='display:none' class=\"favorite-btn  js_favorite-inline-ajax\"\r\n              data-id=\"106338\"\r\n\t\t>&hearts;<\/span>\r\n\t\r\n        \t    \r\n\t            \r\n\r\n\t\t\t\t    <\/div>\r\n\r\n    <div class=\"item-meta\">\r\n        <div class=\"item-title\">\r\n\t\t\tKONGRES: Hotel Mikul\u00e1\u0161ska chata ***        <\/div>\r\n\r\n\t\t<div class=\"item-loc icon-marker\">Liptovsk\u00fd Mikul\u00e1\u0161<\/div>    <\/div>\r\n<\/a>\r\n<a class=\"list-item test\" href=\"https:\/\/www.visitliptov.sk\/pl\/ciekawostka\/kongres-hotel-sorea-maj-liptovsky-jan\/\">\r\n\t    <div class=\"thumb\"\r\n         style=\"background-image:url('https:\/\/www.visitliptov.sk\/wp-content\/uploads\/2019\/03\/maj1-600x398.jpg')\">\r\n\t\t        <span style='display:none' class=\"favorite-btn  js_favorite-inline-ajax\"\r\n              data-id=\"106343\"\r\n\t\t>&hearts;<\/span>\r\n\t\r\n        \t    \r\n\t            \r\n\r\n\t\t\t\t    <\/div>\r\n\r\n    <div class=\"item-meta\">\r\n        <div class=\"item-title\">\r\n\t\t\tKONGRES: Hotel *** SOREA M\u00c1J        <\/div>\r\n\r\n\t\t<div class=\"item-loc icon-marker\">Liptovsk\u00fd J\u00e1n - k\u00fapele<\/div>    <\/div>\r\n<\/a>\r\n<a class=\"list-item test\" href=\"https:\/\/www.visitliptov.sk\/pl\/ciekawostka\/kongres-marina-liptov\/\">\r\n\t    <div class=\"thumb\"\r\n         style=\"background-image:url('https:\/\/www.visitliptov.sk\/wp-content\/uploads\/2019\/04\/marina_zasadacka-600x400.jpg')\">\r\n\t\t        <span style='display:none' class=\"favorite-btn  js_favorite-inline-ajax\"\r\n              data-id=\"95057\"\r\n\t\t>&hearts;<\/span>\r\n\t\r\n        \t    \r\n\t            \r\n\r\n\t\t\t\t    <\/div>\r\n\r\n    <div class=\"item-meta\">\r\n        <div class=\"item-title\">\r\n\t\t\tKONGRES: MARINA Liptov        <\/div>\r\n\r\n\t\t<div class=\"item-loc icon-marker\">Bobrovn\u00edk<\/div>    <\/div>\r\n<\/a>\r\n<a class=\"list-item test\" href=\"https:\/\/www.visitliptov.sk\/pl\/ciekawostka\/kongres-horsky-hotel-mnich-bobrovecka-dolina\/\">\r\n\t    <div class=\"thumb\"\r\n         style=\"background-image:url('https:\/\/www.visitliptov.sk\/wp-content\/uploads\/2019\/03\/mnich3.jpg')\">\r\n\t\t        <span style='display:none' class=\"favorite-btn  js_favorite-inline-ajax\"\r\n              data-id=\"106196\"\r\n\t\t>&hearts;<\/span>\r\n\t\r\n        \t    \r\n\t            \r\n\r\n\t\t\t\t    <\/div>\r\n\r\n    <div class=\"item-meta\">\r\n        <div class=\"item-title\">\r\n\t\t\tKONGRES: Horsk\u00fd hotel Mn\u00edch***        <\/div>\r\n\r\n\t\t<div class=\"item-loc icon-marker\">Bobrovec<\/div>    <\/div>\r\n<\/a>\r\n<\/div>\t\t\t<div class=\"facetwp-pager\"><\/div>        <\/div>\r\n\r\n\r\n    <\/div>\r\n\t\n","protected":false},"excerpt":{"rendered":"<p>Lipt\u00f3w to nie tylko wakacje dla go\u015bci indywidualnych i rodzin, ale tak\u017ce idealne miejsce na imprezy firmowe, spotkania, uroczysto\u015bci lub &#8230;<\/p>\n","protected":false},"author":1,"featured_media":0,"parent":0,"menu_order":0,"comment_status":"closed","ping_status":"closed","template":"","meta":{"_acf_changed":false,"inline_featured_image":false,"episode_type":"","audio_file":"","cover_image":"","cover_image_id":"","duration":"","filesize":"","date_recorded":"","explicit":"","block":"","filesize_raw":"","_jf_limit_responses":"","footnotes":""},"class_list":["post-92282","page","type-page","status-publish","hentry"],"acf":{"vyhradny_obrazok":false,"second_feature_image":null,"search_top_keywords":""},"wpml_translations_detailed":{"sk":{"id":31989,"title":"Konferen\u010dn\u00e9 priestory","url":"https:\/\/www.visitliptov.sk\/o-liptove\/konferencne-priestory\/","api_url":"https:\/\/www.visitliptov.sk\/pl\/wp-json\/wp\/v2\/page\/31989","status":"publish","excerpt":"Liptov to nie je len dovolenka pre individu\u00e1lnych host\u00ed \u010di rodiny, ale aj ide\u00e1lna destin\u00e1cia pre firemn\u00e9 podujatia, stretnutia, oslavy ...","content":"<!-- wp:columns -->\n<div class=\"wp-block-columns\"><!-- wp:column -->\n<div class=\"wp-block-column\"><!-- wp:paragraph {\"placeholder\":\"Obsah...\"} -->\n<p>Liptov to nie je len dovolenka pre individu\u00e1lnych host\u00ed \u010di rodiny, ale aj <strong>ide\u00e1lna destin\u00e1cia pre firemn\u00e9 podujatia, stretnutia, oslavy \u010di konferencie<\/strong> v n\u00e1dhernom prostred\u00ed h\u00f4r. Vybra\u0165 sa d\u00e1 z mno\u017estva pon\u00fak ubytovac\u00edch zariaden\u00ed v r\u00f4znych lokalit\u00e1ch so \u0161irok\u00fdm doplnkov\u00fdm programom, ktor\u00fd regi\u00f3n Liptova pon\u00faka.<\/p>\n<!-- \/wp:paragraph -->\n\n<!-- wp:paragraph -->\n<p>Konferen\u010dn\u00e9 priestory na Liptove poskytuj\u00fa jednotliv\u00e9 ubytovacie zariadenia aj pre mal\u00e9 skupinky \u013eud\u00ed, ale daj\u00fa sa tu organizova\u0165 aj ve\u013ek\u00e9 semin\u00e1re \u010di kongresy.<\/p>\n<!-- \/wp:paragraph --><\/div>\n<!-- \/wp:column -->\n\n<!-- wp:column -->\n<div class=\"wp-block-column\"><!-- wp:image {\"id\":31522,\"sizeSlug\":\"large\",\"linkDestination\":\"none\"} -->\n<figure class=\"wp-block-image size-large\"><img src=\"https:\/\/www.visitliptov.sk\/wp-content\/uploads\/2019\/03\/konferencne_priestory.jpg\" alt=\"\" class=\"wp-image-31522\"\/><\/figure>\n<!-- \/wp:image --><\/div>\n<!-- \/wp:column --><\/div>\n<!-- \/wp:columns -->\n\n<!-- wp:shortcode -->\n[conference]\n<!-- \/wp:shortcode -->","featured_media":0,"featured_media_url":null,"images_gallery_urls":[],"fotka_1_url":null,"fotka_2_url":null,"fotka_3_url":null,"fotka_4_url":null,"fotka_5_url":null,"fotka_6_url":null,"fotka_7_url":null,"fotka_8_url":null},"pl":{"id":92282,"title":"Obiekty konferencyjne","url":"https:\/\/www.visitliptov.sk\/pl\/obiekty-konferencyjne\/","api_url":"https:\/\/www.visitliptov.sk\/pl\/wp-json\/wp\/v2\/page\/92282","status":"publish","excerpt":"Lipt\u00f3w to nie tylko wakacje dla go\u015bci indywidualnych i rodzin, ale tak\u017ce idealne miejsce na imprezy firmowe, spotkania, uroczysto\u015bci lub ...","content":"<!-- wp:media-text {\"mediaPosition\":\"right\",\"mediaId\":31522,\"mediaType\":\"image\",\"mediaWidth\":38} -->\n<div class=\"wp-block-media-text alignwide has-media-on-the-right\" style=\"grid-template-columns:auto 38%\"><figure class=\"wp-block-media-text__media\"><img src=\"http:\/\/www.visitliptov.sk\/wp-content\/uploads\/2019\/03\/konferencne_priestory.jpg\" alt=\"\" class=\"wp-image-31522\"\/><\/figure><div class=\"wp-block-media-text__content\"><!-- wp:paragraph {\"placeholder\":\"Obsah...\"} -->\n<p>Lipt\u00f3w to nie tylko wakacje dla go\u015bci indywidualnych i rodzin, ale tak\u017ce idealne miejsce na imprezy firmowe, spotkania, uroczysto\u015bci lub konferencje w pi\u0119knym otoczeniu g\u00f3r. Mo\u017cesz wybiera\u0107 z szerokiej gamy obiekt\u00f3w noclegowych w r\u00f3\u017cnych lokalizacjach z szerokim programem uzupe\u0142niaj\u0105cym, kt\u00f3ry oferuje region Lipt\u00f3w.<\/p>\n<!-- \/wp:paragraph -->\n\n<!-- wp:paragraph -->\n<p>Sale konferencyjne na Liptowie zapewniaj\u0105 indywidualne zakwaterowanie dla ma\u0142ych grup ludzi, ale mo\u017cna r\u00f3wnie\u017c organizowa\u0107 du\u017ce seminaria lub kongresy.<\/p>\n<!-- \/wp:paragraph --><\/div><\/div>\n<!-- \/wp:media-text -->\n\n<!-- wp:shortcode -->\n[conference]\n<!-- \/wp:shortcode -->","featured_media":0,"featured_media_url":null,"images_gallery_urls":[],"fotka_1_url":null,"fotka_2_url":null,"fotka_3_url":null,"fotka_4_url":null,"fotka_5_url":null,"fotka_6_url":null,"fotka_7_url":null,"fotka_8_url":null},"ru":{"id":92283,"title":"\u041a\u043e\u043d\u0444\u0435\u0440\u0435\u043d\u0446-\u0437\u0430\u043b","url":"https:\/\/www.visitliptov.sk\/ru\/%d0%be-%d0%bb%d0%b8%d0%bf%d1%82%d0%be%d0%b2%d0%be\/%d0%ba%d0%be%d0%bd%d1%84%d0%b5%d1%80%d0%b5%d0%bd%d1%86-%d0%b7%d0%b0%d0%bb\/","api_url":"https:\/\/www.visitliptov.sk\/pl\/wp-json\/wp\/v2\/page\/92283","status":"publish","excerpt":"\u041b\u0438\u043f\u0442\u043e\u0432 &#8211; \u044d\u0442\u043e \u043d\u0435 \u0442\u043e\u043b\u044c\u043a\u043e \u043f\u0440\u0430\u0437\u0434\u043d\u0438\u043a \u0434\u043b\u044f \u043e\u0442\u0434\u0435\u043b\u044c\u043d\u044b\u0445 \u0433\u043e\u0441\u0442\u0435\u0439 \u0438\u043b\u0438 \u0441\u0435\u043c\u0435\u0439, \u043d\u043e \u0438 \u0438\u0434\u0435\u0430\u043b\u044c\u043d\u043e\u0435 \u043c\u0435\u0441\u0442\u043e \u0434\u043b\u044f \u043f\u0440\u043e\u0432\u0435\u0434\u0435\u043d\u0438\u044f \u043a\u043e\u0440\u043f\u043e\u0440\u0430\u0442\u0438\u0432\u043d\u044b\u0445 \u043c\u0435\u0440\u043e\u043f\u0440\u0438\u044f\u0442\u0438\u0439, \u0432\u0441\u0442\u0440\u0435\u0447, ...","content":"<!-- wp:media-text {\"mediaPosition\":\"right\",\"mediaId\":31522,\"mediaType\":\"image\",\"mediaWidth\":38} -->\n<div class=\"wp-block-media-text alignwide has-media-on-the-right\" style=\"grid-template-columns:auto 38%\"><figure class=\"wp-block-media-text__media\"><img src=\"http:\/\/www.visitliptov.sk\/wp-content\/uploads\/2019\/03\/konferencne_priestory.jpg\" alt=\"\" class=\"wp-image-31522\"\/><\/figure><div class=\"wp-block-media-text__content\"><!-- wp:paragraph {\"placeholder\":\"Obsah...\"} -->\n<p>\u041b\u0438\u043f\u0442\u043e\u0432 - \u044d\u0442\u043e \u043d\u0435 \u0442\u043e\u043b\u044c\u043a\u043e \u043f\u0440\u0430\u0437\u0434\u043d\u0438\u043a \u0434\u043b\u044f \u043e\u0442\u0434\u0435\u043b\u044c\u043d\u044b\u0445 \u0433\u043e\u0441\u0442\u0435\u0439 \u0438\u043b\u0438 \u0441\u0435\u043c\u0435\u0439, \u043d\u043e \u0438 \u0438\u0434\u0435\u0430\u043b\u044c\u043d\u043e\u0435 \u043c\u0435\u0441\u0442\u043e \u0434\u043b\u044f \u043f\u0440\u043e\u0432\u0435\u0434\u0435\u043d\u0438\u044f \u043a\u043e\u0440\u043f\u043e\u0440\u0430\u0442\u0438\u0432\u043d\u044b\u0445 \u043c\u0435\u0440\u043e\u043f\u0440\u0438\u044f\u0442\u0438\u0439, \u0432\u0441\u0442\u0440\u0435\u0447, \u0442\u043e\u0440\u0436\u0435\u0441\u0442\u0432 \u0438\u043b\u0438 \u043a\u043e\u043d\u0444\u0435\u0440\u0435\u043d\u0446\u0438\u0439 \u0432 \u0436\u0438\u0432\u043e\u043f\u0438\u0441\u043d\u044b\u0445 \u043e\u043a\u0440\u0435\u0441\u0442\u043d\u043e\u0441\u0442\u044f\u0445 \u0433\u043e\u0440. \u0412\u044b \u043c\u043e\u0436\u0435\u0442\u0435 \u0432\u044b\u0431\u0440\u0430\u0442\u044c \u0438\u0437 \u0448\u0438\u0440\u043e\u043a\u043e\u0433\u043e \u0441\u043f\u0435\u043a\u0442\u0440\u0430 \u043e\u0431\u044a\u0435\u043a\u0442\u043e\u0432 \u0440\u0430\u0437\u043c\u0435\u0449\u0435\u043d\u0438\u044f \u0432 \u0440\u0430\u0437\u043b\u0438\u0447\u043d\u044b\u0445 \u043c\u0435\u0441\u0442\u0430\u0445 \u0441 \u0448\u0438\u0440\u043e\u043a\u043e\u0439 \u0434\u043e\u043f\u043e\u043b\u043d\u0438\u0442\u0435\u043b\u044c\u043d\u043e\u0439 \u043f\u0440\u043e\u0433\u0440\u0430\u043c\u043c\u043e\u0439, \u043f\u0440\u0435\u0434\u043b\u0430\u0433\u0430\u0435\u043c\u043e\u0439 \u041b\u0438\u043f\u0442\u043e\u0432\u0441\u043a\u043e\u0439 \u043e\u0431\u043b\u0430\u0441\u0442\u044c\u044e.<\/p>\n<!-- \/wp:paragraph -->\n\n<!-- wp:paragraph -->\n<p>\u041b\u0438\u043f\u0442\u043e\u0432 - \u044d\u0442\u043e \u043d\u0435 \u0442\u043e\u043b\u044c\u043a\u043e \u043f\u0440\u0430\u0437\u0434\u043d\u0438\u043a \u0434\u043b\u044f \u043e\u0442\u0434\u0435\u043b\u044c\u043d\u044b\u0445 \u0433\u043e\u0441\u0442\u0435\u0439 \u0438\u043b\u0438 \u0441\u0435\u043c\u044c\u0438, \u043d\u043e \u0438 \u0438\u0434\u0435\u0430\u043b\u044c\u043d\u043e\u0435 \u043c\u0435\u0441\u0442\u043e \u0434\u043b\u044f \u043f\u0440\u043e\u0432\u0435\u0434\u0435\u043d\u0438\u044f \u043e\u0444\u0438\u0446\u0438\u0430\u043b\u044c\u043d\u044b\u0445 \u043c\u0435\u0440\u043e\u043f\u0440\u0438\u044f\u0442\u0438\u0439, \u0432\u0441\u0442\u0440\u043e\u0439\u0441\u0442\u0432\u043e. \u0412\u044b \u043c\u043e\u0436\u0435\u0442\u0435 \u0432\u044b\u0431\u0440\u0430\u0442\u044c \u0438\u0437 \u0448\u0438\u0440\u043e\u043a\u043e\u0433\u043e \u0441\u043f\u0435\u043a\u0442\u0440\u0430 \u043e\u0431\u044a\u0435\u043a\u0442\u043e\u0432.<\/p>\n<!-- \/wp:paragraph --><\/div><\/div>\n<!-- \/wp:media-text -->\n\n<!-- wp:shortcode -->\n[conference]\n<!-- \/wp:shortcode -->","featured_media":0,"featured_media_url":null,"images_gallery_urls":[],"fotka_1_url":null,"fotka_2_url":null,"fotka_3_url":null,"fotka_4_url":null,"fotka_5_url":null,"fotka_6_url":null,"fotka_7_url":null,"fotka_8_url":null},"en":{"id":92287,"title":"Conference facilities","url":"https:\/\/www.visitliptov.sk\/en\/about-liptov\/conference-facilities\/","api_url":"https:\/\/www.visitliptov.sk\/pl\/wp-json\/wp\/v2\/page\/92287","status":"publish","excerpt":"Liptov is not only a holiday for individual guests or families, but also an ideal destination for corporate events, meetings, ...","content":"<!-- wp:media-text {\"mediaPosition\":\"right\",\"mediaId\":31522,\"mediaType\":\"image\",\"mediaWidth\":38} -->\n<div class=\"wp-block-media-text alignwide has-media-on-the-right\" style=\"grid-template-columns:auto 38%\"><figure class=\"wp-block-media-text__media\"><img src=\"http:\/\/www.visitliptov.sk\/wp-content\/uploads\/2019\/03\/konferencne_priestory.jpg\" alt=\"\" class=\"wp-image-31522\"\/><\/figure><div class=\"wp-block-media-text__content\"><!-- wp:paragraph {\"placeholder\":\"Obsah...\"} -->\n<p>Liptov is not only a holiday for individual guests or families, but also an ideal destination for corporate events, meetings, celebrations or conferences in the beautiful mountains. You can choose from a number of accommodation facilities in various locations with a wide complementary program offered by the Liptov region.<\/p>\n<!-- \/wp:paragraph -->\n\n<!-- wp:paragraph -->\n<p>Conference facilities in Liptov provide individual accommodation facilities even for small groups of people, but you can also organize large seminars or congresses.<\/p>\n<!-- \/wp:paragraph --><\/div><\/div>\n<!-- \/wp:media-text -->\n\n<!-- wp:shortcode -->\n[conference]\n<!-- \/wp:shortcode -->","featured_media":0,"featured_media_url":null,"images_gallery_urls":[],"fotka_1_url":null,"fotka_2_url":null,"fotka_3_url":null,"fotka_4_url":null,"fotka_5_url":null,"fotka_6_url":null,"fotka_7_url":null,"fotka_8_url":null}},"_links":{"self":[{"href":"https:\/\/www.visitliptov.sk\/pl\/wp-json\/wp\/v2\/pages\/92282"}],"collection":[{"href":"https:\/\/www.visitliptov.sk\/pl\/wp-json\/wp\/v2\/pages"}],"about":[{"href":"https:\/\/www.visitliptov.sk\/pl\/wp-json\/wp\/v2\/types\/page"}],"author":[{"embeddable":true,"href":"https:\/\/www.visitliptov.sk\/pl\/wp-json\/wp\/v2\/users\/1"}],"replies":[{"embeddable":true,"href":"https:\/\/www.visitliptov.sk\/pl\/wp-json\/wp\/v2\/comments?post=92282"}],"version-history":[{"count":0,"href":"https:\/\/www.visitliptov.sk\/pl\/wp-json\/wp\/v2\/pages\/92282\/revisions"}],"wp:attachment":[{"href":"https:\/\/www.visitliptov.sk\/pl\/wp-json\/wp\/v2\/media?parent=92282"}],"curies":[{"name":"wp","href":"https:\/\/api.w.org\/{rel}","templated":true}]}}