{"id":91571,"date":"2019-03-04T19:53:46","date_gmt":"2019-03-04T18:53:46","guid":{"rendered":"https:\/\/www.visitliptov.sk\/spravy-z-liptova\/"},"modified":"2019-05-23T13:29:32","modified_gmt":"2019-05-23T11:29:32","slug":"wiadomosci-z-liptowa","status":"publish","type":"page","link":"https:\/\/www.visitliptov.sk\/pl\/wiadomosci-z-liptowa\/","title":{"rendered":"Wiadomo\u015bci z Liptowa"},"content":{"rendered":"\n    <div class=\"ns-blog\">\r\n        <div class=\"blog-cats\">\r\n            <span class=\"cat-all\" id=\"cat-all\"\r\n                  onclick=\"FWP.reset()\">Wszystko<\/span>\r\n\t\t\t<div class=\"facetwp-facet facetwp-facet-cat facetwp-type-radio\" data-name=\"cat\" data-type=\"radio\"><\/div>        <\/div>\r\n\r\n        <div class=\"blog-content\">\r\n\t\t\t<div class=\"facetwp-template\" data-name=\"blog\">  <a class=\"list-item\"   href=\"https:\/\/www.visitliptov.sk\/pl\/2026\/03\/12\/gdzie-z-wozkiem-na-liptowie\/\"  >\r\n        <div class=\"thumb\"\r\n      style=\"background-image:url('https:\/\/www.visitliptov.sk\/wp-content\/uploads\/2025\/04\/LIPTOV-S-DETMI_Liptov-prechadzky-s-kocikmi_Kamenista-dolina_leto-2023_Z.-Stromkova-7-400x600.jpg')\">\r\n\t\t\t        <span style='display:none' class=\"favorite-btn  js_favorite-inline-ajax\"\r\n              data-id=\"698886\"\r\n\t\t>&hearts;<\/span>\r\n\t      <div class=\"item-cat\">Blog<\/div>    <\/div>\r\n\r\n    <div class=\"item-meta\">\r\n    <div class=\"item-title\">\r\n\t\t  Gdzie z w\u00f3zkiem na Liptowie    <\/div>\r\n\r\n    <div class=\"item-date\">12. 3. 2026<\/div><div class=\"item-loc\">region Liptowa<\/div><div class=\"item-excerpt\">Lipt\u00f3w to region, kt\u00f3ry wi\u0119kszo\u015b\u0107 ludzi kojarzy z g\u00f3rami, turystyk\u0105 i aktywnym wypoczynkiem. Miejsce to ma...<br>     <img decoding=\"async\" src=\"https:\/\/www.visitliptov.sk\/wp-content\/uploads\/2025\/04\/readtime.svg\" alt=\"Reading time\" style=\"display: inline-block;margin-top: -2px;margin-right: 2px;width: 16px;height: 16px;\"> 8 min<\/div>     <\/div>\r\n   <\/a>\r\n  <a class=\"list-item\"   href=\"https:\/\/www.visitliptov.sk\/pl\/2026\/02\/13\/sposob-na-tanszy-urlop-lub-wycieczke-z-liptov-region-card-zaplacisz-mniej-w-strefach-wellness-na-stokach-narciarskich-i-za-inne-atrakcje\/\"  >\r\n        <div class=\"thumb\"\r\n      style=\"background-image:url('https:\/\/www.visitliptov.sk\/wp-content\/uploads\/2026\/01\/liptov-region-card-zena-s-kartou-zima_small-600x400.jpg')\">\r\n\t\t\t        <span style='display:none' class=\"favorite-btn  js_favorite-inline-ajax\"\r\n              data-id=\"701172\"\r\n\t\t>&hearts;<\/span>\r\n\t      <div class=\"item-cat\">Blog<\/div>    <\/div>\r\n\r\n    <div class=\"item-meta\">\r\n    <div class=\"item-title\">\r\n\t\t  Spos\u00f3b na ta\u0144szy urlop lub wycieczk\u0119 \u2013 z Liptov Region Card zap\u0142acisz mniej w strefach wellness, na stokach narciarskich i za inne atrakcje    <\/div>\r\n\r\n    <div class=\"item-date\">13. 2. 2026<\/div><div class=\"item-loc\">region Liptowa<\/div><div class=\"item-excerpt\">Kiedy jest idealny czas, by wybra\u0107 si\u0119 z rodzin\u0105 lub przyjaci\u00f3\u0142mi w g\u00f3ry? W\u0142a\u015bnie teraz\u2026 Szukasz miejsca ze...<br>     <img decoding=\"async\" src=\"https:\/\/www.visitliptov.sk\/wp-content\/uploads\/2025\/04\/readtime.svg\" alt=\"Reading time\" style=\"display: inline-block;margin-top: -2px;margin-right: 2px;width: 16px;height: 16px;\"> 5 min<\/div>     <\/div>\r\n   <\/a>\r\n  <a class=\"list-item\"   href=\"https:\/\/www.visitliptov.sk\/pl\/2026\/02\/05\/urlop-przedwiosenny-z-dziecmi-niezapomniane-chwile\/\"  >\r\n        <div class=\"thumb\"\r\n      style=\"background-image:url('https:\/\/www.visitliptov.sk\/wp-content\/uploads\/2025\/12\/LIPTOV-S-DETMI_sanky_rodina_krivan_sneh_2026_Kikkinder_zima_small01-17-600x400.jpg')\">\r\n\t\t\t        <span style='display:none' class=\"favorite-btn  js_favorite-inline-ajax\"\r\n              data-id=\"696663\"\r\n\t\t>&hearts;<\/span>\r\n\t      <div class=\"item-cat\">Blog<\/div>    <\/div>\r\n\r\n    <div class=\"item-meta\">\r\n    <div class=\"item-title\">\r\n\t\t  Urlop przedwiosenny z dzie\u0107mi: niezapomniane chwile    <\/div>\r\n\r\n    <div class=\"item-date\">5. 2. 2026<\/div><div class=\"item-loc\">region Liptowa<\/div><div class=\"item-excerpt\">Cho\u0107 okre\u015blenie \u201eurlop przedwiosenny\u201d kryje w sobie wiosn\u0119, pogoda w tym okresie bywa bli\u017csza zimie. To...<br>     <img decoding=\"async\" src=\"https:\/\/www.visitliptov.sk\/wp-content\/uploads\/2025\/04\/readtime.svg\" alt=\"Reading time\" style=\"display: inline-block;margin-top: -2px;margin-right: 2px;width: 16px;height: 16px;\"> 8 min<\/div>     <\/div>\r\n   <\/a>\r\n  <a class=\"list-item\"   href=\"https:\/\/www.visitliptov.sk\/pl\/2026\/01\/27\/niezapomniany-walentynkowy-weekend-na-liptowie\/\"  >\r\n        <div class=\"thumb\"\r\n      style=\"background-image:url('https:\/\/www.visitliptov.sk\/wp-content\/uploads\/2016\/01\/TATRALANDIA_keltsky-saunovy-svet_relax_wellness_2023-53small_-600x400.jpg')\">\r\n\t\t\t        <span style='display:none' class=\"favorite-btn  js_favorite-inline-ajax\"\r\n              data-id=\"696671\"\r\n\t\t>&hearts;<\/span>\r\n\t      <div class=\"item-cat\">Blog<\/div>    <\/div>\r\n\r\n    <div class=\"item-meta\">\r\n    <div class=\"item-title\">\r\n\t\t  Niezapomniany walentynkowy weekend na Liptowie    <\/div>\r\n\r\n    <div class=\"item-date\">27. 1. 2026<\/div><div class=\"item-loc\">region Liptowa<\/div><div class=\"item-excerpt\">Planujesz walentynkowy weekend na Liptowie i szukasz miejsca \u0142\u0105cz\u0105cego romantyzm, wypoczynek w strefie wellness i...<br>     <img decoding=\"async\" src=\"https:\/\/www.visitliptov.sk\/wp-content\/uploads\/2025\/04\/readtime.svg\" alt=\"Reading time\" style=\"display: inline-block;margin-top: -2px;margin-right: 2px;width: 16px;height: 16px;\"> 4 min<\/div>     <\/div>\r\n   <\/a>\r\n  <a class=\"list-item\"   href=\"https:\/\/www.visitliptov.sk\/pl\/2026\/01\/14\/weekend-z-dziecmi-na-liptowie\/\"  >\r\n        <div class=\"thumb\"\r\n      style=\"background-image:url('https:\/\/www.visitliptov.sk\/wp-content\/uploads\/2023\/12\/deti-zima-liptov-3-600x399.jpg')\">\r\n\t\t\t        <span style='display:none' class=\"favorite-btn  js_favorite-inline-ajax\"\r\n              data-id=\"696667\"\r\n\t\t>&hearts;<\/span>\r\n\t      <div class=\"item-cat\">Blog<\/div>    <\/div>\r\n\r\n    <div class=\"item-meta\">\r\n    <div class=\"item-title\">\r\n\t\t  Weekend z dzie\u0107mi na Liptowie    <\/div>\r\n\r\n    <div class=\"item-date\">14. 1. 2026<\/div><div class=\"item-loc\">region Liptowa<\/div><div class=\"item-excerpt\">Zima jest magiczna. Bia\u0142e wzg\u00f3rza i zamarzni\u0119ta tafla Liptovskiej Mary. Sp\u0119d\u017a z dzie\u0107mi weekend na Liptowie....<br>     <img decoding=\"async\" src=\"https:\/\/www.visitliptov.sk\/wp-content\/uploads\/2025\/04\/readtime.svg\" alt=\"Reading time\" style=\"display: inline-block;margin-top: -2px;margin-right: 2px;width: 16px;height: 16px;\"> 6 min<\/div>     <\/div>\r\n   <\/a>\r\n  <a class=\"list-item\"   href=\"https:\/\/www.visitliptov.sk\/pl\/2025\/12\/25\/nowe-polaczenie-lotnicze-gdansk-poprad-tatry\/\"  >\r\n        <div class=\"thumb\"\r\n      style=\"background-image:url('https:\/\/www.visitliptov.sk\/wp-content\/uploads\/2025\/10\/linka-Gdansk_letisko-Poprad-1-600x338.jpg')\">\r\n\t\t\t        <span style='display:none' class=\"favorite-btn  js_favorite-inline-ajax\"\r\n              data-id=\"691916\"\r\n\t\t>&hearts;<\/span>\r\n\t      <div class=\"item-cat\">Informacje prasowe<\/div>    <\/div>\r\n\r\n    <div class=\"item-meta\">\r\n    <div class=\"item-title\">\r\n\t\t  Nowe po\u0142\u0105czenie lotnicze  Gdansk \u2013 Poprad-Tatry    <\/div>\r\n\r\n    <div class=\"item-date\">25. 12. 2025<\/div><div class=\"item-loc\">region Liptowa<\/div><div class=\"item-excerpt\">Lotnisko Poprad-Tatry oraz linia lotnicza Wizz Air uruchomi\u0142y dzi\u015b bezpo\u015brednie, regularne po\u0142\u0105czenie lotnicze...<br>     <img decoding=\"async\" src=\"https:\/\/www.visitliptov.sk\/wp-content\/uploads\/2025\/04\/readtime.svg\" alt=\"Reading time\" style=\"display: inline-block;margin-top: -2px;margin-right: 2px;width: 16px;height: 16px;\"> 5 min<\/div>     <\/div>\r\n   <\/a>\r\n  <a class=\"list-item\"   href=\"https:\/\/www.visitliptov.sk\/pl\/2025\/10\/20\/wsparcie-odpornosci-w-uzdrowisku\/\"  >\r\n        <div class=\"thumb\"\r\n      style=\"background-image:url('https:\/\/www.visitliptov.sk\/wp-content\/uploads\/2022\/05\/KUPELE-LUCKY_aqua-vital-park_relax_wellness_jesen-2023-43small_-600x400.jpg')\">\r\n\t\t\t        <span style='display:none' class=\"favorite-btn  js_favorite-inline-ajax\"\r\n              data-id=\"687016\"\r\n\t\t>&hearts;<\/span>\r\n\t      <div class=\"item-cat\">Blog<\/div>    <\/div>\r\n\r\n    <div class=\"item-meta\">\r\n    <div class=\"item-title\">\r\n\t\t  Wsparcie odporno\u015bci w uzdrowisku    <\/div>\r\n\r\n    <div class=\"item-date\">20. 10. 2025<\/div><div class=\"item-loc\">region Liptowa<\/div><div class=\"item-excerpt\">Jak wzmocni\u0107 odporno\u015b\u0107 i dlaczego pobyt w uzdrowisku L\u00fa\u010dky na Liptowie mo\u017ce w tym pom\u00f3c&#8230; Zimniejsze dni...<br>     <img decoding=\"async\" src=\"https:\/\/www.visitliptov.sk\/wp-content\/uploads\/2025\/04\/readtime.svg\" alt=\"Reading time\" style=\"display: inline-block;margin-top: -2px;margin-right: 2px;width: 16px;height: 16px;\"> 4 min<\/div>     <\/div>\r\n   <\/a>\r\n  <a class=\"list-item\"   href=\"https:\/\/www.visitliptov.sk\/pl\/2025\/10\/02\/pobyty-wellness-w-korzystnej-cenie\/\"  >\r\n        <div class=\"thumb\"\r\n      style=\"background-image:url('https:\/\/www.visitliptov.sk\/wp-content\/uploads\/2025\/10\/LIPTOV-region-card-wellness-1-600x338.jpg')\">\r\n\t\t\t        <span style='display:none' class=\"favorite-btn  js_favorite-inline-ajax\"\r\n              data-id=\"687021\"\r\n\t\t>&hearts;<\/span>\r\n\t      <div class=\"item-cat\">Blog<\/div>    <\/div>\r\n\r\n    <div class=\"item-meta\">\r\n    <div class=\"item-title\">\r\n\t\t  Pobyty wellness w korzystnej cenie    <\/div>\r\n\r\n    <div class=\"item-date\">2. 10. 2025<\/div><div class=\"item-loc\">region Liptowa<\/div><div class=\"item-excerpt\">Lipt\u00f3w to kraina \u017ar\u00f3de\u0142 termalnych, dzi\u0119ki kt\u00f3rym zim\u0105 i latem zmienia si\u0119 w oaz\u0119 wypoczynku. Je\u015bli planujesz...<br>     <img decoding=\"async\" src=\"https:\/\/www.visitliptov.sk\/wp-content\/uploads\/2025\/04\/readtime.svg\" alt=\"Reading time\" style=\"display: inline-block;margin-top: -2px;margin-right: 2px;width: 16px;height: 16px;\"> 4 min<\/div>     <\/div>\r\n   <\/a>\r\n  <a class=\"list-item\"   href=\"https:\/\/www.visitliptov.sk\/pl\/2025\/09\/22\/liptow-gdzie-puszczac-latawce\/\"  >\r\n        <div class=\"thumb\"\r\n      style=\"background-image:url('https:\/\/www.visitliptov.sk\/wp-content\/uploads\/2023\/10\/sarkaniada-liptovsky-mikulas-600x400.jpg')\">\r\n\t\t\t        <span style='display:none' class=\"favorite-btn  js_favorite-inline-ajax\"\r\n              data-id=\"687023\"\r\n\t\t>&hearts;<\/span>\r\n\t      <div class=\"item-cat\">Blog<\/div>    <\/div>\r\n\r\n    <div class=\"item-meta\">\r\n    <div class=\"item-title\">\r\n\t\t  Lipt\u00f3w \u2013 gdzie puszcza\u0107 latawce    <\/div>\r\n\r\n    <div class=\"item-date\">22. 9. 2025<\/div><div class=\"item-loc\">region Liptowa<\/div><div class=\"item-excerpt\">Jesie\u0144 na Liptowie to nie tylko piesze wycieczki, kolorowe drzewa i ch\u0142odniejsze dni. To r\u00f3wnie\u017c idealny czas na...<br>     <img decoding=\"async\" src=\"https:\/\/www.visitliptov.sk\/wp-content\/uploads\/2025\/04\/readtime.svg\" alt=\"Reading time\" style=\"display: inline-block;margin-top: -2px;margin-right: 2px;width: 16px;height: 16px;\"> 4 min<\/div>     <\/div>\r\n   <\/a>\r\n  <a class=\"list-item\"   href=\"https:\/\/www.visitliptov.sk\/pl\/2025\/09\/16\/jesienne-szlaki-turystyczne-na-liptowie-ktore-warto-przejsc\/\"  >\r\n        <div class=\"thumb\"\r\n      style=\"background-image:url('https:\/\/www.visitliptov.sk\/wp-content\/uploads\/2018\/03\/PRIRODA_TURISTIKA_Zapadne-Tatry_Klin_jesen_Jessika-Zakova_2024-12_small-600x375.jpg')\">\r\n\t\t\t        <span style='display:none' class=\"favorite-btn  js_favorite-inline-ajax\"\r\n              data-id=\"687029\"\r\n\t\t>&hearts;<\/span>\r\n\t      <div class=\"item-cat\">Blog<\/div>    <\/div>\r\n\r\n    <div class=\"item-meta\">\r\n    <div class=\"item-title\">\r\n\t\t  Jesienne szlaki turystyczne na Liptowie, kt\u00f3re warto przej\u015b\u0107    <\/div>\r\n\r\n    <div class=\"item-date\">16. 9. 2025<\/div><div class=\"item-loc\">Jasn\u00e1<\/div><div class=\"item-excerpt\">Jesie\u0144 na Liptowie ma wyj\u0105tkowy urok \u2013 g\u00f3ry skrz\u0105 si\u0119 z\u0142otymi i ognistymi barwami, powietrze jest rze\u015bkie, a...<br>     <img decoding=\"async\" src=\"https:\/\/www.visitliptov.sk\/wp-content\/uploads\/2025\/04\/readtime.svg\" alt=\"Reading time\" style=\"display: inline-block;margin-top: -2px;margin-right: 2px;width: 16px;height: 16px;\"> 8 min<\/div>     <\/div>\r\n   <\/a>\r\n  <a class=\"list-item\"   href=\"https:\/\/www.visitliptov.sk\/pl\/2025\/08\/25\/odkryj-doline-demianowska-miejsce-w-ktorym-na-rodziny-z-dziecmi-czeka-mnozstwo-atrakcji\/\"  >\r\n        <div class=\"thumb\"\r\n      style=\"background-image:url('https:\/\/www.visitliptov.sk\/wp-content\/uploads\/2025\/08\/Pribeh-vody-resampled-demanovska-dolina-600x450.jpg')\">\r\n\t\t\t        <span style='display:none' class=\"favorite-btn  js_favorite-inline-ajax\"\r\n              data-id=\"673666\"\r\n\t\t>&hearts;<\/span>\r\n\t      <div class=\"item-cat\">Blog<\/div>    <\/div>\r\n\r\n    <div class=\"item-meta\">\r\n    <div class=\"item-title\">\r\n\t\t  Odkryj Dolin\u0119 Demianowsk\u0105 \u2013 miejsce, w kt\u00f3rym na rodziny z dzie\u0107mi czeka mn\u00f3stwo atrakcji    <\/div>\r\n\r\n    <div class=\"item-date\">25. 8. 2025<\/div><div class=\"item-loc\">Jasn\u00e1<\/div><div class=\"item-excerpt\">Dolina Demianowska to nie tylko raj dla narciarzy. Latem, podczas wakacji, w miejscu tym ka\u017cdy znajdzie co\u015b dla...<br>     <img decoding=\"async\" src=\"https:\/\/www.visitliptov.sk\/wp-content\/uploads\/2025\/04\/readtime.svg\" alt=\"Reading time\" style=\"display: inline-block;margin-top: -2px;margin-right: 2px;width: 16px;height: 16px;\"> 5 min<\/div>     <\/div>\r\n   <\/a>\r\n  <a class=\"list-item\"   href=\"https:\/\/www.visitliptov.sk\/pl\/2025\/08\/14\/odkrywanie-liptowa-z-paszportem-turystycznym-3-dni-pelne-wrazen\/\"  >\r\n        <div class=\"thumb\"\r\n      style=\"background-image:url('https:\/\/www.visitliptov.sk\/wp-content\/uploads\/2025\/08\/ruzombersky-pas-2025-2-600x338.jpg')\">\r\n\t\t\t        <span style='display:none' class=\"favorite-btn  js_favorite-inline-ajax\"\r\n              data-id=\"687385\"\r\n\t\t>&hearts;<\/span>\r\n\t      <div class=\"item-cat\">Blog<\/div>    <\/div>\r\n\r\n    <div class=\"item-meta\">\r\n    <div class=\"item-title\">\r\n\t\t  Odkrywanie Liptowa z Paszportem Turystycznym: 3 dni pe\u0142ne wra\u017ce\u0144    <\/div>\r\n\r\n    <div class=\"item-date\">14. 8. 2025<\/div><div class=\"item-loc\">Ru\u017eomberok<\/div><div class=\"item-excerpt\">Lipt\u00f3w to region, kt\u00f3ry kryje w sobie magi\u0119 \u2013 ma wysokie g\u00f3ry, czyste rzeki, tradycyjne osady i miejsca, w...<br>     <img decoding=\"async\" src=\"https:\/\/www.visitliptov.sk\/wp-content\/uploads\/2025\/04\/readtime.svg\" alt=\"Reading time\" style=\"display: inline-block;margin-top: -2px;margin-right: 2px;width: 16px;height: 16px;\"> 4 min<\/div>     <\/div>\r\n   <\/a>\r\n  <a class=\"list-item\"   href=\"https:\/\/www.visitliptov.sk\/pl\/2025\/07\/17\/6-pomyslow-na-spedzanie-czasu-wolnego-w-liptowskim-mikulaszu\/\"  >\r\n        <div class=\"thumb\"\r\n      style=\"background-image:url('https:\/\/www.visitliptov.sk\/wp-content\/uploads\/2024\/03\/LIPT-MIKULAS_centrum_leto_s-detmi_kocr_2023_Kohler-47-600x400.jpg')\">\r\n\t\t\t        <span style='display:none' class=\"favorite-btn  js_favorite-inline-ajax\"\r\n              data-id=\"665413\"\r\n\t\t>&hearts;<\/span>\r\n\t      <div class=\"item-cat\">Blog<\/div>    <\/div>\r\n\r\n    <div class=\"item-meta\">\r\n    <div class=\"item-title\">\r\n\t\t  6 pomys\u0142\u00f3w na sp\u0119dzanie czasu wolnego w Liptowskim Miku\u0142aszu    <\/div>\r\n\r\n    <div class=\"item-date\">17. 7. 2025<\/div><div class=\"item-loc\">Liptovsk\u00fd Mikul\u00e1\u0161<\/div><div class=\"item-excerpt\">Rozrywka, sport, adrenalina, ale te\u017c odpoczynek Wszystko to znajdziesz w mie\u015bcie Liptowski Miku\u0142asz, kt\u00f3re idealnie...<br>     <img decoding=\"async\" src=\"https:\/\/www.visitliptov.sk\/wp-content\/uploads\/2025\/04\/readtime.svg\" alt=\"Reading time\" style=\"display: inline-block;margin-top: -2px;margin-right: 2px;width: 16px;height: 16px;\"> 6 min<\/div>     <\/div>\r\n   <\/a>\r\n  <a class=\"list-item\"   href=\"https:\/\/www.visitliptov.sk\/pl\/2025\/07\/16\/gry-i-zabawy-na-lonie-przyrody\/\"  >\r\n        <div class=\"thumb\"\r\n      style=\"background-image:url('https:\/\/www.visitliptov.sk\/wp-content\/uploads\/2025\/06\/hybajko-foto-magurka-600x400.webp')\">\r\n\t\t\t        <span style='display:none' class=\"favorite-btn  js_favorite-inline-ajax\"\r\n              data-id=\"661868\"\r\n\t\t>&hearts;<\/span>\r\n\t      <div class=\"item-cat\">Blog<\/div>    <\/div>\r\n\r\n    <div class=\"item-meta\">\r\n    <div class=\"item-title\">\r\n\t\t  Gry i zabawy na \u0142onie przyrody    <\/div>\r\n\r\n    <div class=\"item-date\">16. 7. 2025<\/div><div class=\"item-loc\">region Liptowa<\/div><div class=\"item-excerpt\">\u010co tak vyda\u0165 sa na fascinuj\u00facu cestu hist\u00f3riou a kult\u00farou Liptova? S Liptov Region Card m\u00f4\u017eete vyu\u017ei\u0165 v\u00fdhody...<br>     <img decoding=\"async\" src=\"https:\/\/www.visitliptov.sk\/wp-content\/uploads\/2025\/04\/readtime.svg\" alt=\"Reading time\" style=\"display: inline-block;margin-top: -2px;margin-right: 2px;width: 16px;height: 16px;\"> 5 min<\/div>     <\/div>\r\n   <\/a>\r\n  <a class=\"list-item\"   href=\"https:\/\/www.visitliptov.sk\/pl\/2025\/07\/03\/gdzie-wybrac-sie-z-dziecmi-w-dolinie-hrabowskiej\/\"  >\r\n        <div class=\"thumb\"\r\n      style=\"background-image:url('https:\/\/www.visitliptov.sk\/wp-content\/uploads\/2017\/05\/Hrabovo_leto_shutterstock_2540251645_resize-600x400.jpg')\">\r\n\t\t\t        <span style='display:none' class=\"favorite-btn  js_favorite-inline-ajax\"\r\n              data-id=\"657666\"\r\n\t\t>&hearts;<\/span>\r\n\t      <div class=\"item-cat\">Blog<\/div>    <\/div>\r\n\r\n    <div class=\"item-meta\">\r\n    <div class=\"item-title\">\r\n\t\t  Gdzie wybra\u0107 si\u0119 z dzie\u0107mi w Dolinie Hrabowskiej    <\/div>\r\n\r\n    <div class=\"item-date\">3. 7. 2025<\/div><div class=\"item-loc\">Ru\u017eomberok<\/div><div class=\"item-excerpt\">\u010co tak vyda\u0165 sa na fascinuj\u00facu cestu hist\u00f3riou a kult\u00farou Liptova? S Liptov Region Card m\u00f4\u017eete vyu\u017ei\u0165 v\u00fdhody...<br>     <img decoding=\"async\" src=\"https:\/\/www.visitliptov.sk\/wp-content\/uploads\/2025\/04\/readtime.svg\" alt=\"Reading time\" style=\"display: inline-block;margin-top: -2px;margin-right: 2px;width: 16px;height: 16px;\"> 5 min<\/div>     <\/div>\r\n   <\/a>\r\n<\/div>\t\t\t<div class=\"facetwp-pager\"><\/div>        <\/div>\r\n\r\n        <div class=\"blog-contact\">\r\n            <strong>Kontakt<\/strong>\r\n\t\t\t<p>OOCR Region Liptov<\/p>\n<ul>\n<li>\u0160t\u00farova 1989 \/ 41 031 01<br \/>\nLiptovsk\u00fd Mikul\u00e1\u0161<\/li>\n<li>+421 918 580 205<\/li>\n<li>Email: <a href=\"mailto:sarafinova@visitliptov.sk\">sarafinova@visitliptov.sk<\/a><\/li>\n<\/ul>\n        <\/div>\r\n\r\n        <div class=\"blog-most-read\">\r\n        <div>\r\n    <h2>TOP<\/h2>\r\n    <p>No posts found.<\/p><\/div>\r\n        <\/div>\r\n    <\/div>\r\n\t\n","protected":false},"excerpt":{"rendered":"","protected":false},"author":1,"featured_media":0,"parent":0,"menu_order":0,"comment_status":"closed","ping_status":"closed","template":"","meta":{"_acf_changed":false,"inline_featured_image":false,"episode_type":"","audio_file":"","cover_image":"","cover_image_id":"","duration":"","filesize":"","date_recorded":"","explicit":"","block":"","filesize_raw":"","_jf_limit_responses":"","footnotes":""},"class_list":["post-91571","page","type-page","status-publish","hentry"],"acf":{"vyhradny_obrazok":false,"second_feature_image":"","search_top_keywords":""},"wpml_translations_detailed":{"sk":{"id":5860,"title":"Spr\u00e1vy z Liptova","url":"https:\/\/www.visitliptov.sk\/o-liptove\/spravy-z-liptova\/","api_url":"https:\/\/www.visitliptov.sk\/pl\/wp-json\/wp\/v2\/page\/5860","status":"publish","excerpt":"","content":"<!-- wp:paragraph -->\n<p>[blog ids=\"694692,692434,,672731,690084,\"]<\/p>\n<!-- \/wp:paragraph -->\n\n<!-- wp:paragraph -->\n<p><\/p>\n<!-- \/wp:paragraph -->","featured_media":0,"featured_media_url":null,"images_gallery_urls":[],"fotka_1_url":null,"fotka_2_url":null,"fotka_3_url":null,"fotka_4_url":null,"fotka_5_url":null,"fotka_6_url":null,"fotka_7_url":null,"fotka_8_url":null},"en":{"id":29052,"title":"News from Liptov","url":"https:\/\/www.visitliptov.sk\/en\/about-liptov\/news-from-liptov\/","api_url":"https:\/\/www.visitliptov.sk\/pl\/wp-json\/wp\/v2\/page\/29052","status":"publish","excerpt":"","content":"<!-- wp:paragraph -->\n<p>[blog]<\/p>\n<!-- \/wp:paragraph -->","featured_media":0,"featured_media_url":null,"images_gallery_urls":[],"fotka_1_url":null,"fotka_2_url":null,"fotka_3_url":null,"fotka_4_url":null,"fotka_5_url":null,"fotka_6_url":null,"fotka_7_url":null,"fotka_8_url":null},"pl":{"id":91571,"title":"Wiadomo\u015bci z Liptowa","url":"https:\/\/www.visitliptov.sk\/pl\/wiadomosci-z-liptowa\/","api_url":"https:\/\/www.visitliptov.sk\/pl\/wp-json\/wp\/v2\/page\/91571","status":"publish","excerpt":"","content":"<!-- wp:paragraph -->\n<p>[blog]<\/p>\n<!-- \/wp:paragraph -->","featured_media":0,"featured_media_url":null,"images_gallery_urls":[],"fotka_1_url":null,"fotka_2_url":null,"fotka_3_url":null,"fotka_4_url":null,"fotka_5_url":null,"fotka_6_url":null,"fotka_7_url":null,"fotka_8_url":null},"ru":{"id":101840,"title":"\u041d\u043e\u0432\u043e\u0441\u0442\u0438 \u043e\u0442 \u041b\u0438\u043f\u0442\u043e\u0432\u0430","url":"https:\/\/www.visitliptov.sk\/ru\/%d0%be-%d0%bb%d0%b8%d0%bf%d1%82%d0%be%d0%b2%d0%be\/%d0%bd%d0%be%d0%b2%d0%be%d1%81%d1%82%d0%b8-%d0%be%d1%82-%d0%bb%d0%b8%d0%bf%d1%82%d0%be%d0%b2%d0%b0\/","api_url":"https:\/\/www.visitliptov.sk\/pl\/wp-json\/wp\/v2\/page\/101840","status":"publish","excerpt":"","content":"<!-- wp:paragraph -->\n<p>[blog]<\/p>\n<!-- \/wp:paragraph -->","featured_media":0,"featured_media_url":null,"images_gallery_urls":[],"fotka_1_url":null,"fotka_2_url":null,"fotka_3_url":null,"fotka_4_url":null,"fotka_5_url":null,"fotka_6_url":null,"fotka_7_url":null,"fotka_8_url":null}},"_links":{"self":[{"href":"https:\/\/www.visitliptov.sk\/pl\/wp-json\/wp\/v2\/pages\/91571"}],"collection":[{"href":"https:\/\/www.visitliptov.sk\/pl\/wp-json\/wp\/v2\/pages"}],"about":[{"href":"https:\/\/www.visitliptov.sk\/pl\/wp-json\/wp\/v2\/types\/page"}],"author":[{"embeddable":true,"href":"https:\/\/www.visitliptov.sk\/pl\/wp-json\/wp\/v2\/users\/1"}],"replies":[{"embeddable":true,"href":"https:\/\/www.visitliptov.sk\/pl\/wp-json\/wp\/v2\/comments?post=91571"}],"version-history":[{"count":0,"href":"https:\/\/www.visitliptov.sk\/pl\/wp-json\/wp\/v2\/pages\/91571\/revisions"}],"wp:attachment":[{"href":"https:\/\/www.visitliptov.sk\/pl\/wp-json\/wp\/v2\/media?parent=91571"}],"curies":[{"name":"wp","href":"https:\/\/api.w.org\/{rel}","templated":true}]}}