{"id":85257,"date":"2019-03-01T00:00:00","date_gmt":"2019-02-28T23:00:00","guid":{"rendered":"https:\/\/www.visitliptov.sk\/your-card\/contacts\/"},"modified":"2019-03-01T00:00:00","modified_gmt":"2019-02-28T23:00:00","slug":"contacts","status":"publish","type":"page","link":"https:\/\/www.visitliptov.sk\/pl\/twoja-karta\/contacts\/","title":{"rendered":"Contacts"},"content":{"rendered":"<p>dfgdfgv<\/p>\n","protected":false},"excerpt":{"rendered":"<p>dfgdfgv<\/p>\n","protected":false},"author":1,"featured_media":0,"parent":85113,"menu_order":0,"comment_status":"open","ping_status":"open","template":"","meta":{"_acf_changed":false,"inline_featured_image":false,"episode_type":"","audio_file":"","cover_image":"","cover_image_id":"","duration":"","filesize":"","date_recorded":"","explicit":"","block":"","filesize_raw":"","_jf_limit_responses":"","footnotes":""},"class_list":["post-85257","page","type-page","status-publish","hentry"],"acf":{"vyhradny_obrazok":false,"second_feature_image":null,"search_top_keywords":""},"wpml_translations_detailed":{"en":{"id":84861,"title":"Contacts","url":"https:\/\/www.visitliptov.sk\/en\/your-card\/contacts\/","api_url":"https:\/\/www.visitliptov.sk\/pl\/wp-json\/wp\/v2\/page\/84861","status":"publish","excerpt":"","content":"[fusion_builder_container hundred_percent=\"yes\" overflow=\"visible\"][fusion_builder_row][fusion_builder_column type=\"1_2\" layout=\"1_2\" last=\"no\" spacing=\"yes\" center_content=\"yes\" hide_on_mobile=\"no\" background_color=\"\" background_image=\"\" background_repeat=\"no-repeat\" background_position=\"left top\" border_position=\"all\" border_size=\"0px\" border_color=\"\" border_style=\"solid\" padding=\"\" margin_top=\"\" margin_bottom=\"\" animation_type=\"0\" animation_direction=\"down\" animation_speed=\"0.1\" class=\"\" id=\"\" min_height=\"\" hover_type=\"none\" link=\"\"][fusion_text]\n<h2 style=\"text-align: center\">REGION LIPTOV - Regional organization of tourism<\/h2>\n<h2 style=\"text-align: center\">&amp;<\/h2>\n<h2 style=\"text-align: center\">KLASTER LIPTOV - Tourism Association<\/h2>\n<p style=\"text-align: left\">\u0160t\u00farova 1989\/41\n031 42 Liptovsk\u00fd Mikul\u00e1\u0161 , Slovakia<\/p>\n<p style=\"text-align: left\">tel.: +421 44 55 65 401, +421 915 888 014\ne-mail: info@visitliptov.sk<\/p>\n\n\n<hr \/>\n\n<h2 style=\"text-align: left\">CENTRAL ACCOMMODATION RESERVATION SYSTEM<\/h2>\n<p style=\"text-align: left\">tel.: +421 44 55 65 402, +421 917 432 212\ne-mail:cizova@visitliptov.sk<\/p>\n\n\n<hr \/>\n\n<h2 style=\"text-align: left\">LIPTOV REGION CARD \u2013 regional discount card<a href=\"\/?page_id=11873\" target=\"_blank\" rel=\"noopener\"><img class=\"wp-image-12010 alignright\" src=\"https:\/\/www.visitliptov.sk\/wp-content\/uploads\/2019\/04\/karta_doplnene_rohy_4.jpg\" alt=\"liptov region card\" width=\"110\" height=\"70\" \/><\/a><\/h2>\ntel.: +421 915 888 014\ne-mail: info@visitliptov.sk\n<h2 style=\"text-align: left\"><\/h2>\n\n<hr \/>\n\n<h2 style=\"text-align: left\">ECONOMICS AND ACCOUNTING<\/h2>\n<p style=\"text-align: left\"><strong>Sl\u00e1vka Bu\u0161ov\u00e1<\/strong><\/p>\n<p style=\"text-align: left\">tel.: \u00a0+421 918 \u00a0436 158\ne-mail: busova@visitliptov.sk<\/p>\n\n\n<hr \/>\n\n<h2>GDPR Contact person<\/h2>\nStanislava Rysulov\u00e1\n\ntel: +421 948 099 212\ne-mail: dpo4@proenergy.sk[\/fusion_text][\/fusion_builder_column][fusion_builder_column type=\"1_2\" layout=\"1_2\" last=\"yes\" spacing=\"yes\" center_content=\"no\" hide_on_mobile=\"no\" background_color=\"\" background_image=\"\" background_repeat=\"no-repeat\" background_position=\"left top\" border_position=\"all\" border_size=\"0px\" border_color=\"\" border_style=\"\" padding=\"\" margin_top=\"\" margin_bottom=\"\" animation_type=\"\" animation_direction=\"\" animation_speed=\"0.1\" class=\"\" id=\"\" min_height=\"\" hover_type=\"none\" link=\"\"][fusion_text]\n\n<hr \/>\n\n<h2 style=\"text-align: left\">Opening hours<\/h2>\n<table width=\"427\">\n<tbody>\n<tr>\n<td width=\"180\">Monday - Thursday:<\/td>\n<td width=\"119\">09:00 \u2013 11:30<\/td>\n<td colspan=\"2\" width=\"128\">12:30 \u2013 16:00<\/td>\n<\/tr>\n<tr>\n<td width=\"180\">Friday:<\/td>\n<td>09:00 \u2013 11:30<\/td>\n<td colspan=\"2\">12:30 \u2013 15:00<\/td>\n<\/tr>\n<\/tbody>\n<\/table>\n\n<hr \/>\n<p style=\"text-align: left\"><\/p>\n\n<h2><strong>Billing information:<\/strong><\/h2>\n<p style=\"text-align: left\"><strong>REGION LIPTOV - Regional tourist organization<\/strong><\/p>\n<p style=\"text-align: left\">\u0160t\u00farova 1989\/41\n031 42 Liptovsk\u00fd Mikul\u00e1\u0161, Slovensko<\/p>\nI\u010cO: 42219906\nDI\u010c: 2023486069\nI\u010c DPH: SK2023486069\n\nThe project is implemented with the financial support of the Ministry of Transport and Construction of the Slovak Republic.\n\n<hr \/>\n<p style=\"text-align: left\"><strong>KLASTER LIPTOV - Tourism Association<\/strong><\/p>\n\u0160t\u00farova 1989\/41\n031 42 Liptovsk\u00fd Mikul\u00e1\u0161, Slovensko\n\nI\u010cO: 42168724\nDI\u010c: 2022663060\nI\u010c DPH: SK2022663060\n\n[\/fusion_text][\/fusion_builder_column][\/fusion_builder_row][\/fusion_builder_container]","featured_media":84389,"featured_media_url":"https:\/\/www.visitliptov.sk\/wp-content\/uploads\/2019\/04\/karta_doplnene_rohy_4.jpg","images_gallery_urls":[],"fotka_1_url":null,"fotka_2_url":null,"fotka_3_url":null,"fotka_4_url":null,"fotka_5_url":null,"fotka_6_url":null,"fotka_7_url":null,"fotka_8_url":null},"pl":{"id":85257,"title":"Contacts","url":"https:\/\/www.visitliptov.sk\/pl\/twoja-karta\/contacts\/","api_url":"https:\/\/www.visitliptov.sk\/pl\/wp-json\/wp\/v2\/page\/85257","status":"publish","excerpt":"dfgdfgv","content":"dfgdfgv","featured_media":0,"featured_media_url":null,"images_gallery_urls":[],"fotka_1_url":null,"fotka_2_url":null,"fotka_3_url":null,"fotka_4_url":null,"fotka_5_url":null,"fotka_6_url":null,"fotka_7_url":null,"fotka_8_url":null}},"_links":{"self":[{"href":"https:\/\/www.visitliptov.sk\/pl\/wp-json\/wp\/v2\/pages\/85257"}],"collection":[{"href":"https:\/\/www.visitliptov.sk\/pl\/wp-json\/wp\/v2\/pages"}],"about":[{"href":"https:\/\/www.visitliptov.sk\/pl\/wp-json\/wp\/v2\/types\/page"}],"author":[{"embeddable":true,"href":"https:\/\/www.visitliptov.sk\/pl\/wp-json\/wp\/v2\/users\/1"}],"replies":[{"embeddable":true,"href":"https:\/\/www.visitliptov.sk\/pl\/wp-json\/wp\/v2\/comments?post=85257"}],"version-history":[{"count":0,"href":"https:\/\/www.visitliptov.sk\/pl\/wp-json\/wp\/v2\/pages\/85257\/revisions"}],"up":[{"embeddable":true,"href":"https:\/\/www.visitliptov.sk\/pl\/wp-json\/wp\/v2\/pages\/85113"}],"wp:attachment":[{"href":"https:\/\/www.visitliptov.sk\/pl\/wp-json\/wp\/v2\/media?parent=85257"}],"curies":[{"name":"wp","href":"https:\/\/api.w.org\/{rel}","templated":true}]}}