{"id":85249,"date":"2018-08-08T00:00:00","date_gmt":"2018-08-07T22:00:00","guid":{"rendered":"https:\/\/www.visitliptov.sk\/turystyka-w-liptowie\/viewing-tower\/"},"modified":"2018-08-08T00:00:00","modified_gmt":"2018-08-07T22:00:00","slug":"viewing-tower","status":"publish","type":"page","link":"https:\/\/www.visitliptov.sk\/pl\/viewing-tower\/","title":{"rendered":"Wie\u017ce i perspektywy Liptove"},"content":{"rendered":"\n<h1 class=\"\">Wie\u017ce i perspektywy Liptove<\/h1>\n<p>W3RyYXN5IGthdGVnb3JpYT0mcXVvdDtyb3pobGFkbmUtYS12eWhsaWFka3ktcGwmcXVvdDtd<\/p>\n<p>Na tej stronie znajdziesz wszystkie punkty widokowe i widoki na Liptov. Znajduj\u0105 si\u0119 one w miejscach, z kt\u00f3rych mo\u017cna zobaczy\u0107 najlepsze z Liptowa. Podejd\u017a do jednego z nich i zobacz Liptov jak nigdy dot\u0105d.<\/p>\n<p><\/p>\n\n\n\n","protected":false},"excerpt":{"rendered":"","protected":false},"author":1,"featured_media":0,"parent":0,"menu_order":0,"comment_status":"open","ping_status":"open","template":"","meta":{"_acf_changed":false,"inline_featured_image":false,"episode_type":"","audio_file":"","cover_image":"","cover_image_id":"","duration":"","filesize":"","date_recorded":"","explicit":"","block":"","filesize_raw":"","_jf_limit_responses":"","footnotes":""},"class_list":["post-85249","page","type-page","status-publish","hentry"],"acf":{"vyhradny_obrazok":false,"second_feature_image":null,"search_top_keywords":""},"wpml_translations_detailed":{"en":{"id":84846,"title":"Viewing towers and Lookout points in Liptov","url":"https:\/\/www.visitliptov.sk\/en\/viewing-tower\/","api_url":"https:\/\/www.visitliptov.sk\/pl\/wp-json\/wp\/v2\/page\/84846","status":"publish","excerpt":"","content":"[fusion_builder_container hundred_percent=\"no\" equal_height_columns=\"no\" menu_anchor=\"\" hide_on_mobile=\"small-visibility,medium-visibility,large-visibility\" class=\"\" id=\"\" background_color=\"\" background_image=\"\" background_position=\"center center\" background_repeat=\"no-repeat\" fade=\"no\" background_parallax=\"none\" enable_mobile=\"no\" parallax_speed=\"0.3\" video_mp4=\"\" video_webm=\"\" video_ogv=\"\" video_url=\"\" video_aspect_ratio=\"16:9\" video_loop=\"yes\" video_mute=\"yes\" video_preview_image=\"\" border_size=\"\" border_color=\"\" border_style=\"solid\" margin_top=\"\" margin_bottom=\"\" padding_top=\"\" padding_right=\"\" padding_bottom=\"\" padding_left=\"\"][fusion_builder_row][fusion_builder_column type=\"1_1\" layout=\"1_1\" spacing=\"\" center_content=\"no\" hover_type=\"none\" link=\"\" min_height=\"\" hide_on_mobile=\"small-visibility,medium-visibility,large-visibility\" class=\"\" id=\"\" background_color=\"\" background_image=\"\" background_position=\"left top\" background_repeat=\"no-repeat\" border_size=\"0\" border_color=\"\" border_style=\"solid\" border_position=\"all\" padding=\"\" dimension_margin=\"\" animation_type=\"\" animation_direction=\"left\" animation_speed=\"0.3\" animation_offset=\"\" last=\"no\"][fusion_text]\n<h1 class=\"\">Viewing towers and Lookout points in Liptov<\/h1>\n[\/fusion_text][fusion_code]W3RyYXN5IGthdGVnb3JpYT0mcXVvdDtyb3pobGFkbmUtYS12eWhsaWFka3ktZW4mcXVvdDtd[\/fusion_code][fusion_text]\n\nOn this site you will find all the lookout points and views on Liptov. They are situated in places from which you can see the best of the Liptov. Take to one of them and see Liptov like never before.\n\n[\/fusion_text][\/fusion_builder_column][\/fusion_builder_row][\/fusion_builder_container]","featured_media":0,"featured_media_url":null,"images_gallery_urls":[],"fotka_1_url":null,"fotka_2_url":null,"fotka_3_url":null,"fotka_4_url":null,"fotka_5_url":null,"fotka_6_url":null,"fotka_7_url":null,"fotka_8_url":null},"pl":{"id":85249,"title":"Wie\u017ce i perspektywy Liptove","url":"https:\/\/www.visitliptov.sk\/pl\/viewing-tower\/","api_url":"https:\/\/www.visitliptov.sk\/pl\/wp-json\/wp\/v2\/page\/85249","status":"publish","excerpt":"","content":"[fusion_builder_container hundred_percent=\"no\" equal_height_columns=\"no\" menu_anchor=\"\" hide_on_mobile=\"small-visibility,medium-visibility,large-visibility\" class=\"\" id=\"\" background_color=\"\" background_image=\"\" background_position=\"center center\" background_repeat=\"no-repeat\" fade=\"no\" background_parallax=\"none\" enable_mobile=\"no\" parallax_speed=\"0.3\" video_mp4=\"\" video_webm=\"\" video_ogv=\"\" video_url=\"\" video_aspect_ratio=\"16:9\" video_loop=\"yes\" video_mute=\"yes\" video_preview_image=\"\" border_size=\"\" border_color=\"\" border_style=\"solid\" margin_top=\"\" margin_bottom=\"\" padding_top=\"\" padding_right=\"\" padding_bottom=\"\" padding_left=\"\"][fusion_builder_row][fusion_builder_column type=\"1_1\" layout=\"1_1\" spacing=\"\" center_content=\"no\" hover_type=\"none\" link=\"\" min_height=\"\" hide_on_mobile=\"small-visibility,medium-visibility,large-visibility\" class=\"\" id=\"\" background_color=\"\" background_image=\"\" background_position=\"left top\" background_repeat=\"no-repeat\" border_size=\"0\" border_color=\"\" border_style=\"solid\" border_position=\"all\" padding=\"\" dimension_margin=\"\" animation_type=\"\" animation_direction=\"left\" animation_speed=\"0.3\" animation_offset=\"\" last=\"no\"][fusion_text]<h1 class=\"\">Wie\u017ce i perspektywy Liptove<\/h1>[\/fusion_text][fusion_code]W3RyYXN5IGthdGVnb3JpYT0mcXVvdDtyb3pobGFkbmUtYS12eWhsaWFka3ktcGwmcXVvdDtd[\/fusion_code][fusion_text]<p>Na tej stronie znajdziesz wszystkie punkty widokowe i widoki na Liptov. Znajduj\u0105 si\u0119 one w miejscach, z kt\u00f3rych mo\u017cna zobaczy\u0107 najlepsze z Liptowa. Podejd\u017a do jednego z nich i zobacz Liptov jak nigdy dot\u0105d.<\/p>[\/fusion_text][\/fusion_builder_column][\/fusion_builder_row][\/fusion_builder_container]","featured_media":0,"featured_media_url":null,"images_gallery_urls":[],"fotka_1_url":null,"fotka_2_url":null,"fotka_3_url":null,"fotka_4_url":null,"fotka_5_url":null,"fotka_6_url":null,"fotka_7_url":null,"fotka_8_url":null}},"_links":{"self":[{"href":"https:\/\/www.visitliptov.sk\/pl\/wp-json\/wp\/v2\/pages\/85249"}],"collection":[{"href":"https:\/\/www.visitliptov.sk\/pl\/wp-json\/wp\/v2\/pages"}],"about":[{"href":"https:\/\/www.visitliptov.sk\/pl\/wp-json\/wp\/v2\/types\/page"}],"author":[{"embeddable":true,"href":"https:\/\/www.visitliptov.sk\/pl\/wp-json\/wp\/v2\/users\/1"}],"replies":[{"embeddable":true,"href":"https:\/\/www.visitliptov.sk\/pl\/wp-json\/wp\/v2\/comments?post=85249"}],"version-history":[{"count":0,"href":"https:\/\/www.visitliptov.sk\/pl\/wp-json\/wp\/v2\/pages\/85249\/revisions"}],"wp:attachment":[{"href":"https:\/\/www.visitliptov.sk\/pl\/wp-json\/wp\/v2\/media?parent=85249"}],"curies":[{"name":"wp","href":"https:\/\/api.w.org\/{rel}","templated":true}]}}