{"id":85245,"date":"2018-03-22T00:00:00","date_gmt":"2018-03-21T23:00:00","guid":{"rendered":"https:\/\/www.visitliptov.sk\/turystyka-w-liptowie\/top-12-szlakow-turystycznych\/"},"modified":"2021-01-25T16:46:51","modified_gmt":"2021-01-25T15:46:51","slug":"top-12-szlakow-turystycznych","status":"publish","type":"page","link":"https:\/\/www.visitliptov.sk\/pl\/top-12-szlakow-turystycznych\/","title":{"rendered":"TOP 12 szlak\u00f3w turystycznych"},"content":{"rendered":"\n<div class=\"wp-block-columns is-layout-flex wp-container-core-columns-is-layout-1 wp-block-columns-is-layout-flex\">\n<div class=\"wp-block-column is-layout-flow wp-block-column-is-layout-flow\">\n<figure class=\"wp-block-image size-large\"><img loading=\"lazy\" decoding=\"async\" width=\"800\" height=\"535\" src=\"https:\/\/www.visitliptov.sk\/wp-content\/uploads\/2019\/04\/turistikaaaa.png\" alt=\"\" class=\"wp-image-80988\" srcset=\"https:\/\/www.visitliptov.sk\/wp-content\/uploads\/2019\/04\/turistikaaaa.png 800w, https:\/\/www.visitliptov.sk\/wp-content\/uploads\/2019\/04\/turistikaaaa-600x401.png 600w\" sizes=\"(max-width: 800px) 100vw, 800px\" \/><\/figure>\n<\/div>\n\n\n\n<div class=\"wp-block-column is-layout-flow wp-block-column-is-layout-flow\">\n<p>W regionie Liptov jest oko\u0142o 50 szlak\u00f3w turystycznych i oznakowanych szlak\u00f3w o \u0142\u0105cznej d\u0142ugo\u015bci 1185 km. <\/p>\n\n\n\n<p>Znajduj\u0105 si\u0119 one na terenie Tatrza\u0144skiego Parku Narodowego (Tatry Zachodnie, Liptov cz\u0119\u015b\u0107 Tatr), Parku Narodowego Niskie Tatry, Parku Narodowego Wielka Fatra i G\u00f3ry Chocza\u0144skie. <\/p>\n\n\n\n<p>Ca\u0142kowita d\u0142ugo\u015b\u0107 oznakowanych szlak\u00f3w na S\u0142owacji to ponad 14 000 km.<\/p>\n<\/div>\n<\/div>\n\n\n\t\t\n","protected":false},"excerpt":{"rendered":"<p>W regionie Liptov jest oko\u0142o 50 szlak\u00f3w turystycznych i oznakowanych szlak\u00f3w o \u0142\u0105cznej d\u0142ugo\u015bci 1185 km. Znajduj\u0105 si\u0119 one na &#8230;<\/p>\n","protected":false},"author":1,"featured_media":81507,"parent":0,"menu_order":0,"comment_status":"open","ping_status":"open","template":"","meta":{"_acf_changed":false,"inline_featured_image":false,"episode_type":"","audio_file":"","cover_image":"","cover_image_id":"","duration":"","filesize":"","date_recorded":"","explicit":"","block":"","filesize_raw":"","_jf_limit_responses":"","footnotes":""},"class_list":["post-85245","page","type-page","status-publish","has-post-thumbnail","hentry"],"acf":{"vyhradny_obrazok":false,"second_feature_image":null,"search_top_keywords":""},"wpml_translations_detailed":{"sk":{"id":83935,"title":"TOP 12 turistick\u00fdch tr\u00e1s","url":"https:\/\/www.visitliptov.sk\/top-12-turistickych-tras\/","api_url":"https:\/\/www.visitliptov.sk\/pl\/wp-json\/wp\/v2\/page\/83935","status":"publish","excerpt":"V regi\u00f3ne Liptov sa nach\u00e1dza cca 50 turistick\u00fdch chodn\u00edkov a zna\u010den\u00fdch tr\u00e1s v celkovej d\u013a\u017eke 1185 km. Nach\u00e1dzaj\u00fa sa v ...","content":"<!-- wp:paragraph -->\n<p>V regi\u00f3ne Liptov sa nach\u00e1dza <strong>cca 50 turistick\u00fdch chodn\u00edkov a zna\u010den\u00fdch tr\u00e1s v celkovej d\u013a\u017eke 1185 km<\/strong>. Nach\u00e1dzaj\u00fa sa v Tatranskom n\u00e1rodnom\u00a0parku (Z\u00e1padn\u00e9 Tatry, liptovsk\u00e1 \u010das\u0165 Tatier ), N\u00e1rodnom parku N\u00edzke Tatry, N\u00e1rodnom parku Ve\u013ek\u00e1 Fatra a v Cho\u010dsk\u00fdch vrchoch. <strong>Celkov\u00e1 d\u013a\u017eka vyzna\u010den\u00fdch chodn\u00edkov na Slovensku je viac ako 14 000 km.<\/strong><\/p>\n<!-- \/wp:paragraph -->\n\n<!-- wp:shortcode -->\n[carousel post_type=\"route\" category=\"top12\" only_top=\"off\"]\n<!-- \/wp:shortcode -->","featured_media":81505,"featured_media_url":"https:\/\/www.visitliptov.sk\/wp-content\/uploads\/2019\/04\/turistika_cover-600x182.jpg","images_gallery_urls":[],"fotka_1_url":null,"fotka_2_url":null,"fotka_3_url":null,"fotka_4_url":null,"fotka_5_url":null,"fotka_6_url":null,"fotka_7_url":null,"fotka_8_url":null},"en":{"id":84845,"title":"TOP 12 hiking trails","url":"https:\/\/www.visitliptov.sk\/en\/top-12-hiking-trails\/","api_url":"https:\/\/www.visitliptov.sk\/pl\/wp-json\/wp\/v2\/page\/84845","status":"publish","excerpt":"There are about 50 hiking trails and marked trails in the Liptov region with a total length of 1185 km. ...","content":"<!-- wp:columns -->\n<div class=\"wp-block-columns\"><!-- wp:column -->\n<div class=\"wp-block-column\"><!-- wp:image {\"align\":\"right\",\"id\":80987,\"width\":314,\"height\":210,\"sizeSlug\":\"large\",\"linkDestination\":\"none\"} -->\n<div class=\"wp-block-image\"><figure class=\"alignright size-large is-resized\"><img src=\"https:\/\/www.visitliptov.sk\/wp-content\/uploads\/2019\/04\/turistikaaaa.png\" alt=\"\" class=\"wp-image-80987\" width=\"314\" height=\"210\"\/><\/figure><\/div>\n<!-- \/wp:image --><\/div>\n<!-- \/wp:column -->\n\n<!-- wp:column -->\n<div class=\"wp-block-column\"><!-- wp:paragraph -->\n<p><\/p>\n<!-- \/wp:paragraph -->\n\n<!-- wp:paragraph {\"align\":\"left\"} -->\n<p class=\"has-text-align-left\">There are about 50 hiking trails and marked trails in the Liptov region with a total length of 1185 km. They are located in the High Tatras National Park (Liptov part of Western Tatras), Low Tatras National Park, National Park Velka Fatra and Choc Mountains. <\/p>\n<!-- \/wp:paragraph -->\n\n<!-- wp:paragraph {\"align\":\"left\"} -->\n<p class=\"has-text-align-left\">The total length of marked trails in Slovakia is more than 14,000 km.<\/p>\n<!-- \/wp:paragraph --><\/div>\n<!-- \/wp:column --><\/div>\n<!-- \/wp:columns -->\n\n<!-- wp:shortcode -->\n[carousel post_type=\"route\" category=\"top12\" only_top=\"off\"]\n<!-- \/wp:shortcode -->","featured_media":81506,"featured_media_url":"https:\/\/www.visitliptov.sk\/wp-content\/uploads\/2019\/04\/turistika_cover-600x182.jpg","images_gallery_urls":[],"fotka_1_url":null,"fotka_2_url":null,"fotka_3_url":null,"fotka_4_url":null,"fotka_5_url":null,"fotka_6_url":null,"fotka_7_url":null,"fotka_8_url":null},"pl":{"id":85245,"title":"TOP 12 szlak\u00f3w turystycznych","url":"https:\/\/www.visitliptov.sk\/pl\/top-12-szlakow-turystycznych\/","api_url":"https:\/\/www.visitliptov.sk\/pl\/wp-json\/wp\/v2\/page\/85245","status":"publish","excerpt":"W regionie Liptov jest oko\u0142o 50 szlak\u00f3w turystycznych i oznakowanych szlak\u00f3w o \u0142\u0105cznej d\u0142ugo\u015bci 1185 km. Znajduj\u0105 si\u0119 one na ...","content":"<!-- wp:columns -->\n<div class=\"wp-block-columns\"><!-- wp:column -->\n<div class=\"wp-block-column\"><!-- wp:image {\"id\":80988,\"sizeSlug\":\"large\",\"linkDestination\":\"none\"} -->\n<figure class=\"wp-block-image size-large\"><img src=\"https:\/\/www.visitliptov.sk\/wp-content\/uploads\/2019\/04\/turistikaaaa.png\" alt=\"\" class=\"wp-image-80988\"\/><\/figure>\n<!-- \/wp:image --><\/div>\n<!-- \/wp:column -->\n\n<!-- wp:column -->\n<div class=\"wp-block-column\"><!-- wp:paragraph -->\n<p>W regionie Liptov jest oko\u0142o 50 szlak\u00f3w turystycznych i oznakowanych szlak\u00f3w o \u0142\u0105cznej d\u0142ugo\u015bci 1185 km. <\/p>\n<!-- \/wp:paragraph -->\n\n<!-- wp:paragraph -->\n<p>Znajduj\u0105 si\u0119 one na terenie Tatrza\u0144skiego Parku Narodowego (Tatry Zachodnie, Liptov cz\u0119\u015b\u0107 Tatr), Parku Narodowego Niskie Tatry, Parku Narodowego Wielka Fatra i G\u00f3ry Chocza\u0144skie. <\/p>\n<!-- \/wp:paragraph -->\n\n<!-- wp:paragraph -->\n<p>Ca\u0142kowita d\u0142ugo\u015b\u0107 oznakowanych szlak\u00f3w na S\u0142owacji to ponad 14 000 km.<\/p>\n<!-- \/wp:paragraph --><\/div>\n<!-- \/wp:column --><\/div>\n<!-- \/wp:columns -->\n\n<!-- wp:shortcode -->\n[carousel post_type=\"route\" category=\"top12-pl\" only_top=\"off\"]\n<!-- \/wp:shortcode -->","featured_media":81507,"featured_media_url":"https:\/\/www.visitliptov.sk\/wp-content\/uploads\/2019\/04\/turistika_cover-600x182.jpg","images_gallery_urls":[],"fotka_1_url":null,"fotka_2_url":null,"fotka_3_url":null,"fotka_4_url":null,"fotka_5_url":null,"fotka_6_url":null,"fotka_7_url":null,"fotka_8_url":null}},"_links":{"self":[{"href":"https:\/\/www.visitliptov.sk\/pl\/wp-json\/wp\/v2\/pages\/85245"}],"collection":[{"href":"https:\/\/www.visitliptov.sk\/pl\/wp-json\/wp\/v2\/pages"}],"about":[{"href":"https:\/\/www.visitliptov.sk\/pl\/wp-json\/wp\/v2\/types\/page"}],"author":[{"embeddable":true,"href":"https:\/\/www.visitliptov.sk\/pl\/wp-json\/wp\/v2\/users\/1"}],"replies":[{"embeddable":true,"href":"https:\/\/www.visitliptov.sk\/pl\/wp-json\/wp\/v2\/comments?post=85245"}],"version-history":[{"count":0,"href":"https:\/\/www.visitliptov.sk\/pl\/wp-json\/wp\/v2\/pages\/85245\/revisions"}],"wp:featuredmedia":[{"embeddable":true,"href":"https:\/\/www.visitliptov.sk\/pl\/wp-json\/wp\/v2\/media\/81507"}],"wp:attachment":[{"href":"https:\/\/www.visitliptov.sk\/pl\/wp-json\/wp\/v2\/media?parent=85245"}],"curies":[{"name":"wp","href":"https:\/\/api.w.org\/{rel}","templated":true}]}}