{"id":85228,"date":"2018-03-08T00:00:00","date_gmt":"2018-03-07T23:00:00","guid":{"rendered":"https:\/\/www.visitliptov.sk\/vsetko-liptove-brozura\/"},"modified":"2018-03-08T00:00:00","modified_gmt":"2018-03-07T23:00:00","slug":"vsetko-je-na-liptove-brozura","status":"publish","type":"page","link":"https:\/\/www.visitliptov.sk\/pl\/vsetko-je-na-liptove-brozura\/","title":{"rendered":"V\u0161etko je na Liptove &#8211; bro\u017e\u00fara"},"content":{"rendered":"<h2 style=\"text-align: center;\">V\u0161etko je na Liptove<\/h2>\n<p style=\"text-align: center;\">ERROR: There is no book with ID <strong>brozura_vsetko_je_na_liptove_2018<\/strong><\/p>\n","protected":false},"excerpt":{"rendered":"<p>V\u0161etko je na Liptove<\/p>\n","protected":false},"author":1,"featured_media":0,"parent":0,"menu_order":0,"comment_status":"open","ping_status":"open","template":"","meta":{"_acf_changed":false,"inline_featured_image":false,"episode_type":"","audio_file":"","cover_image":"","cover_image_id":"","duration":"","filesize":"","date_recorded":"","explicit":"","block":"","filesize_raw":"","_jf_limit_responses":"","footnotes":""},"class_list":["post-85228","page","type-page","status-publish","hentry"],"acf":{"vyhradny_obrazok":false,"second_feature_image":null,"search_top_keywords":""},"wpml_translations_detailed":{"sk":{"id":84038,"title":"V\u0161etko je na Liptove &#8211; bro\u017e\u00fara","url":"https:\/\/www.visitliptov.sk\/vsetko-je-na-liptove-brozura\/","api_url":"https:\/\/www.visitliptov.sk\/pl\/wp-json\/wp\/v2\/page\/84038","status":"publish","excerpt":"V\u0161etko je na Liptove","content":"<h1 style=\"text-align: center;\">V\u0161etko je na Liptove<\/h1>\n<p style=\"text-align: center;\">[responsive-flipbook id=\"vsetko_je_na_liptove\"]<\/p>","featured_media":0,"featured_media_url":null,"images_gallery_urls":[],"fotka_1_url":null,"fotka_2_url":null,"fotka_3_url":null,"fotka_4_url":null,"fotka_5_url":null,"fotka_6_url":null,"fotka_7_url":null,"fotka_8_url":null},"pl":{"id":85228,"title":"V\u0161etko je na Liptove &#8211; bro\u017e\u00fara","url":"https:\/\/www.visitliptov.sk\/pl\/vsetko-je-na-liptove-brozura\/","api_url":"https:\/\/www.visitliptov.sk\/pl\/wp-json\/wp\/v2\/page\/85228","status":"publish","excerpt":"V\u0161etko je na Liptove","content":"<h2 style=\"text-align: center;\">V\u0161etko je na Liptove<\/h2>\n<p style=\"text-align: center;\">[responsive-flipbook id=\"brozura_vsetko_je_na_liptove_2018\"]<\/p>","featured_media":0,"featured_media_url":null,"images_gallery_urls":[],"fotka_1_url":null,"fotka_2_url":null,"fotka_3_url":null,"fotka_4_url":null,"fotka_5_url":null,"fotka_6_url":null,"fotka_7_url":null,"fotka_8_url":null}},"_links":{"self":[{"href":"https:\/\/www.visitliptov.sk\/pl\/wp-json\/wp\/v2\/pages\/85228"}],"collection":[{"href":"https:\/\/www.visitliptov.sk\/pl\/wp-json\/wp\/v2\/pages"}],"about":[{"href":"https:\/\/www.visitliptov.sk\/pl\/wp-json\/wp\/v2\/types\/page"}],"author":[{"embeddable":true,"href":"https:\/\/www.visitliptov.sk\/pl\/wp-json\/wp\/v2\/users\/1"}],"replies":[{"embeddable":true,"href":"https:\/\/www.visitliptov.sk\/pl\/wp-json\/wp\/v2\/comments?post=85228"}],"version-history":[{"count":0,"href":"https:\/\/www.visitliptov.sk\/pl\/wp-json\/wp\/v2\/pages\/85228\/revisions"}],"wp:attachment":[{"href":"https:\/\/www.visitliptov.sk\/pl\/wp-json\/wp\/v2\/media?parent=85228"}],"curies":[{"name":"wp","href":"https:\/\/api.w.org\/{rel}","templated":true}]}}