{"id":85211,"date":"2016-12-15T00:00:00","date_gmt":"2016-12-14T23:00:00","guid":{"rendered":"https:\/\/www.visitliptov.sk\/moje-konto\/"},"modified":"2016-12-15T00:00:00","modified_gmt":"2016-12-14T23:00:00","slug":"moje-konto","status":"publish","type":"page","link":"https:\/\/www.visitliptov.sk\/pl\/moje-konto\/","title":{"rendered":"Moje konto"},"content":{"rendered":"<p><p>[fusion_button link=&#8221;http:\/\/www.visitliptov.sk\/pl\/czym-jest-liptov-region-card\/&#8221; color=&#8221;default&#8221; size=&#8221;xlarge&#8221; stretch=&#8221;yes&#8221; type=&#8221;&#8221; shape=&#8221;&#8221; target=&#8221;_blank&#8221; title=&#8221;&#8221; button_gradient_top_color=&#8221;&#8221; button_gradient_bottom_color=&#8221;&#8221; button_gradient_top_color_hover=&#8221;&#8221; button_gradient_bottom_color_hover=&#8221;&#8221; accent_color=&#8221;&#8221; accent_hover_color=&#8221;&#8221; bevel_color=&#8221;&#8221; border_width=&#8221;&#8221; icon=&#8221;&#8221; icon_position=&#8221;left&#8221; icon_divider=&#8221;no&#8221; modal=&#8221;&#8221; animation_type=&#8221;0&#8243; animation_direction=&#8221;left&#8221; animation_speed=&#8221;1&#8243; alignment=&#8221;&#8221; class=&#8221;&#8221; id=&#8221;&#8221;]Czym jest Liptov Card[\/fusion_button]<\/p>\n<p>[fusion_button link=&#8221;https:\/\/www.visitliptov.sk\/wp-content\/uploads\/2019\/04\/Brozura_WEB_zima_2019_SKPL.pdf&#8221; title=&#8221;&#8221; target=&#8221;_blank&#8221; alignment=&#8221;&#8221; modal=&#8221;&#8221; hide_on_mobile=&#8221;small-visibility,medium-visibility,large-visibility&#8221; class=&#8221;&#8221; id=&#8221;&#8221; color=&#8221;custom&#8221; button_gradient_top_color=&#8221;#d2021d&#8221; button_gradient_bottom_color=&#8221;#d2021d&#8221; button_gradient_top_color_hover=&#8221;&#8221; button_gradient_bottom_color_hover=&#8221;&#8221; accent_color=&#8221;&#8221; accent_hover_color=&#8221;&#8221; type=&#8221;&#8221; bevel_color=&#8221;&#8221; border_width=&#8221;&#8221; size=&#8221;xlarge&#8221; stretch=&#8221;yes&#8221; shape=&#8221;&#8221; icon=&#8221;&#8221; icon_position=&#8221;left&#8221; icon_divider=&#8221;no&#8221; animation_type=&#8221;&#8221; animation_direction=&#8221;left&#8221; animation_speed=&#8221;1.0&#8243; animation_offset=&#8221;&#8221;]Przewodnik rabaty[\/fusion_button]<\/p>\n<\/p>\n<h1 style=\"text-align: center;\"><strong>Stan konta i mo\u017cliwo\u015b\u0107 oceny po wprowadzeniu numeru karty<\/strong><\/h1>\n<div class=\"iframe\"><iframe loading=\"lazy\" src=\"https:\/\/liptov.cardberg.com\/export\/social\/c4ca4238a0b923820dcc509a6f75849b\" width=\"100%\" height=\"5000\" frameborder=\"0\" scrolling=\"no\"><\/iframe><\/div>\n\n\n","protected":false},"excerpt":{"rendered":"","protected":false},"author":1,"featured_media":0,"parent":0,"menu_order":0,"comment_status":"open","ping_status":"open","template":"","meta":{"_acf_changed":false,"inline_featured_image":false,"episode_type":"","audio_file":"","cover_image":"","cover_image_id":"","duration":"","filesize":"","date_recorded":"","explicit":"","block":"","filesize_raw":"","_jf_limit_responses":"","footnotes":""},"class_list":["post-85211","page","type-page","status-publish","hentry"],"acf":{"vyhradny_obrazok":false,"second_feature_image":null,"search_top_keywords":""},"wpml_translations_detailed":{"sk":{"id":83548,"title":"Moje konto","url":"https:\/\/www.visitliptov.sk\/moje-konto\/","api_url":"https:\/\/www.visitliptov.sk\/pl\/wp-json\/wp\/v2\/page\/83548","status":"publish","excerpt":"Zadaj \u010d\u00edslo karty, daj n\u00e1m like alebo n\u00e1s pochv\u00e1\u013e [\/fusion_text][\/fusion_builder_column][\/fusion_builder_row][\/fusion_builder_container]","content":"<h1 style=\"text-align: center;\">Zadaj \u010d\u00edslo karty,\ndaj n\u00e1m <span style=\"color: #000080;\">like<\/span>\nalebo n\u00e1s pochv\u00e1\u013e<\/h1>\n<iframe src=\"https:\/\/liptov.cardberg.com\/export\/social\/c4ca4238a0b923820dcc509a6f75849b\" width=\"100%\" height=\"5000\" frameborder=\"0\" scrolling=\"no\"><\/iframe>[\/fusion_text][\/fusion_builder_column][\/fusion_builder_row][\/fusion_builder_container]","featured_media":0,"featured_media_url":null,"images_gallery_urls":[],"fotka_1_url":null,"fotka_2_url":null,"fotka_3_url":null,"fotka_4_url":null,"fotka_5_url":null,"fotka_6_url":null,"fotka_7_url":null,"fotka_8_url":null},"en":{"id":84685,"title":"My account","url":"https:\/\/www.visitliptov.sk\/en\/my-account\/","api_url":"https:\/\/www.visitliptov.sk\/pl\/wp-json\/wp\/v2\/page\/84685","status":"publish","excerpt":"Enter the card number, Give us like and\/or you can recommend us [\/fusion_text][\/fusion_builder_column][\/fusion_builder_row][\/fusion_builder_container]","content":"<h1 style=\"text-align: center;\"><strong>Enter the card number,\nGive us <span style=\"color: #003366;\">like<\/span>\nand\/or you can recommend us<\/strong><\/h1>\n<iframe src=\"https:\/\/liptov.cardberg.com\/export\/social\/c4ca4238a0b923820dcc509a6f75849b\" width=\"100%\" height=\"5000\" frameborder=\"0\" scrolling=\"no\"><\/iframe>[\/fusion_text][\/fusion_builder_column][\/fusion_builder_row][\/fusion_builder_container]","featured_media":0,"featured_media_url":null,"images_gallery_urls":[],"fotka_1_url":null,"fotka_2_url":null,"fotka_3_url":null,"fotka_4_url":null,"fotka_5_url":null,"fotka_6_url":null,"fotka_7_url":null,"fotka_8_url":null},"pl":{"id":85211,"title":"Moje konto","url":"https:\/\/www.visitliptov.sk\/pl\/moje-konto\/","api_url":"https:\/\/www.visitliptov.sk\/pl\/wp-json\/wp\/v2\/page\/85211","status":"publish","excerpt":"","content":"[fusion_builder_container hundred_percent=\"yes\" overflow=\"visible\" padding_right=\"30px\" padding_left=\"30px\"][fusion_builder_row][fusion_builder_column type=\"1_4\" layout=\"1_4\" last=\"no\" spacing=\"yes\" center_content=\"no\" hide_on_mobile=\"no\" background_color=\"\" background_image=\"\" background_repeat=\"no-repeat\" background_position=\"left top\" border_position=\"all\" border_size=\"0px\" border_color=\"\" border_style=\"\" padding=\"\" margin_top=\"\" margin_bottom=\"\" animation_type=\"\" animation_direction=\"\" animation_speed=\"0.1\" class=\"\" id=\"\" element_content=\"\" min_height=\"\" hover_type=\"none\" link=\"\"][\/fusion_builder_column][fusion_builder_column type=\"1_4\" layout=\"1_4\" last=\"no\" spacing=\"yes\" center_content=\"no\" hide_on_mobile=\"no\" background_color=\"\" background_image=\"\" background_repeat=\"no-repeat\" background_position=\"left top\" border_position=\"all\" border_size=\"0px\" border_color=\"\" border_style=\"\" padding=\"\" margin_top=\"\" margin_bottom=\"\" animation_type=\"\" animation_direction=\"\" animation_speed=\"0.1\" class=\"\" id=\"\" min_height=\"\" hover_type=\"none\" link=\"\"][fusion_button link=\"http:\/\/www.visitliptov.sk\/pl\/czym-jest-liptov-region-card\/\" color=\"default\" size=\"xlarge\" stretch=\"yes\" type=\"\" shape=\"\" target=\"_blank\" title=\"\" button_gradient_top_color=\"\" button_gradient_bottom_color=\"\" button_gradient_top_color_hover=\"\" button_gradient_bottom_color_hover=\"\" accent_color=\"\" accent_hover_color=\"\" bevel_color=\"\" border_width=\"\" icon=\"\" icon_position=\"left\" icon_divider=\"no\" modal=\"\" animation_type=\"0\" animation_direction=\"left\" animation_speed=\"1\" alignment=\"\" class=\"\" id=\"\"]Czym jest Liptov Card[\/fusion_button][\/fusion_builder_column][fusion_builder_column type=\"1_4\" layout=\"1_4\" last=\"no\" spacing=\"yes\" center_content=\"no\" hide_on_mobile=\"no\" background_color=\"\" background_image=\"\" background_repeat=\"no-repeat\" background_position=\"left top\" border_position=\"all\" border_size=\"0px\" border_color=\"\" border_style=\"\" padding=\"\" margin_top=\"\" margin_bottom=\"\" animation_type=\"\" animation_direction=\"\" animation_speed=\"0.1\" class=\"\" id=\"\" min_height=\"\" hover_type=\"none\" link=\"\"][fusion_button link=\"https:\/\/www.visitliptov.sk\/wp-content\/uploads\/2019\/04\/Brozura_WEB_zima_2019_SKPL.pdf\" title=\"\" target=\"_blank\" alignment=\"\" modal=\"\" hide_on_mobile=\"small-visibility,medium-visibility,large-visibility\" class=\"\" id=\"\" color=\"custom\" button_gradient_top_color=\"#d2021d\" button_gradient_bottom_color=\"#d2021d\" button_gradient_top_color_hover=\"\" button_gradient_bottom_color_hover=\"\" accent_color=\"\" accent_hover_color=\"\" type=\"\" bevel_color=\"\" border_width=\"\" size=\"xlarge\" stretch=\"yes\" shape=\"\" icon=\"\" icon_position=\"left\" icon_divider=\"no\" animation_type=\"\" animation_direction=\"left\" animation_speed=\"1.0\" animation_offset=\"\"]Przewodnik rabaty[\/fusion_button][\/fusion_builder_column][fusion_builder_column type=\"1_4\" layout=\"1_4\" last=\"yes\" spacing=\"yes\" center_content=\"no\" hide_on_mobile=\"no\" background_color=\"\" background_image=\"\" background_repeat=\"no-repeat\" background_position=\"left top\" border_position=\"all\" border_size=\"0px\" border_color=\"\" border_style=\"\" padding=\"\" margin_top=\"\" margin_bottom=\"\" animation_type=\"\" animation_direction=\"\" animation_speed=\"0.1\" class=\"\" id=\"\" element_content=\"\" min_height=\"\" hover_type=\"none\" link=\"\"][\/fusion_builder_column][fusion_builder_column type=\"1_1\" layout=\"1_1\" last=\"yes\" spacing=\"yes\" center_content=\"no\" hide_on_mobile=\"no\" background_color=\"\" background_image=\"\" background_repeat=\"no-repeat\" background_position=\"left top\" border_position=\"all\" border_size=\"0px\" border_color=\"\" border_style=\"\" padding=\"\" margin_top=\"\" margin_bottom=\"\" animation_type=\"\" animation_direction=\"\" animation_speed=\"0.1\" class=\"\" id=\"\" element_content=\"\" min_height=\"\" hover_type=\"none\" link=\"\"][\/fusion_builder_column][fusion_builder_column type=\"1_1\" layout=\"1_1\" background_position=\"left top\" background_color=\"\" border_size=\"\" border_color=\"\" border_style=\"solid\" spacing=\"yes\" background_image=\"\" background_repeat=\"no-repeat\" padding=\"\" margin_top=\"0px\" margin_bottom=\"0px\" class=\"\" id=\"\" animation_type=\"\" animation_speed=\"0.3\" animation_direction=\"left\" hide_on_mobile=\"no\" center_content=\"no\" min_height=\"none\" last=\"no\" hover_type=\"none\" link=\"\" border_position=\"all\"][fusion_text]\n<h1 style=\"text-align: center;\"><strong>Stan konta i mo\u017cliwo\u015b\u0107 oceny po wprowadzeniu numeru karty<\/strong><\/h1>\n<iframe src=\"https:\/\/liptov.cardberg.com\/export\/social\/c4ca4238a0b923820dcc509a6f75849b\" width=\"100%\" height=\"5000\" frameborder=\"0\" scrolling=\"no\"><\/iframe>[\/fusion_text][\/fusion_builder_column][\/fusion_builder_row][\/fusion_builder_container]","featured_media":0,"featured_media_url":null,"images_gallery_urls":[],"fotka_1_url":null,"fotka_2_url":null,"fotka_3_url":null,"fotka_4_url":null,"fotka_5_url":null,"fotka_6_url":null,"fotka_7_url":null,"fotka_8_url":null},"ru":{"id":85444,"title":"My account","url":"https:\/\/www.visitliptov.sk\/ru\/my-account\/","api_url":"https:\/\/www.visitliptov.sk\/pl\/wp-json\/wp\/v2\/page\/85444","status":"publish","excerpt":"","content":"[fusion_builder_container hundred_percent=\"yes\" overflow=\"visible\" padding_right=\"30px\"  padding_left=\"30px\" ][fusion_builder_row][fusion_builder_column type=\"1_4\" last=\"no\" spacing=\"yes\" center_content=\"no\" hide_on_mobile=\"no\" background_color=\"\" background_image=\"\" background_repeat=\"no-repeat\" background_position=\"left top\" border_position=\"all\" border_size=\"0px\" border_color=\"\" border_style=\"\" padding=\"\" margin_top=\"\" margin_bottom=\"\" animation_type=\"\" animation_direction=\"\" animation_speed=\"0.1\" class=\"\" id=\"\"][\/fusion_builder_column][fusion_builder_column type=\"1_4\" last=\"no\" spacing=\"yes\" center_content=\"no\" hide_on_mobile=\"no\" background_color=\"\" background_image=\"\" background_repeat=\"no-repeat\" background_position=\"left top\" border_position=\"all\" border_size=\"0px\" border_color=\"\" border_style=\"\" padding=\"\" margin_top=\"\" margin_bottom=\"\" animation_type=\"\" animation_direction=\"\" animation_speed=\"0.1\" class=\"\" id=\"\"][fusion_button link=\"http:\/\/www.visitliptov.sk\/ru\/%D1%87%D1%82%D0%BE-%D1%8D%D1%82%D0%BE-liptov-region-card\/\" color=\"default\" size=\"xlarge\" stretch=\"yes\" type=\"\" shape=\"\" target=\"_blank\" title=\"\" gradient_colors=\"|\" gradient_hover_colors=\"|\" accent_color=\"\" accent_hover_color=\"\" bevel_color=\"\" border_width=\"\" icon=\"\" icon_position=\"left\" icon_divider=\"no\" modal=\"\" animation_type=\"0\" animation_direction=\"left\" animation_speed=\"1\" alignment=\"\" class=\"\" id=\"\"] \u0427\u0422\u041e \u042d\u0422\u041e LIPTOV REGION CARD?[\/fusion_button][\/fusion_builder_column][fusion_builder_column type=\"1_4\" last=\"no\" spacing=\"yes\" center_content=\"no\" hide_on_mobile=\"no\" background_color=\"\" background_image=\"\" background_repeat=\"no-repeat\" background_position=\"left top\" border_position=\"all\" border_size=\"0px\" border_color=\"\" border_style=\"\" padding=\"\" margin_top=\"\" margin_bottom=\"\" animation_type=\"\" animation_direction=\"\" animation_speed=\"0.1\" class=\"\" id=\"\"][fusion_button link=\"http:\/\/www.visitliptov.sk\/ru\/%D1%80%D1%83%D0%BA%D0%BE%D0%B2%D0%BE%D0%B4%D1%81%D1%82%D0%B2%D0%BE-%D1%81%D0%BA%D0%B8%D0%B4%D0%BA%D0%B8\/\" color=\"custom\" size=\"xlarge\" stretch=\"yes\" type=\"\" shape=\"\" target=\"_blank\" title=\"\" gradient_colors=\"#d2021d|\" gradient_hover_colors=\"|\" accent_color=\"\" accent_hover_color=\"\" bevel_color=\"\" border_width=\"\" icon=\"\" icon_position=\"left\" icon_divider=\"no\" modal=\"\" animation_type=\"0\" animation_direction=\"left\" animation_speed=\"1\" alignment=\"\" class=\"\" id=\"\"] \u0440\u0443\u043a\u043e\u0432\u043e\u0434\u0441\u0442\u0432\u043e \u0441\u043a\u0438\u0434\u043a\u0438[\/fusion_button][\/fusion_builder_column][fusion_builder_column type=\"1_4\" last=\"yes\" spacing=\"yes\" center_content=\"no\" hide_on_mobile=\"no\" background_color=\"\" background_image=\"\" background_repeat=\"no-repeat\" background_position=\"left top\" border_position=\"all\" border_size=\"0px\" border_color=\"\" border_style=\"\" padding=\"\" margin_top=\"\" margin_bottom=\"\" animation_type=\"\" animation_direction=\"\" animation_speed=\"0.1\" class=\"\" id=\"\"][\/fusion_builder_column][fusion_builder_column type=\"1_1\" last=\"yes\" spacing=\"yes\" center_content=\"no\" hide_on_mobile=\"no\" background_color=\"\" background_image=\"\" background_repeat=\"no-repeat\" background_position=\"left top\" border_position=\"all\" border_size=\"0px\" border_color=\"\" border_style=\"\" padding=\"\" margin_top=\"\" margin_bottom=\"\" animation_type=\"\" animation_direction=\"\" animation_speed=\"0.1\" class=\"\" id=\"\"][fusion_text]\n<h1 style=\"text-align: center;\"><strong>Enter the card number,\nGive us <span style=\"color: #003366;\">like<\/span>\nand\/or you can recommend us<\/strong><\/h1>\n<iframe src=\"https:\/\/liptov.cardberg.com\/export\/social\/c4ca4238a0b923820dcc509a6f75849b\" width=\"100%\" height=\"5000\" frameborder=\"0\" scrolling=\"no\"><\/iframe>[\/fusion_text][\/fusion_builder_column][\/fusion_builder_row][\/fusion_builder_container]","featured_media":0,"featured_media_url":null,"images_gallery_urls":[],"fotka_1_url":null,"fotka_2_url":null,"fotka_3_url":null,"fotka_4_url":null,"fotka_5_url":null,"fotka_6_url":null,"fotka_7_url":null,"fotka_8_url":null}},"_links":{"self":[{"href":"https:\/\/www.visitliptov.sk\/pl\/wp-json\/wp\/v2\/pages\/85211"}],"collection":[{"href":"https:\/\/www.visitliptov.sk\/pl\/wp-json\/wp\/v2\/pages"}],"about":[{"href":"https:\/\/www.visitliptov.sk\/pl\/wp-json\/wp\/v2\/types\/page"}],"author":[{"embeddable":true,"href":"https:\/\/www.visitliptov.sk\/pl\/wp-json\/wp\/v2\/users\/1"}],"replies":[{"embeddable":true,"href":"https:\/\/www.visitliptov.sk\/pl\/wp-json\/wp\/v2\/comments?post=85211"}],"version-history":[{"count":0,"href":"https:\/\/www.visitliptov.sk\/pl\/wp-json\/wp\/v2\/pages\/85211\/revisions"}],"wp:attachment":[{"href":"https:\/\/www.visitliptov.sk\/pl\/wp-json\/wp\/v2\/media?parent=85211"}],"curies":[{"name":"wp","href":"https:\/\/api.w.org\/{rel}","templated":true}]}}