{"id":85209,"date":"2015-12-09T00:00:00","date_gmt":"2015-12-08T23:00:00","guid":{"rendered":"https:\/\/www.visitliptov.sk\/przewodnik-rabaty\/"},"modified":"2015-12-09T00:00:00","modified_gmt":"2015-12-08T23:00:00","slug":"przewodnik-rabaty","status":"publish","type":"page","link":"https:\/\/www.visitliptov.sk\/pl\/liptov-region-card\/przewodnik-rabaty\/","title":{"rendered":"Przewodnik rabaty"},"content":{"rendered":"<p><p><\/p>\n<h1 class=\"\">Przewodnik rabaty<\/h1>\n<p>\n<p>[fusion_button link=&#8221;https:\/\/www.visitliptov.sk\/pl\/czym-jest-liptov-region-card\/&#8221; title=&#8221;&#8221; target=&#8221;_blank&#8221; alignment=&#8221;right&#8221; modal=&#8221;&#8221; hide_on_mobile=&#8221;small-visibility,medium-visibility,large-visibility&#8221; class=&#8221;&#8221; id=&#8221;&#8221; color=&#8221;default&#8221; button_gradient_top_color=&#8221;&#8221; button_gradient_bottom_color=&#8221;&#8221; button_gradient_top_color_hover=&#8221;&#8221; button_gradient_bottom_color_hover=&#8221;&#8221; accent_color=&#8221;&#8221; accent_hover_color=&#8221;&#8221; type=&#8221;&#8221; bevel_color=&#8221;&#8221; border_width=&#8221;&#8221; size=&#8221;xlarge&#8221; stretch=&#8221;default&#8221; shape=&#8221;&#8221; icon=&#8221;&#8221; icon_position=&#8221;left&#8221; icon_divider=&#8221;no&#8221; animation_type=&#8221;&#8221; animation_direction=&#8221;left&#8221; animation_speed=&#8221;1.0&#8243; animation_offset=&#8221;&#8221;]Co to jest LiptovCard i jak j\u0105 zdoby\u0107?[\/fusion_button]<\/p>\n<p>W3Jlc3BvbnNpdmUtZmxpcGJvb2sgaWQ9JnF1b3Q7c3ByaWV2b2RjYV9saXB0b3ZfY2FyZF96aW1hXzIwMThfMjAxOSZxdW90O10=<\/p>\n<\/p>\n\n<p>https:\/\/www.visitliptov.sk\/wp-content\/uploads\/2019\/04\/karta1-300&#215;190.png\n<\/p>\n<p style=\"text-align: justify;\">Klucz od bramy do najwi\u0119kszej areny zewn\u0119trznej i naturalnego placu zabaw na S\u0142owacji, co pozwoli Ci skorzysta\u0107 z rabat\u00f3w w najwi\u0119kszych atrakcjach, wycieczkach, zabytkach kultury, atrakcjach adrenalinowych i innych obiektach turystycznych na terenie Liptowa. Ciesz si\u0119 parkami wodnymi, korzystaj z wycieczek w g\u00f3ry, korzystaj z przyg\u00f3d, odwiedzaj muzea, odkrywaj tajemnice jaski\u0144, delektuj si\u0119 posi\u0142kiem lub kup co\u015b dla siebie. Z Liptov Region Card w atrakcyjnych rabatach od 5% do 100%.<\/p>\n<p>\n<\/p>\n\n<\/p>\n","protected":false},"excerpt":{"rendered":"","protected":false},"author":1,"featured_media":80599,"parent":90254,"menu_order":0,"comment_status":"open","ping_status":"closed","template":"","meta":{"_acf_changed":false,"inline_featured_image":false,"episode_type":"","audio_file":"","cover_image":"","cover_image_id":"","duration":"","filesize":"","date_recorded":"","explicit":"","block":"","filesize_raw":"","_jf_limit_responses":"","footnotes":""},"class_list":["post-85209","page","type-page","status-publish","has-post-thumbnail","hentry"],"acf":{"vyhradny_obrazok":false,"second_feature_image":null,"search_top_keywords":""},"wpml_translations_detailed":{"sk":{"id":80596,"title":"Sprievodca z\u013eavami s Liptov Region Card leto 2021","url":"https:\/\/www.visitliptov.sk\/liptov-region-card\/sprievodca-zlavami-s-liptov-region-card-leto-2021\/","api_url":"https:\/\/www.visitliptov.sk\/pl\/wp-json\/wp\/v2\/page\/80596","status":"publish","excerpt":"Sprievodca z\u013eavami s Liptov Region Card","content":"<!-- wp:heading -->\n<h2><strong>Sprievodca z\u013eavami s Liptov Region Card<\/strong><\/h2>\n<!-- \/wp:heading -->\n\n<!-- wp:shortcode -->\n[responsive-flipbook id=\"lrc_leto_2021\"]\n<!-- \/wp:shortcode -->","featured_media":80597,"featured_media_url":"https:\/\/www.visitliptov.sk\/wp-content\/uploads\/2019\/04\/hurrianee-600x354.png","images_gallery_urls":[],"fotka_1_url":null,"fotka_2_url":null,"fotka_3_url":null,"fotka_4_url":null,"fotka_5_url":null,"fotka_6_url":null,"fotka_7_url":null,"fotka_8_url":null},"en":{"id":84604,"title":"Discounts guide","url":"https:\/\/www.visitliptov.sk\/en\/liptov-region-card\/discounts-guide\/","api_url":"https:\/\/www.visitliptov.sk\/pl\/wp-json\/wp\/v2\/page\/84604","status":"publish","excerpt":"","content":"[fusion_builder_container hundred_percent=\"yes\" overflow=\"visible\"][fusion_builder_row][fusion_builder_column type=\"1_1\" layout=\"1_1\" last=\"yes\" spacing=\"yes\" center_content=\"no\" hide_on_mobile=\"no\" background_color=\"\" background_image=\"\" background_repeat=\"no-repeat\" background_position=\"left top\" border_position=\"all\" border_size=\"0px\" border_color=\"\" border_style=\"\" padding=\"\" margin_top=\"\" margin_bottom=\"\" animation_type=\"\" animation_direction=\"\" animation_speed=\"0.1\" class=\"\" id=\"\" min_height=\"\" hover_type=\"none\" link=\"\"][fusion_text]\n<h1 class=\"\">Discounts guide<\/h1>\n[\/fusion_text][\/fusion_builder_column][fusion_builder_column type=\"1_2\" layout=\"1_1\" last=\"yes\" spacing=\"yes\" center_content=\"no\" hide_on_mobile=\"no\" background_color=\"\" background_image=\"\" background_repeat=\"no-repeat\" background_position=\"left top\" border_position=\"all\" border_size=\"0px\" border_color=\"\" border_style=\"\" padding=\"\" margin_top=\"\" margin_bottom=\"\" animation_type=\"\" animation_direction=\"\" animation_speed=\"0.1\" class=\"\" id=\"\" min_height=\"\" hover_type=\"none\" link=\"\" element_content=\"\"][\/fusion_builder_column][fusion_builder_column type=\"1_2\" layout=\"1_1\" last=\"yes\" spacing=\"yes\" center_content=\"no\" hide_on_mobile=\"no\" background_color=\"\" background_image=\"\" background_repeat=\"no-repeat\" background_position=\"left top\" border_position=\"all\" border_size=\"0px\" border_color=\"\" border_style=\"\" padding=\"\" margin_top=\"\" margin_bottom=\"\" animation_type=\"\" animation_direction=\"\" animation_speed=\"0.1\" class=\"\" id=\"\" min_height=\"\" hover_type=\"none\" link=\"\"][fusion_button link=\"https:\/\/www.visitliptov.sk\/en\/what-is-liptov-region-card\/\" title=\"\" target=\"_blank\" alignment=\"right\" modal=\"\" hide_on_mobile=\"small-visibility,medium-visibility,large-visibility\" class=\"\" id=\"\" color=\"default\" button_gradient_top_color=\"\" button_gradient_bottom_color=\"\" button_gradient_top_color_hover=\"\" button_gradient_bottom_color_hover=\"\" accent_color=\"\" accent_hover_color=\"\" type=\"\" bevel_color=\"\" border_width=\"\" size=\"xlarge\" stretch=\"default\" shape=\"\" icon=\"\" icon_position=\"left\" icon_divider=\"no\" animation_type=\"\" animation_direction=\"left\" animation_speed=\"1.0\" animation_offset=\"\"]What is LiptovCard and how do I get it?[\/fusion_button][\/fusion_builder_column][fusion_builder_column type=\"1_1\" layout=\"1_1\" last=\"yes\" spacing=\"yes\" center_content=\"no\" hide_on_mobile=\"no\" background_color=\"\" background_image=\"\" background_repeat=\"no-repeat\" background_position=\"left top\" border_position=\"all\" border_size=\"0px\" border_color=\"\" border_style=\"\" padding=\"\" margin_top=\"\" margin_bottom=\"\" animation_type=\"\" animation_direction=\"\" animation_speed=\"0.1\" class=\"\" id=\"\" min_height=\"\" hover_type=\"none\" link=\"\"][fusion_text][\/fusion_text][fusion_code]W3Jlc3BvbnNpdmUtZmxpcGJvb2sgaWQ9JnF1b3Q7ZGlzY291bnRfZ3VpZGVfd2ludGVyXzIwMThfMjAxOSZxdW90O10=[\/fusion_code][\/fusion_builder_column][\/fusion_builder_row][\/fusion_builder_container][fusion_builder_container hundred_percent=\"no\" equal_height_columns=\"no\" menu_anchor=\"\" hide_on_mobile=\"small-visibility,medium-visibility,large-visibility\" class=\"\" id=\"\" background_color=\"\" background_image=\"\" background_position=\"center center\" background_repeat=\"no-repeat\" fade=\"no\" background_parallax=\"none\" enable_mobile=\"no\" parallax_speed=\"0.3\" video_mp4=\"\" video_webm=\"\" video_ogv=\"\" video_url=\"\" video_aspect_ratio=\"16:9\" video_loop=\"yes\" video_mute=\"yes\" video_preview_image=\"\" border_size=\"\" border_color=\"\" border_style=\"solid\" margin_top=\"\" margin_bottom=\"\" padding_top=\"\" padding_right=\"\" padding_bottom=\"\" padding_left=\"\"][fusion_builder_row][fusion_builder_column type=\"1_3\" layout=\"1_3\" spacing=\"\" center_content=\"no\" hover_type=\"none\" link=\"\" min_height=\"\" hide_on_mobile=\"small-visibility,medium-visibility,large-visibility\" class=\"\" id=\"\" background_color=\"\" background_image=\"\" background_position=\"left top\" background_repeat=\"no-repeat\" border_size=\"0\" border_color=\"\" border_style=\"solid\" border_position=\"all\" padding=\"\" dimension_margin=\"\" animation_type=\"\" animation_direction=\"left\" animation_speed=\"0.3\" animation_offset=\"\" last=\"no\"][fusion_imageframe image_id=\"57544\" style_type=\"none\" stylecolor=\"\" hover_type=\"none\" bordersize=\"\" bordercolor=\"\" borderradius=\"\" align=\"none\" lightbox=\"yes\" gallery_id=\"\" lightbox_image=\"\" alt=\"Liptov Region Card\" link=\"\" linktarget=\"_self\" hide_on_mobile=\"small-visibility,medium-visibility,large-visibility\" class=\"\" id=\"\" animation_type=\"\" animation_direction=\"left\" animation_speed=\"0.3\" animation_offset=\"\"]https:\/\/www.visitliptov.sk\/wp-content\/uploads\/2019\/04\/karta1-300x190.png[\/fusion_imageframe][\/fusion_builder_column][fusion_builder_column type=\"2_3\" layout=\"2_3\" spacing=\"\" center_content=\"no\" hover_type=\"none\" link=\"\" min_height=\"\" hide_on_mobile=\"small-visibility,medium-visibility,large-visibility\" class=\"\" id=\"\" background_color=\"\" background_image=\"\" background_position=\"left top\" background_repeat=\"no-repeat\" border_size=\"0\" border_color=\"\" border_style=\"solid\" border_position=\"all\" padding=\"\" dimension_margin=\"\" animation_type=\"\" animation_direction=\"left\" animation_speed=\"0.3\" animation_offset=\"\" last=\"no\"][fusion_text]\n<p style=\"text-align: justify;\">Key from the gateway to the largest outdoor arena and natural playground in Slovakia, which will allow you to take advantage of discounts in the biggest attractions, excursions, cultural monuments, adrenaline attractions and other partner tourist facilities in the Liptov region. Enjoy water parks, take excursions to the mountains, enjoy adventurous rides, visit the museums, discover the mystery of the caves, enjoy a meal or buy something for yourself. With Liptov Region Card in attractive discounts of 5% to 100%<\/p>\n[\/fusion_text][\/fusion_builder_column][\/fusion_builder_row][\/fusion_builder_container]","featured_media":80598,"featured_media_url":"https:\/\/www.visitliptov.sk\/wp-content\/uploads\/2019\/04\/hurrianee-600x354.png","images_gallery_urls":[],"fotka_1_url":null,"fotka_2_url":null,"fotka_3_url":null,"fotka_4_url":null,"fotka_5_url":null,"fotka_6_url":null,"fotka_7_url":null,"fotka_8_url":null},"pl":{"id":85209,"title":"Przewodnik rabaty","url":"https:\/\/www.visitliptov.sk\/pl\/liptov-region-card\/przewodnik-rabaty\/","api_url":"https:\/\/www.visitliptov.sk\/pl\/wp-json\/wp\/v2\/page\/85209","status":"publish","excerpt":"","content":"[fusion_builder_container hundred_percent=\"yes\" overflow=\"visible\"][fusion_builder_row][fusion_builder_column type=\"1_1\" layout=\"1_1\" last=\"yes\" spacing=\"yes\" center_content=\"no\" hide_on_mobile=\"no\" background_color=\"\" background_image=\"\" background_repeat=\"no-repeat\" background_position=\"left top\" border_position=\"all\" border_size=\"0px\" border_color=\"\" border_style=\"\" padding=\"\" margin_top=\"\" margin_bottom=\"\" animation_type=\"\" animation_direction=\"\" animation_speed=\"0.1\" class=\"\" id=\"\" min_height=\"\" hover_type=\"none\" link=\"\"][fusion_text]\n<h1 class=\"\">Przewodnik rabaty<\/h1>\n[\/fusion_text][\/fusion_builder_column][fusion_builder_column type=\"1_2\" layout=\"1_1\" last=\"yes\" spacing=\"yes\" center_content=\"no\" hide_on_mobile=\"no\" background_color=\"\" background_image=\"\" background_repeat=\"no-repeat\" background_position=\"left top\" border_position=\"all\" border_size=\"0px\" border_color=\"\" border_style=\"\" padding=\"\" margin_top=\"\" margin_bottom=\"\" animation_type=\"\" animation_direction=\"\" animation_speed=\"0.1\" class=\"\" id=\"\" min_height=\"\" hover_type=\"none\" link=\"\" element_content=\"\"][\/fusion_builder_column][fusion_builder_column type=\"1_2\" layout=\"1_1\" last=\"yes\" spacing=\"yes\" center_content=\"no\" hide_on_mobile=\"no\" background_color=\"\" background_image=\"\" background_repeat=\"no-repeat\" background_position=\"left top\" border_position=\"all\" border_size=\"0px\" border_color=\"\" border_style=\"\" padding=\"\" margin_top=\"\" margin_bottom=\"\" animation_type=\"\" animation_direction=\"\" animation_speed=\"0.1\" class=\"\" id=\"\" min_height=\"\" hover_type=\"none\" link=\"\"][fusion_button link=\"https:\/\/www.visitliptov.sk\/pl\/czym-jest-liptov-region-card\/\" title=\"\" target=\"_blank\" alignment=\"right\" modal=\"\" hide_on_mobile=\"small-visibility,medium-visibility,large-visibility\" class=\"\" id=\"\" color=\"default\" button_gradient_top_color=\"\" button_gradient_bottom_color=\"\" button_gradient_top_color_hover=\"\" button_gradient_bottom_color_hover=\"\" accent_color=\"\" accent_hover_color=\"\" type=\"\" bevel_color=\"\" border_width=\"\" size=\"xlarge\" stretch=\"default\" shape=\"\" icon=\"\" icon_position=\"left\" icon_divider=\"no\" animation_type=\"\" animation_direction=\"left\" animation_speed=\"1.0\" animation_offset=\"\"]Co to jest LiptovCard i jak j\u0105 zdoby\u0107?[\/fusion_button][\/fusion_builder_column][fusion_builder_column type=\"1_1\" layout=\"1_1\" last=\"yes\" spacing=\"yes\" center_content=\"no\" hide_on_mobile=\"no\" background_color=\"\" background_image=\"\" background_repeat=\"no-repeat\" background_position=\"left top\" border_position=\"all\" border_size=\"0px\" border_color=\"\" border_style=\"\" padding=\"\" margin_top=\"\" margin_bottom=\"\" animation_type=\"\" animation_direction=\"\" animation_speed=\"0.1\" class=\"\" id=\"\" min_height=\"\" hover_type=\"none\" link=\"\"][fusion_text][\/fusion_text][fusion_code]W3Jlc3BvbnNpdmUtZmxpcGJvb2sgaWQ9JnF1b3Q7c3ByaWV2b2RjYV9saXB0b3ZfY2FyZF96aW1hXzIwMThfMjAxOSZxdW90O10=[\/fusion_code][\/fusion_builder_column][\/fusion_builder_row][\/fusion_builder_container][fusion_builder_container hundred_percent=\"no\" equal_height_columns=\"no\" menu_anchor=\"\" hide_on_mobile=\"small-visibility,medium-visibility,large-visibility\" class=\"\" id=\"\" background_color=\"\" background_image=\"\" background_position=\"center center\" background_repeat=\"no-repeat\" fade=\"no\" background_parallax=\"none\" enable_mobile=\"no\" parallax_speed=\"0.3\" video_mp4=\"\" video_webm=\"\" video_ogv=\"\" video_url=\"\" video_aspect_ratio=\"16:9\" video_loop=\"yes\" video_mute=\"yes\" video_preview_image=\"\" border_size=\"\" border_color=\"\" border_style=\"solid\" margin_top=\"\" margin_bottom=\"\" padding_top=\"\" padding_right=\"\" padding_bottom=\"\" padding_left=\"\"][fusion_builder_row][fusion_builder_column type=\"1_3\" layout=\"1_3\" spacing=\"\" center_content=\"no\" hover_type=\"none\" link=\"\" min_height=\"\" hide_on_mobile=\"small-visibility,medium-visibility,large-visibility\" class=\"\" id=\"\" background_color=\"\" background_image=\"\" background_position=\"left top\" background_repeat=\"no-repeat\" border_size=\"0\" border_color=\"\" border_style=\"solid\" border_position=\"all\" padding=\"\" dimension_margin=\"\" animation_type=\"\" animation_direction=\"left\" animation_speed=\"0.3\" animation_offset=\"\" last=\"no\"][fusion_imageframe image_id=\"57544\" style_type=\"none\" stylecolor=\"\" hover_type=\"none\" bordersize=\"\" bordercolor=\"\" borderradius=\"\" align=\"none\" lightbox=\"yes\" gallery_id=\"\" lightbox_image=\"\" alt=\"Liptov Region Card\" link=\"\" linktarget=\"_self\" hide_on_mobile=\"small-visibility,medium-visibility,large-visibility\" class=\"\" id=\"\" animation_type=\"\" animation_direction=\"left\" animation_speed=\"0.3\" animation_offset=\"\"]https:\/\/www.visitliptov.sk\/wp-content\/uploads\/2019\/04\/karta1-300x190.png[\/fusion_imageframe][\/fusion_builder_column][fusion_builder_column type=\"2_3\" layout=\"2_3\" spacing=\"\" center_content=\"no\" hover_type=\"none\" link=\"\" min_height=\"\" hide_on_mobile=\"small-visibility,medium-visibility,large-visibility\" class=\"\" id=\"\" background_color=\"\" background_image=\"\" background_position=\"left top\" background_repeat=\"no-repeat\" border_size=\"0\" border_color=\"\" border_style=\"solid\" border_position=\"all\" padding=\"\" dimension_margin=\"\" animation_type=\"\" animation_direction=\"left\" animation_speed=\"0.3\" animation_offset=\"\" last=\"no\"][fusion_text]\n<p style=\"text-align: justify;\">Klucz od bramy do najwi\u0119kszej areny zewn\u0119trznej i naturalnego placu zabaw na S\u0142owacji, co pozwoli Ci skorzysta\u0107 z rabat\u00f3w w najwi\u0119kszych atrakcjach, wycieczkach, zabytkach kultury, atrakcjach adrenalinowych i innych obiektach turystycznych na terenie Liptowa. Ciesz si\u0119 parkami wodnymi, korzystaj z wycieczek w g\u00f3ry, korzystaj z przyg\u00f3d, odwiedzaj muzea, odkrywaj tajemnice jaski\u0144, delektuj si\u0119 posi\u0142kiem lub kup co\u015b dla siebie. Z Liptov Region Card w atrakcyjnych rabatach od 5% do 100%.<\/p>\n[\/fusion_text][\/fusion_builder_column][\/fusion_builder_row][\/fusion_builder_container]","featured_media":80599,"featured_media_url":"https:\/\/www.visitliptov.sk\/wp-content\/uploads\/2019\/04\/hurrianee-600x354.png","images_gallery_urls":[],"fotka_1_url":null,"fotka_2_url":null,"fotka_3_url":null,"fotka_4_url":null,"fotka_5_url":null,"fotka_6_url":null,"fotka_7_url":null,"fotka_8_url":null},"ru":{"id":85442,"title":"\u0440\u0443\u043a\u043e\u0432\u043e\u0434\u0441\u0442\u0432\u043e \u0441\u043a\u0438\u0434\u043a\u0438","url":"https:\/\/www.visitliptov.sk\/ru\/liptov-region-card\/%d1%80%d1%83%d0%ba%d0%be%d0%b2%d0%be%d0%b4%d1%81%d1%82%d0%b2%d0%be-%d1%81%d0%ba%d0%b8%d0%b4%d0%ba%d0%b8\/","api_url":"https:\/\/www.visitliptov.sk\/pl\/wp-json\/wp\/v2\/page\/85442","status":"publish","excerpt":"Sprievodca z\u013eavami s Liptov Region Card","content":"<!-- wp:heading -->\n<h2><strong>Sprievodca z\u013eavami s Liptov Region Card<\/strong><\/h2>\n<!-- \/wp:heading --><!-- wp:shortcode -->\n[responsive-flipbook id=\"lrc_leto_2021\"]\n<!-- \/wp:shortcode -->","featured_media":80600,"featured_media_url":"https:\/\/www.visitliptov.sk\/wp-content\/uploads\/2019\/04\/hurrianee-600x354.png","images_gallery_urls":[],"fotka_1_url":null,"fotka_2_url":null,"fotka_3_url":null,"fotka_4_url":null,"fotka_5_url":null,"fotka_6_url":null,"fotka_7_url":null,"fotka_8_url":null}},"_links":{"self":[{"href":"https:\/\/www.visitliptov.sk\/pl\/wp-json\/wp\/v2\/pages\/85209"}],"collection":[{"href":"https:\/\/www.visitliptov.sk\/pl\/wp-json\/wp\/v2\/pages"}],"about":[{"href":"https:\/\/www.visitliptov.sk\/pl\/wp-json\/wp\/v2\/types\/page"}],"author":[{"embeddable":true,"href":"https:\/\/www.visitliptov.sk\/pl\/wp-json\/wp\/v2\/users\/1"}],"replies":[{"embeddable":true,"href":"https:\/\/www.visitliptov.sk\/pl\/wp-json\/wp\/v2\/comments?post=85209"}],"version-history":[{"count":0,"href":"https:\/\/www.visitliptov.sk\/pl\/wp-json\/wp\/v2\/pages\/85209\/revisions"}],"up":[{"embeddable":true,"href":"https:\/\/www.visitliptov.sk\/pl\/wp-json\/wp\/v2\/pages\/90254"}],"wp:featuredmedia":[{"embeddable":true,"href":"https:\/\/www.visitliptov.sk\/pl\/wp-json\/wp\/v2\/media\/80599"}],"wp:attachment":[{"href":"https:\/\/www.visitliptov.sk\/pl\/wp-json\/wp\/v2\/media?parent=85209"}],"curies":[{"name":"wp","href":"https:\/\/api.w.org\/{rel}","templated":true}]}}