{"id":85136,"date":"2016-04-05T00:00:00","date_gmt":"2016-04-04T22:00:00","guid":{"rendered":"https:\/\/www.visitliptov.sk\/liptow-lato\/"},"modified":"2016-04-05T00:00:00","modified_gmt":"2016-04-04T22:00:00","slug":"liptow-lato","status":"publish","type":"page","link":"https:\/\/www.visitliptov.sk\/pl\/liptow-lato\/","title":{"rendered":"Lipt\u00f3w lato"},"content":{"rendered":"<p>[Best_Wordpress_Gallery id=&#8221;4&#8243; gal_title=&#8221;Liptov v zime&#8221;]<\/p>\n\n\n\n","protected":false},"excerpt":{"rendered":"","protected":false},"author":1,"featured_media":0,"parent":0,"menu_order":0,"comment_status":"open","ping_status":"open","template":"","meta":{"_acf_changed":false,"inline_featured_image":false,"episode_type":"","audio_file":"","cover_image":"","cover_image_id":"","duration":"","filesize":"","date_recorded":"","explicit":"","block":"","filesize_raw":"","_jf_limit_responses":"","footnotes":""},"class_list":["post-85136","page","type-page","status-publish","hentry"],"acf":{"vyhradny_obrazok":false,"second_feature_image":null,"search_top_keywords":""},"wpml_translations_detailed":{"en":{"id":84587,"title":"Liptov in summer","url":"https:\/\/www.visitliptov.sk\/en\/liptov-in-summer\/","api_url":"https:\/\/www.visitliptov.sk\/pl\/wp-json\/wp\/v2\/page\/84587","status":"publish","excerpt":"","content":"<!-- wp:gallery {\"ids\":[60127,53690,37821,31933,33594,28971,17002,6947,7179,7183,14270,14338,64456,28901,7071,6923,6967,6875,81506,80987,33501,10567,10563,28375,91172,80991,55979,104604],\"columns\":4,\"linkTo\":\"media\"} -->\n<ul class=\"wp-block-gallery columns-4 is-cropped\"><li class=\"blocks-gallery-item\"><figure><a href=\"https:\/\/www.visitliptov.sk\/wp-content\/uploads\/2019\/04\/csm_jasna_leto__2__59370c64c6-1.jpg\"><img src=\"https:\/\/www.visitliptov.sk\/wp-content\/uploads\/2019\/04\/csm_jasna_leto__2__59370c64c6-1.jpg\" alt=\"\" data-id=\"60127\" data-link=\"https:\/\/www.visitliptov.sk\/en\/csm_jasna_leto__2__59370c64c6-1-jpg-2\/\" class=\"wp-image-60127\"\/><\/a><\/figure><\/li><li class=\"blocks-gallery-item\"><figure><a href=\"https:\/\/www.visitliptov.sk\/wp-content\/uploads\/2019\/04\/LRC_Sprievodca_leto2011_tlacove_Page_15_Image_00031-2.jpg\"><img src=\"https:\/\/www.visitliptov.sk\/wp-content\/uploads\/2019\/04\/LRC_Sprievodca_leto2011_tlacove_Page_15_Image_00031-2.jpg\" alt=\"\" data-id=\"53690\" data-link=\"https:\/\/www.visitliptov.sk\/en\/zaujimavosti\/malino-brdo-ski-bike\/lrc_sprievodca_leto2011_tlacove_page_15_image_00031-2-jpg-2\/\" class=\"wp-image-53690\"\/><\/a><\/figure><\/li><li class=\"blocks-gallery-item\"><figure><a href=\"https:\/\/www.visitliptov.sk\/wp-content\/uploads\/2019\/04\/c-Marek-Hajkovsky-foto-leto-Tatralandia-2015_42-e1474288611597-11-1.jpg\"><img src=\"https:\/\/www.visitliptov.sk\/wp-content\/uploads\/2019\/04\/c-Marek-Hajkovsky-foto-leto-Tatralandia-2015_42-e1474288611597-11-1.jpg\" alt=\"\" data-id=\"37821\" data-link=\"https:\/\/www.visitliptov.sk\/en\/zaujimavosti\/aquapark-tatralandia\/c-marek-hajkovsky-foto-leto-tatralandia-2015_42-e1474288611597-11-1-jpg\/\" class=\"wp-image-37821\"\/><\/a><\/figure><\/li><li class=\"blocks-gallery-item\"><figure><a href=\"https:\/\/www.visitliptov.sk\/wp-content\/uploads\/2019\/03\/150508_Liptovsky-hrad_046.jpg\"><img src=\"https:\/\/www.visitliptov.sk\/wp-content\/uploads\/2019\/03\/150508_Liptovsky-hrad_046.jpg\" alt=\"Liptovsky castle, Slovakia\" data-id=\"31933\" data-link=\"https:\/\/www.visitliptov.sk\/en\/150508_liptovsky-hrad_046-2\/\" class=\"wp-image-31933\"\/><\/a><figcaption>Liptovsky hrad, leto na Liptove<\/figcaption><\/figure><\/li><li class=\"blocks-gallery-item\"><figure><a href=\"https:\/\/www.visitliptov.sk\/wp-content\/uploads\/2019\/04\/malino_leto_priroda.jpg\"><img src=\"https:\/\/www.visitliptov.sk\/wp-content\/uploads\/2019\/04\/malino_leto_priroda.jpg\" alt=\"\" data-id=\"33594\" data-link=\"https:\/\/www.visitliptov.sk\/en\/malino_leto_priroda-2\/\" class=\"wp-image-33594\"\/><\/a><\/figure><\/li><li class=\"blocks-gallery-item\"><figure><a href=\"https:\/\/www.visitliptov.sk\/wp-content\/uploads\/2019\/03\/c-Marek-Hajkovsky-foto-TATRALANDIA-leto-2018_26.jpg\"><img src=\"https:\/\/www.visitliptov.sk\/wp-content\/uploads\/2019\/03\/c-Marek-Hajkovsky-foto-TATRALANDIA-leto-2018_26.jpg\" alt=\"\" data-id=\"28971\" data-link=\"https:\/\/www.visitliptov.sk\/en\/c-marek-hajkovsky-foto-tatralandia-leto-2018_26-2-2\/\" class=\"wp-image-28971\"\/><\/a><\/figure><\/li><li class=\"blocks-gallery-item\"><figure><a href=\"https:\/\/www.visitliptov.sk\/wp-content\/uploads\/2019\/03\/Clipboard04.jpg\"><img src=\"https:\/\/www.visitliptov.sk\/wp-content\/uploads\/2019\/03\/Clipboard04.jpg\" alt=\"Rafting adventure\" data-id=\"17002\" data-link=\"https:\/\/www.visitliptov.sk\/en\/zaujimavosti\/rafting-adventure\/clipboard04-jpg\/\" class=\"wp-image-17002\"\/><\/a><figcaption>Tatry Magaz\u00edn LETO 2015<\/figcaption><\/figure><\/li><li class=\"blocks-gallery-item\"><figure><a href=\"https:\/\/www.visitliptov.sk\/wp-content\/uploads\/2019\/03\/4.-Leto-v-kazdom-pocasi.jpg\"><img src=\"https:\/\/www.visitliptov.sk\/wp-content\/uploads\/2019\/03\/4.-Leto-v-kazdom-pocasi.jpg\" alt=\"\" data-id=\"6947\" data-link=\"https:\/\/www.visitliptov.sk\/en\/zaujimavosti\/aquapark-tatralandia\/4-leto-v-kazdom-pocasi\/\" class=\"wp-image-6947\"\/><\/a><\/figure><\/li><li class=\"blocks-gallery-item\"><figure><a href=\"https:\/\/www.visitliptov.sk\/wp-content\/uploads\/2019\/03\/c-Marek-Hajkovsky-foto-Besenova-leto-2018_12.jpg\"><img src=\"https:\/\/www.visitliptov.sk\/wp-content\/uploads\/2019\/03\/c-Marek-Hajkovsky-foto-Besenova-leto-2018_12.jpg\" alt=\"\" data-id=\"7179\" data-link=\"https:\/\/www.visitliptov.sk\/en\/zaujimavosti\/besenova-waterpark\/c-marek-hajkovsky-foto-besenova-leto-2018_12\/\" class=\"wp-image-7179\"\/><\/a><\/figure><\/li><li class=\"blocks-gallery-item\"><figure><a href=\"https:\/\/www.visitliptov.sk\/wp-content\/uploads\/2019\/03\/Jasna_leto-2018.jpg\"><img src=\"https:\/\/www.visitliptov.sk\/wp-content\/uploads\/2019\/03\/Jasna_leto-2018.jpg\" alt=\"\" data-id=\"7183\" data-link=\"https:\/\/www.visitliptov.sk\/en\/zaujimavosti\/besenova-waterpark\/jasna_leto-2018\/\" class=\"wp-image-7183\"\/><\/a><\/figure><\/li><li class=\"blocks-gallery-item\"><figure><a href=\"https:\/\/www.visitliptov.sk\/wp-content\/uploads\/2019\/03\/LRC_Sprievodca_leto2011_tlacove_Page_15_Image_00031.jpg\"><img src=\"https:\/\/www.visitliptov.sk\/wp-content\/uploads\/2019\/03\/LRC_Sprievodca_leto2011_tlacove_Page_15_Image_00031.jpg\" alt=\"Malin\u00f4 Brdo ski &amp; bike\" data-id=\"14270\" data-link=\"https:\/\/www.visitliptov.sk\/en\/zaujimavosti\/malino-brdo-ski-bike\/lrc_sprievodca_leto2011_tlacove_page_15_image_00031-jpg\/\" class=\"wp-image-14270\"\/><\/a><figcaption>Malin\u00f4 Brdo ski & bike<\/figcaption><\/figure><\/li><li class=\"blocks-gallery-item\"><figure><a href=\"https:\/\/www.visitliptov.sk\/wp-content\/uploads\/2019\/03\/LRC_Sprievodca_leto2011_tlacove_Page_15_Image_0001.jpg\"><img src=\"https:\/\/www.visitliptov.sk\/wp-content\/uploads\/2019\/03\/LRC_Sprievodca_leto2011_tlacove_Page_15_Image_0001.jpg\" alt=\"Malin\u00f4 Brdo ski &amp; bike\" data-id=\"14338\" data-link=\"https:\/\/www.visitliptov.sk\/en\/zaujimavosti\/malino-brdo-ski-bike\/lrc_sprievodca_leto2011_tlacove_page_15_image_0001\/\" class=\"wp-image-14338\"\/><\/a><figcaption>Malin\u00f4 Brdo ski & bike<\/figcaption><\/figure><\/li><li class=\"blocks-gallery-item\"><figure><a href=\"https:\/\/www.visitliptov.sk\/wp-content\/uploads\/2019\/04\/summer.jpg\"><img src=\"https:\/\/www.visitliptov.sk\/wp-content\/uploads\/2019\/04\/summer.jpg\" alt=\"\" data-id=\"64456\" data-link=\"https:\/\/www.visitliptov.sk\/en\/summer-2\/\" class=\"wp-image-64456\"\/><\/a><\/figure><\/li><li class=\"blocks-gallery-item\"><figure><a href=\"https:\/\/www.visitliptov.sk\/wp-content\/uploads\/2019\/03\/c-Marek-Hajkovsky-foto-Besenova-leto-2018_34.jpg\"><img src=\"https:\/\/www.visitliptov.sk\/wp-content\/uploads\/2019\/03\/c-Marek-Hajkovsky-foto-Besenova-leto-2018_34.jpg\" alt=\"\" data-id=\"28901\" data-link=\"https:\/\/www.visitliptov.sk\/en\/c-marek-hajkovsky-foto-besenova-leto-2018_34-2-2\/\" class=\"wp-image-28901\"\/><\/a><\/figure><\/li><li class=\"blocks-gallery-item\"><figure><a href=\"https:\/\/www.visitliptov.sk\/wp-content\/uploads\/2019\/03\/18358849_1214922345282747_2022725509471081750_o.jpg\"><img src=\"https:\/\/www.visitliptov.sk\/wp-content\/uploads\/2019\/03\/18358849_1214922345282747_2022725509471081750_o.jpg\" alt=\"Be\u0161e\u0148ov\u00e1\" data-id=\"7071\" data-link=\"https:\/\/www.visitliptov.sk\/en\/zaujimavosti\/besenova-waterpark\/18358849_1214922345282747_2022725509471081750_o\/\" class=\"wp-image-7071\"\/><\/a><figcaption>Be\u0161e\u0148ov\u00e1<\/figcaption><\/figure><\/li><li class=\"blocks-gallery-item\"><figure><a href=\"https:\/\/www.visitliptov.sk\/wp-content\/uploads\/2019\/03\/c-Marek-Hajkovsky-2017-Besenova_121.jpg\"><img src=\"https:\/\/www.visitliptov.sk\/wp-content\/uploads\/2019\/03\/c-Marek-Hajkovsky-2017-Besenova_121.jpg\" alt=\"Vodn\u00fd park Be\u0161e\u0148ov\u00e1\" data-id=\"6923\" data-link=\"https:\/\/www.visitliptov.sk\/en\/zaujimavosti\/aquapark-tatralandia\/c-marek-hajkovsky-2017-besenova_121\/\" class=\"wp-image-6923\"\/><\/a><figcaption>Vodn\u00fd park Be\u0161e\u0148ov\u00e1<\/figcaption><\/figure><\/li><li class=\"blocks-gallery-item\"><figure><a href=\"https:\/\/www.visitliptov.sk\/wp-content\/uploads\/2019\/03\/gpb-web3-20162017-vbscv-08-2.jpg\"><img src=\"https:\/\/www.visitliptov.sk\/wp-content\/uploads\/2019\/03\/gpb-web3-20162017-vbscv-08-2.jpg\" alt=\"Vodn\u00fd park Be\u0161e\u0148ov\u00e1\" data-id=\"6967\" data-link=\"https:\/\/www.visitliptov.sk\/en\/zaujimavosti\/besenova-waterpark\/gpb-web3-20162017-vbscv-08-2-jpg\/\" class=\"wp-image-6967\"\/><\/a><figcaption>Vodn\u00fd park Be\u0161e\u0148ov\u00e1<\/figcaption><\/figure><\/li><li class=\"blocks-gallery-item\"><figure><a href=\"https:\/\/www.visitliptov.sk\/wp-content\/uploads\/2019\/03\/c-Marek-Hajkovsky-2017-Besenova_124.jpg\"><img src=\"https:\/\/www.visitliptov.sk\/wp-content\/uploads\/2019\/03\/c-Marek-Hajkovsky-2017-Besenova_124.jpg\" alt=\"c Marek Hajkovsky 2017 Besenova_124\" data-id=\"6875\" data-link=\"https:\/\/www.visitliptov.sk\/en\/zaujimavosti\/aquapark-tatralandia\/c-marek-hajkovsky-2017-besenova_124\/\" class=\"wp-image-6875\"\/><\/a><figcaption>c Marek Hajkovsky 2017 Besenova_124<\/figcaption><\/figure><\/li><li class=\"blocks-gallery-item\"><figure><a href=\"https:\/\/www.visitliptov.sk\/wp-content\/uploads\/2019\/04\/turistika_cover.jpg\"><img src=\"https:\/\/www.visitliptov.sk\/wp-content\/uploads\/2019\/04\/turistika_cover.jpg\" alt=\"\" data-id=\"81506\" data-link=\"https:\/\/www.visitliptov.sk\/en\/turistika_cover-2\/\" class=\"wp-image-81506\"\/><\/a><\/figure><\/li><li class=\"blocks-gallery-item\"><figure><a href=\"https:\/\/www.visitliptov.sk\/wp-content\/uploads\/2019\/04\/turistikaaaa.png\"><img src=\"https:\/\/www.visitliptov.sk\/wp-content\/uploads\/2019\/04\/turistikaaaa.png\" alt=\"\" data-id=\"80987\" data-link=\"https:\/\/www.visitliptov.sk\/en\/summer-holidays\/turistikaaaa-2\/\" class=\"wp-image-80987\"\/><\/a><\/figure><\/li><li class=\"blocks-gallery-item\"><figure><a href=\"https:\/\/www.visitliptov.sk\/wp-content\/uploads\/2019\/04\/turistika.jpg\"><img src=\"https:\/\/www.visitliptov.sk\/wp-content\/uploads\/2019\/04\/turistika.jpg\" alt=\"\" data-id=\"33501\" data-link=\"https:\/\/www.visitliptov.sk\/en\/2018\/07\/14\/demanovska-dolina-ked-rozpravka-meni-skutocnost\/turistika-2\/\" class=\"wp-image-33501\"\/><\/a><figcaption>OLYMPUS DIGITAL CAMERA<\/figcaption><\/figure><\/li><li class=\"blocks-gallery-item\"><figure><a href=\"https:\/\/www.visitliptov.sk\/wp-content\/uploads\/2019\/03\/Cykloturistika_2.jpg\"><img src=\"https:\/\/www.visitliptov.sk\/wp-content\/uploads\/2019\/03\/Cykloturistika_2.jpg\" alt=\"Tatry motion\" data-id=\"10567\" data-link=\"https:\/\/www.visitliptov.sk\/en\/zaujimavosti\/tatry-motion-rental-school\/cykloturistika_2\/\" class=\"wp-image-10567\"\/><\/a><figcaption>Tatry motion<\/figcaption><\/figure><\/li><li class=\"blocks-gallery-item\"><figure><a href=\"https:\/\/www.visitliptov.sk\/wp-content\/uploads\/2019\/03\/Cykloturistika.jpg\"><img src=\"https:\/\/www.visitliptov.sk\/wp-content\/uploads\/2019\/03\/Cykloturistika.jpg\" alt=\"Tatry motion\" data-id=\"10563\" data-link=\"https:\/\/www.visitliptov.sk\/en\/zaujimavosti\/tatry-motion-rental-school\/cykloturistika\/\" class=\"wp-image-10563\"\/><\/a><figcaption>Tatry motion<\/figcaption><\/figure><\/li><li class=\"blocks-gallery-item\"><figure><a href=\"https:\/\/www.visitliptov.sk\/wp-content\/uploads\/2019\/03\/lrc_turisticke_trasy@2x.jpg\"><img src=\"https:\/\/www.visitliptov.sk\/wp-content\/uploads\/2019\/03\/lrc_turisticke_trasy@2x.jpg\" alt=\"\" data-id=\"28375\" data-link=\"https:\/\/www.visitliptov.sk\/en\/holiday-planning\/mountain-insurance\/lrc_turisticke_trasy2x-2\/\" class=\"wp-image-28375\"\/><\/a><\/figure><\/li><li class=\"blocks-gallery-item\"><figure><a href=\"https:\/\/www.visitliptov.sk\/wp-content\/uploads\/2019\/05\/Podtatranska_cyklomagistrala.jpg\"><img src=\"https:\/\/www.visitliptov.sk\/wp-content\/uploads\/2019\/05\/Podtatranska_cyklomagistrala.jpg\" alt=\"\" data-id=\"91172\" data-link=\"https:\/\/www.visitliptov.sk\/en\/trasa\/podtatranska-cyklomagistrala\/podtatranska_cyklomagistrala-2\/\" class=\"wp-image-91172\"\/><\/a><figcaption>Podtatranska_cyklomagistrala<\/figcaption><\/figure><\/li><li class=\"blocks-gallery-item\"><figure><a href=\"https:\/\/www.visitliptov.sk\/wp-content\/uploads\/2019\/04\/cyklo1.png\"><img src=\"https:\/\/www.visitliptov.sk\/wp-content\/uploads\/2019\/04\/cyklo1.png\" alt=\"\" data-id=\"80991\" data-link=\"https:\/\/www.visitliptov.sk\/en\/summer-holidays\/cyklo1-2\/\" class=\"wp-image-80991\"\/><\/a><\/figure><\/li><li class=\"blocks-gallery-item\"><figure><a href=\"https:\/\/www.visitliptov.sk\/wp-content\/uploads\/2019\/04\/20621051_1569357463115112_1674232391268267090_n.jpg\"><img src=\"https:\/\/www.visitliptov.sk\/wp-content\/uploads\/2019\/04\/20621051_1569357463115112_1674232391268267090_n.jpg\" alt=\"Kva\u010diansky okruh na bicykli\" data-id=\"55979\" data-link=\"https:\/\/www.visitliptov.sk\/en\/trasa\/prosiecka-and-kvacianska-valley\/20621051_1569357463115112_1674232391268267090_n-2\/\" class=\"wp-image-55979\"\/><\/a><figcaption>Kva\u010diansky okruh na bicykli<\/figcaption><\/figure><\/li><li class=\"blocks-gallery-item\"><figure><a href=\"https:\/\/www.visitliptov.sk\/wp-content\/uploads\/2019\/09\/gothal-naucny-chodnik-ferrata-dve-veze-11-nkO.jpeg\"><img src=\"https:\/\/www.visitliptov.sk\/wp-content\/uploads\/2019\/09\/gothal-naucny-chodnik-ferrata-dve-veze-11-nkO.jpeg\" alt=\"\" data-id=\"104604\" data-link=\"https:\/\/www.visitliptov.sk\/en\/trasa\/naucny-chodnik-ferrata-dve-veze\/gothal-naucny-chodnik-ferrata-dve-veze-11-nko-2-2\/\" class=\"wp-image-104604\"\/><\/a><\/figure><\/li><\/ul>\n<!-- \/wp:gallery -->","featured_media":0,"featured_media_url":null,"images_gallery_urls":[],"fotka_1_url":null,"fotka_2_url":null,"fotka_3_url":null,"fotka_4_url":null,"fotka_5_url":null,"fotka_6_url":null,"fotka_7_url":null,"fotka_8_url":null},"pl":{"id":85136,"title":"Lipt\u00f3w lato","url":"https:\/\/www.visitliptov.sk\/pl\/liptow-lato\/","api_url":"https:\/\/www.visitliptov.sk\/pl\/wp-json\/wp\/v2\/page\/85136","status":"publish","excerpt":"","content":"[fusion_builder_container hundred_percent=\"yes\" overflow=\"visible\"][fusion_builder_row][fusion_builder_column type=\"1_1\" background_position=\"left top\" background_color=\"\" border_size=\"\" border_color=\"\" border_style=\"solid\" spacing=\"yes\" background_image=\"\" background_repeat=\"no-repeat\" padding=\"\" margin_top=\"0px\" margin_bottom=\"0px\" class=\"\" id=\"\" animation_type=\"\" animation_speed=\"0.3\" animation_direction=\"left\" hide_on_mobile=\"no\" center_content=\"no\" min_height=\"none\"][Best_Wordpress_Gallery id=\"4\" gal_title=\"Liptov v zime\"][\/fusion_builder_column][\/fusion_builder_row][\/fusion_builder_container]","featured_media":0,"featured_media_url":null,"images_gallery_urls":[],"fotka_1_url":null,"fotka_2_url":null,"fotka_3_url":null,"fotka_4_url":null,"fotka_5_url":null,"fotka_6_url":null,"fotka_7_url":null,"fotka_8_url":null},"ru":{"id":85386,"title":"Liptov \u043b\u0435\u0442\u043e","url":"https:\/\/www.visitliptov.sk\/ru\/liptov-%d0%bb%d0%b5%d1%82%d0%be\/","api_url":"https:\/\/www.visitliptov.sk\/pl\/wp-json\/wp\/v2\/page\/85386","status":"publish","excerpt":"","content":"[fusion_builder_container hundred_percent=\"yes\" overflow=\"visible\"][fusion_builder_row][fusion_builder_column type=\"1_1\" background_position=\"left top\" background_color=\"\" border_size=\"\" border_color=\"\" border_style=\"solid\" spacing=\"yes\" background_image=\"\" background_repeat=\"no-repeat\" padding=\"\" margin_top=\"0px\" margin_bottom=\"0px\" class=\"\" id=\"\" animation_type=\"\" animation_speed=\"0.3\" animation_direction=\"left\" hide_on_mobile=\"no\" center_content=\"no\" min_height=\"none\"][Best_Wordpress_Gallery id=\"4\" gal_title=\"Liptov v lete\"][\/fusion_builder_column][\/fusion_builder_row][\/fusion_builder_container]","featured_media":0,"featured_media_url":null,"images_gallery_urls":[],"fotka_1_url":null,"fotka_2_url":null,"fotka_3_url":null,"fotka_4_url":null,"fotka_5_url":null,"fotka_6_url":null,"fotka_7_url":null,"fotka_8_url":null}},"_links":{"self":[{"href":"https:\/\/www.visitliptov.sk\/pl\/wp-json\/wp\/v2\/pages\/85136"}],"collection":[{"href":"https:\/\/www.visitliptov.sk\/pl\/wp-json\/wp\/v2\/pages"}],"about":[{"href":"https:\/\/www.visitliptov.sk\/pl\/wp-json\/wp\/v2\/types\/page"}],"author":[{"embeddable":true,"href":"https:\/\/www.visitliptov.sk\/pl\/wp-json\/wp\/v2\/users\/1"}],"replies":[{"embeddable":true,"href":"https:\/\/www.visitliptov.sk\/pl\/wp-json\/wp\/v2\/comments?post=85136"}],"version-history":[{"count":0,"href":"https:\/\/www.visitliptov.sk\/pl\/wp-json\/wp\/v2\/pages\/85136\/revisions"}],"wp:attachment":[{"href":"https:\/\/www.visitliptov.sk\/pl\/wp-json\/wp\/v2\/media?parent=85136"}],"curies":[{"name":"wp","href":"https:\/\/api.w.org\/{rel}","templated":true}]}}