{"id":85093,"date":"2016-03-24T00:00:00","date_gmt":"2016-03-23T23:00:00","guid":{"rendered":"https:\/\/www.visitliptov.sk\/archiwum-newslettera\/"},"modified":"2016-03-24T00:00:00","modified_gmt":"2016-03-23T23:00:00","slug":"archiwum-newslettera","status":"publish","type":"page","link":"https:\/\/www.visitliptov.sk\/pl\/archiwum-newslettera\/","title":{"rendered":"Archiwum newslettera"},"content":{"rendered":"<h1 style=\"text-align: center;\">Archiwum newslettera<\/h1>\n<h1>Rok 2016<\/h1>\n<hr \/>\n<p>&nbsp;<\/p>\n<h1><span style=\"line-height: 1.5;\">Rok 2015<\/span><\/h1>\n<p class=\"null\">19. 02. 2015<strong> <a href=\"http:\/\/eepurl.com\/beJJsj\" target=\"_blank\" rel=\"noopener noreferrer\">Najlepsze narty s\u0105 na Liptowie!<\/a><\/strong><\/p>\n<p><span>14. 07. 2015\u00a0\u00a0<\/span><strong><a href=\"http:\/\/eepurl.com\/bs5_gj\" target=\"_blank\" rel=\"noopener noreferrer\">Szukaj skarb\u00f3w Liptova<\/a><\/strong><\/p>\n","protected":false},"excerpt":{"rendered":"<p>Archiwum newslettera Rok 2016 &nbsp; Rok 2015 19. 02. 2015 Najlepsze narty s\u0105 na Liptowie! 14. 07. 2015\u00a0\u00a0Szukaj skarb\u00f3w Liptova<\/p>\n","protected":false},"author":1,"featured_media":573673,"parent":0,"menu_order":0,"comment_status":"open","ping_status":"open","template":"","meta":{"_acf_changed":false,"inline_featured_image":false,"episode_type":"","audio_file":"","cover_image":"","cover_image_id":"","duration":"","filesize":"","date_recorded":"","explicit":"","block":"","filesize_raw":"","_jf_limit_responses":"","footnotes":""},"class_list":["post-85093","page","type-page","status-publish","has-post-thumbnail","hentry"],"acf":{"vyhradny_obrazok":false,"second_feature_image":"","search_top_keywords":""},"wpml_translations_detailed":{"sk":{"id":81875,"title":"Newsletter Arch\u00edv","url":"https:\/\/www.visitliptov.sk\/newsletter-archiv\/","api_url":"https:\/\/www.visitliptov.sk\/pl\/wp-json\/wp\/v2\/page\/81875","status":"publish","excerpt":"09. 03. 2026 Vie\u0161, kde za\u017eije\u0161 zimu aj leto v jeden de\u0148? 13. 02. 2026 Recept na lacnej\u0161iu dovolenku? 05. ...","content":"<!-- wp:paragraph -->\n<p>09. 03. 2026 <strong><a href=\"https:\/\/www.visitliptov.sk\/wp-content\/uploads\/2026\/03\/Newsletter-Vies-kde-zazijes-zimu-aj-leto-v.pdf\">Vie\u0161, kde za\u017eije\u0161 zimu aj leto v jeden de\u0148?<\/a><\/strong><\/p>\n<!-- \/wp:paragraph -->\n\n<!-- wp:paragraph -->\n<p>13. 02. 2026  <a href=\"https:\/\/www.visitliptov.sk\/wp-content\/uploads\/2026\/03\/Newsletter_-Recept-na-lacnejsiu-dovolenku-ci-vylet.pdf\"><strong>Recept na lacnej\u0161iu dovolenku?<\/strong><\/a><\/p>\n<!-- \/wp:paragraph -->\n\n<!-- wp:paragraph -->\n<p>05. 02. 2026 <strong><a href=\"https:\/\/www.visitliptov.sk\/wp-content\/uploads\/2026\/03\/Newsletter-Zazi-zimne-mesto-2026.pdf\">Za\u017eite atmosf\u00e9ru zimn\u00fd OH aj doma na Slovensku<\/a><\/strong><\/p>\n<!-- \/wp:paragraph -->\n\n<!-- wp:paragraph -->\n<p>14. 01. 2026 <strong><a href=\"https:\/\/www.visitliptov.sk\/wp-content\/uploads\/2026\/03\/Newsletter-Zazi-zimne-mesto-2026.pdf\"> Za\u017ei zimn\u00e9 mesto<\/a><\/strong><\/p>\n<!-- \/wp:paragraph -->\n\n<!-- wp:acf\/accordion {\"name\":\"acf\/accordion\",\"data\":{\"accordion_items_0_title\":\"2025\",\"_accordion_items_0_title\":\"field_5c9214716a572\",\"accordion_items_0_content\":\"\\u003c!\\u002d\\u002d wp:paragraph \\u002d\\u002d\\u003e\\r\\n\\r\\n9. 12. 2025\u00a0 \\u003ca href=\\u0022https:\/\/www.visitliptov.sk\/wp-content\/uploads\/2026\/03\/Newsletter-Najlepsia-lyzovacka-je-na-Liptove-.pdf\\u0022\\u003e\\u003cstrong\\u003ePredviano\u010dn\u00e1 ly\u017eova\u010dka na Liptove za polovicu!\\u003c\/strong\\u003e\\u003c\/a\\u003e\\r\\n\\r\\n\\u003c!\\u002d\\u002d \/wp:paragraph \\u002d\\u002d\\u003e \\u003c!\\u002d\\u002d wp:paragraph \\u002d\\u002d\\u003e\\r\\n\\r\\n30. 7. 2025 \\u003ca href=\\u0022https:\/\/www.visitliptov.sk\/wp-content\/uploads\/2025\/07\/Nezmeskajte_vyhodnu_ponuku_LRC.html\\u0022\\u003e\\u003cstrong\\u003eNezme\u0161kajte v\u00fdhodn\u00fa ponuku s Liptov Region Card!\\u003c\/strong\\u003e\\u003c\/a\\u003e\\r\\n\\r\\n\\u003c!\\u002d\\u002d \/wp:paragraph \\u002d\\u002d\\u003e\",\"_accordion_items_0_content\":\"field_5c9214826a573\",\"accordion_items_1_title\":\"2024\",\"_accordion_items_1_title\":\"field_5c9214716a572\",\"accordion_items_1_content\":\"15.11.2024 \\u003ca href=\\u0022https:\/\/www.visitliptov.sk\/wp-content\/uploads\/2024\/11\/LiptovRegionCardzima20242025_HTML_20241115163950.html\\u0022 target=\\u0022_blank\\u0022 rel=\\u0022noreferrer noopener\\u0022\\u003e\\u003cstrong\\u003eNala\u010fte sa na zimu so z\u013eavami v\u010faka Liptov Region Card\\u003c\/strong\\u003e\\u003c\/a\\u003e\",\"_accordion_items_1_content\":\"field_5c9214826a573\",\"accordion_items_2_title\":\"2023\",\"_accordion_items_2_title\":\"field_5c9214716a572\",\"accordion_items_2_content\":\"\\u003c!\\u002d\\u002d wp:paragraph \\u002d\\u002d\\u003e\\r\\n\\r\\n29. 11. 2023 \\u003cstrong\\u003e\\u003ca href=\\u0022https:\/\/www.visitliptov.sk\/wp-content\/uploads\/2023\/11\/LiptovRegionCardzima2023_HTML_20231129212243.html\\u0022 target=\\u0022_blank\\u0022 rel=\\u0022noreferrer noopener\\u0022\\u003e Na zimnej dovolenke sa d\u00e1 u\u0161etri\u0165\\u003c\/a\\u003e\\u003c\/strong\\u003e\\r\\n\\r\\n\\u003c!\\u002d\\u002d \/wp:paragraph \\u002d\\u002d\\u003e \\u003c!\\u002d\\u002d wp:paragraph \\u002d\\u002d\\u003e\\r\\n\\r\\n28. 06. 2023 \\u003cstrong\\u003e\\u003ca href=\\u0022https:\/\/www.visitliptov.sk\/wp-content\/uploads\/2023\/06\/LiptovRegionCardleto2023_HTML_20230627191017.html\\u0022 target=\\u0022_blank\\u0022 rel=\\u0022noreferrer noopener\\u0022\\u003eZa\u017eite viac a\u00a0zapla\u0165te menej\\u003c\/a\\u003e\\u003c\/strong\\u003e\\r\\n\\r\\n\\u003c!\\u002d\\u002d \/wp:paragraph \\u002d\\u002d\\u003e \\u003c!\\u002d\\u002d wp:paragraph \\u002d\\u002d\\u003e\\r\\n\\r\\n18. 05. 2023 \\u003cstrong\\u003e\\u003ca href=\\u0022https:\/\/www.visitliptov.sk\/wp-content\/uploads\/2023\/05\/LiptovRegionCard_maj_2023-2.html\\u0022\\u003eNa\u0161tartujte va\u0161e leto s nov\u00fdmi z\u013eavami\\u003c\/a\\u003e\\u003c\/strong\\u003e\\r\\n\\r\\n\\u003c!\\u002d\\u002d \/wp:paragraph \\u002d\\u002d\\u003e \\u003c!\\u002d\\u002d wp:paragraph \\u002d\\u002d\\u003e\\r\\n\\r\\n31. 03. 2023 \\u003cstrong\\u003e\\u003ca href=\\u0022https:\/\/www.visitliptov.sk\/wp-content\/uploads\/2023\/03\/askuska1_HTML_20230331132757.html\\u0022 target=\\u0022_blank\\u0022 rel=\\u0022noreferrer noopener\\u0022\\u003eLiptov na jar #TrebaZazit!\\u003c\/a\\u003e\\u003c\/strong\\u003e\\r\\n\\r\\n\\u003c!\\u002d\\u002d \/wp:paragraph \\u002d\\u002d\\u003e\",\"_accordion_items_2_content\":\"field_5c9214826a573\",\"accordion_items_3_title\":\"2022\",\"_accordion_items_3_title\":\"field_5c9214716a572\",\"accordion_items_3_content\":\"\\u003c!\\u002d\\u002d wp:paragraph \\u002d\\u002d\\u003e\\r\\n\\r\\n30. 11. 2022\\u003ca href=\\u0022https:\/\/www.visitliptov.sk\/wp-content\/uploads\/2022\/11\/november2022_HTML_20221130202308.html\\u0022 target=\\u0022_blank\\u0022 rel=\\u0022noreferrer noopener\\u0022\\u003e \\u003cstrong\\u003eZimn\u00e1 sez\u00f3na sa za\u010d\u00edna. Od\u0161tartujte ju spolu s nami!\\u003c\/strong\\u003e\\u003c\/a\\u003e\\r\\n\\r\\n\\u003c!\\u002d\\u002d \/wp:paragraph \\u002d\\u002d\\u003e \\u003c!\\u002d\\u002d wp:paragraph \\u002d\\u002d\\u003e\\r\\n\\r\\n26.09.2022 \\u003cstrong\\u003e\\u003ca href=\\u0022https:\/\/www.visitliptov.sk\/wp-content\/uploads\/2022\/09\/Jesen2022_HTML_20220921200017.html\\u0022 target=\\u0022_blank\\u0022 rel=\\u0022noreferrer noopener\\u0022\\u003eNenechaj si s\u00a0pr\u00edchodom jesene zobra\u0165 chu\u0165 na z\u00e1\u017eitky. Liptov #TrebaZazit!\\u003c\/a\\u003e\\u003c\/strong\\u003e\\r\\n\\r\\n\\u003c!\\u002d\\u002d \/wp:paragraph \\u002d\\u002d\\u003e \\u003c!\\u002d\\u002d wp:paragraph \\u002d\\u002d\\u003e\\r\\n\\r\\n28. 03.2022 \\u003cstrong\\u003e\\u003ca href=\\u0022https:\/\/www.visitliptov.sk\/wp-content\/uploads\/2022\/03\/ProduktLiptova_HTML_20220328205358.html\\u0022 target=\\u0022_blank\\u0022 rel=\\u0022noreferrer noopener\\u0022\\u003eOchutnajte to najlep\u0161ie z regi\u00f3nu Liptov\\u003c\/a\\u003e\\u003c\/strong\\u003e\\r\\n\\r\\n\\u003c!\\u002d\\u002d \/wp:paragraph \\u002d\\u002d\\u003e\",\"_accordion_items_3_content\":\"field_5c9214826a573\",\"accordion_items_4_title\":\"2021\",\"_accordion_items_4_title\":\"field_5c9214716a572\",\"accordion_items_4_content\":\"31. 03. 2021 \\u003ca href=\\u0022https:\/\/www.visitliptov.sk\/wp-content\/uploads\/2021\/08\/jar2021_HTML_20210330192718-1.html\\u0022 target=\\u0022_blank\\u0022 rel=\\u0022noreferrer noopener\\u0022\\u003e\\u003cstrong\\u003eSpoznaj Liptov z pohodlia domova\\u003c\/strong\\u003e\\u003c\/a\\u003e\",\"_accordion_items_4_content\":\"field_5c9214826a573\",\"accordion_items_5_title\":\"2020\",\"_accordion_items_5_title\":\"field_5c9214716a572\",\"accordion_items_5_content\":\"\\u003c!\\u002d\\u002d wp:paragraph \\u002d\\u002d\\u003e\\r\\n\\r\\n30. 09. 2020 \\u003cstrong\\u003ePrieskum \\u003c\/strong\\u003e- \\u003ca href=\\u0022https:\/\/www.visitliptov.sk\/wp-content\/uploads\/2021\/08\/Prieskum_HTML_20200930195055.html\\u0022 target=\\u0022_blank\\u0022 rel=\\u0022noreferrer noopener\\u0022\\u003e\\u003cstrong\\u003eAk\u00e1 bola Va\u0161a dovolenka na Liptove?\\u003c\/strong\\u003e\\u003c\/a\\u003e\\r\\n\\r\\n\\u003c!\\u002d\\u002d \/wp:paragraph \\u002d\\u002d\\u003e \\u003c!\\u002d\\u002d wp:paragraph \\u002d\\u002d\\u003e\\r\\n\\r\\n17. 04. 2020 \\u003ca href=\\u0022https:\/\/www.visitliptov.sk\/wp-content\/uploads\/2021\/08\/Corona_HTML_20200420154141.html\\u0022 target=\\u0022_blank\\u0022 rel=\\u0022noreferrer noopener\\u0022\\u003e\\u003cstrong\\u003eLiptov \u2013 spolo\u010dne to zvl\u00e1dneme, m\u00e1me na to\\u003c\/strong\\u003e\\u003c\/a\\u003e\\r\\n\\r\\n\\u003c!\\u002d\\u002d \/wp:paragraph \\u002d\\u002d\\u003e\",\"_accordion_items_5_content\":\"field_5c9214826a573\",\"accordion_items_6_title\":\"2019 - 2015\",\"_accordion_items_6_title\":\"field_5c9214716a572\",\"accordion_items_6_content\":\"\\u003c!\\u002d\\u002d wp:paragraph \\u002d\\u002d\\u003e\\r\\n\\r\\n20.12.2019\u00a0 \\u003cstrong\\u003e\\u003ca href=\\u0022https:\/\/www.visitliptov.sk\/wp-content\/uploads\/2019\/12\/skibusy20192020_HTML_20191220144618.html\\u0022\\u003eLiptov v\u017edy aktu\u00e1lne, v\u010faka mobilnej aplik\u00e1cii\\u003c\/a\\u003e\\u003c\/strong\\u003e\\r\\n\\r\\n\\u003c!\\u002d\\u002d \/wp:paragraph \\u002d\\u002d\\u003e \\u003c!\\u002d\\u002d wp:paragraph \\u002d\\u002d\\u003e\\r\\n\\r\\n29.10.2019\u00a0 \\u003cstrong\\u003e\\u003ca href=\\u0022https:\/\/www.visitliptov.sk\/wp-content\/uploads\/2019\/10\/LRCjesen_HTML_20191030191832.html\\u0022\\u003ePozn\u00e1\u0161 tipy ako u\u0161etri\u0165 a u\u017ei\u0165 si skvel\u00fa rodinn\u00fa dovolenku na LiptOVE?\\u003c\/a\\u003e\\u003c\/strong\\u003e\\r\\n\\r\\n\\u003c!\\u002d\\u002d \/wp:paragraph \\u002d\\u002d\\u003e \\u003c!\\u002d\\u002d wp:paragraph \\u002d\\u002d\\u003e\\r\\n\\r\\n14. 06. 2019\u00a0 \\u003cstrong\\u003e\\u003ca href=\\u0022https:\/\/www.visitliptov.sk\/wp-content\/uploads\/2019\/06\/Leto2019_HTML_20190613133642-2.html\\u0022\\u003eLeto na LiptOVE - voda, hory a podujatia\u00a0\\u003c\/a\\u003e\\u003c\/strong\\u003e\\r\\n\\r\\n\\u003c!\\u002d\\u002d \/wp:paragraph \\u002d\\u002d\\u003e \\u003c!\\u002d\\u002d wp:paragraph \\u002d\\u002d\\u003e\\r\\n\\r\\n08. 03. 2019\u00a0 \u00a0\\u003cstrong\\u003e\\u003ca href=\\u0022https:\/\/www.visitliptov.sk\/wp-content\/uploads\/2019\/07\/Na_Liptove_sa_lyzuje_najvyhodnejsie_spreklikom.html\\u0022\\u003eNa Liptove sa ly\u017euje najv\u00fdhodnej\u0161ie\u00a0\\u003c\/a\\u003e\\u003c\/strong\\u003e\\r\\n\\r\\n\\u003c!\\u002d\\u002d \/wp:paragraph \\u002d\\u002d\\u003e \\u003c!\\u002d\\u002d wp:paragraph \\u002d\\u002d\\u003e\\r\\n\\r\\n27.11.2018\u00a0 \\u003cstrong\\u003e\\u003ca href=\\u0022https:\/\/www.visitliptov.sk\/wp-content\/uploads\/2020\/01\/ZimnynewslettterLRC20182019_HTML_20181126211235.html\\u0022\\u003ePripraven\u00fd na ZIMU? Lipto\u00a0 \u00c1NO!\\u003c\/a\\u003e\\u003c\/strong\\u003e\\r\\n\\r\\n\\u003c!\\u002d\\u002d \/wp:paragraph \\u002d\\u002d\\u003e \\u003c!\\u002d\\u002d wp:paragraph \\u002d\\u002d\\u003e\\r\\n\\r\\n05.09.2018 \u00a0 \u00a0\\u003cstrong\\u003e\\u003ca href=\\u0022https:\/\/www.visitliptov.sk\/wp-content\/uploads\/2019\/04\/Jesenny2018_HTML_20180905155023.html\\u0022\\u003eJesenn\u00fd relax na Liptove \\u003c\/a\\u003e\\u003c\/strong\\u003e\\r\\n\\r\\n\\u003c!\\u002d\\u002d \/wp:paragraph \\u002d\\u002d\\u003e \\u003c!\\u002d\\u002d wp:paragraph \\u002d\\u002d\\u003e\\r\\n\\r\\n22. 05. 2018\u00a0 \\u003cstrong\\u003e\\u003ca href=\\u0022https:\/\/www.visitliptov.sk\/wp-content\/uploads\/2019\/04\/Uzite_si_rozpravkove_leto.html\\u0022\\u003eU\u017eite si rozpr\u00e1vkov\u00e9 leto na Liptove\\u003c\/a\\u003e\\u003c\/strong\\u003e\\r\\n\\r\\n\\u003c!\\u002d\\u002d \/wp:paragraph \\u002d\\u002d\\u003e \\u003c!\\u002d\\u002d wp:paragraph \\u002d\\u002d\\u003e\\r\\n\\r\\n11. 01. 2018\u00a0 \\u003cstrong\\u003e\\u003ca href=\\u0022https:\/\/www.visitliptov.sk\/wp-content\/uploads\/2019\/04\/Novorocny2018_HTML_20180118212155.html\\u0022\\u003eEinstein na Liptove\\u003c\/a\\u003e\\u003c\/strong\\u003e\\r\\n\\r\\n\\u003c!\\u002d\\u002d \/wp:paragraph \\u002d\\u002d\\u003e \\u003c!\\u002d\\u002d wp:paragraph \\u002d\\u002d\\u003e\\r\\n\\r\\n15. 11. 2017\u00a0 \u00a0\\u003cstrong\\u003e\\u003ca href=\\u0022http:\/\/www.visitliptov.sk\/wp-content\/uploads\/2019\/04\/LRCZIMA20172018_HTML_20171114204632.html\\u0022 target=\\u0022_blank\\u0022 rel=\\u0022noopener noreferrer\\u0022\\u003eNa Liptov so z\u013eavami\\u003c\/a\\u003e\\u003c\/strong\\u003e\\r\\n\\r\\n\\u003c!\\u002d\\u002d \/wp:paragraph \\u002d\\u002d\\u003e \\u003c!\\u002d\\u002d wp:paragraph \\u002d\\u002d\\u003e\\r\\n\\r\\n25. 08. 2017 \u00a0 \\u003cstrong\\u003e\\u003ca href=\\u0022http:\/\/www.visitliptov.sk\/wp-content\/uploads\/2019\/04\/ObjavtesdemipokladynaLiptove_HTML_20170824191919.html\\u0022\\u003eVYHRAJ v\u00edkendov\u00fd pobyty na Liptove!\\u003c\/a\\u003e\\u003c\/strong\\u003e\\r\\n\\r\\n\\u003c!\\u002d\\u002d \/wp:paragraph \\u002d\\u002d\\u003e \\u003c!\\u002d\\u002d wp:paragraph \\u002d\\u002d\\u003e\\r\\n\\r\\n12. 07. 2017\u00a0 \u00a0\\u003cstrong\\u003e\\u003ca href=\\u0022http:\/\/www.visitliptov.sk\/wp-content\/uploads\/2019\/04\/CykloAquaBUS_HTML_20170711161551.html\\u0022\\u003eCyklov\u00fdlety so sprievodcom\\u003c\/a\\u003e\\u003c\/strong\\u003e\\r\\n\\r\\n\\u003c!\\u002d\\u002d \/wp:paragraph \\u002d\\u002d\\u003e \\u003c!\\u002d\\u002d wp:paragraph \\u002d\\u002d\\u003e\\r\\n\\r\\n30. 06. 2017\u00a0\u00a0\\u003cstrong\\u003e\\u003ca href=\\u0022https:\/\/www.visitliptov.sk\/wp-content\/uploads\/2019\/04\/LiptovFest2017_HTML_20170628214645.html\\u0022\\u003ePr\u00ed\u010f sa zabavi\u0165 na LIPTOVFEST!\\u003c\/a\\u003e\\u003c\/strong\\u003e\\r\\n\\r\\n\\u003c!\\u002d\\u002d \/wp:paragraph \\u002d\\u002d\\u003e \\u003c!\\u002d\\u002d wp:paragraph \\u002d\\u002d\\u003e\\r\\n\\r\\n07. 03. 2017 \u00a0\\u003cstrong\\u003e\\u003ca href=\\u0022http:\/\/www.visitliptov.sk\/wp-content\/uploads\/2019\/04\/Veknoc2017_HTML_20170303232021.html\\u0022 target=\\u0022_blank\\u0022 rel=\\u0022noopener noreferrer\\u0022\\u003eAtrakt\u00edvna jar na Liptove\\u003c\/a\\u003e\\u003c\/strong\\u003e\\r\\n\\r\\n\\u003c!\\u002d\\u002d \/wp:paragraph \\u002d\\u002d\\u003e \\u003c!\\u002d\\u002d wp:paragraph \\u002d\\u002d\\u003e\\r\\n\\r\\n14. 02 .2017 \u00a0\u00a0\\u003cstrong\\u003e\\u003ca href=\\u0022http:\/\/www.visitliptov.sk\/wp-content\/uploads\/2019\/04\/Jar2017_HTML_20170213194730.html\\u0022 target=\\u0022_blank\\u0022 rel=\\u0022noopener noreferrer\\u0022\\u003eJarn\u00e1 ly\u017eova\u010dka na Liptove\\u003c\/a\\u003e\\u003c\/strong\\u003e\\r\\n\\r\\n\\u003c!\\u002d\\u002d \/wp:paragraph \\u002d\\u002d\\u003e \\u003c!\\u002d\\u002d wp:paragraph \\u002d\\u002d\\u003e\\r\\n\\r\\n21. 12. 2016 \u00a0\\u003cstrong\\u003e\\u003ca href=\\u0022http:\/\/www.visitliptov.sk\/wp-content\/uploads\/2019\/04\/zimny-newsletter-2016.html\\u0022\\u003eZimn\u00e1 dovolenka na LiptOVE \\u0026lt;3\\u003c\/a\\u003e\\u003c\/strong\\u003e\\r\\n\\r\\n\\u003c!\\u002d\\u002d \/wp:paragraph \\u002d\\u002d\\u003e \\u003c!\\u002d\\u002d wp:paragraph \\u002d\\u002d\\u003e\\r\\n\\r\\n14. 09. 2016 \u00a0\u00a0\\u003cstrong\\u003e\\u003ca href=\\u0022http:\/\/www.visitliptov.sk\/wp-content\/uploads\/2019\/04\/Jesennnewsletter2016_HTML_20160913203026.html\\u0022 target=\\u0022_blank\\u0022 rel=\\u0022noopener noreferrer\\u0022\\u003eBabie leto na Liptove\\u003c\/a\\u003e\\u003c\/strong\\u003e\\r\\n\\r\\n\\u003c!\\u002d\\u002d \/wp:paragraph \\u002d\\u002d\\u003e \\u003c!\\u002d\\u002d wp:paragraph \\u002d\\u002d\\u003e\\r\\n\\r\\n04. 08. 2016 \u00a0\\u003cstrong\\u003e\\u003ca href=\\u0022http:\/\/www.visitliptov.sk\/wp-content\/uploads\/2019\/04\/VetkojenaLiptove32_HTML_20160804181709.html\\u0022 target=\\u0022_blank\\u0022 rel=\\u0022noopener noreferrer\\u0022\\u003eV\u0161etko je na Liptove\u00a0\\u0026lt;3\\u003c\/a\\u003e\\u003c\/strong\\u003e\\r\\n\\r\\n\\u003c!\\u002d\\u002d \/wp:paragraph \\u002d\\u002d\\u003e \\u003c!\\u002d\\u002d wp:paragraph \\u002d\\u002d\\u003e\\r\\n\\r\\n05. 07. 2016 \u00a0\\u003cstrong\\u003e\\u003ca href=\\u0022http:\/\/www.visitliptov.sk\/wp-content\/uploads\/2019\/04\/PokladynaLiptove2016_HTML_20160804185709.html\\u0022 target=\\u0022_blank\\u0022 rel=\\u0022noopener noreferrer\\u0022\\u003ePoklady na Liptove\\u003c\/a\\u003e\\u003c\/strong\\u003e\\r\\n\\r\\n\\u003c!\\u002d\\u002d \/wp:paragraph \\u002d\\u002d\\u003e \\u003c!\\u002d\\u002d wp:paragraph \\u002d\\u002d\\u003e\\r\\n\\r\\n16. 03. 2016\u00a0\\u003cstrong\\u003e\\u003ca href=\\u0022http:\/\/www.visitliptov.sk\/wp-content\/uploads\/2019\/04\/PestrVeknocnaLiptove_HTML_20160324154802.html\\u0022\\u003ePestr\u00e1 ve\u013ek\u00e1 noc na Liptove\\u003c\/a\\u003e\u00a0\\u003c\/strong\\u003e\\r\\n\\r\\n\\u003c!\\u002d\\u002d \/wp:paragraph \\u002d\\u002d\\u003e \\u003c!\\u002d\\u002d wp:paragraph \\u002d\\u002d\\u003e\\r\\n\\r\\n13. 02. 2015 \u00a0\\u003cstrong\\u003e\\u003ca href=\\u0022http:\/\/eepurl.com\/brtyHT\\u0022 target=\\u0022_blank\\u0022 rel=\\u0022noopener noreferrer\\u0022\\u003eLiptov pln\u00fd romatiky, dobr\u00e9ho jedla a \u0161portu\\u003c\/a\\u003e\\u003c\/strong\\u003e\\r\\n\\r\\n\\u003c!\\u002d\\u002d \/wp:paragraph \\u002d\\u002d\\u003e \\u003c!\\u002d\\u002d wp:paragraph \\u002d\\u002d\\u003e\\r\\n\\r\\n01. 07. 2015 \u00a0\\u003cstrong\\u003e\\u003ca href=\\u0022http:\/\/eepurl.com\/brtyHT\\u0022 target=\\u0022_blank\\u0022 rel=\\u0022noopener noreferrer\\u0022\\u003eLetn\u00e1 dovolenka na LIPTOVe v znamen\u00ed v\u00fdhodn\u00fdch pon\u00fak\\u003c\/a\\u003e\\u003c\/strong\\u003e\\r\\n\\r\\n\\u003c!\\u002d\\u002d \/wp:paragraph \\u002d\\u002d\\u003e \\u003c!\\u002d\\u002d wp:paragraph \\u002d\\u002d\\u003e\\r\\n\\r\\n05. 10. 2015 \u00a0\\u003cstrong\\u003e\\u003ca href=\\u0022http:\/\/www.visitliptov.sk\/wp-content\/uploads\/2019\/04\/Jesennnewsletter_HTML_20160324142128.html\\u0022 target=\\u0022_blank\\u0022 rel=\\u0022noopener noreferrer\\u0022\\u003eLiptov je na jese\u0148 horsk\u00fdm rajom turistov i cyklistov\\u003c\/a\\u003e\\u003c\/strong\\u003e\\r\\n\\r\\n\\u003c!\\u002d\\u002d \/wp:paragraph \\u002d\\u002d\\u003e \\u003c!\\u002d\\u002d wp:paragraph \\u002d\\u002d\\u003e\\r\\n\\r\\n19. 12. 2015 \u00a0\\u003cstrong\\u003e\\u003ca href=\\u0022http:\/\/www.visitliptov.sk\/wp-content\/uploads\/2019\/04\/ZaitesvetovlyovakunaLiptove_HTML_20160324142538.html\\u0022 target=\\u0022_blank\\u0022 rel=\\u0022noopener noreferrer\\u0022\\u003eZimn\u00e1 sez\u00f3na bude na Liptove svetov\u00e1\\u003c\/a\\u003e\\u003c\/strong\\u003e\\r\\n\\r\\n\\u003c!\\u002d\\u002d \/wp:paragraph \\u002d\\u002d\\u003e\",\"_accordion_items_6_content\":\"field_5c9214826a573\",\"accordion_items\":7,\"_accordion_items\":\"field_5c9214446a571\"},\"mode\":\"edit\"} \/-->\n\n<!-- wp:paragraph -->\n<p><\/p>\n<!-- \/wp:paragraph -->\n\n<!-- wp:paragraph -->\n<p><\/p>\n<!-- \/wp:paragraph -->\n\n<!-- wp:paragraph -->\n<p><\/p>\n<!-- \/wp:paragraph -->\n\n<!-- wp:paragraph -->\n<p><\/p>\n<!-- \/wp:paragraph -->\n\n<!-- wp:paragraph -->\n<p><\/p>\n<!-- \/wp:paragraph -->\n\n<!-- wp:paragraph -->\n<p><\/p>\n<!-- \/wp:paragraph -->\n\n<!-- wp:paragraph -->\n<p><\/p>\n<!-- \/wp:paragraph -->\n\n<!-- wp:heading -->\n<h2 class=\"wp-block-heading\">&nbsp;<\/h2>\n<!-- \/wp:heading -->\n\n<!-- wp:paragraph -->\n<p><\/p>\n<!-- \/wp:paragraph -->","featured_media":573667,"featured_media_url":"https:\/\/www.visitliptov.sk\/wp-content\/uploads\/2023\/12\/newsletter-zastupny-obrazok-600x338.jpg","images_gallery_urls":[],"fotka_1_url":null,"fotka_2_url":null,"fotka_3_url":null,"fotka_4_url":null,"fotka_5_url":null,"fotka_6_url":null,"fotka_7_url":null,"fotka_8_url":null},"pl":{"id":85093,"title":"Archiwum newslettera","url":"https:\/\/www.visitliptov.sk\/pl\/archiwum-newslettera\/","api_url":"https:\/\/www.visitliptov.sk\/pl\/wp-json\/wp\/v2\/page\/85093","status":"publish","excerpt":"Archiwum newslettera Rok 2016 &nbsp; Rok 2015 19. 02. 2015 Najlepsze narty s\u0105 na Liptowie! 14. 07. 2015\u00a0\u00a0Szukaj skarb\u00f3w Liptova","content":"<h1 style=\"text-align: center;\">Archiwum newslettera<\/h1>\n<h1>Rok 2016<\/h1>\n\n<hr \/>\n\n&nbsp;\n<h1><span style=\"line-height: 1.5;\">Rok 2015<\/span><\/h1>\n<p class=\"null\">19. 02. 2015<strong> <a href=\"http:\/\/eepurl.com\/beJJsj\" target=\"_blank\" rel=\"noopener noreferrer\">Najlepsze narty s\u0105 na Liptowie!<\/a><\/strong><\/p>\n14. 07. 2015\u00a0\u00a0<strong><a href=\"http:\/\/eepurl.com\/bs5_gj\" target=\"_blank\" rel=\"noopener noreferrer\">Szukaj skarb\u00f3w Liptova<\/a><\/strong>","featured_media":573673,"featured_media_url":"https:\/\/www.visitliptov.sk\/wp-content\/uploads\/2023\/12\/newsletter-zastupny-obrazok-600x338.jpg","images_gallery_urls":[],"fotka_1_url":null,"fotka_2_url":null,"fotka_3_url":null,"fotka_4_url":null,"fotka_5_url":null,"fotka_6_url":null,"fotka_7_url":null,"fotka_8_url":null}},"_links":{"self":[{"href":"https:\/\/www.visitliptov.sk\/pl\/wp-json\/wp\/v2\/pages\/85093"}],"collection":[{"href":"https:\/\/www.visitliptov.sk\/pl\/wp-json\/wp\/v2\/pages"}],"about":[{"href":"https:\/\/www.visitliptov.sk\/pl\/wp-json\/wp\/v2\/types\/page"}],"author":[{"embeddable":true,"href":"https:\/\/www.visitliptov.sk\/pl\/wp-json\/wp\/v2\/users\/1"}],"replies":[{"embeddable":true,"href":"https:\/\/www.visitliptov.sk\/pl\/wp-json\/wp\/v2\/comments?post=85093"}],"version-history":[{"count":0,"href":"https:\/\/www.visitliptov.sk\/pl\/wp-json\/wp\/v2\/pages\/85093\/revisions"}],"wp:featuredmedia":[{"embeddable":true,"href":"https:\/\/www.visitliptov.sk\/pl\/wp-json\/wp\/v2\/media\/573673"}],"wp:attachment":[{"href":"https:\/\/www.visitliptov.sk\/pl\/wp-json\/wp\/v2\/media?parent=85093"}],"curies":[{"name":"wp","href":"https:\/\/api.w.org\/{rel}","templated":true}]}}