{"id":85082,"date":"2015-12-09T00:00:00","date_gmt":"2015-12-08T23:00:00","guid":{"rendered":"https:\/\/www.visitliptov.sk\/kultura-historia-tradycje-liptowa\/"},"modified":"2019-04-30T20:56:53","modified_gmt":"2019-04-30T18:56:53","slug":"kultura-historia-tradycje-liptowa","status":"publish","type":"page","link":"https:\/\/www.visitliptov.sk\/pl\/liptov-region-card\/przewodnik-rabaty\/kultura-historia-tradycje-liptowa\/","title":{"rendered":"Kultura, historia, tradycje Liptowa"},"content":{"rendered":"W2xvb3AgdGhlX3F1ZXJ5PSJwb3N0c19wZXJfcGFnZT04JnBvc3RfdHlwZT16YXVqaW1hdm9zdGkmY2F0ZWdvcnktaW50ZXJlc3Q9bHJjLWt1bHR1cmEtdW1lbmllLXphYmF2YS1wbCJd\n\n\n\n","protected":false},"excerpt":{"rendered":"","protected":false},"author":1,"featured_media":0,"parent":85209,"menu_order":0,"comment_status":"open","ping_status":"open","template":"","meta":{"_acf_changed":false,"inline_featured_image":false,"episode_type":"","audio_file":"","cover_image":"","cover_image_id":"","duration":"","filesize":"","date_recorded":"","explicit":"","block":"","filesize_raw":"","_jf_limit_responses":"","footnotes":""},"class_list":["post-85082","page","type-page","status-publish","hentry"],"acf":{"vyhradny_obrazok":false,"second_feature_image":null,"search_top_keywords":""},"wpml_translations_detailed":{"sk":{"id":80611,"title":"Kult\u00fara, hist\u00f3ria a trad\u00edcie","url":"https:\/\/www.visitliptov.sk\/liptov-region-card\/sprievodca-zlavami-s-liptov-region-card-leto-2021\/kultura-historia-a-tradicie\/","api_url":"https:\/\/www.visitliptov.sk\/pl\/wp-json\/wp\/v2\/page\/80611","status":"publish","excerpt":"","content":"[fusion_builder_container hundred_percent=\"yes\" overflow=\"visible\"][fusion_builder_row][fusion_builder_column type=\"1_1\" last=\"yes\" spacing=\"yes\" center_content=\"no\" hide_on_mobile=\"no\" background_color=\"\" background_image=\"\" background_repeat=\"no-repeat\" background_position=\"left top\" border_position=\"all\" border_size=\"0px\" border_color=\"\" border_style=\"\" padding=\"\" margin_top=\"\" margin_bottom=\"\" animation_type=\"\" animation_direction=\"\" animation_speed=\"0.1\" class=\"\" id=\"\"][fusion_code]W2xvb3AgdGhlX3F1ZXJ5PSJwb3N0c19wZXJfcGFnZT04JnBvc3RfdHlwZT16YXVqaW1hdm9zdGkmY2F0ZWdvcnktaW50ZXJlc3Q9bHJjLWt1bHR1cmEtdW1lbmllLXphYmF2YSJd[\/fusion_code][\/fusion_builder_column][\/fusion_builder_row][\/fusion_builder_container]","featured_media":0,"featured_media_url":null,"images_gallery_urls":[],"fotka_1_url":null,"fotka_2_url":null,"fotka_3_url":null,"fotka_4_url":null,"fotka_5_url":null,"fotka_6_url":null,"fotka_7_url":null,"fotka_8_url":null},"en":{"id":84521,"title":"Culture, history a traditions of liptov","url":"https:\/\/www.visitliptov.sk\/en\/liptov-region-card\/discounts-guide\/culture-history-a-traditions-of-liptov\/","api_url":"https:\/\/www.visitliptov.sk\/pl\/wp-json\/wp\/v2\/page\/84521","status":"publish","excerpt":"","content":"[fusion_builder_container hundred_percent=\"yes\" overflow=\"visible\"][fusion_builder_row][fusion_builder_column type=\"1_1\" last=\"yes\" spacing=\"yes\" center_content=\"no\" hide_on_mobile=\"no\" background_color=\"\" background_image=\"\" background_repeat=\"no-repeat\" background_position=\"left top\" border_position=\"all\" border_size=\"0px\" border_color=\"\" border_style=\"\" padding=\"\" margin_top=\"\" margin_bottom=\"\" animation_type=\"\" animation_direction=\"\" animation_speed=\"0.1\" class=\"\" id=\"\"][fusion_code]W2xvb3AgdGhlX3F1ZXJ5PSJwb3N0c19wZXJfcGFnZT04JnBvc3RfdHlwZT16YXVqaW1hdm9zdGkmY2F0ZWdvcnktaW50ZXJlc3Q9bHJjLWt1bHR1cmEtdW1lbmllLXphYmF2YS1lbiJd[\/fusion_code][\/fusion_builder_column][\/fusion_builder_row][\/fusion_builder_container]","featured_media":0,"featured_media_url":null,"images_gallery_urls":[],"fotka_1_url":null,"fotka_2_url":null,"fotka_3_url":null,"fotka_4_url":null,"fotka_5_url":null,"fotka_6_url":null,"fotka_7_url":null,"fotka_8_url":null},"pl":{"id":85082,"title":"Kultura, historia, tradycje Liptowa","url":"https:\/\/www.visitliptov.sk\/pl\/liptov-region-card\/przewodnik-rabaty\/kultura-historia-tradycje-liptowa\/","api_url":"https:\/\/www.visitliptov.sk\/pl\/wp-json\/wp\/v2\/page\/85082","status":"publish","excerpt":"","content":"[fusion_builder_container hundred_percent=\"yes\" overflow=\"visible\"][fusion_builder_row][fusion_builder_column type=\"1_1\" last=\"yes\" spacing=\"yes\" center_content=\"no\" hide_on_mobile=\"no\" background_color=\"\" background_image=\"\" background_repeat=\"no-repeat\" background_position=\"left top\" border_position=\"all\" border_size=\"0px\" border_color=\"\" border_style=\"\" padding=\"\" margin_top=\"\" margin_bottom=\"\" animation_type=\"\" animation_direction=\"\" animation_speed=\"0.1\" class=\"\" id=\"\"][fusion_code]W2xvb3AgdGhlX3F1ZXJ5PSJwb3N0c19wZXJfcGFnZT04JnBvc3RfdHlwZT16YXVqaW1hdm9zdGkmY2F0ZWdvcnktaW50ZXJlc3Q9bHJjLWt1bHR1cmEtdW1lbmllLXphYmF2YS1wbCJd[\/fusion_code][\/fusion_builder_column][\/fusion_builder_row][\/fusion_builder_container]","featured_media":0,"featured_media_url":null,"images_gallery_urls":[],"fotka_1_url":null,"fotka_2_url":null,"fotka_3_url":null,"fotka_4_url":null,"fotka_5_url":null,"fotka_6_url":null,"fotka_7_url":null,"fotka_8_url":null},"ru":{"id":85348,"title":"\u041a\u0443\u043b\u044c\u0442\u0443\u0440\u0430, \u0438\u0441\u0442\u043e\u0440\u0438\u044f, \u0442\u0440\u0430\u0434\u0438\u0446\u0438\u0438 \u041b\u0438\u043f\u0442\u043e\u0432\u0430","url":"https:\/\/www.visitliptov.sk\/ru\/liptov-region-card\/%d1%80%d1%83%d0%ba%d0%be%d0%b2%d0%be%d0%b4%d1%81%d1%82%d0%b2%d0%be-%d1%81%d0%ba%d0%b8%d0%b4%d0%ba%d0%b8\/%d0%ba%d1%83%d0%bb%d1%8c%d1%82%d1%83%d1%80%d0%b0-%d0%b8%d1%81%d1%82%d0%be%d1%80%d0%b8%d1%8f-%d1%82%d1%80%d0%b0%d0%b4%d0%b8%d1%86%d0%b8%d0%b8-%d0%bb%d0%b8%d0%bf%d1%82%d0%be%d0%b2%d0%b0\/","api_url":"https:\/\/www.visitliptov.sk\/pl\/wp-json\/wp\/v2\/page\/85348","status":"publish","excerpt":"","content":"[fusion_builder_container hundred_percent=\"yes\" overflow=\"visible\"][fusion_builder_row][fusion_builder_column type=\"1_1\" last=\"yes\" spacing=\"yes\" center_content=\"no\" hide_on_mobile=\"no\" background_color=\"\" background_image=\"\" background_repeat=\"no-repeat\" background_position=\"left top\" border_position=\"all\" border_size=\"0px\" border_color=\"\" border_style=\"\" padding=\"\" margin_top=\"\" margin_bottom=\"\" animation_type=\"\" animation_direction=\"\" animation_speed=\"0.1\" class=\"\" id=\"\"][fusion_code]W2xvb3AgdGhlX3F1ZXJ5PSJwb3N0c19wZXJfcGFnZT04JnBvc3RfdHlwZT16YXVqaW1hdm9zdGkmY2F0ZWdvcnktaW50ZXJlc3Q9bHJjLWt1bHR1cmEtdW1lbmllLXphYmF2YS1ydSJd[\/fusion_code][\/fusion_builder_column][\/fusion_builder_row][\/fusion_builder_container]","featured_media":0,"featured_media_url":null,"images_gallery_urls":[],"fotka_1_url":null,"fotka_2_url":null,"fotka_3_url":null,"fotka_4_url":null,"fotka_5_url":null,"fotka_6_url":null,"fotka_7_url":null,"fotka_8_url":null}},"_links":{"self":[{"href":"https:\/\/www.visitliptov.sk\/pl\/wp-json\/wp\/v2\/pages\/85082"}],"collection":[{"href":"https:\/\/www.visitliptov.sk\/pl\/wp-json\/wp\/v2\/pages"}],"about":[{"href":"https:\/\/www.visitliptov.sk\/pl\/wp-json\/wp\/v2\/types\/page"}],"author":[{"embeddable":true,"href":"https:\/\/www.visitliptov.sk\/pl\/wp-json\/wp\/v2\/users\/1"}],"replies":[{"embeddable":true,"href":"https:\/\/www.visitliptov.sk\/pl\/wp-json\/wp\/v2\/comments?post=85082"}],"version-history":[{"count":0,"href":"https:\/\/www.visitliptov.sk\/pl\/wp-json\/wp\/v2\/pages\/85082\/revisions"}],"up":[{"embeddable":true,"href":"https:\/\/www.visitliptov.sk\/pl\/wp-json\/wp\/v2\/pages\/85209"}],"wp:attachment":[{"href":"https:\/\/www.visitliptov.sk\/pl\/wp-json\/wp\/v2\/media?parent=85082"}],"curies":[{"name":"wp","href":"https:\/\/api.w.org\/{rel}","templated":true}]}}