{"id":85068,"date":"2015-12-09T00:00:00","date_gmt":"2015-12-08T23:00:00","guid":{"rendered":"https:\/\/www.visitliptov.sk\/gdzie-jesc-i-pic\/browary-tawerny\/"},"modified":"2023-12-06T13:35:55","modified_gmt":"2023-12-06T12:35:55","slug":"browary-tawerny","status":"publish","type":"page","link":"https:\/\/www.visitliptov.sk\/pl\/browary-tawerny\/","title":{"rendered":"Browary, tawerny"},"content":{"rendered":"\n<p>Skosztuj piwa na Liptowie lub skosztuj gatunkowego wina lub alkoholu produkowanego na Liptowie.<\/p>\n\n\n    <div class=\"ns-events\">\r\n        <div class=\"ns-events-filter-toggle\">\r\n            <span class=\"events-filter-title\">Szukanie<\/span>\r\n            <div class=\"btn ns-events-filter-btn\">\r\n\t\t\t\tFilter            <\/div>\r\n        <\/div>\r\n        <div class=\"events-filter sidebar\">\r\n            <div class=\"close-btn\"><\/div>\r\n            <span class=\"events-filter-title\">Szukanie<\/span>\r\n            <span class=\"events-filter-label\">Kategoria<\/span>\r\n\t        <div class=\"facetwp-facet facetwp-facet-where-to-eat-cat facetwp-type-checkboxes\" data-name=\"where-to-eat-cat\" data-type=\"checkboxes\"><\/div>            <span class=\"events-filter-label\">Siedlisko<\/span>\r\n\t\t\t<div class=\"facetwp-facet facetwp-facet-locality facetwp-type-checkboxes\" data-name=\"locality\" data-type=\"checkboxes\"><\/div>            <span class=\"events-filter-label\">Inne kryteria<\/span>\r\n\t        <div class=\"facetwp-facet facetwp-facet-lrc facetwp-type-checkboxes\" data-name=\"lrc\" data-type=\"checkboxes\"><\/div>\t        <div class=\"facetwp-facet facetwp-facet-attraction-other facetwp-type-checkboxes\" data-name=\"attraction-other\" data-type=\"checkboxes\"><\/div>        <\/div>\r\n\r\n        <div class=\"blog-content\">\r\n\t\t\t<div class=\"facetwp-template\" data-name=\"where-to-eat\"><a class=\"list-item test\" href=\"https:\/\/www.visitliptov.sk\/pl\/ciekawostka\/browar-liptovar-rzemieslniczy-wycieczky\/\">\r\n\t    <div class=\"thumb\"\r\n         style=\"background-image:url('https:\/\/www.visitliptov.sk\/wp-content\/uploads\/2018\/05\/2023_Liptovar-promo-foto-7small_-600x400.jpg')\">\r\n\t\t        <span style='display:none' class=\"favorite-btn  js_favorite-inline-ajax\"\r\n              data-id=\"47142\"\r\n\t\t>&hearts;<\/span>\r\n\t\r\n        \t                <span class=\"label_discount\">\r\n                                            <span class=\"card-liptov\"><\/span>\r\n                    \t\t\t    <span class=\"discount-text\">10% zni\u017cka <\/span>                <\/span>\r\n\t    \r\n\t    \r\n\r\n\t\t\t\t    <\/div>\r\n\r\n    <div class=\"item-meta\">\r\n        <div class=\"item-title\">\r\n\t\t\tBrowar rzemie\u015blniczyLiptovar        <\/div>\r\n\r\n\t\t<div class=\"item-loc icon-marker\">Liptovsk\u00fd Mikul\u00e1\u0161<\/div>    <\/div>\r\n<\/a>\r\n<a class=\"list-item test\" href=\"https:\/\/www.visitliptov.sk\/pl\/ciekawostka\/indicka-restauracia-safran-demanova-rezort\/\">\r\n\t    <div class=\"thumb\"\r\n         style=\"background-image:url('https:\/\/www.visitliptov.sk\/wp-content\/uploads\/2022\/09\/demanova-rezort-safran-3-600x401.jpg')\">\r\n\t\t        <span style='display:none' class=\"favorite-btn  js_favorite-inline-ajax\"\r\n              data-id=\"201067\"\r\n\t\t>&hearts;<\/span>\r\n\t\r\n        \t                <span class=\"label_discount\">\r\n                                            <span class=\"card-liptov\"><\/span>\r\n                    \t\t\t    <span class=\"discount-text\">10% zni\u017cka<\/span>                <\/span>\r\n\t    \r\n\t    \r\n\r\n\t\t\t\t    <\/div>\r\n\r\n    <div class=\"item-meta\">\r\n        <div class=\"item-title\">\r\n\t\t\tIndyjska restauracja SAFRAN        <\/div>\r\n\r\n\t\t<div class=\"item-loc icon-marker\">Liptovsk\u00fd Mikul\u00e1\u0161 - Dem\u00e4nov\u00e1 <\/div>    <\/div>\r\n<\/a>\r\n<a class=\"list-item test\" href=\"https:\/\/www.visitliptov.sk\/pl\/ciekawostka\/koliba-fatranka-cutkovska-dolina\/\">\r\n\t    <div class=\"thumb\"\r\n         style=\"background-image:url('https:\/\/www.visitliptov.sk\/wp-content\/uploads\/2025\/02\/Koliba-Fatranka_Cutkovska-dolina-8-600x400.jpg')\">\r\n\t\t        <span style='display:none' class=\"favorite-btn  js_favorite-inline-ajax\"\r\n              data-id=\"639357\"\r\n\t\t>&hearts;<\/span>\r\n\t\r\n        \t                <span class=\"label_discount\">\r\n                                            <span class=\"card-liptov\"><\/span>\r\n                    \t\t\t    <span class=\"discount-text\">10 % zni\u017cka <\/span>                <\/span>\r\n\t    \r\n\t    \r\n\r\n\t\t\t\t    <\/div>\r\n\r\n    <div class=\"item-meta\">\r\n        <div class=\"item-title\">\r\n\t\t\tKoliba Fatranka        <\/div>\r\n\r\n\t\t<div class=\"item-loc icon-marker\">Ru\u017eomberok - \u010cutkovsk\u00e1 dolina<\/div>    <\/div>\r\n<\/a>\r\n<a class=\"list-item test\" href=\"https:\/\/www.visitliptov.sk\/pl\/ciekawostka\/koliba-richtarka-cutkovska-dolina\/\">\r\n\t    <div class=\"thumb\"\r\n         style=\"background-image:url('https:\/\/www.visitliptov.sk\/wp-content\/uploads\/2019\/09\/Richt\u00e1rka-interier-600x399.jpg')\">\r\n\t\t        <span style='display:none' class=\"favorite-btn  js_favorite-inline-ajax\"\r\n              data-id=\"49578\"\r\n\t\t>&hearts;<\/span>\r\n\t\r\n        \t                <span class=\"label_discount\">\r\n                                            <span class=\"card-liptov\"><\/span>\r\n                    \t\t\t    <span class=\"discount-text\">10% zni\u017cka<\/span>                <\/span>\r\n\t    \r\n\t    \r\n\r\n\t\t            <span class=\"label_is-top\"><i\r\n                        class=\"g-icon-white g-icon-white_star\"><\/i>\r\n                    Wybrali\u015bmy dla ciebie                <\/span>\r\n\t\t\t\t    <\/div>\r\n\r\n    <div class=\"item-meta\">\r\n        <div class=\"item-title\">\r\n\t\t\tKoliba Richt\u00e1rka Ru\u017eomberok        <\/div>\r\n\r\n\t\t<div class=\"item-loc icon-marker\">Ru\u017eomberok - \u010cutkovsk\u00e1 dolina<\/div>    <\/div>\r\n<\/a>\r\n<a class=\"list-item test\" href=\"https:\/\/www.visitliptov.sk\/pl\/ciekawostka\/mcdonalds-liptovsky-mikulas\/\">\r\n\t    <div class=\"thumb\"\r\n         style=\"background-image:url('https:\/\/www.visitliptov.sk\/wp-content\/uploads\/2018\/05\/Mc-Donald-Liptovsky-Mikulas-1-600x337.jpg')\">\r\n\t\t        <span style='display:none' class=\"favorite-btn  js_favorite-inline-ajax\"\r\n              data-id=\"46859\"\r\n\t\t>&hearts;<\/span>\r\n\t\r\n        \t                <span class=\"label_discount\">\r\n                                            <span class=\"card-liptov\"><\/span>\r\n                    \t\t\t    <span class=\"discount-text\">20% zni\u017cka<\/span>                <\/span>\r\n\t    \r\n\t    \r\n\r\n\t\t\t\t    <\/div>\r\n\r\n    <div class=\"item-meta\">\r\n        <div class=\"item-title\">\r\n\t\t\tMcDonald\u00b4s Liptovsk\u00fd Mikul\u00e1\u0161        <\/div>\r\n\r\n\t\t<div class=\"item-loc icon-marker\">Liptovsk\u00fd Mikul\u00e1\u0161<\/div>    <\/div>\r\n<\/a>\r\n<a class=\"list-item test\" href=\"https:\/\/www.visitliptov.sk\/pl\/ciekawostka\/pinus-restaurant-demanova-rezort\/\">\r\n\t    <div class=\"thumb\"\r\n         style=\"background-image:url('https:\/\/www.visitliptov.sk\/wp-content\/uploads\/2019\/10\/pinus-restaurant-4-600x400.jpg')\">\r\n\t\t        <span style='display:none' class=\"favorite-btn  js_favorite-inline-ajax\"\r\n              data-id=\"109422\"\r\n\t\t>&hearts;<\/span>\r\n\t\r\n        \t                <span class=\"label_discount\">\r\n                                            <span class=\"card-liptov\"><\/span>\r\n                    \t\t\t    <span class=\"discount-text\">10% zni\u017cka <\/span>                <\/span>\r\n\t    \r\n\t    \r\n\r\n\t\t\t\t    <\/div>\r\n\r\n    <div class=\"item-meta\">\r\n        <div class=\"item-title\">\r\n\t\t\tPINUS Restaurant &#8211; Dem\u00e4nov\u00e1 Rezort        <\/div>\r\n\r\n\t\t<div class=\"item-loc icon-marker\">Liptovsk\u00fd Mikul\u00e1\u0161 - Dem\u00e4nov\u00e1<\/div>    <\/div>\r\n<\/a>\r\n<a class=\"list-item test\" href=\"https:\/\/www.visitliptov.sk\/pl\/ciekawostka\/maladinovo-restauracia-bernard-pub\/\">\r\n\t    <div class=\"thumb\"\r\n         style=\"background-image:url('https:\/\/www.visitliptov.sk\/wp-content\/uploads\/2021\/06\/c-Marek-Hajkovsky-foto-MALADINOVO-interier-2021-19-600x366.jpg')\">\r\n\t\t        <span style='display:none' class=\"favorite-btn  js_favorite-inline-ajax\"\r\n              data-id=\"148062\"\r\n\t\t>&hearts;<\/span>\r\n\t\r\n        \t                <span class=\"label_discount\">\r\n                                            <span class=\"card-liptov\"><\/span>\r\n                    \t\t\t    <span class=\"discount-text\">10% zni\u017cka<\/span>                <\/span>\r\n\t    \r\n\t    \r\n\r\n\t\t\t\t    <\/div>\r\n\r\n    <div class=\"item-meta\">\r\n        <div class=\"item-title\">\r\n\t\t\tRestauracja Bernard Pub Maladinovo        <\/div>\r\n\r\n\t\t<div class=\"item-loc icon-marker\">Liptovsk\u00fd Mikul\u00e1\u0161<\/div>    <\/div>\r\n<\/a>\r\n<a class=\"list-item test\" href=\"https:\/\/www.visitliptov.sk\/pl\/ciekawostka\/restauracja-gretka-greta-resort-liptovska-sielnica\/\">\r\n\t    <div class=\"thumb\"\r\n         style=\"background-image:url('https:\/\/www.visitliptov.sk\/wp-content\/uploads\/2018\/05\/IMG_9221_2_3_4_5_fused-600x400.jpg')\">\r\n\t\t        <span style='display:none' class=\"favorite-btn  js_favorite-inline-ajax\"\r\n              data-id=\"46612\"\r\n\t\t>&hearts;<\/span>\r\n\t\r\n        \t                <span class=\"label_discount\">\r\n                                            <span class=\"card-liptov\"><\/span>\r\n                    \t\t\t    <span class=\"discount-text\">10% zni\u017cka<\/span>                <\/span>\r\n\t    \r\n\t    \r\n\r\n\t\t            <span class=\"label_is-top\"><i\r\n                        class=\"g-icon-white g-icon-white_star\"><\/i>\r\n                    Wybrali\u015bmy dla ciebie                <\/span>\r\n\t\t\t\t    <\/div>\r\n\r\n    <div class=\"item-meta\">\r\n        <div class=\"item-title\">\r\n\t\t\tRestauracja Gr\u00e9tka        <\/div>\r\n\r\n\t\t<div class=\"item-loc icon-marker\">Liptovsk\u00e1 Sielnica<\/div>    <\/div>\r\n<\/a>\r\n<a class=\"list-item test\" href=\"https:\/\/www.visitliptov.sk\/pl\/ciekawostka\/restauracia-hotel-svatojansky-kastiel\/\">\r\n\t    <div class=\"thumb\"\r\n         style=\"background-image:url('https:\/\/www.visitliptov.sk\/wp-content\/uploads\/2019\/03\/Svatojansky-kastiel-exterier-zima-19-600x400.jpg')\">\r\n\t\t        <span style='display:none' class=\"favorite-btn  js_favorite-inline-ajax\"\r\n              data-id=\"91429\"\r\n\t\t>&hearts;<\/span>\r\n\t\r\n        \t                <span class=\"label_discount\">\r\n                                            <span class=\"card-liptov\"><\/span>\r\n                    \t\t\t    <span class=\"discount-text\">10% zni\u017cka<\/span>                <\/span>\r\n\t    \r\n\t    \r\n\r\n\t\t\t\t    <\/div>\r\n\r\n    <div class=\"item-meta\">\r\n        <div class=\"item-title\">\r\n\t\t\tRestauracja Hotel Sv\u00e4toj\u00e1nsky ka\u0161tie\u013e***        <\/div>\r\n\r\n\t\t<div class=\"item-loc icon-marker\">Liptovsk\u00fd J\u00e1n<\/div>    <\/div>\r\n<\/a>\r\n<a class=\"list-item test\" href=\"https:\/\/www.visitliptov.sk\/pl\/ciekawostka\/restauracja-strachanovka-janska-koliba\/\">\r\n\t    <div class=\"thumb\"\r\n         style=\"background-image:url('https:\/\/www.visitliptov.sk\/wp-content\/uploads\/2018\/05\/strachanovka-8-1-600x400.jpg')\">\r\n\t\t        <span style='display:none' class=\"favorite-btn  js_favorite-inline-ajax\"\r\n              data-id=\"46582\"\r\n\t\t>&hearts;<\/span>\r\n\t\r\n        \t                <span class=\"label_discount\">\r\n                                            <span class=\"card-liptov\"><\/span>\r\n                    \t\t\t    <span class=\"discount-text\">10% zni\u017cka<\/span>                <\/span>\r\n\t    \r\n\t    \r\n\r\n\t\t            <span class=\"label_is-top\"><i\r\n                        class=\"g-icon-white g-icon-white_star\"><\/i>\r\n                    Wybrali\u015bmy dla ciebie                <\/span>\r\n\t\t\t\t    <\/div>\r\n\r\n    <div class=\"item-meta\">\r\n        <div class=\"item-title\">\r\n\t\t\tRestauracja Koliba Strachanovka        <\/div>\r\n\r\n\t\t<div class=\"item-loc icon-marker\">Liptovsk\u00fd J\u00e1n<\/div>    <\/div>\r\n<\/a>\r\n<a class=\"list-item test\" href=\"https:\/\/www.visitliptov.sk\/pl\/ciekawostka\/restauracja-resort-lucky-demanovska-dolina\/\">\r\n\t    <div class=\"thumb\"\r\n         style=\"background-image:url('https:\/\/www.visitliptov.sk\/wp-content\/uploads\/2016\/01\/Resort-Lucky_DSC_1159-scaled-1-600x480.jpg')\">\r\n\t\t        <span style='display:none' class=\"favorite-btn  js_favorite-inline-ajax\"\r\n              data-id=\"46826\"\r\n\t\t>&hearts;<\/span>\r\n\t\r\n        \t                <span class=\"label_discount\">\r\n                                            <span class=\"card-liptov\"><\/span>\r\n                    \t\t\t    <span class=\"discount-text\">10% zni\u017cka<\/span>                <\/span>\r\n\t    \r\n\t    \r\n\r\n\t\t\t\t    <\/div>\r\n\r\n    <div class=\"item-meta\">\r\n        <div class=\"item-title\">\r\n\t\t\tRestauracja Resort L\u00fa\u010dky        <\/div>\r\n\r\n\t\t<div class=\"item-loc icon-marker\">Dem\u00e4novsk\u00e1 Dolina<\/div>    <\/div>\r\n<\/a>\r\n<a class=\"list-item test\" href=\"https:\/\/www.visitliptov.sk\/pl\/ciekawostka\/restauracja-strachan-family-jasna-hotel-przy-stoku-narciarskim\/\">\r\n\t    <div class=\"thumb\"\r\n         style=\"background-image:url('https:\/\/www.visitliptov.sk\/wp-content\/uploads\/2019\/10\/Strachan-family-jasna-zima-2-\u2013-resize-600x400.jpg')\">\r\n\t\t        <span style='display:none' class=\"favorite-btn  js_favorite-inline-ajax\"\r\n              data-id=\"129394\"\r\n\t\t>&hearts;<\/span>\r\n\t\r\n        \t                <span class=\"label_discount\">\r\n                                            <span class=\"card-liptov\"><\/span>\r\n                    \t\t\t    <span class=\"discount-text\">10% zni\u017cka<\/span>                <\/span>\r\n\t    \r\n\t    \r\n\r\n\t\t            <span class=\"label_is-top\"><i\r\n                        class=\"g-icon-white g-icon-white_star\"><\/i>\r\n                    Wybrali\u015bmy dla ciebie                <\/span>\r\n\t\t\t\t    <\/div>\r\n\r\n    <div class=\"item-meta\">\r\n        <div class=\"item-title\">\r\n\t\t\tRestauracja Strachan Family Jasn\u00e1        <\/div>\r\n\r\n\t\t<div class=\"item-loc icon-marker\">Dem\u00e4novsk\u00e1 dolina <\/div>    <\/div>\r\n<\/a>\r\n<a class=\"list-item test\" href=\"https:\/\/www.visitliptov.sk\/pl\/ciekawostka\/stara-koliba-u-dobreho-pastiera-cutkovska-dolina\/\">\r\n\t    <div class=\"thumb\"\r\n         style=\"background-image:url('https:\/\/www.visitliptov.sk\/wp-content\/uploads\/2019\/03\/Koliba-u-dobr\u00e9ho-pastiera-interi\u00e9r-600x400.jpg')\">\r\n\t\t        <span style='display:none' class=\"favorite-btn  js_favorite-inline-ajax\"\r\n              data-id=\"46561\"\r\n\t\t>&hearts;<\/span>\r\n\t\r\n        \t                <span class=\"label_discount\">\r\n                                            <span class=\"card-liptov\"><\/span>\r\n                    \t\t\t    <span class=\"discount-text\">10% zni\u017cka<\/span>                <\/span>\r\n\t    \r\n\t    \r\n\r\n\t\t            <span class=\"label_is-top\"><i\r\n                        class=\"g-icon-white g-icon-white_star\"><\/i>\r\n                    Wybrali\u015bmy dla ciebie                <\/span>\r\n\t\t\t\t    <\/div>\r\n\r\n    <div class=\"item-meta\">\r\n        <div class=\"item-title\">\r\n\t\t\tStar\u00e1 koliba &#8211; Areal u dobrego pasterza        <\/div>\r\n\r\n\t\t<div class=\"item-loc icon-marker\">Ru\u017eomberok<\/div>    <\/div>\r\n<\/a>\r\n<a class=\"list-item test\" href=\"https:\/\/www.visitliptov.sk\/pl\/ciekawostka\/aha-halusky\/\">\r\n\t    <div class=\"thumb\"\r\n         style=\"background-image:url('https:\/\/www.visitliptov.sk\/wp-content\/uploads\/2024\/01\/aha-halusky-1-600x397.png')\">\r\n\t\t        <span style='display:none' class=\"favorite-btn  js_favorite-inline-ajax\"\r\n              data-id=\"575701\"\r\n\t\t>&hearts;<\/span>\r\n\t\r\n        \t    \r\n\t            \r\n\r\n\t\t\t\t    <\/div>\r\n\r\n    <div class=\"item-meta\">\r\n        <div class=\"item-title\">\r\n\t\t\tAHA Halu\u0161ky        <\/div>\r\n\r\n\t\t<div class=\"item-loc icon-marker\">Liptovsk\u00fd Mikul\u00e1\u0161<\/div>    <\/div>\r\n<\/a>\r\n<a class=\"list-item test\" href=\"https:\/\/www.visitliptov.sk\/pl\/ciekawostka\/aha-pizza-pasta-restaurant\/\">\r\n\t    <div class=\"thumb\"\r\n         style=\"background-image:url('https:\/\/www.visitliptov.sk\/wp-content\/uploads\/2021\/07\/227461846_359637695613238_7124409170167146889_n-600x400.jpg')\">\r\n\t\t        <span style='display:none' class=\"favorite-btn  js_favorite-inline-ajax\"\r\n              data-id=\"150605\"\r\n\t\t>&hearts;<\/span>\r\n\t\r\n        \t    \r\n\t            \r\n\r\n\t\t\t\t    <\/div>\r\n\r\n    <div class=\"item-meta\">\r\n        <div class=\"item-title\">\r\n\t\t\tAHA Pizza Pasta Restaurant        <\/div>\r\n\r\n\t\t<div class=\"item-loc icon-marker\">Liptovsk\u00fd Mikul\u00e1\u0161 - Dem\u00e4nov\u00e1<\/div>    <\/div>\r\n<\/a>\r\n<\/div>\t\t\t<div class=\"facetwp-pager\"><\/div>        <\/div>\r\n\r\n    <\/div>\r\n\t\n","protected":false},"excerpt":{"rendered":"<p>Skosztuj piwa na Liptowie lub skosztuj gatunkowego wina lub alkoholu produkowanego na Liptowie.<\/p>\n","protected":false},"author":1,"featured_media":12992,"parent":0,"menu_order":0,"comment_status":"open","ping_status":"open","template":"","meta":{"_acf_changed":false,"inline_featured_image":false,"episode_type":"","audio_file":"","cover_image":"","cover_image_id":"","duration":"","filesize":"","date_recorded":"","explicit":"","block":"","filesize_raw":"","_jf_limit_responses":"","footnotes":""},"class_list":["post-85068","page","type-page","status-publish","has-post-thumbnail","hentry"],"acf":{"vyhradny_obrazok":false,"second_feature_image":null,"search_top_keywords":""},"wpml_translations_detailed":{"sk":{"id":80485,"title":"Piv\u00e1rne a vin\u00e1rne","url":"https:\/\/www.visitliptov.sk\/pivarne-vinarne\/","api_url":"https:\/\/www.visitliptov.sk\/pl\/wp-json\/wp\/v2\/page\/80485","status":"publish","excerpt":"Ochutnajte pivo na Liptove alebo podegustujte kvalitn\u00e9 v\u00ednko, alebo alkohol vyroben\u00fd na Liptove.","content":"<!-- wp:paragraph -->\n<p>Ochutnajte pivo na Liptove alebo podegustujte kvalitn\u00e9 v\u00ednko, alebo alkohol vyroben\u00fd na Liptove.<\/p>\n<!-- \/wp:paragraph -->\n\n<!-- wp:shortcode -->\n[where-to-eat]\n<!-- \/wp:shortcode -->","featured_media":157764,"featured_media_url":"https:\/\/www.visitliptov.sk\/wp-content\/uploads\/2021\/09\/pivarne-600x319.jpg","images_gallery_urls":[],"fotka_1_url":null,"fotka_2_url":null,"fotka_3_url":null,"fotka_4_url":null,"fotka_5_url":null,"fotka_6_url":null,"fotka_7_url":null,"fotka_8_url":null},"en":{"id":84503,"title":"Breweries and taverns","url":"https:\/\/www.visitliptov.sk\/en\/breweries-taverns\/","api_url":"https:\/\/www.visitliptov.sk\/pl\/wp-json\/wp\/v2\/page\/84503","status":"publish","excerpt":"Taste beer in Liptov or sample quality wine or alcohol produced in Liptov.","content":"<!-- wp:paragraph -->\n<p>Taste beer in Liptov or sample quality wine or alcohol produced in Liptov.<\/p>\n<!-- \/wp:paragraph -->\n\n<!-- wp:shortcode -->\n[where-to-eat]\n<!-- \/wp:shortcode -->","featured_media":12991,"featured_media_url":"https:\/\/www.visitliptov.sk\/wp-content\/uploads\/2019\/03\/pivovar-600x338.jpg","images_gallery_urls":[],"fotka_1_url":null,"fotka_2_url":null,"fotka_3_url":null,"fotka_4_url":null,"fotka_5_url":null,"fotka_6_url":null,"fotka_7_url":null,"fotka_8_url":null},"pl":{"id":85068,"title":"Browary, tawerny","url":"https:\/\/www.visitliptov.sk\/pl\/browary-tawerny\/","api_url":"https:\/\/www.visitliptov.sk\/pl\/wp-json\/wp\/v2\/page\/85068","status":"publish","excerpt":"Skosztuj piwa na Liptowie lub skosztuj gatunkowego wina lub alkoholu produkowanego na Liptowie.","content":"<!-- wp:paragraph -->\n<p>Skosztuj piwa na Liptowie lub skosztuj gatunkowego wina lub alkoholu produkowanego na Liptowie.<\/p>\n<!-- \/wp:paragraph -->\n\n<!-- wp:shortcode -->\n[where-to-eat]\n<!-- \/wp:shortcode -->","featured_media":12992,"featured_media_url":"https:\/\/www.visitliptov.sk\/wp-content\/uploads\/2019\/03\/pivovar-600x338.jpg","images_gallery_urls":[],"fotka_1_url":null,"fotka_2_url":null,"fotka_3_url":null,"fotka_4_url":null,"fotka_5_url":null,"fotka_6_url":null,"fotka_7_url":null,"fotka_8_url":null},"ru":{"id":85334,"title":"\u041f\u0438\u0432\u043e\u0432\u0430\u0440\u0435\u043d\u043d\u0430\u044f, \u0442\u0430\u0432\u0435\u0440\u043d","url":"https:\/\/www.visitliptov.sk\/ru\/%d0%bf%d0%b8%d0%b2%d0%be%d0%b2%d0%b0%d1%80%d0%b5%d0%bd%d0%bd%d0%b0%d1%8f-%d1%82%d0%b0%d0%b2%d0%b5%d1%80%d0%bd\/","api_url":"https:\/\/www.visitliptov.sk\/pl\/wp-json\/wp\/v2\/page\/85334","status":"publish","excerpt":"Ochutnajte pivo na Liptove alebo podegustujte kvalitn\u00e9 v\u00ednko, alebo alkohol vyroben\u00fd na Liptove.","content":"<!-- wp:paragraph -->\n<p>Ochutnajte pivo na Liptove alebo podegustujte kvalitn\u00e9 v\u00ednko, alebo alkohol vyroben\u00fd na Liptove.<\/p>\n<!-- \/wp:paragraph --><!-- wp:shortcode -->\n[where-to-eat]\n<!-- \/wp:shortcode -->","featured_media":12993,"featured_media_url":"https:\/\/www.visitliptov.sk\/wp-content\/uploads\/2019\/03\/pivovar-600x338.jpg","images_gallery_urls":[],"fotka_1_url":null,"fotka_2_url":null,"fotka_3_url":null,"fotka_4_url":null,"fotka_5_url":null,"fotka_6_url":null,"fotka_7_url":null,"fotka_8_url":null}},"_links":{"self":[{"href":"https:\/\/www.visitliptov.sk\/pl\/wp-json\/wp\/v2\/pages\/85068"}],"collection":[{"href":"https:\/\/www.visitliptov.sk\/pl\/wp-json\/wp\/v2\/pages"}],"about":[{"href":"https:\/\/www.visitliptov.sk\/pl\/wp-json\/wp\/v2\/types\/page"}],"author":[{"embeddable":true,"href":"https:\/\/www.visitliptov.sk\/pl\/wp-json\/wp\/v2\/users\/1"}],"replies":[{"embeddable":true,"href":"https:\/\/www.visitliptov.sk\/pl\/wp-json\/wp\/v2\/comments?post=85068"}],"version-history":[{"count":0,"href":"https:\/\/www.visitliptov.sk\/pl\/wp-json\/wp\/v2\/pages\/85068\/revisions"}],"wp:featuredmedia":[{"embeddable":true,"href":"https:\/\/www.visitliptov.sk\/pl\/wp-json\/wp\/v2\/media\/12992"}],"wp:attachment":[{"href":"https:\/\/www.visitliptov.sk\/pl\/wp-json\/wp\/v2\/media?parent=85068"}],"curies":[{"name":"wp","href":"https:\/\/api.w.org\/{rel}","templated":true}]}}