{"id":85054,"date":"2015-12-09T00:00:00","date_gmt":"2015-12-08T23:00:00","guid":{"rendered":"https:\/\/www.visitliptov.sk\/usluga-2\/"},"modified":"2015-12-09T00:00:00","modified_gmt":"2015-12-08T23:00:00","slug":"usluga-2","status":"publish","type":"page","link":"https:\/\/www.visitliptov.sk\/pl\/usluga-2\/","title":{"rendered":"Us\u0142uga"},"content":{"rendered":"<p><p>https:\/\/www.visitliptov.sk\/wp-content\/uploads\/2015\/12\/ic_lm2-300&#215;192.png<\/p>\n<h2 style=\"text-align: center; margin-top: 15px;\"><a href=\"\/?page_id=14006\"> Centra informacyjne<\/a><\/h2>\n<p><\/p>\n<p>https:\/\/www.visitliptov.sk\/wp-content\/uploads\/2015\/12\/stopshop-300&#215;182.png<\/p>\n<h2 style=\"text-align: center; margin-top: 15px;\"><a href=\"\/?page_id=14011\">Centra handlowe<\/a><\/h2>\n<p><\/p>\n<p>https:\/\/www.visitliptov.sk\/wp-content\/uploads\/2015\/12\/motion-300&#215;177.png<\/p>\n<h2 style=\"text-align: center; margin-top: 15px;\"><a href=\"\/?page_id=14015\"> Wypo\u017cyczalnie i serwisy<\/a><\/h2>\n<p><\/p>\n<p>https:\/\/www.visitliptov.sk\/wp-content\/uploads\/2019\/04\/thajskeMasaze03-300&#215;200.jpg<\/p>\n<h2 style=\"text-align: center; margin-top: 15px;\"><a href=\"\/?page_id=14021\"> Us\u0142uga<\/a><\/h2>\n<p><\/p>\n<p>https:\/\/www.visitliptov.sk\/wp-content\/uploads\/2015\/12\/IMG_20171222_092130-e1520589125961-300&#215;192.jpg<\/p>\n<h2 style=\"text-align: center; margin-top: 15px;\"><a href=\"\/?page_id=20484\"> Transport<\/a><\/h2>\n<p><\/p>\n<\/p>\n\n\n","protected":false},"excerpt":{"rendered":"","protected":false},"author":1,"featured_media":11569,"parent":0,"menu_order":0,"comment_status":"open","ping_status":"open","template":"","meta":{"_acf_changed":false,"inline_featured_image":false,"episode_type":"","audio_file":"","cover_image":"","cover_image_id":"","duration":"","filesize":"","date_recorded":"","explicit":"","block":"","filesize_raw":"","_jf_limit_responses":"","footnotes":""},"class_list":["post-85054","page","type-page","status-publish","has-post-thumbnail","hentry"],"acf":{"vyhradny_obrazok":false,"second_feature_image":null,"search_top_keywords":""},"wpml_translations_detailed":{"sk":{"id":80744,"title":"Slu\u017eby","url":"https:\/\/www.visitliptov.sk\/sluzby\/","api_url":"https:\/\/www.visitliptov.sk\/pl\/wp-json\/wp\/v2\/page\/80744","status":"publish","excerpt":"","content":"<!-- wp:columns {\"align\":\"full\",\"className\":\"has-3-columns noborder\"} -->\n<div class=\"wp-block-columns alignfull has-3-columns noborder\"><!-- wp:column {\"width\":33.34} -->\n<div class=\"wp-block-column\" style=\"flex-basis:33.34%\"><!-- wp:cover {\"url\":\"https:\/\/www.visitliptov.sk\/wp-content\/uploads\/2019\/03\/ICLM_OC_Central.jpg\",\"id\":11591,\"minHeight\":500} -->\n<div class=\"wp-block-cover has-background-dim\" style=\"background-image:url(https:\/\/www.visitliptov.sk\/wp-content\/uploads\/2019\/03\/ICLM_OC_Central.jpg);min-height:500px\"><div class=\"wp-block-cover__inner-container\"><!-- wp:paragraph {\"align\":\"center\",\"placeholder\":\"Nap\u00ed\u0161te titulok...\",\"fontSize\":\"large\"} -->\n<p class=\"has-text-align-center has-large-font-size\">Informa\u010dn\u00e9 centr\u00e1<\/p>\n<!-- \/wp:paragraph -->\n\n<!-- wp:buttons {\"align\":\"center\"} -->\n<div class=\"wp-block-buttons aligncenter\"><!-- wp:button -->\n<div class=\"wp-block-button\"><a class=\"wp-block-button__link\" href=\"https:\/\/www.visitliptov.sk\/planovanie-dovolenky\/prakticke-informacie\/?_services-cat=informacne-centra\" target=\"_blank\" rel=\"noreferrer noopener\">Zoznam informa\u010dn\u00fdch centier<\/a><\/div>\n<!-- \/wp:button --><\/div>\n<!-- \/wp:buttons --><\/div><\/div>\n<!-- \/wp:cover --><\/div>\n<!-- \/wp:column -->\n\n<!-- wp:column {\"width\":33.34} -->\n<div class=\"wp-block-column\" style=\"flex-basis:33.34%\"><!-- wp:cover {\"url\":\"https:\/\/www.visitliptov.sk\/wp-content\/uploads\/2018\/02\/csm_servisgrandjet_jasna_1_b6b5acbcdb.jpg\",\"id\":134734,\"focalPoint\":{\"x\":\"0.26\",\"y\":\"0.51\"},\"minHeight\":500} -->\n<div class=\"wp-block-cover has-background-dim\" style=\"background-image:url(https:\/\/www.visitliptov.sk\/wp-content\/uploads\/2018\/02\/csm_servisgrandjet_jasna_1_b6b5acbcdb.jpg);min-height:500px;background-position:26% 51%\"><div class=\"wp-block-cover__inner-container\"><!-- wp:paragraph {\"align\":\"center\",\"placeholder\":\"Nap\u00ed\u0161te titulok...\",\"fontSize\":\"large\"} -->\n<p class=\"has-text-align-center has-large-font-size\">Po\u017ei\u010dovne a servisy<\/p>\n<!-- \/wp:paragraph -->\n\n<!-- wp:buttons {\"align\":\"center\"} -->\n<div class=\"wp-block-buttons aligncenter\"><!-- wp:button -->\n<div class=\"wp-block-button\"><a class=\"wp-block-button__link\" href=\"https:\/\/www.visitliptov.sk\/planovanie-dovolenky\/prakticke-informacie\/?_services-cat=pozicovne-a-servis\" target=\"_blank\" rel=\"noreferrer noopener\">Zoznam po\u017ei\u010dovn\u00ed a servisov<\/a><\/div>\n<!-- \/wp:button --><\/div>\n<!-- \/wp:buttons --><\/div><\/div>\n<!-- \/wp:cover --><\/div>\n<!-- \/wp:column -->\n\n<!-- wp:column {\"width\":33.33} -->\n<div class=\"wp-block-column\" style=\"flex-basis:33.33%\"><!-- wp:cover {\"url\":\"https:\/\/www.visitliptov.sk\/wp-content\/uploads\/2019\/04\/stopshop.png\",\"id\":80749,\"focalPoint\":{\"x\":\"0.12\",\"y\":\"0.40\"},\"minHeight\":500} -->\n<div class=\"wp-block-cover has-background-dim\" style=\"background-image:url(https:\/\/www.visitliptov.sk\/wp-content\/uploads\/2019\/04\/stopshop.png);min-height:500px;background-position:12% 40%\"><div class=\"wp-block-cover__inner-container\"><!-- wp:paragraph {\"align\":\"center\",\"placeholder\":\"Nap\u00ed\u0161te titulok...\",\"fontSize\":\"large\"} -->\n<p class=\"has-text-align-center has-large-font-size\">Obchody<\/p>\n<!-- \/wp:paragraph -->\n\n<!-- wp:buttons {\"align\":\"center\"} -->\n<div class=\"wp-block-buttons aligncenter\"><!-- wp:button -->\n<div class=\"wp-block-button\"><a class=\"wp-block-button__link\" href=\"https:\/\/www.visitliptov.sk\/planovanie-dovolenky\/prakticke-informacie\/?_services-cat=obchody\" target=\"_blank\" rel=\"noreferrer noopener\">Zoznam obchodov<\/a><\/div>\n<!-- \/wp:button --><\/div>\n<!-- \/wp:buttons --><\/div><\/div>\n<!-- \/wp:cover --><\/div>\n<!-- \/wp:column --><\/div>\n<!-- \/wp:columns -->\n\n<!-- wp:separator -->\n<hr class=\"wp-block-separator\"\/>\n<!-- \/wp:separator -->\n\n<!-- wp:spacer -->\n<div style=\"height:100px\" aria-hidden=\"true\" class=\"wp-block-spacer\"><\/div>\n<!-- \/wp:spacer -->\n\n<!-- wp:shortcode -->\n[services]\n<!-- \/wp:shortcode -->","featured_media":0,"featured_media_url":null,"images_gallery_urls":[],"fotka_1_url":null,"fotka_2_url":null,"fotka_3_url":null,"fotka_4_url":null,"fotka_5_url":null,"fotka_6_url":null,"fotka_7_url":null,"fotka_8_url":null},"en":{"id":84467,"title":"Service","url":"https:\/\/www.visitliptov.sk\/en\/service\/","api_url":"https:\/\/www.visitliptov.sk\/pl\/wp-json\/wp\/v2\/page\/84467","status":"publish","excerpt":"","content":"[fusion_builder_container hundred_percent=\"yes\" overflow=\"visible\"][fusion_builder_row][fusion_builder_column type=\"1_3\" layout=\"1_3\" last=\"no\" spacing=\"yes\" center_content=\"no\" hide_on_mobile=\"no\" background_color=\"\" background_image=\"\" background_repeat=\"no-repeat\" background_position=\"left top\" border_position=\"all\" border_size=\"0px\" border_color=\"\" border_style=\"\" padding=\"\" margin_top=\"\" margin_bottom=\"\" animation_type=\"\" animation_direction=\"\" animation_speed=\"0.1\" class=\"\" id=\"\" min_height=\"\" hover_type=\"none\" link=\"\"][fusion_imageframe image_id=\"86960\" style_type=\"none\" stylecolor=\"\" hover_type=\"liftup\" bordersize=\"0px\" bordercolor=\"\" borderradius=\"0\" align=\"center\" lightbox=\"no\" gallery_id=\"\" lightbox_image=\"\" alt=\"\" link=\"https:\/\/www.visitliptov.sk\/en\/information-centers\/\" linktarget=\"_self\" hide_on_mobile=\"no\" class=\"\" id=\"\" animation_type=\"zoom\" animation_direction=\"left\" animation_speed=\"1.0\" animation_offset=\"\"]https:\/\/www.visitliptov.sk\/wp-content\/uploads\/2015\/12\/ic_lm2-300x192.png[\/fusion_imageframe][fusion_text]\n<h2 style=\"text-align: center; margin-top: 15px;\"><a href=\"https:\/\/www.visitliptov.sk\/en\/information-centers\/\"> Information Centers<\/a><\/h2>\n[\/fusion_text][\/fusion_builder_column][fusion_builder_column type=\"1_3\" layout=\"1_3\" last=\"no\" spacing=\"yes\" center_content=\"no\" hide_on_mobile=\"no\" background_color=\"\" background_image=\"\" background_repeat=\"no-repeat\" background_position=\"left top\" border_position=\"all\" border_size=\"0px\" border_color=\"\" border_style=\"\" padding=\"\" margin_top=\"\" margin_bottom=\"\" animation_type=\"\" animation_direction=\"\" animation_speed=\"0.1\" class=\"\" id=\"\" min_height=\"\" hover_type=\"none\" link=\"\"][fusion_imageframe image_id=\"86573\" style_type=\"none\" stylecolor=\"\" hover_type=\"liftup\" bordersize=\"0px\" bordercolor=\"\" borderradius=\"0\" align=\"center\" lightbox=\"no\" gallery_id=\"\" lightbox_image=\"\" alt=\"\" link=\"https:\/\/www.visitliptov.sk\/en\/service\/shops-and-shopping-centers\/\" linktarget=\"_self\" hide_on_mobile=\"no\" class=\"\" id=\"\" animation_type=\"zoom\" animation_direction=\"left\" animation_speed=\"1.0\" animation_offset=\"\"]https:\/\/www.visitliptov.sk\/wp-content\/uploads\/2015\/12\/stopshop-300x182.png[\/fusion_imageframe][fusion_text]\n<h2 style=\"text-align: center; margin-top: 15px;\"><a href=\"https:\/\/www.visitliptov.sk\/en\/service\/shops-and-shopping-centers\/\"> Shopping centers<\/a><\/h2>\n[\/fusion_text][\/fusion_builder_column][fusion_builder_column type=\"1_3\" layout=\"1_3\" last=\"yes\" spacing=\"yes\" center_content=\"no\" hide_on_mobile=\"no\" background_color=\"\" background_image=\"\" background_repeat=\"no-repeat\" background_position=\"left top\" border_position=\"all\" border_size=\"0px\" border_color=\"\" border_style=\"\" padding=\"\" margin_top=\"\" margin_bottom=\"\" animation_type=\"\" animation_direction=\"\" animation_speed=\"0.1\" class=\"\" id=\"\" min_height=\"\" hover_type=\"none\" link=\"\"][fusion_imageframe image_id=\"52376\" style_type=\"none\" stylecolor=\"\" hover_type=\"liftup\" bordersize=\"0px\" bordercolor=\"\" borderradius=\"0\" align=\"center\" lightbox=\"no\" gallery_id=\"\" lightbox_image=\"\" alt=\"\" link=\"https:\/\/www.visitliptov.sk\/en\/rent-services\/\" linktarget=\"_self\" hide_on_mobile=\"no\" class=\"\" id=\"\" animation_type=\"zoom\" animation_direction=\"left\" animation_speed=\"1.0\" animation_offset=\"\"]https:\/\/www.visitliptov.sk\/wp-content\/uploads\/2015\/12\/motion-300x177.png[\/fusion_imageframe][fusion_text]\n<h2 style=\"text-align: center; margin-top: 15px;\"><a href=\"https:\/\/www.visitliptov.sk\/en\/rent-services\/\"> Services<\/a><\/h2>\n[\/fusion_text][\/fusion_builder_column][fusion_builder_column type=\"1_3\" layout=\"1_3\" last=\"no\" spacing=\"yes\" center_content=\"no\" hide_on_mobile=\"no\" background_color=\"\" background_image=\"\" background_repeat=\"no-repeat\" background_position=\"left top\" border_position=\"all\" border_size=\"0px\" border_color=\"\" border_style=\"\" padding=\"\" margin_top=\"\" margin_bottom=\"\" animation_type=\"\" animation_direction=\"\" animation_speed=\"0.1\" class=\"\" id=\"\" min_height=\"\" hover_type=\"none\" link=\"\"][fusion_imageframe image_id=\"30055\" style_type=\"none\" stylecolor=\"\" hover_type=\"liftup\" bordersize=\"0px\" bordercolor=\"\" borderradius=\"0\" align=\"center\" lightbox=\"no\" gallery_id=\"\" lightbox_image=\"\" alt=\"\" link=\"https:\/\/www.visitliptov.sk\/en\/services-on-liptov\/\" linktarget=\"_self\" hide_on_mobile=\"no\" class=\"\" id=\"\" animation_type=\"zoom\" animation_direction=\"left\" animation_speed=\"1.0\" animation_offset=\"\"]https:\/\/www.visitliptov.sk\/wp-content\/uploads\/2019\/04\/thajskeMasaze03-300x200.jpg[\/fusion_imageframe][fusion_text]\n<h2 style=\"text-align: center; margin-top: 15px;\"><a href=\"\/?page_id=14020\"> Services<\/a><\/h2>\n[\/fusion_text][\/fusion_builder_column][fusion_builder_column type=\"1_3\" layout=\"1_3\" last=\"yes\" spacing=\"yes\" center_content=\"no\" hide_on_mobile=\"no\" background_color=\"\" background_image=\"\" background_repeat=\"no-repeat\" background_position=\"left top\" border_position=\"all\" border_size=\"0px\" border_color=\"\" border_style=\"\" padding=\"\" margin_top=\"\" margin_bottom=\"\" animation_type=\"\" animation_direction=\"\" animation_speed=\"0.1\" class=\"\" id=\"\" min_height=\"\" hover_type=\"none\" link=\"\"][fusion_imageframe image_id=\"86578\" style_type=\"none\" stylecolor=\"\" hover_type=\"liftup\" bordersize=\"0px\" bordercolor=\"\" borderradius=\"0\" align=\"center\" lightbox=\"no\" gallery_id=\"\" lightbox_image=\"\" alt=\"\" link=\"https:\/\/www.visitliptov.sk\/en\/transport-skibus\/\" linktarget=\"_self\" hide_on_mobile=\"no\" class=\"\" id=\"\" animation_type=\"zoom\" animation_direction=\"left\" animation_speed=\"1.0\" animation_offset=\"\"]https:\/\/www.visitliptov.sk\/wp-content\/uploads\/2015\/12\/IMG_20171222_092130-e1520588226196-300x196.jpg[\/fusion_imageframe][fusion_text]\n<h2 style=\"text-align: center; margin-top: 15px;\"><a href=\"https:\/\/www.visitliptov.sk\/en\/transport-skibus\/\">Transport &amp; Skibus<\/a><\/h2>\n[\/fusion_text][\/fusion_builder_column][\/fusion_builder_row][\/fusion_builder_container]","featured_media":84468,"featured_media_url":"https:\/\/www.visitliptov.sk\/wp-content\/uploads\/2019\/04\/ic_lm-e1520587866543.jpg","images_gallery_urls":[],"fotka_1_url":null,"fotka_2_url":null,"fotka_3_url":null,"fotka_4_url":null,"fotka_5_url":null,"fotka_6_url":null,"fotka_7_url":null,"fotka_8_url":null},"pl":{"id":85054,"title":"Us\u0142uga","url":"https:\/\/www.visitliptov.sk\/pl\/usluga-2\/","api_url":"https:\/\/www.visitliptov.sk\/pl\/wp-json\/wp\/v2\/page\/85054","status":"publish","excerpt":"","content":"[fusion_builder_container hundred_percent=\"yes\" overflow=\"visible\"][fusion_builder_row][fusion_builder_column type=\"1_3\" layout=\"1_3\" last=\"no\" spacing=\"yes\" center_content=\"no\" hide_on_mobile=\"no\" background_color=\"\" background_image=\"\" background_repeat=\"no-repeat\" background_position=\"left top\" border_position=\"all\" border_size=\"0px\" border_color=\"\" border_style=\"\" padding=\"\" margin_top=\"\" margin_bottom=\"\" animation_type=\"\" animation_direction=\"\" animation_speed=\"0.1\" class=\"\" id=\"\" min_height=\"\" hover_type=\"none\" link=\"\"][fusion_imageframe image_id=\"86961\" style_type=\"none\" stylecolor=\"\" hover_type=\"liftup\" bordersize=\"0px\" bordercolor=\"\" borderradius=\"0\" align=\"center\" lightbox=\"no\" gallery_id=\"\" lightbox_image=\"\" alt=\"\" link=\"https:\/\/www.visitliptov.sk\/pl\/usluga\/centra-informacyjne\/\" linktarget=\"_self\" hide_on_mobile=\"no\" class=\"\" id=\"\" animation_type=\"zoom\" animation_direction=\"left\" animation_speed=\"1.0\" animation_offset=\"\"]https:\/\/www.visitliptov.sk\/wp-content\/uploads\/2015\/12\/ic_lm2-300x192.png[\/fusion_imageframe][fusion_text]\n<h2 style=\"text-align: center; margin-top: 15px;\"><a href=\"\/?page_id=14006\"> Centra informacyjne<\/a><\/h2>\n[\/fusion_text][\/fusion_builder_column][fusion_builder_column type=\"1_3\" layout=\"1_3\" last=\"no\" spacing=\"yes\" center_content=\"no\" hide_on_mobile=\"no\" background_color=\"\" background_image=\"\" background_repeat=\"no-repeat\" background_position=\"left top\" border_position=\"all\" border_size=\"0px\" border_color=\"\" border_style=\"\" padding=\"\" margin_top=\"\" margin_bottom=\"\" animation_type=\"\" animation_direction=\"\" animation_speed=\"0.1\" class=\"\" id=\"\" min_height=\"\" hover_type=\"none\" link=\"\"][fusion_imageframe image_id=\"86574\" style_type=\"none\" stylecolor=\"\" hover_type=\"liftup\" bordersize=\"0px\" bordercolor=\"\" borderradius=\"0\" align=\"center\" lightbox=\"no\" gallery_id=\"\" lightbox_image=\"\" alt=\"\" link=\"\/pl\/usluga\/centra-handlowe\/\" linktarget=\"_self\" hide_on_mobile=\"no\" class=\"\" id=\"\" animation_type=\"zoom\" animation_direction=\"left\" animation_speed=\"1.0\" animation_offset=\"\"]https:\/\/www.visitliptov.sk\/wp-content\/uploads\/2015\/12\/stopshop-300x182.png[\/fusion_imageframe][fusion_text]\n<h2 style=\"text-align: center; margin-top: 15px;\"><a href=\"\/?page_id=14011\">Centra handlowe<\/a><\/h2>\n[\/fusion_text][\/fusion_builder_column][fusion_builder_column type=\"1_3\" layout=\"1_3\" last=\"yes\" spacing=\"yes\" center_content=\"no\" hide_on_mobile=\"no\" background_color=\"\" background_image=\"\" background_repeat=\"no-repeat\" background_position=\"left top\" border_position=\"all\" border_size=\"0px\" border_color=\"\" border_style=\"\" padding=\"\" margin_top=\"\" margin_bottom=\"\" animation_type=\"\" animation_direction=\"\" animation_speed=\"0.1\" class=\"\" id=\"\" min_height=\"\" hover_type=\"none\" link=\"\"][fusion_imageframe image_id=\"52378\" style_type=\"none\" stylecolor=\"\" hover_type=\"liftup\" bordersize=\"0px\" bordercolor=\"\" borderradius=\"0\" align=\"center\" lightbox=\"no\" gallery_id=\"\" lightbox_image=\"\" alt=\"\" link=\"\/pl\/usluga\/wypozyczalnie-i-serwisy\/\" linktarget=\"_self\" hide_on_mobile=\"no\" class=\"\" id=\"\" animation_type=\"zoom\" animation_direction=\"left\" animation_speed=\"1.0\" animation_offset=\"\"]https:\/\/www.visitliptov.sk\/wp-content\/uploads\/2015\/12\/motion-300x177.png[\/fusion_imageframe][fusion_text]\n<h2 style=\"text-align: center; margin-top: 15px;\"><a href=\"\/?page_id=14015\"> Wypo\u017cyczalnie i serwisy<\/a><\/h2>\n[\/fusion_text][\/fusion_builder_column][fusion_builder_column type=\"1_3\" layout=\"1_3\" last=\"no\" spacing=\"yes\" center_content=\"no\" hide_on_mobile=\"no\" background_color=\"\" background_image=\"\" background_repeat=\"no-repeat\" background_position=\"left top\" border_position=\"all\" border_size=\"0px\" border_color=\"\" border_style=\"\" padding=\"\" margin_top=\"\" margin_bottom=\"\" animation_type=\"\" animation_direction=\"\" animation_speed=\"0.1\" class=\"\" id=\"\" min_height=\"\" hover_type=\"none\" link=\"\"][fusion_imageframe image_id=\"30057\" style_type=\"none\" stylecolor=\"\" hover_type=\"liftup\" bordersize=\"0px\" bordercolor=\"\" borderradius=\"0\" align=\"center\" lightbox=\"no\" gallery_id=\"\" lightbox_image=\"\" alt=\"\" link=\"\/pl\/usluga\/usluga\/\" linktarget=\"_self\" hide_on_mobile=\"no\" class=\"\" id=\"\" animation_type=\"zoom\" animation_direction=\"left\" animation_speed=\"1.0\" animation_offset=\"\"]https:\/\/www.visitliptov.sk\/wp-content\/uploads\/2019\/04\/thajskeMasaze03-300x200.jpg[\/fusion_imageframe][fusion_text]\n<h2 style=\"text-align: center; margin-top: 15px;\"><a href=\"\/?page_id=14021\"> Us\u0142uga<\/a><\/h2>\n[\/fusion_text][\/fusion_builder_column][fusion_builder_column type=\"1_3\" layout=\"1_3\" last=\"yes\" spacing=\"yes\" center_content=\"no\" hide_on_mobile=\"no\" background_color=\"\" background_image=\"\" background_repeat=\"no-repeat\" background_position=\"left top\" border_position=\"all\" border_size=\"0px\" border_color=\"\" border_style=\"\" padding=\"\" margin_top=\"\" margin_bottom=\"\" animation_type=\"\" animation_direction=\"\" animation_speed=\"0.1\" class=\"\" id=\"\" min_height=\"\" hover_type=\"none\" link=\"\"][fusion_imageframe image_id=\"86579\" style_type=\"none\" stylecolor=\"\" hover_type=\"liftup\" bordersize=\"0px\" bordercolor=\"\" borderradius=\"0\" align=\"center\" lightbox=\"no\" gallery_id=\"\" lightbox_image=\"\" alt=\"\" link=\"\/pl\/transport\/\" linktarget=\"_self\" hide_on_mobile=\"no\" class=\"\" id=\"\" animation_type=\"zoom\" animation_direction=\"left\" animation_speed=\"1.0\" animation_offset=\"\"]https:\/\/www.visitliptov.sk\/wp-content\/uploads\/2015\/12\/IMG_20171222_092130-e1520589125961-300x192.jpg[\/fusion_imageframe][fusion_text]\n<h2 style=\"text-align: center; margin-top: 15px;\"><a href=\"\/?page_id=20484\"> Transport<\/a><\/h2>\n[\/fusion_text][\/fusion_builder_column][\/fusion_builder_row][\/fusion_builder_container]","featured_media":11569,"featured_media_url":"https:\/\/www.visitliptov.sk\/wp-content\/uploads\/2019\/03\/ic_lm.jpg","images_gallery_urls":[],"fotka_1_url":null,"fotka_2_url":null,"fotka_3_url":null,"fotka_4_url":null,"fotka_5_url":null,"fotka_6_url":null,"fotka_7_url":null,"fotka_8_url":null},"ru":{"id":85325,"title":"O\u0431\u0441\u043b\u0443\u0436\u0438\u0432\u0430\u043d\u0438\u0435","url":"https:\/\/www.visitliptov.sk\/ru\/%d0%be%d0%b1%d1%81%d0%bb%d1%83%d0%b6%d0%b8%d0%b2%d0%b0%d0%bd%d0%b8%d0%b5-2\/","api_url":"https:\/\/www.visitliptov.sk\/pl\/wp-json\/wp\/v2\/page\/85325","status":"publish","excerpt":"","content":"<!-- wp:columns {\"align\":\"full\",\"className\":\"has-3-columns noborder\"} -->\n<div class=\"wp-block-columns alignfull has-3-columns noborder\"><!-- wp:column {\"width\":33.34} -->\n<div class=\"wp-block-column\" style=\"flex-basis:33.34%\"><!-- wp:cover {\"url\":\"https:\/\/www.visitliptov.sk\/wp-content\/uploads\/2019\/03\/ICLM_OC_Central.jpg\",\"id\":11591,\"minHeight\":500} -->\n<div class=\"wp-block-cover has-background-dim\" style=\"background-image:url(https:\/\/www.visitliptov.sk\/wp-content\/uploads\/2019\/03\/ICLM_OC_Central.jpg);min-height:500px\"><div class=\"wp-block-cover__inner-container\"><!-- wp:paragraph {\"align\":\"center\",\"placeholder\":\"Nap\u00ed\u0161te titulok...\",\"fontSize\":\"large\"} -->\n<p class=\"has-text-align-center has-large-font-size\">Informa\u010dn\u00e9 centr\u00e1<\/p>\n<!-- \/wp:paragraph -->\n\n<!-- wp:buttons {\"align\":\"center\"} -->\n<div class=\"wp-block-buttons aligncenter\"><!-- wp:button -->\n<div class=\"wp-block-button\"><a class=\"wp-block-button__link\" href=\"https:\/\/www.visitliptov.sk\/planovanie-dovolenky\/prakticke-informacie\/?_services-cat=informacne-centra\" target=\"_blank\" rel=\"noreferrer noopener\">Zoznam informa\u010dn\u00fdch centier<\/a><\/div>\n<!-- \/wp:button --><\/div>\n<!-- \/wp:buttons --><\/div><\/div>\n<!-- \/wp:cover --><\/div>\n<!-- \/wp:column -->\n\n<!-- wp:column {\"width\":33.34} -->\n<div class=\"wp-block-column\" style=\"flex-basis:33.34%\"><!-- wp:cover {\"url\":\"https:\/\/www.visitliptov.sk\/wp-content\/uploads\/2018\/02\/csm_servisgrandjet_jasna_1_b6b5acbcdb.jpg\",\"id\":134734,\"focalPoint\":{\"x\":\"0.26\",\"y\":\"0.51\"},\"minHeight\":500} -->\n<div class=\"wp-block-cover has-background-dim\" style=\"background-image:url(https:\/\/www.visitliptov.sk\/wp-content\/uploads\/2018\/02\/csm_servisgrandjet_jasna_1_b6b5acbcdb.jpg);min-height:500px;background-position:26% 51%\"><div class=\"wp-block-cover__inner-container\"><!-- wp:paragraph {\"align\":\"center\",\"placeholder\":\"Nap\u00ed\u0161te titulok...\",\"fontSize\":\"large\"} -->\n<p class=\"has-text-align-center has-large-font-size\">Po\u017ei\u010dovne a servisy<\/p>\n<!-- \/wp:paragraph -->\n\n<!-- wp:buttons {\"align\":\"center\"} -->\n<div class=\"wp-block-buttons aligncenter\"><!-- wp:button -->\n<div class=\"wp-block-button\"><a class=\"wp-block-button__link\" href=\"https:\/\/www.visitliptov.sk\/planovanie-dovolenky\/prakticke-informacie\/?_services-cat=pozicovne-a-servis\" target=\"_blank\" rel=\"noreferrer noopener\">Zoznam po\u017ei\u010dovn\u00ed a servisov<\/a><\/div>\n<!-- \/wp:button --><\/div>\n<!-- \/wp:buttons --><\/div><\/div>\n<!-- \/wp:cover --><\/div>\n<!-- \/wp:column -->\n\n<!-- wp:column {\"width\":33.33} -->\n<div class=\"wp-block-column\" style=\"flex-basis:33.33%\"><!-- wp:cover {\"url\":\"https:\/\/www.visitliptov.sk\/wp-content\/uploads\/2019\/04\/stopshop.png\",\"id\":80749,\"focalPoint\":{\"x\":\"0.12\",\"y\":\"0.40\"},\"minHeight\":500} -->\n<div class=\"wp-block-cover has-background-dim\" style=\"background-image:url(https:\/\/www.visitliptov.sk\/wp-content\/uploads\/2019\/04\/stopshop.png);min-height:500px;background-position:12% 40%\"><div class=\"wp-block-cover__inner-container\"><!-- wp:paragraph {\"align\":\"center\",\"placeholder\":\"Nap\u00ed\u0161te titulok...\",\"fontSize\":\"large\"} -->\n<p class=\"has-text-align-center has-large-font-size\">Obchody<\/p>\n<!-- \/wp:paragraph -->\n\n<!-- wp:buttons {\"align\":\"center\"} -->\n<div class=\"wp-block-buttons aligncenter\"><!-- wp:button -->\n<div class=\"wp-block-button\"><a class=\"wp-block-button__link\" href=\"https:\/\/www.visitliptov.sk\/planovanie-dovolenky\/prakticke-informacie\/?_services-cat=obchody\" target=\"_blank\" rel=\"noreferrer noopener\">Zoznam obchodov<\/a><\/div>\n<!-- \/wp:button --><\/div>\n<!-- \/wp:buttons --><\/div><\/div>\n<!-- \/wp:cover --><\/div>\n<!-- \/wp:column --><\/div>\n<!-- \/wp:columns --><!-- wp:separator -->\n<hr class=\"wp-block-separator\"\/>\n<!-- \/wp:separator --><!-- wp:spacer -->\n<div style=\"height:100px\" aria-hidden=\"true\" class=\"wp-block-spacer\"><\/div>\n<!-- \/wp:spacer --><!-- wp:shortcode -->\n[services]\n<!-- \/wp:shortcode -->","featured_media":11570,"featured_media_url":"https:\/\/www.visitliptov.sk\/wp-content\/uploads\/2019\/03\/ic_lm.jpg","images_gallery_urls":[],"fotka_1_url":null,"fotka_2_url":null,"fotka_3_url":null,"fotka_4_url":null,"fotka_5_url":null,"fotka_6_url":null,"fotka_7_url":null,"fotka_8_url":null}},"_links":{"self":[{"href":"https:\/\/www.visitliptov.sk\/pl\/wp-json\/wp\/v2\/pages\/85054"}],"collection":[{"href":"https:\/\/www.visitliptov.sk\/pl\/wp-json\/wp\/v2\/pages"}],"about":[{"href":"https:\/\/www.visitliptov.sk\/pl\/wp-json\/wp\/v2\/types\/page"}],"author":[{"embeddable":true,"href":"https:\/\/www.visitliptov.sk\/pl\/wp-json\/wp\/v2\/users\/1"}],"replies":[{"embeddable":true,"href":"https:\/\/www.visitliptov.sk\/pl\/wp-json\/wp\/v2\/comments?post=85054"}],"version-history":[{"count":0,"href":"https:\/\/www.visitliptov.sk\/pl\/wp-json\/wp\/v2\/pages\/85054\/revisions"}],"wp:featuredmedia":[{"embeddable":true,"href":"https:\/\/www.visitliptov.sk\/pl\/wp-json\/wp\/v2\/media\/11569"}],"wp:attachment":[{"href":"https:\/\/www.visitliptov.sk\/pl\/wp-json\/wp\/v2\/media?parent=85054"}],"curies":[{"name":"wp","href":"https:\/\/api.w.org\/{rel}","templated":true}]}}