{"id":85045,"date":"2016-01-21T00:00:00","date_gmt":"2016-01-20T23:00:00","guid":{"rendered":"https:\/\/www.visitliptov.sk\/typy-na-wycieczki\/"},"modified":"2016-01-21T00:00:00","modified_gmt":"2016-01-20T23:00:00","slug":"typy-na-wycieczki","status":"publish","type":"page","link":"https:\/\/www.visitliptov.sk\/pl\/typy-na-wycieczki\/","title":{"rendered":"Typy na wycieczki"},"content":{"rendered":"W2xvb3AgdGhlX3F1ZXJ5PSJwb3N0c19wZXJfcGFnZT0xMiZwb3N0X3R5cGU9emF1amltYXZvc3RpJmNhdGVnb3J5LWludGVyZXN0PXRpcHktbmEtdnlsZXR5LXBsIl0=\n\n\n\n","protected":false},"excerpt":{"rendered":"","protected":false},"author":1,"featured_media":540748,"parent":0,"menu_order":0,"comment_status":"open","ping_status":"open","template":"","meta":{"_acf_changed":false,"inline_featured_image":false,"episode_type":"","audio_file":"","cover_image":"","cover_image_id":"","duration":"","filesize":"","date_recorded":"","explicit":"","block":"","filesize_raw":"","_jf_limit_responses":"","footnotes":""},"class_list":["post-85045","page","type-page","status-publish","has-post-thumbnail","hentry"],"acf":{"vyhradny_obrazok":false,"second_feature_image":null,"search_top_keywords":""},"wpml_translations_detailed":{"sk":{"id":80445,"title":"Tipy na v\u00fdlety s de\u0165mi","url":"https:\/\/www.visitliptov.sk\/tipy-na-vylety\/","api_url":"https:\/\/www.visitliptov.sk\/pl\/wp-json\/wp\/v2\/page\/80445","status":"publish","excerpt":"V\u00fdlety s de\u0165mi Rodi\u010dia m\u00f4\u017eu uskuto\u010dni\u0165 na Liptove v\u00fdlety s&nbsp;de\u0165mi, ktor\u00e9 si u\u017eije cel\u00e1 rodina. Deti maj\u00fa radi pohyb v&nbsp;pr\u00edrode, ...","content":"<!-- wp:button {\"className\":\"aligncenter\"} -->\n<div class=\"wp-block-button aligncenter\"><a class=\"wp-block-button__link wp-element-button\" href=\"https:\/\/www.visitliptov.sk\/liptov-s-detmi\/\">pozri Liptov s de\u0165mi<\/a><\/div>\n<!-- \/wp:button -->\n\n<h2 style=\"text-align: justify;\">V\u00fdlety s de\u0165mi<\/h2>\n<p>[caption id=\"attachment_56063\" align=\"alignleft\" width=\"290\"]<a href=\"https:\/\/www.visitliptov.sk\/wp-content\/uploads\/2019\/04\/farmvychodna06.jpg\"><img class=\" wp-image-56063\" src=\"https:\/\/www.visitliptov.sk\/wp-content\/uploads\/2019\/04\/farmvychodna06.jpg\" alt=\"Farma V\u00fdchodn\u00e1\" width=\"290\" height=\"192\"><\/a> Farma V\u00fdchodn\u00e1[\/caption]<\/p>\n<p style=\"text-align: justify;\">Rodi\u010dia m\u00f4\u017eu uskuto\u010dni\u0165 na Liptove v\u00fdlety s&nbsp;de\u0165mi, ktor\u00e9 si u\u017eije cel\u00e1 rodina. Deti maj\u00fa radi pohyb v&nbsp;pr\u00edrode, z\u00e1bavu a&nbsp;r\u00fdchlos\u0165. Tej si u\u017eij\u00fa do s\u00fdtosti v\u010faka <a href=\"https:\/\/www.visitliptov.sk\/zaujimavosti\/bobova-draha\/\">bobovej dr\u00e1he \u017diarce FUN PARK<\/a> v&nbsp;Pav\u010dinej Lehote. Ve\u013ek\u00fdm hitom je spozn\u00e1vanie \u017eivota na farme z\u00e1\u017eitkovou formou a&nbsp;to na <strong>Farme V\u00fdchodn\u00e1<\/strong>, kde deti spoznaj\u00fa \u017eivot kr\u00e1v aj oviec a&nbsp;dokonca si zask\u00e1\u010du do sena. Pr\u00edjemn\u00e1 indoorov\u00e1 atrakcia je <a href=\"https:\/\/www.visitliptov.sk\/zaujimavosti\/laser-games-indoorova-atrakcia\/\">laser games <\/a>v&nbsp;Liptovskom Mikul\u00e1\u0161i, pri ktorej sa zabavia nielen chlapci. Lietanie u\u017e nie je v\u00fdsadou len pre dospel\u00fdch. V&nbsp;<a href=\"https:\/\/www.visitliptov.sk\/zaujimavosti\/hurricane-factory\/\">Hurricane Factory<\/a> v&nbsp;Liptovskom Mikul\u00e1\u0161i pri Tatralandii si zalietaj\u00fa aj deti, treba len n\u00e1js\u0165 odvahu. Hne\u010f ne\u010faleko je zase <a href=\"https:\/\/www.visitliptov.sk\/zaujimavosti\/zoo-kontakt\/\">ZOO Kontakt<\/a>, kde sa d\u00e1 spozn\u00e1va\u0165 r\u00ed\u0161a zvierat \u00faplne zbl\u00edzka. Deti sa \u00fa\u017easne vy\u0161antia aj v&nbsp;tunaj\u0161\u00edch akvaparkoch \u2013 <a href=\"https:\/\/www.visitliptov.sk\/zaujimavosti\/aquapark-tatralandia\/\">Tatralandia<\/a>, <a href=\"https:\/\/www.visitliptov.sk\/zaujimavosti\/vodny-park-besenova\/\">Be\u0161e\u0148ov\u00e1<\/a> a&nbsp;<a href=\"https:\/\/www.visitliptov.sk\/zaujimavosti\/aqua-vital-park-kupele-lucky\/\">Aqua-Vital Park <\/a>na L\u00fa\u010dkach. Skvel\u00fd n\u00e1pad ako zauja\u0165 deti je zobra\u0165 ich na ryba\u010dku do <a href=\"https:\/\/www.visitliptov.sk\/zaujimavosti\/rybaren-na-haku-liptovska-sielnica\/\">Ryb\u00e1rne na h\u00e1ku<\/a> do Liptovskej Sielnice. Deti si rybku ulovia a&nbsp;potom ju m\u00f4\u017eu aj v\u0161etci spolo\u010dne skonzumova\u0165.<\/p>\n<p style=\"text-align: justify;\">Zdatnos\u0165 det\u00ed preveria <strong>Tarz\u00e1nie<\/strong> \u2013 lanov\u00e9 parky v&nbsp;<a href=\"https:\/\/www.visitliptov.sk\/zaujimavosti\/tarzania-jasna-lanovy-park\/\">Jasnej<\/a> aj v&nbsp;<a href=\"https:\/\/www.visitliptov.sk\/zaujimavosti\/tarzania-hrabovo-lanovy-park\/\">Hrabove<\/a>. Deti prekvap\u00ed a&nbsp;zaujme aj pr\u00edbeh mince v&nbsp;<a href=\"https:\/\/www.visitliptov.sk\/zaujimavosti\/podzemie-pod-vezami-mincovnickovo\/\">Mincovn\u00ed\u010dkove<\/a> v&nbsp;Liptovskom J\u00e1ne, kr\u00e1sy <a href=\"https:\/\/www.visitliptov.sk\/zaujimavosti\/stanisovska-jaskyna-janska-dolina\/\">Stani\u0161ovskej jaskyne<\/a>, \u010di <a href=\"https:\/\/www.visitliptov.sk\/zaujimavosti\/medvedia-stolna-ziarska-dolina\/\">Medvedia \u0161t\u00f4l\u0148a<\/a> v&nbsp;\u017diarskej doline. Do rozpr\u00e1vky sa dostan\u00fa rodiny s&nbsp;de\u0165mi v&nbsp;<a href=\"https:\/\/www.visitliptov.sk\/zaujimavosti\/obrovo-zabavny-areal-pre-deti\/\">Obrove v&nbsp;\u010cutkovej doline<\/a>, kde sa deti zabavia, pocvi\u010dia si kond\u00edciu aj nie\u010do priu\u010dia. V malebnom Rev\u00fackom \u00fadol\u00ed pod skaln\u00fdm olt\u00e1rom \u010cierneho kame\u0148a sa oplat\u00ed \u00eds\u0165 tie\u017e na v\u00fdlety s&nbsp;de\u0165mi. V z\u00e1hradke rodi\u010dovsk\u00e9ho domu vznikla zauj\u00edmav\u00e1 rozpr\u00e1vkov\u00e1 <a href=\"https:\/\/www.visitliptov.sk\/zaujimavosti\/rozpravkova-vtacia-zahrada\/\"><strong>vt\u00e1\u010dia z\u00e1hradka<\/strong><\/a>. V&nbsp;hor\u0161om po\u010das\u00ed sa oplat\u00ed nav\u0161t\u00edvi\u0165 <a href=\"https:\/\/www.visitliptov.sk\/zaujimavosti\/slovenske-muzeum-ochrany-prirody-a-jaskyniarstva\/\"><strong>Slovensk\u00e9 m\u00fazeum ochrany pr\u00edrody a&nbsp;jaskyniarstva<\/strong> <\/a>v&nbsp;Liptovskom Mikul\u00e1\u0161i. Najmodernej\u0161ie m\u00fazeum svojho druhu vtiahne deti do pr\u00edrody. Len tu si m\u00f4\u017eu vysk\u00fa\u0161a\u0165 jaskynn\u00fa plazivku \u010di medved\u00ed brloch. Okrem toho tu n\u00e1jdu a&nbsp;pravek\u00e9 skameneliny \u010di odhalia obrovsk\u00fd v\u00fdznam v\u010delstva pre \u017eivot na zemi. Len p\u00e1r kilometrov v\u00fdchodne od Liptova v&nbsp;Starom Smokovci sa deti zabavia v&nbsp;<a href=\"https:\/\/www.visitliptov.sk\/zaujimavosti\/tricklandia\/\">Tricklandii<\/a>. Na mieste, kde nikdy nie je ni\u010d tak ako sa na prv\u00fd poh\u013ead zd\u00e1. Trickart je umenie, ktor\u00e9 vytv\u00e1ra vizu\u00e1lne il\u00fazie. Tie s\u00fa postaven\u00e9 na zobrazovan\u00ed predmetov akoby naozaj existovali, no v skuto\u010dnosti ide len o dvojrozmern\u00e9 kresby.<\/p>\n<p><!--EndFragment--><\/p>","featured_media":540745,"featured_media_url":"https:\/\/www.visitliptov.sk\/wp-content\/uploads\/2022\/01\/2023_besenova-mix-foto_liptov-s-detmi_leto-20-600x400.jpg","images_gallery_urls":[],"fotka_1_url":null,"fotka_2_url":null,"fotka_3_url":null,"fotka_4_url":null,"fotka_5_url":null,"fotka_6_url":null,"fotka_7_url":null,"fotka_8_url":null},"en":{"id":84457,"title":"Tips for trips","url":"https:\/\/www.visitliptov.sk\/en\/tips-for-trips\/","api_url":"https:\/\/www.visitliptov.sk\/pl\/wp-json\/wp\/v2\/page\/84457","status":"publish","excerpt":"","content":"[fusion_builder_container hundred_percent=\"yes\" overflow=\"visible\"][fusion_builder_row][fusion_builder_column type=\"1_1\" layout=\"1_1\" last=\"yes\" spacing=\"yes\" center_content=\"no\" hide_on_mobile=\"no\" background_color=\"\" background_image=\"\" background_repeat=\"no-repeat\" background_position=\"left top\" border_position=\"all\" border_size=\"0px\" border_color=\"\" border_style=\"\" padding=\"\" margin_top=\"\" margin_bottom=\"\" animation_type=\"\" animation_direction=\"\" animation_speed=\"0.1\" class=\"\" id=\"\" min_height=\"\" hover_type=\"none\" link=\"\"][fusion_code]W2xvb3AgdGhlX3F1ZXJ5PSJwb3N0c19wZXJfcGFnZT0xMiZwb3N0X3R5cGU9emF1amltYXZvc3RpJmNhdGVnb3J5LWludGVyZXN0PXRpcHktbmEtdnlsZXR5LWVuIl0=[\/fusion_code][\/fusion_builder_column][\/fusion_builder_row][\/fusion_builder_container]","featured_media":540746,"featured_media_url":"https:\/\/www.visitliptov.sk\/wp-content\/uploads\/2022\/01\/2023_besenova-mix-foto_liptov-s-detmi_leto-20-600x400.jpg","images_gallery_urls":[],"fotka_1_url":null,"fotka_2_url":null,"fotka_3_url":null,"fotka_4_url":null,"fotka_5_url":null,"fotka_6_url":null,"fotka_7_url":null,"fotka_8_url":null},"pl":{"id":85045,"title":"Typy na wycieczki","url":"https:\/\/www.visitliptov.sk\/pl\/typy-na-wycieczki\/","api_url":"https:\/\/www.visitliptov.sk\/pl\/wp-json\/wp\/v2\/page\/85045","status":"publish","excerpt":"","content":"[fusion_builder_container hundred_percent=\"yes\" overflow=\"visible\"][fusion_builder_row][fusion_builder_column type=\"1_1\" layout=\"1_1\" last=\"yes\" spacing=\"yes\" center_content=\"no\" hide_on_mobile=\"no\" background_color=\"\" background_image=\"\" background_repeat=\"no-repeat\" background_position=\"left top\" border_position=\"all\" border_size=\"0px\" border_color=\"\" border_style=\"\" padding=\"\" margin_top=\"\" margin_bottom=\"\" animation_type=\"\" animation_direction=\"\" animation_speed=\"0.1\" class=\"\" id=\"\" min_height=\"\" hover_type=\"none\" link=\"\"][fusion_code]W2xvb3AgdGhlX3F1ZXJ5PSJwb3N0c19wZXJfcGFnZT0xMiZwb3N0X3R5cGU9emF1amltYXZvc3RpJmNhdGVnb3J5LWludGVyZXN0PXRpcHktbmEtdnlsZXR5LXBsIl0=[\/fusion_code][\/fusion_builder_column][\/fusion_builder_row][\/fusion_builder_container]","featured_media":540748,"featured_media_url":"https:\/\/www.visitliptov.sk\/wp-content\/uploads\/2022\/01\/2023_besenova-mix-foto_liptov-s-detmi_leto-20-600x400.jpg","images_gallery_urls":[],"fotka_1_url":null,"fotka_2_url":null,"fotka_3_url":null,"fotka_4_url":null,"fotka_5_url":null,"fotka_6_url":null,"fotka_7_url":null,"fotka_8_url":null},"ru":{"id":85319,"title":"\u0418\u0434\u0435\u0439 \u0434\u043b\u044f \u043f\u043e\u0435\u0437\u0434\u043e\u043a","url":"https:\/\/www.visitliptov.sk\/ru\/%d0%b8%d0%b4%d0%b5%d0%b9-%d0%b4%d0%bb%d1%8f-%d0%bf%d0%be%d0%b5%d0%b7%d0%b4%d0%be%d0%ba\/","api_url":"https:\/\/www.visitliptov.sk\/pl\/wp-json\/wp\/v2\/page\/85319","status":"publish","excerpt":"V\u00fdlety s de\u0165mi Rodi\u010dia m\u00f4\u017eu uskuto\u010dni\u0165 na Liptove v\u00fdlety s&nbsp;de\u0165mi, ktor\u00e9 si u\u017eije cel\u00e1 rodina. Deti maj\u00fa radi pohyb v&nbsp;pr\u00edrode, ...","content":"<!-- wp:button {\"className\":\"aligncenter\"} -->\n<div class=\"wp-block-button aligncenter\"><a class=\"wp-block-button__link wp-element-button\" href=\"https:\/\/www.visitliptov.sk\/liptov-s-detmi\/\">pozri Liptov s de\u0165mi<\/a><\/div>\n<!-- \/wp:button --><h2 style=\"text-align: justify;\">V\u00fdlety s de\u0165mi<\/h2>\n<p>[caption id=\"attachment_56063\" align=\"alignleft\" width=\"290\"]<a href=\"https:\/\/www.visitliptov.sk\/wp-content\/uploads\/2019\/04\/farmvychodna06.jpg\"><img class=\" wp-image-56063\" src=\"https:\/\/www.visitliptov.sk\/wp-content\/uploads\/2019\/04\/farmvychodna06.jpg\" alt=\"Farma V\u00fdchodn\u00e1\" width=\"290\" height=\"192\"><\/a> Farma V\u00fdchodn\u00e1[\/caption]<\/p>\n<p style=\"text-align: justify;\">Rodi\u010dia m\u00f4\u017eu uskuto\u010dni\u0165 na Liptove v\u00fdlety s&nbsp;de\u0165mi, ktor\u00e9 si u\u017eije cel\u00e1 rodina. Deti maj\u00fa radi pohyb v&nbsp;pr\u00edrode, z\u00e1bavu a&nbsp;r\u00fdchlos\u0165. Tej si u\u017eij\u00fa do s\u00fdtosti v\u010faka <a href=\"https:\/\/www.visitliptov.sk\/zaujimavosti\/bobova-draha\/\">bobovej dr\u00e1he \u017diarce FUN PARK<\/a> v&nbsp;Pav\u010dinej Lehote. Ve\u013ek\u00fdm hitom je spozn\u00e1vanie \u017eivota na farme z\u00e1\u017eitkovou formou a&nbsp;to na <strong>Farme V\u00fdchodn\u00e1<\/strong>, kde deti spoznaj\u00fa \u017eivot kr\u00e1v aj oviec a&nbsp;dokonca si zask\u00e1\u010du do sena. Pr\u00edjemn\u00e1 indoorov\u00e1 atrakcia je <a href=\"https:\/\/www.visitliptov.sk\/zaujimavosti\/laser-games-indoorova-atrakcia\/\">laser games <\/a>v&nbsp;Liptovskom Mikul\u00e1\u0161i, pri ktorej sa zabavia nielen chlapci. Lietanie u\u017e nie je v\u00fdsadou len pre dospel\u00fdch. V&nbsp;<a href=\"https:\/\/www.visitliptov.sk\/zaujimavosti\/hurricane-factory\/\">Hurricane Factory<\/a> v&nbsp;Liptovskom Mikul\u00e1\u0161i pri Tatralandii si zalietaj\u00fa aj deti, treba len n\u00e1js\u0165 odvahu. Hne\u010f ne\u010faleko je zase <a href=\"https:\/\/www.visitliptov.sk\/zaujimavosti\/zoo-kontakt\/\">ZOO Kontakt<\/a>, kde sa d\u00e1 spozn\u00e1va\u0165 r\u00ed\u0161a zvierat \u00faplne zbl\u00edzka. Deti sa \u00fa\u017easne vy\u0161antia aj v&nbsp;tunaj\u0161\u00edch akvaparkoch \u2013 <a href=\"https:\/\/www.visitliptov.sk\/zaujimavosti\/aquapark-tatralandia\/\">Tatralandia<\/a>, <a href=\"https:\/\/www.visitliptov.sk\/zaujimavosti\/vodny-park-besenova\/\">Be\u0161e\u0148ov\u00e1<\/a> a&nbsp;<a href=\"https:\/\/www.visitliptov.sk\/zaujimavosti\/aqua-vital-park-kupele-lucky\/\">Aqua-Vital Park <\/a>na L\u00fa\u010dkach. Skvel\u00fd n\u00e1pad ako zauja\u0165 deti je zobra\u0165 ich na ryba\u010dku do <a href=\"https:\/\/www.visitliptov.sk\/zaujimavosti\/rybaren-na-haku-liptovska-sielnica\/\">Ryb\u00e1rne na h\u00e1ku<\/a> do Liptovskej Sielnice. Deti si rybku ulovia a&nbsp;potom ju m\u00f4\u017eu aj v\u0161etci spolo\u010dne skonzumova\u0165.<\/p>\n<p style=\"text-align: justify;\">Zdatnos\u0165 det\u00ed preveria <strong>Tarz\u00e1nie<\/strong> \u2013 lanov\u00e9 parky v&nbsp;<a href=\"https:\/\/www.visitliptov.sk\/zaujimavosti\/tarzania-jasna-lanovy-park\/\">Jasnej<\/a> aj v&nbsp;<a href=\"https:\/\/www.visitliptov.sk\/zaujimavosti\/tarzania-hrabovo-lanovy-park\/\">Hrabove<\/a>. Deti prekvap\u00ed a&nbsp;zaujme aj pr\u00edbeh mince v&nbsp;<a href=\"https:\/\/www.visitliptov.sk\/zaujimavosti\/podzemie-pod-vezami-mincovnickovo\/\">Mincovn\u00ed\u010dkove<\/a> v&nbsp;Liptovskom J\u00e1ne, kr\u00e1sy <a href=\"https:\/\/www.visitliptov.sk\/zaujimavosti\/stanisovska-jaskyna-janska-dolina\/\">Stani\u0161ovskej jaskyne<\/a>, \u010di <a href=\"https:\/\/www.visitliptov.sk\/zaujimavosti\/medvedia-stolna-ziarska-dolina\/\">Medvedia \u0161t\u00f4l\u0148a<\/a> v&nbsp;\u017diarskej doline. Do rozpr\u00e1vky sa dostan\u00fa rodiny s&nbsp;de\u0165mi v&nbsp;<a href=\"https:\/\/www.visitliptov.sk\/zaujimavosti\/obrovo-zabavny-areal-pre-deti\/\">Obrove v&nbsp;\u010cutkovej doline<\/a>, kde sa deti zabavia, pocvi\u010dia si kond\u00edciu aj nie\u010do priu\u010dia. V malebnom Rev\u00fackom \u00fadol\u00ed pod skaln\u00fdm olt\u00e1rom \u010cierneho kame\u0148a sa oplat\u00ed \u00eds\u0165 tie\u017e na v\u00fdlety s&nbsp;de\u0165mi. V z\u00e1hradke rodi\u010dovsk\u00e9ho domu vznikla zauj\u00edmav\u00e1 rozpr\u00e1vkov\u00e1 <a href=\"https:\/\/www.visitliptov.sk\/zaujimavosti\/rozpravkova-vtacia-zahrada\/\"><strong>vt\u00e1\u010dia z\u00e1hradka<\/strong><\/a>. V&nbsp;hor\u0161om po\u010das\u00ed sa oplat\u00ed nav\u0161t\u00edvi\u0165 <a href=\"https:\/\/www.visitliptov.sk\/zaujimavosti\/slovenske-muzeum-ochrany-prirody-a-jaskyniarstva\/\"><strong>Slovensk\u00e9 m\u00fazeum ochrany pr\u00edrody a&nbsp;jaskyniarstva<\/strong> <\/a>v&nbsp;Liptovskom Mikul\u00e1\u0161i. Najmodernej\u0161ie m\u00fazeum svojho druhu vtiahne deti do pr\u00edrody. Len tu si m\u00f4\u017eu vysk\u00fa\u0161a\u0165 jaskynn\u00fa plazivku \u010di medved\u00ed brloch. Okrem toho tu n\u00e1jdu a&nbsp;pravek\u00e9 skameneliny \u010di odhalia obrovsk\u00fd v\u00fdznam v\u010delstva pre \u017eivot na zemi. Len p\u00e1r kilometrov v\u00fdchodne od Liptova v&nbsp;Starom Smokovci sa deti zabavia v&nbsp;<a href=\"https:\/\/www.visitliptov.sk\/zaujimavosti\/tricklandia\/\">Tricklandii<\/a>. Na mieste, kde nikdy nie je ni\u010d tak ako sa na prv\u00fd poh\u013ead zd\u00e1. Trickart je umenie, ktor\u00e9 vytv\u00e1ra vizu\u00e1lne il\u00fazie. Tie s\u00fa postaven\u00e9 na zobrazovan\u00ed predmetov akoby naozaj existovali, no v skuto\u010dnosti ide len o dvojrozmern\u00e9 kresby.<\/p>\n<p><!--EndFragment--><\/p>\n","featured_media":542961,"featured_media_url":"https:\/\/www.visitliptov.sk\/wp-content\/uploads\/2022\/01\/2023_besenova-mix-foto_liptov-s-detmi_leto-20-600x400.jpg","images_gallery_urls":[],"fotka_1_url":null,"fotka_2_url":null,"fotka_3_url":null,"fotka_4_url":null,"fotka_5_url":null,"fotka_6_url":null,"fotka_7_url":null,"fotka_8_url":null}},"_links":{"self":[{"href":"https:\/\/www.visitliptov.sk\/pl\/wp-json\/wp\/v2\/pages\/85045"}],"collection":[{"href":"https:\/\/www.visitliptov.sk\/pl\/wp-json\/wp\/v2\/pages"}],"about":[{"href":"https:\/\/www.visitliptov.sk\/pl\/wp-json\/wp\/v2\/types\/page"}],"author":[{"embeddable":true,"href":"https:\/\/www.visitliptov.sk\/pl\/wp-json\/wp\/v2\/users\/1"}],"replies":[{"embeddable":true,"href":"https:\/\/www.visitliptov.sk\/pl\/wp-json\/wp\/v2\/comments?post=85045"}],"version-history":[{"count":0,"href":"https:\/\/www.visitliptov.sk\/pl\/wp-json\/wp\/v2\/pages\/85045\/revisions"}],"wp:featuredmedia":[{"embeddable":true,"href":"https:\/\/www.visitliptov.sk\/pl\/wp-json\/wp\/v2\/media\/540748"}],"wp:attachment":[{"href":"https:\/\/www.visitliptov.sk\/pl\/wp-json\/wp\/v2\/media?parent=85045"}],"curies":[{"name":"wp","href":"https:\/\/api.w.org\/{rel}","templated":true}]}}