{"id":84880,"date":"2016-01-11T00:00:00","date_gmt":"2016-01-10T23:00:00","guid":{"rendered":"https:\/\/www.visitliptov.sk\/wellness-i-kapieliska\/"},"modified":"2019-04-30T20:56:51","modified_gmt":"2019-04-30T18:56:51","slug":"wellness-i-kapieliska","status":"publish","type":"page","link":"https:\/\/www.visitliptov.sk\/pl\/ferie-zimowe\/wellness-i-kapieliska\/","title":{"rendered":"Wellness i k\u0105pieliska"},"content":{"rendered":"W2xvb3AgdGhlX3F1ZXJ5PSZxdW90O3Bvc3RzX3Blcl9wYWdlPTEyJmFtcDtwb3N0X3R5cGU9emF1amltYXZvc3RpJmFtcDtjYXRlZ29yeS1pbnRlcmVzdD13ZWxsbmVzcy1pLWthcGllbGlza2EmcXVvdDtd\n\n\n\n","protected":false},"excerpt":{"rendered":"","protected":false},"author":1,"featured_media":245264,"parent":85046,"menu_order":0,"comment_status":"open","ping_status":"open","template":"","meta":{"_acf_changed":false,"inline_featured_image":false,"episode_type":"","audio_file":"","cover_image":"","cover_image_id":"","duration":"","filesize":"","date_recorded":"","explicit":"","block":"","filesize_raw":"","_jf_limit_responses":"","footnotes":""},"class_list":["post-84880","page","type-page","status-publish","has-post-thumbnail","hentry"],"acf":{"vyhradny_obrazok":false,"second_feature_image":null,"search_top_keywords":""},"wpml_translations_detailed":{"sk":{"id":80438,"title":"K\u00fapanie a wellness","url":"https:\/\/www.visitliptov.sk\/zimna-dovolenka\/kupanie-a-wellness\/","api_url":"https:\/\/www.visitliptov.sk\/pl\/wp-json\/wp\/v2\/page\/80438","status":"publish","excerpt":"\u017di\u0165 wellnessom je trendom s\u00fa\u010dasnej doby. Aj preto Liptov napreduje aj v\u00a0tejto ponuke. Milovn\u00edci vody, saunovania a mas\u00e1\u017e\u00ed si pr\u00eddu ...","content":"<!-- wp:paragraph -->\n<p>\u017di\u0165 wellnessom je trendom s\u00fa\u010dasnej doby. Aj preto Liptov napreduje aj v\u00a0tejto ponuke. Milovn\u00edci vody, saunovania a mas\u00e1\u017e\u00ed si pr\u00eddu na svoje bez oh\u013eadu na ro\u010dn\u00e9 obdobie a po\u010dasie. Na k\u00fapanie a\u00a0wellness je tu dostatok mo\u017enost\u00ed. <\/p>\n<!-- \/wp:paragraph -->\n\n<!-- wp:paragraph -->\n<p>V slove wellness sa spojili dva pojmy: wellbeing, teda dobre a pr\u00edjemne sa c\u00edti\u0165 a fitness, \u010di\u017ee by\u0165 fit. Podstatou je znovuzrodenie gr\u00e9ckeho umenia kompenzova\u0165 pr\u00e1cu kvalitn\u00fdm odpo\u010dinkom, relax\u00e1ciou a akt\u00edvnou starostlivos\u0165ou o kr\u00e1su tela i zdravie. <strong>Filozofiou wellness je dokonal\u00e1 harm\u00f3nia tela a du\u0161e, du\u0161evn\u00fd pokoj,<\/strong> telesn\u00e1 kond\u00edcia a pozit\u00edvny pr\u00edstup k \u017eivotu. <\/p>\n<!-- \/wp:paragraph -->\n\n<!-- wp:acf\/accordion {\"name\":\"acf\/accordion\",\"data\":{\"accordion_items_0_title\":\"Be\u0161e\u0148ov\u00e1\",\"_accordion_items_0_title\":\"field_5c9214716a572\",\"accordion_items_0_content\":\"V\u00fdborn\u00e9 mo\u017enos\u0165 na k\u00fapanie a\u00a0wellness s\u00fa napr\u00edklad \\u003cstrong\\u003e\\u003ca href=\\u0022https:\/\/www.visitliptov.sk\/zaujimavosti\/wellness-spa-centrum-vodny-park-besenova\/\\u0022\\u003eBe\u0161e\u0148ovej\\u003c\/a\\u003e.\\u003c\/strong\\u003e Tamoj\u0161\u00ed wellness pon\u00faka viacero s\u00e1un, proced\u00far a\u00a0ve\u013ek\u00fdm l\u00e1kadlom s\u00fa napr\u00edklad \\u003cstrong\\u003esaunov\u00e9 ritu\u00e1ly.\\u003c\/strong\\u003e Ich s\u00fa\u010das\u0165ou je aj \\u003ca href=\\u0022http:\/\/www.besenova.com\/zazitky\/wellness-spa\/saunove-ritualy-a-relax\/#c131906\\u0022\\u003epeeling\\u003c\/a\\u003e poko\u017eky alebo \\u003ca href=\\u0022http:\/\/www.besenova.com\/zazitky\/wellness-spa\/saunove-ritualy-a-relax\/muzikoterapia\/\\u0022\\u003emuzikoterapia\\u003c\/a\\u003e. Po vo\u0148avom peelingu dostane poko\u017eka nov\u00fd n\u00e1dych a muzikoterapia uvo\u013en\u00ed myse\u013e. \\u003cstrong\\u003e\\u003ca href=\\u0022http:\/\/www.besenova.com\/zazitky\/wellness-spa\/saunamasteri\/\\u0022\\u003eSaunamasteri\\u003c\/a\\u003e \\u003c\/strong\\u003epo\u010das ritu\u00e1lov zvy\u0161uj\u00fa teplotu a vlhkos\u0165 v saune pomocou \u013eadu s r\u00f4znymi ar\u00f3mami a n\u00e1sledne tepl\u00fd vzduch v\u00edria po celej saune, t\u00fdm je cel\u00e9 saunovanie intenz\u00edvnej\u0161ie.\u00a0Len tu n\u00e1jdete aj \\u003cstrong\\u003eve\u013ekokapacitn\u00fa saunu\\u003c\/strong\\u003e. Svoje \u010daro maj\u00fa aj no\u010dn\u00e9 saunov\u00e9 ritu\u00e1ly.\",\"_accordion_items_0_content\":\"field_5c9214826a573\",\"accordion_items_1_title\":\"Tatralandia\",\"_accordion_items_1_title\":\"field_5c9214716a572\",\"accordion_items_1_content\":\"\\u003cstrong\\u003e\\u003ca href=\\u0022https:\/\/www.visitliptov.sk\/zaujimavosti\/keltsky-saunovy-svet-tatralandia\/\\u0022 data-rich-text-format-boundary=\\u0022true\\u0022\\u003eTatralandia\\u003c\/a\\u003e\\u003c\/strong\\u003e je tie\u017e skvel\u00fdm miestom na wellness. Pr\u00edjemn\u00e1 \\u003cstrong\\u003ekeltsk\u00fd saunov\u00fd svet\\u003c\/strong\\u003e sa nach\u00e1dza v\u00a0podzem\u00ed aquaparku, ale v\u010faka v\u00fd\u0165ahu sa dostan\u00fa n\u00e1v\u0161tevn\u00edci aj do sauny s\u00a0vonkaj\u0161\u00edm v\u00fdh\u013eadom a\u00a0\\u003cstrong\\u003ewhirlpool\\u003c\/strong\\u003e \\u003cstrong\\u003ebaz\u00e9na\\u003c\/strong\\u003e pod hol\u00fdm nebom, \u010do je nesmierne atrakt\u00edvne. \\u003cstrong\\u003e\\u003ca href=\\u0022https:\/\/www.visitliptov.sk\/zaujimavosti\/keltsky-saunovy-svet-tatralandia\/\\u0022\\u003eKeltsk\u00fd saunov\u00fd svet\\u003c\/a\\u003e\\u003c\/strong\\u003e je jedine\u010dn\u00fd\u00a0komplex parn\u00fdch, vodn\u00fdch a mas\u00e1\u017enych\u00a0k\u00fape\u013eov, s\u00e1un a proced\u00far. Dok\u00e1\u017ee aktivova\u0165 v\u0161etky \u013eudsk\u00e9 zmysly a tak\u00fdmto sp\u00f4sobom zregenerova\u0165 i uvo\u013eni\u0165 cel\u00e9 telo. Len saunov\u00fd svet prin\u00e1\u0161a pote\u0161enie z\u00a0vody, povzn\u00e1\u0161aj\u00facich\u00a0v\u00f4n\u00ed, hudby a\u00a0tepla. A to v\u0161etko pre upevnenie\u00a0zdravia a kr\u00e1sy.\",\"_accordion_items_1_content\":\"field_5c9214826a573\",\"accordion_items_2_title\":\"L\u00fa\u010dky\",\"_accordion_items_2_title\":\"field_5c9214716a572\",\"accordion_items_2_content\":\"Dokonal\u00fd relax a\u00a0znovuzrodenie pon\u00faka aj \\u003ca href=\\u0022https:\/\/www.visitliptov.sk\/zaujimavosti\/wellness-v-dependance-liptov-lucky\/\\u0022\\u003e\\u003cstrong\\u003esaunov\u00fd svet na\u00a0L\u00fa\u010dkach\\u003c\/strong\\u003e\\u003c\/a\\u003e. Z\u00e1ujemcovia tu n\u00e1jdu aj so\u013en\u00fa jasky\u0148u, ktor\u00e1 sa odpor\u00fa\u010da napr\u00edklad aj astmatikom a\u00a0pobyt v\u00a0nej by mal trva\u0165 45 min\u00fat. \\u003cstrong\\u003eWellnessy s\u00fa dostupn\u00e9 vo v\u00e4\u010d\u0161ine hotelov na Liptove, sta\u010d\u00ed si len vybra\u0165.\\u003c\/strong\\u003e\",\"_accordion_items_2_content\":\"field_5c9214826a573\",\"accordion_items_3_title\":\"Ostatn\u00e9\",\"_accordion_items_3_title\":\"field_5c9214716a572\",\"accordion_items_3_content\":\"Ve\u013emi atrakt\u00edvny je wellness v\u00a0\\u003cstrong\\u003e\\u003ca href=\\u0022https:\/\/www.visitliptov.sk\/zaujimavosti\/wellness-centrum-hotel-tri-studnicky\/\\u0022\\u003ehoteli Tri studni\u010dky\\u003c\/a\\u003e\\u003c\/strong\\u003e s\u00a0ochladzovan\u00edm v\u00a0rie\u010dke Dem\u00e4novka. Oplat\u00ed sa v\u0161ak nav\u0161t\u00edvi\u0165 aj \\u003cstrong\\u003e\\u003ca href=\\u0022https:\/\/www.visitliptov.sk\/zaujimavosti\/letne-termalne-kupalisko\/\\u0022\\u003eterm\u00e1lny baz\u00e9n v\u00a0Liptovskom J\u00e1ne\\u003c\/a\\u003e \\u003c\/strong\\u003es\u00a0v\u00fdraznou siri\u010ditou vodou a\u00a0vonkaj\u0161iu ka\u010fu.\",\"_accordion_items_3_content\":\"field_5c9214826a573\",\"accordion_items\":4,\"_accordion_items\":\"field_5c9214446a571\"},\"mode\":\"edit\"} \/-->","featured_media":245262,"featured_media_url":"https:\/\/www.visitliptov.sk\/wp-content\/uploads\/2016\/01\/TATRLANDIA_sauny-2_optimizedsmall_-600x400.jpg","images_gallery_urls":[],"fotka_1_url":null,"fotka_2_url":null,"fotka_3_url":null,"fotka_4_url":null,"fotka_5_url":null,"fotka_6_url":null,"fotka_7_url":null,"fotka_8_url":null},"en":{"id":84378,"title":"Bathing and wellness","url":"https:\/\/www.visitliptov.sk\/en\/winter-holidays\/kupanie-a-wellness\/","api_url":"https:\/\/www.visitliptov.sk\/pl\/wp-json\/wp\/v2\/page\/84378","status":"publish","excerpt":"Living wellness is a current trend, that is why Liptov is also advancing in this offer. Lovers of water, sauna ...","content":"<!-- wp:paragraph -->\n<p>Living wellness is a current trend, that is why Liptov is also advancing in this offer. Lovers of water, sauna and massage will enjoy themselves regardless of the season and weather. <\/p>\n<!-- \/wp:paragraph -->\n\n<!-- wp:paragraph -->\n<p>There are plenty of opportunities for bathing and wellness. In the word wellness, two terms have been combined: wellbeing, ie feeling good and pleasant and fitness, ie being fit. The essence is the rebirth of Greek art to compensate for work with quality rest, relaxation and active care for body beauty and health. T<strong>he philosophy of wellness is a perfect harmony of body and soul, peace of mind<\/strong>, physical condition and a positive approach to life.<\/p>\n<!-- \/wp:paragraph -->\n\n<!-- wp:acf\/accordion {\n    \"id\": \"block_5fd9d50f42ab4\",\n    \"name\": \"acf\\\/accordion\",\n    \"data\": {\n        \"accordion_items_0_title\": \"Be\u0161e\u0148ov\u00e1\",\n        \"_accordion_items_0_title\": \"field_5c9214716a572\",\n        \"accordion_items_0_content\": \"V\u00fdborn\u00e9 mo\u017enos\u0165 na k\u00fapanie a\u00a0wellness s\u00fa napr\u00edklad <strong><a href=\\\"https:\\\/\\\/www.visitliptov.sk\\\/zaujimavosti\\\/wellness-spa-centrum-vodny-park-besenova\\\/\\\">Be\u0161e\u0148ovej<\\\/a>.<\\\/strong> Tamoj\u0161\u00ed wellness pon\u00faka viacero s\u00e1un, proced\u00far a\u00a0ve\u013ek\u00fdm l\u00e1kadlom s\u00fa napr\u00edklad <strong>saunov\u00e9 ritu\u00e1ly.<\\\/strong> Ich s\u00fa\u010das\u0165ou je aj <a href=\\\"http:\\\/\\\/www.besenova.com\\\/zazitky\\\/wellness-spa\\\/saunove-ritualy-a-relax\\\/#c131906\\\">peeling<\\\/a> poko\u017eky alebo <a href=\\\"http:\\\/\\\/www.besenova.com\\\/zazitky\\\/wellness-spa\\\/saunove-ritualy-a-relax\\\/muzikoterapia\\\/\\\">muzikoterapia<\\\/a>. Po vo\u0148avom peelingu dostane poko\u017eka nov\u00fd n\u00e1dych a muzikoterapia uvo\u013en\u00ed myse\u013e. <strong><a href=\\\"http:\\\/\\\/www.besenova.com\\\/zazitky\\\/wellness-spa\\\/saunamasteri\\\/\\\">Saunamasteri<\\\/a> <\\\/strong>po\u010das ritu\u00e1lov zvy\u0161uj\u00fa teplotu a vlhkos\u0165 v saune pomocou \u013eadu s r\u00f4znymi ar\u00f3mami a n\u00e1sledne tepl\u00fd vzduch v\u00edria po celej saune, t\u00fdm je cel\u00e9 saunovanie intenz\u00edvnej\u0161ie.\u00a0Len tu n\u00e1jdete aj <strong>ve\u013ekokapacitn\u00fa saunu<\\\/strong>. Svoje \u010daro maj\u00fa aj no\u010dn\u00e9 saunov\u00e9 ritu\u00e1ly.\\r\\n\\r\\nAn excellent option for swimming, bathing and wellness are, for example in <a href=\\\"https:\\\/\\\/www.visitliptov.sk\\\/en\\\/zaujimavosti\\\/wellness-spa-centrum-gino-paradise-besenova\\\/\\\">Be\u0161e\u0148ov\u00e1<\\\/a>. The local wellness and spa offer several saunas, procedures and <strong>sauna rituals<\\\/strong> are a great attraction. They also include <strong><a href=\\\"https:\\\/\\\/www.besenova.com\\\/zazitky\\\/wellness-spa\\\/saunove-ritualy-a-relax\\\/#c131906\\\">skin peeling or music therapy<\\\/a><\\\/strong>. After the fragrant peeling, the skin gets a new touch and music therapy relaxes the mind. During rituals, <strong>sauna masters<\\\/strong> gradually increase the temperature and humidity in the sauna with the help of ice with various aromas, and subsequently warm air swirls throughout the sauna, which makes the whole sauna experience more intense. Only here you will find a <strong>large-capacity sauna<\\\/strong>. Night sauna rituals also have their charm.\",\n        \"_accordion_items_0_content\": \"field_5c9214826a573\",\n        \"accordion_items_1_title\": \"Tatralandia\",\n        \"_accordion_items_1_title\": \"field_5c9214716a572\",\n        \"accordion_items_1_content\": \"<strong><a href=\\\"https:\\\/\\\/www.visitliptov.sk\\\/en\\\/zaujimavosti\\\/keltsky-saunovy-svet-aquapark-tatralandia\\\/\\\">Tatralandia<\\\/a><\\\/strong> is also a great place for wellness. The pleasant <strong>Celtic sauna world<\\\/strong> is located in the basement of the aquapark, but thanks to the lift, visitors can also get to the sauna with external views and to <strong>the open-air whirlpool<\\\/strong>, which is extremely attractive. The Celtic sauna world is a unique complex of steam, water and massage baths, saunas and treatments. It can activate all human senses and thus regenerate and relax the whole body. Only the sauna world brings pleasure from water, uplifting scents, music and warmth. And all this to strengthen health and beauty.\",\n        \"_accordion_items_1_content\": \"field_5c9214826a573\",\n        \"accordion_items_2_title\": \"L\u00fa\u010dky\",\n        \"_accordion_items_2_title\": \"field_5c9214716a572\",\n        \"accordion_items_2_content\": \"<strong><a href=\\\"https:\\\/\\\/www.visitliptov.sk\\\/en\\\/zaujimavosti\\\/wellness-v-depandance-liptov-kupele-lucky\\\/\\\">The sauna world in L\u00fa\u010dky<\\\/a> <\\\/strong>also offers perfect relaxation and rebirth. Those interested will also find a salt cave here, which is also recommended for asthmatics, for example, and the stay in should last 45 minutes.\",\n        \"_accordion_items_2_content\": \"field_5c9214826a573\",\n        \"accordion_items_3_title\": \"Other\",\n        \"_accordion_items_3_title\": \"field_5c9214716a572\",\n        \"accordion_items_3_content\": \"Wellness is available in most hotels in Liptov, just choose. Very attractive is also the wellness in <strong><a href=\\\"https:\\\/\\\/www.visitliptov.sk\\\/en\\\/zaujimavosti\\\/wellness-centrum-hotel-tri-studnicky\\\/\\\">Tri studni\u010dky hotel<\\\/a> <\\\/strong>with cooling, after your sauna session in the Dem\u00e4novka river. However, it is also worth visiting the <a href=\\\"https:\\\/\\\/www.visitliptov.sk\\\/zaujimavosti\\\/letne-termalne-kupalisko\\\/\\\">thermal pool in Liptovsk\u00fd J\u00e1n<\\\/a> with significant sulfur water and an outdoor tub.\",\n        \"_accordion_items_3_content\": \"field_5c9214826a573\",\n        \"accordion_items\": 4,\n        \"_accordion_items\": \"field_5c9214446a571\"\n    },\n    \"align\": \"\",\n    \"mode\": \"edit\"\n} \/-->","featured_media":245263,"featured_media_url":"https:\/\/www.visitliptov.sk\/wp-content\/uploads\/2016\/01\/TATRLANDIA_sauny-2_optimizedsmall_-600x400.jpg","images_gallery_urls":[],"fotka_1_url":null,"fotka_2_url":null,"fotka_3_url":null,"fotka_4_url":null,"fotka_5_url":null,"fotka_6_url":null,"fotka_7_url":null,"fotka_8_url":null},"pl":{"id":84880,"title":"Wellness i k\u0105pieliska","url":"https:\/\/www.visitliptov.sk\/pl\/ferie-zimowe\/wellness-i-kapieliska\/","api_url":"https:\/\/www.visitliptov.sk\/pl\/wp-json\/wp\/v2\/page\/84880","status":"publish","excerpt":"","content":"[fusion_builder_container hundred_percent=\"yes\" overflow=\"visible\"][fusion_builder_row][fusion_builder_column type=\"1_1\" layout=\"1_1\" last=\"yes\" spacing=\"yes\" center_content=\"no\" hide_on_mobile=\"no\" background_color=\"\" background_image=\"\" background_repeat=\"no-repeat\" background_position=\"left top\" border_position=\"all\" border_size=\"0px\" border_color=\"\" border_style=\"\" padding=\"\" margin_top=\"\" margin_bottom=\"\" animation_type=\"\" animation_direction=\"\" animation_speed=\"0.1\" class=\"\" id=\"\" min_height=\"\" hover_type=\"none\" link=\"\"][fusion_code]W2xvb3AgdGhlX3F1ZXJ5PSZxdW90O3Bvc3RzX3Blcl9wYWdlPTEyJmFtcDtwb3N0X3R5cGU9emF1amltYXZvc3RpJmFtcDtjYXRlZ29yeS1pbnRlcmVzdD13ZWxsbmVzcy1pLWthcGllbGlza2EmcXVvdDtd[\/fusion_code][\/fusion_builder_column][\/fusion_builder_row][\/fusion_builder_container]","featured_media":245264,"featured_media_url":"https:\/\/www.visitliptov.sk\/wp-content\/uploads\/2016\/01\/TATRLANDIA_sauny-2_optimizedsmall_-600x400.jpg","images_gallery_urls":[],"fotka_1_url":null,"fotka_2_url":null,"fotka_3_url":null,"fotka_4_url":null,"fotka_5_url":null,"fotka_6_url":null,"fotka_7_url":null,"fotka_8_url":null},"ru":{"id":85298,"title":"\u0421\u043f\u0430 \u0438 \u043e\u0437\u0434\u043e\u0440\u043e\u0432\u0438\u0442\u0435\u043b\u044c\u043d\u044b\u0439","url":"https:\/\/www.visitliptov.sk\/ru\/%d0%b7%d0%b8%d0%bc%d0%bd%d0%b8%d0%b9-%d0%be%d1%82%d0%b4%d1%8b%d1%85\/%d1%81%d0%bf%d0%b0-%d0%b8-%d0%be%d0%b7%d0%b4%d0%be%d1%80%d0%be%d0%b2%d0%b8%d1%82%d0%b5%d0%bb%d1%8c%d0%bd%d1%8b%d0%b9\/","api_url":"https:\/\/www.visitliptov.sk\/pl\/wp-json\/wp\/v2\/page\/85298","status":"publish","excerpt":"\u017di\u0165 wellnessom je trendom s\u00fa\u010dasnej doby. Aj preto Liptov napreduje aj v\u00a0tejto ponuke. Milovn\u00edci vody, saunovania a mas\u00e1\u017e\u00ed si pr\u00eddu ...","content":"<!-- wp:paragraph -->\n<p>\u017di\u0165 wellnessom je trendom s\u00fa\u010dasnej doby. Aj preto Liptov napreduje aj v\u00a0tejto ponuke. Milovn\u00edci vody, saunovania a mas\u00e1\u017e\u00ed si pr\u00eddu na svoje bez oh\u013eadu na ro\u010dn\u00e9 obdobie a po\u010dasie. Na k\u00fapanie a\u00a0wellness je tu dostatok mo\u017enost\u00ed. <\/p>\n<!-- \/wp:paragraph --><!-- wp:paragraph -->\n<p>V slove wellness sa spojili dva pojmy: wellbeing, teda dobre a pr\u00edjemne sa c\u00edti\u0165 a fitness, \u010di\u017ee by\u0165 fit. Podstatou je znovuzrodenie gr\u00e9ckeho umenia kompenzova\u0165 pr\u00e1cu kvalitn\u00fdm odpo\u010dinkom, relax\u00e1ciou a akt\u00edvnou starostlivos\u0165ou o kr\u00e1su tela i zdravie. <strong>Filozofiou wellness je dokonal\u00e1 harm\u00f3nia tela a du\u0161e, du\u0161evn\u00fd pokoj,<\/strong> telesn\u00e1 kond\u00edcia a pozit\u00edvny pr\u00edstup k \u017eivotu. <\/p>\n<!-- \/wp:paragraph --><!-- wp:acf\/accordion {\"name\":\"acf\/accordion\",\"data\":{\"accordion_items_0_title\":\"Be\u0161e\u0148ov\u00e1\",\"_accordion_items_0_title\":\"field_5c9214716a572\",\"accordion_items_0_content\":\"V\u00fdborn\u00e9 mo\u017enos\u0165 na k\u00fapanie a\u00a0wellness s\u00fa napr\u00edklad \\u003cstrong\\u003e\\u003ca href=\\u0022https:\/\/www.visitliptov.sk\/zaujimavosti\/wellness-spa-centrum-vodny-park-besenova\/\\u0022\\u003eBe\u0161e\u0148ovej\\u003c\/a\\u003e.\\u003c\/strong\\u003e Tamoj\u0161\u00ed wellness pon\u00faka viacero s\u00e1un, proced\u00far a\u00a0ve\u013ek\u00fdm l\u00e1kadlom s\u00fa napr\u00edklad \\u003cstrong\\u003esaunov\u00e9 ritu\u00e1ly.\\u003c\/strong\\u003e Ich s\u00fa\u010das\u0165ou je aj \\u003ca href=\\u0022http:\/\/www.besenova.com\/zazitky\/wellness-spa\/saunove-ritualy-a-relax\/#c131906\\u0022\\u003epeeling\\u003c\/a\\u003e poko\u017eky alebo \\u003ca href=\\u0022http:\/\/www.besenova.com\/zazitky\/wellness-spa\/saunove-ritualy-a-relax\/muzikoterapia\/\\u0022\\u003emuzikoterapia\\u003c\/a\\u003e. Po vo\u0148avom peelingu dostane poko\u017eka nov\u00fd n\u00e1dych a muzikoterapia uvo\u013en\u00ed myse\u013e. \\u003cstrong\\u003e\\u003ca href=\\u0022http:\/\/www.besenova.com\/zazitky\/wellness-spa\/saunamasteri\/\\u0022\\u003eSaunamasteri\\u003c\/a\\u003e \\u003c\/strong\\u003epo\u010das ritu\u00e1lov zvy\u0161uj\u00fa teplotu a vlhkos\u0165 v saune pomocou \u013eadu s r\u00f4znymi ar\u00f3mami a n\u00e1sledne tepl\u00fd vzduch v\u00edria po celej saune, t\u00fdm je cel\u00e9 saunovanie intenz\u00edvnej\u0161ie.\u00a0Len tu n\u00e1jdete aj \\u003cstrong\\u003eve\u013ekokapacitn\u00fa saunu\\u003c\/strong\\u003e. Svoje \u010daro maj\u00fa aj no\u010dn\u00e9 saunov\u00e9 ritu\u00e1ly.\",\"_accordion_items_0_content\":\"field_5c9214826a573\",\"accordion_items_1_title\":\"Tatralandia\",\"_accordion_items_1_title\":\"field_5c9214716a572\",\"accordion_items_1_content\":\"\\u003cstrong\\u003e\\u003ca href=\\u0022https:\/\/www.visitliptov.sk\/zaujimavosti\/keltsky-saunovy-svet-tatralandia\/\\u0022 data-rich-text-format-boundary=\\u0022true\\u0022\\u003eTatralandia\\u003c\/a\\u003e\\u003c\/strong\\u003e je tie\u017e skvel\u00fdm miestom na wellness. Pr\u00edjemn\u00e1 \\u003cstrong\\u003ekeltsk\u00fd saunov\u00fd svet\\u003c\/strong\\u003e sa nach\u00e1dza v\u00a0podzem\u00ed aquaparku, ale v\u010faka v\u00fd\u0165ahu sa dostan\u00fa n\u00e1v\u0161tevn\u00edci aj do sauny s\u00a0vonkaj\u0161\u00edm v\u00fdh\u013eadom a\u00a0\\u003cstrong\\u003ewhirlpool\\u003c\/strong\\u003e \\u003cstrong\\u003ebaz\u00e9na\\u003c\/strong\\u003e pod hol\u00fdm nebom, \u010do je nesmierne atrakt\u00edvne. \\u003cstrong\\u003e\\u003ca href=\\u0022https:\/\/www.visitliptov.sk\/zaujimavosti\/keltsky-saunovy-svet-tatralandia\/\\u0022\\u003eKeltsk\u00fd saunov\u00fd svet\\u003c\/a\\u003e\\u003c\/strong\\u003e je jedine\u010dn\u00fd\u00a0komplex parn\u00fdch, vodn\u00fdch a mas\u00e1\u017enych\u00a0k\u00fape\u013eov, s\u00e1un a proced\u00far. Dok\u00e1\u017ee aktivova\u0165 v\u0161etky \u013eudsk\u00e9 zmysly a tak\u00fdmto sp\u00f4sobom zregenerova\u0165 i uvo\u013eni\u0165 cel\u00e9 telo. Len saunov\u00fd svet prin\u00e1\u0161a pote\u0161enie z\u00a0vody, povzn\u00e1\u0161aj\u00facich\u00a0v\u00f4n\u00ed, hudby a\u00a0tepla. A to v\u0161etko pre upevnenie\u00a0zdravia a kr\u00e1sy.\",\"_accordion_items_1_content\":\"field_5c9214826a573\",\"accordion_items_2_title\":\"L\u00fa\u010dky\",\"_accordion_items_2_title\":\"field_5c9214716a572\",\"accordion_items_2_content\":\"Dokonal\u00fd relax a\u00a0znovuzrodenie pon\u00faka aj \\u003ca href=\\u0022https:\/\/www.visitliptov.sk\/zaujimavosti\/wellness-v-dependance-liptov-lucky\/\\u0022\\u003e\\u003cstrong\\u003esaunov\u00fd svet na\u00a0L\u00fa\u010dkach\\u003c\/strong\\u003e\\u003c\/a\\u003e. Z\u00e1ujemcovia tu n\u00e1jdu aj so\u013en\u00fa jasky\u0148u, ktor\u00e1 sa odpor\u00fa\u010da napr\u00edklad aj astmatikom a\u00a0pobyt v\u00a0nej by mal trva\u0165 45 min\u00fat. \\u003cstrong\\u003eWellnessy s\u00fa dostupn\u00e9 vo v\u00e4\u010d\u0161ine hotelov na Liptove, sta\u010d\u00ed si len vybra\u0165.\\u003c\/strong\\u003e\",\"_accordion_items_2_content\":\"field_5c9214826a573\",\"accordion_items_3_title\":\"Ostatn\u00e9\",\"_accordion_items_3_title\":\"field_5c9214716a572\",\"accordion_items_3_content\":\"Ve\u013emi atrakt\u00edvny je wellness v\u00a0\\u003cstrong\\u003e\\u003ca href=\\u0022https:\/\/www.visitliptov.sk\/zaujimavosti\/wellness-centrum-hotel-tri-studnicky\/\\u0022\\u003ehoteli Tri studni\u010dky\\u003c\/a\\u003e\\u003c\/strong\\u003e s\u00a0ochladzovan\u00edm v\u00a0rie\u010dke Dem\u00e4novka. Oplat\u00ed sa v\u0161ak nav\u0161t\u00edvi\u0165 aj \\u003cstrong\\u003e\\u003ca href=\\u0022https:\/\/www.visitliptov.sk\/zaujimavosti\/letne-termalne-kupalisko\/\\u0022\\u003eterm\u00e1lny baz\u00e9n v\u00a0Liptovskom J\u00e1ne\\u003c\/a\\u003e \\u003c\/strong\\u003es\u00a0v\u00fdraznou siri\u010ditou vodou a\u00a0vonkaj\u0161iu ka\u010fu.\",\"_accordion_items_3_content\":\"field_5c9214826a573\",\"accordion_items\":4,\"_accordion_items\":\"field_5c9214446a571\"},\"mode\":\"edit\"} \/-->","featured_media":541465,"featured_media_url":"https:\/\/www.visitliptov.sk\/wp-content\/uploads\/2016\/01\/TATRLANDIA_sauny-2_optimizedsmall_-600x400.jpg","images_gallery_urls":[],"fotka_1_url":null,"fotka_2_url":null,"fotka_3_url":null,"fotka_4_url":null,"fotka_5_url":null,"fotka_6_url":null,"fotka_7_url":null,"fotka_8_url":null}},"_links":{"self":[{"href":"https:\/\/www.visitliptov.sk\/pl\/wp-json\/wp\/v2\/pages\/84880"}],"collection":[{"href":"https:\/\/www.visitliptov.sk\/pl\/wp-json\/wp\/v2\/pages"}],"about":[{"href":"https:\/\/www.visitliptov.sk\/pl\/wp-json\/wp\/v2\/types\/page"}],"author":[{"embeddable":true,"href":"https:\/\/www.visitliptov.sk\/pl\/wp-json\/wp\/v2\/users\/1"}],"replies":[{"embeddable":true,"href":"https:\/\/www.visitliptov.sk\/pl\/wp-json\/wp\/v2\/comments?post=84880"}],"version-history":[{"count":0,"href":"https:\/\/www.visitliptov.sk\/pl\/wp-json\/wp\/v2\/pages\/84880\/revisions"}],"up":[{"embeddable":true,"href":"https:\/\/www.visitliptov.sk\/pl\/wp-json\/wp\/v2\/pages\/85046"}],"wp:featuredmedia":[{"embeddable":true,"href":"https:\/\/www.visitliptov.sk\/pl\/wp-json\/wp\/v2\/media\/245264"}],"wp:attachment":[{"href":"https:\/\/www.visitliptov.sk\/pl\/wp-json\/wp\/v2\/media?parent=84880"}],"curies":[{"name":"wp","href":"https:\/\/api.w.org\/{rel}","templated":true}]}}