{"id":84875,"date":"2015-12-08T00:00:00","date_gmt":"2015-12-07T23:00:00","guid":{"rendered":"https:\/\/www.visitliptov.sk\/o-liptowie\/informacje-na-temat-regionu\/"},"modified":"2015-12-08T00:00:00","modified_gmt":"2015-12-07T23:00:00","slug":"informacje-na-temat-regionu","status":"publish","type":"page","link":"https:\/\/www.visitliptov.sk\/pl\/o-liptowie\/informacje-na-temat-regionu\/","title":{"rendered":"informacje na temat regionu"},"content":{"rendered":"<p><\/p>\n<p class=\"short-text\"><strong>LIPT\u00d3W<\/strong><span> \u2013 wyj\u0105tkowy region na p\u00f3\u0142nocy S\u0142owacji, kt\u00f3ry cechuje charakterystyczna, malownicza r\u00f3\u017cnorodno\u015b\u0107 przyrody na ma\u0142ym obszarze, kontrast wynios\u0142ych szczyt\u00f3w i zielonych \u0142\u0105k i pastwisk, tworz\u0105cych <\/span><strong>najwi\u0119kszy naturalny plac zabaw i miejce wypoczynku w S\u0142owacji<\/strong>.<\/p>\n<p class=\"short-text\">LIPT\u00d3W \u2013 zar\u00f3wno latem, jak i zim\u0105 jest <strong>s\u0142owack\u0105 destynacj\u0105 turystyczn\u0105 numer jeden<\/strong> i \u201ezielon\u0105\u201d aren\u0105 pe\u0142n\u0105 pi\u0119kna przyrody, park\u00f3w wodnych i rozrywki, \u017cywego folkloru, tradycji oraz historii, kultury i wy\u015bmienitej kuchni.<\/p>\n<p class=\"short-text\">Jego wyj\u0105tkowo\u015b\u0107 polega r\u00f3wnie\u017c na tym, \u017ce jednego dnia mo\u017cna zej\u015b\u0107 do <strong>jaski\u0144, odwiedzi\u0107 k\u0105pieliska termalne i wyj\u015b\u0107 w g\u00f3ry<\/strong>, gdzie czekaj\u0105 oferuj\u0105ce wiele wspania\u0142ych prze\u017cy\u0107 trasy turystyczne i stoki narciarskie.<\/p>\n<p>\n<p>[fusion_vimeo id=&#8221;https:\/\/vimeo.com\/113738022&#8243; width=&#8221;600&#8243; height=&#8221;350&#8243; autoplay=&#8221;no&#8221; api_params=&#8221;&#8221; class=&#8221;&#8221;\/]<\/p>\n<\/p>\n\n\n","protected":false},"excerpt":{"rendered":"","protected":false},"author":1,"featured_media":80419,"parent":84874,"menu_order":0,"comment_status":"open","ping_status":"open","template":"","meta":{"_acf_changed":false,"inline_featured_image":false,"episode_type":"","audio_file":"","cover_image":"","cover_image_id":"","duration":"","filesize":"","date_recorded":"","explicit":"","block":"","filesize_raw":"","_jf_limit_responses":"","footnotes":""},"class_list":["post-84875","page","type-page","status-publish","has-post-thumbnail","hentry"],"acf":{"vyhradny_obrazok":false,"second_feature_image":null,"search_top_keywords":""},"wpml_translations_detailed":{"pl":{"id":84875,"title":"informacje na temat regionu","url":"https:\/\/www.visitliptov.sk\/pl\/o-liptowie\/informacje-na-temat-regionu\/","api_url":"https:\/\/www.visitliptov.sk\/pl\/wp-json\/wp\/v2\/page\/84875","status":"publish","excerpt":"","content":"[fusion_builder_container hundred_percent=\"yes\" overflow=\"visible\"][fusion_builder_row][fusion_builder_column type=\"1_1\" last=\"yes\" spacing=\"yes\" center_content=\"no\" hide_on_mobile=\"no\" background_color=\"\" background_image=\"\" background_repeat=\"no-repeat\" background_position=\"left top\" border_position=\"all\" border_size=\"0px\" border_color=\"\" border_style=\"\" padding=\"\" margin_top=\"\" margin_bottom=\"\" animation_type=\"\" animation_direction=\"\" animation_speed=\"0.1\" class=\"\" id=\"\"][fusion_text]\n<p class=\"short-text\"><b>LIPT\u00d3W<\/b> \u2013 wyj\u0105tkowy region na p\u00f3\u0142nocy S\u0142owacji, kt\u00f3ry cechuje charakterystyczna, malownicza r\u00f3\u017cnorodno\u015b\u0107 przyrody na ma\u0142ym obszarze, kontrast wynios\u0142ych szczyt\u00f3w i zielonych \u0142\u0105k i pastwisk, tworz\u0105cych <b>najwi\u0119kszy naturalny plac zabaw i miejce wypoczynku w S\u0142owacji<\/b>.<\/p>\n<p class=\"short-text\">LIPT\u00d3W \u2013 zar\u00f3wno latem, jak i zim\u0105 jest <b>s\u0142owack\u0105 destynacj\u0105 turystyczn\u0105 numer jeden<\/b> i \u201ezielon\u0105\u201d aren\u0105 pe\u0142n\u0105 pi\u0119kna przyrody, park\u00f3w wodnych i rozrywki, \u017cywego folkloru, tradycji oraz historii, kultury i wy\u015bmienitej kuchni.<\/p>\n<p class=\"short-text\">Jego wyj\u0105tkowo\u015b\u0107 polega r\u00f3wnie\u017c na tym, \u017ce jednego dnia mo\u017cna zej\u015b\u0107 do <b>jaski\u0144, odwiedzi\u0107 k\u0105pieliska termalne i wyj\u015b\u0107 w g\u00f3ry<\/b>, gdzie czekaj\u0105 oferuj\u0105ce wiele wspania\u0142ych prze\u017cy\u0107 trasy turystyczne i stoki narciarskie.<\/p>\n[\/fusion_text][\/fusion_builder_column][fusion_builder_column type=\"1_1\" background_position=\"left top\" background_color=\"\" border_size=\"\" border_color=\"\" border_style=\"solid\" spacing=\"yes\" background_image=\"\" background_repeat=\"no-repeat\" padding=\"\" margin_top=\"0px\" margin_bottom=\"0px\" class=\"\" id=\"\" animation_type=\"\" animation_speed=\"0.3\" animation_direction=\"left\" hide_on_mobile=\"no\" center_content=\"no\" min_height=\"none\"][fusion_vimeo id=\"https:\/\/vimeo.com\/113738022\" width=\"600\" height=\"350\" autoplay=\"no\" api_params=\"\" class=\"\"\/][\/fusion_builder_column][\/fusion_builder_row][\/fusion_builder_container]","featured_media":80419,"featured_media_url":"https:\/\/www.visitliptov.sk\/wp-content\/uploads\/2019\/04\/region-600x141.jpg","images_gallery_urls":[],"fotka_1_url":null,"fotka_2_url":null,"fotka_3_url":null,"fotka_4_url":null,"fotka_5_url":null,"fotka_6_url":null,"fotka_7_url":null,"fotka_8_url":null},"ru":{"id":85293,"title":"\u0413\u0435\u043e\u0433\u0440\u0430\u0444\u0438\u0447\u0435\u0441\u043a\u0430\u044f \u0438\u043d\u0444\u043e\u0440\u043c\u0430\u0446\u0438\u044f","url":"https:\/\/www.visitliptov.sk\/ru\/%d0%be-%d0%bb%d0%b8%d0%bf%d1%82%d0%be%d0%b2%d0%be\/informacie-o-regione\/","api_url":"https:\/\/www.visitliptov.sk\/pl\/wp-json\/wp\/v2\/page\/85293","status":"publish","excerpt":"","content":"[fusion_builder_container hundred_percent=\"yes\" overflow=\"visible\"][fusion_builder_row][fusion_builder_column type=\"1_1\" last=\"yes\" spacing=\"yes\" center_content=\"no\" hide_on_mobile=\"no\" background_color=\"\" background_image=\"\" background_repeat=\"no-repeat\" background_position=\"left top\" border_position=\"all\" border_size=\"0px\" border_color=\"\" border_style=\"\" padding=\"\" margin_top=\"\" margin_bottom=\"\" animation_type=\"\" animation_direction=\"\" animation_speed=\"0.1\" class=\"\" id=\"\"][fusion_text]\u041b\u0438\u043f\u0442\u043e\u0432 - \u044d\u0442\u043e \u043e\u0431\u043b\u0430\u0441\u0442\u044c \u043d\u0430 \u0441\u0435\u0432\u0435\u0440\u0435 \u0421\u043b\u043e\u0432\u0430\u043a\u0438\u0438 \u0441 \u043d\u0430\u0441\u0435\u043b\u0435\u043d\u0438\u0435\u043c \u043f\u0440\u0438\u043c\u0435\u0440\u043d\u043e 140 000 \u0447\u0435\u043b\u043e\u0432\u0435\u043a. \u042d\u0442\u0430 \u0447\u0430\u0441\u0442\u044c \u0421\u043b\u043e\u0432\u0430\u043a\u0438\u0438 \u0438\u0437\u0432\u0435\u0441\u0442\u043d\u0430 \u043f\u043e\u0434 \u043d\u0435\u043c\u0435\u0446\u043a\u0438\u043c \u043d\u0430\u0437\u0432\u0430\u043d\u0438\u0435\u043c Liptau, \u043f\u043e\u043b\u044c\u0441\u043a\u0438\u043c- Lipt\u00f3w \u0438 \u0432\u0435\u043d\u0433\u0435\u0440\u0441\u043a\u0438\u043c-Lipt\u00f3.\n\n\u041f\u0435\u0440\u0432\u044b\u0435 \u0436\u0438\u0442\u0435\u043b\u0438 \u043f\u0440\u0438\u0448\u043b\u0438 \u043d\u0430 \u041b\u0438\u043f\u0442\u043e\u0432 \u0432 \u043d\u0435\u043e\u043b\u0438\u0442\u0435 \u043f\u0440\u0438\u0431\u043b\u0438\u0437\u0438\u0442\u0435\u043b\u044c\u043d\u043e 6000 \u043b\u0435\u0442 \u043d\u0430\u0437\u0430\u0434.\n\n\u0412\u0430\u0436\u043d\u0430\u044f \u0447\u0430\u0441\u0442\u044c \u0438\u0441\u0442\u043e\u0440\u0438\u0438 \u041b\u0438\u043f\u0442\u043e\u0432\u0430 \u0441\u0432\u044f\u0437\u0430\u043d\u0430 \u0441 \u043f\u0435\u0440\u0438\u043e\u0434\u043e\u043c \u043a\u0435\u043b\u044c\u0442\u043e\u0432, \u043a\u043e\u0442\u043e\u0440\u044b\u0435 \u0436\u0438\u043b\u0438 \u0437\u0434\u0435\u0441\u044c \u0432 \u0436\u0435\u043b\u0435\u0437\u043d\u043e\u043c \u0432\u0435\u043a\u0435. \u0412 \u0430\u0440\u0445\u0435\u043e\u043b\u043e\u0433\u0438\u0447\u0435\u0441\u043a\u043e\u043c \u0430\u0440\u0435\u0430\u043b\u0435 \u0425\u0430\u0432\u0440\u0430\u043d\u043e\u043a \u043d\u0430 \u0431\u0435\u0440\u0435\u0433\u0443 \u041b\u0438\u043f\u0440\u043e\u0432\u0441\u043a\u043e\u0439 \u041c\u0430\u0440\u044b \u043c\u043e\u0436\u043d\u043e \u043f\u043e\u0441\u0435\u0442\u0438\u0442\u044c \u0434\u0435\u0440\u0435\u0432\u0435\u043d\u0441\u043a\u0438\u0435 \u043f\u043e\u0441\u0435\u043b\u0435\u043d\u0438\u044f \u043a\u0435\u043b\u044c\u0442\u043e\u0432. \u041f\u0435\u0440\u0432\u043e\u0435 \u043f\u043e\u0441\u0435\u043b\u0435\u043d\u0438\u0435 \u0441\u043b\u043e\u0432\u044f\u043d \u043d\u0430 \u0442\u0435\u0440\u0440\u0438\u0442\u043e\u0440\u0438\u0438 \u0441\u043e\u0432\u0440\u0435\u043c\u0435\u043d\u043d\u043e\u0439 \u0421\u043b\u043e\u0432\u0430\u043a\u0438\u0438 \u0434\u0430\u0442\u0438\u0440\u0443\u0435\u0442\u0441\u044f \u043f\u0440\u0438\u0431\u043b\u0438\u0437\u0438\u0442\u0435\u043b\u044c\u043d\u043e 6 \u0441\u0442\u043e\u043b\u0435\u0442\u0438\u0435\u043c \u0434\u043e \u043d\u0430\u0448\u0435\u0439 \u044d\u0440\u044b. \u0412 \u044d\u0442\u043e \u0432\u0440\u0435\u043c\u044f \u043d\u0430\u0447\u0430\u043b\u0430\u0441\u044c \u0438\u0441\u0442\u043e\u0440\u0438\u044f \u0440\u0435\u0433\u0438\u043e\u043d\u0430 \u041b\u0438\u043f\u0442\u043e\u0432.[\/fusion_text][\/fusion_builder_column][fusion_builder_column type=\"1_1\" background_position=\"left top\" background_color=\"\" border_size=\"\" border_color=\"\" border_style=\"solid\" spacing=\"yes\" background_image=\"\" background_repeat=\"no-repeat\" padding=\"\" margin_top=\"0px\" margin_bottom=\"0px\" class=\"\" id=\"\" animation_type=\"\" animation_speed=\"0.3\" animation_direction=\"left\" hide_on_mobile=\"no\" center_content=\"no\" min_height=\"none\"][fusion_vimeo id=\"https:\/\/vimeo.com\/113738022\" width=\"600\" height=\"350\" autoplay=\"no\" api_params=\"\" class=\"\"\/][fusion_text]Regi\u00f3n Liptov je oblas\u0165 na severe Slovenska s pribli\u017ene 140 000 obyvate\u013emi. Oblas\u0165 je tie\u017e zn\u00e1ma pod nemeck\u00fdm n\u00e1zvom Liptau, po\u013esk\u00fdm Lipt\u00f3w a ma\u010farsk\u00fdm Lipt\u00f3. D\u00f4le\u017eit\u00fa kapitolu Liptova reprezentuj\u00fa Kelti po\u010das doby \u017eeleznej. Keltsk\u00e9 kme\u0148ov\u00e9 dediny m\u00f4\u017eete vidie\u0165 v <strong>archeologickom n\u00e1lezisku<\/strong> Havr\u00e1nok pri Liptovskej Mare. Prv\u00ed Slovania za\u010dali prenika\u0165 do liptovskej kotliny v 7. - 8. storo\u010d\u00ed. V s\u00fa\u010dasnosti existuj\u00fa tri <strong>ruiny hradov<\/strong>, ktor\u00e9 boli postaven\u00e9 v Liptove. Jedn\u00e1 sa o <strong>Hrad Likava, Liptovsk\u00fd Hrad a hrad a ka\u0161tie\u013e v Liptovskom Hr\u00e1dku<\/strong>. Liptov je aj miestom, kde \u017eila a zomrela legend\u00e1rna postava 17. a\u017e 18. storo\u010dia, zbojn\u00edcky kapit\u00e1n Juraj J\u00e1no\u0161\u00edk.\n\nHistorick\u00e9 a kult\u00farne centr\u00e1 Liptova s\u00fa mest\u00e1 <strong>Liptovsk\u00fd Mikul\u00e1\u0161, Ru\u017eomberok a Liptovsk\u00fd Hr\u00e1dok<\/strong>.\n\nLiptov je obklopen\u00fd najvy\u0161\u0161\u00edmi horami na Slovensku: <strong>Vysok\u00fdmi Tatrami, Z\u00e1padn\u00fdmi Tatrami a Cho\u010dsk\u00fdmi vrchmi<\/strong> od severu, <strong>N\u00edzkymi Tatrami<\/strong> na juhu, <strong>Ve\u013ekou Fatrou<\/strong> od z\u00e1padu a <strong>Popradskou kotlinou<\/strong> z v\u00fdchodu.\n\nNa \u00fazem\u00ed regi\u00f3nu sa nach\u00e1dzaj\u00fa tri slovensk\u00e9 n\u00e1rodn\u00e9 parky s najvy\u0161\u0161\u00edm stup\u0148om ochrany: <strong>Tatransk\u00fd n\u00e1rodn\u00fd park, N\u00e1rodn\u00fd park N\u00edzke Tatry a N\u00e1rodn\u00fd park Ve\u013ek\u00e1 Fatra<\/strong>.\n\nLiptovom pretek\u00e1 najdlh\u0161ia slovensk\u00e1 rieka V\u00e1h, ktor\u00e1 pln\u00ed v\u00fdznamn\u00fa vodn\u00fa n\u00e1dr\u017e <strong>Liptovsk\u00e1 Mara<\/strong>.\n<h3>Medzi najnav\u0161tevovanej\u0161ie turistick\u00e9 lokality patria:<\/h3>\n<ul>\n\t<li>najv\u00e4\u010d\u0161ie horsk\u00e9 a ly\u017eiarske stredisk\u00e1 na Slovensku: JASN\u00c1 N\u00edzke Tatry a Ru\u017eomberok - MALIN\u00d4 BRDO ski &amp; bike<\/li>\n\t<li>najv\u00e4\u010d\u0161ie term\u00e1lne parky: Aquapark TATRALANDIA, GINO PARADISE Be\u0161e\u0148ov\u00e1 a AQUA-VITAL PARK K\u00fapele L\u00fa\u010dky<\/li>\n\t<li>\u0161tyri verejne pr\u00edstupn\u00e9 JASKYNE: Dem\u00e4novsk\u00e1 jasky\u0148a Slobody, Dem\u00e4novsk\u00e1 \u013eadov\u00e1 jasky\u0148a, Va\u017eeck\u00e1 jasky\u0148a a Stani\u0161ovsk\u00e1 jasky\u0148a<\/li>\n\t<li>dedinka VLKOL\u00cdNEC zap\u00edsan\u00e1 do zoznamu svetov\u00e9ho kult\u00farneho dedi\u010dstva UNESCO. Do zoznamu m\u00faze\u00ed a gal\u00e9ri\u00ed patr\u00ed: Liptovsk\u00e9 m\u00fazeum a Gal\u00e9ria \u013dudov\u00edta Fullu v Ru\u017eomberku, Gal\u00e9ria P. M. Boh\u00fa\u0148a a Centrum Kolomana Sokola v Liptovskom Mikul\u00e1\u0161i.<\/li>\n<\/ul>\nLiptov m\u00e1 bohat\u00fa trad\u00edciu kult\u00fary folkl\u00f3ru. Ka\u017edoro\u010dne organizovan\u00fd <strong>folkl\u00f3rny festival v obci V\u00fdchodn\u00e1<\/strong> je najv\u00e4\u010d\u0161ia folkl\u00f3rna udalos\u0165 na Slovensku pri\u0165ahuj\u00faca tis\u00edce n\u00e1v\u0161tevn\u00edkov z celej Eur\u00f3py.\n\nV regi\u00f3ne Liptov sa nach\u00e1dza aj nieko\u013eko pekn\u00fdch kostolov. V obci Sv\u00e4t\u00fd Kr\u00ed\u017e, ju\u017ene od priehrady Liptovsk\u00e1 Mara, je situovan\u00fd <strong>dreven\u00fd artikul\u00e1rny kostol<\/strong>. Jedn\u00e1 sa o jednu z najv\u00e4\u010d\u0161\u00edch dreven\u00fdch sakr\u00e1lnych stavieb v Eur\u00f3pe, a tak ako <strong>M\u00fazeum Liptovskej dediny<\/strong> v Pribyline, bol zachr\u00e1nen\u00fd pred zaplaven\u00edm (p\u00f4vodne bol postaven\u00fd v dnes u\u017e zaniknutej dedine Paludza).\n\nStarobyl\u00fd <strong>Kostol v\u0161etk\u00fdch sv\u00e4t\u00fdch v Ludrovej<\/strong> pri Ru\u017eomberku patr\u00ed medzi slovensk\u00e9 unik\u00e1ty. Predpoklad\u00e1 sa, \u017ee t\u00e1to ranogotick\u00e1 stavba bez z\u00e1kladov bola postaven\u00e1 v druhej polovici trin\u00e1steho storo\u010dia.\n\nV malej obci <strong>Ni\u017en\u00e9 Matia\u0161ovce<\/strong>, na za\u010diatku strmej cesty z Liptova do Zuberca (v \u00fadol\u00ed Oravy), je kr\u00e1sny dreven\u00fd kostol s obrann\u00fdmi kamenn\u00fdmi m\u00farmi a ba\u0161tami.[\/fusion_text][\/fusion_builder_column][\/fusion_builder_row][\/fusion_builder_container]","featured_media":80420,"featured_media_url":"https:\/\/www.visitliptov.sk\/wp-content\/uploads\/2019\/04\/region-600x141.jpg","images_gallery_urls":[],"fotka_1_url":null,"fotka_2_url":null,"fotka_3_url":null,"fotka_4_url":null,"fotka_5_url":null,"fotka_6_url":null,"fotka_7_url":null,"fotka_8_url":null}},"_links":{"self":[{"href":"https:\/\/www.visitliptov.sk\/pl\/wp-json\/wp\/v2\/pages\/84875"}],"collection":[{"href":"https:\/\/www.visitliptov.sk\/pl\/wp-json\/wp\/v2\/pages"}],"about":[{"href":"https:\/\/www.visitliptov.sk\/pl\/wp-json\/wp\/v2\/types\/page"}],"author":[{"embeddable":true,"href":"https:\/\/www.visitliptov.sk\/pl\/wp-json\/wp\/v2\/users\/1"}],"replies":[{"embeddable":true,"href":"https:\/\/www.visitliptov.sk\/pl\/wp-json\/wp\/v2\/comments?post=84875"}],"version-history":[{"count":0,"href":"https:\/\/www.visitliptov.sk\/pl\/wp-json\/wp\/v2\/pages\/84875\/revisions"}],"up":[{"embeddable":true,"href":"https:\/\/www.visitliptov.sk\/pl\/wp-json\/wp\/v2\/pages\/84874"}],"wp:featuredmedia":[{"embeddable":true,"href":"https:\/\/www.visitliptov.sk\/pl\/wp-json\/wp\/v2\/media\/80419"}],"wp:attachment":[{"href":"https:\/\/www.visitliptov.sk\/pl\/wp-json\/wp\/v2\/media?parent=84875"}],"curies":[{"name":"wp","href":"https:\/\/api.w.org\/{rel}","templated":true}]}}