{"id":657962,"date":"2025-04-22T16:22:45","date_gmt":"2025-04-22T14:22:45","guid":{"rendered":"https:\/\/www.visitliptov.sk\/sprievodca\/"},"modified":"2025-06-02T11:27:40","modified_gmt":"2025-06-02T09:27:40","slug":"liptow-przewodnik","status":"publish","type":"page","link":"https:\/\/www.visitliptov.sk\/pl\/liptow-przewodnik\/","title":{"rendered":"Lipt\u00f3w przewodnik"},"content":{"rendered":"    <div class=\"ns-events\">\n        <div class=\"ns-events-filter-toggle\">\n            <span class=\"events-filter-title\">Szukanie<\/span>\n            <div class=\"btn ns-events-filter-btn\">\n\t\t\t\tFilter            <\/div>\n        <\/div>\n        <div class=\"events-filter sidebar\">\n            <div class=\"close-btn\"><\/div>\n            <span class=\"events-filter-title\">Szukanie<\/span>\n\n            <span class=\"events-filter-label\">Kategoria<\/span>\n\t\t\t<div class=\"facetwp-facet facetwp-facet-guides_kat facetwp-type-checkboxes\" data-name=\"guides_kat\" data-type=\"checkboxes\"><\/div>\n            <span class=\"events-filter-label\">Obszar<\/span>\n\t\t\t<div class=\"facetwp-facet facetwp-facet-sprievodcovia_lokality facetwp-type-checkboxes\" data-name=\"sprievodcovia_lokality\" data-type=\"checkboxes\"><\/div>\n            <span class=\"events-filter-label\">Trudno\u015b\u0107:<\/span>\n\t\t\t<div class=\"facetwp-facet facetwp-facet-sprievodcovia_obtiaznost facetwp-type-checkboxes\" data-name=\"sprievodcovia_obtiaznost\" data-type=\"checkboxes\"><\/div>\n            <span class=\"events-filter-label\">Typ<\/span>\n\t        <div class=\"facetwp-facet facetwp-facet-sprievodca facetwp-type-checkboxes\" data-name=\"sprievodca\" data-type=\"checkboxes\"><\/div>\n            <span class=\"events-filter-label\">Trwanie<\/span>\n\t        <div class=\"facetwp-facet facetwp-facet-sprievodcovia_trvanie facetwp-type-slider\" data-name=\"sprievodcovia_trvanie\" data-type=\"slider\"><\/div>\n            <span class=\"events-filter-label\">Sezon<\/span>\n\t        <div class=\"facetwp-facet facetwp-facet-sprievodcovia_obdobie facetwp-type-checkboxes\" data-name=\"sprievodcovia_obdobie\" data-type=\"checkboxes\"><\/div>\n        <\/div>\n\n        <div class=\"blog-content\">\n\t\t\t<div class=\"facetwp-template\" data-name=\"guides\">    <a class=\"list-item single-guide_service\" href=\"https:\/\/www.visitliptov.sk\/pl\/sprievodcovske-sluzby\/vlkolinec-z-przewodnikiem\/\">\n\t\t        <div class=\"thumb\"\n             style=\"background-image:url('https:\/\/www.visitliptov.sk\/wp-content\/uploads\/2024\/06\/240618_Vlkolinec_013_sprievodcovske-sluzby-600x401.jpg')\">\n\t\t\t        <span style='display:none' class=\"favorite-btn  js_favorite-inline-ajax\"\r\n              data-id=\"658034\"\r\n\t\t>&hearts;<\/span>\r\n\t        <\/div>\n\n        <div class=\"item-meta\">\n            <div class=\"item-title\">\n\t\t\t\tVlkol\u00ednec z przewodnikiem            <\/div>\n            <div class=\"meta-row\">\n                <div class=\"item-meta-data item-loc\">\n                    Vlkol\u00ednec                <\/div>\n\n                <div class=\"item-meta-data item-dif\">\n                    \n                        \n                \n                    Umiarkowany                    \n                <\/div>\n\n                <div class=\"item-meta-data item-time\">\n                    \n                        \n                        1.5 godziny                             \n                    \n                    \n                <\/div>\n            <\/div>\n        <\/div>\n    <\/a>\n    <a class=\"list-item single-guide_service\" href=\"https:\/\/www.visitliptov.sk\/pl\/sprievodcovske-sluzby\/audioprzewodnik-po-vlkolinecu-vlkolinec-unesco\/\">\n\t\t        <div class=\"thumb\"\n             style=\"background-image:url('https:\/\/www.visitliptov.sk\/wp-content\/uploads\/2024\/02\/foto-cover-600x338.jpg')\">\n\t\t\t        <span style='display:none' class=\"favorite-btn  js_favorite-inline-ajax\"\r\n              data-id=\"658044\"\r\n\t\t>&hearts;<\/span>\r\n\t        <\/div>\n\n        <div class=\"item-meta\">\n            <div class=\"item-title\">\n\t\t\t\tAudioprzewodnik po Vlkolinec            <\/div>\n            <div class=\"meta-row\">\n                <div class=\"item-meta-data item-loc\">\n                    Vlkol\u00ednec                <\/div>\n\n                <div class=\"item-meta-data item-dif\">\n                    \n                        \n                \n                    Umiarkowany                    \n                <\/div>\n\n                <div class=\"item-meta-data item-time\">\n                    \n                        \n                        Ka\u017cdy                            \n                    \n                    \n                <\/div>\n            <\/div>\n        <\/div>\n    <\/a>\n<\/div>\t\t\t<div class=\"facetwp-pager\"><\/div>        <\/div>\n\n        <div class=\"events-sidebar\">\n\t\t\t\r\n<aside class=\"sidebar-app\">\r\n\t<section id=\"widget-app-4\" class=\"widget container widget-app\"><div class=\"row\"><div class=\"col wrap-bg\"><div class=\"row\"><div class=\"col col-12 title\"><h2 class=\"widget-title\">Mo\u017cesz tak\u017ce znale\u017a\u0107 wszystkie do\u015bwiadczenia w naszej aplikacji<\/h2><\/div><div class=\"col col-12 image\"><img decoding=\"async\" class=\"img-fluid\" src=\"https:\/\/www.visitliptov.sk\/wp-content\/themes\/ns\/img\/liptov-app.png\" alt=\"\"><\/div><\/div><div class=\"row\"><div class=\"col app-links\"><a href=\"https:\/\/itunes.apple.com\/us\/app\/liptov\/id885032984?ls=1&mt=8\" class=\"btn btn-app btn-app_iphone\"><img decoding=\"async\" src=\"https:\/\/www.visitliptov.sk\/wp-content\/themes\/ns\/img\/apple_store.svg\" alt=\"\"><\/a><a href=\"https:\/\/play.google.com\/store\/apps\/details?id=sk.bonbonapps.liptov\" class=\"btn btn-app btn-app_android\"><img decoding=\"async\" src=\"https:\/\/www.visitliptov.sk\/wp-content\/themes\/ns\/img\/google_play.svg\" alt=\"\"><\/a><\/div><\/div><\/div><\/div><\/section><section id=\"text-2\" class=\"widget widget_text\">\t\t\t<div class=\"textwidget\"><\/div>\n\t\t<\/section><\/aside><!-- #language-switcher -->        <\/div>\n\n    <\/div>\n\t\n\n\n\n<p><\/p>\n","protected":false},"excerpt":{"rendered":"","protected":false},"author":22,"featured_media":0,"parent":0,"menu_order":0,"comment_status":"closed","ping_status":"closed","template":"","meta":{"_acf_changed":false,"inline_featured_image":false,"episode_type":"","audio_file":"","cover_image":"","cover_image_id":"","duration":"","filesize":"","date_recorded":"","explicit":"","block":"","filesize_raw":"","_jf_limit_responses":"","footnotes":""},"class_list":["post-657962","page","type-page","status-publish","hentry"],"acf":{"vyhradny_obrazok":"Hlavne nsatavenie","second_feature_image":608858,"search_top_keywords":""},"wpml_translations_detailed":{"sk":{"id":652187,"title":"Sprievodcovsk\u00e9 slu\u017eby","url":"https:\/\/www.visitliptov.sk\/sprievodca\/","api_url":"https:\/\/www.visitliptov.sk\/pl\/wp-json\/wp\/v2\/page\/652187","status":"publish","excerpt":"","content":"<!-- wp:shortcode -->\n[guides]\n<!-- \/wp:shortcode -->\n\n<!-- wp:paragraph -->\n<p><\/p>\n<!-- \/wp:paragraph -->","featured_media":"608852","featured_media_url":"https:\/\/www.visitliptov.sk\/wp-content\/uploads\/2024\/06\/240618_Vlkolinec_013_sprievodcovske-sluzby-600x401.jpg","images_gallery_urls":[],"fotka_1_url":null,"fotka_2_url":null,"fotka_3_url":null,"fotka_4_url":null,"fotka_5_url":null,"fotka_6_url":null,"fotka_7_url":null,"fotka_8_url":null},"en":{"id":655614,"title":"Liptov guide","url":"https:\/\/www.visitliptov.sk\/en\/liptov-guide\/","api_url":"https:\/\/www.visitliptov.sk\/pl\/wp-json\/wp\/v2\/page\/655614","status":"publish","excerpt":"","content":"<!-- wp:shortcode -->\n[guides]\n<!-- \/wp:shortcode -->\n\n<!-- wp:paragraph -->\n<p><\/p>\n<!-- \/wp:paragraph -->","featured_media":"608852","featured_media_url":"https:\/\/www.visitliptov.sk\/wp-content\/uploads\/2024\/06\/240618_Vlkolinec_013_sprievodcovske-sluzby-600x401.jpg","images_gallery_urls":[],"fotka_1_url":null,"fotka_2_url":null,"fotka_3_url":null,"fotka_4_url":null,"fotka_5_url":null,"fotka_6_url":null,"fotka_7_url":null,"fotka_8_url":null},"pl":{"id":657962,"title":"Lipt\u00f3w przewodnik","url":"https:\/\/www.visitliptov.sk\/pl\/liptow-przewodnik\/","api_url":"https:\/\/www.visitliptov.sk\/pl\/wp-json\/wp\/v2\/page\/657962","status":"publish","excerpt":"","content":"<!-- wp:shortcode -->\n[guides]\n<!-- \/wp:shortcode -->\n\n<!-- wp:paragraph -->\n<p><\/p>\n<!-- \/wp:paragraph -->","featured_media":"608852","featured_media_url":"https:\/\/www.visitliptov.sk\/wp-content\/uploads\/2024\/06\/240618_Vlkolinec_013_sprievodcovske-sluzby-600x401.jpg","images_gallery_urls":[],"fotka_1_url":null,"fotka_2_url":null,"fotka_3_url":null,"fotka_4_url":null,"fotka_5_url":null,"fotka_6_url":null,"fotka_7_url":null,"fotka_8_url":null}},"_links":{"self":[{"href":"https:\/\/www.visitliptov.sk\/pl\/wp-json\/wp\/v2\/pages\/657962"}],"collection":[{"href":"https:\/\/www.visitliptov.sk\/pl\/wp-json\/wp\/v2\/pages"}],"about":[{"href":"https:\/\/www.visitliptov.sk\/pl\/wp-json\/wp\/v2\/types\/page"}],"author":[{"embeddable":true,"href":"https:\/\/www.visitliptov.sk\/pl\/wp-json\/wp\/v2\/users\/22"}],"replies":[{"embeddable":true,"href":"https:\/\/www.visitliptov.sk\/pl\/wp-json\/wp\/v2\/comments?post=657962"}],"version-history":[{"count":0,"href":"https:\/\/www.visitliptov.sk\/pl\/wp-json\/wp\/v2\/pages\/657962\/revisions"}],"wp:attachment":[{"href":"https:\/\/www.visitliptov.sk\/pl\/wp-json\/wp\/v2\/media?parent=657962"}],"curies":[{"name":"wp","href":"https:\/\/api.w.org\/{rel}","templated":true}]}}