{"id":220898,"date":"2021-07-15T15:02:43","date_gmt":"2021-07-15T13:02:43","guid":{"rendered":"https:\/\/www.visitliptov.sk\/doswiadczenia\/region-rowerowy-liptov\/bikepark-a-traily-na-liptove\/"},"modified":"2024-03-18T02:30:32","modified_gmt":"2024-03-18T01:30:32","slug":"parki-rowerowe-i-traily-w-liptowie","status":"publish","type":"page","link":"https:\/\/www.visitliptov.sk\/pl\/doswiadczenia\/kolarstwo\/parki-rowerowe-i-traily-w-liptowie\/","title":{"rendered":"Parki rowerowe i\u00a0traily w Liptowie"},"content":{"rendered":"\n<div class=\"wp-block-cover alignfull is-light mt-0 mb-0 opacity-1\" style=\"min-height:600px;aspect-ratio:unset;\"><span aria-hidden=\"true\" class=\"wp-block-cover__background has-background-dim-0 has-background-dim\"><\/span><video class=\"wp-block-cover__video-background intrinsic-ignore\" autoplay muted loop playsinline src=\"https:\/\/www.visitliptov.sk\/wp-content\/uploads\/2021\/07\/trail1.mp4\" data-object-fit=\"cover\"><\/video><div class=\"wp-block-cover__inner-container is-layout-flow wp-block-cover-is-layout-flow\">\n<p class=\"has-text-align-center has-white-color has-text-color\" style=\"font-size:38px\"><strong><strong>Parki rowerowe i&nbsp;traily<\/strong><\/strong><\/p>\n<\/div><\/div>\n\n\n\n<div class=\"wp-block-senff-sticky-block\" data-topspace=\"72\" data-cfa=\"true\" data-minwidth=\"0\" data-maxwidth=\"99999\" data-pushup=\"\" data-zindex=\"1\"><!-- WP Menubar 5.9.3: start menu cyklomenu-pl, template Basic_46, CSS  -->\n\r\n<div class=\"Basic_46-before\"><\/div>\r\n<div class=\"Basic_46 mobile-horizontal-scroll alignfull\">\r\n<div class=\"container\">\r\n<a  href=\"https:\/\/www.visitliptov.sk\/pl\/doswiadczenia\/region-rowerowy-liptov\/kolarstwo-gorskie-na-liptowie\/\" >KOLARSTWO G\u00d3RSKIE <\/a>\n<a  href=\"https:\/\/www.visitliptov.sk\/pl\/doswiadczenia\/region-rowerowy-liptov\/ebike\/\" >E-BIKE<\/a>\n<a  href=\"https:\/\/www.visitliptov.sk\/pl\/doswiadczenia\/region-rowerowy-liptov\/rodzinna-jazda-na-rowerach\/\" >KOLARSTWO RODZINNE<\/a>\n<a  href=\"https:\/\/www.visitliptov.sk\/pl\/doswiadczenia\/region-rowerowy-liptov\/kolarstwo-szosowe-w-liptowie\/\" >KOLARSTWO SZOSOWE<\/a>\n<a  href=\"https:\/\/www.visitliptov.sk\/pl\/doswiadczenia\/kolarstwo\/parki-rowerowe-i-traily-w-liptowie\/\" >BIKEPARKI I TRAILY<\/a>\n<a  href=\"https:\/\/www.visitliptov.sk\/pl\/doswiadczenia\/region-rowerowy-liptov\/#mapa\" >MAPA <\/a>\n<a  href=\"https:\/\/www.visitliptov.sk\/pl\/planowanie-wakacji\/praktyczne-informacje\/?_services-cat=cyklocentrum-pl\" >US\u0141UGI<\/a>\n\r\n<\/div>\r\n<\/div>\r\n<div class=\"Basic_46-after\"><\/div>\r\n<!-- WP Menubar 5.9.3: end menu cyklomenu-pl, template Basic_46, CSS  -->\n\n<\/div>\n\n\n\n<div style=\"height:40px\" aria-hidden=\"true\" class=\"wp-block-spacer\"><\/div>\n\n\n\r\n<div class=\"content-bread pl-0\">\r\n\t<div class=\"container pl-0\"><span><span><a href=\"https:\/\/www.visitliptov.sk\/pl\/\">Dom<\/a><\/span><\/span>\r\n\t<\/div>\r\n<\/div>\n\n\n\n<div class=\"wp-block-columns is-layout-flex wp-container-core-columns-is-layout-1 wp-block-columns-is-layout-flex\">\n<div class=\"wp-block-column is-vertically-aligned-center is-layout-flow wp-block-column-is-layout-flow\">\n<h2 class=\"wp-block-heading\">Adrenalina w lesie<\/h2>\n\n\n\n<p>Szukasz wra\u017ce\u0144 i adrenaliny? Single traile to Tw\u00f3j drugi dom? Lipt\u00f3w ma wiele do zaoferowania! Szybko\u015b\u0107, skoki i odrobina adrenaliny dost\u0119pne s\u0105 w kilku miejscach w regionie. W bikeparkach na Liptowie znajduj\u0105 si\u0119 przygotowane i oznakowane trasy o r\u00f3\u017cnych rodzajach i stopniach trudno\u015bci. Wi\u0119c na co czekasz?!<\/p>\n<\/div>\n\n\n\n<div class=\"wp-block-column is-layout-flow wp-block-column-is-layout-flow\">\n<figure class=\"wp-block-embed aligncenter is-type-video is-provider-youtube wp-block-embed-youtube wp-embed-aspect-16-9 wp-has-aspect-ratio\"><div class=\"wp-block-embed__wrapper\">\n<iframe loading=\"lazy\" title=\"Bikepark a Singletraily na Liptove\" width=\"500\" height=\"281\" src=\"https:\/\/www.youtube.com\/embed\/nREzkbUqQyM?feature=oembed\" frameborder=\"0\" allow=\"accelerometer; autoplay; clipboard-write; encrypted-media; gyroscope; picture-in-picture; web-share\" referrerpolicy=\"strict-origin-when-cross-origin\" allowfullscreen><\/iframe>\n<\/div><\/figure>\n<div class=\"cookieconsent-optout-marketing\">Prosz\u0119, aby obejrze\u0107 wideo, <a href=\"javascript:Cookiebot.renew()\"> zaakceptuj ciasteczka marketingowe.<\/a> <\/div><\/div>\n<\/div>\n\n\n\n<h2 class=\"wp-block-heading\"><strong>Tutaj sobie poje\u017adzisz<\/strong><\/h2>\n\n\n\t<div class=\"carousel-items owl-carousel js-carousel-content carousel-style-default\"><div class=\"carousel-item carousel-item-article\"\r\n     id=\"carousel_48523\">\r\n    <a href=\"https:\/\/www.visitliptov.sk\/pl\/ciekawostka\/malino-brdo-ski-bike\/\"\r\n\t\tstyle=\"background-image:url(https:\/\/www.visitliptov.sk\/wp-content\/uploads\/2016\/02\/Sport-a-zazitky_Bike-park-Malino-Brdo-4_zmens-600x331.jpg)\"    >\r\n\t\t        <span style='display:none' class=\"favorite-btn  js_favorite-inline-ajax\"\r\n              data-id=\"48523\"\r\n\t\t>&hearts;<\/span>\r\n\t\r\n\t\t\r\n\r\n        <span class=\"item-title\">Malin\u00f4 Brdo ski &#038; bike family park<\/span>\r\n\r\n\t\t<span class=\"item-location aaa\">Ru\u017eomberok<\/span>    <\/a>\r\n<\/div>\r\n<div class=\"carousel-item carousel-item-article\"\r\n     id=\"carousel_203547\">\r\n    <a href=\"https:\/\/www.visitliptov.sk\/pl\/trasa\/bajkowe-enduro-singletrail-hrabovo\/\"\r\n\t\tstyle=\"background-image:url(https:\/\/www.visitliptov.sk\/wp-content\/uploads\/2019\/08\/190815_Singletrail_18-1-600x400.jpg)\"    >\r\n\t\t        <span style='display:none' class=\"favorite-btn  js_favorite-inline-ajax\"\r\n              data-id=\"203547\"\r\n\t\t>&hearts;<\/span>\r\n\t\r\n\t\t\r\n\r\n        <span class=\"item-title\">Singletrail Bajkowe Enduro<\/span>\r\n\r\n\t\t<span class=\"item-location aaa\">Ru\u017eomberok<\/span>    <\/a>\r\n<\/div>\r\n<div class=\"carousel-item carousel-item-article\"\r\n     id=\"carousel_583427\">\r\n    <a href=\"https:\/\/www.visitliptov.sk\/pl\/trasa\/singletrail-haj-flow\/\"\r\n\t\tstyle=\"background-image:url(https:\/\/www.visitliptov.sk\/wp-content\/uploads\/2024\/02\/Singletrail-Haj-flow-title-FHD-600x338.jpg)\"    >\r\n\t\t        <span style='display:none' class=\"favorite-btn  js_favorite-inline-ajax\"\r\n              data-id=\"583427\"\r\n\t\t>&hearts;<\/span>\r\n\t\r\n\t\t\r\n\r\n        <span class=\"item-title\">Singletrail H\u00e1j flow<\/span>\r\n\r\n\t\t<span class=\"item-location aaa\">Liptovsk\u00fd Mikul\u00e1\u0161<\/span>    <\/a>\r\n<\/div>\r\n<div class=\"carousel-item carousel-item-article\"\r\n     id=\"carousel_197804\">\r\n    <a href=\"https:\/\/www.visitliptov.sk\/pl\/ciekawostka\/pumptrack-bmx-park\/\"\r\n\t\tstyle=\"background-image:url(https:\/\/www.visitliptov.sk\/wp-content\/uploads\/2022\/10\/BMX-areal-LM-title_Foto-Illes-1-600x338.jpg)\"    >\r\n\t\t        <span style='display:none' class=\"favorite-btn  js_favorite-inline-ajax\"\r\n              data-id=\"197804\"\r\n\t\t>&hearts;<\/span>\r\n\t\r\n\t\t\r\n\r\n        <span class=\"item-title\">Pumptrack i park BMX<\/span>\r\n\r\n\t\t<span class=\"item-location aaa\">Liptovsk\u00fd Mikul\u00e1\u0161<\/span>    <\/a>\r\n<\/div>\r\n<div class=\"carousel-item carousel-item-article\"\r\n     id=\"carousel_198095\">\r\n    <a href=\"https:\/\/www.visitliptov.sk\/pl\/ciekawostka\/park-cyklotrial-ruzomberok\/\"\r\n\t\tstyle=\"background-image:url(https:\/\/www.visitliptov.sk\/wp-content\/uploads\/2022\/10\/Cyklotrial-Ruzomberok-title-small-450x600.jpg)\"    >\r\n\t\t        <span style='display:none' class=\"favorite-btn  js_favorite-inline-ajax\"\r\n              data-id=\"198095\"\r\n\t\t>&hearts;<\/span>\r\n\t\r\n\t\t\r\n\r\n        <span class=\"item-title\">Park Cyklotrial<\/span>\r\n\r\n\t\t<span class=\"item-location aaa\">Ru\u017eomberok<\/span>    <\/a>\r\n<\/div>\r\n<\/div>\t\n","protected":false},"excerpt":{"rendered":"<p>Adrenalina w lesie Szukasz wra\u017ce\u0144 i adrenaliny? Single traile to Tw\u00f3j drugi dom? Lipt\u00f3w ma wiele do zaoferowania! Szybko\u015b\u0107, skoki &#8230;<\/p>\n","protected":false},"author":18,"featured_media":197340,"parent":92630,"menu_order":0,"comment_status":"closed","ping_status":"closed","template":"page_no-title.php","meta":{"_acf_changed":false,"inline_featured_image":false,"episode_type":"","audio_file":"","cover_image":"","cover_image_id":"","duration":"","filesize":"","date_recorded":"","explicit":"","block":"","filesize_raw":"","_jf_limit_responses":"","footnotes":""},"class_list":["post-220898","page","type-page","status-publish","has-post-thumbnail","hentry"],"acf":{"vyhradny_obrazok":false,"second_feature_image":null,"search_top_keywords":""},"wpml_translations_detailed":{"sk":{"id":151836,"title":"Bikeparky a traily na Liptove","url":"https:\/\/www.visitliptov.sk\/zazitky\/cyklistika\/bikepark-a-traily-na-liptove\/","api_url":"https:\/\/www.visitliptov.sk\/pl\/wp-json\/wp\/v2\/page\/151836","status":"publish","excerpt":"Adrenal\u00ednov\u00e9 pojazdy v lesoch H\u013ead\u00e1te vzru\u0161enie a adrenal\u00edn? Single traily s\u00fa v\u00e1\u0161 druh\u00fd domov? Liptov m\u00e1 \u010do pon\u00faknu\u0165! R\u00fdchlos\u0165, skoky ...","content":"<!-- wp:cover {\"url\":\"https:\/\/www.visitliptov.sk\/wp-content\/uploads\/2021\/07\/trail1.mp4\",\"id\":151839,\"dimRatio\":0,\"backgroundType\":\"video\",\"minHeight\":600,\"isDark\":false,\"align\":\"full\",\"className\":\"mt-0 mb-0 opacity-1\"} -->\n<div class=\"wp-block-cover alignfull is-light mt-0 mb-0 opacity-1\" style=\"min-height:600px\"><span aria-hidden=\"true\" class=\"wp-block-cover__background has-background-dim-0 has-background-dim\"><\/span><video class=\"wp-block-cover__video-background intrinsic-ignore\" autoplay muted loop playsinline src=\"https:\/\/www.visitliptov.sk\/wp-content\/uploads\/2021\/07\/trail1.mp4\" data-object-fit=\"cover\"><\/video><div class=\"wp-block-cover__inner-container\"><!-- wp:paragraph {\"align\":\"center\",\"placeholder\":\"Nap\u00ed\u0161te titulok...\",\"style\":{\"typography\":{\"fontSize\":38}},\"textColor\":\"white\"} -->\n<p class=\"has-text-align-center has-white-color has-text-color\" style=\"font-size:38px\"><strong>Bikeparky a traily<\/strong><\/p>\n<!-- \/wp:paragraph --><\/div><\/div>\n<!-- \/wp:cover -->\n\n<!-- wp:senff\/sticky-block {\"topSpace\":72} -->\n<div class=\"wp-block-senff-sticky-block\" data-topspace=\"72\" data-cfa=\"true\" data-minwidth=\"0\" data-maxwidth=\"99999\" data-pushup=\"\" data-zindex=\"1\"><!-- wp:shortcode -->\n[menubar menu=\"cyklomenu\"][\/menubar]\n<!-- \/wp:shortcode --><\/div>\n<!-- \/wp:senff\/sticky-block -->\n\n<!-- wp:spacer {\"height\":\"40px\"} -->\n<div style=\"height:40px\" aria-hidden=\"true\" class=\"wp-block-spacer\"><\/div>\n<!-- \/wp:spacer -->\n\n<!-- wp:shortcode -->\n[breadcrumb]\n<!-- \/wp:shortcode -->\n\n<!-- wp:columns -->\n<div class=\"wp-block-columns\"><!-- wp:column {\"verticalAlignment\":\"center\"} -->\n<div class=\"wp-block-column is-vertically-aligned-center\"><!-- wp:heading -->\n<h2 class=\"wp-block-heading\">Adrenal\u00ednov\u00e9 pojazdy v lesoch<\/h2>\n<!-- \/wp:heading -->\n\n<!-- wp:paragraph -->\n<p>H\u013ead\u00e1te vzru\u0161enie a adrenal\u00edn? Single traily s\u00fa v\u00e1\u0161 druh\u00fd domov? Liptov m\u00e1 \u010do pon\u00faknu\u0165! R\u00fdchlos\u0165, skoky a kvapka adrenal\u00ednu je dostupn\u00e1 na viacer\u00fdch miestach regi\u00f3nu. V liptovsk\u00fdch bike parkoch n\u00e1jdete upravovan\u00e9 a zna\u010den\u00e9 trate r\u00f4znych typov a n\u00e1ro\u010dnost\u00ed. Tak na\u010do \u010daka\u0165?!<\/p>\n<!-- \/wp:paragraph --><\/div>\n<!-- \/wp:column -->\n\n<!-- wp:column -->\n<div class=\"wp-block-column\"><!-- wp:embed {\"url\":\"https:\/\/youtu.be\/nREzkbUqQyM\",\"type\":\"video\",\"providerNameSlug\":\"youtube\",\"responsive\":true,\"align\":\"center\",\"className\":\"wp-embed-aspect-16-9 wp-has-aspect-ratio\"} -->\n<figure class=\"wp-block-embed aligncenter is-type-video is-provider-youtube wp-block-embed-youtube wp-embed-aspect-16-9 wp-has-aspect-ratio\"><div class=\"wp-block-embed__wrapper\">\nhttps:\/\/youtu.be\/nREzkbUqQyM\n<\/div><\/figure>\n<!-- \/wp:embed --><\/div>\n<!-- \/wp:column --><\/div>\n<!-- \/wp:columns -->\n\n<!-- wp:heading -->\n<h2 class=\"wp-block-heading\">Tu si zajazd\u00edte<\/h2>\n<!-- \/wp:heading -->\n\n<!-- wp:shortcode -->\n[carousel ids=\"34967,102807,583423,197802,198093\"]\n<!-- \/wp:shortcode -->","featured_media":197338,"featured_media_url":"https:\/\/www.visitliptov.sk\/wp-content\/uploads\/2022\/09\/Bikeparky-traily-title-small-600x400.jpg","images_gallery_urls":[],"fotka_1_url":null,"fotka_2_url":null,"fotka_3_url":null,"fotka_4_url":null,"fotka_5_url":null,"fotka_6_url":null,"fotka_7_url":null,"fotka_8_url":null},"en":{"id":154084,"title":"Bikeparks and singletrails in Liptov","url":"https:\/\/www.visitliptov.sk\/en\/experiences\/cycling\/bikeparks-and-singletrails\/","api_url":"https:\/\/www.visitliptov.sk\/pl\/wp-json\/wp\/v2\/page\/154084","status":"publish","excerpt":"Adrenaline forest bike trails Are you looking for excitement and adrenaline? Are single track-type trails your favourite? Liptov has a ...","content":"<!-- wp:cover {\"url\":\"https:\/\/www.visitliptov.sk\/wp-content\/uploads\/2021\/07\/trail1.mp4\",\"id\":151839,\"dimRatio\":0,\"backgroundType\":\"video\",\"minHeight\":600,\"isDark\":false,\"align\":\"full\",\"className\":\"mt-0 mb-0 opacity-1\"} -->\n<div class=\"wp-block-cover alignfull is-light mt-0 mb-0 opacity-1\" style=\"min-height:600px\"><span aria-hidden=\"true\" class=\"wp-block-cover__background has-background-dim-0 has-background-dim\"><\/span><video class=\"wp-block-cover__video-background intrinsic-ignore\" autoplay muted loop playsinline src=\"https:\/\/www.visitliptov.sk\/wp-content\/uploads\/2021\/07\/trail1.mp4\" data-object-fit=\"cover\"><\/video><div class=\"wp-block-cover__inner-container\"><!-- wp:paragraph {\"align\":\"center\",\"placeholder\":\"Nap\u00ed\u0161te titulok...\",\"style\":{\"typography\":{\"fontSize\":38}},\"textColor\":\"white\"} -->\n<p class=\"has-text-align-center has-white-color has-text-color\" style=\"font-size:38px\"><strong>Bikeparks and singletrails<\/strong><\/p>\n<!-- \/wp:paragraph --><\/div><\/div>\n<!-- \/wp:cover -->\n\n<!-- wp:senff\/sticky-block -->\n<div class=\"wp-block-senff-sticky-block\" data-topspace=\"0\" data-cfa=\"true\" data-minwidth=\"0\" data-maxwidth=\"99999\" data-pushup=\"\" data-zindex=\"1\"><!-- wp:senff\/sticky-block {\"topSpace\":72} -->\n<div class=\"wp-block-senff-sticky-block\" data-topspace=\"72\" data-cfa=\"true\" data-minwidth=\"0\" data-maxwidth=\"99999\" data-pushup=\"\" data-zindex=\"1\"><!-- wp:shortcode -->\n[menubar menu=\"cyklomenu-en\"][\/menubar]\n<!-- \/wp:shortcode --><\/div>\n<!-- \/wp:senff\/sticky-block --><\/div>\n<!-- \/wp:senff\/sticky-block -->\n\n<!-- wp:spacer {\"height\":\"40px\"} -->\n<div style=\"height:40px\" aria-hidden=\"true\" class=\"wp-block-spacer\"><\/div>\n<!-- \/wp:spacer -->\n\n<!-- wp:shortcode -->\n[breadcrumb]\n<!-- \/wp:shortcode -->\n\n<!-- wp:columns -->\n<div class=\"wp-block-columns\"><!-- wp:column {\"verticalAlignment\":\"center\"} -->\n<div class=\"wp-block-column is-vertically-aligned-center\"><!-- wp:heading -->\n<h2 class=\"wp-block-heading\">Adrenaline forest bike trails<\/h2>\n<!-- \/wp:heading -->\n\n<!-- wp:paragraph -->\n<p>Are you looking for excitement and adrenaline? Are single track-type trails your favourite? Liptov has a lot to offer in this regard! Speed, jumps and a sea of adrenaline are waiting for you in several places of the region. Liptov\u00b4s bike parks feature well-marked and well-maintained trails of all types and levels of difficulty. So what are you waiting for?!<\/p>\n<!-- \/wp:paragraph --><\/div>\n<!-- \/wp:column -->\n\n<!-- wp:column -->\n<div class=\"wp-block-column\"><!-- wp:embed {\"url\":\"https:\/\/youtu.be\/nREzkbUqQyM\",\"type\":\"video\",\"providerNameSlug\":\"youtube\",\"responsive\":true,\"align\":\"center\",\"className\":\"wp-embed-aspect-16-9 wp-has-aspect-ratio\"} -->\n<figure class=\"wp-block-embed aligncenter is-type-video is-provider-youtube wp-block-embed-youtube wp-embed-aspect-16-9 wp-has-aspect-ratio\"><div class=\"wp-block-embed__wrapper\">\nhttps:\/\/youtu.be\/nREzkbUqQyM\n<\/div><\/figure>\n<!-- \/wp:embed --><\/div>\n<!-- \/wp:column --><\/div>\n<!-- \/wp:columns -->\n\n<!-- wp:heading -->\n<h2 class=\"wp-block-heading\">Find your trail<\/h2>\n<!-- \/wp:heading -->\n\n<!-- wp:shortcode -->\n[carousel ids=\"34967,102807,583423,197802,198093\"]\n<!-- \/wp:shortcode -->","featured_media":197339,"featured_media_url":"https:\/\/www.visitliptov.sk\/wp-content\/uploads\/2022\/09\/Bikeparky-traily-title-small-600x400.jpg","images_gallery_urls":[],"fotka_1_url":null,"fotka_2_url":null,"fotka_3_url":null,"fotka_4_url":null,"fotka_5_url":null,"fotka_6_url":null,"fotka_7_url":null,"fotka_8_url":null},"pl":{"id":220898,"title":"Parki rowerowe i\u00a0traily w Liptowie","url":"https:\/\/www.visitliptov.sk\/pl\/doswiadczenia\/kolarstwo\/parki-rowerowe-i-traily-w-liptowie\/","api_url":"https:\/\/www.visitliptov.sk\/pl\/wp-json\/wp\/v2\/page\/220898","status":"publish","excerpt":"Adrenalina w lesie Szukasz wra\u017ce\u0144 i adrenaliny? Single traile to Tw\u00f3j drugi dom? Lipt\u00f3w ma wiele do zaoferowania! Szybko\u015b\u0107, skoki ...","content":"<!-- wp:cover {\"url\":\"https:\/\/www.visitliptov.sk\/wp-content\/uploads\/2021\/07\/trail1.mp4\",\"id\":151839,\"dimRatio\":0,\"backgroundType\":\"video\",\"minHeight\":600,\"isDark\":false,\"align\":\"full\",\"className\":\"mt-0 mb-0 opacity-1\"} -->\n<div class=\"wp-block-cover alignfull is-light mt-0 mb-0 opacity-1\" style=\"min-height:600px\"><span aria-hidden=\"true\" class=\"wp-block-cover__background has-background-dim-0 has-background-dim\"><\/span><video class=\"wp-block-cover__video-background intrinsic-ignore\" autoplay muted loop playsinline src=\"https:\/\/www.visitliptov.sk\/wp-content\/uploads\/2021\/07\/trail1.mp4\" data-object-fit=\"cover\"><\/video><div class=\"wp-block-cover__inner-container\"><!-- wp:paragraph {\"align\":\"center\",\"placeholder\":\"Nap\u00ed\u0161te titulok...\",\"style\":{\"typography\":{\"fontSize\":38}},\"textColor\":\"white\"} -->\n<p class=\"has-text-align-center has-white-color has-text-color\" style=\"font-size:38px\"><strong><strong>Parki rowerowe i&nbsp;traily<\/strong><\/strong><\/p>\n<!-- \/wp:paragraph --><\/div><\/div>\n<!-- \/wp:cover -->\n\n<!-- wp:senff\/sticky-block {\"topSpace\":72} -->\n<div class=\"wp-block-senff-sticky-block\" data-topspace=\"72\" data-cfa=\"true\" data-minwidth=\"0\" data-maxwidth=\"99999\" data-pushup=\"\" data-zindex=\"1\"><!-- wp:shortcode -->\n[menubar menu=\"cyklomenu-pl\"][\/menubar]\n<!-- \/wp:shortcode --><\/div>\n<!-- \/wp:senff\/sticky-block -->\n\n<!-- wp:spacer {\"height\":\"40px\"} -->\n<div style=\"height:40px\" aria-hidden=\"true\" class=\"wp-block-spacer\"><\/div>\n<!-- \/wp:spacer -->\n\n<!-- wp:shortcode -->\n[breadcrumb]\n<!-- \/wp:shortcode -->\n\n<!-- wp:columns -->\n<div class=\"wp-block-columns\"><!-- wp:column {\"verticalAlignment\":\"center\"} -->\n<div class=\"wp-block-column is-vertically-aligned-center\"><!-- wp:heading -->\n<h2 class=\"wp-block-heading\">Adrenalina w lesie<\/h2>\n<!-- \/wp:heading -->\n\n<!-- wp:paragraph -->\n<p>Szukasz wra\u017ce\u0144 i adrenaliny? Single traile to Tw\u00f3j drugi dom? Lipt\u00f3w ma wiele do zaoferowania! Szybko\u015b\u0107, skoki i odrobina adrenaliny dost\u0119pne s\u0105 w kilku miejscach w regionie. W bikeparkach na Liptowie znajduj\u0105 si\u0119 przygotowane i oznakowane trasy o r\u00f3\u017cnych rodzajach i stopniach trudno\u015bci. Wi\u0119c na co czekasz?!<\/p>\n<!-- \/wp:paragraph --><\/div>\n<!-- \/wp:column -->\n\n<!-- wp:column -->\n<div class=\"wp-block-column\"><!-- wp:embed {\"url\":\"https:\/\/youtu.be\/nREzkbUqQyM\",\"type\":\"video\",\"providerNameSlug\":\"youtube\",\"responsive\":true,\"align\":\"center\",\"className\":\"wp-embed-aspect-16-9 wp-has-aspect-ratio\"} -->\n<figure class=\"wp-block-embed aligncenter is-type-video is-provider-youtube wp-block-embed-youtube wp-embed-aspect-16-9 wp-has-aspect-ratio\"><div class=\"wp-block-embed__wrapper\">\nhttps:\/\/youtu.be\/nREzkbUqQyM\n<\/div><\/figure>\n<!-- \/wp:embed --><\/div>\n<!-- \/wp:column --><\/div>\n<!-- \/wp:columns -->\n\n<!-- wp:heading -->\n<h2 class=\"wp-block-heading\"><strong>Tutaj sobie poje\u017adzisz<\/strong><\/h2>\n<!-- \/wp:heading -->\n\n<!-- wp:shortcode -->\n[carousel ids=\"34967,102807,583423,197802,198093\"]\n<!-- \/wp:shortcode -->","featured_media":197340,"featured_media_url":"https:\/\/www.visitliptov.sk\/wp-content\/uploads\/2022\/09\/Bikeparky-traily-title-small-600x400.jpg","images_gallery_urls":[],"fotka_1_url":null,"fotka_2_url":null,"fotka_3_url":null,"fotka_4_url":null,"fotka_5_url":null,"fotka_6_url":null,"fotka_7_url":null,"fotka_8_url":null}},"_links":{"self":[{"href":"https:\/\/www.visitliptov.sk\/pl\/wp-json\/wp\/v2\/pages\/220898"}],"collection":[{"href":"https:\/\/www.visitliptov.sk\/pl\/wp-json\/wp\/v2\/pages"}],"about":[{"href":"https:\/\/www.visitliptov.sk\/pl\/wp-json\/wp\/v2\/types\/page"}],"author":[{"embeddable":true,"href":"https:\/\/www.visitliptov.sk\/pl\/wp-json\/wp\/v2\/users\/18"}],"replies":[{"embeddable":true,"href":"https:\/\/www.visitliptov.sk\/pl\/wp-json\/wp\/v2\/comments?post=220898"}],"version-history":[{"count":0,"href":"https:\/\/www.visitliptov.sk\/pl\/wp-json\/wp\/v2\/pages\/220898\/revisions"}],"up":[{"embeddable":true,"href":"https:\/\/www.visitliptov.sk\/pl\/wp-json\/wp\/v2\/pages\/92630"}],"wp:featuredmedia":[{"embeddable":true,"href":"https:\/\/www.visitliptov.sk\/pl\/wp-json\/wp\/v2\/media\/197340"}],"wp:attachment":[{"href":"https:\/\/www.visitliptov.sk\/pl\/wp-json\/wp\/v2\/media?parent=220898"}],"curies":[{"name":"wp","href":"https:\/\/api.w.org\/{rel}","templated":true}]}}