{"id":176572,"date":"2022-05-02T12:23:36","date_gmt":"2022-05-02T10:23:36","guid":{"rendered":"https:\/\/www.visitliptov.sk\/liptov-region-card\/kupic-liptov-region-card-kopia\/"},"modified":"2022-05-02T12:23:36","modified_gmt":"2022-05-02T10:23:36","slug":"kupic-liptov-region-card-kopia","status":"publish","type":"page","link":"https:\/\/www.visitliptov.sk\/pl\/liptov-region-card\/kupic-liptov-region-card-kopia\/","title":{"rendered":"Kupi\u0107 Liptov Region Card K\u00f3pia"},"content":{"rendered":"\n<h3 class=\"wp-block-heading\"><strong>Tutaj mo\u017cesz kupi\u0107 Liptov Region Card<\/strong><\/h3>\n\n\n<div class=\"iframe\"><iframe src=\"https:\/\/liptov.cardberg.com\/checkout\" style=\"width: 100%; height: 500px; border :0;\"><\/iframe><\/div>\n","protected":false},"excerpt":{"rendered":"<p>Tutaj mo\u017cesz kupi\u0107 Liptov Region Card<\/p>\n","protected":false},"author":15,"featured_media":178988,"parent":90254,"menu_order":0,"comment_status":"closed","ping_status":"closed","template":"page_no-title.php","meta":{"_acf_changed":false,"inline_featured_image":false,"episode_type":"","audio_file":"","cover_image":"","cover_image_id":"","duration":"","filesize":"","date_recorded":"","explicit":"","block":"","filesize_raw":"","_jf_limit_responses":"","footnotes":""},"class_list":["post-176572","page","type-page","status-publish","has-post-thumbnail","hentry"],"acf":{"vyhradny_obrazok":false,"second_feature_image":null,"search_top_keywords":""},"wpml_translations_detailed":{"sk":{"id":176570,"title":"Turistom vo vlastnom regi\u00f3ne","url":"https:\/\/www.visitliptov.sk\/?page_id=176570","api_url":"https:\/\/www.visitliptov.sk\/pl\/wp-json\/wp\/v2\/page\/176570","status":"draft","excerpt":"U\u017eite si svoj regi\u00f3n inak! Novinky, zauj\u00edmav\u00e9 miesta a nov\u00e9 tipy na v\u00fdlety na Liptove. Mysl\u00edte si, \u017ee pozn\u00e1te svoj ...","content":"<!-- wp:cover {\"url\":\"https:\/\/www.visitliptov.sk\/wp-content\/uploads\/2022\/05\/Liptov-region-card-_produktove-video_vyuzivanie-LRCzliav.mp4\",\"id\":176743,\"dimRatio\":20,\"backgroundType\":\"video\",\"minHeight\":500,\"align\":\"full\",\"className\":\"mt-0 mb-0\"} -->\n<div class=\"wp-block-cover alignfull has-background-dim-20 has-background-dim mt-0 mb-0\" style=\"min-height:500px\"><video class=\"wp-block-cover__video-background\" autoplay muted loop playsinline src=\"https:\/\/www.visitliptov.sk\/wp-content\/uploads\/2022\/05\/Liptov-region-card-_produktove-video_vyuzivanie-LRCzliav.mp4\"><\/video><div class=\"wp-block-cover__inner-container\"><!-- wp:paragraph {\"align\":\"center\",\"placeholder\":\"Nap\u00ed\u0161te titulok...\",\"fontSize\":\"large\"} -->\n<p class=\"has-text-align-center has-large-font-size\"><strong>Spozn\u00e1vajte svoj regi\u00f3n a u\u0161etrite s Liptov Region Card<\/strong><\/p>\n<!-- \/wp:paragraph -->\n\n<!-- wp:paragraph {\"align\":\"center\",\"style\":{\"typography\":{\"fontSize\":18}}} -->\n<p class=\"has-text-align-center\" style=\"font-size:18px\"><em>Liptov Region Card \u2013 Jednoducho a zdarma!<\/em><\/p>\n<!-- \/wp:paragraph --><\/div><\/div>\n<!-- \/wp:cover -->\n\n<!-- wp:spacer {\"height\":41} -->\n<div style=\"height:41px\" aria-hidden=\"true\" class=\"wp-block-spacer\"><\/div>\n<!-- \/wp:spacer -->\n\n<!-- wp:paragraph {\"align\":\"center\",\"style\":{\"typography\":{\"fontSize\":25}}} -->\n<p class=\"has-text-align-center\" style=\"font-size:25px\"><em>U\u017eite si svoj regi\u00f3n inak!<\/em><\/p>\n<!-- \/wp:paragraph -->\n\n<!-- wp:paragraph {\"align\":\"center\",\"fontSize\":\"medium\"} -->\n<p class=\"has-text-align-center has-medium-font-size\"><em>Novinky, zauj\u00edmav\u00e9 miesta a nov\u00e9 tipy na v\u00fdlety na Liptove.<\/em><\/p>\n<!-- \/wp:paragraph -->\n\n<!-- wp:paragraph -->\n<p><em><strong>Mysl\u00edte si, \u017ee pozn\u00e1te svoj regi\u00f3n dobre? <\/strong><\/em>Liptov pon\u00faka omnoho viac a s Liptov Region Card nielen\u017ee <strong>objav\u00edte nov\u00e9 miesta<\/strong>, ale<strong> aj u\u0161etr\u00edte<\/strong>. A\u017e v 80 prev\u00e1dzkach naprie\u010d cel\u00fdm Liptovom! Sta\u0148te sa aj vy turistom vo vlastnom regi\u00f3ne a z\u00edskajte svoju kartu \u00faplne <strong>zdarma<\/strong>.<\/p>\n<!-- \/wp:paragraph -->\n\n<!-- wp:heading {\"level\":3} -->\n<h3>Postup <strong>pri vystaven\u00ed <\/strong>online Liptov Region Card:<\/h3>\n<!-- \/wp:heading -->\n\n<!-- wp:columns -->\n<div class=\"wp-block-columns\"><!-- wp:column -->\n<div class=\"wp-block-column\"><!-- wp:image {\"align\":\"center\",\"id\":176517,\"width\":128,\"height\":128,\"sizeSlug\":\"large\",\"linkDestination\":\"none\",\"className\":\"is-style-default\"} -->\n<div class=\"wp-block-image is-style-default\"><figure class=\"aligncenter size-large is-resized\"><img src=\"https:\/\/www.visitliptov.sk\/wp-content\/uploads\/2022\/05\/kupit-ikona.png\" alt=\"\" class=\"wp-image-176517\" width=\"128\" height=\"128\"\/><\/figure><\/div>\n<!-- \/wp:image -->\n\n<!-- wp:paragraph {\"align\":\"center\"} -->\n<p class=\"has-text-align-center\"><strong>1. Objednajte <\/strong>si kartu <strong>ZADARMO<\/strong> (v objedn\u00e1vkovom procese zvo\u013ete \"som ob\u010dan\").<\/p>\n<!-- \/wp:paragraph --><\/div>\n<!-- \/wp:column -->\n\n<!-- wp:column -->\n<div class=\"wp-block-column\"><!-- wp:image {\"align\":\"center\",\"id\":176520,\"width\":128,\"height\":128,\"sizeSlug\":\"large\",\"linkDestination\":\"none\",\"className\":\"is-style-default\"} -->\n<div class=\"wp-block-image is-style-default\"><figure class=\"aligncenter size-large is-resized\"><img src=\"https:\/\/www.visitliptov.sk\/wp-content\/uploads\/2022\/05\/email-ikona.png\" alt=\"\" class=\"wp-image-176520\" width=\"128\" height=\"128\"\/><\/figure><\/div>\n<!-- \/wp:image -->\n\n<!-- wp:paragraph {\"align\":\"center\"} -->\n<p class=\"has-text-align-center\"><strong>2.<\/strong> Pozrite si svoju <strong>e-mailov\u00fa schr\u00e1nku, <\/strong>kde <strong>n\u00e1jdete <\/strong>\u010d\u00edslo va\u0161ej Liptov Region Card.<\/p>\n<!-- \/wp:paragraph --><\/div>\n<!-- \/wp:column -->\n\n<!-- wp:column -->\n<div class=\"wp-block-column\"><!-- wp:image {\"align\":\"center\",\"id\":176523,\"width\":128,\"height\":128,\"sizeSlug\":\"large\",\"linkDestination\":\"none\",\"className\":\"is-style-default\"} -->\n<div class=\"wp-block-image is-style-default\"><figure class=\"aligncenter size-large is-resized\"><img src=\"https:\/\/www.visitliptov.sk\/wp-content\/uploads\/2022\/05\/aplikacia_telefon_ikona.png\" alt=\"\" class=\"wp-image-176523\" width=\"128\" height=\"128\"\/><\/figure><\/div>\n<!-- \/wp:image -->\n\n<!-- wp:paragraph {\"align\":\"center\"} -->\n<p class=\"has-text-align-center\">3. <strong>Vlo\u017ete <\/strong>si ju do mobilnej aplik\u00e1cie <strong><a href=\"https:\/\/play.google.com\/store\/apps\/details?id=sk.bonbonapps.liptov&amp;gl=SK\" target=\"_blank\" rel=\"noreferrer noopener\">Liptov<\/a><\/strong> aplik\u00e1cie alebo do aplik\u00e1cie <a href=\"https:\/\/play.google.com\/store\/apps\/details?id=de.stocard.stocard&amp;gl=SK\" target=\"_blank\" rel=\"noreferrer noopener\"><strong>stocard<\/strong><\/a> a <strong>hne\u010f <\/strong>m\u00f4\u017eete <strong>vyu\u017e\u00edva\u0165 z\u013eavy<\/strong>!<\/p>\n<!-- \/wp:paragraph --><\/div>\n<!-- \/wp:column --><\/div>\n<!-- \/wp:columns -->\n\n<!-- wp:shortcode -->\n<script>jQuery(document).ready(function() {\n    var is_safari = navigator.userAgent.indexOf(\"Safari\") > -1;\n    var is_chrome = navigator.userAgent.indexOf('Chrome') > -1;\n    if ((is_chrome) && (is_safari)) {is_safari = false;}  \n    if (is_safari) {\njQuery('#liptov-cardberg').css('pointer-events', 'none');\n            jQuery(\"#liptov-cardberg_wrapper\").click( function(){ window.open(\"https:\/\/liptov.cardberg.com\/checkout\/?lang=sk\", '_blank'); });\n    }\n});<\/script>\n<div id=\"liptov-cardberg_wrapper\">\n<iframe src=\"https:\/\/liptov.cardberg.com\/checkout\/?lang=sk\" style=\"width: 100%; height: 500px; border :0;\" sandbox=\"allow-top-navigation allow-forms allow-scripts allow-same-origin allow-popups\" referrerpolicy=\"same-origin\" id=\"liptov-cardberg\"><\/iframe><\/div>\n<!-- \/wp:shortcode -->\n\n<!-- wp:spacer {\"height\":32} -->\n<div style=\"height:32px\" aria-hidden=\"true\" class=\"wp-block-spacer\"><\/div>\n<!-- \/wp:spacer -->\n\n<!-- wp:columns {\"verticalAlignment\":\"center\"} -->\n<div class=\"wp-block-columns are-vertically-aligned-center\"><!-- wp:column {\"verticalAlignment\":\"center\"} -->\n<div class=\"wp-block-column is-vertically-aligned-center\"><!-- wp:buttons {\"align\":\"center\"} -->\n<div class=\"wp-block-buttons aligncenter\"><!-- wp:button {\"className\":\"is-style-outline\"} -->\n<div class=\"wp-block-button is-style-outline\"><a class=\"wp-block-button__link\" href=\"https:\/\/www.visitliptov.sk\/liptov-region-card\/zlavy-s-liptov-region-card\/\" target=\"_blank\" rel=\"noreferrer noopener\">Aktu\u00e1lne z\u013eavy s Liptov Region Card<\/a><\/div>\n<!-- \/wp:button --><\/div>\n<!-- \/wp:buttons --><\/div>\n<!-- \/wp:column -->\n\n<!-- wp:column {\"verticalAlignment\":\"center\"} -->\n<div class=\"wp-block-column is-vertically-aligned-center\"><!-- wp:buttons {\"align\":\"center\"} -->\n<div class=\"wp-block-buttons aligncenter\"><!-- wp:button {\"className\":\"is-style-outline\"} -->\n<div class=\"wp-block-button is-style-outline\"><a class=\"wp-block-button__link\" href=\"https:\/\/www.visitliptov.sk\/o-liptove\/brozury\/\" target=\"_blank\" rel=\"noreferrer noopener\">Sprievodca z\u013eavami (.pdf)<\/a><\/div>\n<!-- \/wp:button --><\/div>\n<!-- \/wp:buttons --><\/div>\n<!-- \/wp:column -->\n\n<!-- wp:column {\"verticalAlignment\":\"center\"} -->\n<div class=\"wp-block-column is-vertically-aligned-center\"><!-- wp:buttons {\"align\":\"center\"} -->\n<div class=\"wp-block-buttons aligncenter\"><!-- wp:button {\"className\":\"is-style-outline\"} -->\n<div class=\"wp-block-button is-style-outline\"><a class=\"wp-block-button__link\" href=\"https:\/\/www.visitliptov.sk\/liptov-region-card\/faq\/\" target=\"_blank\" rel=\"noreferrer noopener\">\u010casto kladen\u00e9 ot\u00e1zky<\/a><\/div>\n<!-- \/wp:button --><\/div>\n<!-- \/wp:buttons --><\/div>\n<!-- \/wp:column --><\/div>\n<!-- \/wp:columns -->\n\n<!-- wp:columns -->\n<div class=\"wp-block-columns\"><!-- wp:column -->\n<div class=\"wp-block-column\"><!-- wp:separator {\"className\":\"is-style-default\"} -->\n<hr class=\"wp-block-separator is-style-default\"\/>\n<!-- \/wp:separator -->\n\n<!-- wp:acf\/ns-kontakt {\"id\":\"block_5c877f428e70a\",\"name\":\"acf\/ns-kontakt\",\"data\":{\"name\":\"Informa\u010dn\u00e9 centrum Liptovsk\u00fd Mikul\u00e1\u0161\",\"_name\":\"field_5c13828264d64\",\"description\":\"\",\"_description\":\"field_5c1382d864d65\",\"data_0_icon\":\"icon-loc\",\"_data_0_icon\":\"field_5c1383f464d6c\",\"data_0_value\":\"N\u00e1mestie mieru 1\",\"_data_0_value\":\"field_5c13843c64d6d\",\"data_0_link\":\"https:\/\/goo.gl\/maps\/VehYAtsS7A12\",\"_data_0_link\":\"field_5c877cf88fada\",\"data_1_icon\":\"icon-mobile\",\"_data_1_icon\":\"field_5c1383f464d6c\",\"data_1_value\":\"+421 948 625 669\",\"_data_1_value\":\"field_5c13843c64d6d\",\"data_1_link\":\"tel:+421948625669\",\"_data_1_link\":\"field_5c877cf88fada\",\"data_2_icon\":\"icon-email\",\"_data_2_icon\":\"field_5c1383f464d6c\",\"data_2_value\":\" info@mikulas.sk\",\"_data_2_value\":\"field_5c13843c64d6d\",\"data_2_link\":\"mailto:info@mikulas.sk\",\"_data_2_link\":\"field_5c877cf88fada\",\"data\":3,\"_data\":\"field_5c13836f64d6a\"},\"align\":\"\",\"mode\":\"edit\"} \/-->\n\n<!-- wp:separator {\"className\":\"is-style-default\"} -->\n<hr class=\"wp-block-separator is-style-default\"\/>\n<!-- \/wp:separator -->\n\n<!-- wp:acf\/ns-kontakt {\"id\":\"block_620b68c8db200\",\"name\":\"acf\/ns-kontakt\",\"data\":{\"name\":\"Informa\u010dn\u00e9 centrum Ru\u017eomberok\",\"_name\":\"field_5c13828264d64\",\"description\":\"\",\"_description\":\"field_5c1382d864d65\",\"data_0_icon\":\"icon-loc\",\"_data_0_icon\":\"field_5c1383f464d6c\",\"data_0_value\":\"Antona Bernol\u00e1ka 1\",\"_data_0_value\":\"field_5c13843c64d6d\",\"data_0_link\":\"https:\/\/goo.gl\/maps\/VehYAtsS7A12\",\"_data_0_link\":\"field_5c877cf88fada\",\"data_1_icon\":\"icon-mobile\",\"_data_1_icon\":\"field_5c1383f464d6c\",\"data_1_value\":\"+421 44 432 10 96\",\"_data_1_value\":\"field_5c13843c64d6d\",\"data_1_link\":\"tel:+421444321096\",\"_data_1_link\":\"field_5c877cf88fada\",\"data_2_icon\":\"icon-email\",\"_data_2_icon\":\"field_5c1383f464d6c\",\"data_2_value\":\" info@ruzomberok.sk\",\"_data_2_value\":\"field_5c13843c64d6d\",\"data_2_link\":\"mailto:info@ruzomberok.sk\",\"_data_2_link\":\"field_5c877cf88fada\",\"data\":3,\"_data\":\"field_5c13836f64d6a\"},\"align\":\"\",\"mode\":\"edit\"} \/--><\/div>\n<!-- \/wp:column -->\n\n<!-- wp:column -->\n<div class=\"wp-block-column\"><!-- wp:separator {\"className\":\"is-style-default\"} -->\n<hr class=\"wp-block-separator is-style-default\"\/>\n<!-- \/wp:separator -->\n\n<!-- wp:acf\/ns-kontakt {\"id\":\"block_620b6a89db202\",\"name\":\"acf\/ns-kontakt\",\"data\":{\"name\":\"Informa\u010dn\u00e9 centrum Liptovsk\u00fd J\u00e1n\",\"_name\":\"field_5c13828264d64\",\"description\":\"\",\"_description\":\"field_5c1382d864d65\",\"data_0_icon\":\"icon-loc\",\"_data_0_icon\":\"field_5c1383f464d6c\",\"data_0_value\":\" J\u00e1na \u010cajka 123\",\"_data_0_value\":\"field_5c13843c64d6d\",\"data_0_link\":\"https:\/\/goo.gl\/maps\/bb1h6z2hswG1vxz89\",\"_data_0_link\":\"field_5c877cf88fada\",\"data_1_icon\":\"icon-mobile\",\"_data_1_icon\":\"field_5c1383f464d6c\",\"data_1_value\":\"+421 903 227 221\",\"_data_1_value\":\"field_5c13843c64d6d\",\"data_1_link\":\"tel:+421903227221\",\"_data_1_link\":\"field_5c877cf88fada\",\"data_2_icon\":\"icon-email\",\"_data_2_icon\":\"field_5c1383f464d6c\",\"data_2_value\":\"ikc@liptovskyjan.sk\",\"_data_2_value\":\"field_5c13843c64d6d\",\"data_2_link\":\"mailto:ikc@liptovskyjan.sk\",\"_data_2_link\":\"field_5c877cf88fada\",\"data\":3,\"_data\":\"field_5c13836f64d6a\"},\"align\":\"\",\"mode\":\"edit\"} \/-->\n\n<!-- wp:separator {\"className\":\"is-style-default\"} -->\n<hr class=\"wp-block-separator is-style-default\"\/>\n<!-- \/wp:separator -->\n\n<!-- wp:acf\/ns-kontakt {\"id\":\"block_620b6b60db203\",\"name\":\"acf\/ns-kontakt\",\"data\":{\"name\":\"Informa\u010dn\u00e9 centrum Liptovsk\u00fd Hr\u00e1dok\",\"_name\":\"field_5c13828264d64\",\"description\":\"\",\"_description\":\"field_5c1382d864d65\",\"data_0_icon\":\"icon-loc\",\"_data_0_icon\":\"field_5c1383f464d6c\",\"data_0_value\":\"Hviezdoslavova 170\",\"_data_0_value\":\"field_5c13843c64d6d\",\"data_0_link\":\"https:\/\/goo.gl\/maps\/qtN4T2h8C5TLtEDh7\",\"_data_0_link\":\"field_5c877cf88fada\",\"data_1_icon\":\"icon-mobile\",\"_data_1_icon\":\"field_5c1383f464d6c\",\"data_1_value\":\"+421 905 791 401\",\"_data_1_value\":\"field_5c13843c64d6d\",\"data_1_link\":\"tel:+421905791401\",\"_data_1_link\":\"field_5c877cf88fada\",\"data_2_icon\":\"icon-email\",\"_data_2_icon\":\"field_5c1383f464d6c\",\"data_2_value\":\"michaela.zahradnikova@lhr.sk\",\"_data_2_value\":\"field_5c13843c64d6d\",\"data_2_link\":\"mailto:michaela.zahradnikova@lhr.sk\",\"_data_2_link\":\"field_5c877cf88fada\",\"data\":3,\"_data\":\"field_5c13836f64d6a\"},\"align\":\"\",\"mode\":\"edit\"} \/-->\n\n<!-- wp:paragraph -->\n<p><\/p>\n<!-- \/wp:paragraph --><\/div>\n<!-- \/wp:column --><\/div>\n<!-- \/wp:columns -->\n\n<!-- wp:paragraph {\"style\":{\"typography\":{\"fontSize\":12}}} -->\n<p style=\"font-size:12px\">Kampa\u0148 Turistom vo vlastnom regi\u00f3ne umo\u017e\u0148uje <strong>ob\u010danom <\/strong>okresu Liptovsk\u00fd Mikul\u00e1\u0161 alebo Ru\u017eomberok <strong>z\u00edska\u0165 z\u013eavov\u00fa kartu <\/strong>Liptov Region Card \u00faplne <strong>zdarma<\/strong>. Kartu je mo\u017en\u00e9 z\u00edska\u0165 <strong>online alebo v informa\u010dn\u00fdch centr\u00e1ch<\/strong> po preuk\u00e1zan\u00ed adresy trval\u00e9ho bydliska v okrese LM alebo RK. <strong>Kampa\u0148 trv\u00e1 od 15. 5. 2022 do 30. 6. 2022.<\/strong><\/p>\n<!-- \/wp:paragraph -->\n\n<!-- wp:cover {\"url\":\"https:\/\/www.visitliptov.sk\/wp-content\/uploads\/2022\/05\/Liptov-card_zenavpozadi.jpg\",\"id\":178989,\"dimRatio\":0,\"focalPoint\":{\"x\":\"0.13\",\"y\":\"0.63\"},\"minHeight\":400,\"align\":\"full\"} -->\n<div class=\"wp-block-cover alignfull\" style=\"background-image:url(https:\/\/www.visitliptov.sk\/wp-content\/uploads\/2022\/05\/Liptov-card_zenavpozadi.jpg);min-height:400px;background-position:13% 63%\"><div class=\"wp-block-cover__inner-container\"><!-- wp:paragraph {\"align\":\"center\",\"placeholder\":\"Nap\u00ed\u0161te titulok...\",\"fontSize\":\"large\"} -->\n<p class=\"has-text-align-center has-large-font-size\"><\/p>\n<!-- \/wp:paragraph --><\/div><\/div>\n<!-- \/wp:cover -->","featured_media":178989,"featured_media_url":"https:\/\/www.visitliptov.sk\/wp-content\/uploads\/2022\/05\/Liptov-card_zenavpozadi-600x333.jpg","images_gallery_urls":[],"fotka_1_url":null,"fotka_2_url":null,"fotka_3_url":null,"fotka_4_url":null,"fotka_5_url":null,"fotka_6_url":null,"fotka_7_url":null,"fotka_8_url":null},"en":{"id":176571,"title":"Buy Liptov Region Card K\u00f3pia","url":"https:\/\/www.visitliptov.sk\/en\/liptov-region-card\/buy-liptov-region-card-kopia\/","api_url":"https:\/\/www.visitliptov.sk\/pl\/wp-json\/wp\/v2\/page\/176571","status":"publish","excerpt":"Here you can buy Liptov Region Card","content":"<!-- wp:heading {\"level\":3} -->\n<h3><strong>Here you can buy Liptov Region Card<\/strong><\/h3>\n<!-- \/wp:heading -->\n\n<!-- wp:shortcode -->\n<iframe src=\"https:\/\/liptov.cardberg.com\/checkout\" style=\"width: 100%; height: 500px; border :0;\"><\/iframe>\n<!-- \/wp:shortcode -->","featured_media":178987,"featured_media_url":"https:\/\/www.visitliptov.sk\/wp-content\/uploads\/2022\/05\/Liptov-card_zenavpozadi-600x333.jpg","images_gallery_urls":[],"fotka_1_url":null,"fotka_2_url":null,"fotka_3_url":null,"fotka_4_url":null,"fotka_5_url":null,"fotka_6_url":null,"fotka_7_url":null,"fotka_8_url":null},"pl":{"id":176572,"title":"Kupi\u0107 Liptov Region Card K\u00f3pia","url":"https:\/\/www.visitliptov.sk\/pl\/liptov-region-card\/kupic-liptov-region-card-kopia\/","api_url":"https:\/\/www.visitliptov.sk\/pl\/wp-json\/wp\/v2\/page\/176572","status":"publish","excerpt":"Tutaj mo\u017cesz kupi\u0107 Liptov Region Card","content":"<!-- wp:heading {\"level\":3} -->\n<h3><strong>Tutaj mo\u017cesz kupi\u0107 Liptov Region Card<\/strong><\/h3>\n<!-- \/wp:heading -->\n\n<!-- wp:shortcode -->\n<iframe src=\"https:\/\/liptov.cardberg.com\/checkout\" style=\"width: 100%; height: 500px; border :0;\"><\/iframe>\n<!-- \/wp:shortcode -->","featured_media":178988,"featured_media_url":"https:\/\/www.visitliptov.sk\/wp-content\/uploads\/2022\/05\/Liptov-card_zenavpozadi-600x333.jpg","images_gallery_urls":[],"fotka_1_url":null,"fotka_2_url":null,"fotka_3_url":null,"fotka_4_url":null,"fotka_5_url":null,"fotka_6_url":null,"fotka_7_url":null,"fotka_8_url":null}},"_links":{"self":[{"href":"https:\/\/www.visitliptov.sk\/pl\/wp-json\/wp\/v2\/pages\/176572"}],"collection":[{"href":"https:\/\/www.visitliptov.sk\/pl\/wp-json\/wp\/v2\/pages"}],"about":[{"href":"https:\/\/www.visitliptov.sk\/pl\/wp-json\/wp\/v2\/types\/page"}],"author":[{"embeddable":true,"href":"https:\/\/www.visitliptov.sk\/pl\/wp-json\/wp\/v2\/users\/15"}],"replies":[{"embeddable":true,"href":"https:\/\/www.visitliptov.sk\/pl\/wp-json\/wp\/v2\/comments?post=176572"}],"version-history":[{"count":0,"href":"https:\/\/www.visitliptov.sk\/pl\/wp-json\/wp\/v2\/pages\/176572\/revisions"}],"up":[{"embeddable":true,"href":"https:\/\/www.visitliptov.sk\/pl\/wp-json\/wp\/v2\/pages\/90254"}],"wp:featuredmedia":[{"embeddable":true,"href":"https:\/\/www.visitliptov.sk\/pl\/wp-json\/wp\/v2\/media\/178988"}],"wp:attachment":[{"href":"https:\/\/www.visitliptov.sk\/pl\/wp-json\/wp\/v2\/media?parent=176572"}],"curies":[{"name":"wp","href":"https:\/\/api.w.org\/{rel}","templated":true}]}}