{"id":95080,"date":"2019-03-21T14:42:06","date_gmt":"2019-03-21T13:42:06","guid":{"rendered":"https:\/\/www.visitliptov.sk\/liptov-region-card\/moje-liptov-region-card-konto\/"},"modified":"2019-06-10T13:24:33","modified_gmt":"2019-06-10T11:24:33","slug":"my-liptov-region-card","status":"publish","type":"page","link":"https:\/\/www.visitliptov.sk\/en\/liptov-region-card\/my-liptov-region-card\/","title":{"rendered":"My Liptov Region Card account"},"content":{"rendered":"<div class=\"ns-lrc-highlight\">\r\n  <p class=\"has-medium-font-size\">\r\n    <strong>Don&#8217;t have your Liptov Region Card yet? Find out how you can get it.<\/strong>\r\n  <\/p>\r\n    <div class=\"wp-block-button is-style-outline\">\r\n    <a class=\"wp-block-button__link\" href=\"https:\/\/www.visitliptov.sk\/en\/liptov-region-card\/\">more about Liptov Region Card<\/a>\r\n  <\/div>\r\n<\/div>\r\n\n\n\n<div class=\"wp-block-button alignleft\"><a class=\"wp-block-button__link\" href=\"https:\/\/www.visitliptov.sk\/en\/liptov-region-card\/discounts-with-liptov-region-card\/\">all discounts with Liptov Region Card<\/a><\/div>\n\n\n\n<div class=\"wp-block-button is-style-outline is-style-outline--7bbf4bde9595d5340eade21bdb557d8a\"><a class=\"wp-block-button__link\" href=\"https:\/\/www.visitliptov.sk\/wp-content\/uploads\/2019\/05\/LRC_brozura_leto_DL_ENG_RUS.pdf\">discount brochure<\/a><\/div>\n\n\n\n<h4 class=\"wp-block-heading\">Enter your card number, give us a name or praise us and earn points!<\/h4>\n\n\n\n<iframe loading=\"lazy\" src=\"https:\/\/liptov.cardberg.com\/export\/social\/c4ca4238a0b923820dcc509a6f75849b\" width=\"100%\" height=\"5000\" frameborder=\"0\" scrolling=\"no\"><\/iframe>\n\n\n\n<p><\/p>\n","protected":false},"excerpt":{"rendered":"<p>Enter your card number, give us a name or praise us and earn points!<\/p>\n","protected":false},"author":5,"featured_media":0,"parent":30204,"menu_order":0,"comment_status":"closed","ping_status":"closed","template":"","meta":{"_acf_changed":false,"inline_featured_image":false,"episode_type":"","audio_file":"","cover_image":"","cover_image_id":"","duration":"","filesize":"","date_recorded":"","explicit":"","block":"","filesize_raw":"","_jf_limit_responses":"","footnotes":""},"class_list":["post-95080","page","type-page","status-publish","hentry"],"acf":{"vyhradny_obrazok":false,"second_feature_image":null,"search_top_keywords":""},"wpml_translations_detailed":{"sk":{"id":30053,"title":"Moje Liptov Region Card konto","url":"https:\/\/www.visitliptov.sk\/liptov-region-card\/moje-liptov-region-card-konto\/","api_url":"https:\/\/www.visitliptov.sk\/en\/wp-json\/wp\/v2\/page\/30053","status":"publish","excerpt":"Zadajte \u010d\u00edslo karty, dajte n\u00e1m like alebo n\u00e1s pochv\u00e1\u013ete a z\u00edskajte body!","content":"<!-- wp:acf\/lrc-highlight {\n    \"id\": \"block_5c9393fc01d12\",\n    \"name\": \"acf\\\/lrc-highlight\",\n    \"data\": {\n        \"title\": \"E\u0161te st\u00e1le nem\u00e1te svoju Liptov Region Card? Zistite, ako ju m\u00f4\u017eete z\u00edska\u0165.\",\n        \"_title\": \"field_5c80bf80efe67\",\n        \"desc\": \"\",\n        \"_desc\": \"field_5c80bf8defe68\",\n        \"button_label\": \"viac inform\u00e1ci\u00ed o Liptov Region Card\",\n        \"_button_label\": \"field_5c80bf98efe69\",\n        \"url\": \"http:\\\/\\\/visitliptov.sk\\\/liptov-region-card\\\/\",\n        \"_url\": \"field_5c80bfa3efe6a\"\n    },\n    \"align\": \"\",\n    \"mode\": \"edit\"\n} \/-->\n\n<!-- wp:button {\"align\":\"left\"} -->\n<div class=\"wp-block-button alignleft\"><a class=\"wp-block-button__link\" href=\"https:\/\/www.visitliptov.sk\/liptov-region-card\/zlavy-s-liptov-region-card\/\">v\u0161etky z\u013eavy s Liptov Region Card<\/a><\/div>\n<!-- \/wp:button -->\n\n<!-- wp:button {\"className\":\"is-style-outline\"} -->\n<div class=\"wp-block-button is-style-outline\"><a class=\"wp-block-button__link\" href=\"https:\/\/www.visitliptov.sk\/wp-content\/uploads\/2019\/05\/LRC_brozura_leto_DL_SVK_PLN.pdf\">bro\u017e\u00fara zliav<\/a><\/div>\n<!-- \/wp:button -->\n\n<!-- wp:heading {\"level\":4} -->\n<h4>Zadajte \u010d\u00edslo karty, dajte n\u00e1m like alebo n\u00e1s pochv\u00e1\u013ete a z\u00edskajte body!<\/h4>\n<!-- \/wp:heading -->\n\n<!-- wp:html -->\n<iframe src=\"https:\/\/liptov.cardberg.com\/export\/social\/c4ca4238a0b923820dcc509a6f75849b\" width=\"100%\" height=\"5000\" frameborder=\"0\" scrolling=\"no\"><\/iframe>\n<!-- \/wp:html -->\n\n<!-- wp:paragraph -->\n<p><\/p>\n<!-- \/wp:paragraph -->","featured_media":0,"featured_media_url":null,"images_gallery_urls":[],"fotka_1_url":null,"fotka_2_url":null,"fotka_3_url":null,"fotka_4_url":null,"fotka_5_url":null,"fotka_6_url":null,"fotka_7_url":null,"fotka_8_url":null},"en":{"id":95080,"title":"My Liptov Region Card account","url":"https:\/\/www.visitliptov.sk\/en\/liptov-region-card\/my-liptov-region-card\/","api_url":"https:\/\/www.visitliptov.sk\/en\/wp-json\/wp\/v2\/page\/95080","status":"publish","excerpt":"Enter your card number, give us a name or praise us and earn points!","content":"<!-- wp:acf\/lrc-highlight {\n    \"id\": \"block_5c9393fc01d12\",\n    \"name\": \"acf\\\/lrc-highlight\",\n    \"data\": {\n        \"title\": \"Don't have your Liptov Region Card yet? Find out how you can get it.\",\n        \"_title\": \"field_5c80bf80efe67\",\n        \"desc\": \"\",\n        \"_desc\": \"field_5c80bf8defe68\",\n        \"button_label\": \"more about Liptov Region Card\",\n        \"_button_label\": \"field_5c80bf98efe69\",\n        \"url\": \"https:\\\/\\\/www.visitliptov.sk\\\/en\\\/liptov-region-card\\\/\",\n        \"_url\": \"field_5c80bfa3efe6a\"\n    },\n    \"align\": \"\",\n    \"mode\": \"edit\"\n} \/-->\n\n<!-- wp:button {\"align\":\"left\"} -->\n<div class=\"wp-block-button alignleft\"><a class=\"wp-block-button__link\" href=\"https:\/\/www.visitliptov.sk\/en\/liptov-region-card\/discounts-with-liptov-region-card\/\">all discounts with Liptov Region Card<\/a><\/div>\n<!-- \/wp:button -->\n\n<!-- wp:button {\"className\":\"is-style-outline\"} -->\n<div class=\"wp-block-button is-style-outline\"><a class=\"wp-block-button__link\" href=\"https:\/\/www.visitliptov.sk\/wp-content\/uploads\/2019\/05\/LRC_brozura_leto_DL_ENG_RUS.pdf\">discount brochure<\/a><\/div>\n<!-- \/wp:button -->\n\n<!-- wp:heading {\"level\":4} -->\n<h4>Enter your card number, give us a name or praise us and earn points!<\/h4>\n<!-- \/wp:heading -->\n\n<!-- wp:html -->\n<iframe src=\"https:\/\/liptov.cardberg.com\/export\/social\/c4ca4238a0b923820dcc509a6f75849b\" width=\"100%\" height=\"5000\" frameborder=\"0\" scrolling=\"no\"><\/iframe>\n<!-- \/wp:html -->\n\n<!-- wp:paragraph -->\n<p><\/p>\n<!-- \/wp:paragraph -->","featured_media":0,"featured_media_url":null,"images_gallery_urls":[],"fotka_1_url":null,"fotka_2_url":null,"fotka_3_url":null,"fotka_4_url":null,"fotka_5_url":null,"fotka_6_url":null,"fotka_7_url":null,"fotka_8_url":null},"pl":{"id":95081,"title":"Moje konto na karcie Liptov Region Card","url":"https:\/\/www.visitliptov.sk\/pl\/liptov-region-card\/moje-liptov-region-card-konto\/","api_url":"https:\/\/www.visitliptov.sk\/en\/wp-json\/wp\/v2\/page\/95081","status":"publish","excerpt":"Wpisz numer karty, polub nas lub pochwal i zbieraj punkty!","content":"<!-- wp:acf\/lrc-highlight {\n    \"id\": \"block_5c9393fc01d12\",\n    \"name\": \"acf\\\/lrc-highlight\",\n    \"data\": {\n        \"title\": \"Nadal nie masz karty regionu Liptowa? Dowiedz si\u0119, jak je zdoby\u0107.\",\n        \"_title\": \"field_5c80bf80efe67\",\n        \"desc\": \"\",\n        \"_desc\": \"field_5c80bf8defe68\",\n        \"button_label\": \"wi\u0119cej informacji o Liptov Region Card\",\n        \"_button_label\": \"field_5c80bf98efe69\",\n        \"url\": \"http:\\\/\\\/visitliptov.sk\\\/liptov-region-card\\\/\",\n        \"_url\": \"field_5c80bfa3efe6a\"\n    },\n    \"align\": \"\",\n    \"mode\": \"edit\"\n} \/-->\n\n<!-- wp:button {\"align\":\"left\"} -->\n<div class=\"wp-block-button alignleft\"><a class=\"wp-block-button__link\" href=\"https:\/\/www.visitliptov.sk\/liptov-region-card\/zlavy-s-liptov-region-card\/\">Wszystkie rabaty z Liptov Region Card<\/a><\/div>\n<!-- \/wp:button -->\n\n<!-- wp:button {\"className\":\"is-style-outline\"} -->\n<div class=\"wp-block-button is-style-outline\"><a class=\"wp-block-button__link\" href=\"https:\/\/www.visitliptov.sk\/wp-content\/uploads\/2019\/05\/LRC_brozura_leto_DL_SVK_PLN.pdf\">broszura rabatowa<\/a><\/div>\n<!-- \/wp:button -->\n\n<!-- wp:heading {\"level\":4} -->\n<h4>Wpisz numer karty, polub nas lub pochwal i zbieraj punkty!<\/h4>\n<!-- \/wp:heading -->\n\n<!-- wp:html -->\n<iframe src=\"https:\/\/liptov.cardberg.com\/export\/social\/c4ca4238a0b923820dcc509a6f75849b\" width=\"100%\" height=\"5000\" frameborder=\"0\" scrolling=\"no\"><\/iframe>\n<!-- \/wp:html -->\n\n<!-- wp:paragraph -->\n<p><\/p>\n<!-- \/wp:paragraph -->","featured_media":0,"featured_media_url":null,"images_gallery_urls":[],"fotka_1_url":null,"fotka_2_url":null,"fotka_3_url":null,"fotka_4_url":null,"fotka_5_url":null,"fotka_6_url":null,"fotka_7_url":null,"fotka_8_url":null},"ru":{"id":95082,"title":"Moje Liptov Region Card konto","url":"https:\/\/www.visitliptov.sk\/ru\/liptov-region-card\/moje-liptov-region-card-konto\/","api_url":"https:\/\/www.visitliptov.sk\/en\/wp-json\/wp\/v2\/page\/95082","status":"publish","excerpt":"Zadajte \u010d\u00edslo karty, dajte n\u00e1m like alebo n\u00e1s pochv\u00e1\u013ete a z\u00edskajte body!","content":"<!-- wp:acf\/lrc-highlight {\n    \"id\": \"block_5c9393fc01d12\",\n    \"name\": \"acf\\\/lrc-highlight\",\n    \"data\": {\n        \"title\": \"E\u0161te st\u00e1le nem\u00e1te svoju Liptov Region Card? Zistite, ako ju m\u00f4\u017eete z\u00edska\u0165.\",\n        \"_title\": \"field_5c80bf80efe67\",\n        \"desc\": \"\",\n        \"_desc\": \"field_5c80bf8defe68\",\n        \"button_label\": \"viac inform\u00e1ci\u00ed o Liptov Region Card\",\n        \"_button_label\": \"field_5c80bf98efe69\",\n        \"url\": \"http:\\\/\\\/visitliptov.sk\\\/liptov-region-card\\\/\",\n        \"_url\": \"field_5c80bfa3efe6a\"\n    },\n    \"align\": \"\",\n    \"mode\": \"edit\"\n} \/-->\n\n<!-- wp:button {\"align\":\"left\"} -->\n<div class=\"wp-block-button alignleft\"><a class=\"wp-block-button__link\" href=\"https:\/\/www.visitliptov.sk\/liptov-region-card\/zlavy-s-liptov-region-card\/\">v\u0161etky z\u013eavy s Liptov Region Card<\/a><\/div>\n<!-- \/wp:button -->\n\n<!-- wp:button {\"className\":\"is-style-outline\"} -->\n<div class=\"wp-block-button is-style-outline\"><a class=\"wp-block-button__link\" href=\"https:\/\/www.visitliptov.sk\/wp-content\/uploads\/2019\/05\/LRC_brozura_leto_DL_SVK_PLN.pdf\">bro\u017e\u00fara zliav<\/a><\/div>\n<!-- \/wp:button -->\n\n<!-- wp:heading {\"level\":4} -->\n<h4>Zadajte \u010d\u00edslo karty, dajte n\u00e1m like alebo n\u00e1s pochv\u00e1\u013ete a z\u00edskajte body!<\/h4>\n<!-- \/wp:heading -->\n\n<!-- wp:html -->\n<iframe src=\"https:\/\/liptov.cardberg.com\/export\/social\/c4ca4238a0b923820dcc509a6f75849b\" width=\"100%\" height=\"5000\" frameborder=\"0\" scrolling=\"no\"><\/iframe>\n<!-- \/wp:html -->\n\n<!-- wp:paragraph -->\n<p><\/p>\n<!-- \/wp:paragraph -->","featured_media":0,"featured_media_url":null,"images_gallery_urls":[],"fotka_1_url":null,"fotka_2_url":null,"fotka_3_url":null,"fotka_4_url":null,"fotka_5_url":null,"fotka_6_url":null,"fotka_7_url":null,"fotka_8_url":null}},"_links":{"self":[{"href":"https:\/\/www.visitliptov.sk\/en\/wp-json\/wp\/v2\/pages\/95080"}],"collection":[{"href":"https:\/\/www.visitliptov.sk\/en\/wp-json\/wp\/v2\/pages"}],"about":[{"href":"https:\/\/www.visitliptov.sk\/en\/wp-json\/wp\/v2\/types\/page"}],"author":[{"embeddable":true,"href":"https:\/\/www.visitliptov.sk\/en\/wp-json\/wp\/v2\/users\/5"}],"replies":[{"embeddable":true,"href":"https:\/\/www.visitliptov.sk\/en\/wp-json\/wp\/v2\/comments?post=95080"}],"version-history":[{"count":0,"href":"https:\/\/www.visitliptov.sk\/en\/wp-json\/wp\/v2\/pages\/95080\/revisions"}],"up":[{"embeddable":true,"href":"https:\/\/www.visitliptov.sk\/en\/wp-json\/wp\/v2\/pages\/30204"}],"wp:attachment":[{"href":"https:\/\/www.visitliptov.sk\/en\/wp-json\/wp\/v2\/media?parent=95080"}],"curies":[{"name":"wp","href":"https:\/\/api.w.org\/{rel}","templated":true}]}}