{"id":92315,"date":"2019-03-27T20:29:00","date_gmt":"2019-03-27T19:29:00","guid":{"rendered":"https:\/\/www.visitliptov.sk\/prakticke-informacie\/"},"modified":"2019-05-27T13:46:58","modified_gmt":"2019-05-27T11:46:58","slug":"practical-information","status":"publish","type":"page","link":"https:\/\/www.visitliptov.sk\/en\/holiday-planning\/practical-information\/","title":{"rendered":"Practical information"},"content":{"rendered":"    <div class=\"ns-events\">\r\n        <div class=\"ns-events-filter-toggle\">\r\n            <span class=\"events-filter-title\">Search<\/span>\r\n            <div class=\"btn ns-events-filter-btn\">\r\n\t\t\t\tFilter            <\/div>\r\n        <\/div>\r\n        <div class=\"events-filter sidebar\">\r\n            <div class=\"close-btn\"><\/div>\r\n            <span class=\"events-filter-title\">Search<\/span>\r\n\r\n            <span class=\"events-filter-label\">Categories<\/span>\r\n\t        <div class=\"facetwp-facet facetwp-facet-services-cat facetwp-type-checkboxes\" data-name=\"services-cat\" data-type=\"checkboxes\"><\/div>\r\n            <span class=\"events-filter-label\">Locality<\/span>\r\n\t\t\t<div class=\"facetwp-facet facetwp-facet-locality facetwp-type-checkboxes\" data-name=\"locality\" data-type=\"checkboxes\"><\/div>\r\n            <span class=\"events-filter-label\">Other criteria<\/span>\r\n\t        <div class=\"facetwp-facet facetwp-facet-lrc facetwp-type-checkboxes\" data-name=\"lrc\" data-type=\"checkboxes\"><\/div>\t        <div class=\"facetwp-facet facetwp-facet-attraction-other facetwp-type-checkboxes\" data-name=\"attraction-other\" data-type=\"checkboxes\"><\/div>        <\/div>\r\n\r\n        <div class=\"blog-content\">\r\n\t\t\t<div class=\"facetwp-template\" data-name=\"services\"><a class=\"list-item test\" href=\"https:\/\/www.visitliptov.sk\/en\/interests\/bartekski-rental-and-servicing-of-skis\/\">\r\n\t    <div class=\"thumb\"\r\n         style=\"background-image:url('https:\/\/www.visitliptov.sk\/wp-content\/uploads\/2016\/01\/bartek-zima-lucky-pozicovnasmall_-600x338.jpg')\">\r\n\t\t        <span style='display:none' class=\"favorite-btn  js_favorite-inline-ajax\"\r\n              data-id=\"36517\"\r\n\t\t>&hearts;<\/span>\r\n\t\r\n        \t                <span class=\"label_discount\">\r\n                                            <span class=\"card-liptov\"><\/span>\r\n                    \t\t\t    <span class=\"discount-text\">10% discount <\/span>                <\/span>\r\n\t    \r\n\t    \r\n\r\n\t\t\t\t    <\/div>\r\n\r\n    <div class=\"item-meta\">\r\n        <div class=\"item-title\">\r\n\t\t\tBARTEK SKI Jasn\u00e1 &#8211; Ski rent &amp; service        <\/div>\r\n\r\n\t\t<div class=\"item-loc icon-marker\">Liptovsk\u00fd Mikul\u00e1\u0161<\/div>    <\/div>\r\n<\/a>\r\n<a class=\"list-item test\" href=\"https:\/\/www.visitliptov.sk\/en\/interests\/discover-liptovsky-mikulas-through-the-historical-center-with-a-guide\/\">\r\n\t    <div class=\"thumb\"\r\n         style=\"background-image:url('https:\/\/www.visitliptov.sk\/wp-content\/uploads\/2026\/04\/So_sprievodcom_LRC_horny_baner-600x400.jpg')\">\r\n\t\t        <span style='display:none' class=\"favorite-btn  js_favorite-inline-ajax\"\r\n              data-id=\"703633\"\r\n\t\t>&hearts;<\/span>\r\n\t\r\n        \t                <span class=\"label_discount\">\r\n                                            <span class=\"card-liptov\"><\/span>\r\n                    \t\t\t    <span class=\"discount-text\">20% discount <\/span>                <\/span>\r\n\t    \r\n\t    \r\n\r\n\t\t\t\t    <\/div>\r\n\r\n    <div class=\"item-meta\">\r\n        <div class=\"item-title\">\r\n\t\t\tDiscover Liptovsk\u00fd Mikul\u00e1\u0161 \u2013 through the historical center with a guide        <\/div>\r\n\r\n\t\t<div class=\"item-loc icon-marker\">Liptovsk\u00fd Mikul\u00e1\u0161<\/div>    <\/div>\r\n<\/a>\r\n<a class=\"list-item test\" href=\"https:\/\/www.visitliptov.sk\/en\/interests\/gothal-liptovska-osada-2\/\">\r\n\t    <div class=\"thumb\"\r\n         style=\"background-image:url('https:\/\/www.visitliptov.sk\/wp-content\/uploads\/2021\/05\/Gothal-fitko_foto-400x600.jpg')\">\r\n\t\t        <span style='display:none' class=\"favorite-btn  js_favorite-inline-ajax\"\r\n              data-id=\"143605\"\r\n\t\t>&hearts;<\/span>\r\n\t\r\n        \t                <span class=\"label_discount\">\r\n                                            <span class=\"card-liptov\"><\/span>\r\n                    \t\t\t    <span class=\"discount-text\">10% discount<\/span>                <\/span>\r\n\t    \r\n\t    \r\n\r\n\t\t\t\t    <\/div>\r\n\r\n    <div class=\"item-meta\">\r\n        <div class=\"item-title\">\r\n\t\t\tGOTHAL multifunctional complex        <\/div>\r\n\r\n\t\t<div class=\"item-loc icon-marker\">Liptovsk\u00e1 Osada<\/div>    <\/div>\r\n<\/a>\r\n<a class=\"list-item test\" href=\"https:\/\/www.visitliptov.sk\/en\/interests\/intersport-rent-ruzomberok\/\">\r\n\t    <div class=\"thumb\"\r\n         style=\"background-image:url('https:\/\/www.visitliptov.sk\/wp-content\/uploads\/2018\/09\/IMG_5933-600x450.jpeg')\">\r\n\t\t        <span style='display:none' class=\"favorite-btn  js_favorite-inline-ajax\"\r\n              data-id=\"39885\"\r\n\t\t>&hearts;<\/span>\r\n\t\r\n        \t                <span class=\"label_discount\">\r\n                                            <span class=\"card-liptov\"><\/span>\r\n                    \t\t\t    <span class=\"discount-text\">10%, 20% discount<\/span>                <\/span>\r\n\t    \r\n\t    \r\n\r\n\t\t\t\t    <\/div>\r\n\r\n    <div class=\"item-meta\">\r\n        <div class=\"item-title\">\r\n\t\t\tINTERSPORT Ru\u017eomberok        <\/div>\r\n\r\n\t\t<div class=\"item-loc icon-marker\">Ru\u017eomberok<\/div>    <\/div>\r\n<\/a>\r\n<a class=\"list-item test\" href=\"https:\/\/www.visitliptov.sk\/en\/interests\/intersport-liptovsky-mikulas\/\">\r\n\t    <div class=\"thumb\"\r\n         style=\"background-image:url('https:\/\/www.visitliptov.sk\/wp-content\/uploads\/2022\/07\/ISLM_EXTERIER-600x400.jpeg')\">\r\n\t\t        <span style='display:none' class=\"favorite-btn  js_favorite-inline-ajax\"\r\n              data-id=\"39868\"\r\n\t\t>&hearts;<\/span>\r\n\t\r\n        \t                <span class=\"label_discount\">\r\n                                            <span class=\"card-liptov\"><\/span>\r\n                    \t\t\t    <span class=\"discount-text\">10% and 20% discounts<\/span>                <\/span>\r\n\t    \r\n\t    \r\n\r\n\t\t\t\t    <\/div>\r\n\r\n    <div class=\"item-meta\">\r\n        <div class=\"item-title\">\r\n\t\t\tINTERSPORT sport shop        <\/div>\r\n\r\n\t\t<div class=\"item-loc icon-marker\">Liptovsk\u00fd Mikul\u00e1\u0161<\/div>    <\/div>\r\n<\/a>\r\n<a class=\"list-item test\" href=\"https:\/\/www.visitliptov.sk\/en\/interests\/lilly-sport-ski-servise-and-rent\/\">\r\n\t    <div class=\"thumb\"\r\n         style=\"background-image:url('https:\/\/www.visitliptov.sk\/wp-content\/uploads\/2019\/03\/str.-11_Lilly-sport-600x450.jpg')\">\r\n\t\t        <span style='display:none' class=\"favorite-btn  js_favorite-inline-ajax\"\r\n              data-id=\"36586\"\r\n\t\t>&hearts;<\/span>\r\n\t\r\n        \t                <span class=\"label_discount\">\r\n                                            <span class=\"card-liptov\"><\/span>\r\n                    \t\t\t    <span class=\"discount-text\">10% and 20% discounts<\/span>                <\/span>\r\n\t    \r\n\t    \r\n\r\n\t\t\t\t    <\/div>\r\n\r\n    <div class=\"item-meta\">\r\n        <div class=\"item-title\">\r\n\t\t\tLilly sport Malin\u00f4 Brdo &#8211; ski rental and service        <\/div>\r\n\r\n\t\t<div class=\"item-loc icon-marker\">Ru\u017eomberok<\/div>    <\/div>\r\n<\/a>\r\n<a class=\"list-item test\" href=\"https:\/\/www.visitliptov.sk\/en\/interests\/malino-brdo-ski-bike-ruzomberok\/\">\r\n\t    <div class=\"thumb\"\r\n         style=\"background-image:url('https:\/\/www.visitliptov.sk\/wp-content\/uploads\/2024\/04\/malino-brdo-zima-lyzovanie-600x437.jpg')\">\r\n\t\t        <span style='display:none' class=\"favorite-btn  js_favorite-inline-ajax\"\r\n              data-id=\"36002\"\r\n\t\t>&hearts;<\/span>\r\n\t\r\n        \t                <span class=\"label_discount\">\r\n                                            <span class=\"card-liptov\"><\/span>\r\n                    \t\t\t    <span class=\"discount-text\">10% discount<\/span>                <\/span>\r\n\t    \r\n\t    \r\n\r\n\t\t\t\t    <\/div>\r\n\r\n    <div class=\"item-meta\">\r\n        <div class=\"item-title\">\r\n\t\t\tMalin\u00f4 Brdo ski &#038; bike family park        <\/div>\r\n\r\n\t\t<div class=\"item-loc icon-marker\">Ru\u017eomberok<\/div>    <\/div>\r\n<\/a>\r\n<a class=\"list-item test\" href=\"https:\/\/www.visitliptov.sk\/en\/interests\/3d-multikino-golden-apple-cinema\/\">\r\n\t    <div class=\"thumb\"\r\n         style=\"background-image:url('https:\/\/www.visitliptov.sk\/wp-content\/uploads\/2018\/11\/golden-apple-cinema-liptovsky-mikulas-1_zmens-600x338.jpg')\">\r\n\t\t        <span style='display:none' class=\"favorite-btn  js_favorite-inline-ajax\"\r\n              data-id=\"38428\"\r\n\t\t>&hearts;<\/span>\r\n\t\r\n        \t                <span class=\"label_discount\">\r\n                                            <span class=\"card-liptov\"><\/span>\r\n                    \t\t\t    <span class=\"discount-text\">1,30\u20ac discount<\/span>                <\/span>\r\n\t    \r\n\t    \r\n\r\n\t\t\t\t    <\/div>\r\n\r\n    <div class=\"item-meta\">\r\n        <div class=\"item-title\">\r\n\t\t\tMultikino Golden Apple Cinema        <\/div>\r\n\r\n\t\t<div class=\"item-loc icon-marker\">Liptovsk\u00fd Mikul\u00e1\u0161<\/div>    <\/div>\r\n<\/a>\r\n<a class=\"list-item test\" href=\"https:\/\/www.visitliptov.sk\/en\/interests\/aqua-motion-obchody-a-pozicovne\/\">\r\n\t    <div class=\"thumb\"\r\n         style=\"background-image:url('https:\/\/www.visitliptov.sk\/wp-content\/uploads\/2019\/03\/IMG_4018-600x438.jpg')\">\r\n\t\t        <span style='display:none' class=\"favorite-btn  js_favorite-inline-ajax\"\r\n              data-id=\"129475\"\r\n\t\t>&hearts;<\/span>\r\n\t\r\n        \t                <span class=\"label_discount\">\r\n                                            <span class=\"card-liptov\"><\/span>\r\n                    \t\t\t    <span class=\"discount-text\">15% discount<\/span>                <\/span>\r\n\t    \r\n\t    \r\n\r\n\t\t\t\t    <\/div>\r\n\r\n    <div class=\"item-meta\">\r\n        <div class=\"item-title\">\r\n\t\t\tShop AQUA MOTION        <\/div>\r\n\r\n\t\t<div class=\"item-loc icon-marker\">Liptovsk\u00fd Mikul\u00e1\u0161<\/div>    <\/div>\r\n<\/a>\r\n<a class=\"list-item test\" href=\"https:\/\/www.visitliptov.sk\/en\/interests\/ski-ninaj-rent-service-shop\/\">\r\n\t    <div class=\"thumb\"\r\n         style=\"background-image:url('https:\/\/www.visitliptov.sk\/wp-content\/uploads\/2020\/01\/ski-ninaj-600x577.jpg')\">\r\n\t\t        <span style='display:none' class=\"favorite-btn  js_favorite-inline-ajax\"\r\n              data-id=\"39854\"\r\n\t\t>&hearts;<\/span>\r\n\t\r\n        \t                <span class=\"label_discount\">\r\n                                            <span class=\"card-liptov\"><\/span>\r\n                    \t\t\t    <span class=\"discount-text\">10% discount<\/span>                <\/span>\r\n\t    \r\n\t    \r\n\r\n\t\t\t\t    <\/div>\r\n\r\n    <div class=\"item-meta\">\r\n        <div class=\"item-title\">\r\n\t\t\tSKI Ni\u0148aj &#8211; rent, service, shop        <\/div>\r\n\r\n\t\t<div class=\"item-loc icon-marker\">Liptovsk\u00fd Mikul\u00e1\u0161<\/div>    <\/div>\r\n<\/a>\r\n<a class=\"list-item test\" href=\"https:\/\/www.visitliptov.sk\/en\/interests\/st-nicolaus-distillery-shop-liptovsky-mikulas\/\">\r\n\t    <div class=\"thumb\"\r\n         style=\"background-image:url('https:\/\/www.visitliptov.sk\/wp-content\/uploads\/2024\/10\/vlavo_ST.-Nicolaus_Titulka-LRC-600x415.jpg')\">\r\n\t\t        <span style='display:none' class=\"favorite-btn  js_favorite-inline-ajax\"\r\n              data-id=\"627058\"\r\n\t\t>&hearts;<\/span>\r\n\t\r\n        \t                <span class=\"label_discount\">\r\n                                            <span class=\"card-liptov\"><\/span>\r\n                    \t\t\t    <span class=\"discount-text\">10% and 20% discounts<\/span>                <\/span>\r\n\t    \r\n\t    \r\n\r\n\t\t\t\t    <\/div>\r\n\r\n    <div class=\"item-meta\">\r\n        <div class=\"item-title\">\r\n\t\t\tST. NICOLAUS DISTILLERY SHOP        <\/div>\r\n\r\n\t\t<div class=\"item-loc icon-marker\"> Liptovsk\u00fd Mikul\u00e1\u0161<\/div>    <\/div>\r\n<\/a>\r\n<a class=\"list-item test\" href=\"https:\/\/www.visitliptov.sk\/en\/interests\/ad-moda-exclusive-leather-and-fur\/\">\r\n\t    <div class=\"thumb\"\r\n         style=\"background-image:url('https:\/\/www.visitliptov.sk\/wp-content\/uploads\/2019\/03\/ad01.jpg')\">\r\n\t\t        <span style='display:none' class=\"favorite-btn  js_favorite-inline-ajax\"\r\n              data-id=\"39950\"\r\n\t\t>&hearts;<\/span>\r\n\t\r\n        \t    \r\n\t            \r\n\r\n\t\t\t\t    <\/div>\r\n\r\n    <div class=\"item-meta\">\r\n        <div class=\"item-title\">\r\n\t\t\tAD Moda \u2013 exclusive leather and fur        <\/div>\r\n\r\n\t\t<div class=\"item-loc icon-marker\">Liptovsk\u00fd Mikul\u00e1\u0161<\/div>    <\/div>\r\n<\/a>\r\n<a class=\"list-item test\" href=\"https:\/\/www.visitliptov.sk\/en\/interests\/algy-sport-rental-ruzomberok\/\">\r\n\t    <div class=\"thumb\"\r\n         style=\"background-image:url('https:\/\/www.visitliptov.sk\/wp-content\/uploads\/2023\/02\/pozicovna-Algy-sport-Ruzomberok-8-600x392.jpg')\">\r\n\t\t        <span style='display:none' class=\"favorite-btn  js_favorite-inline-ajax\"\r\n              data-id=\"220469\"\r\n\t\t>&hearts;<\/span>\r\n\t\r\n        \t    \r\n\t            \r\n\r\n\t\t\t\t    <\/div>\r\n\r\n    <div class=\"item-meta\">\r\n        <div class=\"item-title\">\r\n\t\t\tALGY SPORT        <\/div>\r\n\r\n\t\t<div class=\"item-loc icon-marker\">Liptovsk\u00e1 \u0160tiavnica<\/div>    <\/div>\r\n<\/a>\r\n<a class=\"list-item test\" href=\"https:\/\/www.visitliptov.sk\/en\/interests\/alpine-pro-obchody-predajna\/\">\r\n\t    <div class=\"thumb\"\r\n         style=\"background-image:url('https:\/\/www.visitliptov.sk\/wp-content\/uploads\/2024\/10\/alpine-pro-pozicovna-predajna-obchod-600x400.jpg')\">\r\n\t\t        <span style='display:none' class=\"favorite-btn  js_favorite-inline-ajax\"\r\n              data-id=\"626678\"\r\n\t\t>&hearts;<\/span>\r\n\t\r\n        \t    \r\n\t            \r\n\r\n\t\t\t\t    <\/div>\r\n\r\n    <div class=\"item-meta\">\r\n        <div class=\"item-title\">\r\n\t\t\tALPINE PRO        <\/div>\r\n\r\n\t\t<div class=\"item-loc icon-marker\">Liptovsk\u00fd Mikul\u00e1\u0161<\/div>    <\/div>\r\n<\/a>\r\n<a class=\"list-item test\" href=\"https:\/\/www.visitliptov.sk\/en\/interests\/besenova-water-park-ebike-charging-station\/\">\r\n\t    <div class=\"thumb\"\r\n         style=\"background-image:url('https:\/\/www.visitliptov.sk\/wp-content\/uploads\/2021\/07\/Besenova-vodny-park-ePOWERpoint-stanica-ebike-2024-1-600x338.jpg')\">\r\n\t\t        <span style='display:none' class=\"favorite-btn  js_favorite-inline-ajax\"\r\n              data-id=\"153780\"\r\n\t\t>&hearts;<\/span>\r\n\t\r\n        \t    \r\n\t            \r\n\r\n\t\t\t\t    <\/div>\r\n\r\n    <div class=\"item-meta\">\r\n        <div class=\"item-title\">\r\n\t\t\tBe\u0161e\u0148ov\u00e1, Water park &#8211; ebike charging station        <\/div>\r\n\r\n\t\t<div class=\"item-loc icon-marker\">Be\u0161e\u0148ov\u00e1<\/div>    <\/div>\r\n<\/a>\r\n<\/div>\t\t\t<div class=\"facetwp-pager\"><\/div>        <\/div>\r\n\r\n    <\/div>\r\n\t\n\n\n\n<p><\/p>\n","protected":false},"excerpt":{"rendered":"","protected":false},"author":1,"featured_media":624314,"parent":92495,"menu_order":0,"comment_status":"closed","ping_status":"closed","template":"","meta":{"_acf_changed":false,"inline_featured_image":false,"episode_type":"","audio_file":"","cover_image":"","cover_image_id":"","duration":"","filesize":"","date_recorded":"","explicit":"","block":"","filesize_raw":"","_jf_limit_responses":"","footnotes":""},"class_list":["post-92315","page","type-page","status-publish","has-post-thumbnail","hentry"],"acf":{"vyhradny_obrazok":false,"second_feature_image":null,"search_top_keywords":""},"wpml_translations_detailed":{"sk":{"id":31218,"title":"Praktick\u00e9 inform\u00e1cie","url":"https:\/\/www.visitliptov.sk\/planovanie-dovolenky\/prakticke-informacie\/","api_url":"https:\/\/www.visitliptov.sk\/en\/wp-json\/wp\/v2\/page\/31218","status":"publish","excerpt":"","content":"<!-- wp:spacer {\"height\":\"34px\"} -->\n<div style=\"height:34px\" aria-hidden=\"true\" id=\"zoznam\" class=\"wp-block-spacer\"><\/div>\n<!-- \/wp:spacer -->\n\n<!-- wp:shortcode -->\n[services]\n<!-- \/wp:shortcode -->\n\n<!-- wp:paragraph -->\n<p><\/p>\n<!-- \/wp:paragraph -->","featured_media":624312,"featured_media_url":"https:\/\/www.visitliptov.sk\/wp-content\/uploads\/2024\/10\/informacne-centrum-Liptovsky-mikulas-600x339.jpg","images_gallery_urls":[],"fotka_1_url":null,"fotka_2_url":null,"fotka_3_url":null,"fotka_4_url":null,"fotka_5_url":null,"fotka_6_url":null,"fotka_7_url":null,"fotka_8_url":null},"en":{"id":92315,"title":"Practical information","url":"https:\/\/www.visitliptov.sk\/en\/holiday-planning\/practical-information\/","api_url":"https:\/\/www.visitliptov.sk\/en\/wp-json\/wp\/v2\/page\/92315","status":"publish","excerpt":"","content":"<!-- wp:shortcode -->\n[services]\n<!-- \/wp:shortcode -->\n\n<!-- wp:paragraph -->\n<p><\/p>\n<!-- \/wp:paragraph -->","featured_media":624314,"featured_media_url":"https:\/\/www.visitliptov.sk\/wp-content\/uploads\/2024\/10\/informacne-centrum-Liptovsky-mikulas-600x339.jpg","images_gallery_urls":[],"fotka_1_url":null,"fotka_2_url":null,"fotka_3_url":null,"fotka_4_url":null,"fotka_5_url":null,"fotka_6_url":null,"fotka_7_url":null,"fotka_8_url":null},"pl":{"id":92316,"title":"Praktyczne informacje","url":"https:\/\/www.visitliptov.sk\/pl\/planowanie-wakacji\/praktyczne-informacje\/","api_url":"https:\/\/www.visitliptov.sk\/en\/wp-json\/wp\/v2\/page\/92316","status":"publish","excerpt":"","content":"<!-- wp:shortcode -->\n[services]\n<!-- \/wp:shortcode -->\n\n<!-- wp:paragraph -->\n<p><\/p>\n<!-- \/wp:paragraph -->","featured_media":624318,"featured_media_url":"https:\/\/www.visitliptov.sk\/wp-content\/uploads\/2024\/10\/informacne-centrum-Liptovsky-mikulas-600x339.jpg","images_gallery_urls":[],"fotka_1_url":null,"fotka_2_url":null,"fotka_3_url":null,"fotka_4_url":null,"fotka_5_url":null,"fotka_6_url":null,"fotka_7_url":null,"fotka_8_url":null},"ru":{"id":101870,"title":"\u041f\u0440\u0430\u043a\u0442\u0438\u0447\u0435\u0441\u043a\u0430\u044f \u0438\u043d\u0444\u043e\u0440\u043c\u0430\u0446\u0438\u044f","url":"https:\/\/www.visitliptov.sk\/ru\/%d0%bf%d0%bb%d0%b0%d0%bd%d0%b8%d1%80%d0%be%d0%b2%d0%b0%d0%bd%d0%b8%d0%b5-%d0%be%d1%82%d0%bf%d1%83%d1%81%d0%ba%d0%b0\/%d0%bf%d1%80%d0%b0%d0%ba%d1%82%d0%b8%d1%87%d0%b5%d1%81%d0%ba%d0%b0%d1%8f-%d0%b8%d0%bd%d1%84%d0%be%d1%80%d0%bc%d0%b0%d1%86%d0%b8%d1%8f\/","api_url":"https:\/\/www.visitliptov.sk\/en\/wp-json\/wp\/v2\/page\/101870","status":"publish","excerpt":"","content":"<!-- wp:shortcode -->\n[services]\n<!-- \/wp:shortcode -->\n\n<!-- wp:paragraph -->\n<p><\/p>\n<!-- \/wp:paragraph -->","featured_media":624322,"featured_media_url":"https:\/\/www.visitliptov.sk\/wp-content\/uploads\/2024\/10\/informacne-centrum-Liptovsky-mikulas-600x339.jpg","images_gallery_urls":[],"fotka_1_url":null,"fotka_2_url":null,"fotka_3_url":null,"fotka_4_url":null,"fotka_5_url":null,"fotka_6_url":null,"fotka_7_url":null,"fotka_8_url":null}},"_links":{"self":[{"href":"https:\/\/www.visitliptov.sk\/en\/wp-json\/wp\/v2\/pages\/92315"}],"collection":[{"href":"https:\/\/www.visitliptov.sk\/en\/wp-json\/wp\/v2\/pages"}],"about":[{"href":"https:\/\/www.visitliptov.sk\/en\/wp-json\/wp\/v2\/types\/page"}],"author":[{"embeddable":true,"href":"https:\/\/www.visitliptov.sk\/en\/wp-json\/wp\/v2\/users\/1"}],"replies":[{"embeddable":true,"href":"https:\/\/www.visitliptov.sk\/en\/wp-json\/wp\/v2\/comments?post=92315"}],"version-history":[{"count":0,"href":"https:\/\/www.visitliptov.sk\/en\/wp-json\/wp\/v2\/pages\/92315\/revisions"}],"up":[{"embeddable":true,"href":"https:\/\/www.visitliptov.sk\/en\/wp-json\/wp\/v2\/pages\/92495"}],"wp:featuredmedia":[{"embeddable":true,"href":"https:\/\/www.visitliptov.sk\/en\/wp-json\/wp\/v2\/media\/624314"}],"wp:attachment":[{"href":"https:\/\/www.visitliptov.sk\/en\/wp-json\/wp\/v2\/media?parent=92315"}],"curies":[{"name":"wp","href":"https:\/\/api.w.org\/{rel}","templated":true}]}}