{"id":84845,"date":"2018-08-08T00:00:00","date_gmt":"2018-08-07T22:00:00","guid":{"rendered":"https:\/\/www.visitliptov.sk\/hiking-in-liptov\/top-12-hiking-trails\/"},"modified":"2021-01-25T16:44:58","modified_gmt":"2021-01-25T15:44:58","slug":"top-12-hiking-trails","status":"publish","type":"page","link":"https:\/\/www.visitliptov.sk\/en\/top-12-hiking-trails\/","title":{"rendered":"TOP 12 hiking trails"},"content":{"rendered":"\n<div class=\"wp-block-columns is-layout-flex wp-container-core-columns-is-layout-1 wp-block-columns-is-layout-flex\">\n<div class=\"wp-block-column is-layout-flow wp-block-column-is-layout-flow\">\n<div class=\"wp-block-image\"><figure class=\"alignright size-large is-resized\"><img loading=\"lazy\" decoding=\"async\" src=\"https:\/\/www.visitliptov.sk\/wp-content\/uploads\/2019\/04\/turistikaaaa.png\" alt=\"\" class=\"wp-image-80987\" width=\"314\" height=\"210\" srcset=\"https:\/\/www.visitliptov.sk\/wp-content\/uploads\/2019\/04\/turistikaaaa.png 800w, https:\/\/www.visitliptov.sk\/wp-content\/uploads\/2019\/04\/turistikaaaa-600x401.png 600w\" sizes=\"(max-width: 314px) 100vw, 314px\" \/><\/figure><\/div>\n<\/div>\n\n\n\n<div class=\"wp-block-column is-layout-flow wp-block-column-is-layout-flow\">\n<p><\/p>\n\n\n\n<p class=\"has-text-align-left\">There are about 50 hiking trails and marked trails in the Liptov region with a total length of 1185 km. They are located in the High Tatras National Park (Liptov part of Western Tatras), Low Tatras National Park, National Park Velka Fatra and Choc Mountains. <\/p>\n\n\n\n<p class=\"has-text-align-left\">The total length of marked trails in Slovakia is more than 14,000 km.<\/p>\n<\/div>\n<\/div>\n\n\n\t<div class=\"carousel-items owl-carousel js-carousel-content carousel-style-default\"><div class=\"carousel-item carousel-item-article\"\r\n     id=\"carousel_61291\">\r\n    <a href=\"https:\/\/www.visitliptov.sk\/en\/route\/velky-choc-via-likava-castle\/\"\r\n\t\tstyle=\"background-image:url(https:\/\/www.visitliptov.sk\/wp-content\/uploads\/2016\/01\/Velky-Choc_Tomas-Seredaleto_priroda_turistika_2023small_-600x268.jpg)\"    >\r\n\t\t        <span style='display:none' class=\"favorite-btn  js_favorite-inline-ajax\"\r\n              data-id=\"61291\"\r\n\t\t>&hearts;<\/span>\r\n\t\r\n\t\t\r\n\r\n        <span class=\"item-title\">Ve\u013ek\u00fd Cho\u010d via Likava castle<\/span>\r\n\r\n\t\t<span class=\"item-location aaa\">Ru\u017eomberok<\/span>    <\/a>\r\n<\/div>\r\n<div class=\"carousel-item carousel-item-article\"\r\n     id=\"carousel_61359\">\r\n    <a href=\"https:\/\/www.visitliptov.sk\/en\/route\/mt-sivy-vrch-from-bobrovecka-valley\/\"\r\n\t\tstyle=\"background-image:url(https:\/\/www.visitliptov.sk\/wp-content\/uploads\/2018\/01\/PANORAMA_Zapadne-Tatry_Sivy-vrch_leto_KOCR-2023-2_small_-\u2013-kopia-600x208.jpg)\"    >\r\n\t\t        <span style='display:none' class=\"favorite-btn  js_favorite-inline-ajax\"\r\n              data-id=\"61359\"\r\n\t\t>&hearts;<\/span>\r\n\t\r\n\t\t\r\n\r\n        <span class=\"item-title\">Siv\u00fd vrch from Bobrovec<\/span>\r\n\r\n\t\t<span class=\"item-location aaa\">Other locations<\/span>    <\/a>\r\n<\/div>\r\n<div class=\"carousel-item carousel-item-article\"\r\n     id=\"carousel_594371\">\r\n    <a href=\"https:\/\/www.visitliptov.sk\/en\/route\/liptovsky-hrad-castle-from-the-village-of-kalameny\/\"\r\n\t\tstyle=\"background-image:url(https:\/\/www.visitliptov.sk\/wp-content\/uploads\/2017\/09\/Liptovsky-Hrad_181104_LiptovskyHrad_07-600x400.jpg)\"    >\r\n\t\t        <span style='display:none' class=\"favorite-btn  js_favorite-inline-ajax\"\r\n              data-id=\"594371\"\r\n\t\t>&hearts;<\/span>\r\n\t\r\n\t\t\r\n\r\n        <span class=\"item-title\">Liptovsk\u00fd castle from Kalameny<\/span>\r\n\r\n\t\t<span class=\"item-location aaa\">Other locations<\/span>    <\/a>\r\n<\/div>\r\n<div class=\"carousel-item carousel-item-article\"\r\n     id=\"carousel_61165\">\r\n    <a href=\"https:\/\/www.visitliptov.sk\/en\/route\/mt-dumbier-and-mt-chopok-from-lucky\/\"\r\n\t\tstyle=\"background-image:url(https:\/\/www.visitliptov.sk\/wp-content\/uploads\/2017\/05\/IMG_5108-22022small_chopok-dumbier-nizke-tatry-450x600.jpg)\"    >\r\n\t\t        <span style='display:none' class=\"favorite-btn  js_favorite-inline-ajax\"\r\n              data-id=\"61165\"\r\n\t\t>&hearts;<\/span>\r\n\t\r\n\t\t\r\n\r\n        <span class=\"item-title\">\u010eumbier and Chopok from L\u00fa\u010dky<\/span>\r\n\r\n\t\t<span class=\"item-location aaa\">Jasn\u00e1<\/span>    <\/a>\r\n<\/div>\r\n<div class=\"carousel-item carousel-item-article\"\r\n     id=\"carousel_61141\">\r\n    <a href=\"https:\/\/www.visitliptov.sk\/en\/route\/mt-krivan-from-tri-studnicky\/\"\r\n\t\tstyle=\"background-image:url(https:\/\/www.visitliptov.sk\/wp-content\/uploads\/2019\/04\/151028_Haj_04-600x381.jpg)\"    >\r\n\t\t        <span style='display:none' class=\"favorite-btn  js_favorite-inline-ajax\"\r\n              data-id=\"61141\"\r\n\t\t>&hearts;<\/span>\r\n\t\r\n\t\t\r\n\r\n        <span class=\"item-title\">Kriv\u00e1\u0148  from Tri Studni\u010dky<\/span>\r\n\r\n\t\t<span class=\"item-location aaa\">Other locations<\/span>    <\/a>\r\n<\/div>\r\n<div class=\"carousel-item carousel-item-article\"\r\n     id=\"carousel_588721\">\r\n    <a href=\"https:\/\/www.visitliptov.sk\/en\/route\/rakytov-from-stredna-revuca\/\"\r\n\t\tstyle=\"background-image:url(https:\/\/www.visitliptov.sk\/wp-content\/uploads\/2017\/05\/Rakytov_borievky-600x401.jpg)\"    >\r\n\t\t        <span style='display:none' class=\"favorite-btn  js_favorite-inline-ajax\"\r\n              data-id=\"588721\"\r\n\t\t>&hearts;<\/span>\r\n\t\r\n\t\t\r\n\r\n        <span class=\"item-title\">Rakytov from Stredn\u00e1 Rev\u00faca<\/span>\r\n\r\n\t\t<span class=\"item-location aaa\">Other locations<\/span>    <\/a>\r\n<\/div>\r\n<div class=\"carousel-item carousel-item-article\"\r\n     id=\"carousel_588275\">\r\n    <a href=\"https:\/\/www.visitliptov.sk\/en\/route\/sina-and-bory-from-demanovska-valley-hiking\/\"\r\n\t\tstyle=\"background-image:url(https:\/\/www.visitliptov.sk\/wp-content\/uploads\/2021\/01\/P1137477-600x450.jpg)\"    >\r\n\t\t        <span style='display:none' class=\"favorite-btn  js_favorite-inline-ajax\"\r\n              data-id=\"588275\"\r\n\t\t>&hearts;<\/span>\r\n\t\r\n\t\t\r\n\r\n        <span class=\"item-title\">Sin\u00e1 &#038; B\u00f4ry from Dem\u00e4novsk\u00e1 valley<\/span>\r\n\r\n\t\t<span class=\"item-location aaa\">Jasn\u00e1<\/span>    <\/a>\r\n<\/div>\r\n<div class=\"carousel-item carousel-item-article\"\r\n     id=\"carousel_61198\">\r\n    <a href=\"https:\/\/www.visitliptov.sk\/en\/route\/mt-baranec-from-ziarska-valley\/\"\r\n\t\tstyle=\"background-image:url(https:\/\/www.visitliptov.sk\/wp-content\/uploads\/2017\/05\/DSC0063-35_L_Baranec-vystup-2-600x258.png)\"    >\r\n\t\t        <span style='display:none' class=\"favorite-btn  js_favorite-inline-ajax\"\r\n              data-id=\"61198\"\r\n\t\t>&hearts;<\/span>\r\n\t\r\n\t\t\r\n\r\n        <span class=\"item-title\">Baranec from \u017diarska Valley<\/span>\r\n\r\n\t\t<span class=\"item-location aaa\">Other locations<\/span>    <\/a>\r\n<\/div>\r\n<div class=\"carousel-item carousel-item-article\"\r\n     id=\"carousel_112500\">\r\n    <a href=\"https:\/\/www.visitliptov.sk\/en\/route\/nature-trail-znama-neznama-cutkovska-valley-know-unknow\/\"\r\n\t\tstyle=\"background-image:url(https:\/\/www.visitliptov.sk\/wp-content\/uploads\/2017\/05\/PRIRODA_Cutkovska-dolina_nadrz_leto-2025_Kikinder_394-600x400.jpg)\"    >\r\n\t\t        <span style='display:none' class=\"favorite-btn  js_favorite-inline-ajax\"\r\n              data-id=\"112500\"\r\n\t\t>&hearts;<\/span>\r\n\t\r\n\t\t\r\n\r\n        <span class=\"item-title\">Nature Trail \u010cutkovsk\u00e1 Valley<\/span>\r\n\r\n\t\t<span class=\"item-location aaa\">Ru\u017eomberok<\/span>    <\/a>\r\n<\/div>\r\n<div class=\"carousel-item carousel-item-article\"\r\n     id=\"carousel_112497\">\r\n    <a href=\"https:\/\/www.visitliptov.sk\/en\/route\/nature-trail-the-story-of-water-in-demanovska-dolina\/\"\r\n\t\tstyle=\"background-image:url(https:\/\/www.visitliptov.sk\/wp-content\/uploads\/2021\/08\/Pribeh-vody-resampled-2-2-600x450.jpg)\"    >\r\n\t\t        <span style='display:none' class=\"favorite-btn  js_favorite-inline-ajax\"\r\n              data-id=\"112497\"\r\n\t\t>&hearts;<\/span>\r\n\t\r\n\t\t\r\n\r\n        <span class=\"item-title\">Nature Trail in Dem\u00e4novsk\u00e1 dolina<\/span>\r\n\r\n\t\t<span class=\"item-location aaa\">Jasn\u00e1<\/span>    <\/a>\r\n<\/div>\r\n<div class=\"carousel-item carousel-item-article\"\r\n     id=\"carousel_61320\">\r\n    <a href=\"https:\/\/www.visitliptov.sk\/en\/route\/poludnica-from-liptovsky-jan\/\"\r\n\t\tstyle=\"background-image:url(https:\/\/www.visitliptov.sk\/wp-content\/uploads\/2019\/04\/poludnica_okruh_z_12-2-600x400.jpg)\"    >\r\n\t\t        <span style='display:none' class=\"favorite-btn  js_favorite-inline-ajax\"\r\n              data-id=\"61320\"\r\n\t\t>&hearts;<\/span>\r\n\t\r\n\t\t\r\n\r\n        <span class=\"item-title\">Poludnica from Liptovsk\u00fd J\u00e1n<\/span>\r\n\r\n\t\t<span class=\"item-location aaa\">Liptovsk\u00fd J\u00e1n<\/span>    <\/a>\r\n<\/div>\r\n<div class=\"carousel-item carousel-item-article\"\r\n     id=\"carousel_588347\">\r\n    <a href=\"https:\/\/www.visitliptov.sk\/en\/route\/the-slope-of-cerenova-from-liptovska-anna\/\"\r\n\t\tstyle=\"background-image:url(https:\/\/www.visitliptov.sk\/wp-content\/uploads\/2017\/09\/LIPTOV_Cerenova-skala_leto_Masiar_dec-2024-1_resize-600x438.jpg)\"    >\r\n\t\t        <span style='display:none' class=\"favorite-btn  js_favorite-inline-ajax\"\r\n              data-id=\"588347\"\r\n\t\t>&hearts;<\/span>\r\n\t\r\n\t\t\r\n\r\n        <span class=\"item-title\">The slope of \u010cerenov\u00e1 from Liptovsk\u00e1 Anna<\/span>\r\n\r\n\t\t<span class=\"item-location aaa\">Other locations<\/span>    <\/a>\r\n<\/div>\r\n<div class=\"carousel-item carousel-item-article\"\r\n     id=\"carousel_61236\">\r\n    <a href=\"https:\/\/www.visitliptov.sk\/en\/route\/vlkolinec-z-hrabova\/\"\r\n\t\tstyle=\"background-image:url(https:\/\/www.visitliptov.sk\/wp-content\/uploads\/2018\/11\/Vlkolinec-dron-600x262.jpg)\"    >\r\n\t\t        <span style='display:none' class=\"favorite-btn  js_favorite-inline-ajax\"\r\n              data-id=\"61236\"\r\n\t\t>&hearts;<\/span>\r\n\t\r\n\t\t\r\n\r\n        <span class=\"item-title\">Vlkol\u00ednec from Hrabovo<\/span>\r\n\r\n\t\t<span class=\"item-location aaa\">Ru\u017eomberok<\/span>    <\/a>\r\n<\/div>\r\n<div class=\"carousel-item carousel-item-article\"\r\n     id=\"carousel_61259\">\r\n    <a href=\"https:\/\/www.visitliptov.sk\/en\/route\/ruzomberok-cutkovska-valley\/\"\r\n\t\tstyle=\"background-image:url(https:\/\/www.visitliptov.sk\/wp-content\/uploads\/2017\/05\/Liptov-s-detmi_Cutkovska-dolina_U-dobreho-pastiera_leto-2025_Kikinder_337-600x400.jpg)\"    >\r\n\t\t        <span style='display:none' class=\"favorite-btn  js_favorite-inline-ajax\"\r\n              data-id=\"61259\"\r\n\t\t>&hearts;<\/span>\r\n\t\r\n\t\t\r\n\r\n        <span class=\"item-title\">\u010cutkovsk\u00e1 Valley<\/span>\r\n\r\n\t\t<span class=\"item-location aaa\">Ru\u017eomberok<\/span>    <\/a>\r\n<\/div>\r\n<div class=\"carousel-item carousel-item-article\"\r\n     id=\"carousel_61421\">\r\n    <a href=\"https:\/\/www.visitliptov.sk\/en\/route\/ostredok-cez-liptovske-revuce\/\"\r\n\t\tstyle=\"background-image:url(https:\/\/www.visitliptov.sk\/wp-content\/uploads\/2019\/04\/Ostredok-foto-600x338.jpg)\"    >\r\n\t\t        <span style='display:none' class=\"favorite-btn  js_favorite-inline-ajax\"\r\n              data-id=\"61421\"\r\n\t\t>&hearts;<\/span>\r\n\t\r\n\t\t\r\n\r\n        <span class=\"item-title\">Ostredok from Liptovsk\u00e9 Rev\u00face<\/span>\r\n\r\n\t\t<span class=\"item-location aaa\">Other locations<\/span>    <\/a>\r\n<\/div>\r\n<div class=\"carousel-item carousel-item-article\"\r\n     id=\"carousel_61387\">\r\n    <a href=\"https:\/\/www.visitliptov.sk\/en\/route\/klin\/\"\r\n\t\tstyle=\"background-image:url(https:\/\/www.visitliptov.sk\/wp-content\/uploads\/2019\/04\/28.-Z\u00e1padn\u00e9-Tatry-Orava-feten\u00e9-na-Kline1-1-1-2-600x375.jpg)\"    >\r\n\t\t        <span style='display:none' class=\"favorite-btn  js_favorite-inline-ajax\"\r\n              data-id=\"61387\"\r\n\t\t>&hearts;<\/span>\r\n\t\r\n\t\t\r\n\r\n        <span class=\"item-title\">Klin from Ra\u010dkova valley<\/span>\r\n\r\n\t\t<span class=\"item-location aaa\">Other locations<\/span>    <\/a>\r\n<\/div>\r\n<div class=\"carousel-item carousel-item-article\"\r\n     id=\"carousel_61098\">\r\n    <a href=\"https:\/\/www.visitliptov.sk\/en\/route\/prosiecka-and-kvacianska-valley\/\"\r\n\t\tstyle=\"background-image:url(https:\/\/www.visitliptov.sk\/wp-content\/uploads\/2017\/06\/kvacianska-oblazy-11-600x400.jpg)\"    >\r\n\t\t        <span style='display:none' class=\"favorite-btn  js_favorite-inline-ajax\"\r\n              data-id=\"61098\"\r\n\t\t>&hearts;<\/span>\r\n\t\r\n\t\t\r\n\r\n        <span class=\"item-title\">Prosiecka &#038; Kva\u010dianska Valley<\/span>\r\n\r\n\t\t<span class=\"item-location aaa\">Other locations<\/span>    <\/a>\r\n<\/div>\r\n<div class=\"carousel-item carousel-item-article\"\r\n     id=\"carousel_61463\">\r\n    <a href=\"https:\/\/www.visitliptov.sk\/en\/route\/observation-tower-in-liptovsky-jan\/\"\r\n\t\tstyle=\"background-image:url(https:\/\/www.visitliptov.sk\/wp-content\/uploads\/2018\/08\/Naucny-chodnik-liptovsky-jan_kikinder_small34-600x400.jpg)\"    >\r\n\t\t        <span style='display:none' class=\"favorite-btn  js_favorite-inline-ajax\"\r\n              data-id=\"61463\"\r\n\t\t>&hearts;<\/span>\r\n\t\r\n\t\t\r\n\r\n        <span class=\"item-title\">Observation Tower<\/span>\r\n\r\n\t\t<span class=\"item-location aaa\">Liptovsk\u00fd J\u00e1n<\/span>    <\/a>\r\n<\/div>\r\n<div class=\"carousel-item carousel-item-article\"\r\n     id=\"carousel_90870\">\r\n    <a href=\"https:\/\/www.visitliptov.sk\/en\/route\/observation-point-maly-rohac-kvacianska-valley\/\"\r\n\t\tstyle=\"background-image:url(https:\/\/www.visitliptov.sk\/wp-content\/uploads\/2019\/10\/Kvacianska-dolina_171019_KvacianskaDolina_005-600x400.jpg)\"    >\r\n\t\t        <span style='display:none' class=\"favorite-btn  js_favorite-inline-ajax\"\r\n              data-id=\"90870\"\r\n\t\t>&hearts;<\/span>\r\n\t\r\n\t\t\r\n\r\n        <span class=\"item-title\">Observation point Mal\u00fd Roh\u00e1\u010d<\/span>\r\n\r\n\t\t<span class=\"item-location aaa\">Other locations<\/span>    <\/a>\r\n<\/div>\r\n<div class=\"carousel-item carousel-item-article\"\r\n     id=\"carousel_117787\">\r\n    <a href=\"https:\/\/www.visitliptov.sk\/en\/route\/chata-cottage-pod-naruzim-cervenec\/\"\r\n\t\tstyle=\"background-image:url(https:\/\/www.visitliptov.sk\/wp-content\/uploads\/2018\/08\/Chata-pod-Naruzim_200801_Babky_001-600x401.jpg)\"    >\r\n\t\t        <span style='display:none' class=\"favorite-btn  js_favorite-inline-ajax\"\r\n              data-id=\"117787\"\r\n\t\t>&hearts;<\/span>\r\n\t\r\n\t\t\r\n\r\n        <span class=\"item-title\">Cottage Chata pod N\u00e1ru\u017e\u00edm from Bobrovec<\/span>\r\n\r\n\t\t<span class=\"item-location aaa\">Other locations<\/span>    <\/a>\r\n<\/div>\r\n<div class=\"carousel-item carousel-item-article\"\r\n     id=\"carousel_117811\">\r\n    <a href=\"https:\/\/www.visitliptov.sk\/en\/route\/cottage-magurka-1-050-m-n-m\/\"\r\n\t\tstyle=\"background-image:url(https:\/\/www.visitliptov.sk\/wp-content\/uploads\/2017\/05\/chatamagurka-600x400.jpg)\"    >\r\n\t\t        <span style='display:none' class=\"favorite-btn  js_favorite-inline-ajax\"\r\n              data-id=\"117811\"\r\n\t\t>&hearts;<\/span>\r\n\t\r\n\t\t\r\n\r\n        <span class=\"item-title\">Magurka Cottage<\/span>\r\n\r\n\t\t<span class=\"item-location aaa\">Other locations<\/span>    <\/a>\r\n<\/div>\r\n<div class=\"carousel-item carousel-item-article\"\r\n     id=\"carousel_162384\">\r\n    <a href=\"https:\/\/www.visitliptov.sk\/en\/route\/educational-trail-of-artists\/\"\r\n\t\tstyle=\"background-image:url(https:\/\/www.visitliptov.sk\/wp-content\/uploads\/2021\/11\/Lucky_chodnik-umelcov_maj-2023_J-50small_-2-600x338.jpg)\"    >\r\n\t\t        <span style='display:none' class=\"favorite-btn  js_favorite-inline-ajax\"\r\n              data-id=\"162384\"\r\n\t\t>&hearts;<\/span>\r\n\t\r\n\t\t\r\n\r\n        <span class=\"item-title\">Educational trail of artists<\/span>\r\n\r\n\t\t<span class=\"item-location aaa\">Other locations<\/span>    <\/a>\r\n<\/div>\r\n<div class=\"carousel-item carousel-item-article\"\r\n     id=\"carousel_61437\">\r\n    <a href=\"https:\/\/www.visitliptov.sk\/en\/route\/salatin-from-ludrova\/\"\r\n\t\tstyle=\"background-image:url(https:\/\/www.visitliptov.sk\/wp-content\/uploads\/2017\/05\/salatin_nizke-tatry_nad-L.-Luznou-600x315.jpg)\"    >\r\n\t\t        <span style='display:none' class=\"favorite-btn  js_favorite-inline-ajax\"\r\n              data-id=\"61437\"\r\n\t\t>&hearts;<\/span>\r\n\t\r\n\t\t\r\n\r\n        <span class=\"item-title\">Salat\u00edn from Ludrov\u00e1<\/span>\r\n\r\n\t\t<span class=\"item-location aaa\">Ru\u017eomberok<\/span>    <\/a>\r\n<\/div>\r\n<div class=\"carousel-item carousel-item-article\"\r\n     id=\"carousel_620728\">\r\n    <a href=\"https:\/\/www.visitliptov.sk\/en\/route\/route-velky-choc-from-valaska-dubova\/\"\r\n\t\tstyle=\"background-image:url(https:\/\/www.visitliptov.sk\/wp-content\/uploads\/2019\/05\/Choc_160510_Repka_10-Edit-Edit-600x274.png)\"    >\r\n\t\t        <span style='display:none' class=\"favorite-btn  js_favorite-inline-ajax\"\r\n              data-id=\"620728\"\r\n\t\t>&hearts;<\/span>\r\n\t\r\n\t\t\r\n\r\n        <span class=\"item-title\">Ve\u013ek\u00fd Cho\u010d from Valask\u00e1 Dubov\u00e1<\/span>\r\n\r\n\t\t<span class=\"item-location aaa\">Ru\u017eomberok<\/span>    <\/a>\r\n<\/div>\r\n<div class=\"carousel-item carousel-item-article\"\r\n     id=\"carousel_663632\">\r\n    <a href=\"https:\/\/www.visitliptov.sk\/en\/route\/sina-from-the-demanovska-cave-of-liberty\/\"\r\n\t\tstyle=\"background-image:url(https:\/\/www.visitliptov.sk\/wp-content\/uploads\/2021\/12\/sina-600x180.jpg)\"    >\r\n\t\t        <span style='display:none' class=\"favorite-btn  js_favorite-inline-ajax\"\r\n              data-id=\"663632\"\r\n\t\t>&hearts;<\/span>\r\n\t\r\n\t\t\r\n\r\n        <span class=\"item-title\">Sin\u00e1 from the Dem\u00e4novsk\u00e1 Cave of Liberty<\/span>\r\n\r\n\t\t<span class=\"item-location aaa\">Jasn\u00e1<\/span>    <\/a>\r\n<\/div>\r\n<\/div>\t\n","protected":false},"excerpt":{"rendered":"<p>There are about 50 hiking trails and marked trails in the Liptov region with a total length of 1185 km. &#8230;<\/p>\n","protected":false},"author":1,"featured_media":81506,"parent":0,"menu_order":0,"comment_status":"open","ping_status":"open","template":"","meta":{"_acf_changed":false,"inline_featured_image":false,"episode_type":"","audio_file":"","cover_image":"","cover_image_id":"","duration":"","filesize":"","date_recorded":"","explicit":"","block":"","filesize_raw":"","_jf_limit_responses":"","footnotes":""},"class_list":["post-84845","page","type-page","status-publish","has-post-thumbnail","hentry"],"acf":{"vyhradny_obrazok":false,"second_feature_image":null,"search_top_keywords":""},"wpml_translations_detailed":{"sk":{"id":83935,"title":"TOP 12 turistick\u00fdch tr\u00e1s","url":"https:\/\/www.visitliptov.sk\/top-12-turistickych-tras\/","api_url":"https:\/\/www.visitliptov.sk\/en\/wp-json\/wp\/v2\/page\/83935","status":"publish","excerpt":"V regi\u00f3ne Liptov sa nach\u00e1dza cca 50 turistick\u00fdch chodn\u00edkov a zna\u010den\u00fdch tr\u00e1s v celkovej d\u013a\u017eke 1185 km. Nach\u00e1dzaj\u00fa sa v ...","content":"<!-- wp:paragraph -->\n<p>V regi\u00f3ne Liptov sa nach\u00e1dza <strong>cca 50 turistick\u00fdch chodn\u00edkov a zna\u010den\u00fdch tr\u00e1s v celkovej d\u013a\u017eke 1185 km<\/strong>. Nach\u00e1dzaj\u00fa sa v Tatranskom n\u00e1rodnom\u00a0parku (Z\u00e1padn\u00e9 Tatry, liptovsk\u00e1 \u010das\u0165 Tatier ), N\u00e1rodnom parku N\u00edzke Tatry, N\u00e1rodnom parku Ve\u013ek\u00e1 Fatra a v Cho\u010dsk\u00fdch vrchoch. <strong>Celkov\u00e1 d\u013a\u017eka vyzna\u010den\u00fdch chodn\u00edkov na Slovensku je viac ako 14 000 km.<\/strong><\/p>\n<!-- \/wp:paragraph -->\n\n<!-- wp:shortcode -->\n[carousel post_type=\"route\" category=\"top12\" only_top=\"off\"]\n<!-- \/wp:shortcode -->","featured_media":81505,"featured_media_url":"https:\/\/www.visitliptov.sk\/wp-content\/uploads\/2019\/04\/turistika_cover-600x182.jpg","images_gallery_urls":[],"fotka_1_url":null,"fotka_2_url":null,"fotka_3_url":null,"fotka_4_url":null,"fotka_5_url":null,"fotka_6_url":null,"fotka_7_url":null,"fotka_8_url":null},"en":{"id":84845,"title":"TOP 12 hiking trails","url":"https:\/\/www.visitliptov.sk\/en\/top-12-hiking-trails\/","api_url":"https:\/\/www.visitliptov.sk\/en\/wp-json\/wp\/v2\/page\/84845","status":"publish","excerpt":"There are about 50 hiking trails and marked trails in the Liptov region with a total length of 1185 km. ...","content":"<!-- wp:columns -->\n<div class=\"wp-block-columns\"><!-- wp:column -->\n<div class=\"wp-block-column\"><!-- wp:image {\"align\":\"right\",\"id\":80987,\"width\":314,\"height\":210,\"sizeSlug\":\"large\",\"linkDestination\":\"none\"} -->\n<div class=\"wp-block-image\"><figure class=\"alignright size-large is-resized\"><img src=\"https:\/\/www.visitliptov.sk\/wp-content\/uploads\/2019\/04\/turistikaaaa.png\" alt=\"\" class=\"wp-image-80987\" width=\"314\" height=\"210\"\/><\/figure><\/div>\n<!-- \/wp:image --><\/div>\n<!-- \/wp:column -->\n\n<!-- wp:column -->\n<div class=\"wp-block-column\"><!-- wp:paragraph -->\n<p><\/p>\n<!-- \/wp:paragraph -->\n\n<!-- wp:paragraph {\"align\":\"left\"} -->\n<p class=\"has-text-align-left\">There are about 50 hiking trails and marked trails in the Liptov region with a total length of 1185 km. They are located in the High Tatras National Park (Liptov part of Western Tatras), Low Tatras National Park, National Park Velka Fatra and Choc Mountains. <\/p>\n<!-- \/wp:paragraph -->\n\n<!-- wp:paragraph {\"align\":\"left\"} -->\n<p class=\"has-text-align-left\">The total length of marked trails in Slovakia is more than 14,000 km.<\/p>\n<!-- \/wp:paragraph --><\/div>\n<!-- \/wp:column --><\/div>\n<!-- \/wp:columns -->\n\n<!-- wp:shortcode -->\n[carousel post_type=\"route\" category=\"top12\" only_top=\"off\"]\n<!-- \/wp:shortcode -->","featured_media":81506,"featured_media_url":"https:\/\/www.visitliptov.sk\/wp-content\/uploads\/2019\/04\/turistika_cover-600x182.jpg","images_gallery_urls":[],"fotka_1_url":null,"fotka_2_url":null,"fotka_3_url":null,"fotka_4_url":null,"fotka_5_url":null,"fotka_6_url":null,"fotka_7_url":null,"fotka_8_url":null},"pl":{"id":85245,"title":"TOP 12 szlak\u00f3w turystycznych","url":"https:\/\/www.visitliptov.sk\/pl\/top-12-szlakow-turystycznych\/","api_url":"https:\/\/www.visitliptov.sk\/en\/wp-json\/wp\/v2\/page\/85245","status":"publish","excerpt":"W regionie Liptov jest oko\u0142o 50 szlak\u00f3w turystycznych i oznakowanych szlak\u00f3w o \u0142\u0105cznej d\u0142ugo\u015bci 1185 km. Znajduj\u0105 si\u0119 one na ...","content":"<!-- wp:columns -->\n<div class=\"wp-block-columns\"><!-- wp:column -->\n<div class=\"wp-block-column\"><!-- wp:image {\"id\":80988,\"sizeSlug\":\"large\",\"linkDestination\":\"none\"} -->\n<figure class=\"wp-block-image size-large\"><img src=\"https:\/\/www.visitliptov.sk\/wp-content\/uploads\/2019\/04\/turistikaaaa.png\" alt=\"\" class=\"wp-image-80988\"\/><\/figure>\n<!-- \/wp:image --><\/div>\n<!-- \/wp:column -->\n\n<!-- wp:column -->\n<div class=\"wp-block-column\"><!-- wp:paragraph -->\n<p>W regionie Liptov jest oko\u0142o 50 szlak\u00f3w turystycznych i oznakowanych szlak\u00f3w o \u0142\u0105cznej d\u0142ugo\u015bci 1185 km. <\/p>\n<!-- \/wp:paragraph -->\n\n<!-- wp:paragraph -->\n<p>Znajduj\u0105 si\u0119 one na terenie Tatrza\u0144skiego Parku Narodowego (Tatry Zachodnie, Liptov cz\u0119\u015b\u0107 Tatr), Parku Narodowego Niskie Tatry, Parku Narodowego Wielka Fatra i G\u00f3ry Chocza\u0144skie. <\/p>\n<!-- \/wp:paragraph -->\n\n<!-- wp:paragraph -->\n<p>Ca\u0142kowita d\u0142ugo\u015b\u0107 oznakowanych szlak\u00f3w na S\u0142owacji to ponad 14 000 km.<\/p>\n<!-- \/wp:paragraph --><\/div>\n<!-- \/wp:column --><\/div>\n<!-- \/wp:columns -->\n\n<!-- wp:shortcode -->\n[carousel post_type=\"route\" category=\"top12-pl\" only_top=\"off\"]\n<!-- \/wp:shortcode -->","featured_media":81507,"featured_media_url":"https:\/\/www.visitliptov.sk\/wp-content\/uploads\/2019\/04\/turistika_cover-600x182.jpg","images_gallery_urls":[],"fotka_1_url":null,"fotka_2_url":null,"fotka_3_url":null,"fotka_4_url":null,"fotka_5_url":null,"fotka_6_url":null,"fotka_7_url":null,"fotka_8_url":null}},"_links":{"self":[{"href":"https:\/\/www.visitliptov.sk\/en\/wp-json\/wp\/v2\/pages\/84845"}],"collection":[{"href":"https:\/\/www.visitliptov.sk\/en\/wp-json\/wp\/v2\/pages"}],"about":[{"href":"https:\/\/www.visitliptov.sk\/en\/wp-json\/wp\/v2\/types\/page"}],"author":[{"embeddable":true,"href":"https:\/\/www.visitliptov.sk\/en\/wp-json\/wp\/v2\/users\/1"}],"replies":[{"embeddable":true,"href":"https:\/\/www.visitliptov.sk\/en\/wp-json\/wp\/v2\/comments?post=84845"}],"version-history":[{"count":0,"href":"https:\/\/www.visitliptov.sk\/en\/wp-json\/wp\/v2\/pages\/84845\/revisions"}],"wp:featuredmedia":[{"embeddable":true,"href":"https:\/\/www.visitliptov.sk\/en\/wp-json\/wp\/v2\/media\/81506"}],"wp:attachment":[{"href":"https:\/\/www.visitliptov.sk\/en\/wp-json\/wp\/v2\/media?parent=84845"}],"curies":[{"name":"wp","href":"https:\/\/api.w.org\/{rel}","templated":true}]}}