{"id":84824,"date":"2016-12-06T00:00:00","date_gmt":"2016-12-05T23:00:00","guid":{"rendered":"https:\/\/www.visitliptov.sk\/pobyty-a-zajazdy\/"},"modified":"2019-07-24T14:54:59","modified_gmt":"2019-07-24T12:54:59","slug":"pobyty-a-zajazdy","status":"publish","type":"page","link":"https:\/\/www.visitliptov.sk\/en\/pobyty-a-zajazdy\/","title":{"rendered":"Pobytov\u00e9 bal\u00edky"},"content":{"rendered":"    <div class=\"ns-events\">\r\n        <div class=\"ns-events-filter-toggle\">\r\n            <span class=\"events-filter-title\">Search<\/span>\r\n            <div class=\"btn ns-events-filter-btn\">\r\n\t\t\t\tFilter            <\/div>\r\n        <\/div>\r\n        <div class=\"events-filter sidebar\">\r\n            <div class=\"close-btn\"><\/div>\r\n            <span class=\"events-filter-title\">Search<\/span>\r\n\r\n            <span class=\"events-filter-label\">Locality<\/span>\r\n\t\t\t<div class=\"facetwp-facet facetwp-facet-locality facetwp-type-checkboxes\" data-name=\"locality\" data-type=\"checkboxes\"><\/div>\r\n        <\/div>\r\n\r\n        <div class=\"blog-content\">\r\n\t\t\t<div class=\"facetwp-template\" data-name=\"accommodation\"><a class=\"list-item test\" href=\"https:\/\/www.visitliptov.sk\/en\/interests\/apartmany-lama-malatiny\/\">\r\n\t    <div class=\"thumb\"\r\n         style=\"background-image:url('https:\/\/www.visitliptov.sk\/wp-content\/uploads\/2022\/01\/apartmany-lama-2022-2-600x400.jpg')\">\r\n\t\t        <span style='display:none' class=\"favorite-btn  js_favorite-inline-ajax\"\r\n              data-id=\"168762\"\r\n\t\t>&hearts;<\/span>\r\n\t\r\n        \t    \r\n\t            \r\n\r\n\t\t\t\t    <\/div>\r\n\r\n    <div class=\"item-meta\">\r\n        <div class=\"item-title\">\r\n\t\t\tApartm\u00e1ny LAMA Malat\u00edny        <\/div>\r\n\r\n\t\t<div class=\"item-loc icon-marker\">Stredn\u00e9 Malat\u00edny<\/div>    <\/div>\r\n<\/a>\r\n<a class=\"list-item test\" href=\"https:\/\/www.visitliptov.sk\/en\/interests\/rezort-gothal-liptovska-osada\/\">\r\n\t    <div class=\"thumb\"\r\n         style=\"background-image:url('https:\/\/www.visitliptov.sk\/wp-content\/uploads\/2021\/06\/AGO4310-600x386.jpg')\">\r\n\t\t        <span style='display:none' class=\"favorite-btn  js_favorite-inline-ajax\"\r\n              data-id=\"146444\"\r\n\t\t>&hearts;<\/span>\r\n\t\r\n        \t    \r\n\t            \r\n\r\n\t\t\t\t    <\/div>\r\n\r\n    <div class=\"item-meta\">\r\n        <div class=\"item-title\">\r\n\t\t\tRezort GOTHAL Liptovsk\u00e1 Osada        <\/div>\r\n\r\n\t\t<div class=\"item-loc icon-marker\">Liptovsk\u00e1 Osada<\/div>    <\/div>\r\n<\/a>\r\n<a class=\"list-item test\" href=\"https:\/\/www.visitliptov.sk\/en\/interests\/maladinovo-rezort\/\">\r\n\t    <div class=\"thumb\"\r\n         style=\"background-image:url('https:\/\/www.visitliptov.sk\/wp-content\/uploads\/2020\/04\/Maladinovo_maj-exterier-2-\u2013-resize-600x400.jpg')\">\r\n\t\t        <span style='display:none' class=\"favorite-btn  js_favorite-inline-ajax\"\r\n              data-id=\"137373\"\r\n\t\t>&hearts;<\/span>\r\n\t\r\n        \t    \r\n\t            \r\n\r\n\t\t\t\t    <\/div>\r\n\r\n    <div class=\"item-meta\">\r\n        <div class=\"item-title\">\r\n\t\t\tMaladinovo        <\/div>\r\n\r\n\t\t<div class=\"item-loc icon-marker\">Liptovsk\u00fd Mikul\u00e1\u0161<\/div>    <\/div>\r\n<\/a>\r\n<a class=\"list-item test\" href=\"https:\/\/www.visitliptov.sk\/en\/interests\/hotel-koliba-greta\/\">\r\n\t    <div class=\"thumb\"\r\n         style=\"background-image:url('https:\/\/www.visitliptov.sk\/wp-content\/uploads\/2019\/04\/koliba_grea-600x400.jpg')\">\r\n\t\t        <span style='display:none' class=\"favorite-btn  js_favorite-inline-ajax\"\r\n              data-id=\"137401\"\r\n\t\t>&hearts;<\/span>\r\n\t\r\n        \t    \r\n\t            \r\n\r\n\t\t\t\t    <\/div>\r\n\r\n    <div class=\"item-meta\">\r\n        <div class=\"item-title\">\r\n\t\t\tHotel Koliba Gr\u00e9ta***        <\/div>\r\n\r\n\t\t<div class=\"item-loc icon-marker\">Liptovsk\u00e1 Sielnica<\/div>    <\/div>\r\n<\/a>\r\n<a class=\"list-item test\" href=\"https:\/\/www.visitliptov.sk\/en\/interests\/squash-table-tennis-rental-bikes\/\">\r\n\t    <div class=\"thumb\"\r\n         style=\"background-image:url('https:\/\/www.visitliptov.sk\/wp-content\/uploads\/2016\/01\/Penzion-Larion-pobytovy-balik-4-600x400.jpg')\">\r\n\t\t        <span style='display:none' class=\"favorite-btn  js_favorite-inline-ajax\"\r\n              data-id=\"39278\"\r\n\t\t>&hearts;<\/span>\r\n\t\r\n        \t    \r\n\t            \r\n\r\n\t\t\t\t    <\/div>\r\n\r\n    <div class=\"item-meta\">\r\n        <div class=\"item-title\">\r\n\t\t\tSquash \/ Table tennis \/ Rental bikes        <\/div>\r\n\r\n\t\t<div class=\"item-loc icon-marker\">Kr\u00e1\u013eov\u00e1 Lehota<\/div>    <\/div>\r\n<\/a>\r\n<\/div>\t\t\t<div class=\"facetwp-pager\"><\/div>        <\/div>\r\n        \r\n\r\n    <\/div>\r\n\t\n","protected":false},"excerpt":{"rendered":"","protected":false},"author":1,"featured_media":83426,"parent":0,"menu_order":0,"comment_status":"open","ping_status":"open","template":"","meta":{"_acf_changed":false,"inline_featured_image":false,"episode_type":"","audio_file":"","cover_image":"","cover_image_id":"","duration":"","filesize":"","date_recorded":"","explicit":"","block":"","filesize_raw":"","_jf_limit_responses":"","footnotes":""},"class_list":["post-84824","page","type-page","status-publish","has-post-thumbnail","hentry"],"acf":{"vyhradny_obrazok":false,"second_feature_image":null,"search_top_keywords":""},"wpml_translations_detailed":{"en":{"id":84824,"title":"Pobytov\u00e9 bal\u00edky","url":"https:\/\/www.visitliptov.sk\/en\/pobyty-a-zajazdy\/","api_url":"https:\/\/www.visitliptov.sk\/en\/wp-json\/wp\/v2\/page\/84824","status":"publish","excerpt":"","content":"<!-- wp:shortcode -->\n[accommodation]\n<!-- \/wp:shortcode -->","featured_media":83426,"featured_media_url":"https:\/\/www.visitliptov.sk\/wp-content\/uploads\/2019\/04\/lubiva-600x450.jpg","images_gallery_urls":[],"fotka_1_url":null,"fotka_2_url":null,"fotka_3_url":null,"fotka_4_url":null,"fotka_5_url":null,"fotka_6_url":null,"fotka_7_url":null,"fotka_8_url":null}},"_links":{"self":[{"href":"https:\/\/www.visitliptov.sk\/en\/wp-json\/wp\/v2\/pages\/84824"}],"collection":[{"href":"https:\/\/www.visitliptov.sk\/en\/wp-json\/wp\/v2\/pages"}],"about":[{"href":"https:\/\/www.visitliptov.sk\/en\/wp-json\/wp\/v2\/types\/page"}],"author":[{"embeddable":true,"href":"https:\/\/www.visitliptov.sk\/en\/wp-json\/wp\/v2\/users\/1"}],"replies":[{"embeddable":true,"href":"https:\/\/www.visitliptov.sk\/en\/wp-json\/wp\/v2\/comments?post=84824"}],"version-history":[{"count":0,"href":"https:\/\/www.visitliptov.sk\/en\/wp-json\/wp\/v2\/pages\/84824\/revisions"}],"wp:featuredmedia":[{"embeddable":true,"href":"https:\/\/www.visitliptov.sk\/en\/wp-json\/wp\/v2\/media\/83426"}],"wp:attachment":[{"href":"https:\/\/www.visitliptov.sk\/en\/wp-json\/wp\/v2\/media?parent=84824"}],"curies":[{"name":"wp","href":"https:\/\/api.w.org\/{rel}","templated":true}]}}