{"id":84781,"date":"2016-01-25T00:00:00","date_gmt":"2016-01-24T23:00:00","guid":{"rendered":"https:\/\/www.visitliptov.sk\/where-to-eat-and-drink\/quality-award\/"},"modified":"2016-01-25T00:00:00","modified_gmt":"2016-01-24T23:00:00","slug":"quality-award","status":"publish","type":"page","link":"https:\/\/www.visitliptov.sk\/en\/quality-award\/","title":{"rendered":"Quality award"},"content":{"rendered":"<p>Liptov is a tourist region, whose success is built on services. We are keen to continuously improve and to make those who provide them realize that there is always room for improvement.<\/p>\n<p>The conclusion that liptov restaurants are among the best in Slovakia, reached after more than a month lasting anonymous P\u0159epadovka catering facilities in the region of the evaluation committee of the project called Liptovsk\u00e1 star. Quality Certificate from November 2014 to November 2016, boasts ten restaurants in the region Liptov. Liptovsk\u00e1 star has the ambition to become a recognized brand and trademark high level, for which it pays to come!<\/p>\n<h2 style=\"text-align: justify;\">The results:<\/h2>\n<h1 style=\"text-align: justify;\"><\/h1>\n<p>\n <img decoding=\"async\" src=\"https:\/\/www.visitliptov.sk\/wp-content\/uploads\/2019\/04\/Liptov_star_KAVIAREN-3-hviezdy-e1473338182164.png\" alt=\"\" \/>\n <img decoding=\"async\" src=\"https:\/\/www.visitliptov.sk\/wp-content\/uploads\/2019\/04\/Hotel3-e1473664096538.jpg\" alt=\"\" \/>\n <img decoding=\"async\" src=\"https:\/\/www.visitliptov.sk\/wp-content\/uploads\/2019\/04\/lipt.hviezda_rest.png\" alt=\"\" \/>\n<\/p>\n<h1 style=\"text-align: center;\" data-fontsize=\"34\" data-lineheight=\"48\"><a href=\"\/?page_id=45848\" target=\"_blank\">Liptov&#8217;s star 2016<\/a><\/h1>\n<p>\n<\/p>\n<h1 style=\"text-align: center;\" data-fontsize=\"34\" data-lineheight=\"48\"><a href=\"\/?page_id=15927\" target=\"_blank\">Liptov&#8217;s star 2015<\/a><\/h1>\n<p>\n<\/p>\n<h1 style=\"text-align: center;\" data-fontsize=\"34\" data-lineheight=\"48\"><a href=\"\/?page_id=11859\" target=\"_blank\">Liptov&#8217;s star 2014<\/a><\/h1>\n<p>\n<\/p>\n\n\n","protected":false},"excerpt":{"rendered":"","protected":false},"author":1,"featured_media":81394,"parent":0,"menu_order":0,"comment_status":"open","ping_status":"open","template":"","meta":{"_acf_changed":false,"inline_featured_image":false,"episode_type":"","audio_file":"","cover_image":"","cover_image_id":"","duration":"","filesize":"","date_recorded":"","explicit":"","block":"","filesize_raw":"","_jf_limit_responses":"","footnotes":""},"class_list":["post-84781","page","type-page","status-publish","has-post-thumbnail","hentry"],"acf":{"vyhradny_obrazok":false,"second_feature_image":null,"search_top_keywords":""},"wpml_translations_detailed":{"en":{"id":84781,"title":"Quality award","url":"https:\/\/www.visitliptov.sk\/en\/quality-award\/","api_url":"https:\/\/www.visitliptov.sk\/en\/wp-json\/wp\/v2\/page\/84781","status":"publish","excerpt":"","content":"[fusion_builder_container hundred_percent=\"yes\" overflow=\"visible\"][fusion_builder_row][fusion_builder_column type=\"1_1\" last=\"yes\" spacing=\"yes\" center_content=\"no\" hide_on_mobile=\"no\" background_color=\"\" background_image=\"\" background_repeat=\"no-repeat\" background_position=\"left top\" border_position=\"all\" border_size=\"0px\" border_color=\"\" border_style=\"\" padding=\"\" margin_top=\"\" margin_bottom=\"\" animation_type=\"\" animation_direction=\"\" animation_speed=\"0.1\" class=\"\" id=\"\"][fusion_text]Liptov is a tourist region, whose success is built on services. We are keen to continuously improve and to make those who provide them realize that there is always room for improvement.\n\nThe conclusion that liptov restaurants are among the best in Slovakia, reached after more than a month lasting anonymous P\u0159epadovka catering facilities in the region of the evaluation committee of the project called Liptovsk\u00e1 star. Quality Certificate from November 2014 to November 2016, boasts ten restaurants in the region Liptov. Liptovsk\u00e1 star has the ambition to become a recognized brand and trademark high level, for which it pays to come!\n<h2 style=\"text-align: justify;\">The results:<\/h2>\n<h1 style=\"text-align: justify;\"><\/h1>\n[\/fusion_text][\/fusion_builder_column][fusion_builder_column type=\"1_3\" last=\"no\" spacing=\"yes\" center_content=\"no\" hide_on_mobile=\"no\" background_color=\"\" background_image=\"\" background_repeat=\"no-repeat\" background_position=\"left top\" border_position=\"all\" border_size=\"0px\" border_color=\"\" border_style=\"\" padding=\"\" margin_top=\"\" margin_bottom=\"\" animation_type=\"\" animation_direction=\"\" animation_speed=\"0.1\" class=\"\" id=\"\"][fusion_imageframe lightbox=\"no\" lightbox_image=\"\" style_type=\"none\" hover_type=\"none\" bordercolor=\"\" bordersize=\"0px\" borderradius=\"0\" stylecolor=\"\" align=\"none\" link=\"http:\/\/www.visitliptov.sk\/kde-jest-a-pit\/liptovska-hviezda-2016\/\" linktarget=\"_self\" animation_type=\"0\" animation_direction=\"down\" animation_speed=\"0.1\" hide_on_mobile=\"no\" class=\"\" id=\"\"] <img src=\"https:\/\/www.visitliptov.sk\/wp-content\/uploads\/2019\/04\/Liptov_star_KAVIAREN-3-hviezdy-e1473338182164.png\" alt=\"\" \/>[\/fusion_imageframe][\/fusion_builder_column][fusion_builder_column type=\"1_3\" last=\"no\" spacing=\"yes\" center_content=\"no\" hide_on_mobile=\"no\" background_color=\"\" background_image=\"\" background_repeat=\"no-repeat\" background_position=\"left top\" border_position=\"all\" border_size=\"0px\" border_color=\"\" border_style=\"\" padding=\"\" margin_top=\"\" margin_bottom=\"\" animation_type=\"\" animation_direction=\"\" animation_speed=\"0.1\" class=\"\" id=\"\"][fusion_imageframe lightbox=\"no\" lightbox_image=\"\" style_type=\"none\" hover_type=\"none\" bordercolor=\"\" bordersize=\"0px\" borderradius=\"0\" stylecolor=\"\" align=\"none\" link=\"http:\/\/www.visitliptov.sk\/kde-sa-ubytovat\/liptovska-hviezda-2015\/\" linktarget=\"_self\" animation_type=\"0\" animation_direction=\"down\" animation_speed=\"0.1\" hide_on_mobile=\"no\" class=\"\" id=\"\"] <img src=\"https:\/\/www.visitliptov.sk\/wp-content\/uploads\/2019\/04\/Hotel3-e1473664096538.jpg\" alt=\"\" \/>[\/fusion_imageframe][\/fusion_builder_column][fusion_builder_column type=\"1_3\" last=\"yes\" spacing=\"yes\" center_content=\"no\" hide_on_mobile=\"no\" background_color=\"\" background_image=\"\" background_repeat=\"no-repeat\" background_position=\"left top\" border_position=\"all\" border_size=\"0px\" border_color=\"\" border_style=\"\" padding=\"\" margin_top=\"\" margin_bottom=\"\" animation_type=\"\" animation_direction=\"\" animation_speed=\"0.1\" class=\"\" id=\"\"][fusion_imageframe lightbox=\"no\" lightbox_image=\"\" style_type=\"none\" hover_type=\"none\" bordercolor=\"\" bordersize=\"0px\" borderradius=\"0\" stylecolor=\"\" align=\"none\" link=\"http:\/\/www.visitliptov.sk\/kde-jest-a-pit\/ocenenie-liptovska-hviezda\/liptovska-hviezda_2014\/\" linktarget=\"_self\" animation_type=\"0\" animation_direction=\"down\" animation_speed=\"0.1\" hide_on_mobile=\"no\" class=\"\" id=\"\"] <img src=\"https:\/\/www.visitliptov.sk\/wp-content\/uploads\/2019\/04\/lipt.hviezda_rest.png\" alt=\"\" \/>[\/fusion_imageframe][\/fusion_builder_column][fusion_builder_column type=\"1_3\" last=\"no\" spacing=\"yes\" center_content=\"no\" hide_on_mobile=\"no\" background_color=\"\" background_image=\"\" background_repeat=\"no-repeat\" background_position=\"left top\" border_position=\"all\" border_size=\"0px\" border_color=\"\" border_style=\"\" padding=\"\" margin_top=\"\" margin_bottom=\"\" animation_type=\"\" animation_direction=\"\" animation_speed=\"0.1\" class=\"\" id=\"\"][fusion_text]\n<h1 style=\"text-align: center;\" data-fontsize=\"34\" data-lineheight=\"48\"><a href=\"\/?page_id=45848\" target=\"_blank\">Liptov's star 2016<\/a><\/h1>\n[\/fusion_text][\/fusion_builder_column][fusion_builder_column type=\"1_3\" last=\"no\" spacing=\"yes\" center_content=\"no\" hide_on_mobile=\"no\" background_color=\"\" background_image=\"\" background_repeat=\"no-repeat\" background_position=\"left top\" border_position=\"all\" border_size=\"0px\" border_color=\"\" border_style=\"\" padding=\"\" margin_top=\"\" margin_bottom=\"\" animation_type=\"\" animation_direction=\"\" animation_speed=\"0.1\" class=\"\" id=\"\"][fusion_text]\n<h1 style=\"text-align: center;\" data-fontsize=\"34\" data-lineheight=\"48\"><a href=\"\/?page_id=15927\" target=\"_blank\">Liptov's star 2015<\/a><\/h1>\n[\/fusion_text][\/fusion_builder_column][fusion_builder_column type=\"1_3\" last=\"yes\" spacing=\"yes\" center_content=\"no\" hide_on_mobile=\"no\" background_color=\"\" background_image=\"\" background_repeat=\"no-repeat\" background_position=\"left top\" border_position=\"all\" border_size=\"0px\" border_color=\"\" border_style=\"\" padding=\"\" margin_top=\"\" margin_bottom=\"\" animation_type=\"\" animation_direction=\"\" animation_speed=\"0.1\" class=\"\" id=\"\"][fusion_text]\n<h1 style=\"text-align: center;\" data-fontsize=\"34\" data-lineheight=\"48\"><a href=\"\/?page_id=11859\" target=\"_blank\">Liptov's star 2014<\/a><\/h1>\n[\/fusion_text][\/fusion_builder_column][\/fusion_builder_row][\/fusion_builder_container]","featured_media":81394,"featured_media_url":"https:\/\/www.visitliptov.sk\/wp-content\/uploads\/2019\/04\/litp_hviezda-e1455625861465-600x368.jpg","images_gallery_urls":[],"fotka_1_url":null,"fotka_2_url":null,"fotka_3_url":null,"fotka_4_url":null,"fotka_5_url":null,"fotka_6_url":null,"fotka_7_url":null,"fotka_8_url":null}},"_links":{"self":[{"href":"https:\/\/www.visitliptov.sk\/en\/wp-json\/wp\/v2\/pages\/84781"}],"collection":[{"href":"https:\/\/www.visitliptov.sk\/en\/wp-json\/wp\/v2\/pages"}],"about":[{"href":"https:\/\/www.visitliptov.sk\/en\/wp-json\/wp\/v2\/types\/page"}],"author":[{"embeddable":true,"href":"https:\/\/www.visitliptov.sk\/en\/wp-json\/wp\/v2\/users\/1"}],"replies":[{"embeddable":true,"href":"https:\/\/www.visitliptov.sk\/en\/wp-json\/wp\/v2\/comments?post=84781"}],"version-history":[{"count":0,"href":"https:\/\/www.visitliptov.sk\/en\/wp-json\/wp\/v2\/pages\/84781\/revisions"}],"wp:featuredmedia":[{"embeddable":true,"href":"https:\/\/www.visitliptov.sk\/en\/wp-json\/wp\/v2\/media\/81394"}],"wp:attachment":[{"href":"https:\/\/www.visitliptov.sk\/en\/wp-json\/wp\/v2\/media?parent=84781"}],"curies":[{"name":"wp","href":"https:\/\/api.w.org\/{rel}","templated":true}]}}