{"id":84736,"date":"2017-01-05T00:00:00","date_gmt":"2017-01-04T23:00:00","guid":{"rendered":"https:\/\/www.visitliptov.sk\/booking\/book-your-holiday-in-liptov-from-uk\/ski-rental-school-and-other-services\/"},"modified":"2017-01-05T00:00:00","modified_gmt":"2017-01-04T23:00:00","slug":"ski-rental-school-and-other-services","status":"publish","type":"page","link":"https:\/\/www.visitliptov.sk\/en\/booking\/book-your-holiday-in-liptov-from-uk\/ski-rental-school-and-other-services\/","title":{"rendered":"SKI rental, school and other services"},"content":{"rendered":"<p>\n<h1>SKI RENTAL, SCHOOL and other services<\/h1>\n<p><\/p>\n<h1><strong>SKI RENTAL on Liptov<\/strong><\/h1>\n<p><\/p>\n<\/p>\n<h2><strong>Tatry Motion<\/strong><\/h2>\n<p>\n<p> <img decoding=\"async\" src=\"https:\/\/www.visitliptov.sk\/wp-content\/uploads\/2019\/03\/motion.png\" alt=\"Tatry Motion Jasna\" \/><\/p>\n<hr \/>\n<p>Phone: +421 910 818 223<br \/>\nemail:\u00a0<a href=\"mailto:sport@jasna.sk\">sport@jasna.sk<\/a><\/p>\n<\/p>\n<p style=\"text-align: justify;\">Best equipped rentals in the resort Jasn\u00e1 N\u00edzke Tatry offer ski, snowboard and cross-country ski equipment as well as helmets, skates and accessories for adults and children. The rentals offer a wide range of top skis, racing skis and freeride skis as well as snowboards and daily professional full-service in adjusting the equipment to the client\u2019s measure.<br \/>\nTatry motion offer TEST CENTRUM, DEPOT and other bonuses.<\/p>\n<p>\n<\/p>\n<h2><strong><big>INTERSPORT RENT Jasn\u00e1<\/big><\/strong><\/h2>\n<p>\n<p> <img decoding=\"async\" src=\"https:\/\/www.visitliptov.sk\/wp-content\/uploads\/2019\/03\/interposrtLM01.jpg\" alt=\"Intersport\" \/><\/p>\n<hr \/>\n<p>Phone:+421 901 754 051<br \/>\nEmail: <a href=\"mailto:intersport@jasna.sk\">intersport@jasna.sk<\/a><!--more--><\/p>\nThe operation is located in Hotel Ski &amp; Fun in the largest ski resort in Slovakia Jasnej-Zahradky.<\/p>\n<p>\n<\/p>\n<h2><strong>Bartek SKI<\/strong><\/h2>\n<p>\n<p> <img decoding=\"async\" src=\"https:\/\/www.visitliptov.sk\/wp-content\/uploads\/2019\/03\/bartek01.jpg\" alt=\"\" \/><\/p>\n<hr \/>\n<p>Phone:+ 421 (0)905 560963<br \/>\nEmail: <a href=\"mailto:milosbartek@stonline.sk\">milosbartek@stonline.sk<\/a>\u00a0<!--more--><\/p>\n<\/p>\n<p style=\"text-align: justify;\">Ski testing &#8211; carving, carving fun. Possibility to store NON STOP. Ski equipment skis + boots + poles + glasses. There you will find boots for big foot.<\/p>\n<p>\n<\/p>\n<h2><strong><big>Skiservis Ni\u0148aj <\/big><\/strong><\/h2>\n<p>\n<p> <img decoding=\"async\" src=\"https:\/\/www.visitliptov.sk\/wp-content\/uploads\/2019\/03\/skiNinaj.jpg\" alt=\"\" \/><\/p>\n<hr \/>\n<p>Phone: +421 905 357 133<br \/>\nEmail: <a href=\"mailto:skiservis@skiservis.sk\">skiservis@skiservis.sk<\/a><\/p>\n<p><!--more--><\/p>\n<\/p>\n<p style=\"text-align: justify;\">Choosing from a wide range of foreign brands: Rossignol, Salomon, Atomic, Voelkl, Head, Nordica ski boots, Technica, Lange and Burton snowboards&#8230; in all lengths and sizes ready for quality machine brand. MONTANA.<\/p>\n<p>\n<\/p>\n<h2><\/h2>\n<h1>SKI SCHOOLS on Liptov<\/h1>\n<p>\n<\/p>\n<h2><strong><big>Ski courses for schools Jasn\u00e1<\/big><\/strong><\/h2>\n<p>\n<p> <img decoding=\"async\" src=\"https:\/\/www.visitliptov.sk\/wp-content\/uploads\/2019\/03\/tmr_foto-14.jpg\" alt=\"\" \/><\/p>\n<hr \/>\n<p>Phone: +421 911 565 842<br \/>\nEmail:\u00a0<a class=\"moz-txt-link-abbreviated\" href=\"mailto:skischool@jasna.sk\">skischool@jasna.sk<\/a><\/p>\n<p><!--more--><\/p>\n<\/p>\n<h2><\/h2>\n<p><span>Tatry mountain resorts, a.s prepared favorable conditions to organize ski courses in the resorts Jasn\u00e1 N\u00edzke Tatry and High Tatras &#8211; Tatransk\u00e1 Lomnica and \u0160trbsk\u00e9 Pleso for all types of primary schools (PS), secondary schools (SS) and universities (U) for the winter season 2014\/2015. The ski course has to be ordered minimum 10 days in advance by a written order at: <\/span><strong><a class=\"moz-txt-link-abbreviated\" href=\"mailto:info@jasna.sk\">info@jasna.sk<\/a><\/strong> for Jasn\u00e1 N\u00edzke Tatry Chopok resort\n<\/p>\n<h2><strong><big>Ski school \u017diarce <\/big><\/strong><\/h2>\n<p>\n<p> <img decoding=\"async\" src=\"https:\/\/www.visitliptov.sk\/wp-content\/uploads\/2019\/04\/ziarce_school.png\" alt=\"\" \/><\/p>\n<hr \/>\n<p>Pav\u010dina Lehota 192<br \/>\nPhone: +421 908 308 808<br \/>\nEmail:<a class=\"moz-txt-link-abbreviated\" href=\"mailto:info@%E2%80%8Bziarce.%E2%80%8Bsk\">info@\u200bziarce.\u200bsk<\/a><\/p>\n<p><!--more--><\/p>\n<\/p>\n<p style=\"text-align: justify;\">With our ski instructors can brush up on everything that you may have already forgotten. We know from experience that with parenting and work responsibilities comes a greater fear of potential injury skiing. Therefore, each client is treated individually and adapt his teaching physical abilities.<\/p>\n<p>\n<\/p>\n<h2><strong><big>FIS SKI School &#8211; Jasn\u00e1<\/big><\/strong><\/h2>\n<p>\n<p> <img decoding=\"async\" src=\"https:\/\/www.visitliptov.sk\/wp-content\/uploads\/2019\/04\/fisski.png\" alt=\"\" \/><\/p>\n<hr \/>\n<p>Ing. Radovan FILIPKO<br \/>\nContact.: +421 905 704 356<br \/>\nE-mail:<a class=\"moz-txt-link-abbreviated\" href=\"mailto:info@fisski.sk\">info@fisski.sk<\/a><\/p>\n<p><!--more--><\/p>\n<\/p>\n<p style=\"text-align: justify;\">Our skilled instructors who can communicate in Angli\u010dtina, German, Russian, Czech, Polish and Slovak language are guaranty of Professionality, quality and fun. Everyone of our instructors is a member of Slovak Association of Professional Teachers of skiing and snowboarding teachers and Slovak Ski Association. These associations guarantee their competences and Professionality. Meetings of attendants are held on the arranged meeting point. Meeting is possible on another place after the consultation.<\/p>\n<p>\n<\/p>\n\n\n","protected":false},"excerpt":{"rendered":"<p>Phone:+421 901 754 051 Email: intersport@jasna.sk<\/p>\n","protected":false},"author":1,"featured_media":84737,"parent":84686,"menu_order":0,"comment_status":"open","ping_status":"open","template":"","meta":{"_acf_changed":false,"inline_featured_image":false,"episode_type":"","audio_file":"","cover_image":"","cover_image_id":"","duration":"","filesize":"","date_recorded":"","explicit":"","block":"","filesize_raw":"","_jf_limit_responses":"","footnotes":""},"class_list":["post-84736","page","type-page","status-publish","has-post-thumbnail","hentry"],"acf":{"vyhradny_obrazok":false,"second_feature_image":null,"search_top_keywords":""},"wpml_translations_detailed":{"en":{"id":84736,"title":"SKI rental, school and other services","url":"https:\/\/www.visitliptov.sk\/en\/booking\/book-your-holiday-in-liptov-from-uk\/ski-rental-school-and-other-services\/","api_url":"https:\/\/www.visitliptov.sk\/en\/wp-json\/wp\/v2\/page\/84736","status":"publish","excerpt":"Phone:+421 901 754 051 Email: intersport@jasna.sk","content":"[fusion_builder_container hundred_percent=\"yes\" overflow=\"visible\"][fusion_builder_row][fusion_builder_column type=\"1_1\" last=\"yes\" spacing=\"yes\" center_content=\"no\" hide_on_mobile=\"no\" background_color=\"\" background_image=\"\" background_repeat=\"no-repeat\" background_position=\"left top\" border_position=\"all\" border_size=\"0px\" border_color=\"\" border_style=\"\" padding=\"\" margin_top=\"\" margin_bottom=\"\" animation_type=\"\" animation_direction=\"\" animation_speed=\"0.1\" class=\"\" id=\"\"][fusion_text]\n<h1>SKI RENTAL, SCHOOL and other services<\/h1>\n[\/fusion_text][fusion_text]\n<h1><strong>SKI RENTAL on Liptov<\/strong><\/h1>\n[\/fusion_text][\/fusion_builder_column][fusion_builder_column type=\"1_1\" last=\"yes\" spacing=\"yes\" center_content=\"no\" hide_on_mobile=\"no\" background_color=\"\" background_image=\"\" background_repeat=\"no-repeat\" background_position=\"left top\" border_position=\"all\" border_size=\"0px\" border_color=\"\" border_style=\"\" padding=\"\" margin_top=\"\" margin_bottom=\"\" animation_type=\"\" animation_direction=\"\" animation_speed=\"0.1\" class=\"\" id=\"\"][fusion_text]\n<h2><strong>Tatry Motion<\/strong><\/h2>\n[\/fusion_text][\/fusion_builder_column][fusion_builder_column type=\"1_3\" last=\"no\" spacing=\"yes\" center_content=\"no\" hide_on_mobile=\"no\" background_color=\"\" background_image=\"\" background_repeat=\"no-repeat\" background_position=\"left top\" border_position=\"all\" border_size=\"0px\" border_color=\"\" border_style=\"\" padding=\"\" margin_top=\"\" margin_bottom=\"\" animation_type=\"\" animation_direction=\"\" animation_speed=\"0.1\" class=\"\" id=\"\"][fusion_imageframe lightbox=\"no\" lightbox_image=\"\" style_type=\"none\" hover_type=\"none\" bordercolor=\"\" bordersize=\"0px\" borderradius=\"0\" stylecolor=\"\" align=\"none\" link=\"http:\/\/www.visitliptov.sk\/en\/zaujimavosti\/shops-rental-and-bike-park\/\" linktarget=\"_blank\" animation_type=\"0\" animation_direction=\"down\" animation_speed=\"0.1\" hide_on_mobile=\"no\" class=\"\" id=\"\"] <img src=\"https:\/\/www.visitliptov.sk\/wp-content\/uploads\/2019\/03\/motion.png\" alt=\"Tatry Motion Jasna\" \/>[\/fusion_imageframe][fusion_text]\n\n<hr \/>\n\nPhone: +421 910 818 223\nemail:\u00a0<a href=\"mailto:sport@jasna.sk\">sport@jasna.sk<\/a>[\/fusion_text][\/fusion_builder_column][fusion_builder_column type=\"2_3\" last=\"yes\" spacing=\"yes\" center_content=\"no\" hide_on_mobile=\"no\" background_color=\"\" background_image=\"\" background_repeat=\"no-repeat\" background_position=\"left top\" border_position=\"all\" border_size=\"0px\" border_color=\"\" border_style=\"\" padding=\"\" margin_top=\"\" margin_bottom=\"\" animation_type=\"\" animation_direction=\"\" animation_speed=\"0.1\" class=\"\" id=\"\"][fusion_text]\n<p style=\"text-align: justify;\">Best equipped rentals in the resort Jasn\u00e1 N\u00edzke Tatry offer ski, snowboard and cross-country ski equipment as well as helmets, skates and accessories for adults and children. The rentals offer a wide range of top skis, racing skis and freeride skis as well as snowboards and daily professional full-service in adjusting the equipment to the client\u2019s measure.\nTatry motion offer TEST CENTRUM, DEPOT and other bonuses.<\/p>\n[\/fusion_text][\/fusion_builder_column][fusion_builder_column type=\"1_1\" last=\"yes\" spacing=\"yes\" center_content=\"no\" hide_on_mobile=\"no\" background_color=\"\" background_image=\"\" background_repeat=\"no-repeat\" background_position=\"left top\" border_position=\"all\" border_size=\"0px\" border_color=\"\" border_style=\"\" padding=\"\" margin_top=\"\" margin_bottom=\"\" animation_type=\"\" animation_direction=\"\" animation_speed=\"0.1\" class=\"\" id=\"\"][fusion_text]\n<h2><strong><big>INTERSPORT RENT Jasn\u00e1<\/big><\/strong><\/h2>\n[\/fusion_text][\/fusion_builder_column][fusion_builder_column type=\"1_3\" last=\"no\" spacing=\"yes\" center_content=\"no\" hide_on_mobile=\"no\" background_color=\"\" background_image=\"\" background_repeat=\"no-repeat\" background_position=\"left top\" border_position=\"all\" border_size=\"0px\" border_color=\"\" border_style=\"\" padding=\"\" margin_top=\"\" margin_bottom=\"\" animation_type=\"\" animation_direction=\"\" animation_speed=\"0.1\" class=\"\" id=\"\"][fusion_imageframe lightbox=\"no\" lightbox_image=\"\" style_type=\"none\" hover_type=\"none\" bordercolor=\"\" bordersize=\"0px\" borderradius=\"0\" stylecolor=\"\" align=\"none\" link=\"http:\/\/www.visitliptov.sk\/en\/zaujimavosti\/intersport-liptovsky-mikulas\/\" linktarget=\"_self\" animation_type=\"0\" animation_direction=\"down\" animation_speed=\"0.1\" hide_on_mobile=\"no\" class=\"\" id=\"\"] <img src=\"https:\/\/www.visitliptov.sk\/wp-content\/uploads\/2019\/03\/interposrtLM01.jpg\" alt=\"Intersport\" \/>[\/fusion_imageframe][fusion_text]\n\n<hr \/>\n\nPhone:+421 901 754 051\nEmail: <a href=\"mailto:intersport@jasna.sk\">intersport@jasna.sk<\/a><!--more-->[\/fusion_text][\/fusion_builder_column][fusion_builder_column type=\"2_3\" last=\"yes\" spacing=\"yes\" center_content=\"no\" hide_on_mobile=\"no\" background_color=\"\" background_image=\"\" background_repeat=\"no-repeat\" background_position=\"left top\" border_position=\"all\" border_size=\"0px\" border_color=\"\" border_style=\"\" padding=\"\" margin_top=\"\" margin_bottom=\"\" animation_type=\"\" animation_direction=\"\" animation_speed=\"0.1\" class=\"\" id=\"\"][fusion_text]The operation is located in Hotel Ski &amp; Fun in the largest ski resort in Slovakia Jasnej-Zahradky.\n\n[\/fusion_text][\/fusion_builder_column][fusion_builder_column type=\"1_1\" last=\"yes\" spacing=\"yes\" center_content=\"no\" hide_on_mobile=\"no\" background_color=\"\" background_image=\"\" background_repeat=\"no-repeat\" background_position=\"left top\" border_position=\"all\" border_size=\"0px\" border_color=\"\" border_style=\"\" padding=\"\" margin_top=\"\" margin_bottom=\"\" animation_type=\"\" animation_direction=\"\" animation_speed=\"0.1\" class=\"\" id=\"\"][fusion_text]\n<h2><strong>Bartek SKI<\/strong><\/h2>\n[\/fusion_text][\/fusion_builder_column][fusion_builder_column type=\"1_3\" last=\"no\" spacing=\"yes\" center_content=\"no\" hide_on_mobile=\"no\" background_color=\"\" background_image=\"\" background_repeat=\"no-repeat\" background_position=\"left top\" border_position=\"all\" border_size=\"0px\" border_color=\"\" border_style=\"\" padding=\"\" margin_top=\"\" margin_bottom=\"\" animation_type=\"\" animation_direction=\"\" animation_speed=\"0.1\" class=\"\" id=\"\"][fusion_imageframe lightbox=\"no\" lightbox_image=\"\" style_type=\"none\" hover_type=\"none\" bordercolor=\"\" bordersize=\"0px\" borderradius=\"0\" stylecolor=\"\" align=\"none\" link=\"http:\/\/www.visitliptov.sk\/en\/zaujimavosti\/bartekski-rental-and-servicing-of-skis\/\" linktarget=\"_self\" animation_type=\"0\" animation_direction=\"down\" animation_speed=\"0.1\" hide_on_mobile=\"no\" class=\"\" id=\"\"] <img src=\"https:\/\/www.visitliptov.sk\/wp-content\/uploads\/2019\/03\/bartek01.jpg\" alt=\"\" \/>[\/fusion_imageframe][fusion_text]\n\n<hr \/>\n\nPhone:+ 421 (0)905 560963\nEmail: <a href=\"mailto:milosbartek@stonline.sk\">milosbartek@stonline.sk<\/a>\u00a0<!--more-->[\/fusion_text][\/fusion_builder_column][fusion_builder_column type=\"2_3\" last=\"yes\" spacing=\"yes\" center_content=\"no\" hide_on_mobile=\"no\" background_color=\"\" background_image=\"\" background_repeat=\"no-repeat\" background_position=\"left top\" border_position=\"all\" border_size=\"0px\" border_color=\"\" border_style=\"\" padding=\"\" margin_top=\"\" margin_bottom=\"\" animation_type=\"\" animation_direction=\"\" animation_speed=\"0.1\" class=\"\" id=\"\"][fusion_text]\n<p style=\"text-align: justify;\">Ski testing - carving, carving fun. Possibility to store NON STOP. Ski equipment skis + boots + poles + glasses. There you will find boots for big foot.<\/p>\n[\/fusion_text][\/fusion_builder_column][fusion_builder_column type=\"1_1\" last=\"yes\" spacing=\"yes\" center_content=\"no\" hide_on_mobile=\"no\" background_color=\"\" background_image=\"\" background_repeat=\"no-repeat\" background_position=\"left top\" border_position=\"all\" border_size=\"0px\" border_color=\"\" border_style=\"\" padding=\"\" margin_top=\"\" margin_bottom=\"\" animation_type=\"\" animation_direction=\"\" animation_speed=\"0.1\" class=\"\" id=\"\"][fusion_text]\n<h2><strong><big>Skiservis Ni\u0148aj <\/big><\/strong><\/h2>\n[\/fusion_text][\/fusion_builder_column][fusion_builder_column type=\"1_3\" last=\"no\" spacing=\"yes\" center_content=\"no\" hide_on_mobile=\"no\" background_color=\"\" background_image=\"\" background_repeat=\"no-repeat\" background_position=\"left top\" border_position=\"all\" border_size=\"0px\" border_color=\"\" border_style=\"\" padding=\"\" margin_top=\"\" margin_bottom=\"\" animation_type=\"\" animation_direction=\"\" animation_speed=\"0.1\" class=\"\" id=\"\"][fusion_imageframe lightbox=\"no\" lightbox_image=\"\" style_type=\"none\" hover_type=\"none\" bordercolor=\"\" bordersize=\"0px\" borderradius=\"0\" stylecolor=\"\" align=\"none\" link=\"http:\/\/www.visitliptov.sk\/en\/zaujimavosti\/ski-ninaj-rent-service-shop\/\" linktarget=\"_self\" animation_type=\"0\" animation_direction=\"down\" animation_speed=\"0.1\" hide_on_mobile=\"no\" class=\"\" id=\"\"] <img src=\"https:\/\/www.visitliptov.sk\/wp-content\/uploads\/2019\/03\/skiNinaj.jpg\" alt=\"\" \/>[\/fusion_imageframe][fusion_text]\n\n<hr \/>\n\nPhone: +421 905 357 133\nEmail: <a href=\"mailto:skiservis@skiservis.sk\">skiservis@skiservis.sk<\/a>\n\n<!--more-->[\/fusion_text][\/fusion_builder_column][fusion_builder_column type=\"2_3\" last=\"yes\" spacing=\"yes\" center_content=\"no\" hide_on_mobile=\"no\" background_color=\"\" background_image=\"\" background_repeat=\"no-repeat\" background_position=\"left top\" border_position=\"all\" border_size=\"0px\" border_color=\"\" border_style=\"\" padding=\"\" margin_top=\"\" margin_bottom=\"\" animation_type=\"\" animation_direction=\"\" animation_speed=\"0.1\" class=\"\" id=\"\"][fusion_text]\n<p style=\"text-align: justify;\">Choosing from a wide range of foreign brands: Rossignol, Salomon, Atomic, Voelkl, Head, Nordica ski boots, Technica, Lange and Burton snowboards... in all lengths and sizes ready for quality machine brand. MONTANA.<\/p>\n[\/fusion_text][\/fusion_builder_column][fusion_builder_column type=\"1_1\" last=\"yes\" spacing=\"yes\" center_content=\"no\" hide_on_mobile=\"no\" background_color=\"\" background_image=\"\" background_repeat=\"no-repeat\" background_position=\"left top\" border_position=\"all\" border_size=\"0px\" border_color=\"\" border_style=\"\" padding=\"\" margin_top=\"\" margin_bottom=\"\" animation_type=\"\" animation_direction=\"\" animation_speed=\"0.1\" class=\"\" id=\"\"][fusion_text]\n<h2><\/h2>\n<h1>SKI SCHOOLS on Liptov<\/h1>\n[\/fusion_text][\/fusion_builder_column][fusion_builder_column type=\"1_1\" last=\"yes\" spacing=\"yes\" center_content=\"no\" hide_on_mobile=\"no\" background_color=\"\" background_image=\"\" background_repeat=\"no-repeat\" background_position=\"left top\" border_position=\"all\" border_size=\"0px\" border_color=\"\" border_style=\"\" padding=\"\" margin_top=\"\" margin_bottom=\"\" animation_type=\"\" animation_direction=\"\" animation_speed=\"0.1\" class=\"\" id=\"\"][fusion_text]\n<h2><strong><big>Ski courses for schools Jasn\u00e1<\/big><\/strong><\/h2>\n[\/fusion_text][\/fusion_builder_column][fusion_builder_column type=\"1_3\" last=\"no\" spacing=\"yes\" center_content=\"no\" hide_on_mobile=\"no\" background_color=\"\" background_image=\"\" background_repeat=\"no-repeat\" background_position=\"left top\" border_position=\"all\" border_size=\"0px\" border_color=\"\" border_style=\"\" padding=\"\" margin_top=\"\" margin_bottom=\"\" animation_type=\"\" animation_direction=\"\" animation_speed=\"0.1\" class=\"\" id=\"\"][fusion_imageframe lightbox=\"no\" lightbox_image=\"\" style_type=\"none\" hover_type=\"none\" bordercolor=\"\" bordersize=\"0px\" borderradius=\"0\" stylecolor=\"\" align=\"none\" link=\"http:\/\/www.visitliptov.sk\/en\/zaujimavosti\/shops-rental-and-bike-park\/\" linktarget=\"_self\" animation_type=\"0\" animation_direction=\"down\" animation_speed=\"0.1\" hide_on_mobile=\"no\" class=\"\" id=\"\"] <img src=\"https:\/\/www.visitliptov.sk\/wp-content\/uploads\/2019\/03\/tmr_foto-14.jpg\" alt=\"\" \/>[\/fusion_imageframe][fusion_text]\n\n<hr \/>\n\nPhone: +421 911 565 842\nEmail:\u00a0<a class=\"moz-txt-link-abbreviated\" href=\"mailto:skischool@jasna.sk\">skischool@jasna.sk<\/a>\n\n<!--more-->[\/fusion_text][\/fusion_builder_column][fusion_builder_column type=\"2_3\" last=\"yes\" spacing=\"yes\" center_content=\"no\" hide_on_mobile=\"no\" background_color=\"\" background_image=\"\" background_repeat=\"no-repeat\" background_position=\"left top\" border_position=\"all\" border_size=\"0px\" border_color=\"\" border_style=\"\" padding=\"\" margin_top=\"\" margin_bottom=\"\" animation_type=\"\" animation_direction=\"\" animation_speed=\"0.1\" class=\"\" id=\"\"][fusion_text]\n<h2><\/h2>\nTatry mountain resorts, a.s prepared favorable conditions to organize ski courses in the resorts Jasn\u00e1 N\u00edzke Tatry and High Tatras - Tatransk\u00e1 Lomnica and \u0160trbsk\u00e9 Pleso for all types of primary schools (PS), secondary schools (SS) and universities (U) for the winter season 2014\/2015. The ski course has to be ordered minimum 10 days in advance by a written order at: <strong><a class=\"moz-txt-link-abbreviated\" href=\"mailto:info@jasna.sk\">info@jasna.sk<\/a><\/strong> for Jasn\u00e1 N\u00edzke Tatry Chopok resort[\/fusion_text][\/fusion_builder_column][fusion_builder_column type=\"1_1\" last=\"yes\" spacing=\"yes\" center_content=\"no\" hide_on_mobile=\"no\" background_color=\"\" background_image=\"\" background_repeat=\"no-repeat\" background_position=\"left top\" border_position=\"all\" border_size=\"0px\" border_color=\"\" border_style=\"\" padding=\"\" margin_top=\"\" margin_bottom=\"\" animation_type=\"\" animation_direction=\"\" animation_speed=\"0.1\" class=\"\" id=\"\"][fusion_text]\n<h2><strong><big>Ski school \u017diarce <\/big><\/strong><\/h2>\n[\/fusion_text][\/fusion_builder_column][fusion_builder_column type=\"1_3\" last=\"no\" spacing=\"yes\" center_content=\"no\" hide_on_mobile=\"no\" background_color=\"\" background_image=\"\" background_repeat=\"no-repeat\" background_position=\"left top\" border_position=\"all\" border_size=\"0px\" border_color=\"\" border_style=\"\" padding=\"\" margin_top=\"\" margin_bottom=\"\" animation_type=\"\" animation_direction=\"\" animation_speed=\"0.1\" class=\"\" id=\"\"][fusion_imageframe lightbox=\"no\" lightbox_image=\"\" style_type=\"none\" hover_type=\"none\" bordercolor=\"\" bordersize=\"0px\" borderradius=\"0\" stylecolor=\"\" align=\"none\" link=\"http:\/\/ziarce.sk\/lyziarska-skola\/\" linktarget=\"_blank\" animation_type=\"0\" animation_direction=\"down\" animation_speed=\"0.1\" hide_on_mobile=\"no\" class=\"\" id=\"\"] <img src=\"https:\/\/www.visitliptov.sk\/wp-content\/uploads\/2019\/04\/ziarce_school.png\" alt=\"\" \/>[\/fusion_imageframe][fusion_text]\n\n<hr \/>\n\nPav\u010dina Lehota 192\nPhone: +421 908 308 808\nEmail:<a class=\"moz-txt-link-abbreviated\" href=\"mailto:info@%E2%80%8Bziarce.%E2%80%8Bsk\">info@\u200bziarce.\u200bsk<\/a>\n\n<!--more-->[\/fusion_text][\/fusion_builder_column][fusion_builder_column type=\"2_3\" last=\"yes\" spacing=\"yes\" center_content=\"no\" hide_on_mobile=\"no\" background_color=\"\" background_image=\"\" background_repeat=\"no-repeat\" background_position=\"left top\" border_position=\"all\" border_size=\"0px\" border_color=\"\" border_style=\"\" padding=\"\" margin_top=\"\" margin_bottom=\"\" animation_type=\"\" animation_direction=\"\" animation_speed=\"0.1\" class=\"\" id=\"\"][fusion_text]\n<p style=\"text-align: justify;\">With our ski instructors can brush up on everything that you may have already forgotten. We know from experience that with parenting and work responsibilities comes a greater fear of potential injury skiing. Therefore, each client is treated individually and adapt his teaching physical abilities.<\/p>\n[\/fusion_text][\/fusion_builder_column][fusion_builder_column type=\"1_1\" last=\"yes\" spacing=\"yes\" center_content=\"no\" hide_on_mobile=\"no\" background_color=\"\" background_image=\"\" background_repeat=\"no-repeat\" background_position=\"left top\" border_position=\"all\" border_size=\"0px\" border_color=\"\" border_style=\"\" padding=\"\" margin_top=\"\" margin_bottom=\"\" animation_type=\"\" animation_direction=\"\" animation_speed=\"0.1\" class=\"\" id=\"\"][fusion_text]\n<h2><strong><big>FIS SKI School - Jasn\u00e1<\/big><\/strong><\/h2>\n[\/fusion_text][\/fusion_builder_column][fusion_builder_column type=\"1_3\" last=\"no\" spacing=\"yes\" center_content=\"no\" hide_on_mobile=\"no\" background_color=\"\" background_image=\"\" background_repeat=\"no-repeat\" background_position=\"left top\" border_position=\"all\" border_size=\"0px\" border_color=\"\" border_style=\"\" padding=\"\" margin_top=\"\" margin_bottom=\"\" animation_type=\"\" animation_direction=\"\" animation_speed=\"0.1\" class=\"\" id=\"\"][fusion_imageframe lightbox=\"no\" lightbox_image=\"\" style_type=\"none\" hover_type=\"none\" bordercolor=\"\" bordersize=\"0px\" borderradius=\"0\" stylecolor=\"\" align=\"none\" link=\"http:\/\/fisski.sk\/index.php?lang=en\" linktarget=\"_blank\" animation_type=\"0\" animation_direction=\"down\" animation_speed=\"0.1\" hide_on_mobile=\"no\" class=\"\" id=\"\"] <img src=\"https:\/\/www.visitliptov.sk\/wp-content\/uploads\/2019\/04\/fisski.png\" alt=\"\" \/>[\/fusion_imageframe][fusion_text]\n\n<hr \/>\n\nIng. Radovan FILIPKO\nContact.: +421 905 704 356\nE-mail:<a class=\"moz-txt-link-abbreviated\" href=\"mailto:info@fisski.sk\">info@fisski.sk<\/a>\n\n<!--more-->[\/fusion_text][\/fusion_builder_column][fusion_builder_column type=\"2_3\" last=\"yes\" spacing=\"yes\" center_content=\"no\" hide_on_mobile=\"no\" background_color=\"\" background_image=\"\" background_repeat=\"no-repeat\" background_position=\"left top\" border_position=\"all\" border_size=\"0px\" border_color=\"\" border_style=\"\" padding=\"\" margin_top=\"\" margin_bottom=\"\" animation_type=\"\" animation_direction=\"\" animation_speed=\"0.1\" class=\"\" id=\"\"][fusion_text]\n<p style=\"text-align: justify;\">Our skilled instructors who can communicate in Angli\u010dtina, German, Russian, Czech, Polish and Slovak language are guaranty of Professionality, quality and fun. Everyone of our instructors is a member of Slovak Association of Professional Teachers of skiing and snowboarding teachers and Slovak Ski Association. These associations guarantee their competences and Professionality. Meetings of attendants are held on the arranged meeting point. Meeting is possible on another place after the consultation.<\/p>\n[\/fusion_text][\/fusion_builder_column][\/fusion_builder_row][\/fusion_builder_container]","featured_media":84737,"featured_media_url":"https:\/\/www.visitliptov.sk\/wp-content\/uploads\/2019\/04\/ziarce_school-600x311.png","images_gallery_urls":[],"fotka_1_url":null,"fotka_2_url":null,"fotka_3_url":null,"fotka_4_url":null,"fotka_5_url":null,"fotka_6_url":null,"fotka_7_url":null,"fotka_8_url":null}},"_links":{"self":[{"href":"https:\/\/www.visitliptov.sk\/en\/wp-json\/wp\/v2\/pages\/84736"}],"collection":[{"href":"https:\/\/www.visitliptov.sk\/en\/wp-json\/wp\/v2\/pages"}],"about":[{"href":"https:\/\/www.visitliptov.sk\/en\/wp-json\/wp\/v2\/types\/page"}],"author":[{"embeddable":true,"href":"https:\/\/www.visitliptov.sk\/en\/wp-json\/wp\/v2\/users\/1"}],"replies":[{"embeddable":true,"href":"https:\/\/www.visitliptov.sk\/en\/wp-json\/wp\/v2\/comments?post=84736"}],"version-history":[{"count":0,"href":"https:\/\/www.visitliptov.sk\/en\/wp-json\/wp\/v2\/pages\/84736\/revisions"}],"up":[{"embeddable":true,"href":"https:\/\/www.visitliptov.sk\/en\/wp-json\/wp\/v2\/pages\/84686"}],"wp:featuredmedia":[{"embeddable":true,"href":"https:\/\/www.visitliptov.sk\/en\/wp-json\/wp\/v2\/media\/84737"}],"wp:attachment":[{"href":"https:\/\/www.visitliptov.sk\/en\/wp-json\/wp\/v2\/media?parent=84736"}],"curies":[{"name":"wp","href":"https:\/\/api.w.org\/{rel}","templated":true}]}}