{"id":84655,"date":"2016-06-17T00:00:00","date_gmt":"2016-06-16T22:00:00","guid":{"rendered":"https:\/\/www.visitliptov.sk\/treasures-of-liptov\/3-sheppards-chalets-and-traditional-cuisine\/"},"modified":"2016-06-17T00:00:00","modified_gmt":"2016-06-16T22:00:00","slug":"3-sheppards-chalets-and-traditional-cuisine","status":"publish","type":"page","link":"https:\/\/www.visitliptov.sk\/en\/treasures-of-liptov\/3-sheppards-chalets-and-traditional-cuisine\/","title":{"rendered":"3. Sheppard\u00b4s chalets and traditional cuisine"},"content":{"rendered":"W2xvb3AgdGhlX3F1ZXJ5PSJwb3N0c19wZXJfcGFnZT04JnBvc3RfdHlwZT16YXVqaW1hdm9zdGkmY2F0ZWdvcnktaW50ZXJlc3Q9My1zaGVwcGFyZHMtY2hhbGV0cy1hbmQtdHJhZGl0aW9uYWwtY3Vpc2luZSJd\n\n\n\n","protected":false},"excerpt":{"rendered":"","protected":false},"author":1,"featured_media":83022,"parent":84461,"menu_order":0,"comment_status":"open","ping_status":"open","template":"","meta":{"_acf_changed":false,"inline_featured_image":false,"episode_type":"","audio_file":"","cover_image":"","cover_image_id":"","duration":"","filesize":"","date_recorded":"","explicit":"","block":"","filesize_raw":"","_jf_limit_responses":"","footnotes":""},"class_list":["post-84655","page","type-page","status-publish","has-post-thumbnail","hentry"],"acf":{"vyhradny_obrazok":false,"second_feature_image":null,"search_top_keywords":""},"wpml_translations_detailed":{"sk":{"id":83020,"title":"3. Sala\u0161e a tradi\u010dn\u00e1 kuchy\u0148a","url":"https:\/\/www.visitliptov.sk\/poklady-liptova\/3-salase-a-tradicna-kuchyna\/","api_url":"https:\/\/www.visitliptov.sk\/en\/wp-json\/wp\/v2\/page\/83020","status":"publish","excerpt":"","content":"[fusion_builder_container hundred_percent=\"yes\" overflow=\"visible\"][fusion_builder_row][fusion_builder_column type=\"1_1\" last=\"yes\" spacing=\"yes\" center_content=\"no\" hide_on_mobile=\"no\" background_color=\"\" background_image=\"\" background_repeat=\"no-repeat\" background_position=\"left top\" border_position=\"all\" border_size=\"0px\" border_color=\"\" border_style=\"\" padding=\"\" margin_top=\"\" margin_bottom=\"\" animation_type=\"\" animation_direction=\"\" animation_speed=\"0.1\" class=\"\" id=\"\"][fusion_code]W2xvb3AgdGhlX3F1ZXJ5PSJwb3N0c19wZXJfcGFnZT04JnBvc3RfdHlwZT16YXVqaW1hdm9zdGkmY2F0ZWdvcnktaW50ZXJlc3Q9My1zYWxhc2UtYS10cmFkaWNuYS1rdWNoeW5hIl0=[\/fusion_code][\/fusion_builder_column][\/fusion_builder_row][\/fusion_builder_container]","featured_media":83021,"featured_media_url":"https:\/\/www.visitliptov.sk\/wp-content\/uploads\/2019\/04\/4-1-of-1-e1466514450138-600x297.jpg","images_gallery_urls":[],"fotka_1_url":null,"fotka_2_url":null,"fotka_3_url":null,"fotka_4_url":null,"fotka_5_url":null,"fotka_6_url":null,"fotka_7_url":null,"fotka_8_url":null},"en":{"id":84655,"title":"3. Sheppard\u00b4s chalets and traditional cuisine","url":"https:\/\/www.visitliptov.sk\/en\/treasures-of-liptov\/3-sheppards-chalets-and-traditional-cuisine\/","api_url":"https:\/\/www.visitliptov.sk\/en\/wp-json\/wp\/v2\/page\/84655","status":"publish","excerpt":"","content":"[fusion_builder_container hundred_percent=\"yes\" overflow=\"visible\"][fusion_builder_row][fusion_builder_column type=\"1_1\" last=\"yes\" spacing=\"yes\" center_content=\"no\" hide_on_mobile=\"no\" background_color=\"\" background_image=\"\" background_repeat=\"no-repeat\" background_position=\"left top\" border_position=\"all\" border_size=\"0px\" border_color=\"\" border_style=\"\" padding=\"\" margin_top=\"\" margin_bottom=\"\" animation_type=\"\" animation_direction=\"\" animation_speed=\"0.1\" class=\"\" id=\"\"][fusion_code]W2xvb3AgdGhlX3F1ZXJ5PSJwb3N0c19wZXJfcGFnZT04JnBvc3RfdHlwZT16YXVqaW1hdm9zdGkmY2F0ZWdvcnktaW50ZXJlc3Q9My1zaGVwcGFyZHMtY2hhbGV0cy1hbmQtdHJhZGl0aW9uYWwtY3Vpc2luZSJd[\/fusion_code][\/fusion_builder_column][\/fusion_builder_row][\/fusion_builder_container]","featured_media":83022,"featured_media_url":"https:\/\/www.visitliptov.sk\/wp-content\/uploads\/2019\/04\/4-1-of-1-e1466514450138-600x297.jpg","images_gallery_urls":[],"fotka_1_url":null,"fotka_2_url":null,"fotka_3_url":null,"fotka_4_url":null,"fotka_5_url":null,"fotka_6_url":null,"fotka_7_url":null,"fotka_8_url":null}},"_links":{"self":[{"href":"https:\/\/www.visitliptov.sk\/en\/wp-json\/wp\/v2\/pages\/84655"}],"collection":[{"href":"https:\/\/www.visitliptov.sk\/en\/wp-json\/wp\/v2\/pages"}],"about":[{"href":"https:\/\/www.visitliptov.sk\/en\/wp-json\/wp\/v2\/types\/page"}],"author":[{"embeddable":true,"href":"https:\/\/www.visitliptov.sk\/en\/wp-json\/wp\/v2\/users\/1"}],"replies":[{"embeddable":true,"href":"https:\/\/www.visitliptov.sk\/en\/wp-json\/wp\/v2\/comments?post=84655"}],"version-history":[{"count":0,"href":"https:\/\/www.visitliptov.sk\/en\/wp-json\/wp\/v2\/pages\/84655\/revisions"}],"up":[{"embeddable":true,"href":"https:\/\/www.visitliptov.sk\/en\/wp-json\/wp\/v2\/pages\/84461"}],"wp:featuredmedia":[{"embeddable":true,"href":"https:\/\/www.visitliptov.sk\/en\/wp-json\/wp\/v2\/media\/83022"}],"wp:attachment":[{"href":"https:\/\/www.visitliptov.sk\/en\/wp-json\/wp\/v2\/media?parent=84655"}],"curies":[{"name":"wp","href":"https:\/\/api.w.org\/{rel}","templated":true}]}}