{"id":84643,"date":"2016-06-03T00:00:00","date_gmt":"2016-06-02T22:00:00","guid":{"rendered":"https:\/\/www.visitliptov.sk\/treasures-in-the-region-of-liptov\/online-competition-liptovregiontreasures\/"},"modified":"2016-06-03T00:00:00","modified_gmt":"2016-06-02T22:00:00","slug":"online-competition-liptovregiontreasures","status":"publish","type":"page","link":"https:\/\/www.visitliptov.sk\/en\/online-competition-liptovregiontreasures\/","title":{"rendered":"ONLINE Competition #LiptovRegionTreasures"},"content":{"rendered":"<h1><strong><span style=\"color: #000000;\">Treasure hunters, watch out!<\/span><img loading=\"lazy\" decoding=\"async\" class=\"wp-image-19724 alignright\" src=\"https:\/\/www.visitliptov.sk\/wp-content\/uploads\/2019\/04\/ovecky51.jpg\" alt=\"ovecky5\" width=\"208\" height=\"148\" \/><br \/>\n<\/strong><\/h1>\n<h1 style=\"text-align: justify;\"><\/h1>\n<h3 style=\"text-align: justify;\">The funny game for families with children \u201eLiptov Region Treasures\u201c starts <strong>its third act.<\/strong><span> In the new summer season we offer the most <\/span><strong>beautiful sites and attractions<\/strong><span> <\/span><strong>of the region<\/strong><span> as traditionally, as well as a <\/span><strong>hot novelty on our website<\/strong><span>. This will attract both small and big explorers and even all lovers of on-line technologies who would like to boast about their treasures on internet. First chests will be opened<\/span><strong> on June 15, 2016,<\/strong><span> and available to examine <\/span><strong>until the end of September.<\/strong><\/h3>\n<p>&nbsp;<\/p>\n<p><a href=\"\/?page_id=25671\"><img loading=\"lazy\" decoding=\"async\" class=\"alignleft wp-image-25461\" src=\"https:\/\/www.visitliptov.sk\/wp-content\/uploads\/2019\/04\/mapa-s-ovcami1-e1465220516361.jpg\" alt=\"mapa s ovcami\" width=\"358\" height=\"234\" \/><\/a><\/p>\n<h2 style=\"text-align: center;\"><strong>Sheep <\/strong><span>on the map<\/span><strong> indicate the treasures <\/strong>Liptov<\/h2>\n<h2 style=\"text-align: center;\"><strong>Click on it and learn more about the treasure,<\/strong><\/h2>\n<h2 style=\"text-align: center;\">You can <strong>view a gallery of treasure<\/strong>, which includes photos of people<\/h2>\n<h2 style=\"text-align: center;\">who were already at the treasure and tagged a photo hashtag <strong>#LiptovRegionTreasures<\/strong>.<\/h2>\n<p>&nbsp;<\/p>\n<h2 style=\"text-align: center;\">Would you also contribute to the gallery and treasure to enter a competition for great prizes?<\/h2>\n<h2 style=\"text-align: center;\"><\/h2>\n<p><img loading=\"lazy\" decoding=\"async\" class=\"aligncenter size-full wp-image-25735\" src=\"https:\/\/www.visitliptov.sk\/wp-content\/uploads\/2019\/04\/kvietky5.jpg\" alt=\"kvietky5\" width=\"553\" height=\"105\" \/><\/p>\n<h1 style=\"text-align: center;\"><img loading=\"lazy\" decoding=\"async\" class=\"alignnone wp-image-25338\" src=\"https:\/\/www.visitliptov.sk\/wp-content\/uploads\/2019\/04\/hviezdacervena.jpg\" alt=\"hviezdacervena\" width=\"48\" height=\"46\" \/><\/h1>\n<h1 style=\"text-align: center;\"><strong>FIND<\/strong><span> <\/span><strong>3 treasures<\/strong> in Liptov region<\/h1>\n<h1 style=\"text-align: center;\"><img loading=\"lazy\" decoding=\"async\" class=\"wp-image-25338 aligncenter\" src=\"https:\/\/www.visitliptov.sk\/wp-content\/uploads\/2019\/04\/hviezdacervena.jpg\" alt=\"hviezdacervena\" width=\"34\" height=\"33\" \/><\/h1>\n<h1 style=\"padding-left: 60px; text-align: center;\"><strong>TAKE A PHOTO of the most beautiful place \/ object for you at the maximum distance of 1 km from the Liptov treasure <\/strong><\/h1>\n<h1 style=\"text-align: center;\"><img loading=\"lazy\" decoding=\"async\" class=\"wp-image-25338 aligncenter\" src=\"https:\/\/www.visitliptov.sk\/wp-content\/uploads\/2019\/04\/hviezdacervena.jpg\" alt=\"hviezdacervena\" width=\"34\" height=\"33\" \/><\/h1>\n<h1 style=\"padding-left: 60px; text-align: center;\"><span style=\"color: #000000;\"><strong>CLICK <\/strong>at\u00a0<a href=\"http:\/\/www.pokladynaliptove.sk\" target=\"_blank\">www.pokladynaliptove.sk<\/a>*\u00a0and\u00a0<strong>UPLOAD <\/strong><span>the photo at<\/span><strong> www.pokladynaliptove.sk <\/strong><\/span><\/h1>\n<h1 style=\"text-align: center;\"><img loading=\"lazy\" decoding=\"async\" class=\"wp-image-25338 aligncenter\" src=\"https:\/\/www.visitliptov.sk\/wp-content\/uploads\/2019\/04\/hviezdacervena.jpg\" alt=\"hviezdacervena\" width=\"34\" height=\"33\" \/><\/h1>\n<h1 style=\"padding-left: 60px; text-align: center;\"><span style=\"color: #000000;\"><strong>SHARE <\/strong>the photo on your <a style=\"color: #000000;\" href=\"https:\/\/www.facebook.com\/slovakia.visitliptov\/\"><img loading=\"lazy\" decoding=\"async\" class=\"alignnone wp-image-25268\" src=\"https:\/\/www.visitliptov.sk\/wp-content\/uploads\/2019\/04\/fb.png\" alt=\"facebooki\" width=\"33\" height=\"33\" \/><\/a>\u00a0or <a style=\"color: #000000;\" href=\"https:\/\/www.instagram.com\/visitliptov\/\"><img loading=\"lazy\" decoding=\"async\" class=\"alignnone wp-image-25270\" src=\"https:\/\/www.visitliptov.sk\/wp-content\/uploads\/2019\/04\/instagram.jpeg\" alt=\"instagram\" width=\"56\" height=\"41\" \/><\/a>FB with a hashtag<strong> #LiptovRegionTreasures and\u00a0<\/strong><\/span><\/h1>\n<h1 style=\"text-align: center;\"><img loading=\"lazy\" decoding=\"async\" class=\"wp-image-25338 aligncenter\" src=\"https:\/\/www.visitliptov.sk\/wp-content\/uploads\/2019\/04\/hviezdacervena.jpg\" alt=\"hviezdacervena\" width=\"34\" height=\"33\" \/><\/h1>\n<h1 style=\"padding-left: 60px; text-align: center;\"><strong>DO IT and PLAY<\/strong> for a Weekend stay in Liptov, Flying in a tunnel and <a href=\"\/?page_id=25622\" target=\"_blank\">other valuable prizes<\/a><\/h1>\n<h3>\u00a0* Page is available only on mobile devices<\/h3>\n<h2><img loading=\"lazy\" decoding=\"async\" class=\"aligncenter size-full wp-image-25735\" src=\"https:\/\/www.visitliptov.sk\/wp-content\/uploads\/2019\/04\/kvietky5.jpg\" alt=\"kvietky5\" width=\"553\" height=\"105\" \/><\/h2>\n<h2><\/h2>\n<h1>\u00a0The main prizes:<\/h1>\n<div id='gallery-1' class='gallery galleryid-84643 gallery-columns-3 gallery-size-medium'><figure class='gallery-item'>\n\t\t\t<div class='gallery-icon landscape'>\n\t\t\t\t<a href='https:\/\/www.visitliptov.sk\/wp-content\/uploads\/2019\/04\/generali_logo_final_20160421_132645_6409669326618-e1503648104723.png' title=\"\" data-rl_title=\"\" class=\"rl-gallery-link\" data-rl_caption=\"\" data-rel=\"lightbox-gallery-1\"><img loading=\"lazy\" decoding=\"async\" width=\"252\" height=\"200\" src=\"https:\/\/www.visitliptov.sk\/wp-content\/uploads\/2019\/04\/generali_logo_final_20160421_132645_6409669326618-e1503648104723.png\" class=\"attachment-medium size-medium\" alt=\"generali_logo_final_20160421_132645_6409669326618\" \/><\/a>\n\t\t\t<\/div><\/figure><figure class='gallery-item'>\n\t\t\t<div class='gallery-icon landscape'>\n\t\t\t\t<a href='https:\/\/www.visitliptov.sk\/wp-content\/uploads\/2019\/04\/koliba_grea.jpg' title=\"Family weekend stay , Hotel*** Koliba Gr\u00e9ta\" data-rl_title=\"Family weekend stay , Hotel*** Koliba Gr\u00e9ta\" class=\"rl-gallery-link\" data-rl_caption=\"\" data-rel=\"lightbox-gallery-1\"><img loading=\"lazy\" decoding=\"async\" width=\"882\" height=\"588\" src=\"https:\/\/www.visitliptov.sk\/wp-content\/uploads\/2019\/04\/koliba_grea.jpg\" class=\"attachment-medium size-medium\" alt=\"\" aria-describedby=\"gallery-1-82982\" srcset=\"https:\/\/www.visitliptov.sk\/wp-content\/uploads\/2019\/04\/koliba_grea.jpg 882w, https:\/\/www.visitliptov.sk\/wp-content\/uploads\/2019\/04\/koliba_grea-600x400.jpg 600w\" sizes=\"(max-width: 882px) 100vw, 882px\" \/><\/a>\n\t\t\t<\/div>\n\t\t\t\t<figcaption class='wp-caption-text gallery-caption' id='gallery-1-82982'>\n\t\t\t\tFamily weekend stay , Hotel*** Koliba Gr\u00e9ta\n\t\t\t\t<\/figcaption><\/figure><figure class='gallery-item'>\n\t\t\t<div class='gallery-icon landscape'>\n\t\t\t\t<a href='https:\/\/www.visitliptov.sk\/wp-content\/uploads\/2019\/04\/koliba_paster.jpg' title=\"Family weekend stay with half board, Koliba u dobr\u00e9ho pastiera\" data-rl_title=\"Family weekend stay with half board, Koliba u dobr\u00e9ho pastiera\" class=\"rl-gallery-link\" data-rl_caption=\"\" data-rel=\"lightbox-gallery-1\"><img loading=\"lazy\" decoding=\"async\" width=\"900\" height=\"600\" src=\"https:\/\/www.visitliptov.sk\/wp-content\/uploads\/2019\/04\/koliba_paster.jpg\" class=\"attachment-medium size-medium\" alt=\"\" aria-describedby=\"gallery-1-82986\" srcset=\"https:\/\/www.visitliptov.sk\/wp-content\/uploads\/2019\/04\/koliba_paster.jpg 900w, https:\/\/www.visitliptov.sk\/wp-content\/uploads\/2019\/04\/koliba_paster-600x400.jpg 600w\" sizes=\"(max-width: 900px) 100vw, 900px\" \/><\/a>\n\t\t\t<\/div>\n\t\t\t\t<figcaption class='wp-caption-text gallery-caption' id='gallery-1-82986'>\n\t\t\t\tFamily weekend stay with half board, Koliba u dobr\u00e9ho pastiera\n\t\t\t\t<\/figcaption><\/figure>\n\t\t<\/div>\n\n<h2>List of prices:<\/h2>\n<ol style=\"text-align: justify;\">\n<ol style=\"text-align: justify;\">\n<ol>\n<li><strong>Annual travel insurance for 2 adults and 3 children\u00a0<\/strong>Generali Pois\u0165ov\u0148a, a.s.<\/li>\n<\/ol>\n<ol start=\"2\">\n<li><strong>Family weekend stay\u00a0<\/strong><span style=\"line-height: 1.5;\">Hotel*** Koliba Gr\u00e9ta, Liptovsk\u00e1 Sielnica<\/span><\/li>\n<\/ol>\n<ol start=\"3\">\n<li><strong>Family weekend stay with half board\u00a0<\/strong>Koliba u\u00a0dobr\u00e9ho pastiera, Ru\u017eomberok<\/li>\n<\/ol>\n<ol start=\"4\">\n<li><strong>2 night stay\u00a0<\/strong><span style=\"line-height: 1.5;\">Hotel*** Strachanovka, Liptovsk\u00fd J\u00e1n<\/span><\/li>\n<\/ol>\n<ol start=\"5\">\n<li><strong>Sightseeing flight over Liptov region for 2 people\u00a0<\/strong>Heliport Liptov<\/li>\n<\/ol>\n<ol start=\"6\">\n<li><strong>All day skipasses for winter season 2015\/2016 for 4 persons\u00a0<\/strong>JASN\u00c1 N\u00edzke Tatry, Dem\u00e4novsk\u00e1 dolina<\/li>\n<\/ol>\n<ol start=\"7\">\n<li><strong>All day skipasses for winter season 2015\/2016<\/strong><span> <\/span><strong>for 2 persons\u00a0<\/strong>Ru\u017eomberok &#8211; Malin\u00f4 Brdo<\/li>\n<\/ol>\n<ol start=\"8\">\n<li><strong>\u201eRide a\u00a0storm\u201c packet voucher for 1 person\u00a0<\/strong>Hurricane factory, Liptovsk\u00fd Mikul\u00e1\u0161<\/li>\n<\/ol>\n<ol start=\"9\">\n<li><strong>4 x Sea &amp; Fun Packet\u00a0<\/strong>GINO PARADISE Be\u0161e\u0148ov\u00e1<\/li>\n<\/ol>\n<ol start=\"10\">\n<li><strong>4 x Tropical Packet\u00a0<\/strong><span style=\"line-height: 1.5;\">Tatralandia, Liptovsk\u00fd Mikul\u00e1\u0161<\/span><\/li>\n<\/ol>\n<ol start=\"11\">\n<li><strong>AQUA-VITAL packet\u00a0<\/strong>K\u00daPELE L\u00da\u010cKY a.s.<\/li>\n<\/ol>\n<ol start=\"12\">\n<li><strong>A\u00a0gift basket full of traditional Liptov products\u00a0<\/strong>S\u00ddPKA, Liptovsk\u00fd Mikul\u00e1\u0161<\/li>\n<\/ol>\n<ol start=\"13\">\n<li><strong>A packet of BIO products\u00a0<\/strong>EkoFarm, Va\u017eec<\/li>\n<\/ol>\n<ol start=\"14\">\n<li><strong>Tourist rucksack McKINLEY Minto 20\u00a0<\/strong><span style=\"line-height: 1.5;\">Intersport, Liptovsk\u00fd Mikul\u00e1\u0161<\/span><\/li>\n<\/ol>\n<ol start=\"15\">\n<li><strong>Trecking sticks McKINLEY \u00a0Discovery\u00a0<\/strong><span style=\"line-height: 1.5;\">Intersport, Liptovsk\u00fd Mikul\u00e1\u0161<\/span><\/li>\n<\/ol>\n<ol start=\"16\">\n<li><strong>Two multifunction scarves\u00a0<\/strong>Intersport, Liptovsk\u00fd Mikul\u00e1\u0161<\/li>\n<\/ol>\n<ol start=\"17\">\n<li><strong>Five head caps\u00a0<\/strong><span style=\"line-height: 1.5;\">Husky<\/span><\/li>\n<\/ol>\n<\/ol>\n<\/ol>\n<p>&nbsp;<\/p>\n<h2><img loading=\"lazy\" decoding=\"async\" class=\"aligncenter size-full wp-image-25735\" src=\"https:\/\/www.visitliptov.sk\/wp-content\/uploads\/2019\/04\/kvietky5.jpg\" alt=\"kvietky5\" width=\"553\" height=\"105\" \/><\/h2>\n<h2><\/h2>\n<h3><strong><span style=\"line-height: 1.5;\"><a href=\"http:\/\/www.visitliptov.sk\/wp-content\/uploads\/2019\/04\/Pravidl\u00e1-s\u00fa\u0165a\u017ee-2016_ENG.pdf\">\u201eLiptov Region Treasures\u201c Competition Rules<\/a> <\/span><\/strong><\/h3>\n<h3><\/h3>\n<p>\n\n\n\n","protected":false},"excerpt":{"rendered":"<p>Treasure hunters, watch out! The funny game for families with children \u201eLiptov Region Treasures\u201c starts its third act. In the &#8230;<\/p>\n","protected":false},"author":1,"featured_media":75999,"parent":0,"menu_order":0,"comment_status":"open","ping_status":"open","template":"","meta":{"_acf_changed":false,"inline_featured_image":false,"episode_type":"","audio_file":"","cover_image":"","cover_image_id":"","duration":"","filesize":"","date_recorded":"","explicit":"","block":"","filesize_raw":"","_jf_limit_responses":"","footnotes":""},"class_list":["post-84643","page","type-page","status-publish","has-post-thumbnail","hentry"],"acf":{"vyhradny_obrazok":false,"second_feature_image":null,"search_top_keywords":""},"wpml_translations_detailed":{"en":{"id":84643,"title":"ONLINE Competition #LiptovRegionTreasures","url":"https:\/\/www.visitliptov.sk\/en\/online-competition-liptovregiontreasures\/","api_url":"https:\/\/www.visitliptov.sk\/en\/wp-json\/wp\/v2\/page\/84643","status":"publish","excerpt":"Treasure hunters, watch out! The funny game for families with children \u201eLiptov Region Treasures\u201c starts its third act. In the ...","content":"<h1><strong><span style=\"color: #000000;\">Treasure hunters, watch out!<\/span><img class=\"wp-image-19724 alignright\" src=\"https:\/\/www.visitliptov.sk\/wp-content\/uploads\/2019\/04\/ovecky51.jpg\" alt=\"ovecky5\" width=\"208\" height=\"148\" \/>\n<\/strong><\/h1>\n<h1 style=\"text-align: justify;\"><\/h1>\n<h3 style=\"text-align: justify;\">The funny game for families with children \u201eLiptov Region Treasures\u201c starts <strong>its third act.<\/strong> In the new summer season we offer the most <strong>beautiful sites and attractions<\/strong> <strong>of the region<\/strong> as traditionally, as well as a <strong>hot novelty on our website<\/strong>. This will attract both small and big explorers and even all lovers of on-line technologies who would like to boast about their treasures on internet. First chests will be opened<strong> on June 15, 2016,<\/strong> and available to examine <strong>until the end of September.<\/strong><\/h3>\n&nbsp;\n\n<a href=\"\/?page_id=25671\"><img class=\"alignleft wp-image-25461\" src=\"https:\/\/www.visitliptov.sk\/wp-content\/uploads\/2019\/04\/mapa-s-ovcami1-e1465220516361.jpg\" alt=\"mapa s ovcami\" width=\"358\" height=\"234\" \/><\/a>\n<h2 style=\"text-align: center;\"><strong>Sheep <\/strong>on the map<strong> indicate the treasures <\/strong>Liptov<\/h2>\n<h2 style=\"text-align: center;\"><strong>Click on it and learn more about the treasure,<\/strong><\/h2>\n<h2 style=\"text-align: center;\">You can <strong>view a gallery of treasure<\/strong>, which includes photos of people<\/h2>\n<h2 style=\"text-align: center;\">who were already at the treasure and tagged a photo hashtag <strong>#LiptovRegionTreasures<\/strong>.<\/h2>\n&nbsp;\n<h2 style=\"text-align: center;\">Would you also contribute to the gallery and treasure to enter a competition for great prizes?<\/h2>\n<h2 style=\"text-align: center;\"><\/h2>\n<img class=\"aligncenter size-full wp-image-25735\" src=\"https:\/\/www.visitliptov.sk\/wp-content\/uploads\/2019\/04\/kvietky5.jpg\" alt=\"kvietky5\" width=\"553\" height=\"105\" \/>\n<h1 style=\"text-align: center;\"><img class=\"alignnone wp-image-25338\" src=\"https:\/\/www.visitliptov.sk\/wp-content\/uploads\/2019\/04\/hviezdacervena.jpg\" alt=\"hviezdacervena\" width=\"48\" height=\"46\" \/><\/h1>\n<h1 style=\"text-align: center;\"><strong>FIND<\/strong> <strong>3 treasures<\/strong> in Liptov region<\/h1>\n<h1 style=\"text-align: center;\"><img class=\"wp-image-25338 aligncenter\" src=\"https:\/\/www.visitliptov.sk\/wp-content\/uploads\/2019\/04\/hviezdacervena.jpg\" alt=\"hviezdacervena\" width=\"34\" height=\"33\" \/><\/h1>\n<h1 style=\"padding-left: 60px; text-align: center;\"><strong>TAKE A PHOTO of the most beautiful place \/ object for you at the maximum distance of 1 km from the Liptov treasure <\/strong><\/h1>\n<h1 style=\"text-align: center;\"><img class=\"wp-image-25338 aligncenter\" src=\"https:\/\/www.visitliptov.sk\/wp-content\/uploads\/2019\/04\/hviezdacervena.jpg\" alt=\"hviezdacervena\" width=\"34\" height=\"33\" \/><\/h1>\n<h1 style=\"padding-left: 60px; text-align: center;\"><span style=\"color: #000000;\"><strong>CLICK <\/strong>at\u00a0<a href=\"http:\/\/www.pokladynaliptove.sk\" target=\"_blank\">www.pokladynaliptove.sk<\/a>*\u00a0and\u00a0<strong>UPLOAD <\/strong>the photo at<strong> www.pokladynaliptove.sk <\/strong><\/span><\/h1>\n<h1 style=\"text-align: center;\"><img class=\"wp-image-25338 aligncenter\" src=\"https:\/\/www.visitliptov.sk\/wp-content\/uploads\/2019\/04\/hviezdacervena.jpg\" alt=\"hviezdacervena\" width=\"34\" height=\"33\" \/><\/h1>\n<h1 style=\"padding-left: 60px; text-align: center;\"><span style=\"color: #000000;\"><strong>SHARE <\/strong>the photo on your <a style=\"color: #000000;\" href=\"https:\/\/www.facebook.com\/slovakia.visitliptov\/\"><img class=\"alignnone wp-image-25268\" src=\"https:\/\/www.visitliptov.sk\/wp-content\/uploads\/2019\/04\/fb.png\" alt=\"facebooki\" width=\"33\" height=\"33\" \/><\/a>\u00a0or <a style=\"color: #000000;\" href=\"https:\/\/www.instagram.com\/visitliptov\/\"><img class=\"alignnone wp-image-25270\" src=\"https:\/\/www.visitliptov.sk\/wp-content\/uploads\/2019\/04\/instagram.jpeg\" alt=\"instagram\" width=\"56\" height=\"41\" \/><\/a>FB with a hashtag<strong> #LiptovRegionTreasures and\u00a0<\/strong><\/span><\/h1>\n<h1 style=\"text-align: center;\"><img class=\"wp-image-25338 aligncenter\" src=\"https:\/\/www.visitliptov.sk\/wp-content\/uploads\/2019\/04\/hviezdacervena.jpg\" alt=\"hviezdacervena\" width=\"34\" height=\"33\" \/><\/h1>\n<h1 style=\"padding-left: 60px; text-align: center;\"><strong>DO IT and PLAY<\/strong> for a Weekend stay in Liptov, Flying in a tunnel and <a href=\"\/?page_id=25622\" target=\"_blank\">other valuable prizes<\/a><\/h1>\n<h3>\u00a0* Page is available only on mobile devices<\/h3>\n<h2><img class=\"aligncenter size-full wp-image-25735\" src=\"https:\/\/www.visitliptov.sk\/wp-content\/uploads\/2019\/04\/kvietky5.jpg\" alt=\"kvietky5\" width=\"553\" height=\"105\" \/><\/h2>\n<h2><\/h2>\n<h1>\u00a0The main prizes:<\/h1>\n[fusion_builder_container hundred_percent=\"yes\" overflow=\"visible\"][fusion_builder_row][fusion_builder_column type=\"1_1\" background_position=\"left top\" background_color=\"\" border_size=\"\" border_color=\"\" border_style=\"solid\" spacing=\"yes\" background_image=\"\" background_repeat=\"no-repeat\" padding=\"\" margin_top=\"0px\" margin_bottom=\"0px\" class=\"\" id=\"\" animation_type=\"\" animation_speed=\"0.3\" animation_direction=\"left\" hide_on_mobile=\"no\" center_content=\"no\" min_height=\"none\"][gallery size=\"medium\" ids=\"82978,82982,82986\"]\n<h2>List of prices:<\/h2>\n<ol style=\"text-align: justify;\">\n<ol style=\"text-align: justify;\">\n<ol>\n\t<li><strong>Annual travel insurance for 2 adults and 3 children\u00a0<\/strong>Generali Pois\u0165ov\u0148a, a.s.<\/li>\n<\/ol>\n<ol start=\"2\">\n\t<li><strong>Family weekend stay\u00a0<\/strong><span style=\"line-height: 1.5;\">Hotel*** Koliba Gr\u00e9ta, Liptovsk\u00e1 Sielnica<\/span><\/li>\n<\/ol>\n<ol start=\"3\">\n\t<li><strong>Family weekend stay with half board\u00a0<\/strong>Koliba u\u00a0dobr\u00e9ho pastiera, Ru\u017eomberok<\/li>\n<\/ol>\n<ol start=\"4\">\n\t<li><strong>2 night stay\u00a0<\/strong><span style=\"line-height: 1.5;\">Hotel*** Strachanovka, Liptovsk\u00fd J\u00e1n<\/span><\/li>\n<\/ol>\n<ol start=\"5\">\n\t<li><strong>Sightseeing flight over Liptov region for 2 people\u00a0<\/strong>Heliport Liptov<\/li>\n<\/ol>\n<ol start=\"6\">\n\t<li><strong>All day skipasses for winter season 2015\/2016 for 4 persons\u00a0<\/strong>JASN\u00c1 N\u00edzke Tatry, Dem\u00e4novsk\u00e1 dolina<\/li>\n<\/ol>\n<ol start=\"7\">\n\t<li><strong>All day skipasses for winter season 2015\/2016<\/strong> <strong>for 2 persons\u00a0<\/strong>Ru\u017eomberok - Malin\u00f4 Brdo<\/li>\n<\/ol>\n<ol start=\"8\">\n\t<li><strong>\u201eRide a\u00a0storm\u201c packet voucher for 1 person\u00a0<\/strong>Hurricane factory, Liptovsk\u00fd Mikul\u00e1\u0161<\/li>\n<\/ol>\n<ol start=\"9\">\n\t<li><strong>4 x Sea &amp; Fun Packet\u00a0<\/strong>GINO PARADISE Be\u0161e\u0148ov\u00e1<\/li>\n<\/ol>\n<ol start=\"10\">\n\t<li><strong>4 x Tropical Packet\u00a0<\/strong><span style=\"line-height: 1.5;\">Tatralandia, Liptovsk\u00fd Mikul\u00e1\u0161<\/span><\/li>\n<\/ol>\n<ol start=\"11\">\n\t<li><strong>AQUA-VITAL packet\u00a0<\/strong>K\u00daPELE L\u00da\u010cKY a.s.<\/li>\n<\/ol>\n<ol start=\"12\">\n\t<li><strong>A\u00a0gift basket full of traditional Liptov products\u00a0<\/strong>S\u00ddPKA, Liptovsk\u00fd Mikul\u00e1\u0161<\/li>\n<\/ol>\n<ol start=\"13\">\n\t<li><strong>A packet of BIO products\u00a0<\/strong>EkoFarm, Va\u017eec<\/li>\n<\/ol>\n<ol start=\"14\">\n\t<li><strong>Tourist rucksack McKINLEY Minto 20\u00a0<\/strong><span style=\"line-height: 1.5;\">Intersport, Liptovsk\u00fd Mikul\u00e1\u0161<\/span><\/li>\n<\/ol>\n<ol start=\"15\">\n\t<li><strong>Trecking sticks McKINLEY \u00a0Discovery\u00a0<\/strong><span style=\"line-height: 1.5;\">Intersport, Liptovsk\u00fd Mikul\u00e1\u0161<\/span><\/li>\n<\/ol>\n<ol start=\"16\">\n\t<li><strong>Two multifunction scarves\u00a0<\/strong>Intersport, Liptovsk\u00fd Mikul\u00e1\u0161<\/li>\n<\/ol>\n<ol start=\"17\">\n\t<li><strong>Five head caps\u00a0<\/strong><span style=\"line-height: 1.5;\">Husky<\/span><\/li>\n<\/ol>\n<\/ol>\n<\/ol>\n&nbsp;\n<h2><img class=\"aligncenter size-full wp-image-25735\" src=\"https:\/\/www.visitliptov.sk\/wp-content\/uploads\/2019\/04\/kvietky5.jpg\" alt=\"kvietky5\" width=\"553\" height=\"105\" \/><\/h2>\n<h2><\/h2>\n<h3><strong><span style=\"line-height: 1.5;\"><a href=\"http:\/\/www.visitliptov.sk\/wp-content\/uploads\/2019\/04\/Pravidl\u00e1-s\u00fa\u0165a\u017ee-2016_ENG.pdf\">\u201eLiptov Region Treasures\u201c Competition Rules<\/a> <\/span><\/strong><\/h3>\n<h3><\/h3>[\/fusion_builder_column][\/fusion_builder_row][\/fusion_builder_container]","featured_media":75999,"featured_media_url":"https:\/\/www.visitliptov.sk\/wp-content\/uploads\/2019\/04\/fb.png","images_gallery_urls":[],"fotka_1_url":null,"fotka_2_url":null,"fotka_3_url":null,"fotka_4_url":null,"fotka_5_url":null,"fotka_6_url":null,"fotka_7_url":null,"fotka_8_url":null}},"_links":{"self":[{"href":"https:\/\/www.visitliptov.sk\/en\/wp-json\/wp\/v2\/pages\/84643"}],"collection":[{"href":"https:\/\/www.visitliptov.sk\/en\/wp-json\/wp\/v2\/pages"}],"about":[{"href":"https:\/\/www.visitliptov.sk\/en\/wp-json\/wp\/v2\/types\/page"}],"author":[{"embeddable":true,"href":"https:\/\/www.visitliptov.sk\/en\/wp-json\/wp\/v2\/users\/1"}],"replies":[{"embeddable":true,"href":"https:\/\/www.visitliptov.sk\/en\/wp-json\/wp\/v2\/comments?post=84643"}],"version-history":[{"count":0,"href":"https:\/\/www.visitliptov.sk\/en\/wp-json\/wp\/v2\/pages\/84643\/revisions"}],"wp:featuredmedia":[{"embeddable":true,"href":"https:\/\/www.visitliptov.sk\/en\/wp-json\/wp\/v2\/media\/75999"}],"wp:attachment":[{"href":"https:\/\/www.visitliptov.sk\/en\/wp-json\/wp\/v2\/media?parent=84643"}],"curies":[{"name":"wp","href":"https:\/\/api.w.org\/{rel}","templated":true}]}}