{"id":84598,"date":"2016-04-11T00:00:00","date_gmt":"2016-04-10T22:00:00","guid":{"rendered":"https:\/\/www.visitliptov.sk\/booking\/"},"modified":"2016-04-11T00:00:00","modified_gmt":"2016-04-10T22:00:00","slug":"booking","status":"publish","type":"page","link":"https:\/\/www.visitliptov.sk\/en\/booking\/","title":{"rendered":"Booking"},"content":{"rendered":"PG5vc2NyaXB0Pg0KPGlmcmFtZSBzcmM9Imh0dHA6Ly9jcnMuY2FyZGJlcmcuY29tL3JlZ2lvbi1saXB0b3Y\/bm9fbWVudT0xIiBmcmFtZWJvcmRlcj0iMCIgd2lkdGg9IjEwMCUiIGhlaWdodD0iNzAwcHgiIHNjcm9sbGluZz0iYXV0byI+PC9pZnJhbWU+DQo8L25vc2NyaXB0Pg0KPHNjcmlwdCB0eXBlPSJ0ZXh0L2phdmFzY3JpcHQiPg0KIHZhciBmb3JtID0gJ2h0dHA6Ly9jcnMuY2FyZGJlcmcuY29tL3JlZ2lvbi1saXB0b3Y\/bm9fbWVudT0xJzsNCiB2YXIgcGFyYW1zID0gd2luZG93LmxvY2F0aW9uLnNlYXJjaDsNCiB2YXIgdGhpc1NjcmlwdCA9IGRvY3VtZW50LnNjcmlwdHNbZG9jdW1lbnQuc2NyaXB0cy5sZW5ndGggLSAxXTsNCiB2YXIgaWZyYW1lID0gZG9jdW1lbnQuY3JlYXRlRWxlbWVudCgnaWZyYW1lJyk7DQogaWZyYW1lLnNldEF0dHJpYnV0ZSgnc3JjJywgZm9ybSArIHBhcmFtcyk7DQogaWZyYW1lLnNldEF0dHJpYnV0ZSgnd2lkdGgnLCAnMTAwJScpOw0KIGlmcmFtZS5zZXRBdHRyaWJ1dGUoJ2hlaWdodCcsIDcwMCk7DQogaWZyYW1lLnNldEF0dHJpYnV0ZSgnc2Nyb2xsaW5nJywgJ2F1dG8nKTsNCiB0aGlzU2NyaXB0LnBhcmVudEVsZW1lbnQucmVwbGFjZUNoaWxkKGlmcmFtZSwgdGhpc1NjcmlwdCk7DQo8L3NjcmlwdD4=\n\n\n\n","protected":false},"excerpt":{"rendered":"","protected":false},"author":1,"featured_media":0,"parent":0,"menu_order":0,"comment_status":"open","ping_status":"open","template":"","meta":{"_acf_changed":false,"inline_featured_image":false,"episode_type":"","audio_file":"","cover_image":"","cover_image_id":"","duration":"","filesize":"","date_recorded":"","explicit":"","block":"","filesize_raw":"","_jf_limit_responses":"","footnotes":""},"class_list":["post-84598","page","type-page","status-publish","hentry"],"acf":{"vyhradny_obrazok":false,"second_feature_image":null,"search_top_keywords":""},"wpml_translations_detailed":{"sk":{"id":82215,"title":"H\u013eada\u0165 a rezervova\u0165","url":"https:\/\/www.visitliptov.sk\/booking\/","api_url":"https:\/\/www.visitliptov.sk\/en\/wp-json\/wp\/v2\/page\/82215","status":"publish","excerpt":"","content":"[fusion_builder_container admin_label=\"\" hundred_percent=\"yes\" equal_height_columns=\"no\" menu_anchor=\"\" hide_on_mobile=\"small-visibility,medium-visibility,large-visibility\" class=\"booking-page\" id=\"\" background_color=\"\" background_image=\"\" background_position=\"center center\" background_repeat=\"no-repeat\" fade=\"no\" background_parallax=\"none\" enable_mobile=\"no\" parallax_speed=\"0.3\" video_mp4=\"\" video_webm=\"\" video_ogv=\"\" video_url=\"\" video_aspect_ratio=\"16:9\" video_loop=\"yes\" video_mute=\"yes\" video_preview_image=\"\" border_size=\"\" border_color=\"\" border_style=\"solid\" margin_top=\"\" margin_bottom=\"\" padding_top=\"0px\" padding_right=\"0px\" padding_bottom=\"0px\" padding_left=\"0px\"][fusion_builder_row][fusion_builder_column type=\"1_1\" layout=\"1_1\" background_position=\"left top\" background_color=\"\" border_size=\"\" border_color=\"\" border_style=\"solid\" border_position=\"all\" spacing=\"yes\" background_image=\"\" background_repeat=\"no-repeat\" padding=\"\" margin_top=\"0px\" margin_bottom=\"0px\" class=\"\" id=\"\" animation_type=\"\" animation_speed=\"0.3\" animation_direction=\"left\" hide_on_mobile=\"small-visibility,medium-visibility,large-visibility\" center_content=\"no\" last=\"no\" min_height=\"\" hover_type=\"none\" link=\"\"][fusion_code]Jmx0O25vc2NyaXB0Jmd0OwombHQ7aWZyYW1lIHNyYz0mcXVvdDtodHRwOi8vY3JzLmNhcmRiZXJnLmNvbS9yZWdpb24tbGlwdG92P25vX21lbnU9MSZxdW90OyBmcmFtZWJvcmRlcj0mcXVvdDswJnF1b3Q7IHdpZHRoPSZxdW90OzEwMCUmcXVvdDsgaGVpZ2h0PSZxdW90OzcwMCZxdW90OyBzY3JvbGxpbmc9JnF1b3Q7YXV0byZxdW90OyZndDsmbHQ7L2lmcmFtZSZndDsKJmx0Oy9ub3NjcmlwdCZndDsKJmx0O3NjcmlwdCB0eXBlPSZxdW90O3RleHQvamF2YXNjcmlwdCZxdW90OyZndDsKIHZhciBmb3JtID0gJiN4Mjc7aHR0cDovL2Nycy5jYXJkYmVyZy5jb20vcmVnaW9uLWxpcHRvdj9ub19tZW51PTEmI3gyNzs7CiB2YXIgcGFyYW1zID0gd2luZG93LmxvY2F0aW9uLnNlYXJjaDsKIHZhciB0aGlzU2NyaXB0ID0gZG9jdW1lbnQuc2NyaXB0c1tkb2N1bWVudC5zY3JpcHRzLmxlbmd0aCAtIDFdOwogdmFyIGlmcmFtZSA9IGRvY3VtZW50LmNyZWF0ZUVsZW1lbnQoJiN4Mjc7aWZyYW1lJiN4Mjc7KTsKIGlmcmFtZS5zZXRBdHRyaWJ1dGUoJiN4Mjc7c3JjJiN4Mjc7LCBmb3JtICsgcGFyYW1zKTsKIGlmcmFtZS5zZXRBdHRyaWJ1dGUoJiN4Mjc7d2lkdGgmI3gyNzssICYjeDI3OzEwMCUmI3gyNzspOwogaWZyYW1lLnNldEF0dHJpYnV0ZSgmI3gyNztoZWlnaHQmI3gyNzssJiN4Mjc7NzAwJiN4Mjc7KTsKIGlmcmFtZS5zZXRBdHRyaWJ1dGUoJiN4Mjc7c2Nyb2xsaW5nJiN4Mjc7LCAmI3gyNzthdXRvJiN4Mjc7KTsKIHRoaXNTY3JpcHQucGFyZW50RWxlbWVudC5yZXBsYWNlQ2hpbGQoaWZyYW1lLCB0aGlzU2NyaXB0KTsKJmx0Oy9zY3JpcHQmZ3Q7[\/fusion_code][fusion_text]\n<div class=\"fusion-one-full fusion-layout-column fusion-column-last fusion-spacing-yes\">\n<div class=\"fusion-column-wrapper\" style=\"text-align: right;\"><span style=\"color: #000000;\">Rezerva\u010dn\u00fd syst\u00e9m je aktualizovan\u00fd\u00a0s finan\u010dnou podporou Ministerstva dopravy, v\u00fdstavby Slovenskej republiky.<\/span><\/div>\n<\/div>\n[\/fusion_text][\/fusion_builder_column][\/fusion_builder_row][\/fusion_builder_container]","featured_media":0,"featured_media_url":null,"images_gallery_urls":[],"fotka_1_url":null,"fotka_2_url":null,"fotka_3_url":null,"fotka_4_url":null,"fotka_5_url":null,"fotka_6_url":null,"fotka_7_url":null,"fotka_8_url":null},"en":{"id":84598,"title":"Booking","url":"https:\/\/www.visitliptov.sk\/en\/booking\/","api_url":"https:\/\/www.visitliptov.sk\/en\/wp-json\/wp\/v2\/page\/84598","status":"publish","excerpt":"","content":"[fusion_builder_container admin_label=\"\" hundred_percent=\"yes\" equal_height_columns=\"no\" menu_anchor=\"\" hide_on_mobile=\"no\" class=\"booking-page\" id=\"\" background_color=\"\" background_image=\"\" background_position=\"left top\" background_repeat=\"no-repeat\" fade=\"no\" background_parallax=\"none\" enable_mobile=\"no\" parallax_speed=\"0.3\" video_mp4=\"\" video_webm=\"\" video_ogv=\"\" video_url=\"\" video_aspect_ratio=\"16:9\" video_loop=\"yes\" video_mute=\"yes\" video_preview_image=\"\" border_size=\"0px\" border_color=\"\" border_style=\"solid\" margin_top=\"\" margin_bottom=\"\" padding_top=\"0px\" padding_right=\"0px\" padding_bottom=\"0px\" padding_left=\"0px\"][fusion_builder_row][fusion_builder_column type=\"1_1\" layout=\"1_1\" background_position=\"left top\" background_color=\"\" border_size=\"\" border_color=\"\" border_style=\"solid\" spacing=\"yes\" background_image=\"\" background_repeat=\"no-repeat\" padding=\"\" margin_top=\"0px\" margin_bottom=\"0px\" class=\"\" id=\"\" animation_type=\"\" animation_speed=\"0.3\" animation_direction=\"left\" hide_on_mobile=\"no\" center_content=\"no\" min_height=\"none\" last=\"no\" hover_type=\"none\" link=\"\" border_position=\"all\"][fusion_code]PG5vc2NyaXB0Pg0KPGlmcmFtZSBzcmM9Imh0dHA6Ly9jcnMuY2FyZGJlcmcuY29tL3JlZ2lvbi1saXB0b3Y\/bm9fbWVudT0xIiBmcmFtZWJvcmRlcj0iMCIgd2lkdGg9IjEwMCUiIGhlaWdodD0iNzAwcHgiIHNjcm9sbGluZz0iYXV0byI+PC9pZnJhbWU+DQo8L25vc2NyaXB0Pg0KPHNjcmlwdCB0eXBlPSJ0ZXh0L2phdmFzY3JpcHQiPg0KIHZhciBmb3JtID0gJ2h0dHA6Ly9jcnMuY2FyZGJlcmcuY29tL3JlZ2lvbi1saXB0b3Y\/bm9fbWVudT0xJzsNCiB2YXIgcGFyYW1zID0gd2luZG93LmxvY2F0aW9uLnNlYXJjaDsNCiB2YXIgdGhpc1NjcmlwdCA9IGRvY3VtZW50LnNjcmlwdHNbZG9jdW1lbnQuc2NyaXB0cy5sZW5ndGggLSAxXTsNCiB2YXIgaWZyYW1lID0gZG9jdW1lbnQuY3JlYXRlRWxlbWVudCgnaWZyYW1lJyk7DQogaWZyYW1lLnNldEF0dHJpYnV0ZSgnc3JjJywgZm9ybSArIHBhcmFtcyk7DQogaWZyYW1lLnNldEF0dHJpYnV0ZSgnd2lkdGgnLCAnMTAwJScpOw0KIGlmcmFtZS5zZXRBdHRyaWJ1dGUoJ2hlaWdodCcsIDcwMCk7DQogaWZyYW1lLnNldEF0dHJpYnV0ZSgnc2Nyb2xsaW5nJywgJ2F1dG8nKTsNCiB0aGlzU2NyaXB0LnBhcmVudEVsZW1lbnQucmVwbGFjZUNoaWxkKGlmcmFtZSwgdGhpc1NjcmlwdCk7DQo8L3NjcmlwdD4=[\/fusion_code][\/fusion_builder_column][\/fusion_builder_row][\/fusion_builder_container]","featured_media":0,"featured_media_url":null,"images_gallery_urls":[],"fotka_1_url":null,"fotka_2_url":null,"fotka_3_url":null,"fotka_4_url":null,"fotka_5_url":null,"fotka_6_url":null,"fotka_7_url":null,"fotka_8_url":null},"pl":{"id":85137,"title":"Booking","url":"https:\/\/www.visitliptov.sk\/pl\/booking\/","api_url":"https:\/\/www.visitliptov.sk\/en\/wp-json\/wp\/v2\/page\/85137","status":"publish","excerpt":"","content":"[fusion_builder_container admin_label=\"\" hundred_percent=\"yes\" equal_height_columns=\"no\" menu_anchor=\"\" hide_on_mobile=\"no\" class=\"booking-page\" id=\"\" background_color=\"\" background_image=\"\" background_position=\"left top\" background_repeat=\"no-repeat\" fade=\"no\" background_parallax=\"none\" enable_mobile=\"no\" parallax_speed=\"0.3\" video_mp4=\"\" video_webm=\"\" video_ogv=\"\" video_url=\"\" video_aspect_ratio=\"16:9\" video_loop=\"yes\" video_mute=\"yes\" video_preview_image=\"\" border_size=\"0px\" border_color=\"\" border_style=\"solid\" margin_top=\"\" margin_bottom=\"\" padding_top=\"0px\" padding_right=\"0px\" padding_bottom=\"0px\" padding_left=\"0px\"][fusion_builder_row][fusion_builder_column type=\"1_1\" layout=\"1_1\" background_position=\"left top\" background_color=\"\" border_size=\"\" border_color=\"\" border_style=\"solid\" spacing=\"yes\" background_image=\"\" background_repeat=\"no-repeat\" padding=\"\" margin_top=\"0px\" margin_bottom=\"0px\" class=\"\" id=\"\" animation_type=\"\" animation_speed=\"0.3\" animation_direction=\"left\" hide_on_mobile=\"no\" center_content=\"no\" min_height=\"none\" last=\"no\" hover_type=\"none\" link=\"\" border_position=\"all\"][fusion_code]PG5vc2NyaXB0Pg0KPGlmcmFtZSBzcmM9Imh0dHA6Ly9jcnMuY2FyZGJlcmcuY29tL3JlZ2lvbi1saXB0b3Y\/bm9fbWVudT0xIiBmcmFtZWJvcmRlcj0iMCIgd2lkdGg9IjEwMCUiIGhlaWdodD0iNzAwcHgiIHNjcm9sbGluZz0iYXV0byI+PC9pZnJhbWU+DQo8L25vc2NyaXB0Pg0KPHNjcmlwdCB0eXBlPSJ0ZXh0L2phdmFzY3JpcHQiPg0KIHZhciBmb3JtID0gJ2h0dHA6Ly9jcnMuY2FyZGJlcmcuY29tL3JlZ2lvbi1saXB0b3Y\/bm9fbWVudT0xJzsNCiB2YXIgcGFyYW1zID0gd2luZG93LmxvY2F0aW9uLnNlYXJjaDsNCiB2YXIgdGhpc1NjcmlwdCA9IGRvY3VtZW50LnNjcmlwdHNbZG9jdW1lbnQuc2NyaXB0cy5sZW5ndGggLSAxXTsNCiB2YXIgaWZyYW1lID0gZG9jdW1lbnQuY3JlYXRlRWxlbWVudCgnaWZyYW1lJyk7DQogaWZyYW1lLnNldEF0dHJpYnV0ZSgnc3JjJywgZm9ybSArIHBhcmFtcyk7DQogaWZyYW1lLnNldEF0dHJpYnV0ZSgnd2lkdGgnLCAnMTAwJScpOw0KIGlmcmFtZS5zZXRBdHRyaWJ1dGUoJ2hlaWdodCcsIDcwMCk7DQogaWZyYW1lLnNldEF0dHJpYnV0ZSgnc2Nyb2xsaW5nJywgJ2F1dG8nKTsNCiB0aGlzU2NyaXB0LnBhcmVudEVsZW1lbnQucmVwbGFjZUNoaWxkKGlmcmFtZSwgdGhpc1NjcmlwdCk7DQo8L3NjcmlwdD4=[\/fusion_code][\/fusion_builder_column][\/fusion_builder_row][\/fusion_builder_container]","featured_media":0,"featured_media_url":null,"images_gallery_urls":[],"fotka_1_url":null,"fotka_2_url":null,"fotka_3_url":null,"fotka_4_url":null,"fotka_5_url":null,"fotka_6_url":null,"fotka_7_url":null,"fotka_8_url":null},"ru":{"id":85387,"title":"Booking","url":"https:\/\/www.visitliptov.sk\/ru\/booking\/","api_url":"https:\/\/www.visitliptov.sk\/en\/wp-json\/wp\/v2\/page\/85387","status":"publish","excerpt":"","content":"[fusion_builder_container admin_label=\"\" hundred_percent=\"yes\" equal_height_columns=\"no\" menu_anchor=\"\" hide_on_mobile=\"no\" class=\"booking-page\" id=\"\" background_color=\"\" background_image=\"\" background_position=\"left top\" background_repeat=\"no-repeat\" fade=\"no\" background_parallax=\"none\" enable_mobile=\"no\" parallax_speed=\"0.3\" video_mp4=\"\" video_webm=\"\" video_ogv=\"\" video_url=\"\" video_aspect_ratio=\"16:9\" video_loop=\"yes\" video_mute=\"yes\" video_preview_image=\"\" border_size=\"0px\" border_color=\"\" border_style=\"solid\" margin_top=\"\" margin_bottom=\"\" padding_top=\"0px\" padding_right=\"0px\" padding_bottom=\"0px\" padding_left=\"0px\"][fusion_builder_row][fusion_builder_column type=\"1_1\" layout=\"1_1\" background_position=\"left top\" background_color=\"\" border_size=\"\" border_color=\"\" border_style=\"solid\" spacing=\"yes\" background_image=\"\" background_repeat=\"no-repeat\" padding=\"\" margin_top=\"0px\" margin_bottom=\"0px\" class=\"\" id=\"\" animation_type=\"\" animation_speed=\"0.3\" animation_direction=\"left\" hide_on_mobile=\"no\" center_content=\"no\" min_height=\"none\" last=\"no\" hover_type=\"none\" link=\"\" border_position=\"all\"][fusion_code]PG5vc2NyaXB0Pg0KPGlmcmFtZSBzcmM9Imh0dHA6Ly9jcnMuY2FyZGJlcmcuY29tL3JlZ2lvbi1saXB0b3Y\/bm9fbWVudT0xIiBmcmFtZWJvcmRlcj0iMCIgd2lkdGg9IjEwMCUiIGhlaWdodD0iNzAwcHgiIHNjcm9sbGluZz0iYXV0byI+PC9pZnJhbWU+DQo8L25vc2NyaXB0Pg0KPHNjcmlwdCB0eXBlPSJ0ZXh0L2phdmFzY3JpcHQiPg0KIHZhciBmb3JtID0gJ2h0dHA6Ly9jcnMuY2FyZGJlcmcuY29tL3JlZ2lvbi1saXB0b3Y\/bm9fbWVudT0xJzsNCiB2YXIgcGFyYW1zID0gd2luZG93LmxvY2F0aW9uLnNlYXJjaDsNCiB2YXIgdGhpc1NjcmlwdCA9IGRvY3VtZW50LnNjcmlwdHNbZG9jdW1lbnQuc2NyaXB0cy5sZW5ndGggLSAxXTsNCiB2YXIgaWZyYW1lID0gZG9jdW1lbnQuY3JlYXRlRWxlbWVudCgnaWZyYW1lJyk7DQogaWZyYW1lLnNldEF0dHJpYnV0ZSgnc3JjJywgZm9ybSArIHBhcmFtcyk7DQogaWZyYW1lLnNldEF0dHJpYnV0ZSgnd2lkdGgnLCAnMTAwJScpOw0KIGlmcmFtZS5zZXRBdHRyaWJ1dGUoJ2hlaWdodCcsIDcwMCk7DQogaWZyYW1lLnNldEF0dHJpYnV0ZSgnc2Nyb2xsaW5nJywgJ2F1dG8nKTsNCiB0aGlzU2NyaXB0LnBhcmVudEVsZW1lbnQucmVwbGFjZUNoaWxkKGlmcmFtZSwgdGhpc1NjcmlwdCk7DQo8L3NjcmlwdD4=[\/fusion_code][\/fusion_builder_column][\/fusion_builder_row][\/fusion_builder_container]","featured_media":0,"featured_media_url":null,"images_gallery_urls":[],"fotka_1_url":null,"fotka_2_url":null,"fotka_3_url":null,"fotka_4_url":null,"fotka_5_url":null,"fotka_6_url":null,"fotka_7_url":null,"fotka_8_url":null}},"_links":{"self":[{"href":"https:\/\/www.visitliptov.sk\/en\/wp-json\/wp\/v2\/pages\/84598"}],"collection":[{"href":"https:\/\/www.visitliptov.sk\/en\/wp-json\/wp\/v2\/pages"}],"about":[{"href":"https:\/\/www.visitliptov.sk\/en\/wp-json\/wp\/v2\/types\/page"}],"author":[{"embeddable":true,"href":"https:\/\/www.visitliptov.sk\/en\/wp-json\/wp\/v2\/users\/1"}],"replies":[{"embeddable":true,"href":"https:\/\/www.visitliptov.sk\/en\/wp-json\/wp\/v2\/comments?post=84598"}],"version-history":[{"count":0,"href":"https:\/\/www.visitliptov.sk\/en\/wp-json\/wp\/v2\/pages\/84598\/revisions"}],"wp:attachment":[{"href":"https:\/\/www.visitliptov.sk\/en\/wp-json\/wp\/v2\/media?parent=84598"}],"curies":[{"name":"wp","href":"https:\/\/api.w.org\/{rel}","templated":true}]}}