{"id":84542,"date":"2016-01-21T00:00:00","date_gmt":"2016-01-20T23:00:00","guid":{"rendered":"https:\/\/www.visitliptov.sk\/transport-skibus\/"},"modified":"2023-05-25T11:28:32","modified_gmt":"2023-05-25T09:28:32","slug":"transport-skibus","status":"publish","type":"page","link":"https:\/\/www.visitliptov.sk\/en\/transport-skibus\/","title":{"rendered":"Transport"},"content":{"rendered":"\n<div class=\"wp-block-cover alignfull is-light mt-0 mb-0 opacity-1\" style=\"min-height:500px;aspect-ratio:unset;\"><span aria-hidden=\"true\" class=\"wp-block-cover__background has-background-dim-30 has-background-dim\"><\/span><img loading=\"lazy\" decoding=\"async\" width=\"940\" height=\"788\" class=\"wp-block-cover__image-background wp-image-165569\" alt=\"\" src=\"https:\/\/www.visitliptov.sk\/wp-content\/uploads\/2021\/12\/Skibus.png\" data-object-fit=\"cover\" srcset=\"https:\/\/www.visitliptov.sk\/wp-content\/uploads\/2021\/12\/Skibus.png 940w, https:\/\/www.visitliptov.sk\/wp-content\/uploads\/2021\/12\/Skibus-600x503.png 600w\" sizes=\"(max-width: 940px) 100vw, 940px\" \/><div class=\"wp-block-cover__inner-container is-layout-flow wp-block-cover-is-layout-flow\">\n<p class=\"has-text-align-center has-white-color has-text-color has-large-font-size\"><strong>Ski &amp; Aqua Bus<\/strong><\/p>\n<\/div><\/div>\n\n\n\n<div style=\"height:48px\" aria-hidden=\"true\" class=\"wp-block-spacer\"><\/div>\n\n\n\n<p>There is a regular free SKI &amp; AQUA BUS service in Liptov during the winter season. Skiers and vacationers can thus comfortably ride to the slopes, but also to the Tatralandia water park. Skibuses connect the following resorts Jasn\u00e1, Malin\u00f4 Brdo, Tatralandia with the towns of Liptovsk\u00fd Mikul\u00e1\u0161 and Ru\u017eomberok and the village of Liptovsk\u00fd J\u00e1n.<\/p>\n\n\n\n<p>The date of operation of the SKI &amp; AQUA BUS is 26.12.2022 &#8211; 12.03.2023.<\/p>\n\n\n\n<figure class=\"wp-block-image size-large\"><a href=\"app.visitliptov.sk \" target=\"_blank\" rel=\"noopener\"><img loading=\"lazy\" decoding=\"async\" width=\"1920\" height=\"540\" src=\"https:\/\/www.visitliptov.sk\/wp-content\/uploads\/2022\/10\/mobilna-aplikacia_hladajskibus.png\" alt=\"\" class=\"wp-image-198682\" srcset=\"https:\/\/www.visitliptov.sk\/wp-content\/uploads\/2022\/10\/mobilna-aplikacia_hladajskibus.png 1920w, https:\/\/www.visitliptov.sk\/wp-content\/uploads\/2022\/10\/mobilna-aplikacia_hladajskibus-1200x338.png 1200w, https:\/\/www.visitliptov.sk\/wp-content\/uploads\/2022\/10\/mobilna-aplikacia_hladajskibus-600x169.png 600w, https:\/\/www.visitliptov.sk\/wp-content\/uploads\/2022\/10\/mobilna-aplikacia_hladajskibus-1536x432.png 1536w\" sizes=\"(max-width: 1920px) 100vw, 1920px\" \/><\/a><\/figure>\n\n\n\n<div class=\"wp-block-buttons is-layout-flex wp-block-buttons-is-layout-flex\">\n<div class=\"wp-block-button\"><a class=\"wp-block-button__link\" href=\"https:\/\/www.jasna.sk\/en\/informacie\/informacie\/transport\/transport-to-the-resort-by-car\" target=\"_blank\" rel=\"noreferrer noopener\">Parking in Jasn\u00e1<\/a><\/div>\n<\/div>\n\n\n\n<figure class=\"wp-block-image size-full\"><a href=\"https:\/\/www.visitliptov.sk\/wp-content\/uploads\/2022\/12\/SKIBUS_plagat_A4_nahlad.pdf\"><img loading=\"lazy\" decoding=\"async\" width=\"1361\" height=\"687\" src=\"https:\/\/www.visitliptov.sk\/wp-content\/uploads\/2022\/12\/skibus-letak-prva-strana-rotated.jpg\" alt=\"\" class=\"wp-image-205834\" srcset=\"https:\/\/www.visitliptov.sk\/wp-content\/uploads\/2022\/12\/skibus-letak-prva-strana-rotated.jpg 1361w, https:\/\/www.visitliptov.sk\/wp-content\/uploads\/2022\/12\/skibus-letak-prva-strana-1200x606.jpg 1200w, https:\/\/www.visitliptov.sk\/wp-content\/uploads\/2022\/12\/skibus-letak-prva-strana-600x303.jpg 600w\" sizes=\"(max-width: 1361px) 100vw, 1361px\" \/><\/a><\/figure>\n\n\n\n<p><\/p>\n","protected":false},"excerpt":{"rendered":"<p>There is a regular free SKI &amp; AQUA BUS service in Liptov during the winter season. Skiers and vacationers can &#8230;<\/p>\n","protected":false},"author":1,"featured_media":210029,"parent":0,"menu_order":0,"comment_status":"open","ping_status":"open","template":"page_no-title.php","meta":{"_acf_changed":false,"inline_featured_image":false,"episode_type":"","audio_file":"","cover_image":"","cover_image_id":"","duration":"","filesize":"","date_recorded":"","explicit":"","block":"","filesize_raw":"","_jf_limit_responses":"","footnotes":""},"class_list":["post-84542","page","type-page","status-publish","has-post-thumbnail","hentry"],"acf":{"vyhradny_obrazok":false,"second_feature_image":null,"search_top_keywords":""},"wpml_translations_detailed":{"en":{"id":84542,"title":"Transport","url":"https:\/\/www.visitliptov.sk\/en\/transport-skibus\/","api_url":"https:\/\/www.visitliptov.sk\/en\/wp-json\/wp\/v2\/page\/84542","status":"publish","excerpt":"There is a regular free SKI &amp; AQUA BUS service in Liptov during the winter season. Skiers and vacationers can ...","content":"<!-- wp:cover {\"url\":\"https:\/\/www.visitliptov.sk\/wp-content\/uploads\/2021\/12\/Skibus.png\",\"id\":165569,\"dimRatio\":30,\"minHeight\":500,\"isDark\":false,\"align\":\"full\",\"className\":\"mt-0 mb-0 opacity-1\"} -->\n<div class=\"wp-block-cover alignfull is-light mt-0 mb-0 opacity-1\" style=\"min-height:500px\"><span aria-hidden=\"true\" class=\"wp-block-cover__background has-background-dim-30 has-background-dim\"><\/span><img class=\"wp-block-cover__image-background wp-image-165569\" alt=\"\" src=\"https:\/\/www.visitliptov.sk\/wp-content\/uploads\/2021\/12\/Skibus.png\" data-object-fit=\"cover\"\/><div class=\"wp-block-cover__inner-container\"><!-- wp:paragraph {\"align\":\"center\",\"placeholder\":\"Nap\u00ed\u0161te titulok...\",\"textColor\":\"white\",\"fontSize\":\"large\"} -->\n<p class=\"has-text-align-center has-white-color has-text-color has-large-font-size\"><strong>Ski &amp; Aqua Bus<\/strong><\/p>\n<!-- \/wp:paragraph --><\/div><\/div>\n<!-- \/wp:cover -->\n\n<!-- wp:spacer {\"height\":\"48px\"} -->\n<div style=\"height:48px\" aria-hidden=\"true\" class=\"wp-block-spacer\"><\/div>\n<!-- \/wp:spacer -->\n\n<!-- wp:paragraph -->\n<p>There is a regular free SKI &amp; AQUA BUS service in Liptov during the winter season. Skiers and vacationers can thus comfortably ride to the slopes, but also to the Tatralandia water park. Skibuses connect the following resorts Jasn\u00e1, Malin\u00f4 Brdo, Tatralandia with the towns of Liptovsk\u00fd Mikul\u00e1\u0161 and Ru\u017eomberok and the village of Liptovsk\u00fd J\u00e1n.<\/p>\n<!-- \/wp:paragraph -->\n\n<!-- wp:paragraph -->\n<p>The date of operation of the SKI &amp; AQUA BUS is 26.12.2022 - 12.03.2023.<\/p>\n<!-- \/wp:paragraph -->\n\n<!-- wp:image {\"id\":198682,\"sizeSlug\":\"large\",\"linkDestination\":\"none\"} -->\n<figure class=\"wp-block-image size-large\"><a href=\"app.visitliptov.sk \" target=\"_blank\" rel=\"noopener\"><img src=\"https:\/\/www.visitliptov.sk\/wp-content\/uploads\/2022\/10\/mobilna-aplikacia_hladajskibus.png\" alt=\"\" class=\"wp-image-198682\"\/><\/a><\/figure>\n<!-- \/wp:image -->\n\n<!-- wp:buttons -->\n<div class=\"wp-block-buttons\"><!-- wp:button -->\n<div class=\"wp-block-button\"><a class=\"wp-block-button__link\" href=\"https:\/\/www.jasna.sk\/en\/informacie\/informacie\/transport\/transport-to-the-resort-by-car\" target=\"_blank\" rel=\"noreferrer noopener\">Parking in Jasn\u00e1<\/a><\/div>\n<!-- \/wp:button --><\/div>\n<!-- \/wp:buttons -->\n\n<!-- wp:image {\"id\":205834,\"sizeSlug\":\"full\",\"linkDestination\":\"custom\"} -->\n<figure class=\"wp-block-image size-full\"><a href=\"https:\/\/www.visitliptov.sk\/wp-content\/uploads\/2022\/12\/SKIBUS_plagat_A4_nahlad.pdf\"><img src=\"https:\/\/www.visitliptov.sk\/wp-content\/uploads\/2022\/12\/skibus-letak-prva-strana-rotated.jpg\" alt=\"\" class=\"wp-image-205834\"\/><\/a><\/figure>\n<!-- \/wp:image -->\n\n<!-- wp:paragraph -->\n<p><\/p>\n<!-- \/wp:paragraph -->","featured_media":210029,"featured_media_url":"https:\/\/www.visitliptov.sk\/wp-content\/uploads\/2018\/11\/230126_Ski-Bus_02-600x401.jpg","images_gallery_urls":[],"fotka_1_url":null,"fotka_2_url":null,"fotka_3_url":null,"fotka_4_url":null,"fotka_5_url":null,"fotka_6_url":null,"fotka_7_url":null,"fotka_8_url":null}},"_links":{"self":[{"href":"https:\/\/www.visitliptov.sk\/en\/wp-json\/wp\/v2\/pages\/84542"}],"collection":[{"href":"https:\/\/www.visitliptov.sk\/en\/wp-json\/wp\/v2\/pages"}],"about":[{"href":"https:\/\/www.visitliptov.sk\/en\/wp-json\/wp\/v2\/types\/page"}],"author":[{"embeddable":true,"href":"https:\/\/www.visitliptov.sk\/en\/wp-json\/wp\/v2\/users\/1"}],"replies":[{"embeddable":true,"href":"https:\/\/www.visitliptov.sk\/en\/wp-json\/wp\/v2\/comments?post=84542"}],"version-history":[{"count":0,"href":"https:\/\/www.visitliptov.sk\/en\/wp-json\/wp\/v2\/pages\/84542\/revisions"}],"wp:featuredmedia":[{"embeddable":true,"href":"https:\/\/www.visitliptov.sk\/en\/wp-json\/wp\/v2\/media\/210029"}],"wp:attachment":[{"href":"https:\/\/www.visitliptov.sk\/en\/wp-json\/wp\/v2\/media?parent=84542"}],"curies":[{"name":"wp","href":"https:\/\/api.w.org\/{rel}","templated":true}]}}