{"id":84523,"date":"2016-03-22T00:00:00","date_gmt":"2016-03-21T23:00:00","guid":{"rendered":"https:\/\/www.visitliptov.sk\/restaurants-cafes-and-traditional-cuisine\/"},"modified":"2019-04-30T20:51:18","modified_gmt":"2019-04-30T18:51:18","slug":"restaurants-cafes-and-traditional-cuisine","status":"publish","type":"page","link":"https:\/\/www.visitliptov.sk\/en\/liptov-region-card\/discounts-guide\/restaurants-cafes-and-traditional-cuisine\/","title":{"rendered":"Restaurants, caf\u00e9s and traditional cuisine"},"content":{"rendered":"W2xvb3AgdGhlX3F1ZXJ5PSJwb3N0c19wZXJfcGFnZT04JnBvc3RfdHlwZT16YXVqaW1hdm9zdGkmY2F0ZWdvcnktaW50ZXJlc3Q9bHJjLXJlc3RhdXJhbnRzLWNhZmVzLWFuZC10cmFkaXRpb25hbC1jdWlzaW5lIl0=\n\n\n\n","protected":false},"excerpt":{"rendered":"","protected":false},"author":1,"featured_media":0,"parent":84604,"menu_order":0,"comment_status":"open","ping_status":"open","template":"","meta":{"_acf_changed":false,"inline_featured_image":false,"episode_type":"","audio_file":"","cover_image":"","cover_image_id":"","duration":"","filesize":"","date_recorded":"","explicit":"","block":"","filesize_raw":"","_jf_limit_responses":"","footnotes":""},"class_list":["post-84523","page","type-page","status-publish","hentry"],"acf":{"vyhradny_obrazok":false,"second_feature_image":null,"search_top_keywords":""},"wpml_translations_detailed":{"sk":{"id":81849,"title":"Re\u0161taur\u00e1cie, kaviarne, tradi\u010dn\u00e1 kuchy\u0148a","url":"https:\/\/www.visitliptov.sk\/liptov-region-card\/sprievodca-zlavami-s-liptov-region-card-leto-2021\/restauracie-kaviarne-tradicna-kuchyna\/","api_url":"https:\/\/www.visitliptov.sk\/en\/wp-json\/wp\/v2\/page\/81849","status":"publish","excerpt":"","content":"[fusion_builder_container hundred_percent=\"yes\" overflow=\"visible\"][fusion_builder_row][fusion_builder_column type=\"1_1\" last=\"yes\" spacing=\"yes\" center_content=\"no\" hide_on_mobile=\"no\" background_color=\"\" background_image=\"\" background_repeat=\"no-repeat\" background_position=\"left top\" border_position=\"all\" border_size=\"0px\" border_color=\"\" border_style=\"\" padding=\"\" margin_top=\"\" margin_bottom=\"\" animation_type=\"\" animation_direction=\"\" animation_speed=\"0.1\" class=\"\" id=\"\"][fusion_code]W2xvb3AgdGhlX3F1ZXJ5PSJwb3N0c19wZXJfcGFnZT04JnBvc3RfdHlwZT16YXVqaW1hdm9zdGkmY2F0ZWdvcnktaW50ZXJlc3Q9bHJjLXJlc3RhdXJhY2llLWthdmlhcm5lLXRyYWRpY25hLWt1Y2h5bmEiXQ==[\/fusion_code][\/fusion_builder_column][\/fusion_builder_row][\/fusion_builder_container]","featured_media":0,"featured_media_url":null,"images_gallery_urls":[],"fotka_1_url":null,"fotka_2_url":null,"fotka_3_url":null,"fotka_4_url":null,"fotka_5_url":null,"fotka_6_url":null,"fotka_7_url":null,"fotka_8_url":null},"en":{"id":84523,"title":"Restaurants, caf\u00e9s and traditional cuisine","url":"https:\/\/www.visitliptov.sk\/en\/liptov-region-card\/discounts-guide\/restaurants-cafes-and-traditional-cuisine\/","api_url":"https:\/\/www.visitliptov.sk\/en\/wp-json\/wp\/v2\/page\/84523","status":"publish","excerpt":"","content":"[fusion_builder_container hundred_percent=\"yes\" overflow=\"visible\"][fusion_builder_row][fusion_builder_column type=\"1_1\" last=\"yes\" spacing=\"yes\" center_content=\"no\" hide_on_mobile=\"no\" background_color=\"\" background_image=\"\" background_repeat=\"no-repeat\" background_position=\"left top\" border_position=\"all\" border_size=\"0px\" border_color=\"\" border_style=\"\" padding=\"\" margin_top=\"\" margin_bottom=\"\" animation_type=\"\" animation_direction=\"\" animation_speed=\"0.1\" class=\"\" id=\"\"][fusion_code]W2xvb3AgdGhlX3F1ZXJ5PSJwb3N0c19wZXJfcGFnZT04JnBvc3RfdHlwZT16YXVqaW1hdm9zdGkmY2F0ZWdvcnktaW50ZXJlc3Q9bHJjLXJlc3RhdXJhbnRzLWNhZmVzLWFuZC10cmFkaXRpb25hbC1jdWlzaW5lIl0=[\/fusion_code][\/fusion_builder_column][\/fusion_builder_row][\/fusion_builder_container]","featured_media":0,"featured_media_url":null,"images_gallery_urls":[],"fotka_1_url":null,"fotka_2_url":null,"fotka_3_url":null,"fotka_4_url":null,"fotka_5_url":null,"fotka_6_url":null,"fotka_7_url":null,"fotka_8_url":null},"pl":{"id":85084,"title":"Restauracje, kawiarnie i tradycyjna kuchnia","url":"https:\/\/www.visitliptov.sk\/pl\/liptov-region-card\/przewodnik-rabaty\/restauracje-kawiarnie-i-tradycyjna-kuchnia\/","api_url":"https:\/\/www.visitliptov.sk\/en\/wp-json\/wp\/v2\/page\/85084","status":"publish","excerpt":"","content":"[fusion_builder_container hundred_percent=\"yes\" overflow=\"visible\"][fusion_builder_row][fusion_builder_column type=\"1_1\" last=\"yes\" spacing=\"yes\" center_content=\"no\" hide_on_mobile=\"no\" background_color=\"\" background_image=\"\" background_repeat=\"no-repeat\" background_position=\"left top\" border_position=\"all\" border_size=\"0px\" border_color=\"\" border_style=\"\" padding=\"\" margin_top=\"\" margin_bottom=\"\" animation_type=\"\" animation_direction=\"\" animation_speed=\"0.1\" class=\"\" id=\"\"][fusion_code]W2xvb3AgdGhlX3F1ZXJ5PSJwb3N0c19wZXJfcGFnZT04JnBvc3RfdHlwZT16YXVqaW1hdm9zdGkmY2F0ZWdvcnktaW50ZXJlc3Q9bHJjLXJlc3RhdXJhY2plLWthd2lhcm5pZS1pLXRyYWR5Y3lqbmEta3VjaG5pYSJd[\/fusion_code][\/fusion_builder_column][\/fusion_builder_row][\/fusion_builder_container]","featured_media":0,"featured_media_url":null,"images_gallery_urls":[],"fotka_1_url":null,"fotka_2_url":null,"fotka_3_url":null,"fotka_4_url":null,"fotka_5_url":null,"fotka_6_url":null,"fotka_7_url":null,"fotka_8_url":null},"ru":{"id":85350,"title":"\u0420\u0435\u0441\u0442\u043e\u0440\u0430\u043d\u044b, \u043a\u0430\u0444\u0435 \u0438 \u0442\u0440\u0430\u0434\u0438\u0446\u0438\u043e\u043d\u043d\u0430\u044f \u043a\u0443\u0445\u043d\u044f","url":"https:\/\/www.visitliptov.sk\/ru\/liptov-region-card\/%d1%80%d1%83%d0%ba%d0%be%d0%b2%d0%be%d0%b4%d1%81%d1%82%d0%b2%d0%be-%d1%81%d0%ba%d0%b8%d0%b4%d0%ba%d0%b8\/%d1%80%d0%b5%d1%81%d1%82%d0%be%d1%80%d0%b0%d0%bd%d1%8b-%d0%ba%d0%b0%d1%84%d0%b5-%d0%b8-%d1%82%d1%80%d0%b0%d0%b4%d0%b8%d1%86%d0%b8%d0%be%d0%bd%d0%bd%d0%b0%d1%8f-%d0%ba%d1%83%d1%85%d0%bd%d1%8f\/","api_url":"https:\/\/www.visitliptov.sk\/en\/wp-json\/wp\/v2\/page\/85350","status":"publish","excerpt":"","content":"[fusion_builder_container hundred_percent=\"yes\" overflow=\"visible\"][fusion_builder_row][fusion_builder_column type=\"1_1\" last=\"yes\" spacing=\"yes\" center_content=\"no\" hide_on_mobile=\"no\" background_color=\"\" background_image=\"\" background_repeat=\"no-repeat\" background_position=\"left top\" border_position=\"all\" border_size=\"0px\" border_color=\"\" border_style=\"\" padding=\"\" margin_top=\"\" margin_bottom=\"\" animation_type=\"\" animation_direction=\"\" animation_speed=\"0.1\" class=\"\" id=\"\"][fusion_code]W2xvb3AgdGhlX3F1ZXJ5PSJwb3N0c19wZXJfcGFnZT04JnBvc3RfdHlwZT16YXVqaW1hdm9zdGkmY2F0ZWdvcnktaW50ZXJlc3Q9bHJjLdGA0LXRgdGC0L7RgNCw0L3Riy3QutCw0YTQtS3QuC3RgtGA0LDQtNC40YbQuNC+0L3QvdCw0Y8t0LrRg9GF0L3RjyJd[\/fusion_code][\/fusion_builder_column][\/fusion_builder_row][\/fusion_builder_container]","featured_media":0,"featured_media_url":null,"images_gallery_urls":[],"fotka_1_url":null,"fotka_2_url":null,"fotka_3_url":null,"fotka_4_url":null,"fotka_5_url":null,"fotka_6_url":null,"fotka_7_url":null,"fotka_8_url":null}},"_links":{"self":[{"href":"https:\/\/www.visitliptov.sk\/en\/wp-json\/wp\/v2\/pages\/84523"}],"collection":[{"href":"https:\/\/www.visitliptov.sk\/en\/wp-json\/wp\/v2\/pages"}],"about":[{"href":"https:\/\/www.visitliptov.sk\/en\/wp-json\/wp\/v2\/types\/page"}],"author":[{"embeddable":true,"href":"https:\/\/www.visitliptov.sk\/en\/wp-json\/wp\/v2\/users\/1"}],"replies":[{"embeddable":true,"href":"https:\/\/www.visitliptov.sk\/en\/wp-json\/wp\/v2\/comments?post=84523"}],"version-history":[{"count":0,"href":"https:\/\/www.visitliptov.sk\/en\/wp-json\/wp\/v2\/pages\/84523\/revisions"}],"up":[{"embeddable":true,"href":"https:\/\/www.visitliptov.sk\/en\/wp-json\/wp\/v2\/pages\/84604"}],"wp:attachment":[{"href":"https:\/\/www.visitliptov.sk\/en\/wp-json\/wp\/v2\/media?parent=84523"}],"curies":[{"name":"wp","href":"https:\/\/api.w.org\/{rel}","templated":true}]}}