{"id":84505,"date":"2015-12-09T00:00:00","date_gmt":"2015-12-08T23:00:00","guid":{"rendered":"https:\/\/www.visitliptov.sk\/treasures-of-liptov\/how-to-do-it\/"},"modified":"2015-12-09T00:00:00","modified_gmt":"2015-12-08T23:00:00","slug":"how-to-do-it","status":"publish","type":"page","link":"https:\/\/www.visitliptov.sk\/en\/treasures-of-liptov\/how-to-do-it\/","title":{"rendered":"How to do it?"},"content":{"rendered":"<p>Welcome to Liptov, region full of treasures, and become the hunter. Get to know its beauty, together, look for chests containing secret. We will take you to the treasure Liptova waiting just for you. The path to them is through high mountains, cold water and dark caves. However, luck smiles only the bravest and fittest ones will reach. So, do you go with us into it?<\/p>\n<p>&nbsp;<\/p>\n<p>&nbsp;<\/p>\n<p><a href=\"https:\/\/www.visitliptov.sk\/wp-content\/uploads\/2019\/04\/pokladyLiptova01.jpg\" data-rel=\"lightbox-gallery-eAAqrGtz\" data-rl_title=\"\" data-rl_caption=\"\" title=\"\"><img loading=\"lazy\" decoding=\"async\" class=\"wp-image-15012 size-medium alignnone\" src=\"https:\/\/www.visitliptov.sk\/wp-content\/uploads\/2019\/04\/pokladyLiptova01.jpg\" alt=\"pokladyLiptova01\" width=\"300\" height=\"170\" \/><\/a><a href=\"https:\/\/www.visitliptov.sk\/wp-content\/uploads\/2019\/04\/pokladyLiptova03.jpg\" data-rel=\"lightbox-gallery-eAAqrGtz\" data-rl_title=\"\" data-rl_caption=\"\" title=\"\"><img loading=\"lazy\" decoding=\"async\" class=\"alignnone wp-image-15016 size-medium\" src=\"https:\/\/www.visitliptov.sk\/wp-content\/uploads\/2019\/04\/pokladyLiptova03.jpg\" alt=\"pokladyLiptova03\" width=\"300\" height=\"200\" \/><\/a> <a href=\"https:\/\/www.visitliptov.sk\/wp-content\/uploads\/2019\/04\/pokladyLiptova02.jpg\" data-rel=\"lightbox-gallery-eAAqrGtz\" data-rl_title=\"\" data-rl_caption=\"\" title=\"\"><img loading=\"lazy\" decoding=\"async\" class=\"alignnone wp-image-15013 size-medium\" src=\"https:\/\/www.visitliptov.sk\/wp-content\/uploads\/2019\/04\/pokladyLiptova02.jpg\" alt=\"pokladyLiptova02\" width=\"300\" height=\"200\" \/><\/a><\/p>\n<h2>How to do it?<\/h2>\n<p>Guided fun game &#8220;Search for treasures Liptova&#8221; is a brochure.<br \/>\nChoose from the map at least 3 treasures where you&#8217;ll find a chest with a secret content.<br \/>\nWhen searching chests will help GPS coordinates listed in the brochure at any treasure.<br \/>\n<strong>CAUTION! GPS determine the destination. Look for a chest. We do not play geocaching.<\/strong><\/p>\n<p><span><\/span><strong>Access the chests may be subject to payment of an entry. Protecting chests.<\/strong><\/p>\n<h2>What to do if you find a chest?<\/h2>\n<ol>\n<li>Each chest\u00a0hides the puzzle.<\/li>\n<li>If a puzzle to decipher response (symbol), draw into the corresponding fields on page 17.<\/li>\n<li>Page 17 correctly marked with three different answers (symbols) upload at locations (list on page 18) and the gift of your Liptova.<br \/>\nBonus: If you can find (3) treasures of Liptovsky Mikulas and note them in the designated boxes on page 17, you get a gift Oma\u013eovanka only information center of Liptovsky Mikulas.<\/li>\n<li>Remember on page 18 to fill your personal information so that we can be included in the draw for great prizes for the whole family.<br \/>\npoklady<\/li>\n<\/ol>\n<h3><\/h3>\n<p><a href=\"https:\/\/www.visitliptov.sk\/wp-content\/uploads\/2019\/04\/pokladyLiptova04.jpg\" data-rel=\"lightbox-gallery-eAAqrGtz\" data-rl_title=\"\" data-rl_caption=\"\" title=\"\"><img loading=\"lazy\" decoding=\"async\" class=\"size-full wp-image-15017 aligncenter\" src=\"https:\/\/www.visitliptov.sk\/wp-content\/uploads\/2019\/04\/pokladyLiptova04.jpg\" alt=\"pokladyLiptova04\" width=\"852\" height=\"253\" \/><\/a><\/p>\n","protected":false},"excerpt":{"rendered":"<p>Welcome to Liptov, region full of treasures, and become the hunter. Get to know its beauty, together, look for chests &#8230;<\/p>\n","protected":false},"author":1,"featured_media":80660,"parent":84461,"menu_order":0,"comment_status":"open","ping_status":"open","template":"","meta":{"_acf_changed":false,"inline_featured_image":false,"episode_type":"","audio_file":"","cover_image":"","cover_image_id":"","duration":"","filesize":"","date_recorded":"","explicit":"","block":"","filesize_raw":"","_jf_limit_responses":"","footnotes":""},"class_list":["post-84505","page","type-page","status-publish","has-post-thumbnail","hentry"],"acf":{"vyhradny_obrazok":false,"second_feature_image":null,"search_top_keywords":""},"wpml_translations_detailed":{"en":{"id":84505,"title":"How to do it?","url":"https:\/\/www.visitliptov.sk\/en\/treasures-of-liptov\/how-to-do-it\/","api_url":"https:\/\/www.visitliptov.sk\/en\/wp-json\/wp\/v2\/page\/84505","status":"publish","excerpt":"Welcome to Liptov, region full of treasures, and become the hunter. Get to know its beauty, together, look for chests ...","content":"Welcome to Liptov, region full of treasures, and become the hunter. Get to know its beauty, together, look for chests containing secret. We will take you to the treasure Liptova waiting just for you. The path to them is through high mountains, cold water and dark caves. However, luck smiles only the bravest and fittest ones will reach. So, do you go with us into it?\n\n&nbsp;\n\n&nbsp;\n\n<a href=\"https:\/\/www.visitliptov.sk\/wp-content\/uploads\/2019\/04\/pokladyLiptova01.jpg\"><img class=\"wp-image-15012 size-medium alignnone\" src=\"https:\/\/www.visitliptov.sk\/wp-content\/uploads\/2019\/04\/pokladyLiptova01.jpg\" alt=\"pokladyLiptova01\" width=\"300\" height=\"170\" \/><\/a><a href=\"https:\/\/www.visitliptov.sk\/wp-content\/uploads\/2019\/04\/pokladyLiptova03.jpg\"><img class=\"alignnone wp-image-15016 size-medium\" src=\"https:\/\/www.visitliptov.sk\/wp-content\/uploads\/2019\/04\/pokladyLiptova03.jpg\" alt=\"pokladyLiptova03\" width=\"300\" height=\"200\" \/><\/a> <a href=\"https:\/\/www.visitliptov.sk\/wp-content\/uploads\/2019\/04\/pokladyLiptova02.jpg\"><img class=\"alignnone wp-image-15013 size-medium\" src=\"https:\/\/www.visitliptov.sk\/wp-content\/uploads\/2019\/04\/pokladyLiptova02.jpg\" alt=\"pokladyLiptova02\" width=\"300\" height=\"200\" \/><\/a>\n<h2>How to do it?<\/h2>\nGuided fun game \"Search for treasures Liptova\" is a brochure.\nChoose from the map at least 3 treasures where you'll find a chest with a secret content.\nWhen searching chests will help GPS coordinates listed in the brochure at any treasure.\n<strong>CAUTION! GPS determine the destination. Look for a chest. We do not play geocaching.<\/strong>\n\n<strong>Access the chests may be subject to payment of an entry. Protecting chests.<\/strong>\n<h2>What to do if you find a chest?<\/h2>\n<ol>\n\t<li>Each chest\u00a0hides the puzzle.<\/li>\n\t<li>If a puzzle to decipher response (symbol), draw into the corresponding fields on page 17.<\/li>\n\t<li>Page 17 correctly marked with three different answers (symbols) upload at locations (list on page 18) and the gift of your Liptova.\nBonus: If you can find (3) treasures of Liptovsky Mikulas and note them in the designated boxes on page 17, you get a gift Oma\u013eovanka only information center of Liptovsky Mikulas.<\/li>\n\t<li>Remember on page 18 to fill your personal information so that we can be included in the draw for great prizes for the whole family.\npoklady<\/li>\n<\/ol>\n<h3><\/h3>\n<a href=\"https:\/\/www.visitliptov.sk\/wp-content\/uploads\/2019\/04\/pokladyLiptova04.jpg\"><img class=\"size-full wp-image-15017 aligncenter\" src=\"https:\/\/www.visitliptov.sk\/wp-content\/uploads\/2019\/04\/pokladyLiptova04.jpg\" alt=\"pokladyLiptova04\" width=\"852\" height=\"253\" \/><\/a>","featured_media":80660,"featured_media_url":"https:\/\/www.visitliptov.sk\/wp-content\/uploads\/2019\/04\/pokladyLiptova01-600x339.jpg","images_gallery_urls":[],"fotka_1_url":null,"fotka_2_url":null,"fotka_3_url":null,"fotka_4_url":null,"fotka_5_url":null,"fotka_6_url":null,"fotka_7_url":null,"fotka_8_url":null},"ru":{"id":85336,"title":"Ako na to?","url":"https:\/\/www.visitliptov.sk\/ru\/treasures-of-liptov\/ako-na-to\/","api_url":"https:\/\/www.visitliptov.sk\/en\/wp-json\/wp\/v2\/page\/85336","status":"publish","excerpt":"Vitajte na Liptove, v regi\u00f3ne plnom pokladov, a sta\u0148te sa ich lovcom. Spoznajte jeho kr\u00e1sy a popri tom h\u013eadajte truhlice ...","content":"<strong>Vitajte na Liptove<\/strong>, v regi\u00f3ne plnom pokladov, a sta\u0148te sa ich lovcom. Spoznajte jeho kr\u00e1sy a popri tom h\u013eadajte truhlice s tajn\u00fdm obsahom. <strong>Zavedieme v\u00e1s k pokladom Liptova, ktor\u00e9 \u010dakaj\u00fa pr\u00e1ve na v\u00e1s.<\/strong> Cesta k nim vedie cez vysok\u00e9 hory, studen\u00fa vodu i tmav\u00e9 jaskyne. \u0160\u0165astie sa v\u0161ak usmeje iba na t\u00fdch najodv\u00e1\u017enej\u0161\u00edch a najvytrvalej\u0161\u00edch. Tak \u010do, idete s nami do toho?\n\n<a href=\"https:\/\/www.visitliptov.sk\/wp-content\/uploads\/2019\/04\/pokladyLiptova01.jpg\"><img class=\"wp-image-15012 size-medium alignnone\" src=\"https:\/\/www.visitliptov.sk\/wp-content\/uploads\/2019\/04\/pokladyLiptova01.jpg\" alt=\"pokladyLiptova01\" width=\"300\" height=\"170\" \/><\/a><a href=\"https:\/\/www.visitliptov.sk\/wp-content\/uploads\/2019\/04\/pokladyLiptova03.jpg\"><img class=\"alignnone wp-image-15016 size-medium\" src=\"https:\/\/www.visitliptov.sk\/wp-content\/uploads\/2019\/04\/pokladyLiptova03.jpg\" alt=\"pokladyLiptova03\" width=\"300\" height=\"200\" \/><\/a> <a href=\"https:\/\/www.visitliptov.sk\/wp-content\/uploads\/2019\/04\/pokladyLiptova02.jpg\"><img class=\"alignnone wp-image-15013 size-medium\" src=\"https:\/\/www.visitliptov.sk\/wp-content\/uploads\/2019\/04\/pokladyLiptova02.jpg\" alt=\"pokladyLiptova02\" width=\"300\" height=\"200\" \/><\/a>\n<h3>Ako na to?<\/h3>\n<ol>\n\t<li>Sprievodcom z\u00e1bavnej hry \u201eH\u013eadaj poklady Liptova\u201c je bro\u017e\u00farka.<\/li>\n\t<li>Vyberte si z mapy minim\u00e1lne 3 poklady, kde budete h\u013eada\u0165 truhli\u010dku s tajn\u00fdm obsahom.<\/li>\n\t<li>Pri h\u013eadan\u00ed truhli\u010dky v\u00e1m pom\u00f4\u017eu GPS s\u00faradnice uveden\u00e9 v bro\u017e\u00farke pri ka\u017edom poklade.<\/li>\n<\/ol>\n<strong>POZOR!<\/strong> GPS s\u00faradnice ur\u010duj\u00fa cie\u013eov\u00e9 miesto. Truhli\u010dku poh\u013eadajte. Nehr\u00e1me geocaching.\n\n<strong>Pr\u00edstup k truhli\u010dke m\u00f4\u017ee by\u0165 podmienen\u00fd zaplaten\u00edm vstupn\u00e9ho. Chr\u00e1nime truhli\u010dky.<\/strong>\n<h3>\u010co robi\u0165, ke\u010f n\u00e1jdete truhli\u010dku?<\/h3>\n<ol>\n\t<li>Ka\u017ed\u00e1 truhli\u010dka v sebe ukr\u00fdva h\u00e1danku.<\/li>\n\t<li>Ak h\u00e1danku rozl\u00fa\u0161tite, odpove\u010f (symbol) zakreslite do vyzna\u010den\u00fdch pol\u00ed\u010dok na strane 17.<\/li>\n\t<li>Stranu 17 so spr\u00e1vne zazna\u010den\u00fdmi 3 r\u00f4znymi odpove\u010fami (symbolmi) odovzdajte na vybran\u00fdch miestach (zoznam na strane 18) a dar\u010dek z Liptova je v\u00e1\u0161.\nBonus: Ak n\u00e1jdete v\u0161etky (3) poklady mesta Liptovsk\u00fd Mikul\u00e1\u0161 a zazna\u010d\u00edte ich do vyzna\u010den\u00fdch pol\u00ed\u010dok na strane 17, k dar\u010deku z\u00edskate oma\u013eov\u00e1nku len v informa\u010dnom centre Liptovsk\u00fd Mikul\u00e1\u0161.<\/li>\n\t<li><strong>Nezabudnite na strane 18 vyplni\u0165 va\u0161e osobn\u00e9 \u00fadaje, aby sme v\u00e1s mohli zaradi\u0165 do \u017erebovania o zauj\u00edmav\u00e9 ceny pre cel\u00fa rodinu.<\/strong><\/li>\n<\/ol>\n<a href=\"https:\/\/www.visitliptov.sk\/wp-content\/uploads\/2019\/04\/pokladyLiptova04.jpg\"><img class=\"size-full wp-image-15017 aligncenter\" src=\"https:\/\/www.visitliptov.sk\/wp-content\/uploads\/2019\/04\/pokladyLiptova04.jpg\" alt=\"pokladyLiptova04\" width=\"852\" height=\"253\" \/><\/a>","featured_media":80662,"featured_media_url":"https:\/\/www.visitliptov.sk\/wp-content\/uploads\/2019\/04\/pokladyLiptova01-600x339.jpg","images_gallery_urls":[],"fotka_1_url":null,"fotka_2_url":null,"fotka_3_url":null,"fotka_4_url":null,"fotka_5_url":null,"fotka_6_url":null,"fotka_7_url":null,"fotka_8_url":null}},"_links":{"self":[{"href":"https:\/\/www.visitliptov.sk\/en\/wp-json\/wp\/v2\/pages\/84505"}],"collection":[{"href":"https:\/\/www.visitliptov.sk\/en\/wp-json\/wp\/v2\/pages"}],"about":[{"href":"https:\/\/www.visitliptov.sk\/en\/wp-json\/wp\/v2\/types\/page"}],"author":[{"embeddable":true,"href":"https:\/\/www.visitliptov.sk\/en\/wp-json\/wp\/v2\/users\/1"}],"replies":[{"embeddable":true,"href":"https:\/\/www.visitliptov.sk\/en\/wp-json\/wp\/v2\/comments?post=84505"}],"version-history":[{"count":0,"href":"https:\/\/www.visitliptov.sk\/en\/wp-json\/wp\/v2\/pages\/84505\/revisions"}],"up":[{"embeddable":true,"href":"https:\/\/www.visitliptov.sk\/en\/wp-json\/wp\/v2\/pages\/84461"}],"wp:featuredmedia":[{"embeddable":true,"href":"https:\/\/www.visitliptov.sk\/en\/wp-json\/wp\/v2\/media\/80660"}],"wp:attachment":[{"href":"https:\/\/www.visitliptov.sk\/en\/wp-json\/wp\/v2\/media?parent=84505"}],"curies":[{"name":"wp","href":"https:\/\/api.w.org\/{rel}","templated":true}]}}