{"id":84504,"date":"2015-12-09T00:00:00","date_gmt":"2015-12-08T23:00:00","guid":{"rendered":"https:\/\/www.visitliptov.sk\/where-to-eat-and-drink\/liptov-at-night\/"},"modified":"2015-12-09T00:00:00","modified_gmt":"2015-12-08T23:00:00","slug":"liptov-at-night","status":"publish","type":"page","link":"https:\/\/www.visitliptov.sk\/en\/liptov-at-night\/","title":{"rendered":"Liptov at night"},"content":{"rendered":"W2xvb3AgdGhlX3F1ZXJ5PSJwb3N0c19wZXJfcGFnZT04JnBvc3RfdHlwZT16YXVqaW1hdm9zdGkmY2F0ZWdvcnktaW50ZXJlc3Q9bGlwdG92LXYtbm9jaS1lbiJd\n","protected":false},"excerpt":{"rendered":"","protected":false},"author":1,"featured_media":16087,"parent":0,"menu_order":0,"comment_status":"open","ping_status":"open","template":"","meta":{"_acf_changed":false,"inline_featured_image":false,"episode_type":"","audio_file":"","cover_image":"","cover_image_id":"","duration":"","filesize":"","date_recorded":"","explicit":"","block":"","filesize_raw":"","_jf_limit_responses":"","footnotes":""},"class_list":["post-84504","page","type-page","status-publish","has-post-thumbnail","hentry"],"acf":{"vyhradny_obrazok":false,"second_feature_image":null,"search_top_keywords":""},"wpml_translations_detailed":{"sk":{"id":80490,"title":"No\u010dn\u00fd \u017eivot na Liptove","url":"https:\/\/www.visitliptov.sk\/nocny-zivot\/","api_url":"https:\/\/www.visitliptov.sk\/en\/wp-json\/wp\/v2\/page\/80490","status":"publish","excerpt":"","content":"<!-- wp:shortcode -->\n[where-to-eat]\n<!-- \/wp:shortcode -->\n\n<!-- wp:paragraph -->\n<p><\/p>\n<!-- \/wp:paragraph -->","featured_media":16090,"featured_media_url":"https:\/\/www.visitliptov.sk\/wp-content\/uploads\/2019\/03\/reduta4-600x399.jpg","images_gallery_urls":[],"fotka_1_url":null,"fotka_2_url":null,"fotka_3_url":null,"fotka_4_url":null,"fotka_5_url":null,"fotka_6_url":null,"fotka_7_url":null,"fotka_8_url":null},"en":{"id":84504,"title":"Liptov at night","url":"https:\/\/www.visitliptov.sk\/en\/liptov-at-night\/","api_url":"https:\/\/www.visitliptov.sk\/en\/wp-json\/wp\/v2\/page\/84504","status":"publish","excerpt":"","content":"[fusion_code]W2xvb3AgdGhlX3F1ZXJ5PSJwb3N0c19wZXJfcGFnZT04JnBvc3RfdHlwZT16YXVqaW1hdm9zdGkmY2F0ZWdvcnktaW50ZXJlc3Q9bGlwdG92LXYtbm9jaS1lbiJd[\/fusion_code]","featured_media":16087,"featured_media_url":"https:\/\/www.visitliptov.sk\/wp-content\/uploads\/2019\/03\/reduta4-600x399.jpg","images_gallery_urls":[],"fotka_1_url":null,"fotka_2_url":null,"fotka_3_url":null,"fotka_4_url":null,"fotka_5_url":null,"fotka_6_url":null,"fotka_7_url":null,"fotka_8_url":null},"pl":{"id":85069,"title":"Lipt\u00f3w w nocy","url":"https:\/\/www.visitliptov.sk\/pl\/liptow-w-nocy\/","api_url":"https:\/\/www.visitliptov.sk\/en\/wp-json\/wp\/v2\/page\/85069","status":"publish","excerpt":"","content":"[fusion_code]W2xvb3AgdGhlX3F1ZXJ5PSJwb3N0c19wZXJfcGFnZT04JnBvc3RfdHlwZT16YXVqaW1hdm9zdGkmY2F0ZWdvcnktaW50ZXJlc3Q9bGlwdG92LXYtbm9jaS1wbCJd[\/fusion_code]","featured_media":16088,"featured_media_url":"https:\/\/www.visitliptov.sk\/wp-content\/uploads\/2019\/03\/reduta4-600x399.jpg","images_gallery_urls":[],"fotka_1_url":null,"fotka_2_url":null,"fotka_3_url":null,"fotka_4_url":null,"fotka_5_url":null,"fotka_6_url":null,"fotka_7_url":null,"fotka_8_url":null},"ru":{"id":85335,"title":"Liptov \u0432 \u043d\u043e\u0447\u043d\u043e\u0435 \u0432\u0440\u0435\u043c\u044f","url":"https:\/\/www.visitliptov.sk\/ru\/liptov-%d0%b2-%d0%bd%d0%be%d1%87%d0%bd%d0%be%d0%b5-%d0%b2%d1%80%d0%b5%d0%bc%d1%8f\/","api_url":"https:\/\/www.visitliptov.sk\/en\/wp-json\/wp\/v2\/page\/85335","status":"publish","excerpt":"","content":"<!-- wp:shortcode -->\n[where-to-eat]\n<!-- \/wp:shortcode -->\n\n<!-- wp:paragraph -->\n<p><\/p>\n<!-- \/wp:paragraph -->","featured_media":16089,"featured_media_url":"https:\/\/www.visitliptov.sk\/wp-content\/uploads\/2019\/03\/reduta4-600x399.jpg","images_gallery_urls":[],"fotka_1_url":null,"fotka_2_url":null,"fotka_3_url":null,"fotka_4_url":null,"fotka_5_url":null,"fotka_6_url":null,"fotka_7_url":null,"fotka_8_url":null}},"_links":{"self":[{"href":"https:\/\/www.visitliptov.sk\/en\/wp-json\/wp\/v2\/pages\/84504"}],"collection":[{"href":"https:\/\/www.visitliptov.sk\/en\/wp-json\/wp\/v2\/pages"}],"about":[{"href":"https:\/\/www.visitliptov.sk\/en\/wp-json\/wp\/v2\/types\/page"}],"author":[{"embeddable":true,"href":"https:\/\/www.visitliptov.sk\/en\/wp-json\/wp\/v2\/users\/1"}],"replies":[{"embeddable":true,"href":"https:\/\/www.visitliptov.sk\/en\/wp-json\/wp\/v2\/comments?post=84504"}],"version-history":[{"count":0,"href":"https:\/\/www.visitliptov.sk\/en\/wp-json\/wp\/v2\/pages\/84504\/revisions"}],"wp:featuredmedia":[{"embeddable":true,"href":"https:\/\/www.visitliptov.sk\/en\/wp-json\/wp\/v2\/media\/16087"}],"wp:attachment":[{"href":"https:\/\/www.visitliptov.sk\/en\/wp-json\/wp\/v2\/media?parent=84504"}],"curies":[{"name":"wp","href":"https:\/\/api.w.org\/{rel}","templated":true}]}}