{"id":84499,"date":"2015-12-09T00:00:00","date_gmt":"2015-12-08T23:00:00","guid":{"rendered":"https:\/\/www.visitliptov.sk\/where-to-eat-and-drink\/"},"modified":"2019-05-28T10:47:52","modified_gmt":"2019-05-28T08:47:52","slug":"where-to-eat-and-drink123","status":"publish","type":"page","link":"https:\/\/www.visitliptov.sk\/en\/where-to-eat-and-drink123\/","title":{"rendered":"Where to eat and drink"},"content":{"rendered":"<p><p>\n<p>Where to eat and drink<\/p>\n<p><\/p>\n<span style=\"font-size: 10pt;\"><strong>Recommended<\/strong><\/span><br \/>\n<span style=\"font-size: 24pt;\"><strong>Restaurants and cafes<\/strong><\/span>\n<span style=\"font-size: 10pt;\"><strong>Recommended<\/strong><\/span><br \/>\n<span style=\"font-size: 24pt;\"><strong>Sheepfolds and Wooden huts<\/strong><\/span>\n<span style=\"font-size: 10pt;\"><strong>Recommended<\/strong><\/span><br \/>\n<span style=\"font-size: 24pt;\"><strong>Breweries and taverns<\/strong><\/span>\n<\/p>\n\nW2xvb3AgdGhlX3F1ZXJ5PSZxdW90O3Bvc3RzX3Blcl9wYWdlPTEyJmFtcDtwb3N0X3R5cGU9emF1amltYXZvc3RpJmFtcDtjYXRlZ29yeS1pbnRlcmVzdD13aGVyZS10by1lYXQtYW5kLWRyaW5rJnF1b3Q7XQ==\n\n\n<\/p>\n","protected":false},"excerpt":{"rendered":"","protected":false},"author":1,"featured_media":80471,"parent":0,"menu_order":0,"comment_status":"open","ping_status":"open","template":"","meta":{"_acf_changed":false,"inline_featured_image":false,"episode_type":"","audio_file":"","cover_image":"","cover_image_id":"","duration":"","filesize":"","date_recorded":"","explicit":"","block":"","filesize_raw":"","_jf_limit_responses":"","footnotes":""},"class_list":["post-84499","page","type-page","status-publish","has-post-thumbnail","hentry"],"acf":{"vyhradny_obrazok":false,"second_feature_image":null,"search_top_keywords":""},"wpml_translations_detailed":{"en":{"id":84499,"title":"Where to eat and drink","url":"https:\/\/www.visitliptov.sk\/en\/where-to-eat-and-drink123\/","api_url":"https:\/\/www.visitliptov.sk\/en\/wp-json\/wp\/v2\/page\/84499","status":"publish","excerpt":"","content":"[fusion_builder_container admin_label=\"\" hundred_percent=\"yes\" equal_height_columns=\"no\" menu_anchor=\"\" hide_on_mobile=\"small-visibility,medium-visibility,large-visibility\" class=\"\" id=\"\" background_color=\"\" background_image=\"\" background_position=\"center center\" background_repeat=\"no-repeat\" fade=\"no\" background_parallax=\"none\" enable_mobile=\"no\" parallax_speed=\"\" video_mp4=\"\" video_webm=\"\" video_ogv=\"\" video_url=\"\" video_aspect_ratio=\"\" video_loop=\"yes\" video_mute=\"yes\" video_preview_image=\"\" border_size=\"\" border_color=\"\" border_style=\"solid\" margin_top=\"0px\" margin_bottom=\"50px\" padding_top=\"0px\" padding_right=\"\" padding_bottom=\"\" padding_left=\"\"][fusion_builder_row][fusion_builder_column type=\"1_1\" layout=\"1_3\" last=\"no\" spacing=\"yes\" center_content=\"no\" hide_on_mobile=\"no\" background_color=\"\" background_image=\"\" background_repeat=\"no-repeat\" background_position=\"left top\" border_position=\"all\" border_size=\"0px\" border_color=\"\" border_style=\"\" padding=\"\" margin_top=\"\" margin_bottom=\"\" animation_type=\"\" animation_direction=\"\" animation_speed=\"0.1\" class=\"\" id=\"\" min_height=\"\" hover_type=\"none\" link=\"\"][fusion_title margin_top=\"\" margin_bottom=\"15px\" hide_on_mobile=\"small-visibility,medium-visibility,large-visibility\" class=\"\" id=\"\" size=\"2\" content_align=\"left\" style_type=\"none\" sep_color=\"\"]\n\nWhere to eat and drink\n\n[\/fusion_title][fusion_separator style_type=\"single solid\" hide_on_mobile=\"small-visibility,medium-visibility,large-visibility\" class=\"\" id=\"\" sep_color=\"\" top_margin=\"\" bottom_margin=\"15px\" border_size=\"\" icon=\"\" icon_circle=\"\" icon_circle_color=\"\" width=\"\" alignment=\"center\" \/][\/fusion_builder_column][fusion_builder_column type=\"1_3\" layout=\"1_3\" spacing=\"30px\" center_content=\"no\" hover_type=\"zoomin\" link=\"\/en\/where-to-eat-and-drink\/restaurants-and-cafes\/\" min_height=\"\" hide_on_mobile=\"small-visibility,medium-visibility,large-visibility\" class=\"recommended-box\" id=\"\" background_color=\"\" background_image=\"https:\/\/www.visitliptov.sk\/wp-content\/uploads\/2015\/12\/restauracie.png\" background_position=\"center center\" undefined=\"\" background_repeat=\"no-repeat\" border_size=\"0\" border_color=\"\" border_style=\"solid\" border_position=\"all\" padding=\"120px 15px 0 15px\" margin_top=\"\" margin_bottom=\"\" animation_type=\"\" animation_direction=\"left\" animation_speed=\"0.3\" animation_offset=\"\" last=\"no\"][fusion_text]<span style=\"font-size: 10pt;\"><strong>Recommended<\/strong><\/span>\n<span style=\"font-size: 24pt;\"><strong>Restaurants and cafes<\/strong><\/span>[\/fusion_text][\/fusion_builder_column][fusion_builder_column type=\"1_3\" layout=\"1_3\" spacing=\"30px\" center_content=\"no\" hover_type=\"zoomin\" link=\"\/en\/where-to-eat-and-drink\/sheepfolds-and-wooden-huts\/\" min_height=\"\" hide_on_mobile=\"small-visibility,medium-visibility,large-visibility\" class=\"recommended-box\" id=\"\" background_color=\"\" background_image=\"https:\/\/www.visitliptov.sk\/wp-content\/uploads\/2015\/12\/salas.png\" background_position=\"center center\" undefined=\"\" background_repeat=\"no-repeat\" border_size=\"0\" border_color=\"\" border_style=\"solid\" border_position=\"all\" padding=\"120px 15px 0 15px\" margin_top=\"\" margin_bottom=\"\" animation_type=\"\" animation_direction=\"left\" animation_speed=\"0.3\" animation_offset=\"\" last=\"no\"][fusion_text]<span style=\"font-size: 10pt;\"><strong>Recommended<\/strong><\/span>\n<span style=\"font-size: 24pt;\"><strong>Sheepfolds and Wooden huts<\/strong><\/span>[\/fusion_text][\/fusion_builder_column][fusion_builder_column type=\"1_3\" layout=\"1_3\" spacing=\"30px\" center_content=\"no\" hover_type=\"zoomin\" link=\"\/en\/where-to-eat-and-drink\/breweries-taverns\/\" min_height=\"\" hide_on_mobile=\"small-visibility,medium-visibility,large-visibility\" class=\"recommended-box\" id=\"\" background_color=\"\" background_image=\"https:\/\/www.visitliptov.sk\/wp-content\/uploads\/2015\/12\/restauracie.png\" background_position=\"center center\" undefined=\"\" background_repeat=\"no-repeat\" border_size=\"0\" border_color=\"\" border_style=\"solid\" border_position=\"all\" padding=\"120px 15px 0 15px\" margin_top=\"\" margin_bottom=\"\" animation_type=\"\" animation_direction=\"left\" animation_speed=\"0.3\" animation_offset=\"\" last=\"no\"][fusion_text]<span style=\"font-size: 10pt;\"><strong>Recommended<\/strong><\/span>\n<span style=\"font-size: 24pt;\"><strong>Breweries and taverns<\/strong><\/span>[\/fusion_text][\/fusion_builder_column][\/fusion_builder_row][\/fusion_builder_container][fusion_builder_container hundred_percent=\"no\" equal_height_columns=\"no\" menu_anchor=\"\" hide_on_mobile=\"small-visibility,medium-visibility,large-visibility\" class=\"\" id=\"\" background_color=\"\" background_image=\"\" background_position=\"center center\" background_repeat=\"no-repeat\" fade=\"no\" background_parallax=\"none\" enable_mobile=\"no\" parallax_speed=\"0.3\" video_mp4=\"\" video_webm=\"\" video_ogv=\"\" video_url=\"\" video_aspect_ratio=\"16:9\" video_loop=\"yes\" video_mute=\"yes\" video_preview_image=\"\" border_size=\"\" border_color=\"\" border_style=\"solid\" margin_top=\"\" margin_bottom=\"\" padding_top=\"\" padding_right=\"\" padding_bottom=\"\" padding_left=\"\"][fusion_builder_row][fusion_builder_column type=\"1_1\" layout=\"1_1\" spacing=\"\" center_content=\"no\" hover_type=\"none\" link=\"\" min_height=\"\" hide_on_mobile=\"small-visibility,medium-visibility,large-visibility\" class=\"\" id=\"\" background_color=\"\" background_image=\"\" background_position=\"left top\" background_repeat=\"no-repeat\" border_size=\"0\" border_color=\"\" border_style=\"solid\" border_position=\"all\" padding=\"\" dimension_margin=\"\" animation_type=\"\" animation_direction=\"left\" animation_speed=\"0.3\" animation_offset=\"\" last=\"no\"][fusion_code]W2xvb3AgdGhlX3F1ZXJ5PSZxdW90O3Bvc3RzX3Blcl9wYWdlPTEyJmFtcDtwb3N0X3R5cGU9emF1amltYXZvc3RpJmFtcDtjYXRlZ29yeS1pbnRlcmVzdD13aGVyZS10by1lYXQtYW5kLWRyaW5rJnF1b3Q7XQ==[\/fusion_code][\/fusion_builder_column][\/fusion_builder_row][\/fusion_builder_container]","featured_media":80471,"featured_media_url":"https:\/\/www.visitliptov.sk\/wp-content\/uploads\/2019\/04\/salase_koliby-600x400.jpg","images_gallery_urls":[],"fotka_1_url":null,"fotka_2_url":null,"fotka_3_url":null,"fotka_4_url":null,"fotka_5_url":null,"fotka_6_url":null,"fotka_7_url":null,"fotka_8_url":null},"pl":{"id":85064,"title":"Gdzie je\u015b\u0107 i pi\u0107","url":"https:\/\/www.visitliptov.sk\/pl\/gdzie-jesc-i-pic\/","api_url":"https:\/\/www.visitliptov.sk\/en\/wp-json\/wp\/v2\/page\/85064","status":"publish","excerpt":"","content":"[fusion_builder_container admin_label=\"\" hundred_percent=\"yes\" equal_height_columns=\"no\" menu_anchor=\"\" hide_on_mobile=\"small-visibility,medium-visibility,large-visibility\" class=\"\" id=\"\" background_color=\"\" background_image=\"\" background_position=\"center center\" background_repeat=\"no-repeat\" fade=\"no\" background_parallax=\"none\" enable_mobile=\"no\" parallax_speed=\"\" video_mp4=\"\" video_webm=\"\" video_ogv=\"\" video_url=\"\" video_aspect_ratio=\"\" video_loop=\"yes\" video_mute=\"yes\" video_preview_image=\"\" border_size=\"\" border_color=\"\" border_style=\"solid\" margin_top=\"0px\" margin_bottom=\"50px\" padding_top=\"0px\" padding_right=\"\" padding_bottom=\"\" padding_left=\"\"][fusion_builder_row][fusion_builder_column type=\"1_1\" layout=\"1_3\" last=\"no\" spacing=\"yes\" center_content=\"no\" hide_on_mobile=\"no\" background_color=\"\" background_image=\"\" background_repeat=\"no-repeat\" background_position=\"left top\" border_position=\"all\" border_size=\"0px\" border_color=\"\" border_style=\"\" padding=\"\" margin_top=\"\" margin_bottom=\"\" animation_type=\"\" animation_direction=\"\" animation_speed=\"0.1\" class=\"\" id=\"\" min_height=\"\" hover_type=\"none\" link=\"\"][fusion_title margin_top=\"\" margin_bottom=\"15px\" hide_on_mobile=\"small-visibility,medium-visibility,large-visibility\" class=\"\" id=\"\" size=\"2\" content_align=\"left\" style_type=\"none\" sep_color=\"\"]\n\nGdzie je\u015b\u0107 i pi\u0107\n\n[\/fusion_title][fusion_separator style_type=\"single solid\" hide_on_mobile=\"small-visibility,medium-visibility,large-visibility\" class=\"\" id=\"\" sep_color=\"\" top_margin=\"\" bottom_margin=\"15px\" border_size=\"\" icon=\"\" icon_circle=\"\" icon_circle_color=\"\" width=\"\" alignment=\"center\" \/][\/fusion_builder_column][fusion_builder_column type=\"1_3\" layout=\"1_3\" spacing=\"30px\" center_content=\"no\" hover_type=\"zoomin\" link=\"\/pl\/gdzie-jesc-i-pic\/restauracje-i-kawiarnie\/\" min_height=\"\" hide_on_mobile=\"small-visibility,medium-visibility,large-visibility\" class=\"recommended-box\" id=\"\" background_color=\"\" background_image=\"https:\/\/www.visitliptov.sk\/wp-content\/uploads\/2015\/12\/restauracie.png\" background_position=\"center center\" undefined=\"\" background_repeat=\"no-repeat\" border_size=\"0\" border_color=\"\" border_style=\"solid\" border_position=\"all\" padding=\"120px 15px 0 15px\" margin_top=\"\" margin_bottom=\"\" animation_type=\"\" animation_direction=\"left\" animation_speed=\"0.3\" animation_offset=\"\" last=\"no\"][fusion_text]<span style=\"font-size: 10pt;\"><strong>Zaleca<\/strong><\/span>\n<span style=\"font-size: 24pt;\"><strong>Restauracje<\/strong><\/span>[\/fusion_text][\/fusion_builder_column][fusion_builder_column type=\"1_3\" layout=\"1_3\" spacing=\"30px\" center_content=\"no\" hover_type=\"zoomin\" link=\"\/pl\/gdzie-jesc-i-pic\/domki-koliby\/\" min_height=\"\" hide_on_mobile=\"small-visibility,medium-visibility,large-visibility\" class=\"recommended-box\" id=\"\" background_color=\"\" background_image=\"https:\/\/www.visitliptov.sk\/wp-content\/uploads\/2015\/12\/salas.png\" background_position=\"center center\" undefined=\"\" background_repeat=\"no-repeat\" border_size=\"0\" border_color=\"\" border_style=\"solid\" border_position=\"all\" padding=\"120px 15px 0 15px\" margin_top=\"\" margin_bottom=\"\" animation_type=\"\" animation_direction=\"left\" animation_speed=\"0.3\" animation_offset=\"\" last=\"no\"][fusion_text]\n\n<span style=\"font-size: 10pt;\"><strong>Zaleca<\/strong><\/span>\n<span style=\"font-size: 24pt;\"><strong>Domki \/ Koliby<\/strong><\/span>\n\n[\/fusion_text][\/fusion_builder_column][fusion_builder_column type=\"1_3\" layout=\"1_3\" spacing=\"30px\" center_content=\"no\" hover_type=\"zoomin\" link=\"\/pl\/gdzie-jesc-i-pic\/browary-tawerny\/\" min_height=\"\" hide_on_mobile=\"small-visibility,medium-visibility,large-visibility\" class=\"recommended-box\" id=\"\" background_color=\"\" background_image=\"https:\/\/www.visitliptov.sk\/wp-content\/uploads\/2015\/12\/restauracie.png\" background_position=\"center center\" undefined=\"\" background_repeat=\"no-repeat\" border_size=\"0\" border_color=\"\" border_style=\"solid\" border_position=\"all\" padding=\"120px 15px 0 15px\" margin_top=\"\" margin_bottom=\"\" animation_type=\"\" animation_direction=\"left\" animation_speed=\"0.3\" animation_offset=\"\" last=\"no\"][fusion_text]<span style=\"font-size: 10pt;\"><strong>Zaleca<\/strong><\/span>\n<span style=\"font-size: 24pt;\"><strong>Browary, tawerny<\/strong><\/span>[\/fusion_text][\/fusion_builder_column][\/fusion_builder_row][\/fusion_builder_container][fusion_builder_container hundred_percent=\"no\" equal_height_columns=\"no\" menu_anchor=\"\" hide_on_mobile=\"small-visibility,medium-visibility,large-visibility\" class=\"\" id=\"\" background_color=\"\" background_image=\"\" background_position=\"center center\" background_repeat=\"no-repeat\" fade=\"no\" background_parallax=\"none\" enable_mobile=\"no\" parallax_speed=\"0.3\" video_mp4=\"\" video_webm=\"\" video_ogv=\"\" video_url=\"\" video_aspect_ratio=\"16:9\" video_loop=\"yes\" video_mute=\"yes\" video_preview_image=\"\" border_size=\"\" border_color=\"\" border_style=\"solid\" margin_top=\"\" margin_bottom=\"\" padding_top=\"\" padding_right=\"\" padding_bottom=\"\" padding_left=\"\"][fusion_builder_row][fusion_builder_column type=\"1_1\" layout=\"1_1\" spacing=\"\" center_content=\"no\" hover_type=\"none\" link=\"\" min_height=\"\" hide_on_mobile=\"small-visibility,medium-visibility,large-visibility\" class=\"\" id=\"\" background_color=\"\" background_image=\"\" background_position=\"left top\" background_repeat=\"no-repeat\" border_size=\"0\" border_color=\"\" border_style=\"solid\" border_position=\"all\" padding=\"\" dimension_margin=\"\" animation_type=\"\" animation_direction=\"left\" animation_speed=\"0.3\" animation_offset=\"\" last=\"no\"][fusion_code]W2xvb3AgdGhlX3F1ZXJ5PSZxdW90O3Bvc3RzX3Blcl9wYWdlPTEyJmFtcDtwb3N0X3R5cGU9emF1amltYXZvc3RpJmFtcDtjYXRlZ29yeS1pbnRlcmVzdD1nZHppZS1qZXNjLWktcGljJnF1b3Q7XQ==[\/fusion_code][\/fusion_builder_column][\/fusion_builder_row][\/fusion_builder_container]","featured_media":80472,"featured_media_url":"https:\/\/www.visitliptov.sk\/wp-content\/uploads\/2019\/04\/salase_koliby-600x400.jpg","images_gallery_urls":[],"fotka_1_url":null,"fotka_2_url":null,"fotka_3_url":null,"fotka_4_url":null,"fotka_5_url":null,"fotka_6_url":null,"fotka_7_url":null,"fotka_8_url":null},"ru":{"id":85330,"title":"\u0413\u0434\u0435 \u043f\u043e\u0435\u0441\u0442\u044c \u0438 \u0432\u044b\u043f\u0438\u0442\u044c","url":"https:\/\/www.visitliptov.sk\/ru\/%d0%b3%d0%b4%d0%b5-%d0%bf%d0%be%d0%b5%d1%81%d1%82%d1%8c-%d0%b8-%d0%b2%d1%8b%d0%bf%d0%b8%d1%82%d1%8c\/","api_url":"https:\/\/www.visitliptov.sk\/en\/wp-json\/wp\/v2\/page\/85330","status":"publish","excerpt":"","content":"[fusion_builder_container admin_label=\"\" hundred_percent=\"yes\" equal_height_columns=\"no\" menu_anchor=\"\" hide_on_mobile=\"small-visibility,medium-visibility,large-visibility\" class=\"\" id=\"\" background_color=\"\" background_image=\"\" background_position=\"center center\" background_repeat=\"no-repeat\" fade=\"no\" background_parallax=\"none\" enable_mobile=\"no\" parallax_speed=\"\" video_mp4=\"\" video_webm=\"\" video_ogv=\"\" video_url=\"\" video_aspect_ratio=\"\" video_loop=\"yes\" video_mute=\"yes\" video_preview_image=\"\" border_size=\"\" border_color=\"\" border_style=\"solid\" margin_top=\"0px\" margin_bottom=\"50px\" padding_top=\"0px\" padding_right=\"\" padding_bottom=\"\" padding_left=\"\"][fusion_builder_row][fusion_builder_column type=\"1_1\" layout=\"1_3\" last=\"no\" spacing=\"yes\" center_content=\"no\" hide_on_mobile=\"no\" background_color=\"\" background_image=\"\" background_repeat=\"no-repeat\" background_position=\"left top\" border_position=\"all\" border_size=\"0px\" border_color=\"\" border_style=\"\" padding=\"\" margin_top=\"\" margin_bottom=\"\" animation_type=\"\" animation_direction=\"\" animation_speed=\"0.1\" class=\"\" id=\"\" min_height=\"\" hover_type=\"none\" link=\"\"][fusion_title margin_top=\"\" margin_bottom=\"15px\" hide_on_mobile=\"small-visibility,medium-visibility,large-visibility\" class=\"\" id=\"\" size=\"2\" content_align=\"left\" style_type=\"none\" sep_color=\"\"]\n\n\u0413\u0434\u0435 \u043f\u043e\u0435\u0441\u0442\u044c \u0438 \u0432\u044b\u043f\u0438\u0442\u044c\n\n[\/fusion_title][fusion_separator style_type=\"single solid\" hide_on_mobile=\"small-visibility,medium-visibility,large-visibility\" class=\"\" id=\"\" sep_color=\"\" top_margin=\"\" bottom_margin=\"15px\" border_size=\"\" icon=\"\" icon_circle=\"\" icon_circle_color=\"\" width=\"\" alignment=\"center\" \/][\/fusion_builder_column][fusion_builder_column type=\"1_3\" layout=\"1_3\" spacing=\"30px\" center_content=\"no\" hover_type=\"zoomin\" link=\"\/ru\/\u0433\u0434\u0435-\u043f\u043e\u0435\u0441\u0442\u044c-\u0438-\u0432\u044b\u043f\u0438\u0442\u044c\/\u0440\u0435\u0441\u0442\u043e\u0440\u0430\u043d\u044b-\u0438-\u043a\u0430\u0444\u0435\/\" min_height=\"\" hide_on_mobile=\"small-visibility,medium-visibility,large-visibility\" class=\"recommended-box\" id=\"\" background_color=\"\" background_image=\"https:\/\/www.visitliptov.sk\/wp-content\/uploads\/2015\/12\/restauracie.png\" background_position=\"center center\" undefined=\"\" background_repeat=\"no-repeat\" border_size=\"0\" border_color=\"\" border_style=\"solid\" border_position=\"all\" padding=\"120px 15px 0 15px\" margin_top=\"\" margin_bottom=\"\" animation_type=\"\" animation_direction=\"left\" animation_speed=\"0.3\" animation_offset=\"\" last=\"no\"][fusion_text]<span style=\"font-size: 10pt;\"><strong>\u0440\u0435\u043a\u043e\u043c\u0435\u043d\u0434\u0443\u0435\u043c\u044b\u0439<\/strong><\/span>\n<span style=\"font-size: 24pt;\"><strong>\u0420\u0435\u0441\u0442\u043e\u0440\u0430\u043d\u044b \u0438 \u043a\u0430\u0444\u0435<\/strong><\/span>[\/fusion_text][\/fusion_builder_column][fusion_builder_column type=\"1_3\" layout=\"1_3\" spacing=\"30px\" center_content=\"no\" hover_type=\"zoomin\" link=\"\/ru\/\u0433\u0434\u0435-\u043f\u043e\u0435\u0441\u0442\u044c-\u0438-\u0432\u044b\u043f\u0438\u0442\u044c\/\u0441\u0430\u043b\u0430\u0441-koliby\/\" min_height=\"\" hide_on_mobile=\"small-visibility,medium-visibility,large-visibility\" class=\"recommended-box\" id=\"\" background_color=\"\" background_image=\"https:\/\/www.visitliptov.sk\/wp-content\/uploads\/2015\/12\/salas.png\" background_position=\"center center\" undefined=\"\" background_repeat=\"no-repeat\" border_size=\"0\" border_color=\"\" border_style=\"solid\" border_position=\"all\" padding=\"120px 15px 0 15px\" margin_top=\"\" margin_bottom=\"\" animation_type=\"\" animation_direction=\"left\" animation_speed=\"0.3\" animation_offset=\"\" last=\"no\"][fusion_text]<span style=\"font-size: 10pt;\"><strong>\u0440\u0435\u043a\u043e\u043c\u0435\u043d\u0434\u0443\u0435\u043c\u044b\u0439<\/strong><\/span>\n<span style=\"font-size: 24pt;\"><strong>\u0421\u0430\u043b\u0430\u0441 Koliby<\/strong><\/span>[\/fusion_text][\/fusion_builder_column][fusion_builder_column type=\"1_3\" layout=\"1_3\" spacing=\"30px\" center_content=\"no\" hover_type=\"zoomin\" link=\"\/ru\/\u0433\u0434\u0435-\u043f\u043e\u0435\u0441\u0442\u044c-\u0438-\u0432\u044b\u043f\u0438\u0442\u044c\/\u043f\u0438\u0432\u043e\u0432\u0430\u0440\u0435\u043d\u043d\u0430\u044f-\u0442\u0430\u0432\u0435\u0440\u043d\/\" min_height=\"\" hide_on_mobile=\"small-visibility,medium-visibility,large-visibility\" class=\"recommended-box\" id=\"\" background_color=\"\" background_image=\"https:\/\/www.visitliptov.sk\/wp-content\/uploads\/2015\/12\/restauracie.png\" background_position=\"center center\" undefined=\"\" background_repeat=\"no-repeat\" border_size=\"0\" border_color=\"\" border_style=\"solid\" border_position=\"all\" padding=\"120px 15px 0 15px\" margin_top=\"\" margin_bottom=\"\" animation_type=\"\" animation_direction=\"left\" animation_speed=\"0.3\" animation_offset=\"\" last=\"no\"][fusion_text]<span style=\"font-size: 10pt;\"><strong>\u0440\u0435\u043a\u043e\u043c\u0435\u043d\u0434\u0443\u0435\u043c\u044b\u0439<\/strong><\/span>\n<span style=\"font-size: 24pt;\"><strong>\u041f\u0438\u0432\u043e\u0432\u0430\u0440\u0435\u043d\u043d\u0430\u044f<\/strong><\/span>[\/fusion_text][\/fusion_builder_column][\/fusion_builder_row][\/fusion_builder_container][fusion_builder_container hundred_percent=\"no\" equal_height_columns=\"no\" menu_anchor=\"\" hide_on_mobile=\"small-visibility,medium-visibility,large-visibility\" class=\"\" id=\"\" background_color=\"\" background_image=\"\" background_position=\"center center\" background_repeat=\"no-repeat\" fade=\"no\" background_parallax=\"none\" enable_mobile=\"no\" parallax_speed=\"0.3\" video_mp4=\"\" video_webm=\"\" video_ogv=\"\" video_url=\"\" video_aspect_ratio=\"16:9\" video_loop=\"yes\" video_mute=\"yes\" video_preview_image=\"\" border_size=\"\" border_color=\"\" border_style=\"solid\" margin_top=\"\" margin_bottom=\"\" padding_top=\"\" padding_right=\"\" padding_bottom=\"\" padding_left=\"\"][fusion_builder_row][fusion_builder_column type=\"1_1\" layout=\"1_1\" spacing=\"\" center_content=\"no\" hover_type=\"none\" link=\"\" min_height=\"\" hide_on_mobile=\"small-visibility,medium-visibility,large-visibility\" class=\"\" id=\"\" background_color=\"\" background_image=\"\" background_position=\"left top\" background_repeat=\"no-repeat\" border_size=\"0\" border_color=\"\" border_style=\"solid\" border_position=\"all\" padding=\"\" dimension_margin=\"\" animation_type=\"\" animation_direction=\"left\" animation_speed=\"0.3\" animation_offset=\"\" last=\"no\"][fusion_code]W2xvb3AgdGhlX3F1ZXJ5PSZxdW90O3Bvc3RzX3Blcl9wYWdlPTEyJmFtcDtwb3N0X3R5cGU9emF1amltYXZvc3RpJmFtcDtjYXRlZ29yeS1pbnRlcmVzdD3Qs9C00LUt0L\/QvtC10YHRgtGMLdC4LdCy0YvQv9C40YLRjCZxdW90O10=[\/fusion_code][\/fusion_builder_column][\/fusion_builder_row][\/fusion_builder_container]","featured_media":80473,"featured_media_url":"https:\/\/www.visitliptov.sk\/wp-content\/uploads\/2019\/04\/salase_koliby-600x400.jpg","images_gallery_urls":[],"fotka_1_url":null,"fotka_2_url":null,"fotka_3_url":null,"fotka_4_url":null,"fotka_5_url":null,"fotka_6_url":null,"fotka_7_url":null,"fotka_8_url":null}},"_links":{"self":[{"href":"https:\/\/www.visitliptov.sk\/en\/wp-json\/wp\/v2\/pages\/84499"}],"collection":[{"href":"https:\/\/www.visitliptov.sk\/en\/wp-json\/wp\/v2\/pages"}],"about":[{"href":"https:\/\/www.visitliptov.sk\/en\/wp-json\/wp\/v2\/types\/page"}],"author":[{"embeddable":true,"href":"https:\/\/www.visitliptov.sk\/en\/wp-json\/wp\/v2\/users\/1"}],"replies":[{"embeddable":true,"href":"https:\/\/www.visitliptov.sk\/en\/wp-json\/wp\/v2\/comments?post=84499"}],"version-history":[{"count":0,"href":"https:\/\/www.visitliptov.sk\/en\/wp-json\/wp\/v2\/pages\/84499\/revisions"}],"wp:featuredmedia":[{"embeddable":true,"href":"https:\/\/www.visitliptov.sk\/en\/wp-json\/wp\/v2\/media\/80471"}],"wp:attachment":[{"href":"https:\/\/www.visitliptov.sk\/en\/wp-json\/wp\/v2\/media?parent=84499"}],"curies":[{"name":"wp","href":"https:\/\/api.w.org\/{rel}","templated":true}]}}