{"id":84458,"date":"2015-12-10T00:00:00","date_gmt":"2015-12-09T23:00:00","guid":{"rendered":"https:\/\/www.visitliptov.sk\/winter-holidays\/"},"modified":"2020-12-16T11:45:59","modified_gmt":"2020-12-16T10:45:59","slug":"winter-holidays","status":"publish","type":"page","link":"https:\/\/www.visitliptov.sk\/en\/winter-holidays\/","title":{"rendered":"Winter holidays"},"content":{"rendered":"\n<p>Winter holiday in Liptov meets the attributes of the best snow entertainment<\/p>\n\n\n\n<p><span>Liptov is a beautiful place with a wide range of opportunities for winter sports. Winter holiday in Liptov meets the attributes of the <\/span><strong>best snow entertainment.<\/strong><span> The main attractions for all snow lovers are <\/span><strong>ski resorts<\/strong>. We can find several of them in Liptov. First of all, the resort<a href=\"https:\/\/www.visitliptov.sk\/en\/zaujimavosti\/jasna-nizke-tatry-chopok-sever-juh-in-the-winter\/\"> Jasn\u00e1 N\u00edzke Tatry <\/a>offers skiing on both sides of Chopok. The resort offers a wide range of opportunities f<strong>or very good skiers, but also families with children or fans of freeride skiing. <\/strong><span>The local <\/span><strong>ski school<\/strong> uses playful methods of teaching skiing, so skiing becomes fun here. However, it is also worth trying smaller resorts, such as <a href=\"https:\/\/www.visitliptov.sk\/en\/zaujimavosti\/ski-centrum-opalisko-zavazna-poruba\/\"><strong>Opalisko in Z\u00e1va\u017en\u00e1 Poruba<\/strong> <\/a>or <strong><a href=\"https:\/\/www.visitliptov.sk\/en\/zaujimavosti\/malino-brdo-ski-bike-ruzomberok\/\">Malin\u00f4 Brdo<\/a><\/strong>, where discounts also apply through the <a href=\"https:\/\/www.visitliptov.sk\/en\/liptov-region-card\/\">Liptov Region Card<\/a> for ski passes.<\/p>\n\n\n\n<p><span>However, winter holidays are not just ski resorts. <\/span><strong>Liptov aquaparks &#8211; <a href=\"https:\/\/www.visitliptov.sk\/en\/zaujimavosti\/aquapark-tatralandia\/\">Tatralandia<\/a>, <a href=\"https:\/\/www.visitliptov.sk\/en\/zaujimavosti\/besenova-waterpark\/\">Be\u0161e\u0148ov\u00e1 <\/a>or <a href=\"https:\/\/www.visitliptov.sk\/en\/zaujimavosti\/aqua-vital-park-kupele-lucky\/\">L\u00fa\u010dky<\/a> can be a great addition to skiing, but also its full-fledged replacement. <\/strong><span>When the <\/span><strong>local wellness centres <\/strong>are added to this, a holiday of the highest quality is created. In Liptov, everything is available in a small place, which is a huge advantage for holidaymakers. In winter, when it freezes, it is snowing and on short days, the diversity of the region concentrated in a small territory is a great thing. <\/p>\n\n\n\n<p><span>In addition to the main attractions, do not forget the <\/span><strong>caves and other attractions suitable during the winter holidays.<\/strong> It is also worth trying <a href=\"https:\/\/www.visitliptov.sk\/en\/zaujimavosti\/surf-waves-tatralandia\/\">Surfing wave in Tatralandia<\/a>, <a href=\"https:\/\/www.visitliptov.sk\/en\/zaujimavosti\/hurricane-factory-adrenaline-flying-in-the-wind-tunnel\/\">Hurricane Factory<\/a>, but also <a href=\"https:\/\/www.visitliptov.sk\/en\/zaujimavosti\/zoo-contact\/\">ZOO Kontakt<\/a> or <a href=\"https:\/\/www.visitliptov.sk\/en\/zaujimavosti\/3d-multikino-golden-apple-cinema\/\">Golden Apple Cinema<\/a> in Liptovsk\u00fd Mikul\u00e1\u0161. <\/p>\n\n\n\n<p><span><\/span><strong>Many monuments <\/strong>are also available in the winter months \u2013 <a href=\"https:\/\/www.visitliptov.sk\/en\/zaujimavosti\/museum-of-liptov-village-in-pribylina\/\">an open-air museum in Pribylina<\/a> or a UNESCO monument, <a href=\"https:\/\/www.visitliptov.sk\/en\/zaujimavosti\/obec-vlkolinec-unesco-pamiatka\/\">the village of Vlkol\u00ednec<\/a> near Ru\u017eomberok, <a href=\"https:\/\/www.visitliptov.sk\/en\/zaujimavosti\/miniature-park-slovakia\/\">MINI SLOVAKIA<\/a> or the <a href=\"https:\/\/www.visitliptov.sk\/en\/zaujimavosti\/vodne-mlyny-oblazy-kvacianska-dolina\/\">Oblazy water mills in the Kva\u010dianska valley<\/a>.<\/p>\n\n\n\n<p><span>With plenty of natural snow, a winter holiday is also great for <\/span><strong><a href=\"https:\/\/mapa.visitliptov.sk\/#!zoom=10&amp;language=sk&amp;action=list&amp;list=routes&amp;categories=205&amp;center=49.0880,19.6467\">cross-country skiing.<\/a><\/strong> Cross-country terrains in Hrabovsk\u00e1 and \u010cutkovsk\u00e1 dolina, also \u017diarsk\u00e1 dolina or in the village Kokava and its surroundings are very popular.<\/p>\n\n\n\n<p><span>A winter holiday in Liptov is literally a <\/span><strong>fairy tale with white snow and frost <\/strong>and when a clear sky is added to this, the views of hills and mountains are an unbeatable experience.<\/p>\n","protected":false},"excerpt":{"rendered":"<p>Winter holiday in Liptov meets the attributes of the best snow entertainment Liptov is a beautiful place with a wide &#8230;<\/p>\n","protected":false},"author":1,"featured_media":117515,"parent":0,"menu_order":0,"comment_status":"open","ping_status":"open","template":"","meta":{"_acf_changed":false,"inline_featured_image":false,"episode_type":"","audio_file":"","cover_image":"","cover_image_id":"","duration":"","filesize":"","date_recorded":"","explicit":"","block":"","filesize_raw":"","_jf_limit_responses":"","footnotes":""},"class_list":["post-84458","page","type-page","status-publish","has-post-thumbnail","hentry"],"acf":{"vyhradny_obrazok":false,"second_feature_image":null,"search_top_keywords":""},"wpml_translations_detailed":{"sk":{"id":80920,"title":"Zimn\u00e1 dovolenka","url":"https:\/\/www.visitliptov.sk\/zimna-dovolenka\/","api_url":"https:\/\/www.visitliptov.sk\/en\/wp-json\/wp\/v2\/page\/80920","status":"publish","excerpt":"","content":"[fusion_builder_container admin_label=\"\" hundred_percent=\"yes\" equal_height_columns=\"no\" menu_anchor=\"\" hide_on_mobile=\"small-visibility,medium-visibility,large-visibility\" class=\"\" id=\"\" background_color=\"\" background_image=\"\" background_position=\"center center\" background_repeat=\"no-repeat\" fade=\"no\" background_parallax=\"none\" enable_mobile=\"no\" parallax_speed=\"\" video_mp4=\"\" video_webm=\"\" video_ogv=\"\" video_url=\"\" video_aspect_ratio=\"\" video_loop=\"yes\" video_mute=\"yes\" video_preview_image=\"\" border_size=\"\" border_color=\"\" border_style=\"solid\" margin_top=\"0px\" margin_bottom=\"50px\" padding_top=\"0px\" padding_right=\"\" padding_bottom=\"\" padding_left=\"\"][fusion_builder_row][fusion_builder_column type=\"1_1\" layout=\"1_3\" last=\"no\" spacing=\"yes\" center_content=\"no\" hide_on_mobile=\"no\" background_color=\"\" background_image=\"\" background_repeat=\"no-repeat\" background_position=\"left top\" border_position=\"all\" border_size=\"0px\" border_color=\"\" border_style=\"\" padding=\"\" margin_top=\"\" margin_bottom=\"\" animation_type=\"\" animation_direction=\"\" animation_speed=\"0.1\" class=\"\" id=\"\" min_height=\"\" hover_type=\"none\" link=\"\"][fusion_title margin_top=\"\" margin_bottom=\"15px\" hide_on_mobile=\"small-visibility,medium-visibility,large-visibility\" class=\"\" id=\"\" size=\"2\" content_align=\"left\" style_type=\"none\" sep_color=\"\"]\n\nZimn\u00e1 dovolenka na Liptove sp\u013a\u0148a atrib\u00faty tej najlep\u0161ej snehovej z\u00e1bavy\n\n[\/fusion_title][fusion_separator style_type=\"single solid\" hide_on_mobile=\"small-visibility,medium-visibility,large-visibility\" class=\"\" id=\"\" sep_color=\"\" top_margin=\"\" bottom_margin=\"15px\" border_size=\"\" icon=\"\" icon_circle=\"\" icon_circle_color=\"\" width=\"\" alignment=\"center\" \/][\/fusion_builder_column][fusion_builder_column type=\"1_1\" layout=\"1_1\" spacing=\"\" center_content=\"no\" hover_type=\"none\" link=\"\" min_height=\"\" hide_on_mobile=\"small-visibility,medium-visibility,large-visibility\" class=\"\" id=\"\" background_color=\"\" background_image=\"\" background_position=\"left top\" background_repeat=\"no-repeat\" border_size=\"0\" border_color=\"\" border_style=\"solid\" border_position=\"all\" padding=\"\" dimension_margin=\"\" animation_type=\"\" animation_direction=\"left\" animation_speed=\"0.3\" animation_offset=\"\" last=\"no\"][fusion_text]\n<p style=\"text-align: justify\">Liptov je kr\u00e1sna ar\u00e9na so \u0161irok\u00fdmi mo\u017enos\u0165ami pre zimn\u00e9 \u0161porty. Zimn\u00e1 dovolenka na Liptove sp\u013a\u0148a atrib\u00faty tej <strong>najlep\u0161ej snehovej z\u00e1bavy.<\/strong> Hlavn\u00fdmi atrakciami pre v\u0161etk\u00fdch milovn\u00edkov snehu <strong>s\u00fa ly\u017eiarske stredisk\u00e1.<\/strong> Na Liptove ich n\u00e1jdeme hne\u010f nieko\u013eko. Prv\u00e9 treba spomen\u00fa\u0165 stredisko <a href=\"https:\/\/www.visitliptov.sk\/zaujimavosti\/jasna-nizke-tatry-chopok-sever-juh\/\">Jasn\u00e1 N\u00edzke Tatry<\/a>. Ly\u017euje sa tu z\u00a0oboch str\u00e1n Chopka. Stredisko pon\u00faka \u0161irok\u00e9 mo\u017enosti p<strong>re ve\u013emi dobr\u00fdch ly\u017eiarov<\/strong>, <strong>ale aj rodiny s\u00a0de\u0165mi \u010d<\/strong>i vyzn\u00e1va\u010dov <strong>free ride ly\u017eovania.<\/strong> Tunaj\u0161ia <strong>ly\u017eiarska \u0161kola<\/strong> pou\u017e\u00edva hrav\u00e9 met\u00f3dy v\u00fdu\u010dby ly\u017eovania, tak\u017ee ly\u017eovanie sa tu st\u00e1va z\u00e1bavou. Oplat\u00ed sa v\u0161ak vysk\u00fa\u0161a\u0165 aj men\u0161ie stredisk\u00e1 ako napr\u00edklad <strong><a href=\"https:\/\/www.visitliptov.sk\/zaujimavosti\/ski-centrum-opalisko-zavazna-poruba\/\">Opalisko v\u00a0Z\u00e1va\u017enej Porube<\/a> \u010di <a href=\"https:\/\/www.visitliptov.sk\/zaujimavosti\/malino-brdo-ski-bike-family-park-v-zime\/\">Malin\u00f4 Brdo<\/a><\/strong>, kde platia aj<a href=\"https:\/\/www.visitliptov.sk\/sprievodca-zlavami\/\"><strong> z\u013eavy cez Liptov Region Card<\/strong><\/a> na skipasy.<\/p>\n<p style=\"text-align: justify\">Zimn\u00e1 dovolenka to v\u0161ak nie s\u00fa len ly\u017eiarske stredisk\u00e1. <strong>Skvel\u00fdm doplnkom k\u00a0ly\u017eovaniu,<\/strong> ale aj jeho plnohodnotnou n\u00e1hradou m\u00f4\u017eu by\u0165 liptovsk\u00e9 <strong>akvaparky<\/strong> \u2013 <a href=\"https:\/\/www.visitliptov.sk\/zaujimavosti\/aquapark-tatralandia\/\">Tatralandia<\/a>, <a href=\"https:\/\/www.visitliptov.sk\/zaujimavosti\/vodny-park-besenova\/\">Be\u0161e\u0148ov\u00e1 <\/a>\u010di <a href=\"https:\/\/www.visitliptov.sk\/zaujimavosti\/aqua-vital-park-kupele-lucky\/\">L\u00fa\u010dky<\/a>. Ke\u010f sa k\u00a0tomu pridaj\u00fa aj tunaj\u0161ie<strong> wellness centr\u00e1,<\/strong> tak vznik\u00e1 dovolenka tej najvy\u0161\u0161ej kvality. Na Liptove je v\u0161etko dostupn\u00e9 na malom mieste \u010do je pre dovolenk\u00e1rov obrovsk\u00e1 v\u00fdhoda. V\u00a0zime, ke\u010f mrzne, je sneh a\u00a0kr\u00e1tke dni je pestros\u0165 regi\u00f3nu s\u00fastreden\u00e1 na malom terit\u00f3riu skvel\u00e1 vec. Okrem hlavn\u00fdch atrakci\u00ed <strong>netreba zab\u00fada\u0165 na jaskyne<\/strong> a\u00a0in\u00e9 atrakcie vhodn\u00e9 po\u010das zimnej dovolenky. Oplat\u00ed sa vysk\u00fa\u0161a\u0165 aj v\u00a0zime <a href=\"https:\/\/www.visitliptov.sk\/zaujimavosti\/surf-waves-tatralandia\/\">Surfovaciu vlnu v Tatralandii<\/a>, <a href=\"https:\/\/www.visitliptov.sk\/zaujimavosti\/hurricane-factory\/\">Hurricane Factory<\/a>, ale aj <a href=\"https:\/\/www.visitliptov.sk\/zaujimavosti\/zoo-kontakt\/\">ZOO Kontakt<\/a> \u010di <a href=\"https:\/\/www.visitliptov.sk\/zaujimavosti\/3d-multikino-golden-apple-cinema\/\">Golden Apple Cinema<\/a> v\u00a0Liptovskom Mikul\u00e1\u0161i. <strong>Mno\u017estvo pamiatok<\/strong> je dostupn\u00fdch aj v\u00a0zimn\u00fdch mesiacoch \u2013 <a href=\"https:\/\/www.visitliptov.sk\/zaujimavosti\/muzeum-liptovskej-dediny-v-pribyline\/\">skanzen v\u00a0Pribyline <\/a>\u010di UNESCO pamiatka, <a href=\"https:\/\/www.visitliptov.sk\/zaujimavosti\/obec-vlkolinec-unesco-pamiatka\/\">obec Vlkol\u00ednec <\/a>ne\u010faleko Ru\u017eomberka. Ani sneh nebr\u00e1ni nav\u0161t\u00edvi\u0165 <a href=\"https:\/\/www.visitliptov.sk\/zaujimavosti\/park-mini-slovensko\/\">MINI SLOVENSKO<\/a> \u010di<a href=\"https:\/\/www.visitliptov.sk\/zaujimavosti\/vodne-mlyny-oblazy-kvacianska-dolina\/\"> vodn\u00e9 mlyny Oblazy v\u00a0Kva\u010dianskej doline. <\/a><\/p>\n<p style=\"text-align: justify\">Pri dostatku pr\u00edrodn\u00e9ho snehu je zimn\u00e1 dovolenka skvel\u00e1 aj <a href=\"http:\/\/mapa.visitliptov.sk\/#!zoom=10&amp;language=sk&amp;action=list&amp;list=routes&amp;categories=205\"><strong>na be\u017eeck\u00fdch ly\u017eiach<\/strong><\/a>. Be\u017eeck\u00e9 ter\u00e9ny v\u00a0Hrabovskej a\u00a0\u010cutkovskej doline, ale aj \u017diarskej doline \u010di v\u00a0dedine Kokava a\u00a0jej okol\u00ed patria k\u00a0ve\u013emi ob\u013e\u00faben\u00fdm.<\/p>\n<p style=\"text-align: justify\">Zimn\u00e1 dovolenka na Liptove je doslova <strong>rozpr\u00e1vka s\u00a0bielym snehom a\u00a0mrazom<\/strong>. Ke\u010f sa k\u00a0tomu prid\u00e1 jasn\u00e1 obloha, tak v\u00fdh\u013eady na liptovsk\u00e9 kon\u010diare s\u00fa neprekonate\u013en\u00fdm z\u00e1\u017eitkom.<\/p>\n[\/fusion_text][\/fusion_builder_column][\/fusion_builder_row][\/fusion_builder_container][fusion_builder_container hundred_percent=\"no\" equal_height_columns=\"no\" menu_anchor=\"\" hide_on_mobile=\"small-visibility,medium-visibility,large-visibility\" class=\"\" id=\"\" background_color=\"\" background_image=\"\" background_position=\"center center\" background_repeat=\"no-repeat\" fade=\"no\" background_parallax=\"none\" enable_mobile=\"no\" parallax_speed=\"0.3\" video_mp4=\"\" video_webm=\"\" video_ogv=\"\" video_url=\"\" video_aspect_ratio=\"16:9\" video_loop=\"yes\" video_mute=\"yes\" video_preview_image=\"\" border_size=\"\" border_color=\"\" border_style=\"solid\" margin_top=\"\" margin_bottom=\"\" padding_top=\"\" padding_right=\"\" padding_bottom=\"\" padding_left=\"\"][fusion_builder_row][fusion_builder_column type=\"1_1\" spacing=\"\" center_content=\"no\" hover_type=\"none\" link=\"\" min_height=\"\" hide_on_mobile=\"small-visibility,medium-visibility,large-visibility\" class=\"\" id=\"\" background_color=\"\" background_image=\"\" background_position=\"left top\" background_repeat=\"no-repeat\" border_size=\"0\" border_color=\"\" border_style=\"solid\" border_position=\"all\" padding=\"\" dimension_margin=\"undefined\" animation_type=\"\" animation_direction=\"left\" animation_speed=\"0.3\" animation_offset=\"\" last=\"no\"][fusion_code]\n\n[\/fusion_code][\/fusion_builder_column][\/fusion_builder_row][\/fusion_builder_container]","featured_media":117514,"featured_media_url":"https:\/\/www.visitliptov.sk\/wp-content\/uploads\/2020\/03\/Nizke-Tatry_Jasna_171202_Jasna_25-600x400.jpg","images_gallery_urls":[],"fotka_1_url":null,"fotka_2_url":null,"fotka_3_url":null,"fotka_4_url":null,"fotka_5_url":null,"fotka_6_url":null,"fotka_7_url":null,"fotka_8_url":null},"en":{"id":84458,"title":"Winter holidays","url":"https:\/\/www.visitliptov.sk\/en\/winter-holidays\/","api_url":"https:\/\/www.visitliptov.sk\/en\/wp-json\/wp\/v2\/page\/84458","status":"publish","excerpt":"Winter holiday in Liptov meets the attributes of the best snow entertainment Liptov is a beautiful place with a wide ...","content":"<!-- wp:paragraph -->\n<p>Winter holiday in Liptov meets the attributes of the best snow entertainment<\/p>\n<!-- \/wp:paragraph -->\n\n<!-- wp:paragraph -->\n<p>Liptov is a beautiful place with a wide range of opportunities for winter sports. Winter holiday in Liptov meets the attributes of the <strong>best snow entertainment.<\/strong> The main attractions for all snow lovers are <strong>ski resorts<\/strong>. We can find several of them in Liptov. First of all, the resort<a href=\"https:\/\/www.visitliptov.sk\/en\/zaujimavosti\/jasna-nizke-tatry-chopok-sever-juh-in-the-winter\/\"> Jasn\u00e1 N\u00edzke Tatry <\/a>offers skiing on both sides of Chopok. The resort offers a wide range of opportunities f<strong>or very good skiers, but also families with children or fans of freeride skiing. <\/strong>The local <strong>ski school<\/strong> uses playful methods of teaching skiing, so skiing becomes fun here. However, it is also worth trying smaller resorts, such as <a href=\"https:\/\/www.visitliptov.sk\/en\/zaujimavosti\/ski-centrum-opalisko-zavazna-poruba\/\"><strong>Opalisko in Z\u00e1va\u017en\u00e1 Poruba<\/strong> <\/a>or <strong><a href=\"https:\/\/www.visitliptov.sk\/en\/zaujimavosti\/malino-brdo-ski-bike-ruzomberok\/\">Malin\u00f4 Brdo<\/a><\/strong>, where discounts also apply through the <a href=\"https:\/\/www.visitliptov.sk\/en\/liptov-region-card\/\">Liptov Region Card<\/a> for ski passes.<\/p>\n<!-- \/wp:paragraph -->\n\n<!-- wp:paragraph -->\n<p>However, winter holidays are not just ski resorts. <strong>Liptov aquaparks - <a href=\"https:\/\/www.visitliptov.sk\/en\/zaujimavosti\/aquapark-tatralandia\/\">Tatralandia<\/a>, <a href=\"https:\/\/www.visitliptov.sk\/en\/zaujimavosti\/besenova-waterpark\/\">Be\u0161e\u0148ov\u00e1 <\/a>or <a href=\"https:\/\/www.visitliptov.sk\/en\/zaujimavosti\/aqua-vital-park-kupele-lucky\/\">L\u00fa\u010dky<\/a> can be a great addition to skiing, but also its full-fledged replacement. <\/strong>When the <strong>local wellness centres <\/strong>are added to this, a holiday of the highest quality is created. In Liptov, everything is available in a small place, which is a huge advantage for holidaymakers. In winter, when it freezes, it is snowing and on short days, the diversity of the region concentrated in a small territory is a great thing. <\/p>\n<!-- \/wp:paragraph -->\n\n<!-- wp:paragraph -->\n<p>In addition to the main attractions, do not forget the <strong>caves and other attractions suitable during the winter holidays.<\/strong> It is also worth trying <a href=\"https:\/\/www.visitliptov.sk\/en\/zaujimavosti\/surf-waves-tatralandia\/\">Surfing wave in Tatralandia<\/a>, <a href=\"https:\/\/www.visitliptov.sk\/en\/zaujimavosti\/hurricane-factory-adrenaline-flying-in-the-wind-tunnel\/\">Hurricane Factory<\/a>, but also <a href=\"https:\/\/www.visitliptov.sk\/en\/zaujimavosti\/zoo-contact\/\">ZOO Kontakt<\/a> or <a href=\"https:\/\/www.visitliptov.sk\/en\/zaujimavosti\/3d-multikino-golden-apple-cinema\/\">Golden Apple Cinema<\/a> in Liptovsk\u00fd Mikul\u00e1\u0161. <\/p>\n<!-- \/wp:paragraph -->\n\n<!-- wp:paragraph -->\n<p><strong>Many monuments <\/strong>are also available in the winter months \u2013 <a href=\"https:\/\/www.visitliptov.sk\/en\/zaujimavosti\/museum-of-liptov-village-in-pribylina\/\">an open-air museum in Pribylina<\/a> or a UNESCO monument, <a href=\"https:\/\/www.visitliptov.sk\/en\/zaujimavosti\/obec-vlkolinec-unesco-pamiatka\/\">the village of Vlkol\u00ednec<\/a> near Ru\u017eomberok, <a href=\"https:\/\/www.visitliptov.sk\/en\/zaujimavosti\/miniature-park-slovakia\/\">MINI SLOVAKIA<\/a> or the <a href=\"https:\/\/www.visitliptov.sk\/en\/zaujimavosti\/vodne-mlyny-oblazy-kvacianska-dolina\/\">Oblazy water mills in the Kva\u010dianska valley<\/a>.<\/p>\n<!-- \/wp:paragraph -->\n\n<!-- wp:paragraph -->\n<p>With plenty of natural snow, a winter holiday is also great for <strong><a href=\"https:\/\/mapa.visitliptov.sk\/#!zoom=10&amp;language=sk&amp;action=list&amp;list=routes&amp;categories=205&amp;center=49.0880,19.6467\">cross-country skiing.<\/a><\/strong> Cross-country terrains in Hrabovsk\u00e1 and \u010cutkovsk\u00e1 dolina, also \u017diarsk\u00e1 dolina or in the village Kokava and its surroundings are very popular.<\/p>\n<!-- \/wp:paragraph -->\n\n<!-- wp:paragraph -->\n<p>A winter holiday in Liptov is literally a <strong>fairy tale with white snow and frost <\/strong>and when a clear sky is added to this, the views of hills and mountains are an unbeatable experience.<\/p>\n<!-- \/wp:paragraph -->","featured_media":117515,"featured_media_url":"https:\/\/www.visitliptov.sk\/wp-content\/uploads\/2020\/03\/Nizke-Tatry_Jasna_171202_Jasna_25-600x400.jpg","images_gallery_urls":[],"fotka_1_url":null,"fotka_2_url":null,"fotka_3_url":null,"fotka_4_url":null,"fotka_5_url":null,"fotka_6_url":null,"fotka_7_url":null,"fotka_8_url":null},"pl":{"id":85046,"title":"Ferie zimowe","url":"https:\/\/www.visitliptov.sk\/pl\/ferie-zimowe\/","api_url":"https:\/\/www.visitliptov.sk\/en\/wp-json\/wp\/v2\/page\/85046","status":"publish","excerpt":"","content":"[fusion_builder_container admin_label=\"\" hundred_percent=\"yes\" equal_height_columns=\"no\" menu_anchor=\"\" hide_on_mobile=\"small-visibility,medium-visibility,large-visibility\" class=\"\" id=\"\" background_color=\"\" background_image=\"\" background_position=\"center center\" background_repeat=\"no-repeat\" fade=\"no\" background_parallax=\"none\" enable_mobile=\"no\" parallax_speed=\"\" video_mp4=\"\" video_webm=\"\" video_ogv=\"\" video_url=\"\" video_aspect_ratio=\"\" video_loop=\"yes\" video_mute=\"yes\" video_preview_image=\"\" border_size=\"\" border_color=\"\" border_style=\"solid\" margin_top=\"0px\" margin_bottom=\"50px\" padding_top=\"0px\" padding_right=\"\" padding_bottom=\"\" padding_left=\"\"][fusion_builder_row][fusion_builder_column type=\"1_1\" layout=\"1_3\" last=\"no\" spacing=\"yes\" center_content=\"no\" hide_on_mobile=\"no\" background_color=\"\" background_image=\"\" background_repeat=\"no-repeat\" background_position=\"left top\" border_position=\"all\" border_size=\"0px\" border_color=\"\" border_style=\"\" padding=\"\" margin_top=\"\" margin_bottom=\"\" animation_type=\"\" animation_direction=\"\" animation_speed=\"0.1\" class=\"\" id=\"\" min_height=\"\" hover_type=\"none\" link=\"\"][fusion_title margin_top=\"\" margin_bottom=\"15px\" hide_on_mobile=\"small-visibility,medium-visibility,large-visibility\" class=\"\" id=\"\" size=\"2\" content_align=\"left\" style_type=\"none\" sep_color=\"\"]\n\nFerie zimowe\n\n[\/fusion_title][fusion_separator style_type=\"single solid\" hide_on_mobile=\"small-visibility,medium-visibility,large-visibility\" class=\"\" id=\"\" sep_color=\"\" top_margin=\"\" bottom_margin=\"15px\" border_size=\"\" icon=\"\" icon_circle=\"\" icon_circle_color=\"\" width=\"\" alignment=\"center\" \/][\/fusion_builder_column][\/fusion_builder_row][\/fusion_builder_container][fusion_builder_container hundred_percent=\"no\" equal_height_columns=\"no\" menu_anchor=\"\" hide_on_mobile=\"small-visibility,medium-visibility,large-visibility\" class=\"\" id=\"\" background_color=\"\" background_image=\"\" background_position=\"center center\" background_repeat=\"no-repeat\" fade=\"no\" background_parallax=\"none\" enable_mobile=\"no\" parallax_speed=\"0.3\" video_mp4=\"\" video_webm=\"\" video_ogv=\"\" video_url=\"\" video_aspect_ratio=\"16:9\" video_loop=\"yes\" video_mute=\"yes\" video_preview_image=\"\" border_size=\"\" border_color=\"\" border_style=\"solid\" margin_top=\"\" margin_bottom=\"\" padding_top=\"\" padding_right=\"\" padding_bottom=\"\" padding_left=\"\"][fusion_builder_row][fusion_builder_column type=\"1_1\" layout=\"1_1\" spacing=\"\" center_content=\"no\" hover_type=\"none\" link=\"\" min_height=\"\" hide_on_mobile=\"small-visibility,medium-visibility,large-visibility\" class=\"\" id=\"\" background_color=\"\" background_image=\"\" background_position=\"left top\" background_repeat=\"no-repeat\" border_size=\"0\" border_color=\"\" border_style=\"solid\" border_position=\"all\" padding=\"\" dimension_margin=\"\" animation_type=\"\" animation_direction=\"left\" animation_speed=\"0.3\" animation_offset=\"\" last=\"no\"][fusion_code]W2xvb3AgdGhlX3F1ZXJ5PSZxdW90O3Bvc3RzX3Blcl9wYWdlPTEyJmFtcDtwb3N0X3R5cGU9emF1amltYXZvc3RpJmFtcDtjYXRlZ29yeS1pbnRlcmVzdD1mZXJpZS16aW1vd2UmcXVvdDtd[\/fusion_code][\/fusion_builder_column][\/fusion_builder_row][\/fusion_builder_container]","featured_media":117516,"featured_media_url":"https:\/\/www.visitliptov.sk\/wp-content\/uploads\/2020\/03\/Nizke-Tatry_Jasna_171202_Jasna_25-600x400.jpg","images_gallery_urls":[],"fotka_1_url":null,"fotka_2_url":null,"fotka_3_url":null,"fotka_4_url":null,"fotka_5_url":null,"fotka_6_url":null,"fotka_7_url":null,"fotka_8_url":null},"ru":{"id":85320,"title":"\u0417\u0438\u043c\u043d\u0438\u0439 \u043e\u0442\u0434\u044b\u0445","url":"https:\/\/www.visitliptov.sk\/ru\/%d0%b7%d0%b8%d0%bc%d0%bd%d0%b8%d0%b9-%d0%be%d1%82%d0%b4%d1%8b%d1%85\/","api_url":"https:\/\/www.visitliptov.sk\/en\/wp-json\/wp\/v2\/page\/85320","status":"publish","excerpt":"","content":"[fusion_builder_container hundred_percent=\"no\" equal_height_columns=\"no\" menu_anchor=\"\" hide_on_mobile=\"small-visibility,medium-visibility,large-visibility\" class=\"\" id=\"\" background_color=\"\" background_image=\"\" background_position=\"center center\" background_repeat=\"no-repeat\" fade=\"no\" background_parallax=\"none\" enable_mobile=\"no\" parallax_speed=\"0.3\" video_mp4=\"\" video_webm=\"\" video_ogv=\"\" video_url=\"\" video_aspect_ratio=\"16:9\" video_loop=\"yes\" video_mute=\"yes\" video_preview_image=\"\" border_size=\"\" border_color=\"\" border_style=\"solid\" margin_top=\"\" margin_bottom=\"\" padding_top=\"\" padding_right=\"\" padding_bottom=\"\" padding_left=\"\"][fusion_builder_row][fusion_builder_column type=\"1_1\" spacing=\"\" center_content=\"no\" hover_type=\"none\" link=\"\" min_height=\"\" hide_on_mobile=\"small-visibility,medium-visibility,large-visibility\" class=\"\" id=\"\" background_color=\"\" background_image=\"\" background_position=\"left top\" background_repeat=\"no-repeat\" border_size=\"0\" border_color=\"\" border_style=\"solid\" border_position=\"all\" padding=\"\" dimension_margin=\"undefined\" animation_type=\"\" animation_direction=\"left\" animation_speed=\"0.3\" animation_offset=\"\" last=\"no\"][fusion_code]W2xvb3AgdGhlX3F1ZXJ5PSZxdW90O3Bvc3RzX3Blcl9wYWdlPTEyJmFtcDtwb3N0X3R5cGU9emF1amltYXZvc3RpJmFtcDtjYXRlZ29yeS1pbnRlcmVzdD3Qt9C40LzQvdC40Lkt0L7RgtC00YvRhSZxdW90O10=[\/fusion_code][\/fusion_builder_column][\/fusion_builder_row][\/fusion_builder_container]","featured_media":117517,"featured_media_url":"https:\/\/www.visitliptov.sk\/wp-content\/uploads\/2020\/03\/Nizke-Tatry_Jasna_171202_Jasna_25-600x400.jpg","images_gallery_urls":[],"fotka_1_url":null,"fotka_2_url":null,"fotka_3_url":null,"fotka_4_url":null,"fotka_5_url":null,"fotka_6_url":null,"fotka_7_url":null,"fotka_8_url":null}},"_links":{"self":[{"href":"https:\/\/www.visitliptov.sk\/en\/wp-json\/wp\/v2\/pages\/84458"}],"collection":[{"href":"https:\/\/www.visitliptov.sk\/en\/wp-json\/wp\/v2\/pages"}],"about":[{"href":"https:\/\/www.visitliptov.sk\/en\/wp-json\/wp\/v2\/types\/page"}],"author":[{"embeddable":true,"href":"https:\/\/www.visitliptov.sk\/en\/wp-json\/wp\/v2\/users\/1"}],"replies":[{"embeddable":true,"href":"https:\/\/www.visitliptov.sk\/en\/wp-json\/wp\/v2\/comments?post=84458"}],"version-history":[{"count":0,"href":"https:\/\/www.visitliptov.sk\/en\/wp-json\/wp\/v2\/pages\/84458\/revisions"}],"wp:featuredmedia":[{"embeddable":true,"href":"https:\/\/www.visitliptov.sk\/en\/wp-json\/wp\/v2\/media\/117515"}],"wp:attachment":[{"href":"https:\/\/www.visitliptov.sk\/en\/wp-json\/wp\/v2\/media?parent=84458"}],"curies":[{"name":"wp","href":"https:\/\/api.w.org\/{rel}","templated":true}]}}