{"id":84456,"date":"2015-12-09T00:00:00","date_gmt":"2015-12-08T23:00:00","guid":{"rendered":"https:\/\/www.visitliptov.sk\/nature\/"},"modified":"2023-05-24T09:50:14","modified_gmt":"2023-05-24T07:50:14","slug":"nature","status":"publish","type":"page","link":"https:\/\/www.visitliptov.sk\/en\/letna-dovolenka\/nature\/","title":{"rendered":"Nature"},"content":{"rendered":"\n<p>look around the Liptov meadows and hills. Go for the natural beauty that awaits you at every turn. Liptov offers one of the most picturesque natural scenery in Slovakia. Its territory is surrounded by the mountains of Ve\u013ek\u00e1 Fatra, the ridge of Cho\u010dsk\u00e9 vrchy, Ve\u013ek\u00e1 Fatra, the ridge of the Western and Low Tatras. The most valuable natural values are protected in the Tatra National Park, the Low Tatras National Park and the Ve\u013ek\u00e1 Fatra National Park.<\/p>\n\n\n\n<p>The rivers \u010cierny and Biely V\u00e1h originate in Liptov, and their confluence forms the longest Slovak river V\u00e1h. If we add to this the underground wealth in several publicly accessible caves and numerous springs of healing mineral and thermal waters, as well as the Liptovsk\u00e1 Mara water reservoir, the natural picture of Liptov is almost perfect.<\/p>\n\n\n\t<div class=\"carousel-items owl-carousel js-carousel-content carousel-style-default\"><div class=\"carousel-item carousel-item-article\"\r\n     id=\"carousel_161451\">\r\n    <a href=\"https:\/\/www.visitliptov.sk\/en\/interests\/lookout-point-sidorovo-ruzomberok-hiking-with-kids\/\"\r\n\t\tstyle=\"background-image:url(https:\/\/www.visitliptov.sk\/wp-content\/uploads\/2021\/10\/Sidorovo_vyhliadka_Vlkolinec_Ruzomberok_s-krpcom-na-horach_leto-2025-13-600x450.jpeg)\"    >\r\n\t\t        <span style='display:none' class=\"favorite-btn  js_favorite-inline-ajax\"\r\n              data-id=\"161451\"\r\n\t\t>&hearts;<\/span>\r\n\t\r\n\t\t\r\n\r\n        <span class=\"item-title\">Lookout point Sidorovo<\/span>\r\n\r\n\t\t<span class=\"item-location aaa\">Ru\u017eomberok<\/span>    <\/a>\r\n<\/div>\r\n<div class=\"carousel-item carousel-item-article\"\r\n     id=\"carousel_166763\">\r\n    <a href=\"https:\/\/www.visitliptov.sk\/en\/interests\/golden-trail-trail-of-magurka\/\"\r\n\t\tstyle=\"background-image:url(https:\/\/www.visitliptov.sk\/wp-content\/uploads\/2021\/09\/JUR_7354-1-600x397.jpg)\"    >\r\n\t\t        <span style='display:none' class=\"favorite-btn  js_favorite-inline-ajax\"\r\n              data-id=\"166763\"\r\n\t\t>&hearts;<\/span>\r\n\t\r\n\t\t\r\n\r\n        <span class=\"item-title\">Golden Trail of Magurka<\/span>\r\n\r\n\t\t<span class=\"item-location aaa\">Other locations<\/span>    <\/a>\r\n<\/div>\r\n<div class=\"carousel-item carousel-item-article\"\r\n     id=\"carousel_190821\">\r\n    <a href=\"https:\/\/www.visitliptov.sk\/en\/interests\/observation-tower-demanovska-dolina\/\"\r\n\t\tstyle=\"background-image:url(https:\/\/www.visitliptov.sk\/wp-content\/uploads\/2016\/05\/IMG_49142022small_vyvieranie_ostredok_jasna-450x600.jpg)\"    >\r\n\t\t        <span style='display:none' class=\"favorite-btn  js_favorite-inline-ajax\"\r\n              data-id=\"190821\"\r\n\t\t>&hearts;<\/span>\r\n\t\r\n\t\t\r\n\r\n        <span class=\"item-title\">Observation tower, the Dem\u00e4novsk\u00e1 dolina valley<\/span>\r\n\r\n\t\t<span class=\"item-location aaa\">Jasn\u00e1<\/span>    <\/a>\r\n<\/div>\r\n<div class=\"carousel-item carousel-item-article\"\r\n     id=\"carousel_41448\">\r\n    <a href=\"https:\/\/www.visitliptov.sk\/en\/interests\/water-reservoir-cierny-vah\/\"\r\n\t\tstyle=\"background-image:url(https:\/\/www.visitliptov.sk\/wp-content\/uploads\/2020\/12\/Cierny-Vah-dron_small-600x208.jpg)\"    >\r\n\t\t        <span style='display:none' class=\"favorite-btn  js_favorite-inline-ajax\"\r\n              data-id=\"41448\"\r\n\t\t>&hearts;<\/span>\r\n\t\r\n\t\t\r\n\r\n        <span class=\"item-title\">Reservoir \u010cierny V\u00e1h<\/span>\r\n\r\n\t\t<span class=\"item-location aaa\">Other locations<\/span>    <\/a>\r\n<\/div>\r\n<div class=\"carousel-item carousel-item-article\"\r\n     id=\"carousel_40185\">\r\n    <a href=\"https:\/\/www.visitliptov.sk\/en\/interests\/lucansky-waterfall\/\"\r\n\t\tstyle=\"background-image:url(https:\/\/www.visitliptov.sk\/wp-content\/uploads\/2019\/04\/lucansky-vodopad-600x400.jpg)\"    >\r\n\t\t        <span style='display:none' class=\"favorite-btn  js_favorite-inline-ajax\"\r\n              data-id=\"40185\"\r\n\t\t>&hearts;<\/span>\r\n\t\r\n\t\t\r\n\r\n        <span class=\"item-title\">L\u00fa\u010dansk\u00fd waterfall<\/span>\r\n\r\n\t\t<span class=\"item-location aaa\">Other locations<\/span>    <\/a>\r\n<\/div>\r\n<div class=\"carousel-item carousel-item-article\"\r\n     id=\"carousel_40257\">\r\n    <a href=\"https:\/\/www.visitliptov.sk\/en\/interests\/brankovsky-waterfall\/\"\r\n\t\tstyle=\"background-image:url(https:\/\/www.visitliptov.sk\/wp-content\/uploads\/2021\/05\/210519_Brankovsky-vodopad_034-600x400.jpg)\"    >\r\n\t\t        <span style='display:none' class=\"favorite-btn  js_favorite-inline-ajax\"\r\n              data-id=\"40257\"\r\n\t\t>&hearts;<\/span>\r\n\t\r\n\t\t\r\n\r\n        <span class=\"item-title\">Brankovsk\u00fd waterfall<\/span>\r\n\r\n\t\t<span class=\"item-location aaa\">Ru\u017eomberok<\/span>    <\/a>\r\n<\/div>\r\n<div class=\"carousel-item carousel-item-article\"\r\n     id=\"carousel_39606\">\r\n    <a href=\"https:\/\/www.visitliptov.sk\/en\/interests\/vrbicke-pleso-glacial-lake\/\"\r\n\t\tstyle=\"background-image:url(https:\/\/www.visitliptov.sk\/wp-content\/uploads\/2020\/01\/c-Marek-Hajkovsky-foto-JASNA-LETO-2019_281-resized-600x384.jpg)\"    >\r\n\t\t        <span style='display:none' class=\"favorite-btn  js_favorite-inline-ajax\"\r\n              data-id=\"39606\"\r\n\t\t>&hearts;<\/span>\r\n\t\r\n\t\t\r\n\r\n        <span class=\"item-title\">Vrbick\u00e9 pleso &#8211; glacial lake<\/span>\r\n\r\n\t\t<span class=\"item-location aaa\">Jasn\u00e1<\/span>    <\/a>\r\n<\/div>\r\n<div class=\"carousel-item carousel-item-article\"\r\n     id=\"carousel_39794\">\r\n    <a href=\"https:\/\/www.visitliptov.sk\/en\/interests\/sightseeing-tower-liptovsky-jan\/\"\r\n\t\tstyle=\"background-image:url(https:\/\/www.visitliptov.sk\/wp-content\/uploads\/2018\/01\/rozhladna-liptovsky-jan-leto-deti--600x400.jpg)\"    >\r\n\t\t        <span style='display:none' class=\"favorite-btn  js_favorite-inline-ajax\"\r\n              data-id=\"39794\"\r\n\t\t>&hearts;<\/span>\r\n\t\r\n\t\t\r\n\r\n        <span class=\"item-title\">Sightseeing tower<\/span>\r\n\r\n\t\t<span class=\"item-location aaa\">Liptovsk\u00fd J\u00e1n<\/span>    <\/a>\r\n<\/div>\r\n<div class=\"carousel-item carousel-item-article\"\r\n     id=\"carousel_37351\">\r\n    <a href=\"https:\/\/www.visitliptov.sk\/en\/interests\/mineral-springs-kada-a-teplica-janska-dolina\/\"\r\n\t\tstyle=\"background-image:url(https:\/\/www.visitliptov.sk\/wp-content\/uploads\/2021\/12\/kada-jan-600x180.jpg)\"    >\r\n\t\t        <span style='display:none' class=\"favorite-btn  js_favorite-inline-ajax\"\r\n              data-id=\"37351\"\r\n\t\t>&hearts;<\/span>\r\n\t\r\n\t\t\r\n\r\n        <span class=\"item-title\">Mineral springs Ka\u010fa &#038; Teplica<\/span>\r\n\r\n\t\t<span class=\"item-location aaa\">Liptovsk\u00fd J\u00e1n<\/span>    <\/a>\r\n<\/div>\r\n<\/div>\t\n\n\n\n<div class=\"wp-block-buttons is-content-justification-center is-layout-flex wp-container-core-buttons-is-layout-1 wp-block-buttons-is-layout-flex\">\n<div class=\"wp-block-button\"><a class=\"wp-block-button__link\" href=\"https:\/\/www.visitliptov.sk\/en\/experiences\/activities-and-relaxation\/?_season=summer&amp;_activities-type=natural-beauty\" target=\"_blank\" rel=\"noreferrer noopener\">list of natural places<\/a><\/div>\n<\/div>\n\n\n","protected":false},"excerpt":{"rendered":"<p>look around the Liptov meadows and hills. Go for the natural beauty that awaits you at every turn. Liptov offers &#8230;<\/p>\n","protected":false},"author":1,"featured_media":0,"parent":84459,"menu_order":0,"comment_status":"open","ping_status":"open","template":"","meta":{"_acf_changed":false,"inline_featured_image":false,"episode_type":"","audio_file":"","cover_image":"","cover_image_id":"","duration":"","filesize":"","date_recorded":"","explicit":"","block":"","filesize_raw":"","_jf_limit_responses":"","footnotes":""},"class_list":["post-84456","page","type-page","status-publish","hentry"],"acf":{"vyhradny_obrazok":false,"second_feature_image":null,"search_top_keywords":""},"wpml_translations_detailed":{"sk":{"id":80439,"title":"Pr\u00edrodn\u00e9 kr\u00e1sy","url":"https:\/\/www.visitliptov.sk\/letna-dovolenka\/prirodne-krasy\/","api_url":"https:\/\/www.visitliptov.sk\/en\/wp-json\/wp\/v2\/page\/80439","status":"publish","excerpt":"Zhlboka sa nad\u00fdchni&#8230; rozhliadni sa po liptovsk\u00fdch l\u00fakach a kopcoch. Vyraz za pr\u00edrodn\u00fdmi kr\u00e1sami, ktor\u00e9 \u0165a u n\u00e1s \u010dakaj\u00fa na ...","content":"<!-- wp:paragraph -->\n<p><strong>Zhlboka sa nad\u00fdchni...<\/strong><\/p>\n<!-- \/wp:paragraph -->\n\n<!-- wp:paragraph -->\n<p>rozhliadni sa po liptovsk\u00fdch l\u00fakach a kopcoch. Vyraz za pr\u00edrodn\u00fdmi kr\u00e1sami, ktor\u00e9 \u0165a u n\u00e1s \u010dakaj\u00fa na ka\u017edom kroku. Liptov pon\u00faka jednu z&nbsp;<strong>najmalebnej\u0161\u00edch pr\u00edrodn\u00fdch scen\u00e9rii<\/strong>&nbsp;v r\u00e1mci Slovenska. Jeho \u00fazemie&nbsp;<strong>obklopuj\u00fa horstv\u00e1<\/strong>&nbsp;Ve\u013ek\u00e1 Fatra, hrebe\u0148 Cho\u010dsk\u00fdch vrchov,Ve\u013ekej Fatry, hrebe\u0148 Z\u00e1padn\u00fdch a N\u00edzkych Tatier. Najcennej\u0161ie pr\u00edrodn\u00e9 hodnoty s\u00fa&nbsp;<strong>chr\u00e1nen\u00e9<\/strong>&nbsp;v Tatranskom n\u00e1rodnom parku, N\u00e1rodnom parku N\u00edzke Tatry a N\u00e1rodnom parku Ve\u013ek\u00e1 Fatra.<\/p>\n<!-- \/wp:paragraph -->\n\n<!-- wp:paragraph -->\n<p>V Liptove&nbsp;<strong>pramenia rieky<\/strong>&nbsp;\u010cierny a Biely V\u00e1h, ktor\u00fdch s\u00fatokom vznik\u00e1 najdlh\u0161ia slovensk\u00e1 rieka&nbsp;<strong>V\u00e1h<\/strong>. Ak k tomu pripo\u010d\u00edtame&nbsp;<strong>podzemn\u00e9 bohatstvo<\/strong>&nbsp;vo viacer\u00fdch verejnosti pr\u00edstupn\u00fdch jaskyniach a po\u010detn\u00e9&nbsp;<strong>pramene lie\u010div\u00fdch miner\u00e1lnych a term\u00e1lnych v\u00f4d<\/strong>, ako aj vodn\u00fa n\u00e1dr\u017e Liptovsk\u00e1 Mara, je&nbsp;<strong>pr\u00edrodn\u00fd obraz Liptova takmer dokonal\u00fd<\/strong>.<\/p>\n<!-- \/wp:paragraph -->\n\n<!-- wp:shortcode -->\n[carousel post_type=\"attraction\" only_top=\"on\" category=\"prirodne-krasy\" limit=\"30\"]\n<!-- \/wp:shortcode -->\n\n<!-- wp:buttons {\"layout\":{\"type\":\"flex\",\"justifyContent\":\"center\"}} -->\n<div class=\"wp-block-buttons\"><!-- wp:button -->\n<div class=\"wp-block-button\"><a class=\"wp-block-button__link\" href=\"https:\/\/www.visitliptov.sk\/zazitky\/aktivity-a-relax\/?_season=leto&amp;_activities-type=prirodne-krasy\" target=\"_blank\" rel=\"noreferrer noopener\">zoznam pr\u00edrodn\u00fdch miest<\/a><\/div>\n<!-- \/wp:button --><\/div>\n<!-- \/wp:buttons -->","featured_media":0,"featured_media_url":null,"images_gallery_urls":[],"fotka_1_url":null,"fotka_2_url":null,"fotka_3_url":null,"fotka_4_url":null,"fotka_5_url":null,"fotka_6_url":null,"fotka_7_url":null,"fotka_8_url":null},"en":{"id":84456,"title":"Nature","url":"https:\/\/www.visitliptov.sk\/en\/letna-dovolenka\/nature\/","api_url":"https:\/\/www.visitliptov.sk\/en\/wp-json\/wp\/v2\/page\/84456","status":"publish","excerpt":"look around the Liptov meadows and hills. Go for the natural beauty that awaits you at every turn. Liptov offers ...","content":"<!-- wp:paragraph -->\n<p>look around the Liptov meadows and hills. Go for the natural beauty that awaits you at every turn. Liptov offers one of the most picturesque natural scenery in Slovakia. Its territory is surrounded by the mountains of Ve\u013ek\u00e1 Fatra, the ridge of Cho\u010dsk\u00e9 vrchy, Ve\u013ek\u00e1 Fatra, the ridge of the Western and Low Tatras. The most valuable natural values are protected in the Tatra National Park, the Low Tatras National Park and the Ve\u013ek\u00e1 Fatra National Park.<\/p>\n<!-- \/wp:paragraph -->\n\n<!-- wp:paragraph -->\n<p>The rivers \u010cierny and Biely V\u00e1h originate in Liptov, and their confluence forms the longest Slovak river V\u00e1h. If we add to this the underground wealth in several publicly accessible caves and numerous springs of healing mineral and thermal waters, as well as the Liptovsk\u00e1 Mara water reservoir, the natural picture of Liptov is almost perfect.<\/p>\n<!-- \/wp:paragraph -->\n\n<!-- wp:shortcode -->\n[carousel post_type=\"attraction\" only_top=\"on\" category=\"natural-beauty\" limit=\"30\"]\n<!-- \/wp:shortcode -->\n\n<!-- wp:buttons {\"layout\":{\"type\":\"flex\",\"justifyContent\":\"center\"}} -->\n<div class=\"wp-block-buttons\"><!-- wp:button -->\n<div class=\"wp-block-button\"><a class=\"wp-block-button__link\" href=\"https:\/\/www.visitliptov.sk\/en\/experiences\/activities-and-relaxation\/?_season=summer&amp;_activities-type=natural-beauty\" target=\"_blank\" rel=\"noreferrer noopener\">list of natural places<\/a><\/div>\n<!-- \/wp:button --><\/div>\n<!-- \/wp:buttons -->\n\n","featured_media":0,"featured_media_url":null,"images_gallery_urls":[],"fotka_1_url":null,"fotka_2_url":null,"fotka_3_url":null,"fotka_4_url":null,"fotka_5_url":null,"fotka_6_url":null,"fotka_7_url":null,"fotka_8_url":null},"pl":{"id":85043,"title":"Natura","url":"https:\/\/www.visitliptov.sk\/pl\/letnie-wakacje\/natura\/","api_url":"https:\/\/www.visitliptov.sk\/en\/wp-json\/wp\/v2\/page\/85043","status":"publish","excerpt":"rozejrzyj si\u0119 po liptowskich \u0142\u0105kach i wzg\u00f3rzach. Si\u0119gnij po naturalne pi\u0119kno, kt\u00f3re czeka na Ciebie na ka\u017cdym kroku. Lipt\u00f3w oferuje ...","content":"<!-- wp:paragraph -->\n<p>rozejrzyj si\u0119 po liptowskich \u0142\u0105kach i wzg\u00f3rzach. Si\u0119gnij po naturalne pi\u0119kno, kt\u00f3re czeka na Ciebie na ka\u017cdym kroku. Lipt\u00f3w oferuje jedn\u0105 z najbardziej malowniczych scenerii przyrodniczych na S\u0142owacji. Jego terytorium jest otoczone pasmem Wielkiej Fatry, grzbietem Choczskich Wierch\u00f3w, Wielkiej Fatry, grzbietem Tatr Zachodnich i Niskich. Najcenniejsze walory przyrodnicze chronione s\u0105 w Tatrza\u0144skim Parku Narodowym, Parku Narodowym Ni\u017cne Tatry i Parku Narodowym Wielka Fatra.<\/p>\n<!-- \/wp:paragraph -->\n\n<!-- wp:paragraph -->\n<p>Z Liptowa wyp\u0142ywaj\u0105 rzeki \u010cierny i Biely V\u00e1h, a ich uj\u015bcie tworzy najd\u0142u\u017csz\u0105 s\u0142owack\u0105 rzek\u0119 Wag. Je\u015bli dodamy do tego podziemne bogactwo kilku publicznie dost\u0119pnych jaski\u0144 i liczne \u017ar\u00f3d\u0142a leczniczych w\u00f3d mineralnych i termalnych, a tak\u017ce zbiornik wodny Liptovsk\u00e1 Mara, naturalny obraz Liptowa jest prawie idealny.<\/p>\n<!-- \/wp:paragraph -->\n\n<!-- wp:shortcode -->\n[carousel post_type=\"attraction\" only_top=\"off\" category=\"naturalne-piekno\" limit=\"30\"]\n<!-- \/wp:shortcode -->\n\n<!-- wp:paragraph -->\n<p><\/p>\n<!-- \/wp:paragraph -->\n\n<!-- wp:paragraph -->\n<p><\/p>\n<!-- \/wp:paragraph -->\n\n<!-- wp:buttons {\"layout\":{\"type\":\"flex\",\"justifyContent\":\"center\"}} -->\n<div class=\"wp-block-buttons\"><!-- wp:button -->\n<div class=\"wp-block-button\"><a class=\"wp-block-button__link\" href=\"https:\/\/www.visitliptov.sk\/pl\/doswiadczenia\/aktywnosci-i-relaks\/?_season=lato&amp;_activities-type=naturalne-piekno\" target=\"_blank\" rel=\"noreferrer noopener\">lista miejsc przyrodniczych<\/a><\/div>\n<!-- \/wp:button --><\/div>\n<!-- \/wp:buttons -->","featured_media":0,"featured_media_url":null,"images_gallery_urls":[],"fotka_1_url":null,"fotka_2_url":null,"fotka_3_url":null,"fotka_4_url":null,"fotka_5_url":null,"fotka_6_url":null,"fotka_7_url":null,"fotka_8_url":null},"ru":{"id":85316,"title":"\u043f\u0440\u0438\u0440\u043e\u0434\u0430","url":"https:\/\/www.visitliptov.sk\/ru\/%d0%bb%d0%b5%d1%82%d0%bd%d0%b8%d0%b9-%d0%be%d1%82%d0%b4%d1%8b%d1%85\/%d0%bf%d1%80%d0%b8%d1%80%d0%be%d0%b4%d0%b0\/","api_url":"https:\/\/www.visitliptov.sk\/en\/wp-json\/wp\/v2\/page\/85316","status":"publish","excerpt":"Zhlboka sa nad\u00fdchni&#8230; rozhliadni sa po liptovsk\u00fdch l\u00fakach a kopcoch. Vyraz za pr\u00edrodn\u00fdmi kr\u00e1sami, ktor\u00e9 \u0165a u n\u00e1s \u010dakaj\u00fa na ...","content":"<!-- wp:paragraph -->\n<p><strong>Zhlboka sa nad\u00fdchni...<\/strong><\/p>\n<!-- \/wp:paragraph --><!-- wp:paragraph {\"translatedWithWPMLTM\":\"1\"} -->\n<p>rozhliadni sa po liptovsk\u00fdch l\u00fakach a kopcoch. Vyraz za pr\u00edrodn\u00fdmi kr\u00e1sami, ktor\u00e9 \u0165a u n\u00e1s \u010dakaj\u00fa na ka\u017edom kroku. Liptov pon\u00faka jednu z\u00a0<strong>najmalebnej\u0161\u00edch pr\u00edrodn\u00fdch scen\u00e9rii<\/strong>\u00a0v r\u00e1mci Slovenska. Jeho \u00fazemie\u00a0<strong>obklopuj\u00fa horstv\u00e1<\/strong>\u00a0Ve\u013ek\u00e1 Fatra, hrebe\u0148 Cho\u010dsk\u00fdch vrchov,Ve\u013ekej Fatry, hrebe\u0148 Z\u00e1padn\u00fdch a N\u00edzkych Tatier. Najcennej\u0161ie pr\u00edrodn\u00e9 hodnoty s\u00fa\u00a0<strong>chr\u00e1nen\u00e9<\/strong>\u00a0v Tatranskom n\u00e1rodnom parku, N\u00e1rodnom parku N\u00edzke Tatry a N\u00e1rodnom parku Ve\u013ek\u00e1 Fatra.<\/p>\n<!-- \/wp:paragraph --><!-- wp:paragraph {\"translatedWithWPMLTM\":\"1\"} -->\n<p>V Liptove\u00a0<strong>pramenia rieky<\/strong>\u00a0\u010cierny a Biely V\u00e1h, ktor\u00fdch s\u00fatokom vznik\u00e1 najdlh\u0161ia slovensk\u00e1 rieka\u00a0<strong>V\u00e1h<\/strong>. Ak k tomu pripo\u010d\u00edtame\u00a0<strong>podzemn\u00e9 bohatstvo<\/strong>\u00a0vo viacer\u00fdch verejnosti pr\u00edstupn\u00fdch jaskyniach a po\u010detn\u00e9\u00a0<strong>pramene lie\u010div\u00fdch miner\u00e1lnych a term\u00e1lnych v\u00f4d<\/strong>, ako aj vodn\u00fa n\u00e1dr\u017e Liptovsk\u00e1 Mara, je\u00a0<strong>pr\u00edrodn\u00fd obraz Liptova takmer dokonal\u00fd<\/strong>.<\/p>\n<!-- \/wp:paragraph --><!-- wp:shortcode -->\n[carousel post_type=\"attraction\" only_top=\"on\" category=\"prirodne-krasy\" limit=\"30\"]\n<!-- \/wp:shortcode --><!-- wp:buttons {\"layout\":{\"type\":\"flex\",\"justifyContent\":\"center\"}} -->\n<div class=\"wp-block-buttons\"><!-- wp:button -->\n<div class=\"wp-block-button\"><a class=\"wp-block-button__link\" href=\"https:\/\/www.visitliptov.sk\/zazitky\/aktivity-a-relax\/?_season=leto&amp;_activities-type=prirodne-krasy\" target=\"_blank\" rel=\"noreferrer noopener\">zoznam pr\u00edrodn\u00fdch miest<\/a><\/div>\n<!-- \/wp:button --><\/div>\n<!-- \/wp:buttons -->","featured_media":0,"featured_media_url":null,"images_gallery_urls":[],"fotka_1_url":null,"fotka_2_url":null,"fotka_3_url":null,"fotka_4_url":null,"fotka_5_url":null,"fotka_6_url":null,"fotka_7_url":null,"fotka_8_url":null}},"_links":{"self":[{"href":"https:\/\/www.visitliptov.sk\/en\/wp-json\/wp\/v2\/pages\/84456"}],"collection":[{"href":"https:\/\/www.visitliptov.sk\/en\/wp-json\/wp\/v2\/pages"}],"about":[{"href":"https:\/\/www.visitliptov.sk\/en\/wp-json\/wp\/v2\/types\/page"}],"author":[{"embeddable":true,"href":"https:\/\/www.visitliptov.sk\/en\/wp-json\/wp\/v2\/users\/1"}],"replies":[{"embeddable":true,"href":"https:\/\/www.visitliptov.sk\/en\/wp-json\/wp\/v2\/comments?post=84456"}],"version-history":[{"count":0,"href":"https:\/\/www.visitliptov.sk\/en\/wp-json\/wp\/v2\/pages\/84456\/revisions"}],"up":[{"embeddable":true,"href":"https:\/\/www.visitliptov.sk\/en\/wp-json\/wp\/v2\/pages\/84459"}],"wp:attachment":[{"href":"https:\/\/www.visitliptov.sk\/en\/wp-json\/wp\/v2\/media?parent=84456"}],"curies":[{"name":"wp","href":"https:\/\/api.w.org\/{rel}","templated":true}]}}