{"id":5746,"date":"2019-02-26T17:25:38","date_gmt":"2019-02-26T16:25:38","guid":{"rendered":"http:\/\/www.visitliptov.sk\/zoznam-oblubenych-poloziek\/"},"modified":"2019-02-28T18:24:44","modified_gmt":"2019-02-28T17:24:44","slug":"list-of-favorite","status":"publish","type":"page","link":"https:\/\/www.visitliptov.sk\/en\/list-of-favorite\/","title":{"rendered":"List of favorite"},"content":{"rendered":"<div class=\"favorite-list blog-content\"><div class=\"facetwp-template\" data-name=\"favorite\"><\/div><div class=\"facetwp-pager\"><\/div><\/div>\n","protected":false},"excerpt":{"rendered":"","protected":false},"author":3,"featured_media":0,"parent":0,"menu_order":0,"comment_status":"closed","ping_status":"closed","template":"","meta":{"_acf_changed":false,"inline_featured_image":false,"episode_type":"","audio_file":"","cover_image":"","cover_image_id":"","duration":"","filesize":"","date_recorded":"","explicit":"","block":"","filesize_raw":"","_jf_limit_responses":"","footnotes":""},"class_list":["post-5746","page","type-page","status-publish","hentry"],"acf":{"vyhradny_obrazok":false,"second_feature_image":null,"search_top_keywords":""},"wpml_translations_detailed":{"sk":{"id":5654,"title":"Zoznam ob\u013e\u00faben\u00fdch polo\u017eiek","url":"https:\/\/www.visitliptov.sk\/zoznam-oblubenych-poloziek\/","api_url":"https:\/\/www.visitliptov.sk\/en\/wp-json\/wp\/v2\/page\/5654","status":"publish","excerpt":"","content":"<!-- wp:shortcode -->\n[favorite-share-page]\n<!-- \/wp:shortcode -->","featured_media":0,"featured_media_url":null,"images_gallery_urls":[],"fotka_1_url":null,"fotka_2_url":null,"fotka_3_url":null,"fotka_4_url":null,"fotka_5_url":null,"fotka_6_url":null,"fotka_7_url":null,"fotka_8_url":null},"en":{"id":5746,"title":"List of favorite","url":"https:\/\/www.visitliptov.sk\/en\/list-of-favorite\/","api_url":"https:\/\/www.visitliptov.sk\/en\/wp-json\/wp\/v2\/page\/5746","status":"publish","excerpt":"","content":"<!-- wp:shortcode -->\n[favorite-share-page]\n<!-- \/wp:shortcode -->","featured_media":0,"featured_media_url":null,"images_gallery_urls":[],"fotka_1_url":null,"fotka_2_url":null,"fotka_3_url":null,"fotka_4_url":null,"fotka_5_url":null,"fotka_6_url":null,"fotka_7_url":null,"fotka_8_url":null},"pl":{"id":94081,"title":"Zoznam ob\u013e\u00faben\u00fdch polo\u017eiek","url":"https:\/\/www.visitliptov.sk\/pl\/zoznam-oblubenych-poloziek\/","api_url":"https:\/\/www.visitliptov.sk\/en\/wp-json\/wp\/v2\/page\/94081","status":"publish","excerpt":"","content":"<!-- wp:shortcode -->\n[favorite-share-page]\n<!-- \/wp:shortcode -->","featured_media":0,"featured_media_url":null,"images_gallery_urls":[],"fotka_1_url":null,"fotka_2_url":null,"fotka_3_url":null,"fotka_4_url":null,"fotka_5_url":null,"fotka_6_url":null,"fotka_7_url":null,"fotka_8_url":null},"ru":{"id":94082,"title":"Zoznam ob\u013e\u00faben\u00fdch polo\u017eiek","url":"https:\/\/www.visitliptov.sk\/ru\/zoznam-oblubenych-poloziek\/","api_url":"https:\/\/www.visitliptov.sk\/en\/wp-json\/wp\/v2\/page\/94082","status":"publish","excerpt":"","content":"<!-- wp:shortcode -->\n[favorite-share-page]\n<!-- \/wp:shortcode -->","featured_media":0,"featured_media_url":null,"images_gallery_urls":[],"fotka_1_url":null,"fotka_2_url":null,"fotka_3_url":null,"fotka_4_url":null,"fotka_5_url":null,"fotka_6_url":null,"fotka_7_url":null,"fotka_8_url":null}},"_links":{"self":[{"href":"https:\/\/www.visitliptov.sk\/en\/wp-json\/wp\/v2\/pages\/5746"}],"collection":[{"href":"https:\/\/www.visitliptov.sk\/en\/wp-json\/wp\/v2\/pages"}],"about":[{"href":"https:\/\/www.visitliptov.sk\/en\/wp-json\/wp\/v2\/types\/page"}],"author":[{"embeddable":true,"href":"https:\/\/www.visitliptov.sk\/en\/wp-json\/wp\/v2\/users\/3"}],"replies":[{"embeddable":true,"href":"https:\/\/www.visitliptov.sk\/en\/wp-json\/wp\/v2\/comments?post=5746"}],"version-history":[{"count":0,"href":"https:\/\/www.visitliptov.sk\/en\/wp-json\/wp\/v2\/pages\/5746\/revisions"}],"wp:attachment":[{"href":"https:\/\/www.visitliptov.sk\/en\/wp-json\/wp\/v2\/media?parent=5746"}],"curies":[{"name":"wp","href":"https:\/\/api.w.org\/{rel}","templated":true}]}}