{"id":29269,"date":"2019-03-11T11:55:12","date_gmt":"2019-03-11T10:55:12","guid":{"rendered":"http:\/\/www.visitliptov.sk\/podujatia\/"},"modified":"2026-03-23T15:07:25","modified_gmt":"2026-03-23T14:07:25","slug":"events","status":"publish","type":"page","link":"https:\/\/www.visitliptov.sk\/en\/experiences\/events\/","title":{"rendered":"Events"},"content":{"rendered":"\n<h2 class=\"wp-block-heading\">We chose for you<\/h2>\n\n\n\t<div class=\"carousel-items owl-carousel js-carousel-content carousel-style-default\"><div class=\"carousel-item carousel-item-article\"\r\n     id=\"carousel_703137\">\r\n    <a href=\"https:\/\/www.visitliptov.sk\/en\/event\/may-sports-energy-tatralandia\/\"\r\n\t\tstyle=\"background-image:url(https:\/\/www.visitliptov.sk\/wp-content\/uploads\/2026\/04\/Aquarace0461-600x400.jpg)\"    >\r\n\t\t        <span style='display:none' class=\"favorite-btn  js_favorite-inline-ajax\"\r\n              data-id=\"703137\"\r\n\t\t>&hearts;<\/span>\r\n\t\r\n\t\t\r\n\r\n        <span class=\"item-title\">May sports Energy<\/span>\r\n\r\n\t\t            <span class=\"item-date carousel-data\">\r\n            1. - 3. 5. 2026            <\/span>\r\n\t\t<span class=\"item-location aaa\">Liptovsk\u00fd Mikul\u00e1\u0161<\/span><span class=\"item-cost_right\">15&euro;<\/span>    <\/a>\r\n<\/div>\r\n<div class=\"carousel-item carousel-item-article\"\r\n     id=\"carousel_695509\">\r\n    <a href=\"https:\/\/www.visitliptov.sk\/en\/event\/folklore-festival-vychodna-2026\/\"\r\n\t\tstyle=\"background-image:url(https:\/\/www.visitliptov.sk\/wp-content\/uploads\/2025\/03\/vychodna-ff-2025-480x600.jpg)\"    >\r\n\t\t        <span style='display:none' class=\"favorite-btn  js_favorite-inline-ajax\"\r\n              data-id=\"695509\"\r\n\t\t>&hearts;<\/span>\r\n\t\r\n\t\t\r\n\r\n        <span class=\"item-title\">Folklore Festival V\u00fdchodn\u00e1 2026<\/span>\r\n\r\n\t\t            <span class=\"item-date carousel-data\">\r\n            2. - 5. 7. 2026            <\/span>\r\n\t\t<span class=\"item-location aaa\">V\u00fdchodn\u00e1<\/span><span class=\"item-cost_right\">18&euro;<\/span>    <\/a>\r\n<\/div>\r\n<div class=\"carousel-item carousel-item-article\"\r\n     id=\"carousel_674991\">\r\n    <a href=\"https:\/\/www.visitliptov.sk\/en\/event\/za-7-horami-2026\/\"\r\n\t\tstyle=\"background-image:url(https:\/\/www.visitliptov.sk\/wp-content\/uploads\/2025\/09\/za-7-horami_bez-loga-84-600x400.jpg)\"    >\r\n\t\t        <span style='display:none' class=\"favorite-btn  js_favorite-inline-ajax\"\r\n              data-id=\"674991\"\r\n\t\t>&hearts;<\/span>\r\n\t\r\n\t\t\r\n\r\n        <span class=\"item-title\">Za 7 horami<\/span>\r\n\r\n\t\t            <span class=\"item-date carousel-data\">\r\n            3. - 12. 7. 2026            <\/span>\r\n\t\t<span class=\"item-location aaa\">Liptov region<\/span><span class=\"item-cost_right\">free<\/span>    <\/a>\r\n<\/div>\r\n<\/div>\t\n\n\n\n    <div class=\"ns-events\">\r\n        <div class=\"ns-events-filter-toggle\">\r\n            <span class=\"events-filter-title\">Search<\/span>\r\n            <div class=\"btn ns-events-filter-btn\">\r\n\t\t\t\tFilter            <\/div>\r\n        <\/div>\r\n        <div class=\"events-filter sidebar\">\r\n            <div class=\"close-btn\"><\/div>\r\n            <span class=\"events-filter-title\">Search<\/span>\r\n            <span class=\"events-filter-label\">Date<\/span>\r\n\t\t\t<div class=\"facetwp-facet facetwp-facet-events_date facetwp-type-date_range\" data-name=\"events_date\" data-type=\"date_range\"><\/div>            <span class=\"events-filter-label\">Locality<\/span>\r\n\t\t\t<div class=\"facetwp-facet facetwp-facet-locality facetwp-type-checkboxes\" data-name=\"locality\" data-type=\"checkboxes\"><\/div>            <span class=\"events-filter-label\">Category<\/span>\r\n\t\t\t<div class=\"facetwp-facet facetwp-facet-events_cat facetwp-type-checkboxes\" data-name=\"events_cat\" data-type=\"checkboxes\"><\/div>        <\/div>\r\n\r\n        <div class=\"blog-content\">\r\n\t\t\t<div class=\"facetwp-template\" data-name=\"events\">    <a class=\"list-item event-item\" href=\"https:\/\/www.visitliptov.sk\/en\/event\/may-sports-energy-tatralandia\/\">\n\t\t        <div class=\"thumb\"\n             style=\"background-image:url('https:\/\/www.visitliptov.sk\/wp-content\/uploads\/2026\/04\/Aquarace0461-600x400.jpg')\">\n\t\t\t        <span style='display:none' class=\"favorite-btn  js_favorite-inline-ajax\"\r\n              data-id=\"703137\"\r\n\t\t>&hearts;<\/span>\r\n\t\t\t\t\t\t\t\t\t\t                <span class=\"label_is-top\">\n\t\t\t\t\t<i class=\"g-icon-white g-icon-white_star\"><\/i>\n        \t\tRecommended            <\/span>\n\t\t\t\n\t\t\t<span class=\"item-date label_event_date sidera\">\n\t\t\t\t1. - 3. 5. 2026\t\t\t<\/span>\n        <\/div>\n\n        <div class=\"item-meta sidera\">\n            <div class=\"item-title\">\n\t\t\t\tMay sports Energy            <\/div>\n\n\t\t\t<div class=\"item-cost\">15&euro;<\/div><div class=\"item-loc\">Vodn\u00fd park Tatralandia<\/div><div class=\"item-excerpt\"><p>Join a programme packed with activity, fun and friendly competition&nbsp;from 1 to 3 May 2026. Tatralandia will once again transform &#8230;<\/p>\n<\/div>        <\/div>\n    <\/a>\n    <a class=\"list-item event-item\" href=\"https:\/\/www.visitliptov.sk\/en\/event\/folklore-festival-vychodna-2026\/\">\n\t\t        <div class=\"thumb\"\n             style=\"background-image:url('https:\/\/www.visitliptov.sk\/wp-content\/uploads\/2025\/03\/vychodna-ff-2025-480x600.jpg')\">\n\t\t\t        <span style='display:none' class=\"favorite-btn  js_favorite-inline-ajax\"\r\n              data-id=\"695509\"\r\n\t\t>&hearts;<\/span>\r\n\t\t\t\t\t\t\t\t\t\t                <span class=\"label_is-top\">\n\t\t\t\t\t<i class=\"g-icon-white g-icon-white_star\"><\/i>\n        \t\tRecommended            <\/span>\n\t\t\t\n\t\t\t<span class=\"item-date label_event_date sidera\">\n\t\t\t\t2. - 5. 7. 2026\t\t\t<\/span>\n        <\/div>\n\n        <div class=\"item-meta sidera\">\n            <div class=\"item-title\">\n\t\t\t\tFolklore Festival V\u00fdchodn\u00e1 2026            <\/div>\n\n\t\t\t<div class=\"item-cost\">18&euro;<\/div><div class=\"item-loc\">V\u00fdchodn\u00e1<\/div><div class=\"item-excerpt\"><p>The V\u00fdchodn\u00e1 Folklore Festival is the oldest and most extensive national festival with international participation in our territory. Every year, &#8230;<\/p>\n<\/div>        <\/div>\n    <\/a>\n    <a class=\"list-item event-item\" href=\"https:\/\/www.visitliptov.sk\/en\/event\/za-7-horami-2026\/\">\n\t\t        <div class=\"thumb\"\n             style=\"background-image:url('https:\/\/www.visitliptov.sk\/wp-content\/uploads\/2025\/09\/za-7-horami_bez-loga-84-600x400.jpg')\">\n\t\t\t        <span style='display:none' class=\"favorite-btn  js_favorite-inline-ajax\"\r\n              data-id=\"674991\"\r\n\t\t>&hearts;<\/span>\r\n\t\t\t\t\t\t\t\t\t\t                <span class=\"label_is-top\">\n\t\t\t\t\t<i class=\"g-icon-white g-icon-white_star\"><\/i>\n        \t\tRecommended            <\/span>\n\t\t\t\n\t\t\t<span class=\"item-date label_event_date sidera\">\n\t\t\t\t3. - 12. 7. 2026\t\t\t<\/span>\n        <\/div>\n\n        <div class=\"item-meta sidera\">\n            <div class=\"item-title\">\n\t\t\t\tZa 7 horami            <\/div>\n\n\t\t\t<div class=\"item-cost\">free<\/div><div class=\"item-loc\">regi\u00f3n Liptov<\/div><div class=\"item-excerpt\"><p>The first two holiday weekends of 2026 will be full of fun, laughter, playful education and especially fairy tales in &#8230;<\/p>\n<\/div>        <\/div>\n    <\/a>\n    <a class=\"list-item event-item\" href=\"https:\/\/www.visitliptov.sk\/en\/event\/utgard-2026\/\">\n\t\t        <div class=\"thumb\"\n             style=\"background-image:url('https:\/\/www.visitliptov.sk\/wp-content\/uploads\/2025\/10\/utgard-600x400.jpg')\">\n\t\t\t        <span style='display:none' class=\"favorite-btn  js_favorite-inline-ajax\"\r\n              data-id=\"692388\"\r\n\t\t>&hearts;<\/span>\r\n\t\t\t\t\t\t\t\t\t\t\n\t\t\t<span class=\"item-date label_event_date sidera\">\n\t\t\t\t4. 7. 2026\t\t\t<\/span>\n        <\/div>\n\n        <div class=\"item-meta sidera\">\n            <div class=\"item-title\">\n\t\t\t\tUtgard 2026            <\/div>\n\n\t\t\t<div class=\"item-cost\">free<\/div><div class=\"item-loc\">Partiz\u00e1nska \u013dup\u010da<\/div><div class=\"item-excerpt\"><p>The 10th year of the largest historical festival in Slovakia &#8211; the Utgard Early Middle Ages Festival.<\/p>\n<\/div>        <\/div>\n    <\/a>\n<\/div>\t\t\t<div class=\"facetwp-pager\"><\/div>        <\/div>\r\n\r\n        <div class=\"events-sidebar\">\r\n\t\t\t\r\n<aside class=\"sidebar-app\">\r\n\t<section id=\"widget-app-3\" class=\"widget container widget-app\"><div class=\"row\"><div class=\"col wrap-bg\"><div class=\"row\"><div class=\"col col-12 title\"><h2 class=\"widget-title\">You can also find all the experiences in our app<\/h2><\/div><div class=\"col col-12 image\"><img decoding=\"async\" class=\"img-fluid\" src=\"https:\/\/www.visitliptov.sk\/wp-content\/themes\/ns\/img\/liptov-app.png\" alt=\"\"><\/div><\/div><div class=\"row\"><div class=\"col app-links\"><a href=\"https:\/\/itunes.apple.com\/us\/app\/liptov\/id885032984?ls=1&mt=8\" class=\"btn btn-app btn-app_iphone\"><img decoding=\"async\" src=\"https:\/\/www.visitliptov.sk\/wp-content\/themes\/ns\/img\/apple_store.svg\" alt=\"\"><\/a><a href=\"https:\/\/play.google.com\/store\/apps\/details?id=sk.bonbonapps.liptov\" class=\"btn btn-app btn-app_android\"><img decoding=\"async\" src=\"https:\/\/www.visitliptov.sk\/wp-content\/themes\/ns\/img\/google_play.svg\" alt=\"\"><\/a><\/div><\/div><\/div><\/div><\/section><section id=\"text-2\" class=\"widget widget_text\">\t\t\t<div class=\"textwidget\"><\/div>\n\t\t<\/section><\/aside><!-- #language-switcher -->        <\/div>\r\n\r\n    <\/div>\r\n\t\n","protected":false},"excerpt":{"rendered":"<p>We chose for you<\/p>\n","protected":false},"author":1,"featured_media":701634,"parent":92620,"menu_order":0,"comment_status":"closed","ping_status":"closed","template":"","meta":{"_acf_changed":false,"inline_featured_image":false,"episode_type":"","audio_file":"","cover_image":"","cover_image_id":"","duration":"","filesize":"","date_recorded":"","explicit":"","block":"","filesize_raw":"","_jf_limit_responses":"","footnotes":""},"class_list":["post-29269","page","type-page","status-publish","has-post-thumbnail","hentry"],"acf":{"vyhradny_obrazok":"Hlavne nsatavenie","second_feature_image":681612,"search_top_keywords":""},"wpml_translations_detailed":{"sk":{"id":29138,"title":"Kalend\u00e1r podujat\u00ed","url":"https:\/\/www.visitliptov.sk\/zazitky\/podujatia-na-liptove\/","api_url":"https:\/\/www.visitliptov.sk\/en\/wp-json\/wp\/v2\/page\/29138","status":"publish","excerpt":"U\u017ei si event v ly\u017eiarskych stredisk\u00e1ch Jasn\u00e1 &nbsp;alebo Malin\u00f4 Brdo. Zabav sa vo vodnom parku Tatralandia alebo zrelaxuj v Be\u0161e\u0148ovej. ...","content":"<!-- wp:paragraph -->\n<p>U\u017ei si event v <strong>ly\u017eiarskych stredisk\u00e1ch <\/strong><a href=\"https:\/\/www.visitliptov.sk\/zaujimavosti\/jasna-nizke-tatry-chopok-sever-juh-zima\/\">Jasn\u00e1 <\/a>&nbsp;alebo <a href=\"https:\/\/www.visitliptov.sk\/zaujimavosti\/malino-brdo-ski-bike-family-park-v-zime\/\">Malin\u00f4 Brdo<\/a>. Zabav sa <strong>vo vodnom parku <\/strong><a href=\"https:\/\/www.visitliptov.sk\/zaujimavosti\/vodny-park-tatralandia\/\" target=\"_blank\" rel=\"noreferrer noopener\">Tatralandia <\/a>alebo zrelaxuj v <a href=\"https:\/\/www.visitliptov.sk\/zaujimavosti\/vodny-park-besenova\/\" target=\"_blank\" rel=\"noreferrer noopener\">Be\u0161e\u0148ovej<\/a>. Vychutnaj si akt\u00edvne podujatie pln\u00e9 <strong>\u0161portu <\/strong>ako s\u00fa <strong>skialpinistick\u00e9 preteky<\/strong> \u010di <strong>turistick\u00fd v\u00fd\u0161\u013eap <\/strong>. Alebo je v\u00e1s viac a vysk\u00fa\u0161ali by ste si skupinov\u00fa v\u00fdzvu v jedine\u010dn\u00fdch pretekoch <a href=\"https:\/\/liptovride.sk\/\" target=\"_blank\" rel=\"noreferrer noopener\">Liptov Ride<\/a>! Po\u010das pr\u00e1zdnin m\u00f4\u017ee\u0161 zobra\u0165 svoje deti na zauj\u00edmav\u00e9 podujatia pre deti. Najv\u00e4\u010d\u0161\u00ed detsk\u00fd event <a href=\"http:\/\/www.za7horami.sk\/\" target=\"_blank\" rel=\"noreferrer noopener\">Za 7 Horami<\/a> je jeden z najv\u00e4\u010d\u0161\u00edch a najpopul\u00e1rnej\u0161\u00edch <strong>detsk\u00fdch podujat\u00ed nielen na Liptove<\/strong>. Ak m\u00e1\u0161 r\u00e1d <strong>klasick\u00fa <\/strong>hudbu alebo <strong>koncerty<\/strong>, tie\u017e si pr\u00edde\u0161 na svoje. \u00da\u017easn\u00fa <strong>akustiku <\/strong>za\u017eije\u0161 v priestoroch \u017eidovskej <a href=\"https:\/\/www.visitliptov.sk\/zaujimavosti\/synagoga-v-liptovskom-mikulasi\/\" target=\"_blank\" rel=\"noreferrer noopener\">synag\u00f3gy<\/a> alebo pr\u00ed\u010f na koncert na n\u00e1mest\u00ed a u\u017ei si hudbu pod hviezdami. <strong>Podujatia na Liptove #TrebaZazit<\/strong><\/p>\n<!-- \/wp:paragraph -->\n\n<!-- wp:heading -->\n<h2 class=\"wp-block-heading\">Vybrali sme pre V\u00e1s<\/h2>\n<!-- \/wp:heading -->\n\n<!-- wp:shortcode -->\n[carousel post_type=\"podujatia\" only_top=\"on\" limit=\"10\"]\n<!-- \/wp:shortcode -->\n\n<!-- wp:heading -->\n<h2 class=\"wp-block-heading\" id=\"podujatia\">Eventy v regi\u00f3ne Liptov #TrebaZazit<\/h2>\n<!-- \/wp:heading -->\n\n<!-- wp:shortcode -->\n[events]\n<!-- \/wp:shortcode -->\n\n<!-- wp:paragraph -->\n<p>Raz vidie\u0165 je sto r\u00e1z lep\u0161ie ako si len pre\u010d\u00edta\u0165. V\u010faka nim uvid\u00ed\u0161, \u017ee Liptov je kr\u00e1sny regi\u00f3n, za\u017eije\u0161 kopec z\u00e1\u017eitkov, vychutn\u00e1\u0161 si skvel\u00e9 jedlo, stretne\u0161 zauj\u00edmav\u00fdch \u013eud\u00ed a pochop\u00ed\u0161, \u017ee Liptov jednoducho  #TrebaZazit. <\/p>\n<!-- \/wp:paragraph -->","featured_media":701632,"featured_media_url":"https:\/\/www.visitliptov.sk\/wp-content\/uploads\/2026\/03\/2022_220605_Nepoznany-Liptov-Vazec-Chorovod-O-milienci_J.-Moravcik-5-600x401.jpg","images_gallery_urls":[],"fotka_1_url":null,"fotka_2_url":null,"fotka_3_url":null,"fotka_4_url":null,"fotka_5_url":null,"fotka_6_url":null,"fotka_7_url":null,"fotka_8_url":null},"en":{"id":29269,"title":"Events","url":"https:\/\/www.visitliptov.sk\/en\/experiences\/events\/","api_url":"https:\/\/www.visitliptov.sk\/en\/wp-json\/wp\/v2\/page\/29269","status":"publish","excerpt":"We chose for you","content":"<!-- wp:heading -->\n<h2>We chose for you<\/h2>\n<!-- \/wp:heading -->\n\n<!-- wp:shortcode -->\n[carousel post_type=\"podujatia\" only_top=\"on\" limit=\"10\"]\n<!-- \/wp:shortcode -->\n\n<!-- wp:paragraph -->\n<p>[events]<\/p>\n<!-- \/wp:paragraph -->","featured_media":701634,"featured_media_url":"https:\/\/www.visitliptov.sk\/wp-content\/uploads\/2026\/03\/2022_220605_Nepoznany-Liptov-Vazec-Chorovod-O-milienci_J.-Moravcik-5-600x401.jpg","images_gallery_urls":[],"fotka_1_url":null,"fotka_2_url":null,"fotka_3_url":null,"fotka_4_url":null,"fotka_5_url":null,"fotka_6_url":null,"fotka_7_url":null,"fotka_8_url":null},"pl":{"id":91557,"title":"Kalendarz wydarze\u0144","url":"https:\/\/www.visitliptov.sk\/pl\/doswiadczenia\/wydarzenia\/","api_url":"https:\/\/www.visitliptov.sk\/en\/wp-json\/wp\/v2\/page\/91557","status":"publish","excerpt":"Wybrali\u015bmy dla ciebie","content":"<!-- wp:paragraph -->\n<p><\/p>\n<!-- \/wp:paragraph -->\n\n<!-- wp:heading -->\n<h2>Wybrali\u015bmy dla ciebie<\/h2>\n<!-- \/wp:heading -->\n\n<!-- wp:shortcode -->\n[carousel post_type=\"podujatia\" only_top=\"on\" limit=\"10\"]\n<!-- \/wp:shortcode -->\n\n<!-- wp:shortcode -->\n[events]\n<!-- \/wp:shortcode -->\n\n<!-- wp:paragraph -->\n<p><\/p>\n<!-- \/wp:paragraph -->","featured_media":701638,"featured_media_url":"https:\/\/www.visitliptov.sk\/wp-content\/uploads\/2026\/03\/2022_220605_Nepoznany-Liptov-Vazec-Chorovod-O-milienci_J.-Moravcik-5-600x401.jpg","images_gallery_urls":[],"fotka_1_url":null,"fotka_2_url":null,"fotka_3_url":null,"fotka_4_url":null,"fotka_5_url":null,"fotka_6_url":null,"fotka_7_url":null,"fotka_8_url":null},"ru":{"id":91558,"title":"\u041a\u0430\u043b\u0435\u043d\u0434\u0430\u0440\u044c \u0441\u043e\u0431\u044b\u0442\u0438\u0439","url":"https:\/\/www.visitliptov.sk\/ru\/%d0%be%d0%bf%d1%8b%d1%82\/%d0%ba%d0%b0%d0%bb%d0%b5%d0%bd%d0%b4%d0%b0%d1%80%d1%8c-%d1%81%d0%be%d0%b1%d1%8b%d1%82%d0%b8%d0%b9\/","api_url":"https:\/\/www.visitliptov.sk\/en\/wp-json\/wp\/v2\/page\/91558","status":"publish","excerpt":"\u0421 10 \u043c\u0430\u0440\u0442\u0430 2020 \u0433\u043e\u0434\u0430 \u0426\u0435\u043d\u0442\u0440\u0430\u043b\u044c\u043d\u044b\u0439 \u043a\u0440\u0438\u0437\u0438\u0441\u043d\u044b\u0439 \u0448\u0442\u0430\u0431 \u0421\u043b\u043e\u0432\u0430\u0446\u043a\u043e\u0439 \u0420\u0435\u0441\u043f\u0443\u0431\u043b\u0438\u043a\u0438 \u043e\u0444\u0438\u0446\u0438\u0430\u043b\u044c\u043d\u043e \u0437\u0430\u043f\u0440\u0435\u0442\u0438\u043b \u043e\u0440\u0433\u0430\u043d\u0438\u0437\u0430\u0446\u0438\u044e \u043f\u0443\u0431\u043b\u0438\u0447\u043d\u044b\u0445 \u043c\u0435\u0440\u043e\u043f\u0440\u0438\u044f\u0442\u0438\u0439 \u043f\u043e \u0432\u0441\u0435\u0439 \u0441\u0442\u0440\u0430\u043d\u0435. \u041c\u044b \u0432\u044b\u0431\u0440\u0430\u043b\u0438 ...","content":"<!-- wp:paragraph -->\n<p>\u0421 10 \u043c\u0430\u0440\u0442\u0430 2020 \u0433\u043e\u0434\u0430 \u0426\u0435\u043d\u0442\u0440\u0430\u043b\u044c\u043d\u044b\u0439 \u043a\u0440\u0438\u0437\u0438\u0441\u043d\u044b\u0439 \u0448\u0442\u0430\u0431 \u0421\u043b\u043e\u0432\u0430\u0446\u043a\u043e\u0439 \u0420\u0435\u0441\u043f\u0443\u0431\u043b\u0438\u043a\u0438 \u043e\u0444\u0438\u0446\u0438\u0430\u043b\u044c\u043d\u043e \u0437\u0430\u043f\u0440\u0435\u0442\u0438\u043b \u043e\u0440\u0433\u0430\u043d\u0438\u0437\u0430\u0446\u0438\u044e \u043f\u0443\u0431\u043b\u0438\u0447\u043d\u044b\u0445 \u043c\u0435\u0440\u043e\u043f\u0440\u0438\u044f\u0442\u0438\u0439 \u043f\u043e \u0432\u0441\u0435\u0439 \u0441\u0442\u0440\u0430\u043d\u0435.<\/p>\n<!-- \/wp:paragraph -->\n\n<!-- wp:heading -->\n<h2>\u041c\u044b \u0432\u044b\u0431\u0440\u0430\u043b\u0438 \u0434\u043b\u044f \u0432\u0430\u0441<\/h2>\n<!-- \/wp:heading -->\n\n<!-- wp:shortcode -->\n[carousel post_type=\"podujatia\" only_top=\"on\" limit=\"10\"]\n<!-- \/wp:shortcode -->\n\n<!-- wp:shortcode -->\n[events]\n<!-- \/wp:shortcode -->\n\n<!-- wp:paragraph -->\n<p><\/p>\n<!-- \/wp:paragraph -->","featured_media":701640,"featured_media_url":"https:\/\/www.visitliptov.sk\/wp-content\/uploads\/2026\/03\/2022_220605_Nepoznany-Liptov-Vazec-Chorovod-O-milienci_J.-Moravcik-5-600x401.jpg","images_gallery_urls":[],"fotka_1_url":null,"fotka_2_url":null,"fotka_3_url":null,"fotka_4_url":null,"fotka_5_url":null,"fotka_6_url":null,"fotka_7_url":null,"fotka_8_url":null}},"_links":{"self":[{"href":"https:\/\/www.visitliptov.sk\/en\/wp-json\/wp\/v2\/pages\/29269"}],"collection":[{"href":"https:\/\/www.visitliptov.sk\/en\/wp-json\/wp\/v2\/pages"}],"about":[{"href":"https:\/\/www.visitliptov.sk\/en\/wp-json\/wp\/v2\/types\/page"}],"author":[{"embeddable":true,"href":"https:\/\/www.visitliptov.sk\/en\/wp-json\/wp\/v2\/users\/1"}],"replies":[{"embeddable":true,"href":"https:\/\/www.visitliptov.sk\/en\/wp-json\/wp\/v2\/comments?post=29269"}],"version-history":[{"count":1,"href":"https:\/\/www.visitliptov.sk\/en\/wp-json\/wp\/v2\/pages\/29269\/revisions"}],"predecessor-version":[{"id":701642,"href":"https:\/\/www.visitliptov.sk\/en\/wp-json\/wp\/v2\/pages\/29269\/revisions\/701642"}],"up":[{"embeddable":true,"href":"https:\/\/www.visitliptov.sk\/en\/wp-json\/wp\/v2\/pages\/92620"}],"wp:featuredmedia":[{"embeddable":true,"href":"https:\/\/www.visitliptov.sk\/en\/wp-json\/wp\/v2\/media\/701634"}],"wp:attachment":[{"href":"https:\/\/www.visitliptov.sk\/en\/wp-json\/wp\/v2\/media?parent=29269"}],"curies":[{"name":"wp","href":"https:\/\/api.w.org\/{rel}","templated":true}]}}