{"id":29052,"date":"2019-03-04T19:53:46","date_gmt":"2019-03-04T18:53:46","guid":{"rendered":"http:\/\/www.visitliptov.sk\/spravy-z-liptova\/"},"modified":"2019-05-23T10:53:13","modified_gmt":"2019-05-23T08:53:13","slug":"news-from-liptov","status":"publish","type":"page","link":"https:\/\/www.visitliptov.sk\/en\/about-liptov\/news-from-liptov\/","title":{"rendered":"News from Liptov"},"content":{"rendered":"\n    <div class=\"ns-blog\">\r\n        <div class=\"blog-cats\">\r\n            <span class=\"cat-all\" id=\"cat-all\"\r\n                  onclick=\"FWP.reset()\">All<\/span>\r\n\t\t\t<div class=\"facetwp-facet facetwp-facet-cat facetwp-type-radio\" data-name=\"cat\" data-type=\"radio\"><\/div>        <\/div>\r\n\r\n        <div class=\"blog-content\">\r\n\t\t\t<div class=\"facetwp-template\" data-name=\"blog\">  <a class=\"list-item\"   href=\"https:\/\/www.visitliptov.sk\/en\/2026\/03\/12\/buggy-friendly-walks-in-liptov\/\"  >\r\n        <div class=\"thumb\"\r\n      style=\"background-image:url('https:\/\/www.visitliptov.sk\/wp-content\/uploads\/2025\/04\/LIPTOV-S-DETMI_Liptov-prechadzky-s-kocikmi_Kamenista-dolina_leto-2023_Z.-Stromkova-7-400x600.jpg')\">\r\n\t\t\t        <span style='display:none' class=\"favorite-btn  js_favorite-inline-ajax\"\r\n              data-id=\"698884\"\r\n\t\t>&hearts;<\/span>\r\n\t      <div class=\"item-cat\">Blog<\/div>    <\/div>\r\n\r\n    <div class=\"item-meta\">\r\n    <div class=\"item-title\">\r\n\t\t  Buggy-friendly walks in Liptov    <\/div>\r\n\r\n    <div class=\"item-date\">12. 3. 2026<\/div><div class=\"item-loc\">Liptov region<\/div><div class=\"item-excerpt\">Liptov is often associated with mountains, hiking, and adventure. But it\u2019s also a great destination for families with...<br>     <img decoding=\"async\" src=\"https:\/\/www.visitliptov.sk\/wp-content\/uploads\/2025\/04\/readtime.svg\" alt=\"Reading time\" style=\"display: inline-block;margin-top: -2px;margin-right: 2px;width: 16px;height: 16px;\"> 8 min<\/div>     <\/div>\r\n   <\/a>\r\n  <a class=\"list-item\"   href=\"https:\/\/www.visitliptov.sk\/en\/2026\/02\/13\/enjoy-a-more-affordable-holiday-or-trip-save-on-skiing-wellness-and-experiences-with-the-liptov-region-card\/\"  >\r\n        <div class=\"thumb\"\r\n      style=\"background-image:url('https:\/\/www.visitliptov.sk\/wp-content\/uploads\/2026\/01\/liptov-region-card-zena-s-kartou-zima_small-600x400.jpg')\">\r\n\t\t\t        <span style='display:none' class=\"favorite-btn  js_favorite-inline-ajax\"\r\n              data-id=\"701170\"\r\n\t\t>&hearts;<\/span>\r\n\t      <div class=\"item-cat\">Blog<\/div>    <\/div>\r\n\r\n    <div class=\"item-meta\">\r\n    <div class=\"item-title\">\r\n\t\t  Enjoy a more affordable holiday or trip \u2013 save on skiing, wellness, and experiences with the Liptov Region Card    <\/div>\r\n\r\n    <div class=\"item-date\">13. 2. 2026<\/div><div class=\"item-loc\">Liptov region<\/div><div class=\"item-excerpt\">When\u2019s the perfect time to head for the mountains with family or friends? Right now. If you\u2019re looking for a...<br>     <img decoding=\"async\" src=\"https:\/\/www.visitliptov.sk\/wp-content\/uploads\/2025\/04\/readtime.svg\" alt=\"Reading time\" style=\"display: inline-block;margin-top: -2px;margin-right: 2px;width: 16px;height: 16px;\"> 4 min<\/div>     <\/div>\r\n   <\/a>\r\n  <a class=\"list-item\"   href=\"https:\/\/www.visitliptov.sk\/en\/2026\/02\/05\/spring-holidays-with-the-kids-experiences-theyll-remember\/\"  >\r\n        <div class=\"thumb\"\r\n      style=\"background-image:url('https:\/\/www.visitliptov.sk\/wp-content\/uploads\/2025\/12\/LIPTOV-S-DETMI_sanky_rodina_krivan_sneh_2026_Kikkinder_zima_small01-17-600x400.jpg')\">\r\n\t\t\t        <span style='display:none' class=\"favorite-btn  js_favorite-inline-ajax\"\r\n              data-id=\"696661\"\r\n\t\t>&hearts;<\/span>\r\n\t      <div class=\"item-cat\">Blog<\/div>    <\/div>\r\n\r\n    <div class=\"item-meta\">\r\n    <div class=\"item-title\">\r\n\t\t  Spring holidays with the kids: experiences they\u2019ll remember    <\/div>\r\n\r\n    <div class=\"item-date\">5. 2. 2026<\/div><div class=\"item-loc\">Liptov region<\/div><div class=\"item-excerpt\">Spring holidays are spring by name, but often still wintry by nature. That makes them a perfect chance to enjoy...<br>     <img decoding=\"async\" src=\"https:\/\/www.visitliptov.sk\/wp-content\/uploads\/2025\/04\/readtime.svg\" alt=\"Reading time\" style=\"display: inline-block;margin-top: -2px;margin-right: 2px;width: 16px;height: 16px;\"> 7 min<\/div>     <\/div>\r\n   <\/a>\r\n  <a class=\"list-item\"   href=\"https:\/\/www.visitliptov.sk\/en\/2026\/01\/27\/a-valentines-weekend-in-liptov-to-remember\/\"  >\r\n        <div class=\"thumb\"\r\n      style=\"background-image:url('https:\/\/www.visitliptov.sk\/wp-content\/uploads\/2016\/01\/TATRALANDIA_keltsky-saunovy-svet_relax_wellness_2023-53small_-600x400.jpg')\">\r\n\t\t\t        <span style='display:none' class=\"favorite-btn  js_favorite-inline-ajax\"\r\n              data-id=\"696669\"\r\n\t\t>&hearts;<\/span>\r\n\t      <div class=\"item-cat\">Blog<\/div>    <\/div>\r\n\r\n    <div class=\"item-meta\">\r\n    <div class=\"item-title\">\r\n\t\t  A Valentine\u2019s weekend in Liptov to remember    <\/div>\r\n\r\n    <div class=\"item-date\">27. 1. 2026<\/div><div class=\"item-loc\">Liptov region<\/div><div class=\"item-excerpt\">Planning a Valentine\u2019s weekend in Liptov and looking for a place where romance, wellness, and beautiful natural...<br>     <img decoding=\"async\" src=\"https:\/\/www.visitliptov.sk\/wp-content\/uploads\/2025\/04\/readtime.svg\" alt=\"Reading time\" style=\"display: inline-block;margin-top: -2px;margin-right: 2px;width: 16px;height: 16px;\"> 4 min<\/div>     <\/div>\r\n   <\/a>\r\n  <a class=\"list-item\"   href=\"https:\/\/www.visitliptov.sk\/en\/2026\/01\/14\/a-weekend-with-the-kids-in-liptov\/\"  >\r\n        <div class=\"thumb\"\r\n      style=\"background-image:url('https:\/\/www.visitliptov.sk\/wp-content\/uploads\/2023\/12\/deti-zima-liptov-3-600x399.jpg')\">\r\n\t\t\t        <span style='display:none' class=\"favorite-btn  js_favorite-inline-ajax\"\r\n              data-id=\"696665\"\r\n\t\t>&hearts;<\/span>\r\n\t      <div class=\"item-cat\">Blog<\/div>    <\/div>\r\n\r\n    <div class=\"item-meta\">\r\n    <div class=\"item-title\">\r\n\t\t  A weekend with the kids in Liptov    <\/div>\r\n\r\n    <div class=\"item-date\">14. 1. 2026<\/div><div class=\"item-loc\">Liptov region<\/div><div class=\"item-excerpt\">Winter is magical. White hills and the frozen expanse of the Liptovsk\u00e1 Mara reservoir set the scene. Take the kids...<br>     <img decoding=\"async\" src=\"https:\/\/www.visitliptov.sk\/wp-content\/uploads\/2025\/04\/readtime.svg\" alt=\"Reading time\" style=\"display: inline-block;margin-top: -2px;margin-right: 2px;width: 16px;height: 16px;\"> 6 min<\/div>     <\/div>\r\n   <\/a>\r\n  <a class=\"list-item\"   href=\"https:\/\/www.visitliptov.sk\/en\/2025\/12\/25\/new-direct-flight-route-gdansk-poprad-tatry\/\"  >\r\n        <div class=\"thumb\"\r\n      style=\"background-image:url('https:\/\/www.visitliptov.sk\/wp-content\/uploads\/2025\/10\/linka-Gdansk_letisko-Poprad-1-600x338.jpg')\">\r\n\t\t\t        <span style='display:none' class=\"favorite-btn  js_favorite-inline-ajax\"\r\n              data-id=\"691914\"\r\n\t\t>&hearts;<\/span>\r\n\t      <div class=\"item-cat\">Press news<\/div>    <\/div>\r\n\r\n    <div class=\"item-meta\">\r\n    <div class=\"item-title\">\r\n\t\t  NEW DIRECT FLIGHT ROUTE Gdansk \u2013 Poprad-Tatry    <\/div>\r\n\r\n    <div class=\"item-date\">25. 12. 2025<\/div><div class=\"item-loc\">Liptov region<\/div><div class=\"item-excerpt\">Poprad-Tatry Airport and the airline Wizz Air today launched a direct, regular air connection between Poprad and the...<br>     <img decoding=\"async\" src=\"https:\/\/www.visitliptov.sk\/wp-content\/uploads\/2025\/04\/readtime.svg\" alt=\"Reading time\" style=\"display: inline-block;margin-top: -2px;margin-right: 2px;width: 16px;height: 16px;\"> 5 min<\/div>     <\/div>\r\n   <\/a>\r\n  <a class=\"list-item\"   href=\"https:\/\/www.visitliptov.sk\/en\/2025\/10\/20\/supporting-your-immunity-at-the-spa-lucky\/\"  >\r\n        <div class=\"thumb\"\r\n      style=\"background-image:url('https:\/\/www.visitliptov.sk\/wp-content\/uploads\/2022\/05\/KUPELE-LUCKY_aqua-vital-park_relax_wellness_jesen-2023-43small_-600x400.jpg')\">\r\n\t\t\t        <span style='display:none' class=\"favorite-btn  js_favorite-inline-ajax\"\r\n              data-id=\"687014\"\r\n\t\t>&hearts;<\/span>\r\n\t      <div class=\"item-cat\">Blog<\/div>    <\/div>\r\n\r\n    <div class=\"item-meta\">\r\n    <div class=\"item-title\">\r\n\t\t  Supporting your immunity at the spa    <\/div>\r\n\r\n    <div class=\"item-date\">20. 10. 2025<\/div><div class=\"item-loc\">Liptov region<\/div><div class=\"item-excerpt\">How can you strengthen your immunity \u2013 and why can a stay at Spa L\u00fa\u010dky in Liptov benefit you?Cooler weather...<br>     <img decoding=\"async\" src=\"https:\/\/www.visitliptov.sk\/wp-content\/uploads\/2025\/04\/readtime.svg\" alt=\"Reading time\" style=\"display: inline-block;margin-top: -2px;margin-right: 2px;width: 16px;height: 16px;\"> 3 min<\/div>     <\/div>\r\n   <\/a>\r\n  <a class=\"list-item\"   href=\"https:\/\/www.visitliptov.sk\/en\/2025\/10\/02\/wellness-breaks-for-less\/\"  >\r\n        <div class=\"thumb\"\r\n      style=\"background-image:url('https:\/\/www.visitliptov.sk\/wp-content\/uploads\/2025\/10\/LIPTOV-region-card-wellness-1-600x338.jpg')\">\r\n\t\t\t        <span style='display:none' class=\"favorite-btn  js_favorite-inline-ajax\"\r\n              data-id=\"687017\"\r\n\t\t>&hearts;<\/span>\r\n\t      <div class=\"item-cat\">Blog<\/div>    <\/div>\r\n\r\n    <div class=\"item-meta\">\r\n    <div class=\"item-title\">\r\n\t\t  Wellness Breaks for Less    <\/div>\r\n\r\n    <div class=\"item-date\">2. 10. 2025<\/div><div class=\"item-loc\">Liptov region<\/div><div class=\"item-excerpt\">Liptov is home to thermal springs that make it a haven of relaxation all year round. If you\u2019re planning a...<br>     <img decoding=\"async\" src=\"https:\/\/www.visitliptov.sk\/wp-content\/uploads\/2025\/04\/readtime.svg\" alt=\"Reading time\" style=\"display: inline-block;margin-top: -2px;margin-right: 2px;width: 16px;height: 16px;\"> 4 min<\/div>     <\/div>\r\n   <\/a>\r\n  <a class=\"list-item\"   href=\"https:\/\/www.visitliptov.sk\/en\/2025\/09\/22\/where-to-fly-a-kite-in-liptov\/\"  >\r\n        <div class=\"thumb\"\r\n      style=\"background-image:url('https:\/\/www.visitliptov.sk\/wp-content\/uploads\/2023\/10\/sarkaniada-liptovsky-mikulas-600x400.jpg')\">\r\n\t\t\t        <span style='display:none' class=\"favorite-btn  js_favorite-inline-ajax\"\r\n              data-id=\"687019\"\r\n\t\t>&hearts;<\/span>\r\n\t      <div class=\"item-cat\">Blog<\/div>    <\/div>\r\n\r\n    <div class=\"item-meta\">\r\n    <div class=\"item-title\">\r\n\t\t  Where to fly a kite in Liptov    <\/div>\r\n\r\n    <div class=\"item-date\">22. 9. 2025<\/div><div class=\"item-loc\">Liptov region<\/div><div class=\"item-excerpt\">Autumn in Liptov isn\u2019t only about hiking, colourful leaves, and cooler days. It\u2019s also the perfect time for one of...<br>     <img decoding=\"async\" src=\"https:\/\/www.visitliptov.sk\/wp-content\/uploads\/2025\/04\/readtime.svg\" alt=\"Reading time\" style=\"display: inline-block;margin-top: -2px;margin-right: 2px;width: 16px;height: 16px;\"> 3 min<\/div>     <\/div>\r\n   <\/a>\r\n  <a class=\"list-item\"   href=\"https:\/\/www.visitliptov.sk\/en\/2025\/09\/16\/autumn-hiking-trails-you-have-to-try-in-liptov\/\"  >\r\n        <div class=\"thumb\"\r\n      style=\"background-image:url('https:\/\/www.visitliptov.sk\/wp-content\/uploads\/2018\/03\/PRIRODA_TURISTIKA_Zapadne-Tatry_Klin_jesen_Jessika-Zakova_2024-12_small-600x375.jpg')\">\r\n\t\t\t        <span style='display:none' class=\"favorite-btn  js_favorite-inline-ajax\"\r\n              data-id=\"687025\"\r\n\t\t>&hearts;<\/span>\r\n\t      <div class=\"item-cat\">Blog<\/div>    <\/div>\r\n\r\n    <div class=\"item-meta\">\r\n    <div class=\"item-title\">\r\n\t\t  Autumn hiking trails you have to try in Liptov    <\/div>\r\n\r\n    <div class=\"item-date\">16. 9. 2025<\/div><div class=\"item-loc\">Jasn\u00e1<\/div><div class=\"item-excerpt\">Autumn in Liptov has a charm all its own \u2013 the mountains glow in shades of gold and red, the...<br>     <img decoding=\"async\" src=\"https:\/\/www.visitliptov.sk\/wp-content\/uploads\/2025\/04\/readtime.svg\" alt=\"Reading time\" style=\"display: inline-block;margin-top: -2px;margin-right: 2px;width: 16px;height: 16px;\"> 8 min<\/div>     <\/div>\r\n   <\/a>\r\n  <a class=\"list-item\"   href=\"https:\/\/www.visitliptov.sk\/en\/2025\/08\/25\/discover-demanovska-valley-a-place-full-of-family-experiences\/\"  >\r\n        <div class=\"thumb\"\r\n      style=\"background-image:url('https:\/\/www.visitliptov.sk\/wp-content\/uploads\/2025\/08\/Pribeh-vody-resampled-demanovska-dolina-600x450.jpg')\">\r\n\t\t\t        <span style='display:none' class=\"favorite-btn  js_favorite-inline-ajax\"\r\n              data-id=\"673664\"\r\n\t\t>&hearts;<\/span>\r\n\t      <div class=\"item-cat\">Blog<\/div>    <\/div>\r\n\r\n    <div class=\"item-meta\">\r\n    <div class=\"item-title\">\r\n\t\t  Discover Dem\u00e4novsk\u00e1 Valley \u2013 a place full of family experiences    <\/div>\r\n\r\n    <div class=\"item-date\">25. 8. 2025<\/div><div class=\"item-loc\">Jasn\u00e1<\/div><div class=\"item-excerpt\">Forget the idea that Dem\u00e4novsk\u00e1 Valley is only a winter paradise for skiers. In summer it becomes a vibrant holiday...<br>     <img decoding=\"async\" src=\"https:\/\/www.visitliptov.sk\/wp-content\/uploads\/2025\/04\/readtime.svg\" alt=\"Reading time\" style=\"display: inline-block;margin-top: -2px;margin-right: 2px;width: 16px;height: 16px;\"> 5 min<\/div>     <\/div>\r\n   <\/a>\r\n  <a class=\"list-item\"   href=\"https:\/\/www.visitliptov.sk\/en\/2025\/08\/14\/exploring-liptov-with-the-tourist-pass-three-days-packed-with-adventure\/\"  >\r\n        <div class=\"thumb\"\r\n      style=\"background-image:url('https:\/\/www.visitliptov.sk\/wp-content\/uploads\/2025\/08\/ruzombersky-pas-2025-2-600x338.jpg')\">\r\n\t\t\t        <span style='display:none' class=\"favorite-btn  js_favorite-inline-ajax\"\r\n              data-id=\"687383\"\r\n\t\t>&hearts;<\/span>\r\n\t      <div class=\"item-cat\">Blog<\/div>    <\/div>\r\n\r\n    <div class=\"item-meta\">\r\n    <div class=\"item-title\">\r\n\t\t  Exploring Liptov with the Tourist Pass \u2013 three days packed with adventure    <\/div>\r\n\r\n    <div class=\"item-date\">14. 8. 2025<\/div><div class=\"item-loc\">Ru\u017eomberok<\/div><div class=\"item-excerpt\">Liptov has a magic all its own \u2013 high mountains, clear rivers, traditional villages, and places where time seems to...<br>     <img decoding=\"async\" src=\"https:\/\/www.visitliptov.sk\/wp-content\/uploads\/2025\/04\/readtime.svg\" alt=\"Reading time\" style=\"display: inline-block;margin-top: -2px;margin-right: 2px;width: 16px;height: 16px;\"> 3 min<\/div>     <\/div>\r\n   <\/a>\r\n  <a class=\"list-item\"   href=\"https:\/\/www.visitliptov.sk\/en\/2025\/07\/17\/6-tips-for-fun-in-liptovsky-mikulas\/\"  >\r\n        <div class=\"thumb\"\r\n      style=\"background-image:url('https:\/\/www.visitliptov.sk\/wp-content\/uploads\/2024\/03\/LIPT-MIKULAS_centrum_leto_s-detmi_kocr_2023_Kohler-47-600x400.jpg')\">\r\n\t\t\t        <span style='display:none' class=\"favorite-btn  js_favorite-inline-ajax\"\r\n              data-id=\"665411\"\r\n\t\t>&hearts;<\/span>\r\n\t      <div class=\"item-cat\">Blog<\/div>    <\/div>\r\n\r\n    <div class=\"item-meta\">\r\n    <div class=\"item-title\">\r\n\t\t  6 tips for fun in Liptovsk\u00fd Mikul\u00e1\u0161    <\/div>\r\n\r\n    <div class=\"item-date\">17. 7. 2025<\/div><div class=\"item-loc\">Liptovsk\u00fd Mikul\u00e1\u0161<\/div><div class=\"item-excerpt\">Fun, sport, adrenaline, and relaxation \u2013 you\u2019ll find it all in Liptovsk\u00fd Mikul\u00e1\u0161, the perfect place for a family...<br>     <img decoding=\"async\" src=\"https:\/\/www.visitliptov.sk\/wp-content\/uploads\/2025\/04\/readtime.svg\" alt=\"Reading time\" style=\"display: inline-block;margin-top: -2px;margin-right: 2px;width: 16px;height: 16px;\"> 5 min<\/div>     <\/div>\r\n   <\/a>\r\n  <a class=\"list-item\"   href=\"https:\/\/www.visitliptov.sk\/en\/2025\/07\/16\/fun-outdoor-games\/\"  >\r\n        <div class=\"thumb\"\r\n      style=\"background-image:url('https:\/\/www.visitliptov.sk\/wp-content\/uploads\/2025\/06\/hybajko-foto-magurka-600x400.webp')\">\r\n\t\t\t        <span style='display:none' class=\"favorite-btn  js_favorite-inline-ajax\"\r\n              data-id=\"661866\"\r\n\t\t>&hearts;<\/span>\r\n\t      <div class=\"item-cat\">Blog<\/div>    <\/div>\r\n\r\n    <div class=\"item-meta\">\r\n    <div class=\"item-title\">\r\n\t\t  Fun outdoor games    <\/div>\r\n\r\n    <div class=\"item-date\">16. 7. 2025<\/div><div class=\"item-loc\">Liptov region<\/div><div class=\"item-excerpt\">\u010co tak vyda\u0165 sa na fascinuj\u00facu cestu hist\u00f3riou a kult\u00farou Liptova? S Liptov Region Card m\u00f4\u017eete vyu\u017ei\u0165 v\u00fdhody...<br>     <img decoding=\"async\" src=\"https:\/\/www.visitliptov.sk\/wp-content\/uploads\/2025\/04\/readtime.svg\" alt=\"Reading time\" style=\"display: inline-block;margin-top: -2px;margin-right: 2px;width: 16px;height: 16px;\"> 6 min<\/div>     <\/div>\r\n   <\/a>\r\n  <a class=\"list-item\"   href=\"https:\/\/www.visitliptov.sk\/en\/2025\/07\/03\/where-to-go-with-children-in-hrabovska-dolina\/\"  >\r\n        <div class=\"thumb\"\r\n      style=\"background-image:url('https:\/\/www.visitliptov.sk\/wp-content\/uploads\/2017\/05\/Hrabovo_leto_shutterstock_2540251645_resize-600x400.jpg')\">\r\n\t\t\t        <span style='display:none' class=\"favorite-btn  js_favorite-inline-ajax\"\r\n              data-id=\"657664\"\r\n\t\t>&hearts;<\/span>\r\n\t      <div class=\"item-cat\">Blog<\/div>    <\/div>\r\n\r\n    <div class=\"item-meta\">\r\n    <div class=\"item-title\">\r\n\t\t  Where to go with children in Hrabovsk\u00e1 dolina    <\/div>\r\n\r\n    <div class=\"item-date\">3. 7. 2025<\/div><div class=\"item-loc\">Ru\u017eomberok<\/div><div class=\"item-excerpt\">\u010co tak vyda\u0165 sa na fascinuj\u00facu cestu hist\u00f3riou a kult\u00farou Liptova? S Liptov Region Card m\u00f4\u017eete vyu\u017ei\u0165 v\u00fdhody...<br>     <img decoding=\"async\" src=\"https:\/\/www.visitliptov.sk\/wp-content\/uploads\/2025\/04\/readtime.svg\" alt=\"Reading time\" style=\"display: inline-block;margin-top: -2px;margin-right: 2px;width: 16px;height: 16px;\"> 4 min<\/div>     <\/div>\r\n   <\/a>\r\n<\/div>\t\t\t<div class=\"facetwp-pager\"><\/div>        <\/div>\r\n\r\n        <div class=\"blog-contact\">\r\n            <strong>Contact<\/strong>\r\n\t\t\t<p>OOCR Region Liptov<\/p>\n<ul>\n<li>\u0160t\u00farova 1989 \/ 41 031 01<br \/>\nLiptovsk\u00fd Mikul\u00e1\u0161<\/li>\n<li>+421 918 580 205<\/li>\n<li>Email: <a href=\"mailto:sarafinova@visitliptov.sk\">sarafinova@visitliptov.sk<\/a><\/li>\n<\/ul>\n        <\/div>\r\n\r\n        <div class=\"blog-most-read\">\r\n        <div>\r\n    <h2>TOP<\/h2>\r\n    <p>No posts found.<\/p><\/div>\r\n        <\/div>\r\n    <\/div>\r\n\t\n","protected":false},"excerpt":{"rendered":"","protected":false},"author":1,"featured_media":0,"parent":30195,"menu_order":0,"comment_status":"closed","ping_status":"closed","template":"","meta":{"_acf_changed":false,"inline_featured_image":false,"episode_type":"","audio_file":"","cover_image":"","cover_image_id":"","duration":"","filesize":"","date_recorded":"","explicit":"","block":"","filesize_raw":"","_jf_limit_responses":"","footnotes":""},"class_list":["post-29052","page","type-page","status-publish","hentry"],"acf":{"vyhradny_obrazok":false,"second_feature_image":"","search_top_keywords":""},"wpml_translations_detailed":{"sk":{"id":5860,"title":"Spr\u00e1vy z Liptova","url":"https:\/\/www.visitliptov.sk\/o-liptove\/spravy-z-liptova\/","api_url":"https:\/\/www.visitliptov.sk\/en\/wp-json\/wp\/v2\/page\/5860","status":"publish","excerpt":"","content":"<!-- wp:paragraph -->\n<p>[blog ids=\"694692,692434,,672731,690084,\"]<\/p>\n<!-- \/wp:paragraph -->\n\n<!-- wp:paragraph -->\n<p><\/p>\n<!-- \/wp:paragraph -->","featured_media":0,"featured_media_url":null,"images_gallery_urls":[],"fotka_1_url":null,"fotka_2_url":null,"fotka_3_url":null,"fotka_4_url":null,"fotka_5_url":null,"fotka_6_url":null,"fotka_7_url":null,"fotka_8_url":null},"en":{"id":29052,"title":"News from Liptov","url":"https:\/\/www.visitliptov.sk\/en\/about-liptov\/news-from-liptov\/","api_url":"https:\/\/www.visitliptov.sk\/en\/wp-json\/wp\/v2\/page\/29052","status":"publish","excerpt":"","content":"<!-- wp:paragraph -->\n<p>[blog]<\/p>\n<!-- \/wp:paragraph -->","featured_media":0,"featured_media_url":null,"images_gallery_urls":[],"fotka_1_url":null,"fotka_2_url":null,"fotka_3_url":null,"fotka_4_url":null,"fotka_5_url":null,"fotka_6_url":null,"fotka_7_url":null,"fotka_8_url":null},"pl":{"id":91571,"title":"Wiadomo\u015bci z Liptowa","url":"https:\/\/www.visitliptov.sk\/pl\/wiadomosci-z-liptowa\/","api_url":"https:\/\/www.visitliptov.sk\/en\/wp-json\/wp\/v2\/page\/91571","status":"publish","excerpt":"","content":"<!-- wp:paragraph -->\n<p>[blog]<\/p>\n<!-- \/wp:paragraph -->","featured_media":0,"featured_media_url":null,"images_gallery_urls":[],"fotka_1_url":null,"fotka_2_url":null,"fotka_3_url":null,"fotka_4_url":null,"fotka_5_url":null,"fotka_6_url":null,"fotka_7_url":null,"fotka_8_url":null},"ru":{"id":101840,"title":"\u041d\u043e\u0432\u043e\u0441\u0442\u0438 \u043e\u0442 \u041b\u0438\u043f\u0442\u043e\u0432\u0430","url":"https:\/\/www.visitliptov.sk\/ru\/%d0%be-%d0%bb%d0%b8%d0%bf%d1%82%d0%be%d0%b2%d0%be\/%d0%bd%d0%be%d0%b2%d0%be%d1%81%d1%82%d0%b8-%d0%be%d1%82-%d0%bb%d0%b8%d0%bf%d1%82%d0%be%d0%b2%d0%b0\/","api_url":"https:\/\/www.visitliptov.sk\/en\/wp-json\/wp\/v2\/page\/101840","status":"publish","excerpt":"","content":"<!-- wp:paragraph -->\n<p>[blog]<\/p>\n<!-- \/wp:paragraph -->","featured_media":0,"featured_media_url":null,"images_gallery_urls":[],"fotka_1_url":null,"fotka_2_url":null,"fotka_3_url":null,"fotka_4_url":null,"fotka_5_url":null,"fotka_6_url":null,"fotka_7_url":null,"fotka_8_url":null}},"_links":{"self":[{"href":"https:\/\/www.visitliptov.sk\/en\/wp-json\/wp\/v2\/pages\/29052"}],"collection":[{"href":"https:\/\/www.visitliptov.sk\/en\/wp-json\/wp\/v2\/pages"}],"about":[{"href":"https:\/\/www.visitliptov.sk\/en\/wp-json\/wp\/v2\/types\/page"}],"author":[{"embeddable":true,"href":"https:\/\/www.visitliptov.sk\/en\/wp-json\/wp\/v2\/users\/1"}],"replies":[{"embeddable":true,"href":"https:\/\/www.visitliptov.sk\/en\/wp-json\/wp\/v2\/comments?post=29052"}],"version-history":[{"count":0,"href":"https:\/\/www.visitliptov.sk\/en\/wp-json\/wp\/v2\/pages\/29052\/revisions"}],"up":[{"embeddable":true,"href":"https:\/\/www.visitliptov.sk\/en\/wp-json\/wp\/v2\/pages\/30195"}],"wp:attachment":[{"href":"https:\/\/www.visitliptov.sk\/en\/wp-json\/wp\/v2\/media?parent=29052"}],"curies":[{"name":"wp","href":"https:\/\/api.w.org\/{rel}","templated":true}]}}