{"id":197597,"date":"2021-05-21T12:50:44","date_gmt":"2021-05-21T10:50:44","guid":{"rendered":"https:\/\/www.visitliptov.sk\/gastronomia-na-liptove\/"},"modified":"2022-10-02T12:05:00","modified_gmt":"2022-10-02T10:05:00","slug":"gastronomy-in-liptov","status":"publish","type":"page","link":"https:\/\/www.visitliptov.sk\/en\/gastronomy-in-liptov\/","title":{"rendered":"Gastronomy in Liptov"},"content":{"rendered":"\n<h2 class=\"wp-block-heading\"><\/h2>\n\n\n\n<div class=\"wp-block-cover alignfull has-background-dim-10 has-background-dim\" style=\"background-image:url(https:\/\/www.visitliptov.sk\/wp-content\/uploads\/2021\/05\/bryndza-1369300_1920.jpg);min-height:600px;aspect-ratio:unset;\"><div class=\"wp-block-cover__inner-container is-layout-flow wp-block-cover-is-layout-flow\">\n<h1 class=\"has-text-align-center wp-block-heading\"><strong>Gastronomy in Liptov<\/strong><\/h1>\n<\/div><\/div>\n\n\n\n<h3 class=\"wp-block-heading\"><strong><strong>PLEASURE FOR THE EYES AND THE PALATE<\/strong><\/strong><\/h3>\n\n\n\n<p>The Liptov region is known for its excellent cuisine and high-quality dishes. From exclusive restaurants to restaurants serving traditional cuisine, Liptov offers a wide range of dining options for even the fussiest of eaters.<\/p>\n\n\n\n<p>Foreign cuisine restaurants sourcing their ingredients from local producers as well as traditional kolibas (traditional Slovak-style restaurants) and sala\u0161es (sheep dairy farms) offering local specialities and dishes based on traditional recipes from grandmothers with the main ingredients being goat and sheep milk, cheese, potatoes and cabbage. If you want to get a true taste of Liptov, you have to try Liptovsk\u00e1 bryndza (special sheep cheese), \u017ein\u010dica (boiled sheep whey), korb\u00e1\u010diky (braids made of salted sheep cheese) and liptovsk\u00e9 droby (unique kind of a sausage made using traditional methods).<\/p>\n\n\n<div class=\"ns_mosaic\">\r\n\r\n  <a class=\"list-item ns_mosaic_right thumb ns_mosaic_right_banner\" style=\"background-image:url('https:\/\/www.visitliptov.sk\/wp-content\/uploads\/2021\/06\/droby_192.jpg')\" href=\"https:\/\/www.visitliptov.sk\/en\/liptovske-droby\/\">\r\n    \r\n        <span class=\"item-title\">Liptovsk\u00e9 droby<\/span>\r\n      <\/a>\r\n\r\n  <div class=\"ns_mosaic_top\">\r\n\r\n    <a class=\"list-item\" style=\"background-image:url('https:\/\/www.visitliptov.sk\/wp-content\/uploads\/2021\/05\/Liptovskahviezda.jpg')\" href=\"https:\/\/www.visitliptov.sk\/en\/about-liptov\/liptovska-hviezda-quality-award-in-liptov\/\">\r\n                  <span class=\"item-title\">Liptovsk\u00e1 hviezda quality award<\/span>\r\n                <\/a>\r\n  <\/div>\r\n\r\n  <div class=\"ns_mosaic_left\">\r\n\r\n    <a class=\"list-item\" style=\"background-image:url('https:\/\/www.visitliptov.sk\/wp-content\/uploads\/2021\/05\/Liptovska-hviezda2.jpg')\" href=\"https:\/\/www.visitliptov.sk\/en\/experiences\/where-to-eat-and-drink\/?_where-to-eat-cat=restaurants-cafes-traditional-cuisine\">\r\n                  <span class=\"item-title\">Restaurants, bars, caf\u00e9s <\/span>\r\n          <\/a>\r\n\r\n    <a class=\"list-item\" style=\"background-image:url('https:\/\/www.visitliptov.sk\/wp-content\/uploads\/2021\/05\/Liptovskahviezda8-scaled.jpg')\" href=\"https:\/\/www.visitliptov.sk\/en\/experiences\/where-to-eat-and-drink\/?_where-to-eat-cat=breweries-and-wine-bars\">\r\n                  <span class=\"item-title\">Breweries and wine bars<\/span>\r\n          <\/a>\r\n\r\n    <a class=\"list-item\" style=\"background-image:url('https:\/\/www.visitliptov.sk\/wp-content\/uploads\/2021\/05\/Richtarka_liptovskahviezda-scaled.jpg')\" href=\"https:\/\/www.visitliptov.sk\/en\/experiences\/where-to-eat-and-drink\/?_where-to-eat-cat=sheepfold-and-sheds\">\r\n                  <span class=\"item-title\">Kolibas and sala\u0161es<\/span>\r\n          <\/a>\r\n\r\n  <\/div>\r\n<\/div>\r\n\n\n\n<div class=\"wp-block-columns is-layout-flex wp-container-core-columns-is-layout-1 wp-block-columns-is-layout-flex\">\n<div class=\"wp-block-column is-layout-flow wp-block-column-is-layout-flow\" style=\"flex-basis:66.66%\"><\/div>\n\n\n\n<div class=\"wp-block-column is-layout-flow wp-block-column-is-layout-flow\" style=\"flex-basis:33.33%\"><\/div>\n<\/div>\n\n\n\n<h3 class=\"wp-block-heading\"><\/h3>\n","protected":false},"excerpt":{"rendered":"<p>PLEASURE FOR THE EYES AND THE PALATE The Liptov region is known for its excellent cuisine and high-quality dishes. From &#8230;<\/p>\n","protected":false},"author":15,"featured_media":163824,"parent":0,"menu_order":0,"comment_status":"closed","ping_status":"closed","template":"page_no-title.php","meta":{"_acf_changed":false,"inline_featured_image":false,"episode_type":"","audio_file":"","cover_image":"","cover_image_id":"","duration":"","filesize":"","date_recorded":"","explicit":"","block":"","filesize_raw":"","_jf_limit_responses":"","footnotes":""},"class_list":["post-197597","page","type-page","status-publish","has-post-thumbnail","hentry"],"acf":{"vyhradny_obrazok":false,"second_feature_image":null,"search_top_keywords":""},"wpml_translations_detailed":{"sk":{"id":144302,"title":"Gastron\u00f3mia na Liptove","url":"https:\/\/www.visitliptov.sk\/gastronomia-na-liptove\/","api_url":"https:\/\/www.visitliptov.sk\/en\/wp-json\/wp\/v2\/page\/144302","status":"publish","excerpt":"POTE\u0160ENIE PRE O\u010cI A ZMYSLY Liptovsk\u00fd regi\u00f3n je zn\u00e1my svojou vynikaj\u00facou kuchy\u0148ou a vysokou kvalitou ponuky. Od exkluz\u00edvnych re\u0161taur\u00e1ci\u00ed po ...","content":"<!-- wp:cover {\"url\":\"https:\/\/www.visitliptov.sk\/wp-content\/uploads\/2021\/12\/gastro-1.jpg\",\"id\":163823,\"dimRatio\":10,\"focalPoint\":{\"x\":\"0.46\",\"y\":\"0.40\"},\"minHeight\":600,\"isDark\":false,\"align\":\"full\",\"className\":\"mt-0 mb-0 opacity-1\"} -->\n<div class=\"wp-block-cover alignfull is-light mt-0 mb-0 opacity-1\" style=\"min-height:600px\"><span aria-hidden=\"true\" class=\"wp-block-cover__background has-background-dim-10 has-background-dim\"><\/span><img class=\"wp-block-cover__image-background wp-image-163823\" alt=\"\" src=\"https:\/\/www.visitliptov.sk\/wp-content\/uploads\/2021\/12\/gastro-1.jpg\" style=\"object-position:46% 40%\" data-object-fit=\"cover\" data-object-position=\"46% 40%\"\/><div class=\"wp-block-cover__inner-container\"><!-- wp:heading {\"textAlign\":\"center\",\"level\":1,\"textColor\":\"white\"} -->\n<h1 class=\"wp-block-heading has-text-align-center has-white-color has-text-color\">Gastron\u00f3mia na Liptove<\/h1>\n<!-- \/wp:heading --><\/div><\/div>\n<!-- \/wp:cover -->\n\n<!-- wp:heading {\"level\":3} -->\n<h3 class=\"wp-block-heading\"><strong>POTE\u0160ENIE PRE O\u010cI A ZMYSLY<\/strong><\/h3>\n<!-- \/wp:heading -->\n\n<!-- wp:paragraph -->\n<p>Liptovsk\u00fd regi\u00f3n je zn\u00e1my svojou vynikaj\u00facou kuchy\u0148ou a vysokou kvalitou ponuky. Od exkluz\u00edvnych re\u0161taur\u00e1ci\u00ed po \u0161pecializovan\u00e9 re\u0161taur\u00e1cie s tradi\u010dnou kuchy\u0148ou. Pre gurm\u00e1nov a milovn\u00edkov dobrej kuchyne pon\u00faka Liptov \u0161irok\u00fa \u0161k\u00e1lu v\u00fdberu.<\/p>\n<!-- \/wp:paragraph -->\n\n<!-- wp:paragraph -->\n<p>Modern\u00e1 zahrani\u010dn\u00e1 kuchy\u0148a zo surov\u00edn od lok\u00e1lnych v\u00fdrobcov ale aj tradi\u010dn\u00e9 koliby a sala\u0161e pon\u00fakaj\u00face lok\u00e1lny \u0161peciality a kuchy\u0148u star\u00fdch mater\u00ed zalo\u017eenej na jedl\u00e1ch z kozieho a ov\u010dieho mlieka, syrov, zemiakov a kapusty. Sk\u00faste liptovsk\u00fa bryndzu, \u017ein\u010dicu, korb\u00e1\u010diky \u010di liptovsk\u00e9 droby a ochutnajte tak skuto\u010dn\u00fa chu\u0165 Liptova.<\/p>\n<!-- \/wp:paragraph -->\n\n<!-- wp:acf\/ns-mosaic {\"name\":\"acf\/ns-mosaic\",\"data\":{\"main_block_top_block_title\":\"Ocenenie kvality - Liptovsk\u00e1 hviezda\",\"_main_block_top_block_title\":\"field_5c9a27522c1ca\",\"main_block_top_block_url\":\"https:\/\/www.visitliptov.sk\/o-liptove\/ocenenie-kvality\/\",\"_main_block_top_block_url\":\"field_5c9a27642c1cb\",\"main_block_top_block_location\":\"\",\"_main_block_top_block_location\":\"field_5c9a277c2c1cc\",\"main_block_top_block_discount\":\"\",\"_main_block_top_block_discount\":\"field_5c9a27852c1cd\",\"main_block_top_block_thumbnail\":144318,\"_main_block_top_block_thumbnail\":\"field_5c9a27952c1ce\",\"main_block_top_block\":\"\",\"_main_block_top_block\":\"field_5c9a27452c1c9\",\"main_block_block_1_title\":\"Re\u0161taur\u00e1cie, bary a kaviarne\",\"_main_block_block_1_title\":\"field_5c9a27b52c1d0\",\"main_block_block_1_url\":\"https:\/\/www.visitliptov.sk\/zazitky\/kde-jest-a-pit\/?_where-to-eat-cat=restauracie-kaviarne-tradicna-kuchyna\",\"_main_block_block_1_url\":\"field_5c9a27b52c1d1\",\"main_block_block_1_discount\":\"\",\"_main_block_block_1_discount\":\"field_5c9a27b52c1d3\",\"main_block_block_1_thumbnail\":144306,\"_main_block_block_1_thumbnail\":\"field_5c9a27b52c1d4\",\"main_block_block_1\":\"\",\"_main_block_block_1\":\"field_5c9a27b52c1cf\",\"main_block_block_2_title\":\"Piv\u00e1rne a vin\u00e1rne\",\"_main_block_block_2_title\":\"field_5c9a27cb2c1d6\",\"main_block_block_2_url\":\"https:\/\/www.visitliptov.sk\/zazitky\/kde-jest-a-pit\/?_where-to-eat-cat=pivovary-vinarne\",\"_main_block_block_2_url\":\"field_5c9a27cb2c1d7\",\"main_block_block_2_discount\":\"\",\"_main_block_block_2_discount\":\"field_5c9a27cb2c1d9\",\"main_block_block_2_thumbnail\":144333,\"_main_block_block_2_thumbnail\":\"field_5c9a27cb2c1da\",\"main_block_block_2\":\"\",\"_main_block_block_2\":\"field_5c9a27cb2c1d5\",\"main_block_block_3_title\":\"Koliby a sala\u0161e\",\"_main_block_block_3_title\":\"field_5c9a27cc2c1dc\",\"main_block_block_3_url\":\"https:\/\/www.visitliptov.sk\/zazitky\/kde-jest-a-pit\/?_where-to-eat-cat=salase-a-koliby\",\"_main_block_block_3_url\":\"field_5c9a27cc2c1dd\",\"main_block_block_3_discount\":\"\",\"_main_block_block_3_discount\":\"field_5c9a27cc2c1df\",\"main_block_block_3_thumbnail\":144309,\"_main_block_block_3_thumbnail\":\"field_5c9a27cc2c1e0\",\"main_block_block_3\":\"\",\"_main_block_block_3\":\"field_5c9a27cc2c1db\",\"main_block\":\"\",\"_main_block\":\"field_5c9a2663fe7c7\",\"right_block_title\":\"Liptovsk\u00e9 droby\",\"_right_block_title\":\"field_5c9a26d5fe7c9\",\"right_block_url\":\"https:\/\/www.visitliptov.sk\/liptovske-droby\/\",\"_right_block_url\":\"field_5c9a26e3fe7ca\",\"right_block_discount\":\"\",\"_right_block_discount\":\"field_5c9a2717fe7cc\",\"right_block_thumbnail\":147988,\"_right_block_thumbnail\":\"field_5c9a26effe7cb\",\"right_block_banner\":\"1\",\"_right_block_banner\":\"field_5c9b444ebc027\",\"right_block\":\"\",\"_right_block\":\"field_5c9a26a1fe7c8\"},\"mode\":\"edit\"} \/-->\n\n<!-- wp:columns -->\n<div class=\"wp-block-columns\"><!-- wp:column {\"width\":\"66.66%\"} -->\n<div class=\"wp-block-column\" style=\"flex-basis:66.66%\"><\/div>\n<!-- \/wp:column -->\n\n<!-- wp:column {\"width\":\"33.33%\"} -->\n<div class=\"wp-block-column\" style=\"flex-basis:33.33%\"><\/div>\n<!-- \/wp:column --><\/div>\n<!-- \/wp:columns -->\n\n<!-- wp:heading {\"level\":3} -->\n<h3 class=\"wp-block-heading\"><\/h3>\n<!-- \/wp:heading -->","featured_media":163823,"featured_media_url":"https:\/\/www.visitliptov.sk\/wp-content\/uploads\/2021\/12\/gastro-1-600x400.jpg","images_gallery_urls":[],"fotka_1_url":null,"fotka_2_url":null,"fotka_3_url":null,"fotka_4_url":null,"fotka_5_url":null,"fotka_6_url":null,"fotka_7_url":null,"fotka_8_url":null},"en":{"id":197597,"title":"Gastronomy in Liptov","url":"https:\/\/www.visitliptov.sk\/en\/gastronomy-in-liptov\/","api_url":"https:\/\/www.visitliptov.sk\/en\/wp-json\/wp\/v2\/page\/197597","status":"publish","excerpt":"PLEASURE FOR THE EYES AND THE PALATE The Liptov region is known for its excellent cuisine and high-quality dishes. From ...","content":"<!-- wp:heading -->\n<h2><\/h2>\n<!-- \/wp:heading -->\n\n<!-- wp:cover {\"url\":\"https:\/\/www.visitliptov.sk\/wp-content\/uploads\/2021\/05\/bryndza-1369300_1920.jpg\",\"id\":144303,\"dimRatio\":10,\"minHeight\":600,\"align\":\"full\"} -->\n<div class=\"wp-block-cover alignfull has-background-dim-10 has-background-dim\" style=\"background-image:url(https:\/\/www.visitliptov.sk\/wp-content\/uploads\/2021\/05\/bryndza-1369300_1920.jpg);min-height:600px\"><div class=\"wp-block-cover__inner-container\"><!-- wp:heading {\"textAlign\":\"center\",\"level\":1} -->\n<h1 class=\"has-text-align-center\"><strong>Gastronomy in Liptov<\/strong><\/h1>\n<!-- \/wp:heading --><\/div><\/div>\n<!-- \/wp:cover -->\n\n<!-- wp:heading {\"level\":3} -->\n<h3><strong><strong>PLEASURE FOR THE EYES AND THE PALATE<\/strong><\/strong><\/h3>\n<!-- \/wp:heading -->\n\n<!-- wp:paragraph -->\n<p>The Liptov region is known for its excellent cuisine and high-quality dishes. From exclusive restaurants to restaurants serving traditional cuisine, Liptov offers a wide range of dining options for even the fussiest of eaters.<\/p>\n<!-- \/wp:paragraph -->\n\n<!-- wp:paragraph -->\n<p>Foreign cuisine restaurants sourcing their ingredients from local producers as well as traditional kolibas (traditional Slovak-style restaurants) and sala\u0161es (sheep dairy farms) offering local specialities and dishes based on traditional recipes from grandmothers with the main ingredients being goat and sheep milk, cheese, potatoes and cabbage. If you want to get a true taste of Liptov, you have to try Liptovsk\u00e1 bryndza (special sheep cheese), \u017ein\u010dica (boiled sheep whey), korb\u00e1\u010diky (braids made of salted sheep cheese) and liptovsk\u00e9 droby (unique kind of a sausage made using traditional methods).<\/p>\n<!-- \/wp:paragraph -->\n\n<!-- wp:acf\/ns-mosaic {\"id\":\"block_60a78eac5942a\",\"name\":\"acf\/ns-mosaic\",\"data\":{\"main_block_top_block_title\":\"Liptovsk\u00e1 hviezda quality award\",\"_main_block_top_block_title\":\"field_5c9a27522c1ca\",\"main_block_top_block_url\":\"https:\/\/www.visitliptov.sk\/en\/about-liptov\/liptovska-hviezda-quality-award-in-liptov\/\",\"_main_block_top_block_url\":\"field_5c9a27642c1cb\",\"main_block_top_block_location\":\"\",\"_main_block_top_block_location\":\"field_5c9a277c2c1cc\",\"main_block_top_block_discount\":\"\",\"_main_block_top_block_discount\":\"field_5c9a27852c1cd\",\"main_block_top_block_thumbnail\":144319,\"_main_block_top_block_thumbnail\":\"field_5c9a27952c1ce\",\"main_block_top_block\":\"\",\"_main_block_top_block\":\"field_5c9a27452c1c9\",\"main_block_block_1_title\":\"Restaurants, bars, caf\u00e9s \",\"_main_block_block_1_title\":\"field_5c9a27b52c1d0\",\"main_block_block_1_url\":\"https:\/\/www.visitliptov.sk\/en\/experiences\/where-to-eat-and-drink\/?_where-to-eat-cat=restaurants-cafes-traditional-cuisine\",\"_main_block_block_1_url\":\"field_5c9a27b52c1d1\",\"main_block_block_1_discount\":\"\",\"_main_block_block_1_discount\":\"field_5c9a27b52c1d3\",\"main_block_block_1_thumbnail\":144307,\"_main_block_block_1_thumbnail\":\"field_5c9a27b52c1d4\",\"main_block_block_1\":\"\",\"_main_block_block_1\":\"field_5c9a27b52c1cf\",\"main_block_block_2_title\":\"Breweries and wine bars\",\"_main_block_block_2_title\":\"field_5c9a27cb2c1d6\",\"main_block_block_2_url\":\"https:\/\/www.visitliptov.sk\/en\/experiences\/where-to-eat-and-drink\/?_where-to-eat-cat=breweries-and-wine-bars\",\"_main_block_block_2_url\":\"field_5c9a27cb2c1d7\",\"main_block_block_2_discount\":\"\",\"_main_block_block_2_discount\":\"field_5c9a27cb2c1d9\",\"main_block_block_2_thumbnail\":144334,\"_main_block_block_2_thumbnail\":\"field_5c9a27cb2c1da\",\"main_block_block_2\":\"\",\"_main_block_block_2\":\"field_5c9a27cb2c1d5\",\"main_block_block_3_title\":\"Kolibas and sala\u0161es\",\"_main_block_block_3_title\":\"field_5c9a27cc2c1dc\",\"main_block_block_3_url\":\"https:\/\/www.visitliptov.sk\/en\/experiences\/where-to-eat-and-drink\/?_where-to-eat-cat=sheepfold-and-sheds\",\"_main_block_block_3_url\":\"field_5c9a27cc2c1dd\",\"main_block_block_3_discount\":\"\",\"_main_block_block_3_discount\":\"field_5c9a27cc2c1df\",\"main_block_block_3_thumbnail\":144310,\"_main_block_block_3_thumbnail\":\"field_5c9a27cc2c1e0\",\"main_block_block_3\":\"\",\"_main_block_block_3\":\"field_5c9a27cc2c1db\",\"main_block\":\"\",\"_main_block\":\"field_5c9a2663fe7c7\",\"right_block_title\":\"Liptovsk\u00e9 droby\",\"_right_block_title\":\"field_5c9a26d5fe7c9\",\"right_block_url\":\"https:\/\/www.visitliptov.sk\/en\/liptovske-droby\/\",\"_right_block_url\":\"field_5c9a26e3fe7ca\",\"right_block_discount\":\"\",\"_right_block_discount\":\"field_5c9a2717fe7cc\",\"right_block_thumbnail\":147989,\"_right_block_thumbnail\":\"field_5c9a26effe7cb\",\"right_block_banner\":\"1\",\"_right_block_banner\":\"field_5c9b444ebc027\",\"right_block\":\"\",\"_right_block\":\"field_5c9a26a1fe7c8\"},\"align\":\"\",\"mode\":\"edit\"} \/-->\n\n<!-- wp:columns -->\n<div class=\"wp-block-columns\"><!-- wp:column {\"width\":\"66.66%\"} -->\n<div class=\"wp-block-column\" style=\"flex-basis:66.66%\"><\/div>\n<!-- \/wp:column -->\n\n<!-- wp:column {\"width\":\"33.33%\"} -->\n<div class=\"wp-block-column\" style=\"flex-basis:33.33%\"><\/div>\n<!-- \/wp:column --><\/div>\n<!-- \/wp:columns -->\n\n<!-- wp:heading {\"level\":3} -->\n<h3><\/h3>\n<!-- \/wp:heading -->","featured_media":163824,"featured_media_url":"https:\/\/www.visitliptov.sk\/wp-content\/uploads\/2021\/12\/gastro-1-600x400.jpg","images_gallery_urls":[],"fotka_1_url":null,"fotka_2_url":null,"fotka_3_url":null,"fotka_4_url":null,"fotka_5_url":null,"fotka_6_url":null,"fotka_7_url":null,"fotka_8_url":null},"pl":{"id":197598,"title":"Gastronomia na Liptowie","url":"https:\/\/www.visitliptov.sk\/pl\/gastronomia-na-liptowie\/","api_url":"https:\/\/www.visitliptov.sk\/en\/wp-json\/wp\/v2\/page\/197598","status":"publish","excerpt":"PRZYJEMNO\u015a\u0106 DLA OCZU I&nbsp;ZMYS\u0141\u00d3W Region Liptowski znany jest z doskona\u0142ej kuchni i wysokiej jako\u015bci \u015bwiadczonej oferty. Od ekskluzywnych restauracji po ...","content":"<!-- wp:heading -->\n<h2><\/h2>\n<!-- \/wp:heading -->\n\n<!-- wp:cover {\"url\":\"https:\/\/www.visitliptov.sk\/wp-content\/uploads\/2021\/05\/bryndza-1369300_1920.jpg\",\"id\":144303,\"dimRatio\":10,\"minHeight\":600,\"align\":\"full\"} -->\n<div class=\"wp-block-cover alignfull has-background-dim-10 has-background-dim\" style=\"background-image:url(https:\/\/www.visitliptov.sk\/wp-content\/uploads\/2021\/05\/bryndza-1369300_1920.jpg);min-height:600px\"><div class=\"wp-block-cover__inner-container\"><!-- wp:heading {\"textAlign\":\"center\",\"level\":1} -->\n<h1 class=\"has-text-align-center\"><strong>Gastronomia na Liptowie<\/strong><\/h1>\n<!-- \/wp:heading --><\/div><\/div>\n<!-- \/wp:cover -->\n\n<!-- wp:heading {\"level\":3} -->\n<h3><strong><strong>PRZYJEMNO\u015a\u0106 DLA OCZU I&nbsp;ZMYS\u0141\u00d3W<\/strong><\/strong><\/h3>\n<!-- \/wp:heading -->\n\n<!-- wp:paragraph -->\n<p>Region Liptowski znany jest z doskona\u0142ej kuchni i wysokiej jako\u015bci \u015bwiadczonej oferty. Od ekskluzywnych restauracji po restauracje specjalizuj\u0105ce si\u0119 w kuchni tradycyjnej. Dla smakoszy i mi\u0142o\u015bnik\u00f3w dobrej kuchni Lipt\u00f3w oferuje szeroki wyb\u00f3r gastronomii.<\/p>\n<!-- \/wp:paragraph -->\n\n<!-- wp:paragraph -->\n<p>Nowoczesna kuchnia zagraniczna oparta na sk\u0142adnikach od lokalnych producent\u00f3w, ale tak\u017ce tradycyjne bac\u00f3wki i sza\u0142asy oferuj\u0105ce lokalne specja\u0142y oraz kuchnia bab\u0107 oferuj\u0105ca dania z mleka koziego i owczego, ser\u00f3w, ziemniak\u00f3w i kapusty. Spr\u00f3buj liptowskiej bryndzy, \u017c\u0119czycy, korbaczy lub liptowskich kaszanek faszerowanych ziemniakami i skosztuj prawdziwego smaku Liptowa.<\/p>\n<!-- \/wp:paragraph -->\n\n<!-- wp:acf\/ns-mosaic {\"id\":\"block_60a78eac5942a\",\"name\":\"acf\/ns-mosaic\",\"data\":{\"main_block_top_block_title\":\"Nagroda jako\u015bci \u2013 Gwiazda Liptowska \",\"_main_block_top_block_title\":\"field_5c9a27522c1ca\",\"main_block_top_block_url\":\"https:\/\/www.visitliptov.sk\/pl\/liptovska-hviezda-nagroda-jakosci-na-liptowie\/\",\"_main_block_top_block_url\":\"field_5c9a27642c1cb\",\"main_block_top_block_location\":\"\",\"_main_block_top_block_location\":\"field_5c9a277c2c1cc\",\"main_block_top_block_discount\":\"\",\"_main_block_top_block_discount\":\"field_5c9a27852c1cd\",\"main_block_top_block_thumbnail\":144320,\"_main_block_top_block_thumbnail\":\"field_5c9a27952c1ce\",\"main_block_top_block\":\"\",\"_main_block_top_block\":\"field_5c9a27452c1c9\",\"main_block_block_1_title\":\"Restauracje, bary, kawiarnie\",\"_main_block_block_1_title\":\"field_5c9a27b52c1d0\",\"main_block_block_1_url\":\"https:\/\/www.visitliptov.sk\/pl\/doswiadczenia\/gdzie-jesc-i-pic\/?_where-to-eat-cat=restauracje-kawiarnie-kuchnia-tradycyjna\",\"_main_block_block_1_url\":\"field_5c9a27b52c1d1\",\"main_block_block_1_discount\":\"\",\"_main_block_block_1_discount\":\"field_5c9a27b52c1d3\",\"main_block_block_1_thumbnail\":144308,\"_main_block_block_1_thumbnail\":\"field_5c9a27b52c1d4\",\"main_block_block_1\":\"\",\"_main_block_block_1\":\"field_5c9a27b52c1cf\",\"main_block_block_2_title\":\"Browary i winiarnie \",\"_main_block_block_2_title\":\"field_5c9a27cb2c1d6\",\"main_block_block_2_url\":\"https:\/\/www.visitliptov.sk\/pl\/doswiadczenia\/gdzie-jesc-i-pic\/?_where-to-eat-cat=browary-i-winiarnie\",\"_main_block_block_2_url\":\"field_5c9a27cb2c1d7\",\"main_block_block_2_discount\":\"\",\"_main_block_block_2_discount\":\"field_5c9a27cb2c1d9\",\"main_block_block_2_thumbnail\":144335,\"_main_block_block_2_thumbnail\":\"field_5c9a27cb2c1da\",\"main_block_block_2\":\"\",\"_main_block_block_2\":\"field_5c9a27cb2c1d5\",\"main_block_block_3_title\":\"Bac\u00f3wki i sza\u0142asy \",\"_main_block_block_3_title\":\"field_5c9a27cc2c1dc\",\"main_block_block_3_url\":\"https:\/\/www.visitliptov.sk\/pl\/doswiadczenia\/gdzie-jesc-i-pic\/?_where-to-eat-cat=domki-a-koliby\",\"_main_block_block_3_url\":\"field_5c9a27cc2c1dd\",\"main_block_block_3_discount\":\"\",\"_main_block_block_3_discount\":\"field_5c9a27cc2c1df\",\"main_block_block_3_thumbnail\":144311,\"_main_block_block_3_thumbnail\":\"field_5c9a27cc2c1e0\",\"main_block_block_3\":\"\",\"_main_block_block_3\":\"field_5c9a27cc2c1db\",\"main_block\":\"\",\"_main_block\":\"field_5c9a2663fe7c7\",\"right_block_title\":\"Liptowskie kaszanki faszerowane ziemniakami \",\"_right_block_title\":\"field_5c9a26d5fe7c9\",\"right_block_url\":\"https:\/\/www.visitliptov.sk\/pl\/liptovske-droby\/\",\"_right_block_url\":\"field_5c9a26e3fe7ca\",\"right_block_discount\":\"\",\"_right_block_discount\":\"field_5c9a2717fe7cc\",\"right_block_thumbnail\":147990,\"_right_block_thumbnail\":\"field_5c9a26effe7cb\",\"right_block_banner\":\"1\",\"_right_block_banner\":\"field_5c9b444ebc027\",\"right_block\":\"\",\"_right_block\":\"field_5c9a26a1fe7c8\"},\"align\":\"\",\"mode\":\"edit\"} \/-->\n\n<!-- wp:columns -->\n<div class=\"wp-block-columns\"><!-- wp:column {\"width\":\"66.66%\"} -->\n<div class=\"wp-block-column\" style=\"flex-basis:66.66%\"><\/div>\n<!-- \/wp:column -->\n\n<!-- wp:column {\"width\":\"33.33%\"} -->\n<div class=\"wp-block-column\" style=\"flex-basis:33.33%\"><\/div>\n<!-- \/wp:column --><\/div>\n<!-- \/wp:columns -->\n\n<!-- wp:heading {\"level\":3} -->\n<h3><\/h3>\n<!-- \/wp:heading -->","featured_media":163825,"featured_media_url":"https:\/\/www.visitliptov.sk\/wp-content\/uploads\/2021\/12\/gastro-1-600x400.jpg","images_gallery_urls":[],"fotka_1_url":null,"fotka_2_url":null,"fotka_3_url":null,"fotka_4_url":null,"fotka_5_url":null,"fotka_6_url":null,"fotka_7_url":null,"fotka_8_url":null}},"_links":{"self":[{"href":"https:\/\/www.visitliptov.sk\/en\/wp-json\/wp\/v2\/pages\/197597"}],"collection":[{"href":"https:\/\/www.visitliptov.sk\/en\/wp-json\/wp\/v2\/pages"}],"about":[{"href":"https:\/\/www.visitliptov.sk\/en\/wp-json\/wp\/v2\/types\/page"}],"author":[{"embeddable":true,"href":"https:\/\/www.visitliptov.sk\/en\/wp-json\/wp\/v2\/users\/15"}],"replies":[{"embeddable":true,"href":"https:\/\/www.visitliptov.sk\/en\/wp-json\/wp\/v2\/comments?post=197597"}],"version-history":[{"count":0,"href":"https:\/\/www.visitliptov.sk\/en\/wp-json\/wp\/v2\/pages\/197597\/revisions"}],"wp:featuredmedia":[{"embeddable":true,"href":"https:\/\/www.visitliptov.sk\/en\/wp-json\/wp\/v2\/media\/163824"}],"wp:attachment":[{"href":"https:\/\/www.visitliptov.sk\/en\/wp-json\/wp\/v2\/media?parent=197597"}],"curies":[{"name":"wp","href":"https:\/\/api.w.org\/{rel}","templated":true}]}}