{"id":165619,"date":"2020-02-24T15:49:42","date_gmt":"2020-02-24T14:49:42","guid":{"rendered":"https:\/\/www.visitliptov.sk\/vyhladaj-aktualne-spojenie-skiaqua-bus\/"},"modified":"2025-01-08T12:40:25","modified_gmt":"2025-01-08T11:40:25","slug":"find-a-ski-aqua-bus-connection","status":"publish","type":"page","link":"https:\/\/www.visitliptov.sk\/en\/find-a-ski-aqua-bus-connection\/","title":{"rendered":"Find a SKI &#038; AQUA bus connection"},"content":{"rendered":"\n<div class=\"wp-block-columns has-3-columns is-layout-flex wp-container-core-columns-is-layout-1 wp-block-columns-is-layout-flex\">\n<div class=\"wp-block-column is-layout-flow wp-block-column-is-layout-flow\"><iframe loading=\"lazy\" src=\"\r\nhttps:\/\/oocr-skibus.starbug.eu\/index.html?language=SK&amp;timestamp=1776404675701\" width=\"100%\" height=\"800\"><\/iframe>\n<\/div>\n\n\n\n<div class=\"wp-block-column is-layout-flow wp-block-column-is-layout-flow\"><\/div>\n\n\n\n<div class=\"wp-block-column is-layout-flow wp-block-column-is-layout-flow\"><\/div>\n<\/div>\n","protected":false},"excerpt":{"rendered":"","protected":false},"author":15,"featured_media":165570,"parent":0,"menu_order":0,"comment_status":"closed","ping_status":"closed","template":"","meta":{"_acf_changed":false,"inline_featured_image":false,"episode_type":"","audio_file":"","cover_image":"","cover_image_id":"","duration":"","filesize":"","date_recorded":"","explicit":"","block":"","filesize_raw":"","_jf_limit_responses":"","footnotes":""},"class_list":["post-165619","page","type-page","status-publish","has-post-thumbnail","hentry"],"acf":{"vyhradny_obrazok":"Hlavne nsatavenie","second_feature_image":"","search_top_keywords":""},"wpml_translations_detailed":{"sk":{"id":117137,"title":"Vyh\u013eadaj aktu\u00e1lne spojenie SKI&#038;AQUA bus","url":"https:\/\/www.visitliptov.sk\/vyhladaj-aktualne-spojenie-skiaqua-bus\/","api_url":"https:\/\/www.visitliptov.sk\/en\/wp-json\/wp\/v2\/page\/117137","status":"publish","excerpt":"Vyh\u013ead\u00e1vanie skibus-u","content":"<!-- wp:paragraph -->\n<p>Vyh\u013ead\u00e1vanie skibus-u <\/p>\n<!-- \/wp:paragraph -->\n\n<!-- wp:columns {\"className\":\"has-3-columns\"} -->\n<div class=\"wp-block-columns has-3-columns\"><!-- wp:column -->\n<div class=\"wp-block-column\"><!-- wp:shortcode -->\n[skibus height=\"800\"]\n<!-- \/wp:shortcode --><\/div>\n<!-- \/wp:column -->\n\n<!-- wp:column -->\n<div class=\"wp-block-column\"><\/div>\n<!-- \/wp:column -->\n\n<!-- wp:column -->\n<div class=\"wp-block-column\"><\/div>\n<!-- \/wp:column --><\/div>\n<!-- \/wp:columns -->","featured_media":165569,"featured_media_url":"https:\/\/www.visitliptov.sk\/wp-content\/uploads\/2021\/12\/Skibus-600x503.png","images_gallery_urls":[],"fotka_1_url":null,"fotka_2_url":null,"fotka_3_url":null,"fotka_4_url":null,"fotka_5_url":null,"fotka_6_url":null,"fotka_7_url":null,"fotka_8_url":null},"en":{"id":165619,"title":"Find a SKI &#038; AQUA bus connection","url":"https:\/\/www.visitliptov.sk\/en\/find-a-ski-aqua-bus-connection\/","api_url":"https:\/\/www.visitliptov.sk\/en\/wp-json\/wp\/v2\/page\/165619","status":"publish","excerpt":"","content":"<!-- wp:columns {\"className\":\"has-3-columns\"} -->\n<div class=\"wp-block-columns has-3-columns\"><!-- wp:column -->\n<div class=\"wp-block-column\"><!-- wp:shortcode -->\n[skibus height=\"800\"]\n<!-- \/wp:shortcode --><\/div>\n<!-- \/wp:column -->\n\n<!-- wp:column -->\n<div class=\"wp-block-column\"><\/div>\n<!-- \/wp:column -->\n\n<!-- wp:column -->\n<div class=\"wp-block-column\"><\/div>\n<!-- \/wp:column --><\/div>\n<!-- \/wp:columns -->","featured_media":165570,"featured_media_url":"https:\/\/www.visitliptov.sk\/wp-content\/uploads\/2021\/12\/Skibus-600x503.png","images_gallery_urls":[],"fotka_1_url":null,"fotka_2_url":null,"fotka_3_url":null,"fotka_4_url":null,"fotka_5_url":null,"fotka_6_url":null,"fotka_7_url":null,"fotka_8_url":null},"pl":{"id":165620,"title":"Znajd\u017a po\u0142\u0105czenie autobusowe SKI &#038; AQUA","url":"https:\/\/www.visitliptov.sk\/pl\/znajdz-polaczenie-autobusowe-ski-aqua\/","api_url":"https:\/\/www.visitliptov.sk\/en\/wp-json\/wp\/v2\/page\/165620","status":"publish","excerpt":"","content":"<!-- wp:columns {\"className\":\"has-3-columns\"} -->\n<div class=\"wp-block-columns has-3-columns\"><!-- wp:column -->\n<div class=\"wp-block-column\"><!-- wp:shortcode -->\n[skibus height=\"800\"]\n<!-- \/wp:shortcode --><\/div>\n<!-- \/wp:column -->\n\n<!-- wp:column -->\n<div class=\"wp-block-column\"><\/div>\n<!-- \/wp:column -->\n\n<!-- wp:column -->\n<div class=\"wp-block-column\"><\/div>\n<!-- \/wp:column --><\/div>\n<!-- \/wp:columns -->","featured_media":165571,"featured_media_url":"https:\/\/www.visitliptov.sk\/wp-content\/uploads\/2021\/12\/Skibus-600x503.png","images_gallery_urls":[],"fotka_1_url":null,"fotka_2_url":null,"fotka_3_url":null,"fotka_4_url":null,"fotka_5_url":null,"fotka_6_url":null,"fotka_7_url":null,"fotka_8_url":null}},"_links":{"self":[{"href":"https:\/\/www.visitliptov.sk\/en\/wp-json\/wp\/v2\/pages\/165619"}],"collection":[{"href":"https:\/\/www.visitliptov.sk\/en\/wp-json\/wp\/v2\/pages"}],"about":[{"href":"https:\/\/www.visitliptov.sk\/en\/wp-json\/wp\/v2\/types\/page"}],"author":[{"embeddable":true,"href":"https:\/\/www.visitliptov.sk\/en\/wp-json\/wp\/v2\/users\/15"}],"replies":[{"embeddable":true,"href":"https:\/\/www.visitliptov.sk\/en\/wp-json\/wp\/v2\/comments?post=165619"}],"version-history":[{"count":0,"href":"https:\/\/www.visitliptov.sk\/en\/wp-json\/wp\/v2\/pages\/165619\/revisions"}],"wp:featuredmedia":[{"embeddable":true,"href":"https:\/\/www.visitliptov.sk\/en\/wp-json\/wp\/v2\/media\/165570"}],"wp:attachment":[{"href":"https:\/\/www.visitliptov.sk\/en\/wp-json\/wp\/v2\/media?parent=165619"}],"curies":[{"name":"wp","href":"https:\/\/api.w.org\/{rel}","templated":true}]}}