{"id":133843,"date":"2018-09-12T00:00:00","date_gmt":"2018-09-11T22:00:00","guid":{"rendered":"https:\/\/www.visitliptov.sk\/ochrana-osobnych-udajov-gdpr\/"},"modified":"2021-01-07T10:30:12","modified_gmt":"2021-01-07T09:30:12","slug":"privacy-policy-gdpr","status":"publish","type":"page","link":"https:\/\/www.visitliptov.sk\/en\/privacy-policy-gdpr\/","title":{"rendered":"Privacy policy (GDPR)"},"content":{"rendered":"<p>\n<h1>Privacy policy GDPR<\/h1>\n<p><\/p>\n<h3 style=\"text-align: justify\"><strong>Information on the processing of personal data of the persons concerned pursuant to \u00a719 and \u00a720 of Act No. 18\/2018 Coll. on Personal Data Protection and on Amendments to Certain Acts (hereinafter referred to as the \u201cAct\u201d) and Art. 13 and 14 of Regulation (EU) 2016\/679 of the European Parliament and of the Council on the protection of individuals with regard to the processing of personal data and on the free movement of such data (hereinafter &#8220;the Regulation&#8221;)<\/strong><\/h3>\n<h3 style=\"text-align: justify\">The purpose of this information is to provide you with information about what personal data we process, how we treat it, for what purposes we use it, to whom we can provide it, where you can obtain information about your personal data and exercise your rights when processing personal data.<\/h3>\n<h3 style=\"text-align: justify\"><strong>Identification and contact details:<\/strong><\/h3>\n<h3 style=\"text-align: justify\">The operator processing your personal data is REGION LIPTOV, \u0160t\u00farova 1989\/41, 031 42 Liptovsk\u00fd Mikul\u00e1\u0161, I\u010cO: 42 219 906, +421 55 65 401, info@visitliptov.sk<\/h3>\n<p><\/p>\n<\/p>\n<h3><strong>Documents for publication:<\/strong><\/h3>\n<h3><a href=\"https:\/\/www.visitliptov.sk\/wp-content\/uploads\/2019\/04\/1.-IDO-\u00a719-a-20-IS-personalsitika-a-mzdy-uch\u00e1dza\u010di-o-zamestnanie.pdf\">1. IDO \u00a719 and 20 IS personnel and wage-job seekers<\/a><\/h3>\n<h3><a href=\"https:\/\/www.visitliptov.sk\/wp-content\/uploads\/2019\/04\/2.-IDO-\u00a719-a-20-IS-\u00fa\u010dtovn\u00e9-doklady-faktur\u00e1cia.pdf\">2. IDO \u00a719 and 20 IS accounting documents (invoicing)<\/a><\/h3>\n<h3><a href=\"https:\/\/www.visitliptov.sk\/wp-content\/uploads\/2019\/04\/3.-IDO-\u00a719-a-20-IS-spr\u00e1va-registrat\u00fary.pdf\">3. IDO \u00a719 and 20 IS registry administration3. IDO \u00a719 a 20 IS spr\u00e1va registrat\u00fary<\/a><\/h3>\n<h3><a href=\"https:\/\/www.visitliptov.sk\/wp-content\/uploads\/2019\/04\/4.-IDO-\u00a719-a-20-IS-vernostn\u00fd-program.pdf\">4. IDO \u00a719 and 20 IS loyalty program<\/a><\/h3>\n<h3><a href=\"https:\/\/www.visitliptov.sk\/wp-content\/uploads\/2019\/04\/5.-IDO-\u00a719-a-20-IS-propag\u00e1cia-verejnos\u0165.pdf\">5. IDO \u00a719 and 20 IS promotion5. IDO \u00a719 a 20 IS propag\u00e1cia<\/a><\/h3>\n<h3><a href=\"https:\/\/www.visitliptov.sk\/wp-content\/uploads\/2019\/04\/6.-IDO-\u00a719-a-20-IS-centr\u00e1lny-register-ubytovan\u00fdch.pdf\">6. IDO \u00a719 and 20 IS central register of residents<\/a><\/h3>\n<h3><a href=\"https:\/\/www.visitliptov.sk\/wp-content\/uploads\/2019\/04\/7.-IDO-\u00a719-a-20-IS-evidencia-obchodn\u00fdch-partnerov.pdf\">7. IDO \u00a719 and 20 IS records of business partners<\/a><\/h3>\n<h3><a href=\"https:\/\/www.visitliptov.sk\/wp-content\/uploads\/2019\/04\/8.-IDO-\u00a719-a-20-IS-evidencia-\u010dlenov-predstavenstva.pdf\">8. IDO \u00a719 and 20 IS records of members of the Board of Directors<\/a><\/h3>\n<h3><a href=\"https:\/\/www.visitliptov.sk\/wp-content\/uploads\/2019\/04\/9.-IDO-\u00a719-a-20-IS-zverej\u0148ovanie-zml\u00fav.pdf\">9. IDO \u00a719 and 20 IS disclosure of contracts<\/a><\/h3>\n<h3><a href=\"https:\/\/www.visitliptov.sk\/wp-content\/uploads\/2019\/04\/10.-IDO-\u00a719-a-20-IS-\u017eiadosti-pod\u013ea-z\u00e1kona-o-slobodnom-pr\u00edstupe-k-inform\u00e1ci\u00e1m.pdf\">10. IDO \u00a719 and 20 IS applications according to the Act on Free Access to Information<\/a><\/h3>\n<h3><a href=\"https:\/\/www.visitliptov.sk\/wp-content\/uploads\/2019\/04\/11.-IDO-\u00a719-a-20-IS-s\u00fa\u0165a\u017e.pdf\">11. IDO \u00a719 and 20 IS competition<\/a><\/h3>\n<h3><a href=\"https:\/\/www.visitliptov.sk\/wp-content\/uploads\/2019\/04\/12.-IDO-\u00a719-a-20-IS-verejn\u00e9-obstar\u00e1vanie.pdf\">12. IDO \u00a719 and 20 IS public procurement<\/a><\/h3>\n<h3><\/h3>\n<p>\n<\/p>\n<h2>GDPR Contact person<\/h2>\n<h3><strong>Mgr. Stanislava Rysulov\u00e1<\/strong><\/h3>\n<h3>tel: +421 948 099 212<br \/>\ne-mail: dpo4@proenergy.sk<\/h3>\n<p>\n<\/p>\n\n\n","protected":false},"excerpt":{"rendered":"","protected":false},"author":1,"featured_media":0,"parent":0,"menu_order":0,"comment_status":"open","ping_status":"open","template":"","meta":{"_acf_changed":false,"inline_featured_image":false,"episode_type":"","audio_file":"","cover_image":"","cover_image_id":"","duration":"","filesize":"","date_recorded":"","explicit":"","block":"","filesize_raw":"","_jf_limit_responses":"","footnotes":""},"class_list":["post-133843","page","type-page","status-publish","hentry"],"acf":{"vyhradny_obrazok":false,"second_feature_image":null,"search_top_keywords":""},"wpml_translations_detailed":{"sk":{"id":84162,"title":"Ochrana osobn\u00fdch \u00fadajov (GDPR)","url":"https:\/\/www.visitliptov.sk\/ochrana-osobnych-udajov-gdpr\/","api_url":"https:\/\/www.visitliptov.sk\/en\/wp-json\/wp\/v2\/page\/84162","status":"publish","excerpt":"","content":"[fusion_builder_container hundred_percent=\"no\" equal_height_columns=\"no\" menu_anchor=\"\" hide_on_mobile=\"small-visibility,medium-visibility,large-visibility\" class=\"\" id=\"\" background_color=\"\" background_image=\"\" background_position=\"center center\" background_repeat=\"no-repeat\" fade=\"no\" background_parallax=\"none\" enable_mobile=\"no\" parallax_speed=\"0.3\" video_mp4=\"\" video_webm=\"\" video_ogv=\"\" video_url=\"\" video_aspect_ratio=\"16:9\" video_loop=\"yes\" video_mute=\"yes\" video_preview_image=\"\" border_size=\"\" border_color=\"\" border_style=\"solid\" margin_top=\"\" margin_bottom=\"\" padding_top=\"\" padding_right=\"\" padding_bottom=\"\" padding_left=\"\"][fusion_builder_row][fusion_builder_column type=\"1_1\" layout=\"1_1\" spacing=\"\" center_content=\"no\" hover_type=\"none\" link=\"\" min_height=\"\" hide_on_mobile=\"small-visibility,medium-visibility,large-visibility\" class=\"\" id=\"\" background_color=\"\" background_image=\"\" background_position=\"left top\" background_repeat=\"no-repeat\" border_size=\"0\" border_color=\"\" border_style=\"solid\" border_position=\"all\" padding=\"\" dimension_margin=\"\" animation_type=\"\" animation_direction=\"left\" animation_speed=\"0.3\" animation_offset=\"\" last=\"no\"][fusion_text]\n<h1>Ochrana osobn\u00fdm \u00fadajov GDPR<\/h1>\n[\/fusion_text][fusion_text]\n<h3 style=\"text-align: justify\"><strong>Inform\u00e1cia o&nbsp;sprac\u00favan\u00ed osobn\u00fdch \u00fadajov dotknut\u00fdch os\u00f4b pod\u013ea \u00a719 a&nbsp;\u00a720 Z\u00e1kona \u010d.18\/2018Z.z. o&nbsp;ochrane osobn\u00fdch \u00fadajov a&nbsp;o&nbsp;zmene a&nbsp;doplnen\u00ed niektor\u00fdch z\u00e1konov (\u010falej len \u201ez\u00e1kon\u201c) a&nbsp;\u010dl. 13 a 14 Nariadenia Eur\u00f3pskeho parlamentu a&nbsp;rady (EU) 2016\/679 o&nbsp;ochrane fyzick\u00fdch os\u00f4b pri sprac\u00favan\u00ed osobn\u00fdch \u00fadajov a&nbsp;o&nbsp;vo\u013enom pohybe tak\u00fdchto \u00fadajov (\u010falej len \u201enariadenie\u201c)<\/strong><\/h3>\n<h3 style=\"text-align: justify\">Cie\u013eom tejto inform\u00e1cie je poskytn\u00fa\u0165 V\u00e1m inform\u00e1cie o&nbsp;tom, ak\u00e9 osobn\u00e9 \u00fadaje sprac\u00favame, ako s&nbsp;nimi zaobch\u00e1dzame, na ak\u00e9 \u00fa\u010dely ich pou\u017e\u00edvame, komu ich m\u00f4\u017eeme poskytn\u00fa\u0165, kde m\u00f4\u017eete z\u00edska\u0165 inform\u00e1cie o&nbsp;Va\u0161ich osobn\u00fdch \u00fadajoch a&nbsp;uplatni\u0165 Va\u0161e pr\u00e1va pri sprac\u00favan\u00ed osobn\u00fdch \u00fadajov.<\/h3>\n<h3 style=\"text-align: justify\"><strong>Identifika\u010dn\u00e9 a&nbsp;kontaktn\u00e9 \u00fadaje:<\/strong><\/h3>\n<h3 style=\"text-align: justify\">Prev\u00e1dzkovate\u013eom sprac\u00favaj\u00facim Va\u0161e osobn\u00e9 \u00fadaje je REGION LIPTOV, \u0160t\u00farova 1989\/41, 031 42&nbsp; Liptovsk\u00fd Mikul\u00e1\u0161, I\u010cO: 42&nbsp;219 906, +421 55 65&nbsp;401, info@visitliptov.sk<\/h3>\n[\/fusion_text][\/fusion_builder_column][fusion_builder_column type=\"2_3\" layout=\"1_1\" spacing=\"\" center_content=\"no\" hover_type=\"none\" link=\"\" min_height=\"\" hide_on_mobile=\"small-visibility,medium-visibility,large-visibility\" class=\"\" id=\"\" background_color=\"\" background_image=\"\" background_position=\"left top\" background_repeat=\"no-repeat\" border_size=\"0\" border_color=\"\" border_style=\"solid\" border_position=\"all\" padding=\"\" dimension_margin=\"\" animation_type=\"\" animation_direction=\"left\" animation_speed=\"0.3\" animation_offset=\"\" last=\"no\"][fusion_text]\n<h3><strong>Dokumenty na zverejnenie:<\/strong><\/h3>\n<h3><a href=\"https:\/\/www.visitliptov.sk\/wp-content\/uploads\/2019\/04\/1.-IDO-\u00a719-a-20-IS-personalsitika-a-mzdy-uch\u00e1dza\u010di-o-zamestnanie.pdf\">1. IDO \u00a719 a 20 IS personalsitika a mzdy-uch\u00e1dza\u010di o zamestnanie<\/a><\/h3>\n<h3><a href=\"https:\/\/www.visitliptov.sk\/wp-content\/uploads\/2019\/04\/2.-IDO-\u00a719-a-20-IS-\u00fa\u010dtovn\u00e9-doklady-faktur\u00e1cia.pdf\">2. IDO \u00a719 a 20 IS \u00fa\u010dtovn\u00e9 doklady (faktur\u00e1cia)<\/a><\/h3>\n<h3><a href=\"https:\/\/www.visitliptov.sk\/wp-content\/uploads\/2019\/04\/3.-IDO-\u00a719-a-20-IS-spr\u00e1va-registrat\u00fary.pdf\">3. IDO \u00a719 a 20 IS spr\u00e1va registrat\u00fary<\/a><\/h3>\n<h3><a href=\"https:\/\/www.visitliptov.sk\/wp-content\/uploads\/2019\/04\/4.-IDO-\u00a719-a-20-IS-vernostn\u00fd-program.pdf\">4. IDO \u00a719 a 20 IS vernostn\u00fd program<\/a><\/h3>\n<h3><a href=\"https:\/\/www.visitliptov.sk\/wp-content\/uploads\/2019\/04\/5.-IDO-\u00a719-a-20-IS-propag\u00e1cia-verejnos\u0165.pdf\">5. IDO \u00a719 a 20 IS propag\u00e1cia<\/a><\/h3>\n<h3><a href=\"https:\/\/www.visitliptov.sk\/wp-content\/uploads\/2019\/04\/6.-IDO-\u00a719-a-20-IS-centr\u00e1lny-register-ubytovan\u00fdch.pdf\">6. IDO \u00a719 a 20 IS centr\u00e1lny register ubytovan\u00fdch<\/a><\/h3>\n<h3><a href=\"https:\/\/www.visitliptov.sk\/wp-content\/uploads\/2019\/04\/7.-IDO-\u00a719-a-20-IS-evidencia-obchodn\u00fdch-partnerov.pdf\">7. IDO \u00a719 a 20 IS evidencia obchodn\u00fdch partnerov<\/a><\/h3>\n<h3><a href=\"https:\/\/www.visitliptov.sk\/wp-content\/uploads\/2019\/04\/8.-IDO-\u00a719-a-20-IS-evidencia-\u010dlenov-predstavenstva.pdf\">8. IDO \u00a719 a 20 IS evidencia \u010dlenov predstavenstva<\/a><\/h3>\n<h3><a href=\"https:\/\/www.visitliptov.sk\/wp-content\/uploads\/2019\/04\/9.-IDO-\u00a719-a-20-IS-zverej\u0148ovanie-zml\u00fav.pdf\">9. IDO \u00a719 a 20 IS zverej\u0148ovanie zml\u00fav<\/a><\/h3>\n<h3><a href=\"https:\/\/www.visitliptov.sk\/wp-content\/uploads\/2019\/04\/10.-IDO-\u00a719-a-20-IS-\u017eiadosti-pod\u013ea-z\u00e1kona-o-slobodnom-pr\u00edstupe-k-inform\u00e1ci\u00e1m.pdf\">10. IDO \u00a719 a 20 IS \u017eiadosti pod\u013ea z\u00e1kona o slobodnom pr\u00edstupe k inform\u00e1ci\u00e1m<\/a><\/h3>\n<h3><a href=\"https:\/\/www.visitliptov.sk\/wp-content\/uploads\/2019\/04\/11.-IDO-\u00a719-a-20-IS-s\u00fa\u0165a\u017e.pdf\">11. IDO \u00a719 a 20 IS s\u00fa\u0165a\u017e<\/a><\/h3>\n<h3><a href=\"https:\/\/www.visitliptov.sk\/wp-content\/uploads\/2019\/04\/12.-IDO-\u00a719-a-20-IS-verejn\u00e9-obstar\u00e1vanie.pdf\">12. IDO \u00a719 a 20 IS verejn\u00e9 obstar\u00e1vanie<\/a><\/h3>\n<h3><\/h3>\n[\/fusion_text][\/fusion_builder_column][fusion_builder_column type=\"1_3\" layout=\"1_1\" spacing=\"\" center_content=\"no\" hover_type=\"none\" link=\"\" min_height=\"\" hide_on_mobile=\"small-visibility,medium-visibility,large-visibility\" class=\"\" id=\"\" background_color=\"\" background_image=\"\" background_position=\"left top\" background_repeat=\"no-repeat\" border_size=\"0\" border_color=\"\" border_style=\"solid\" border_position=\"all\" padding=\"\" animation_type=\"\" animation_direction=\"left\" animation_speed=\"0.3\" animation_offset=\"\" last=\"no\"][fusion_text]\n<h2>GDPR Kontaktn\u00e1 osoba<\/h2>\n<h3><strong>Mgr. Stanislava Rysulov\u00e1<\/strong><\/h3>\n<h3>tel: +421 948 099 212\ne-mail: dpo4@proenergy.sk<\/h3>\n[\/fusion_text][\/fusion_builder_column][\/fusion_builder_row][\/fusion_builder_container]","featured_media":0,"featured_media_url":null,"images_gallery_urls":[],"fotka_1_url":null,"fotka_2_url":null,"fotka_3_url":null,"fotka_4_url":null,"fotka_5_url":null,"fotka_6_url":null,"fotka_7_url":null,"fotka_8_url":null},"en":{"id":133843,"title":"Privacy policy (GDPR)","url":"https:\/\/www.visitliptov.sk\/en\/privacy-policy-gdpr\/","api_url":"https:\/\/www.visitliptov.sk\/en\/wp-json\/wp\/v2\/page\/133843","status":"publish","excerpt":"","content":"<!-- wp:shortcode -->\n[fusion_builder_container hundred_percent=\"no\" equal_height_columns=\"no\" menu_anchor=\"\" hide_on_mobile=\"small-visibility,medium-visibility,large-visibility\" class=\"\" id=\"\" background_color=\"\" background_image=\"\" background_position=\"center center\" background_repeat=\"no-repeat\" fade=\"no\" background_parallax=\"none\" enable_mobile=\"no\" parallax_speed=\"0.3\" video_mp4=\"\" video_webm=\"\" video_ogv=\"\" video_url=\"\" video_aspect_ratio=\"16:9\" video_loop=\"yes\" video_mute=\"yes\" video_preview_image=\"\" border_size=\"\" border_color=\"\" border_style=\"solid\" margin_top=\"\" margin_bottom=\"\" padding_top=\"\" padding_right=\"\" padding_bottom=\"\" padding_left=\"\"][fusion_builder_row][fusion_builder_column type=\"1_1\" layout=\"1_1\" spacing=\"\" center_content=\"no\" hover_type=\"none\" link=\"\" min_height=\"\" hide_on_mobile=\"small-visibility,medium-visibility,large-visibility\" class=\"\" id=\"\" background_color=\"\" background_image=\"\" background_position=\"left top\" background_repeat=\"no-repeat\" border_size=\"0\" border_color=\"\" border_style=\"solid\" border_position=\"all\" padding=\"\" dimension_margin=\"\" animation_type=\"\" animation_direction=\"left\" animation_speed=\"0.3\" animation_offset=\"\" last=\"no\"][fusion_text]\n<h1>Privacy policy GDPR<\/h1>\n[\/fusion_text][fusion_text]\n<h3 style=\"text-align: justify\"><strong>Information on the processing of personal data of the persons concerned pursuant to \u00a719 and \u00a720 of Act No. 18\/2018 Coll. on Personal Data Protection and on Amendments to Certain Acts (hereinafter referred to as the \u201cAct\u201d) and Art. 13 and 14 of Regulation (EU) 2016\/679 of the European Parliament and of the Council on the protection of individuals with regard to the processing of personal data and on the free movement of such data (hereinafter \"the Regulation\")<\/strong><\/h3>\n<h3 style=\"text-align: justify\">The purpose of this information is to provide you with information about what personal data we process, how we treat it, for what purposes we use it, to whom we can provide it, where you can obtain information about your personal data and exercise your rights when processing personal data.<\/h3>\n<h3 style=\"text-align: justify\"><strong>Identification and contact details:<\/strong><\/h3>\n<h3 style=\"text-align: justify\">The operator processing your personal data is REGION LIPTOV, \u0160t\u00farova 1989\/41, 031 42 Liptovsk\u00fd Mikul\u00e1\u0161, I\u010cO: 42 219 906, +421 55 65 401, info@visitliptov.sk<\/h3>\n[\/fusion_text][\/fusion_builder_column][fusion_builder_column type=\"2_3\" layout=\"1_1\" spacing=\"\" center_content=\"no\" hover_type=\"none\" link=\"\" min_height=\"\" hide_on_mobile=\"small-visibility,medium-visibility,large-visibility\" class=\"\" id=\"\" background_color=\"\" background_image=\"\" background_position=\"left top\" background_repeat=\"no-repeat\" border_size=\"0\" border_color=\"\" border_style=\"solid\" border_position=\"all\" padding=\"\" dimension_margin=\"\" animation_type=\"\" animation_direction=\"left\" animation_speed=\"0.3\" animation_offset=\"\" last=\"no\"][fusion_text]\n<h3><strong>Documents for publication:<\/strong><\/h3>\n<h3><a href=\"https:\/\/www.visitliptov.sk\/wp-content\/uploads\/2019\/04\/1.-IDO-\u00a719-a-20-IS-personalsitika-a-mzdy-uch\u00e1dza\u010di-o-zamestnanie.pdf\">1. IDO \u00a719 and 20 IS personnel and wage-job seekers<\/a><\/h3>\n<h3><a href=\"https:\/\/www.visitliptov.sk\/wp-content\/uploads\/2019\/04\/2.-IDO-\u00a719-a-20-IS-\u00fa\u010dtovn\u00e9-doklady-faktur\u00e1cia.pdf\">2. IDO \u00a719 and 20 IS accounting documents (invoicing)<\/a><\/h3>\n<h3><a href=\"https:\/\/www.visitliptov.sk\/wp-content\/uploads\/2019\/04\/3.-IDO-\u00a719-a-20-IS-spr\u00e1va-registrat\u00fary.pdf\">3. IDO \u00a719 and 20 IS registry administration3. IDO \u00a719 a 20 IS spr\u00e1va registrat\u00fary<\/a><\/h3>\n<h3><a href=\"https:\/\/www.visitliptov.sk\/wp-content\/uploads\/2019\/04\/4.-IDO-\u00a719-a-20-IS-vernostn\u00fd-program.pdf\">4. IDO \u00a719 and 20 IS loyalty program<\/a><\/h3>\n<h3><a href=\"https:\/\/www.visitliptov.sk\/wp-content\/uploads\/2019\/04\/5.-IDO-\u00a719-a-20-IS-propag\u00e1cia-verejnos\u0165.pdf\">5. IDO \u00a719 and 20 IS promotion5. IDO \u00a719 a 20 IS propag\u00e1cia<\/a><\/h3>\n<h3><a href=\"https:\/\/www.visitliptov.sk\/wp-content\/uploads\/2019\/04\/6.-IDO-\u00a719-a-20-IS-centr\u00e1lny-register-ubytovan\u00fdch.pdf\">6. IDO \u00a719 and 20 IS central register of residents<\/a><\/h3>\n<h3><a href=\"https:\/\/www.visitliptov.sk\/wp-content\/uploads\/2019\/04\/7.-IDO-\u00a719-a-20-IS-evidencia-obchodn\u00fdch-partnerov.pdf\">7. IDO \u00a719 and 20 IS records of business partners<\/a><\/h3>\n<h3><a href=\"https:\/\/www.visitliptov.sk\/wp-content\/uploads\/2019\/04\/8.-IDO-\u00a719-a-20-IS-evidencia-\u010dlenov-predstavenstva.pdf\">8. IDO \u00a719 and 20 IS records of members of the Board of Directors<\/a><\/h3>\n<h3><a href=\"https:\/\/www.visitliptov.sk\/wp-content\/uploads\/2019\/04\/9.-IDO-\u00a719-a-20-IS-zverej\u0148ovanie-zml\u00fav.pdf\">9. IDO \u00a719 and 20 IS disclosure of contracts<\/a><\/h3>\n<h3><a href=\"https:\/\/www.visitliptov.sk\/wp-content\/uploads\/2019\/04\/10.-IDO-\u00a719-a-20-IS-\u017eiadosti-pod\u013ea-z\u00e1kona-o-slobodnom-pr\u00edstupe-k-inform\u00e1ci\u00e1m.pdf\">10. IDO \u00a719 and 20 IS applications according to the Act on Free Access to Information<\/a><\/h3>\n<h3><a href=\"https:\/\/www.visitliptov.sk\/wp-content\/uploads\/2019\/04\/11.-IDO-\u00a719-a-20-IS-s\u00fa\u0165a\u017e.pdf\">11. IDO \u00a719 and 20 IS competition<\/a><\/h3>\n<h3><a href=\"https:\/\/www.visitliptov.sk\/wp-content\/uploads\/2019\/04\/12.-IDO-\u00a719-a-20-IS-verejn\u00e9-obstar\u00e1vanie.pdf\">12. IDO \u00a719 and 20 IS public procurement<\/a><\/h3>\n<h3><\/h3>\n[\/fusion_text][\/fusion_builder_column][fusion_builder_column type=\"1_3\" layout=\"1_1\" spacing=\"\" center_content=\"no\" hover_type=\"none\" link=\"\" min_height=\"\" hide_on_mobile=\"small-visibility,medium-visibility,large-visibility\" class=\"\" id=\"\" background_color=\"\" background_image=\"\" background_position=\"left top\" background_repeat=\"no-repeat\" border_size=\"0\" border_color=\"\" border_style=\"solid\" border_position=\"all\" padding=\"\" animation_type=\"\" animation_direction=\"left\" animation_speed=\"0.3\" animation_offset=\"\" last=\"no\"][fusion_text]\n<h2>GDPR Contact person<\/h2>\n<h3><strong>Mgr. Stanislava Rysulov\u00e1<\/strong><\/h3>\n<h3>tel: +421 948 099 212\ne-mail: dpo4@proenergy.sk<\/h3>\n[\/fusion_text][\/fusion_builder_column][\/fusion_builder_row][\/fusion_builder_container]\n<!-- \/wp:shortcode -->","featured_media":0,"featured_media_url":null,"images_gallery_urls":[],"fotka_1_url":null,"fotka_2_url":null,"fotka_3_url":null,"fotka_4_url":null,"fotka_5_url":null,"fotka_6_url":null,"fotka_7_url":null,"fotka_8_url":null}},"_links":{"self":[{"href":"https:\/\/www.visitliptov.sk\/en\/wp-json\/wp\/v2\/pages\/133843"}],"collection":[{"href":"https:\/\/www.visitliptov.sk\/en\/wp-json\/wp\/v2\/pages"}],"about":[{"href":"https:\/\/www.visitliptov.sk\/en\/wp-json\/wp\/v2\/types\/page"}],"author":[{"embeddable":true,"href":"https:\/\/www.visitliptov.sk\/en\/wp-json\/wp\/v2\/users\/1"}],"replies":[{"embeddable":true,"href":"https:\/\/www.visitliptov.sk\/en\/wp-json\/wp\/v2\/comments?post=133843"}],"version-history":[{"count":0,"href":"https:\/\/www.visitliptov.sk\/en\/wp-json\/wp\/v2\/pages\/133843\/revisions"}],"wp:attachment":[{"href":"https:\/\/www.visitliptov.sk\/en\/wp-json\/wp\/v2\/media?parent=133843"}],"curies":[{"name":"wp","href":"https:\/\/api.w.org\/{rel}","templated":true}]}}