{"id":133838,"date":"2019-03-28T20:22:44","date_gmt":"2019-03-28T19:22:44","guid":{"rendered":"https:\/\/www.visitliptov.sk\/holiday-planning\/pobytove-baliky\/"},"modified":"2021-01-07T10:18:44","modified_gmt":"2021-01-07T09:18:44","slug":"stay-packages","status":"publish","type":"page","link":"https:\/\/www.visitliptov.sk\/en\/holiday-planning\/stay-packages\/","title":{"rendered":"Stay packages"},"content":{"rendered":"    <div class=\"ns-events\">\r\n        <div class=\"ns-events-filter-toggle\">\r\n            <span class=\"events-filter-title\">Search<\/span>\r\n            <div class=\"btn ns-events-filter-btn\">\r\n\t\t\t\tFilter            <\/div>\r\n        <\/div>\r\n        <div class=\"events-filter sidebar\">\r\n            <div class=\"close-btn\"><\/div>\r\n            <span class=\"events-filter-title\">Search<\/span>\r\n\r\n            <span class=\"events-filter-label\">Locality<\/span>\r\n\t\t\t<div class=\"facetwp-facet facetwp-facet-locality facetwp-type-checkboxes\" data-name=\"locality\" data-type=\"checkboxes\"><\/div>\r\n        <\/div>\r\n\r\n        <div class=\"blog-content\">\r\n\t\t\t<div class=\"facetwp-template\" data-name=\"accommodation\"><a class=\"list-item test\" href=\"https:\/\/www.visitliptov.sk\/en\/interests\/apartmany-lama-malatiny\/\">\r\n\t    <div class=\"thumb\"\r\n         style=\"background-image:url('https:\/\/www.visitliptov.sk\/wp-content\/uploads\/2022\/01\/apartmany-lama-2022-2-600x400.jpg')\">\r\n\t\t        <span style='display:none' class=\"favorite-btn  js_favorite-inline-ajax\"\r\n              data-id=\"168762\"\r\n\t\t>&hearts;<\/span>\r\n\t\r\n        \t    \r\n\t            \r\n\r\n\t\t\t\t    <\/div>\r\n\r\n    <div class=\"item-meta\">\r\n        <div class=\"item-title\">\r\n\t\t\tApartm\u00e1ny LAMA Malat\u00edny        <\/div>\r\n\r\n\t\t<div class=\"item-loc icon-marker\">Stredn\u00e9 Malat\u00edny<\/div>    <\/div>\r\n<\/a>\r\n<a class=\"list-item test\" href=\"https:\/\/www.visitliptov.sk\/en\/interests\/rezort-gothal-liptovska-osada\/\">\r\n\t    <div class=\"thumb\"\r\n         style=\"background-image:url('https:\/\/www.visitliptov.sk\/wp-content\/uploads\/2021\/06\/AGO4310-600x386.jpg')\">\r\n\t\t        <span style='display:none' class=\"favorite-btn  js_favorite-inline-ajax\"\r\n              data-id=\"146444\"\r\n\t\t>&hearts;<\/span>\r\n\t\r\n        \t    \r\n\t            \r\n\r\n\t\t\t\t    <\/div>\r\n\r\n    <div class=\"item-meta\">\r\n        <div class=\"item-title\">\r\n\t\t\tRezort GOTHAL Liptovsk\u00e1 Osada        <\/div>\r\n\r\n\t\t<div class=\"item-loc icon-marker\">Liptovsk\u00e1 Osada<\/div>    <\/div>\r\n<\/a>\r\n<a class=\"list-item test\" href=\"https:\/\/www.visitliptov.sk\/en\/interests\/maladinovo-rezort\/\">\r\n\t    <div class=\"thumb\"\r\n         style=\"background-image:url('https:\/\/www.visitliptov.sk\/wp-content\/uploads\/2020\/04\/MALADINOVO_exterier-ubytovanie-zima-2022-5small_-600x400.jpg')\">\r\n\t\t        <span style='display:none' class=\"favorite-btn  js_favorite-inline-ajax\"\r\n              data-id=\"137373\"\r\n\t\t>&hearts;<\/span>\r\n\t\r\n        \t    \r\n\t            \r\n\r\n\t\t\t\t    <\/div>\r\n\r\n    <div class=\"item-meta\">\r\n        <div class=\"item-title\">\r\n\t\t\tMaladinovo        <\/div>\r\n\r\n\t\t<div class=\"item-loc icon-marker\">Liptovsk\u00fd Mikul\u00e1\u0161<\/div>    <\/div>\r\n<\/a>\r\n<a class=\"list-item test\" href=\"https:\/\/www.visitliptov.sk\/en\/interests\/hotel-koliba-greta\/\">\r\n\t    <div class=\"thumb\"\r\n         style=\"background-image:url('https:\/\/www.visitliptov.sk\/wp-content\/uploads\/2019\/04\/greta07-1-600x402.jpg')\">\r\n\t\t        <span style='display:none' class=\"favorite-btn  js_favorite-inline-ajax\"\r\n              data-id=\"137401\"\r\n\t\t>&hearts;<\/span>\r\n\t\r\n        \t    \r\n\t            \r\n\r\n\t\t\t\t    <\/div>\r\n\r\n    <div class=\"item-meta\">\r\n        <div class=\"item-title\">\r\n\t\t\tHotel Koliba Gr\u00e9ta***        <\/div>\r\n\r\n\t\t<div class=\"item-loc icon-marker\">Liptovsk\u00e1 Sielnica<\/div>    <\/div>\r\n<\/a>\r\n<a class=\"list-item test\" href=\"https:\/\/www.visitliptov.sk\/en\/interests\/squash-table-tennis-rental-bikes\/\">\r\n\t    <div class=\"thumb\"\r\n         style=\"background-image:url('https:\/\/www.visitliptov.sk\/wp-content\/uploads\/2016\/01\/Penzion-Larion-pobytovy-balik-2-600x397.jpg')\">\r\n\t\t        <span style='display:none' class=\"favorite-btn  js_favorite-inline-ajax\"\r\n              data-id=\"39278\"\r\n\t\t>&hearts;<\/span>\r\n\t\r\n        \t    \r\n\t            \r\n\r\n\t\t\t\t    <\/div>\r\n\r\n    <div class=\"item-meta\">\r\n        <div class=\"item-title\">\r\n\t\t\tSquash \/ Table tennis \/ Rental bikes        <\/div>\r\n\r\n\t\t<div class=\"item-loc icon-marker\">Kr\u00e1\u013eov\u00e1 Lehota<\/div>    <\/div>\r\n<\/a>\r\n<\/div>\t\t\t<div class=\"facetwp-pager\"><\/div>        <\/div>\r\n        \r\n\r\n    <\/div>\r\n\t\n\n\n\n<p><\/p>\n","protected":false},"excerpt":{"rendered":"","protected":false},"author":1,"featured_media":611191,"parent":92495,"menu_order":0,"comment_status":"closed","ping_status":"closed","template":"","meta":{"_acf_changed":false,"inline_featured_image":false,"episode_type":"","audio_file":"","cover_image":"","cover_image_id":"","duration":"","filesize":"","date_recorded":"","explicit":"","block":"","filesize_raw":"","_jf_limit_responses":"","footnotes":""},"class_list":["post-133838","page","type-page","status-publish","has-post-thumbnail","hentry"],"acf":{"vyhradny_obrazok":false,"second_feature_image":"","search_top_keywords":""},"wpml_translations_detailed":{"sk":{"id":31561,"title":"Pobytov\u00e9 bal\u00edky","url":"https:\/\/www.visitliptov.sk\/planovanie-dovolenky\/pobytove-baliky\/","api_url":"https:\/\/www.visitliptov.sk\/en\/wp-json\/wp\/v2\/page\/31561","status":"publish","excerpt":"Region Liptov pon\u00faka mo\u017enosti na ubytovanie &#8211; od hotelov r\u00f4znych kateg\u00f3ri\u00ed, cez rodinn\u00e9 penzi\u00f3ny, chaty aj luxusn\u00e9 chalety a\u017e po ...","content":"<!-- wp:columns {\"className\":\"make-2-columns\"} -->\n<div class=\"wp-block-columns make-2-columns\"><!-- wp:column -->\n<div class=\"wp-block-column\"><!-- wp:cover {\"url\":\"https:\/\/www.visitliptov.sk\/wp-content\/uploads\/2023\/05\/GOTHAL_ubytovanie-3.jpg\",\"id\":536809,\"dimRatio\":40,\"focalPoint\":{\"x\":0.69,\"y\":0.34},\"minHeight\":224,\"minHeightUnit\":\"px\",\"contentPosition\":\"bottom center\",\"isDark\":false,\"style\":{\"color\":{}}} -->\n<div class=\"wp-block-cover is-light has-custom-content-position is-position-bottom-center\" style=\"min-height:224px\"><span aria-hidden=\"true\" class=\"wp-block-cover__background has-background-dim-40 has-background-dim\"><\/span><img class=\"wp-block-cover__image-background wp-image-536809\" alt=\"\" src=\"https:\/\/www.visitliptov.sk\/wp-content\/uploads\/2023\/05\/GOTHAL_ubytovanie-3.jpg\" style=\"object-position:69% 34%\" data-object-fit=\"cover\" data-object-position=\"69% 34%\"\/><div class=\"wp-block-cover__inner-container\"><!-- wp:paragraph {\"align\":\"center\",\"style\":{\"typography\":{\"fontSize\":\"16px\"}},\"textColor\":\"white\"} -->\n<p class=\"has-text-align-center has-white-color has-text-color\" style=\"font-size:16px\">Rekrea\u010dn\u00e9 poukazy pre zamestnancov<\/p>\n<!-- \/wp:paragraph -->\n\n<!-- wp:buttons {\"layout\":{\"type\":\"flex\",\"justifyContent\":\"center\"}} -->\n<div class=\"wp-block-buttons\"><!-- wp:button {\"className\":\"is-style-fill\"} -->\n<div class=\"wp-block-button is-style-fill\"><a class=\"wp-block-button__link wp-element-button\" href=\"https:\/\/www.visitliptov.sk\/2024\/07\/10\/rekreacne-poukazy-pre-zamestnancov-na-pobyty-na-slovensku\/\">viac info<\/a><\/div>\n<!-- \/wp:button --><\/div>\n<!-- \/wp:buttons --><\/div><\/div>\n<!-- \/wp:cover --><\/div>\n<!-- \/wp:column -->\n\n<!-- wp:column -->\n<div class=\"wp-block-column\"><!-- wp:cover {\"url\":\"https:\/\/www.visitliptov.sk\/wp-content\/uploads\/2020\/04\/Maladinovo_maj-exterier-2-\u2013-resize.jpg\",\"id\":603037,\"dimRatio\":40,\"focalPoint\":{\"x\":0.49,\"y\":0.59},\"minHeight\":224,\"minHeightUnit\":\"px\",\"contentPosition\":\"bottom center\",\"style\":{\"color\":{}}} -->\n<div class=\"wp-block-cover has-custom-content-position is-position-bottom-center\" style=\"min-height:224px\"><span aria-hidden=\"true\" class=\"wp-block-cover__background has-background-dim-40 has-background-dim\"><\/span><img class=\"wp-block-cover__image-background wp-image-603037\" alt=\"\" src=\"https:\/\/www.visitliptov.sk\/wp-content\/uploads\/2020\/04\/Maladinovo_maj-exterier-2-\u2013-resize.jpg\" style=\"object-position:49% 59%\" data-object-fit=\"cover\" data-object-position=\"49% 59%\"\/><div class=\"wp-block-cover__inner-container\"><!-- wp:paragraph {\"align\":\"center\",\"style\":{\"typography\":{\"fontSize\":\"16px\"}},\"textColor\":\"white\"} -->\n<p class=\"has-text-align-center has-white-color has-text-color\" style=\"font-size:16px\">Rekrea\u010dn\u00e9 pobyty - ponuka najlep\u0161\u00edch pobytov<\/p>\n<!-- \/wp:paragraph -->\n\n<!-- wp:buttons {\"layout\":{\"type\":\"flex\",\"justifyContent\":\"center\"}} -->\n<div class=\"wp-block-buttons\"><!-- wp:button {\"className\":\"is-style-fill\"} -->\n<div class=\"wp-block-button is-style-fill\"><a class=\"wp-block-button__link wp-element-button\" href=\"https:\/\/www.booking.visitliptov.sk\/\" target=\"_blank\" rel=\"noreferrer noopener\">n\u00e1js\u0165 ubytovanie<\/a><\/div>\n<!-- \/wp:button --><\/div>\n<!-- \/wp:buttons --><\/div><\/div>\n<!-- \/wp:cover --><\/div>\n<!-- \/wp:column --><\/div>\n<!-- \/wp:columns -->\n\n<!-- wp:shortcode -->\n[accommodation]\n<!-- \/wp:shortcode -->\n\n<!-- wp:paragraph -->\n<p>Region Liptov pon\u00faka mo\u017enosti na ubytovanie - od hotelov r\u00f4znych kateg\u00f3ri\u00ed, cez rodinn\u00e9 penzi\u00f3ny, chaty aj luxusn\u00e9 chalety a\u017e po ubytovanie na priv\u00e1toch. T\u00e1to podstr\u00e1nka v\u00e1m d\u00e1 tipy len na niektor\u00e9 ubytovacie zariadenia, ale odporu\u010d\u00edme v\u00e1m v\u00fdber najlep\u0161\u00edch lokal\u00edt na ubytovanie.<\/p>\n<!-- \/wp:paragraph -->\n\n<!-- wp:list -->\n<ul class=\"wp-block-list\"><!-- wp:list-item -->\n<li>Liptovsk\u00fd Mikul\u00e1\u0161<\/li>\n<!-- \/wp:list-item -->\n\n<!-- wp:list-item -->\n<li>Liptovsk\u00fd J\u00e1n<\/li>\n<!-- \/wp:list-item -->\n\n<!-- wp:list-item -->\n<li>Dem\u00e4novsk\u00e1 Dolina a Jasn\u00e1<\/li>\n<!-- \/wp:list-item -->\n\n<!-- wp:list-item -->\n<li>Be\u0161e\u0148ov\u00e1<\/li>\n<!-- \/wp:list-item -->\n\n<!-- wp:list-item -->\n<li>Liptovsk\u00fd Trnovec<\/li>\n<!-- \/wp:list-item -->\n\n<!-- wp:list-item -->\n<li>Liptovsk\u00e1 Sielnica<\/li>\n<!-- \/wp:list-item -->\n\n<!-- wp:list-item -->\n<li>Prosiek<\/li>\n<!-- \/wp:list-item -->\n\n<!-- wp:list-item -->\n<li>Bobrovn\u00edk<\/li>\n<!-- \/wp:list-item -->\n\n<!-- wp:list-item -->\n<li>Ru\u017eomberok<\/li>\n<!-- \/wp:list-item --><\/ul>\n<!-- \/wp:list -->","featured_media":319491,"featured_media_url":"https:\/\/www.visitliptov.sk\/wp-content\/uploads\/2019\/01\/Strachanovka_koliba-ubytovanie-8-600x400.jpg","images_gallery_urls":[],"fotka_1_url":null,"fotka_2_url":null,"fotka_3_url":null,"fotka_4_url":null,"fotka_5_url":null,"fotka_6_url":null,"fotka_7_url":null,"fotka_8_url":null},"en":{"id":133838,"title":"Stay packages","url":"https:\/\/www.visitliptov.sk\/en\/holiday-planning\/stay-packages\/","api_url":"https:\/\/www.visitliptov.sk\/en\/wp-json\/wp\/v2\/page\/133838","status":"publish","excerpt":"","content":"<!-- wp:shortcode -->\n[accommodation]\n<!-- \/wp:shortcode -->\n\n<!-- wp:paragraph -->\n<p><\/p>\n<!-- \/wp:paragraph -->","featured_media":611191,"featured_media_url":"https:\/\/www.visitliptov.sk\/wp-content\/uploads\/2019\/01\/Strachanovka_koliba-ubytovanie-8-600x400.jpg","images_gallery_urls":[],"fotka_1_url":null,"fotka_2_url":null,"fotka_3_url":null,"fotka_4_url":null,"fotka_5_url":null,"fotka_6_url":null,"fotka_7_url":null,"fotka_8_url":null}},"_links":{"self":[{"href":"https:\/\/www.visitliptov.sk\/en\/wp-json\/wp\/v2\/pages\/133838"}],"collection":[{"href":"https:\/\/www.visitliptov.sk\/en\/wp-json\/wp\/v2\/pages"}],"about":[{"href":"https:\/\/www.visitliptov.sk\/en\/wp-json\/wp\/v2\/types\/page"}],"author":[{"embeddable":true,"href":"https:\/\/www.visitliptov.sk\/en\/wp-json\/wp\/v2\/users\/1"}],"replies":[{"embeddable":true,"href":"https:\/\/www.visitliptov.sk\/en\/wp-json\/wp\/v2\/comments?post=133838"}],"version-history":[{"count":0,"href":"https:\/\/www.visitliptov.sk\/en\/wp-json\/wp\/v2\/pages\/133838\/revisions"}],"up":[{"embeddable":true,"href":"https:\/\/www.visitliptov.sk\/en\/wp-json\/wp\/v2\/pages\/92495"}],"wp:featuredmedia":[{"embeddable":true,"href":"https:\/\/www.visitliptov.sk\/en\/wp-json\/wp\/v2\/media\/611191"}],"wp:attachment":[{"href":"https:\/\/www.visitliptov.sk\/en\/wp-json\/wp\/v2\/media?parent=133838"}],"curies":[{"name":"wp","href":"https:\/\/api.w.org\/{rel}","templated":true}]}}