{"id":133807,"date":"2016-02-29T00:00:00","date_gmt":"2016-02-28T23:00:00","guid":{"rendered":"https:\/\/www.visitliptov.sk\/sakralne-pamiatky\/"},"modified":"2021-01-07T08:50:06","modified_gmt":"2021-01-07T07:50:06","slug":"sakralne-pamiatky","status":"publish","type":"page","link":"https:\/\/www.visitliptov.sk\/en\/sakralne-pamiatky\/","title":{"rendered":"Sacral monuments"},"content":{"rendered":"\n<p><span>Sacral monuments are <\/span><strong>a testimony to the development of spiritual culture. <\/strong><span>Above all, however, they are an expression not only of artistic taste, but also a manifestation of the dedication and tenacity of the people over the centuries who have created and continue to create these values to this day. They are an integral part of our cultural heritage, <\/span><strong>rare examples of architecture and art<\/strong><span>. They are sacred places whose significance has been tested by time. Come with us to discover the history and stories of the most interesting sacral monuments in the <\/span><strong>\u017dilina region.<\/strong><\/p>\n","protected":false},"excerpt":{"rendered":"<p>Sacral monuments are a testimony to the development of spiritual culture. Above all, however, they are an expression not only &#8230;<\/p>\n","protected":false},"author":1,"featured_media":0,"parent":0,"menu_order":0,"comment_status":"open","ping_status":"open","template":"","meta":{"_acf_changed":false,"inline_featured_image":false,"episode_type":"","audio_file":"","cover_image":"","cover_image_id":"","duration":"","filesize":"","date_recorded":"","explicit":"","block":"","filesize_raw":"","_jf_limit_responses":"","footnotes":""},"class_list":["post-133807","page","type-page","status-publish","hentry"],"acf":{"vyhradny_obrazok":false,"second_feature_image":null,"search_top_keywords":""},"wpml_translations_detailed":{"sk":{"id":81683,"title":"Sakr\u00e1lne pamiatky","url":"https:\/\/www.visitliptov.sk\/sakralne-pamiatky\/","api_url":"https:\/\/www.visitliptov.sk\/en\/wp-json\/wp\/v2\/page\/81683","status":"publish","excerpt":"Sakr\u00e1lne pamiatky s\u00fa svedectvom v\u00fdvoja duchovnej kult\u00fary.\u00a0Predov\u0161etk\u00fdm s\u00fa v\u0161ak v\u00fdrazom nielen umeleck\u00e9ho vkusu, ale\u00a0prejavom obetavosti a h\u00fa\u017eevnatosti \u013eud\u00ed po\u010das mnoh\u00fdch ...","content":"<!-- wp:paragraph -->\n<p>Sakr\u00e1lne pamiatky s\u00fa <strong>svedectvom v\u00fdvoja duchovnej kult\u00fary<\/strong>.\u00a0Predov\u0161etk\u00fdm s\u00fa v\u0161ak v\u00fdrazom nielen umeleck\u00e9ho vkusu, ale\u00a0prejavom obetavosti a h\u00fa\u017eevnatosti \u013eud\u00ed po\u010das mnoh\u00fdch storo\u010d\u00ed, ktor\u00ed\u00a0tieto hodnoty vytvorili a vytv\u00e1raj\u00fa dodnes. Predstavuj\u00fa neodmyslite\u013en\u00fa\u00a0s\u00fa\u010das\u0165 n\u00e1\u0161ho kult\u00farneho dedi\u010dstva, <strong>vz\u00e1cne uk\u00e1\u017eky architekt\u00fary a umenia.\u00a0<\/strong>S\u00fa posv\u00e4tn\u00fdmi miestami, ktor\u00fdch v\u00fdznam preveril \u010das.\u00a0Vydajte sa s nami spozn\u00e1va\u0165 hist\u00f3riu a pr\u00edbehy \u00a0najzauj\u00edmavej\u0161\u00edch\u00a0sakr\u00e1lnych pamiatok <strong>v \u017dilinskom kraji.<\/strong><\/p>\n<!-- \/wp:paragraph -->\n\n<!-- wp:buttons {\"align\":\"center\"} -->\n<div class=\"wp-block-buttons aligncenter\"><!-- wp:button -->\n<div class=\"wp-block-button\"><a class=\"wp-block-button__link\" href=\"https:\/\/www.visitliptov.sk\/zazitky\/aktivity-a-relax\/?_season=leto&amp;_activities-type=pamiatky-a-muzea\" target=\"_blank\" rel=\"noreferrer noopener\">zoznam sakr\u00e1lnych pamiatok<\/a><\/div>\n<!-- \/wp:button --><\/div>\n<!-- \/wp:buttons -->","featured_media":0,"featured_media_url":null,"images_gallery_urls":[],"fotka_1_url":null,"fotka_2_url":null,"fotka_3_url":null,"fotka_4_url":null,"fotka_5_url":null,"fotka_6_url":null,"fotka_7_url":null,"fotka_8_url":null},"en":{"id":133807,"title":"Sacral monuments","url":"https:\/\/www.visitliptov.sk\/en\/sakralne-pamiatky\/","api_url":"https:\/\/www.visitliptov.sk\/en\/wp-json\/wp\/v2\/page\/133807","status":"publish","excerpt":"Sacral monuments are a testimony to the development of spiritual culture. Above all, however, they are an expression not only ...","content":"<!-- wp:paragraph -->\n<p>Sacral monuments are <strong>a testimony to the development of spiritual culture. <\/strong>Above all, however, they are an expression not only of artistic taste, but also a manifestation of the dedication and tenacity of the people over the centuries who have created and continue to create these values to this day. They are an integral part of our cultural heritage, <strong>rare examples of architecture and art<\/strong>. They are sacred places whose significance has been tested by time. Come with us to discover the history and stories of the most interesting sacral monuments in the <strong>\u017dilina region.<\/strong><\/p>\n<!-- \/wp:paragraph -->","featured_media":0,"featured_media_url":null,"images_gallery_urls":[],"fotka_1_url":null,"fotka_2_url":null,"fotka_3_url":null,"fotka_4_url":null,"fotka_5_url":null,"fotka_6_url":null,"fotka_7_url":null,"fotka_8_url":null}},"_links":{"self":[{"href":"https:\/\/www.visitliptov.sk\/en\/wp-json\/wp\/v2\/pages\/133807"}],"collection":[{"href":"https:\/\/www.visitliptov.sk\/en\/wp-json\/wp\/v2\/pages"}],"about":[{"href":"https:\/\/www.visitliptov.sk\/en\/wp-json\/wp\/v2\/types\/page"}],"author":[{"embeddable":true,"href":"https:\/\/www.visitliptov.sk\/en\/wp-json\/wp\/v2\/users\/1"}],"replies":[{"embeddable":true,"href":"https:\/\/www.visitliptov.sk\/en\/wp-json\/wp\/v2\/comments?post=133807"}],"version-history":[{"count":0,"href":"https:\/\/www.visitliptov.sk\/en\/wp-json\/wp\/v2\/pages\/133807\/revisions"}],"wp:attachment":[{"href":"https:\/\/www.visitliptov.sk\/en\/wp-json\/wp\/v2\/media?parent=133807"}],"curies":[{"name":"wp","href":"https:\/\/api.w.org\/{rel}","templated":true}]}}