{"id":133779,"date":"2016-01-29T00:00:00","date_gmt":"2016-01-28T23:00:00","guid":{"rendered":"https:\/\/www.visitliptov.sk\/ustie-jaloveckej-doliny-banikov-ziarska-dolina\/"},"modified":"2021-01-05T15:31:19","modified_gmt":"2021-01-05T14:31:19","slug":"ustie-jaloveckej-doliny-banikov-ziarska-dolina","status":"publish","type":"page","link":"https:\/\/www.visitliptov.sk\/en\/ustie-jaloveckej-doliny-banikov-ziarska-dolina\/","title":{"rendered":"Mouth of Jaloveck\u00e1 valley &#8211; Ban\u00edkov &#8211; \u017diarska valley"},"content":{"rendered":"\n<p>Tourist route: Jaloveck\u00e1 valley &#8211; Ban\u00edkov &#8211; \u017diarska valley<\/p>\n\n\n\n<p>Area: Western Tatras<\/p>\n\n\n\n<p>Destination of the route: Ban\u00edkov peak (2 178 masl)<\/p>\n\n\n\n<p>Difficulty: very demanding hike<\/p>\n\n\n\n<p>Duration: 6.45h<\/p>\n\n\n\n<p>Starting point: Jaloveck\u00e1 valley<\/p>\n\n\n\n<p>Elevation: 1,378 m<\/p>\n\n\n\n<p><span>Route:&nbsp;<\/span><strong>Jaloveck\u00e1 valley &#8211; mouth of Bobroveck\u00e1 valley 1.15h &#8211;&nbsp; Hlbok\u00e1 valley 30min. &#8211; Ban\u00edkov saddle 2 h &#8211; Ban\u00edkov 15min &#8211; Jaloveck\u00e9 saddle 45min &#8211; \u017diarska chalet 1 h &#8211; \u017diarskej valley 1 h Total: 6.45h<\/strong><\/p>\n\n\n\n<p><span style=\"text-decoration: underline\"><strong>From 1 November to 15 June, the path is closed.<\/strong><\/span><\/p>\n\n\n\n<p>We can start from the crossroads in Tokariny, following the yellow sign, which leads along the short section together with the red path (0860). At the signpost at the mouth of the valley, the yellow sign turns left and leads along the left side of the Jaloveck\u00fd stream to the Jaloveck\u00e1 valley. We cross the small stream and continue along the forest road. Later we will ascend along the sidewalk from the bottom of the valley to its left slope. We continue through the traverse and return to the stream again. We cross several wooden bridges with a slight ascent to the rest area in front of a long wooden footbridge and find ourselves at the mouth of the Bobroveck\u00e1 valley (1,005 m) and the Parichvost valley.<\/p>\n\n\n\n<p><img decoding=\"async\" src=\"http:\/\/www.visitliptov.sk\/wp-content\/uploads\/2019\/04\/ziarska_chata_kolobezky.jpg\" alt=\"\"><\/p>\n\n\n\n<p>Behind the footbridge we cross the blue (2710) and green (5611) marked path to the Parichvost valley. We will get to the left side of the valley via wooden bridges and we will climb through the forest (about 1 hour) to the turn-off of a green marked path at the mouth of the Hlbok\u00e1 valley (1,130 m). We continue along the blue mark, cross the bridge to the left side of the valley and ascend steeper through the forest into the pine trees zone. We return to the stream again and cross to the other side. We go up a steep serpentine path between pine trees and rocky ribs and continue along a longer traverse through a fan of rocky gutters and a grassy slope to the left to Ban\u00edkovsk\u00e9 saddle (2,040 m). Here we turn right and follow the red marked ridge road (0862) with a steep, sometimes exposed ridge to get under the top rib. After it we go to the highest point of the route &#8211; Ban\u00edkov (2,178 m).<\/p>\n\n\n\n<div class=\"wp-block-image\"><figure class=\"alignright size-large is-resized\"><img loading=\"lazy\" decoding=\"async\" src=\"http:\/\/www.visitliptov.sk\/wp-content\/uploads\/2019\/04\/sarafiovy-vodopad.jpg\" alt=\"\" width=\"237\" height=\"314\" \/><\/figure><\/div>\n\n\n\n<p>From its top we can enjoy a beautiful circular views of the Orava, Liptov and Tatra landmarks. After a short rest, from the top of Ban\u00edkov we set off along the green sign (5610), which leads through the southern rib to the shallow saddle. From there we ascend the exposed rock ridge to the second highest point of the route &#8211; Pr\u00edslop hill (2,142 m). We continue south on a rocky, later widening grassy slope to the wide Jalovecke saddle (1,858 m). From the saddle, the markers will take us to the eastern slope to the first islands of pine trees. We descend the gutter through the serpentines. Then we turn to the left into the gutter under \u0160arafiov\u00fd waterfall. We cross the stream on its left side. We follow the path to the Place of Remembrance for the victims of mountain accidents in the Western Tatras. From there we walk by to the house of the mountain service to \u017diarsk\u00e1 chalet (1,300 m) and a comfortable descent down \u017diarsk\u00e1 valley we end the trip at the bus stop just below the mouth of \u017diarsk\u00e1 valley (880 m).<\/p>\n","protected":false},"excerpt":{"rendered":"<p>Tourist route: Jaloveck\u00e1 valley &#8211; Ban\u00edkov &#8211; \u017diarska valley Area: Western Tatras Destination of the route: Ban\u00edkov peak (2 178 &#8230;<\/p>\n","protected":false},"author":1,"featured_media":81445,"parent":0,"menu_order":0,"comment_status":"open","ping_status":"open","template":"","meta":{"_acf_changed":false,"inline_featured_image":false,"episode_type":"","audio_file":"","cover_image":"","cover_image_id":"","duration":"","filesize":"","date_recorded":"","explicit":"","block":"","filesize_raw":"","_jf_limit_responses":"","footnotes":""},"class_list":["post-133779","page","type-page","status-publish","has-post-thumbnail","hentry"],"acf":{"vyhradny_obrazok":false,"second_feature_image":null,"search_top_keywords":""},"wpml_translations_detailed":{"sk":{"id":81452,"title":"\u00dastie Jaloveckej doliny &#8211; Ban\u00edkov &#8211; \u017diarska dolina","url":"https:\/\/www.visitliptov.sk\/ustie-jaloveckej-doliny-banikov-ziarska-dolina\/","api_url":"https:\/\/www.visitliptov.sk\/en\/wp-json\/wp\/v2\/page\/81452","status":"publish","excerpt":"Turistick\u00e1 trasa : \u00dastie Jaloveckej doliny &#8211; Ban\u00edkov &#8211; \u017diarska dolina Oblas\u0165: Z\u00e1padn\u00e9 TatryCie\u013e trasy : Ban\u00edkov (2 178 m ...","content":"<!-- wp:paragraph -->\n<p>Turistick\u00e1 trasa : \u00dastie Jaloveckej doliny - Ban\u00edkov - \u017diarska dolina<\/p>\n<!-- \/wp:paragraph -->\n\n<!-- wp:paragraph -->\n<p>Oblas\u0165: Z\u00e1padn\u00e9 Tatry<br>Cie\u013e trasy : Ban\u00edkov (2 178 m n. m.)<br>N\u00e1ro\u010dnos\u0165: ve\u013emi n\u00e1ro\u010dn\u00e1 t\u00fara<br>Trvanie: 6 3\/4 h<br>V\u00fdchodisko: \u00dastie Jaloveckej doliny<br>Prev\u00fd\u0161enie: 1 378 m<\/p>\n<!-- \/wp:paragraph -->\n\n<!-- wp:paragraph -->\n<p>Trasa:&nbsp;<strong>\u010casov\u00fd rozvrh: \u00dastie Jaloveckej doliny \u2013 \u00fastie Bobroveckej doliny 1 1\u20444 h \u2013 \u00fastie Hlbokej doliny 1\u20442 h \u2013 Ban\u00edkovsk\u00e9 sedlo 2 h \u2013 Ban\u00edkov 1\u20444 h \u2013 Jaloveck\u00e9 sedlo 3\u20444 h \u2013 \u017diarska chata 1 h \u2013 \u00fastie \u017diarskej doliny 1 h Spolu: 6 3\u20444 h<\/strong><\/p>\n<!-- \/wp:paragraph -->\n\n<!-- wp:paragraph -->\n<p><span style=\"text-decoration: underline\"><strong>Od 1. novembra do 15. j\u00fana je chodn\u00edk uzavret\u00fd.<\/strong><\/span><\/p>\n<!-- \/wp:paragraph -->\n\n<!-- wp:paragraph -->\n<p>Do \u00fastia Jaloveckej doliny (800 m) pr\u00eddeme z Jalovca po \u017eltej zna\u010dke (8617) alebo z parkoviska Bobroveck\u00e1 v\u00e1penica popri horskom hoteli Mn\u00edch, kde sa na \u017elt\u00fa zna\u010dku napoj\u00edme. M\u00f4\u017eeme za\u010da\u0165 od r\u00e1zcestia na Tokarin\u00e1ch st\u00e1le po \u017eltej zna\u010dke, ktor\u00e1 na kr\u00e1tkom \u00faseku vedie spolu s \u010dervenou magistr\u00e1lou (0860). Pri smerovn\u00edku v \u00fast\u00ed doliny \u017elt\u00e1 zna\u010dka odbo\u010duje do\u013eava a vedie po \u013eavej strane Jaloveck\u00e9ho potoka do Jaloveckej doliny. Prejdeme cez bo\u010dn\u00fd pr\u00edtok Jaloveck\u00e9ho potoka a pokra\u010dujeme po lesnej ceste. Nesk\u00f4r vyst\u00fapime po chodn\u00edku z dna doliny na jej \u013eav\u00fd svah. Pokra\u010dujeme traverzom a op\u00e4\u0165 sa vr\u00e1time k potoku. Prejdeme cez nieko\u013eko dreven\u00fdch most\u00edkov miernym st\u00fapan\u00edm a\u017e k odpo\u010d\u00edvadlu pred dlhou drevenou l\u00e1vkou a ocitneme sa v \u00fast\u00ed Bobroveckej doliny (1 005 m) a doliny Parichvost.<\/p>\n<!-- \/wp:paragraph -->\n\n<!-- wp:paragraph -->\n<p><img src=\"http:\/\/www.visitliptov.sk\/wp-content\/uploads\/2019\/04\/ziarska_chata_kolobezky.jpg\" alt=\"\"><\/p>\n<!-- \/wp:paragraph -->\n\n<!-- wp:paragraph -->\n<p>Za l\u00e1vkou prejdeme na modro (2710) a zeleno (5611) zna\u010dkovan\u00fd chodn\u00edk do doliny Parichvost. Cez dreven\u00e9 most\u00edky sa dostaneme na \u013eav\u00fa stranu doliny a po upravenom chodn\u00edku vyst\u00fapime cez les (asi 1 hod.) na odbo\u010dku zelenej zna\u010dky v \u00fast\u00ed Hlbokej doliny (1 130 m). Pokra\u010dujeme po modrej zna\u010dke, prejdeme cez most\u00edk na \u013eav\u00fa stranu \u00fadolia a vyst\u00fapime strm\u0161ie lesom do p\u00e1sma kosodreviny. Op\u00e4\u0165 sa vr\u00e1time k potoku a prejdeme na jeho druh\u00fa stranu. Vyjdeme hore strm\u00fdm serpent\u00ednov\u00fdm chodn\u00edkom medzi kosodrevinu a skaln\u00e9 rebr\u00e1 a pokra\u010dujeme dlh\u0161\u00edm traverzom cez vej\u00e1r skalnat\u00fdch \u017e\u013eabov a tr\u00e1vnat\u00fd svah do\u013eava do Ban\u00edkovsk\u00e9ho sedla (2 040 m). Tu odbo\u010d\u00edme doprava a po \u010derveno zna\u010dkovanej hrebe\u0148ovej ceste (0862) sa strm\u00fdm, miestami exponovan\u00fdm hrebe\u0148om dostaneme pod vrcholov\u00e9 rebro. Po \u0148om sa vyd\u00e1me na najvy\u0161\u0161\u00ed bod trasy \u2013 Ban\u00edkov (2 178 m).<\/p>\n<!-- \/wp:paragraph -->\n\n<!-- wp:image {\"align\":\"right\",\"width\":237,\"height\":314,\"sizeSlug\":\"large\"} -->\n<div class=\"wp-block-image\"><figure class=\"alignright size-large is-resized\"><img src=\"http:\/\/www.visitliptov.sk\/wp-content\/uploads\/2019\/04\/sarafiovy-vodopad.jpg\" alt=\"\" width=\"237\" height=\"314\" \/><\/figure><\/div>\n<!-- \/wp:image -->\n\n<!-- wp:paragraph -->\n<p>Z jeho vrcholu sa m\u00f4\u017eeme kocha\u0165 n\u00e1dhern\u00fdm kruhov\u00fdm v\u00fdh\u013eadom na oravsk\u00e9, liptovsk\u00e9 a tatransk\u00e9 dominanty. Po kr\u00e1tkom odpo\u010dinku sa z vrcholu Ban\u00edkova vyd\u00e1me po zelenej zna\u010dke (5610), ktor\u00e1 vedie ju\u017en\u00fdm rebrom do plytk\u00e9ho sedla. Z neho vyst\u00fapime exponovan\u00fdm skaln\u00fdm hrebe\u0148om na druh\u00fd najvy\u0161\u0161\u00ed bod trasy \u2013 vrch Pr\u00edslop (2 142 m). Pokra\u010dujeme ju\u017en\u00fdm smerom skalnat\u00fdm, nesk\u00f4r roz\u0161iruj\u00facim sa tr\u00e1vnat\u00fdm svahom do \u0161irok\u00e9ho Jaloveck\u00e9ho sedla (1 858 m). Zo sedla n\u00e1s zna\u010dk\u00e1rske koly prived\u00fa na v\u00fdchodn\u00fd svah k prv\u00fdm ostrovom kosodreviny. Serpent\u00ednami chodn\u00edka zost\u00fapime do \u017e\u013eabu a z\u00e1krutami klesneme po jeho \u013eavej strane. Potom pretraverzujeme do\u013eava do \u017e\u013eabu popod \u0160arafiov\u00fd vodop\u00e1d. Cez potok na jeho \u013eavej strane z\u00eddeme na upraven\u00fd chodn\u00edk. Po \u0148om sa dostaneme k Pietnemu miestu obet\u00ed horsk\u00fdch ne\u0161\u0165ast\u00ed v Z\u00e1padn\u00fdch Tatr\u00e1ch. Odtia\u013e prejdeme popri dome horskej slu\u017eby k \u017diarskej chatef (1 300 m) a pohodln\u00fdm zostupom dolu \u017diarskou dolinou v\u00fdlet ukon\u010d\u00edme pri autobusovej zast\u00e1vke tesne pod \u00fast\u00edm \u017diarskej doliny (880 m).<\/p>\n<!-- \/wp:paragraph -->","featured_media":81444,"featured_media_url":"https:\/\/www.visitliptov.sk\/wp-content\/uploads\/2019\/04\/ustie_ziarskej_doliny-600x205.jpg","images_gallery_urls":[],"fotka_1_url":null,"fotka_2_url":null,"fotka_3_url":null,"fotka_4_url":null,"fotka_5_url":null,"fotka_6_url":null,"fotka_7_url":null,"fotka_8_url":null},"en":{"id":133779,"title":"Mouth of Jaloveck\u00e1 valley &#8211; Ban\u00edkov &#8211; \u017diarska valley","url":"https:\/\/www.visitliptov.sk\/en\/ustie-jaloveckej-doliny-banikov-ziarska-dolina\/","api_url":"https:\/\/www.visitliptov.sk\/en\/wp-json\/wp\/v2\/page\/133779","status":"publish","excerpt":"Tourist route: Jaloveck\u00e1 valley &#8211; Ban\u00edkov &#8211; \u017diarska valley Area: Western Tatras Destination of the route: Ban\u00edkov peak (2 178 ...","content":"<!-- wp:paragraph -->\n<p>Tourist route: Jaloveck\u00e1 valley - Ban\u00edkov - \u017diarska valley<\/p>\n<!-- \/wp:paragraph -->\n\n<!-- wp:paragraph -->\n<p>Area: Western Tatras<\/p>\n<!-- \/wp:paragraph -->\n\n<!-- wp:paragraph -->\n<p>Destination of the route: Ban\u00edkov peak (2 178 masl)<\/p>\n<!-- \/wp:paragraph -->\n\n<!-- wp:paragraph -->\n<p>Difficulty: very demanding hike<\/p>\n<!-- \/wp:paragraph -->\n\n<!-- wp:paragraph -->\n<p>Duration: 6.45h<\/p>\n<!-- \/wp:paragraph -->\n\n<!-- wp:paragraph -->\n<p>Starting point: Jaloveck\u00e1 valley<\/p>\n<!-- \/wp:paragraph -->\n\n<!-- wp:paragraph -->\n<p>Elevation: 1,378 m<\/p>\n<!-- \/wp:paragraph -->\n\n<!-- wp:paragraph -->\n<p>Route:&nbsp;<strong>Jaloveck\u00e1 valley - mouth of Bobroveck\u00e1 valley 1.15h -&nbsp; Hlbok\u00e1 valley 30min. - Ban\u00edkov saddle 2 h - Ban\u00edkov 15min - Jaloveck\u00e9 saddle 45min - \u017diarska chalet 1 h - \u017diarskej valley 1 h Total: 6.45h<\/strong><\/p>\n<!-- \/wp:paragraph -->\n\n<!-- wp:paragraph -->\n<p><span style=\"text-decoration: underline\"><strong>From 1 November to 15 June, the path is closed.<\/strong><\/span><\/p>\n<!-- \/wp:paragraph -->\n\n<!-- wp:paragraph -->\n<p>We can start from the crossroads in Tokariny, following the yellow sign, which leads along the short section together with the red path (0860). At the signpost at the mouth of the valley, the yellow sign turns left and leads along the left side of the Jaloveck\u00fd stream to the Jaloveck\u00e1 valley. We cross the small stream and continue along the forest road. Later we will ascend along the sidewalk from the bottom of the valley to its left slope. We continue through the traverse and return to the stream again. We cross several wooden bridges with a slight ascent to the rest area in front of a long wooden footbridge and find ourselves at the mouth of the Bobroveck\u00e1 valley (1,005 m) and the Parichvost valley.<\/p>\n<!-- \/wp:paragraph -->\n\n<!-- wp:paragraph -->\n<p><img src=\"http:\/\/www.visitliptov.sk\/wp-content\/uploads\/2019\/04\/ziarska_chata_kolobezky.jpg\" alt=\"\"><\/p>\n<!-- \/wp:paragraph -->\n\n<!-- wp:paragraph -->\n<p>Behind the footbridge we cross the blue (2710) and green (5611) marked path to the Parichvost valley. We will get to the left side of the valley via wooden bridges and we will climb through the forest (about 1 hour) to the turn-off of a green marked path at the mouth of the Hlbok\u00e1 valley (1,130 m). We continue along the blue mark, cross the bridge to the left side of the valley and ascend steeper through the forest into the pine trees zone. We return to the stream again and cross to the other side. We go up a steep serpentine path between pine trees and rocky ribs and continue along a longer traverse through a fan of rocky gutters and a grassy slope to the left to Ban\u00edkovsk\u00e9 saddle (2,040 m). Here we turn right and follow the red marked ridge road (0862) with a steep, sometimes exposed ridge to get under the top rib. After it we go to the highest point of the route - Ban\u00edkov (2,178 m).<\/p>\n<!-- \/wp:paragraph -->\n\n<!-- wp:image {\"align\":\"right\",\"width\":237,\"height\":314,\"sizeSlug\":\"large\"} -->\n<div class=\"wp-block-image\"><figure class=\"alignright size-large is-resized\"><img src=\"http:\/\/www.visitliptov.sk\/wp-content\/uploads\/2019\/04\/sarafiovy-vodopad.jpg\" alt=\"\" width=\"237\" height=\"314\" \/><\/figure><\/div>\n<!-- \/wp:image -->\n\n<!-- wp:paragraph -->\n<p>From its top we can enjoy a beautiful circular views of the Orava, Liptov and Tatra landmarks. After a short rest, from the top of Ban\u00edkov we set off along the green sign (5610), which leads through the southern rib to the shallow saddle. From there we ascend the exposed rock ridge to the second highest point of the route - Pr\u00edslop hill (2,142 m). We continue south on a rocky, later widening grassy slope to the wide Jalovecke saddle (1,858 m). From the saddle, the markers will take us to the eastern slope to the first islands of pine trees. We descend the gutter through the serpentines. Then we turn to the left into the gutter under \u0160arafiov\u00fd waterfall. We cross the stream on its left side. We follow the path to the Place of Remembrance for the victims of mountain accidents in the Western Tatras. From there we walk by to the house of the mountain service to \u017diarsk\u00e1 chalet (1,300 m) and a comfortable descent down \u017diarsk\u00e1 valley we end the trip at the bus stop just below the mouth of \u017diarsk\u00e1 valley (880 m).<\/p>\n<!-- \/wp:paragraph -->","featured_media":81445,"featured_media_url":"https:\/\/www.visitliptov.sk\/wp-content\/uploads\/2019\/04\/ustie_ziarskej_doliny-600x205.jpg","images_gallery_urls":[],"fotka_1_url":null,"fotka_2_url":null,"fotka_3_url":null,"fotka_4_url":null,"fotka_5_url":null,"fotka_6_url":null,"fotka_7_url":null,"fotka_8_url":null}},"_links":{"self":[{"href":"https:\/\/www.visitliptov.sk\/en\/wp-json\/wp\/v2\/pages\/133779"}],"collection":[{"href":"https:\/\/www.visitliptov.sk\/en\/wp-json\/wp\/v2\/pages"}],"about":[{"href":"https:\/\/www.visitliptov.sk\/en\/wp-json\/wp\/v2\/types\/page"}],"author":[{"embeddable":true,"href":"https:\/\/www.visitliptov.sk\/en\/wp-json\/wp\/v2\/users\/1"}],"replies":[{"embeddable":true,"href":"https:\/\/www.visitliptov.sk\/en\/wp-json\/wp\/v2\/comments?post=133779"}],"version-history":[{"count":0,"href":"https:\/\/www.visitliptov.sk\/en\/wp-json\/wp\/v2\/pages\/133779\/revisions"}],"wp:featuredmedia":[{"embeddable":true,"href":"https:\/\/www.visitliptov.sk\/en\/wp-json\/wp\/v2\/media\/81445"}],"wp:attachment":[{"href":"https:\/\/www.visitliptov.sk\/en\/wp-json\/wp\/v2\/media?parent=133779"}],"curies":[{"name":"wp","href":"https:\/\/api.w.org\/{rel}","templated":true}]}}