{"id":133155,"date":"2020-12-10T16:49:53","date_gmt":"2020-12-10T15:49:53","guid":{"rendered":"https:\/\/www.visitliptov.sk\/covid-opatrenia\/"},"modified":"2022-10-05T09:20:12","modified_gmt":"2022-10-05T07:20:12","slug":"current-covid-measures","status":"publish","type":"page","link":"https:\/\/www.visitliptov.sk\/en\/current-covid-measures\/","title":{"rendered":"Current COVID-19 measures"},"content":{"rendered":"\r\n<div id=\"contact-block_5fd20bad99958\" class=\"blog-cats\">\r\n        <div class=\"facetwp-radio\">\r\n        <a href=\"#traveling\">\r\n        Traveling to Slovakia        <\/a>\r\n      <\/div>\r\n            <div class=\"facetwp-radio\">\r\n        <a href=\"#restrictions\">\r\n        Restrictions and measures in the region Liptov        <\/a>\r\n      <\/div>\r\n            <div class=\"facetwp-radio\">\r\n        <a href=\"#testing\">\r\n        Testing areas        <\/a>\r\n      <\/div>\r\n      <\/div>\r\n\n\n\n<h2 class=\"wp-block-heading\"><span class=\"has-inline-color has-red-color\">Holidays in Liptov without restrictions<\/span><\/h2>\n\n\n\n<h4 class=\"wp-block-heading\"><strong>Face covering<\/strong><\/h4>\n\n\n\n<p>Upper airway cover is not mandatory. The FFP2 respirator is still mandatory for use in medical, social and pharmacy settings.<\/p>\n\n\n\n<hr class=\"wp-block-separator\"\/>\n\n\n\n<h2 class=\"wp-block-heading\" id=\"traveling\"><span class=\"has-inline-color has-red-color\">Traveling to Slovakia<\/span><\/h2>\n\n\n\n<p>There is no obligation to register on the eHranica and mandatory quarantine for unvaccinated persons. It is still recommended to be cautious, monitor your health and contact your general practitioner if symptoms of COVID-19 appear. pediatrician.<br><\/p>\n\n\n\n<p>You can also find more information at: <a href=\"https:\/\/korona.gov.sk\/cestovanie-do-sr\/\" target=\"_blank\" rel=\"noreferrer noopener\">https:\/\/korona.gov.sk\/cestovanie-do-sr\/<\/a><\/p>\n\n\n\n<hr class=\"wp-block-separator\"\/>\n\n\n\n<h2 class=\"wp-block-heading\" id=\"testing\">Testing areas<\/h2>\n\n\n\n<p><\/p>\n\n\n\n<h4 class=\"wp-block-heading\">Places which carry out AG testing:<\/h4>\n\n\n\n<figure class=\"wp-block-table is-style-stripes\"><table><tbody><tr><td><strong>Town<\/strong><\/td><td><\/td><td class=\"has-text-align-left\" data-align=\"left\"><strong>Address<\/strong><\/td><td><strong>Operating time<\/strong><\/td><td><strong>Test \/ Price<\/strong><\/td><td><strong>Note<\/strong><\/td><\/tr><tr><td><strong>Liptovsk\u00fd Mikul\u00e1\u0161<\/strong><\/td><td><strong><a href=\"https:\/\/www.google.com\/maps\/place\/Poliklinika+Liptovsk%C3%BD+Mikul%C3%A1%C5%A1\/@49.0862688,19.6034958,18z\/data=!4m5!3m4!1s0x4715992f7ba99829:0xed07397d18fae5ee!8m2!3d49.0866008!4d19.6048959\" target=\"_blank\" rel=\"noreferrer noopener\">navigate<\/a><\/strong><\/td><td class=\"has-text-align-left\" data-align=\"left\">Schneider laboratory<br>J\u00e1no\u0161\u00edkovo n\u00e1bre\u017eie 1212\/2<br>(polyclinic building 2nd floor)<br>tel. +421 948 279 534<\/td><td>Mon &#8211; Fri<br>07:00 &#8211; 15:30<\/td><td>AG test<br>10 \u20ac<br>PCR test<br>59 \u20ac<\/td><td>PCR &#8211;<a href=\"https:\/\/www.schneider-laboratoria.sk\/covid-testovanie.html\" target=\"_blank\" rel=\"noreferrer noopener\"> in order<\/a><\/td><\/tr><tr><td><strong>Liptovsk\u00fd Mikul\u00e1\u0161<\/strong><\/td><td><a href=\"https:\/\/www.google.com\/maps\/place\/%C5%A0t%C3%BArova+3520,+031+01+Liptovsk%C3%BD+Mikul%C3%A1%C5%A1\/@49.0854997,19.6051107,17z\/data=!3m1!4b1!4m5!3m4!1s0x4715992fc38f005f:0xd8f61934af755169!8m2!3d49.0854997!4d19.6072994\" target=\"_blank\" rel=\"noreferrer noopener\"><strong>navigate<\/strong><\/a><\/td><td class=\"has-text-align-left\" data-align=\"left\">DZS PT, s.r.o.<br>\u0160t\u00farova 3520\/20<br>(building opposite the City Police)<br>tel. +421 915 777 820<\/td><td>Mon \u2013 Sun<br>09:00 \u2013 11:30<br>12:00 \u2013 14:00<\/td><td>AG test<br>6 \u20ac \/ 10 \u20ac <br>PCR test<br>60 \u20ac<\/td><td>without order, payment only in cash<\/td><\/tr><tr><td><strong>Liptovsk\u00fd Mikul\u00e1\u0161<\/strong><\/td><td><strong><a href=\"https:\/\/goo.gl\/maps\/RBFwpjSMFY7vKYk57\" target=\"_blank\" rel=\"noreferrer noopener\">navigate<\/a><\/strong><\/td><td class=\"has-text-align-left\" data-align=\"left\">Liptovsk\u00e1 nemocnica s poliklinikou MUDr. I. Stodolu, Pal\u00fa\u010dansk\u00e1 25<br>(parking lot in front of the main entrance to the hospital)<\/td><td>Mon, Wed \u2013 Fri<br>07:30 \u2013 12:00<\/td><td><\/td><td>NOT FOR SELF-PAYERS<br>in order to<br><a href=\"https:\/\/korona.gov.sk\/\" target=\"_blank\" rel=\"noreferrer noopener\">www.korona.gov.sk<\/a><\/td><\/tr><tr><td><strong>Ru\u017eomberok &#8211; Likavka<\/strong><\/td><td><strong><a href=\"https:\/\/www.google.sk\/maps\/place\/Likavka+66,+034+95+Likavka\/@49.0873353,19.3056082,17z\/data=!4m5!3m4!1s0x4715a634caf0d227:0xecae9fe76ca2416e!8m2!3d49.0871801!4d19.3078145\" target=\"_blank\" rel=\"noreferrer noopener\">navigate<\/a><\/strong><\/td><td class=\"has-text-align-left\" data-align=\"left\">UNILABS Alpha Medical, s.r.o.<br>J. Bellu 66, Likavka<br>+421 850 150 000<\/td><td>Mon \u2013 Fri<br>08:30 \u2013 09:30<br>10:45 \u2013 12:00<\/td><td>PCR test<br>28-38 \u20ac<\/td><td><a href=\"https:\/\/sk.lab.online\/covid-19\" target=\"_blank\" rel=\"noreferrer noopener\">in order<\/a><\/td><\/tr><\/tbody><\/table><\/figure>\n\n\n\n<p>Note: Due to dynamic changes is regularly updated.<\/p>\n\n\n\n<p class=\"has-text-align-right\">Updated: 21.9.2022, 03:00 PM<\/p>\n\n\n\n<p><\/p>\n","protected":false},"excerpt":{"rendered":"<p>Holidays in Liptov without restrictions Face covering Upper airway cover is not mandatory. The FFP2 respirator is still mandatory for &#8230;<\/p>\n","protected":false},"author":15,"featured_media":0,"parent":0,"menu_order":0,"comment_status":"closed","ping_status":"closed","template":"","meta":{"_acf_changed":false,"inline_featured_image":false,"episode_type":"","audio_file":"","cover_image":"","cover_image_id":"","duration":"","filesize":"","date_recorded":"","explicit":"","block":"","filesize_raw":"","_jf_limit_responses":"","footnotes":""},"class_list":["post-133155","page","type-page","status-publish","hentry"],"acf":{"vyhradny_obrazok":false,"second_feature_image":null,"search_top_keywords":""},"wpml_translations_detailed":{"sk":{"id":132826,"title":"Aktu\u00e1lne COVID-19 opatrenia a odberov\u00e9 miesta","url":"https:\/\/www.visitliptov.sk\/covid-opatrenia\/","api_url":"https:\/\/www.visitliptov.sk\/en\/wp-json\/wp\/v2\/page\/132826","status":"publish","excerpt":"Dovolenka na Liptove bez obmedzen\u00ed Povinnos\u0165 nosi\u0165 respir\u00e1tory a&nbsp;r\u00fa\u0161ka Prekrytie horn\u00fdch d\u00fdchac\u00edch ciest nie je povinn\u00e9. Respir\u00e1tor FFP2 je na\u010falej ...","content":"<!-- wp:acf\/ns-anchor {\"id\":\"block_5fd20bad99958\",\"name\":\"acf\/ns-anchor\",\"data\":{\"data_0_text\":\"Ako dovolenkova\u0165 na Liptove?\",\"_data_0_text\":\"field_5c8f6062b026d\",\"data_0_link\":\"#obmedzenia\",\"_data_0_link\":\"field_5c8f6062b02e3\",\"data_1_text\":\"Cestovanie do SR\",\"_data_1_text\":\"field_5c8f6062b026d\",\"data_1_link\":\"#cestovanie\",\"_data_1_link\":\"field_5c8f6062b02e3\",\"data_2_text\":\"O\u010dkovanie na Liptove\",\"_data_2_text\":\"field_5c8f6062b026d\",\"data_2_link\":\"#ockovanie\",\"_data_2_link\":\"field_5c8f6062b02e3\",\"data_3_text\":\"Testovacie miesta\",\"_data_3_text\":\"field_5c8f6062b026d\",\"data_3_link\":\"#miesta\",\"_data_3_link\":\"field_5c8f6062b02e3\",\"data\":4,\"_data\":\"field_5c8f606275793\"},\"align\":\"\",\"mode\":\"edit\"} \/-->\n\n<!-- wp:paragraph -->\n<p><\/p>\n<!-- \/wp:paragraph -->\n\n<!-- wp:heading {\"level\":1} -->\n<h1><span class=\"has-inline-color has-red-color\">Dovolenka na Liptove bez obmedzen\u00ed<\/span><\/h1>\n<!-- \/wp:heading -->\n\n<!-- wp:paragraph -->\n<p><\/p>\n<!-- \/wp:paragraph -->\n\n<!-- wp:heading {\"level\":4} -->\n<h4><strong>Povinnos\u0165 nosi\u0165 respir\u00e1tory a&nbsp;r\u00fa\u0161ka<\/strong><\/h4>\n<!-- \/wp:heading -->\n\n<!-- wp:paragraph -->\n<p>Prekrytie horn\u00fdch d\u00fdchac\u00edch ciest nie je povinn\u00e9. Respir\u00e1tor FFP2 je na\u010falej povinn\u00fd pou\u017e\u00edva\u0165 v zdravotn\u00edckych, soci\u00e1lnych zaradeniach a v lek\u00e1r\u0148ach.<\/p>\n<!-- \/wp:paragraph -->\n\n<!-- wp:paragraph -->\n<p>Odkazy:<\/p>\n<!-- \/wp:paragraph -->\n\n<!-- wp:list -->\n<ul><li><a href=\"https:\/\/www.uvzsr.sk\/docs\/info\/ut\/vyhlaska_35.pdf\" target=\"_blank\" rel=\"noreferrer noopener\">Vyhl\u00e1\u0161ka 35\/2022<\/a> zo d\u0148a 9.6.2022 \u2013 prekrytie horn\u00fdch d\u00fdchac\u00edch ciest<\/li><\/ul>\n<!-- \/wp:list -->\n\n<!-- wp:separator -->\n<hr class=\"wp-block-separator\"\/>\n<!-- \/wp:separator -->\n\n<!-- wp:heading {\"level\":1} -->\n<h1 id=\"ockovanie\"><span class=\"has-inline-color has-red-color\">Inform\u00e1cia o o\u010dkovan\u00ed v regi\u00f3ne Liptov<\/span><\/h1>\n<!-- \/wp:heading -->\n\n<!-- wp:paragraph -->\n<p>Fyzick\u00e1 a&nbsp;psychick\u00e1 pohoda \u013eud\u00ed s\u00favis\u00ed aj s&nbsp;mo\u017enos\u0165ou tr\u00e1vi\u0165 \u010das pobytom na hor\u00e1ch, \u010di u\u017e pri ly\u017eovan\u00ed, be\u017ekovan\u00ed, skialpinizme, prech\u00e1dzkach v&nbsp;zasne\u017eenej pr\u00edrode \u010di wellnesov\u00fdch aktivit\u00e1ch. Zdravie je to najd\u00f4le\u017eitej\u0161ie, preto bu\u010fme zodpovedn\u00ed.  <strong>CHR\u00c1\u0147ME SAMI SEBA!<\/strong><\/p>\n<!-- \/wp:paragraph -->\n\n<!-- wp:paragraph -->\n<p><a href=\"https:\/\/www.visitliptov.sk\/informacie-o-ockovani\/\">Viac inform\u00e1ci\u00ed...<\/a><\/p>\n<!-- \/wp:paragraph -->\n\n<!-- wp:separator -->\n<hr class=\"wp-block-separator\"\/>\n<!-- \/wp:separator -->\n\n<!-- wp:group -->\n<div class=\"wp-block-group\"><div class=\"wp-block-group__inner-container\"><!-- wp:heading {\"level\":1} -->\n<h1><span class=\"has-inline-color has-red-color\">Cestovanie do SR<\/span><\/h1>\n<!-- \/wp:heading -->\n\n<!-- wp:paragraph -->\n<p>Nie je povinnos\u0165 registr\u00e1cie na eHranici aj povinn\u00e1 karant\u00e9na pre nezao\u010dkovan\u00e9 osoby. Na\u010falej sa odpor\u00fa\u010da obozretnos\u0165, sledova\u0165 svoj zdravotn\u00fd stav a v pr\u00edpade objavenia sa pr\u00edznakov COVID-19 kontaktova\u0165 svojho v\u0161eobecn\u00e9ho lek\u00e1ra, resp. pediatra.<\/p>\n<!-- \/wp:paragraph -->\n\n<!-- wp:paragraph -->\n<p>Viac inform\u00e1ci\u00ed n\u00e1jdete aj na: <a href=\"https:\/\/korona.gov.sk\/cestovanie-do-sr\/\">https:\/\/korona.gov.sk\/cestovanie-do-sr\/<\/a><\/p>\n<!-- \/wp:paragraph --><\/div><\/div>\n<!-- \/wp:group -->\n\n<!-- wp:separator -->\n<hr class=\"wp-block-separator\"\/>\n<!-- \/wp:separator -->\n\n<!-- wp:heading -->\n<h2 id=\"miesta\">Testovacie miesta<\/h2>\n<!-- \/wp:heading -->\n\n<!-- wp:paragraph -->\n<p><\/p>\n<!-- \/wp:paragraph -->\n\n<!-- wp:heading {\"level\":4} -->\n<h4>Zoznam miest vykon\u00e1vaj\u00facich testovanie:<\/h4>\n<!-- \/wp:heading -->\n\n<!-- wp:table {\"className\":\"is-style-stripes\"} -->\n<figure class=\"wp-block-table is-style-stripes\"><table><tbody><tr><td><strong>Mesto<\/strong><\/td><td>&nbsp;<\/td><td><strong>Adresa<\/strong><\/td><td><strong>Prev\u00e1dzkov\u00e1 doba<\/strong><\/td><td><strong>Test \/ cena<\/strong><\/td><td><strong>Pozn\u00e1mka<\/strong><\/td><\/tr><tr><td><strong>Liptovsk\u00fd<\/strong> <strong>Mikul\u00e1\u0161<\/strong><\/td><td><strong><a href=\"https:\/\/www.google.com\/maps\/place\/Poliklinika+Liptovsk%C3%BD+Mikul%C3%A1%C5%A1\/@49.0862688,19.6034958,18z\/data=!4m5!3m4!1s0x4715992f7ba99829:0xed07397d18fae5ee!8m2!3d49.0866008!4d19.6048959\" target=\"_blank\" rel=\"noreferrer noopener\">naviguj<\/a><\/strong><\/td><td>Schneider laborat\u00f3ria<br>J\u00e1no\u0161\u00edkovo n\u00e1bre\u017eie 1212\/2 <br>(budova polikliniky 2. poschodie)<br>tel. +421 0948 279 534<\/td><td>Pon - Pia<br>07:00 - 15:30<\/td><td>AG test<br>10 \u20ac<br>PCR test<br>59 \u20ac<\/td><td>PCR -<a href=\"https:\/\/www.schneider-laboratoria.sk\/covid-testovanie.html\" target=\"_blank\" rel=\"noreferrer noopener\"> na objedn\u00e1vku<\/a><br><\/td><\/tr><tr><td><strong>Liptovsk\u00fd Mikul\u00e1\u0161<\/strong><\/td><td><a href=\"https:\/\/www.google.com\/maps\/place\/%C5%A0t%C3%BArova+3520,+031+01+Liptovsk%C3%BD+Mikul%C3%A1%C5%A1\/@49.0854997,19.6051107,17z\/data=!3m1!4b1!4m5!3m4!1s0x4715992fc38f005f:0xd8f61934af755169!8m2!3d49.0854997!4d19.6072994\" target=\"_blank\" rel=\"noreferrer noopener\"><strong>naviguj<\/strong><\/a><\/td><td>DZS PT, s.r.o.<br>\u0160t\u00farova 3520\/20<br>(budova oproti Mestskej pol\u00edcii)<br>tel. +421 915 777 820<\/td><td>Pon - Ne<br>09:00 - 11:30<br>12:00 - 14:00<\/td><td>AG test<br>6 \u20ac \/ 10 \u20ac zahrani\u010dn\u00ed<br>PCR test<br>60 \u20ac<\/td><td><br>bez objedn\u00e1vky, platba len v hotovosti<br><\/td><\/tr><tr><td><strong>Liptovsk\u00fd Mikul\u00e1\u0161<\/strong><\/td><td><strong><a href=\"https:\/\/goo.gl\/maps\/RBFwpjSMFY7vKYk57\" target=\"_blank\" rel=\"noreferrer noopener\">naviguj<\/a><\/strong><\/td><td>Liptovsk\u00e1 nemocnica s poliklinikou MUDr. I. Stodolu, Pal\u00fa\u010dansk\u00e1 25<br>(parkovisko pred hlavn\u00fdm vstupom do nemocnice)<\/td><td>Po, Str - Pia<br>07:30 - 12:00<\/td><td><\/td><td>NIE PRE SAMOPLATCOV<br>na objedn\u00e1vku cez<br><a href=\"https:\/\/korona.gov.sk\/\" target=\"_blank\" rel=\"noreferrer noopener\">www.korona.gov.sk<\/a><\/td><\/tr><tr><td><strong>Ru\u017eomberok - Likavka<\/strong><\/td><td><strong><a href=\"https:\/\/goo.gl\/maps\/RcyTKW2eNes4x6fx8\" target=\"_blank\" rel=\"noreferrer noopener\">naviguj<\/a><\/strong><\/td><td>UNILABS Alpha Medical, s.r.o.<br>J. Bellu 66, Likavka<br>+421 850 150 000<\/td><td>Po - Pia<br>08:30 - 09:30<br>10:45 - 12:00<\/td><td>PCR test<br>28-38 \u20ac<\/td><td><a href=\"https:\/\/sk.lab.online\/covid-19\" target=\"_blank\" rel=\"noreferrer noopener\">na objedn\u00e1vku<\/a><\/td><\/tr><\/tbody><\/table><\/figure>\n<!-- \/wp:table -->\n\n<!-- wp:paragraph -->\n<p>Pozn\u00e1mka: Z d\u00f4vodu dynamick\u00fdch zmien sa tabu\u013eka pravidelne aktualizuje.<\/p>\n<!-- \/wp:paragraph -->\n\n<!-- wp:paragraph {\"align\":\"right\"} -->\n<p class=\"has-text-align-right\">D\u00e1tum aktualiz\u00e1cie: 21.09.2022, 15:00<\/p>\n<!-- \/wp:paragraph -->\n\n<!-- wp:paragraph -->\n<p><\/p>\n<!-- \/wp:paragraph -->","featured_media":0,"featured_media_url":null,"images_gallery_urls":[],"fotka_1_url":null,"fotka_2_url":null,"fotka_3_url":null,"fotka_4_url":null,"fotka_5_url":null,"fotka_6_url":null,"fotka_7_url":null,"fotka_8_url":null},"en":{"id":133155,"title":"Current COVID-19 measures","url":"https:\/\/www.visitliptov.sk\/en\/current-covid-measures\/","api_url":"https:\/\/www.visitliptov.sk\/en\/wp-json\/wp\/v2\/page\/133155","status":"publish","excerpt":"Holidays in Liptov without restrictions Face covering Upper airway cover is not mandatory. The FFP2 respirator is still mandatory for ...","content":"<!-- wp:acf\/ns-anchor {\"id\":\"block_5fd20bad99958\",\"name\":\"acf\/ns-anchor\",\"data\":{\"data_0_text\":\"Traveling to Slovakia\",\"_data_0_text\":\"field_5c8f6062b026d\",\"data_0_link\":\"#traveling\",\"_data_0_link\":\"field_5c8f6062b02e3\",\"data_1_text\":\"Restrictions and measures in the region Liptov\",\"_data_1_text\":\"field_5c8f6062b026d\",\"data_1_link\":\"#restrictions\",\"_data_1_link\":\"field_5c8f6062b02e3\",\"data_2_text\":\"Testing areas\",\"_data_2_text\":\"field_5c8f6062b026d\",\"data_2_link\":\"#testing\",\"_data_2_link\":\"field_5c8f6062b02e3\",\"data\":3,\"_data\":\"field_5c8f606275793\"},\"align\":\"\",\"mode\":\"edit\"} \/-->\n\n<!-- wp:heading -->\n<h2><span class=\"has-inline-color has-red-color\">Holidays in Liptov without restrictions<\/span><\/h2>\n<!-- \/wp:heading -->\n\n<!-- wp:heading {\"level\":4} -->\n<h4><strong>Face covering<\/strong><\/h4>\n<!-- \/wp:heading -->\n\n<!-- wp:paragraph -->\n<p>Upper airway cover is not mandatory. The FFP2 respirator is still mandatory for use in medical, social and pharmacy settings.<\/p>\n<!-- \/wp:paragraph -->\n\n<!-- wp:separator -->\n<hr class=\"wp-block-separator\"\/>\n<!-- \/wp:separator -->\n\n<!-- wp:heading -->\n<h2 id=\"traveling\"><span class=\"has-inline-color has-red-color\">Traveling to Slovakia<\/span><\/h2>\n<!-- \/wp:heading -->\n\n<!-- wp:paragraph -->\n<p>There is no obligation to register on the eHranica and mandatory quarantine for unvaccinated persons. It is still recommended to be cautious, monitor your health and contact your general practitioner if symptoms of COVID-19 appear. pediatrician.<br><\/p>\n<!-- \/wp:paragraph -->\n\n<!-- wp:paragraph -->\n<p>You can also find more information at: <a href=\"https:\/\/korona.gov.sk\/cestovanie-do-sr\/\" target=\"_blank\" rel=\"noreferrer noopener\">https:\/\/korona.gov.sk\/cestovanie-do-sr\/<\/a><\/p>\n<!-- \/wp:paragraph -->\n\n<!-- wp:separator -->\n<hr class=\"wp-block-separator\"\/>\n<!-- \/wp:separator -->\n\n<!-- wp:heading -->\n<h2 id=\"testing\">Testing areas<\/h2>\n<!-- \/wp:heading -->\n\n<!-- wp:paragraph -->\n<p><\/p>\n<!-- \/wp:paragraph -->\n\n<!-- wp:heading {\"level\":4} -->\n<h4>Places which carry out AG testing:<\/h4>\n<!-- \/wp:heading -->\n\n<!-- wp:table {\"className\":\"is-style-stripes\"} -->\n<figure class=\"wp-block-table is-style-stripes\"><table><tbody><tr><td><strong>Town<\/strong><\/td><td><\/td><td class=\"has-text-align-left\" data-align=\"left\"><strong>Address<\/strong><\/td><td><strong>Operating time<\/strong><\/td><td><strong>Test \/ Price<\/strong><\/td><td><strong>Note<\/strong><\/td><\/tr><tr><td><strong>Liptovsk\u00fd Mikul\u00e1\u0161<\/strong><\/td><td><strong><a href=\"https:\/\/www.google.com\/maps\/place\/Poliklinika+Liptovsk%C3%BD+Mikul%C3%A1%C5%A1\/@49.0862688,19.6034958,18z\/data=!4m5!3m4!1s0x4715992f7ba99829:0xed07397d18fae5ee!8m2!3d49.0866008!4d19.6048959\" target=\"_blank\" rel=\"noreferrer noopener\">navigate<\/a><\/strong><\/td><td class=\"has-text-align-left\" data-align=\"left\">Schneider laboratory<br>J\u00e1no\u0161\u00edkovo n\u00e1bre\u017eie 1212\/2<br>(polyclinic building 2nd floor)<br>tel. +421 948 279 534<\/td><td>Mon - Fri<br>07:00 - 15:30<\/td><td>AG test<br>10 \u20ac<br>PCR test<br>59 \u20ac<\/td><td>PCR -<a href=\"https:\/\/www.schneider-laboratoria.sk\/covid-testovanie.html\" target=\"_blank\" rel=\"noreferrer noopener\"> in order<\/a><\/td><\/tr><tr><td><strong>Liptovsk\u00fd Mikul\u00e1\u0161<\/strong><\/td><td><a href=\"https:\/\/www.google.com\/maps\/place\/%C5%A0t%C3%BArova+3520,+031+01+Liptovsk%C3%BD+Mikul%C3%A1%C5%A1\/@49.0854997,19.6051107,17z\/data=!3m1!4b1!4m5!3m4!1s0x4715992fc38f005f:0xd8f61934af755169!8m2!3d49.0854997!4d19.6072994\" target=\"_blank\" rel=\"noreferrer noopener\"><strong>navigate<\/strong><\/a><\/td><td class=\"has-text-align-left\" data-align=\"left\">DZS PT, s.r.o.<br>\u0160t\u00farova 3520\/20<br>(building opposite the City Police)<br>tel. +421 915 777 820<\/td><td>Mon \u2013 Sun<br>09:00 \u2013 11:30<br>12:00 \u2013 14:00<\/td><td>AG test<br>6 \u20ac \/ 10 \u20ac <br>PCR test<br>60 \u20ac<\/td><td>without order, payment only in cash<\/td><\/tr><tr><td><strong>Liptovsk\u00fd Mikul\u00e1\u0161<\/strong><\/td><td><strong><a href=\"https:\/\/goo.gl\/maps\/RBFwpjSMFY7vKYk57\" target=\"_blank\" rel=\"noreferrer noopener\">navigate<\/a><\/strong><\/td><td class=\"has-text-align-left\" data-align=\"left\">Liptovsk\u00e1 nemocnica s poliklinikou MUDr. I. Stodolu, Pal\u00fa\u010dansk\u00e1 25<br>(parking lot in front of the main entrance to the hospital)<\/td><td>Mon, Wed \u2013 Fri<br>07:30 \u2013 12:00<\/td><td><\/td><td>NOT FOR SELF-PAYERS<br>in order to<br><a href=\"https:\/\/korona.gov.sk\/\" target=\"_blank\" rel=\"noreferrer noopener\">www.korona.gov.sk<\/a><\/td><\/tr><tr><td><strong>Ru\u017eomberok - Likavka<\/strong><\/td><td><strong><a href=\"https:\/\/www.google.sk\/maps\/place\/Likavka+66,+034+95+Likavka\/@49.0873353,19.3056082,17z\/data=!4m5!3m4!1s0x4715a634caf0d227:0xecae9fe76ca2416e!8m2!3d49.0871801!4d19.3078145\" target=\"_blank\" rel=\"noreferrer noopener\">navigate<\/a><\/strong><\/td><td class=\"has-text-align-left\" data-align=\"left\">UNILABS Alpha Medical, s.r.o.<br>J. Bellu 66, Likavka<br>+421 850 150 000<\/td><td>Mon \u2013 Fri<br>08:30 \u2013 09:30<br>10:45 \u2013 12:00<\/td><td>PCR test<br>28-38 \u20ac<\/td><td><a href=\"https:\/\/sk.lab.online\/covid-19\" target=\"_blank\" rel=\"noreferrer noopener\">in order<\/a><\/td><\/tr><\/tbody><\/table><\/figure>\n<!-- \/wp:table -->\n\n<!-- wp:paragraph -->\n<p>Note: Due to dynamic changes is regularly updated.<\/p>\n<!-- \/wp:paragraph -->\n\n<!-- wp:paragraph {\"align\":\"right\"} -->\n<p class=\"has-text-align-right\">Updated: 21.9.2022, 03:00 PM<\/p>\n<!-- \/wp:paragraph -->\n\n<!-- wp:paragraph -->\n<p><\/p>\n<!-- \/wp:paragraph -->","featured_media":0,"featured_media_url":null,"images_gallery_urls":[],"fotka_1_url":null,"fotka_2_url":null,"fotka_3_url":null,"fotka_4_url":null,"fotka_5_url":null,"fotka_6_url":null,"fotka_7_url":null,"fotka_8_url":null}},"_links":{"self":[{"href":"https:\/\/www.visitliptov.sk\/en\/wp-json\/wp\/v2\/pages\/133155"}],"collection":[{"href":"https:\/\/www.visitliptov.sk\/en\/wp-json\/wp\/v2\/pages"}],"about":[{"href":"https:\/\/www.visitliptov.sk\/en\/wp-json\/wp\/v2\/types\/page"}],"author":[{"embeddable":true,"href":"https:\/\/www.visitliptov.sk\/en\/wp-json\/wp\/v2\/users\/15"}],"replies":[{"embeddable":true,"href":"https:\/\/www.visitliptov.sk\/en\/wp-json\/wp\/v2\/comments?post=133155"}],"version-history":[{"count":0,"href":"https:\/\/www.visitliptov.sk\/en\/wp-json\/wp\/v2\/pages\/133155\/revisions"}],"wp:attachment":[{"href":"https:\/\/www.visitliptov.sk\/en\/wp-json\/wp\/v2\/media?parent=133155"}],"curies":[{"name":"wp","href":"https:\/\/api.w.org\/{rel}","templated":true}]}}