{"id":133089,"date":"2016-01-29T00:00:00","date_gmt":"2016-01-28T23:00:00","guid":{"rendered":"https:\/\/www.visitliptov.sk\/ziar-ziarska-dolina-sarafiovy-vodopad\/"},"modified":"2020-12-16T12:40:32","modified_gmt":"2020-12-16T11:40:32","slug":"ziar-ziarska-dolina-sarafiovy-vodopad","status":"publish","type":"page","link":"https:\/\/www.visitliptov.sk\/en\/ziar-ziarska-dolina-sarafiovy-vodopad\/","title":{"rendered":"\u017diar &#8211; \u017diarska dolina &#8211; \u0160arafiov\u00fd vodop\u00e1d"},"content":{"rendered":"<p>Tourist route: \u017diar \u2013 \u017diarska dolina \u2013 \u0160arafiov\u00fd waterfall and back<\/p>\n<p>ON THE ROADS OF FRAGRANT TREES<\/p>\n<p>Area: Western Tatras<\/p>\n<p>Destination of the route: Sharafian waterfall (1,480 m above sea level)<\/p>\n<p>Difficulty: medium<\/p>\n<p>Duration: 5 h<\/p>\n<p>Starting point: \u017diarsk\u00e1 valley<\/p>\n<p><img decoding=\"async\" src=\"http:\/\/www.visitliptov.sk\/wp-content\/uploads\/2019\/04\/saraf_vod_ziar_graf.jpg\" alt=\"\" \/>Route: <strong>Smre\u010dany &#8211; \u017diar &#8211; Sala\u0161 \u017diar &#8211; \u017diarska valley \u2013 cottage \u017diarska chata &#8211; Cemetery &#8211; \u0160arafiov\u00fd waterfall and back.<\/strong><\/p>\n<p>Before entering the \u017diarsk\u00e1 valley, take a relaxing break at Sala\u0161 \u017diar. In this traditional wooden restaurant with many accessories reminding old traditions of sheep breeding in the area, you will enjoy your stay with cosy home atmosphere, sitting by the fireplace and good cuisine.<\/p>\n<p>You can go on a journey through \u017diarsk\u00e1 valley to cottage \u017diarsk\u00e1 chata (1325 m.n.m.). \u017diarska cottage is the gateway to the tourist area \u017diarsk\u00e1 valley and Roh\u00e1\u010de in the Western Tatras. It is the only alpine cottage in the Western Tatras, located at the end of some of its valleys, accessible from the Liptov side. It is not only a place of rest and a base for the start of alpine tours but also a place that has helped save many lives. The cottage was completely renovated in 2006, and currently is in full operation and provides its visitors with complete accommodation and catering services. It is open non-stop.<\/p>\n<p>The attractions of \u017diarsk\u00e1 valley include the symbolic cemetery of the victims of the mountain disasters of the Western Tatras, which was established in 1995 in the area of Kr\u00e1sn\u00f4 under the peak Pr\u00edslop. The place consists of a wooden gate, sculptures, a cross with a bell and a central boulder with the names of people who have not returned from the tour. Memorial plaques of individual tragedies are placed on the rocks around.<\/p>\n<p><img decoding=\"async\" src=\"http:\/\/www.visitliptov.sk\/wp-content\/uploads\/2019\/04\/sarafiovy-vodopad.jpg\" alt=\"\" \/><img decoding=\"async\" src=\"http:\/\/www.visitliptov.sk\/wp-content\/uploads\/2019\/04\/ziarska-dolina-kolobezky.jpg\" alt=\"\" \/><\/p>\n<p>Behind the cemetery, about fifteen minutes from the cottage along the green marked trail in the direction of Jaloveck\u00e9 sedlo in \u0160arafiov\u00e1 creek, with a system of waterfalls, from which the lowest step is visible from the trail. There are several route options from \u017diarsk\u00e1 cottage. It is up to you whether you choose marked hiking trails leading from the \u017diarska cottage to Pla\u010dliv\u00f4, Ostr\u00fd Roh\u00e1\u010d or other mountain peaks, or return to the valley.<\/p>\n<p>A great experience to return to the bottom of \u017diarsk\u00e1 valley will be a ride on scooters, which you can rent, for a fee at \u017diarsk\u00e1 cottage. Through the valley flows The Smre\u010dianka stream with its rich flora and fauna. In the surrounding meadows, you can see grazing sheep and cows, you can enjoy the view of the majestic peaks of the Baranec, Tri kopy, Ban\u00edkov, Pr\u00edslop and other peaks.<\/p>\n<p>The valley in winter provides ideal opportunities for cross-country skiing and ski touring, with important ski mountaineering competitions taking place here.<\/p>\n","protected":false},"excerpt":{"rendered":"<p>Tourist route: \u017diar \u2013 \u017diarska dolina \u2013 \u0160arafiov\u00fd waterfall and back ON THE ROADS OF FRAGRANT TREES Area: Western Tatras &#8230;<\/p>\n","protected":false},"author":1,"featured_media":197353,"parent":0,"menu_order":0,"comment_status":"open","ping_status":"open","template":"","meta":{"_acf_changed":false,"inline_featured_image":false,"episode_type":"","audio_file":"","cover_image":"","cover_image_id":"","duration":"","filesize":"","date_recorded":"","explicit":"","block":"","filesize_raw":"","_jf_limit_responses":"","footnotes":""},"class_list":["post-133089","page","type-page","status-publish","has-post-thumbnail","hentry"],"acf":{"vyhradny_obrazok":false,"second_feature_image":null,"search_top_keywords":""},"wpml_translations_detailed":{"en":{"id":133089,"title":"\u017diar &#8211; \u017diarska dolina &#8211; \u0160arafiov\u00fd vodop\u00e1d","url":"https:\/\/www.visitliptov.sk\/en\/ziar-ziarska-dolina-sarafiovy-vodopad\/","api_url":"https:\/\/www.visitliptov.sk\/en\/wp-json\/wp\/v2\/page\/133089","status":"publish","excerpt":"Tourist route: \u017diar \u2013 \u017diarska dolina \u2013 \u0160arafiov\u00fd waterfall and back ON THE ROADS OF FRAGRANT TREES Area: Western Tatras ...","content":"Tourist route: \u017diar \u2013 \u017diarska dolina \u2013 \u0160arafiov\u00fd waterfall and back\n\nON THE ROADS OF FRAGRANT TREES\n\nArea: Western Tatras\n\nDestination of the route: Sharafian waterfall (1,480 m above sea level)\n\nDifficulty: medium\n\nDuration: 5 h\n\nStarting point: \u017diarsk\u00e1 valley\n\n<img src=\"http:\/\/www.visitliptov.sk\/wp-content\/uploads\/2019\/04\/saraf_vod_ziar_graf.jpg\" alt=\"\" \/>Route: <strong>Smre\u010dany - \u017diar - Sala\u0161 \u017diar - \u017diarska valley \u2013 cottage \u017diarska chata - Cemetery - \u0160arafiov\u00fd waterfall and back.<\/strong>\n\nBefore entering the \u017diarsk\u00e1 valley, take a relaxing break at Sala\u0161 \u017diar. In this traditional wooden restaurant with many accessories reminding old traditions of sheep breeding in the area, you will enjoy your stay with cosy home atmosphere, sitting by the fireplace and good cuisine.\n\nYou can go on a journey through \u017diarsk\u00e1 valley to cottage \u017diarsk\u00e1 chata (1325 m.n.m.). \u017diarska cottage is the gateway to the tourist area \u017diarsk\u00e1 valley and Roh\u00e1\u010de in the Western Tatras. It is the only alpine cottage in the Western Tatras, located at the end of some of its valleys, accessible from the Liptov side. It is not only a place of rest and a base for the start of alpine tours but also a place that has helped save many lives. The cottage was completely renovated in 2006, and currently is in full operation and provides its visitors with complete accommodation and catering services. It is open non-stop.\n\nThe attractions of \u017diarsk\u00e1 valley include the symbolic cemetery of the victims of the mountain disasters of the Western Tatras, which was established in 1995 in the area of Kr\u00e1sn\u00f4 under the peak Pr\u00edslop. The place consists of a wooden gate, sculptures, a cross with a bell and a central boulder with the names of people who have not returned from the tour. Memorial plaques of individual tragedies are placed on the rocks around.\n\n<img src=\"http:\/\/www.visitliptov.sk\/wp-content\/uploads\/2019\/04\/sarafiovy-vodopad.jpg\" alt=\"\" \/><img src=\"http:\/\/www.visitliptov.sk\/wp-content\/uploads\/2019\/04\/ziarska-dolina-kolobezky.jpg\" alt=\"\" \/>\n\nBehind the cemetery, about fifteen minutes from the cottage along the green marked trail in the direction of Jaloveck\u00e9 sedlo in \u0160arafiov\u00e1 creek, with a system of waterfalls, from which the lowest step is visible from the trail. There are several route options from \u017diarsk\u00e1 cottage. It is up to you whether you choose marked hiking trails leading from the \u017diarska cottage to Pla\u010dliv\u00f4, Ostr\u00fd Roh\u00e1\u010d or other mountain peaks, or return to the valley.\n\nA great experience to return to the bottom of \u017diarsk\u00e1 valley will be a ride on scooters, which you can rent, for a fee at \u017diarsk\u00e1 cottage. Through the valley flows The Smre\u010dianka stream with its rich flora and fauna. In the surrounding meadows, you can see grazing sheep and cows, you can enjoy the view of the majestic peaks of the Baranec, Tri kopy, Ban\u00edkov, Pr\u00edslop and other peaks.\n\nThe valley in winter provides ideal opportunities for cross-country skiing and ski touring, with important ski mountaineering competitions taking place here.","featured_media":197353,"featured_media_url":"https:\/\/www.visitliptov.sk\/wp-content\/uploads\/2022\/09\/20220515_102435-600x338.jpg","images_gallery_urls":[],"fotka_1_url":null,"fotka_2_url":null,"fotka_3_url":null,"fotka_4_url":null,"fotka_5_url":null,"fotka_6_url":null,"fotka_7_url":null,"fotka_8_url":null}},"_links":{"self":[{"href":"https:\/\/www.visitliptov.sk\/en\/wp-json\/wp\/v2\/pages\/133089"}],"collection":[{"href":"https:\/\/www.visitliptov.sk\/en\/wp-json\/wp\/v2\/pages"}],"about":[{"href":"https:\/\/www.visitliptov.sk\/en\/wp-json\/wp\/v2\/types\/page"}],"author":[{"embeddable":true,"href":"https:\/\/www.visitliptov.sk\/en\/wp-json\/wp\/v2\/users\/1"}],"replies":[{"embeddable":true,"href":"https:\/\/www.visitliptov.sk\/en\/wp-json\/wp\/v2\/comments?post=133089"}],"version-history":[{"count":0,"href":"https:\/\/www.visitliptov.sk\/en\/wp-json\/wp\/v2\/pages\/133089\/revisions"}],"wp:featuredmedia":[{"embeddable":true,"href":"https:\/\/www.visitliptov.sk\/en\/wp-json\/wp\/v2\/media\/197353"}],"wp:attachment":[{"href":"https:\/\/www.visitliptov.sk\/en\/wp-json\/wp\/v2\/media?parent=133089"}],"curies":[{"name":"wp","href":"https:\/\/api.w.org\/{rel}","templated":true}]}}