{"id":101634,"date":"2019-08-09T11:18:18","date_gmt":"2019-08-09T09:18:18","guid":{"rendered":"https:\/\/www.visitliptov.sk\/cestovna-kancelaria-enjoy-tatras\/"},"modified":"2026-02-16T14:05:15","modified_gmt":"2026-02-16T13:05:15","slug":"travel-agency-enjoy-tatras","status":"publish","type":"page","link":"https:\/\/www.visitliptov.sk\/en\/travel-agency-enjoy-tatras\/","title":{"rendered":"Travel agency Enjoy Tatras"},"content":{"rendered":"\n<div class=\"wp-block-columns has-2-columns is-layout-flex wp-container-core-columns-is-layout-1 wp-block-columns-is-layout-flex\">\n<div class=\"wp-block-column is-layout-flow wp-block-column-is-layout-flow\">\n<h3 class=\"wp-block-heading\">ABOUT US<\/h3>\n\n\n<div class=\"wp-block-image\">\n<figure class=\"aligncenter is-resized\"><img loading=\"lazy\" decoding=\"async\" width=\"458\" height=\"163\" src=\"https:\/\/www.visitliptov.sk\/wp-content\/uploads\/2019\/08\/enjoytatras.png\" alt=\"\" class=\"wp-image-101653\" style=\"width:324px;height:115px\"\/><\/figure><\/div><\/div>\n\n\n\n<div class=\"wp-block-column is-layout-flow wp-block-column-is-layout-flow\">\n<p><\/p>\n\n\n\n<p><span>Are you ready to discover a green natural playground with a charming variety of nature, history and attractions in a small, accessible, safe territory?\u00a0<\/span><strong>Find out more about the TATRAS MOUNTAIN REGION in Slovakia<\/strong><span>\u00a0\u2013 find all the key partners and local knowledge under one roof.\u00a0<\/span><strong>ENJOY TATRAS<\/strong><span>\u00a0<\/span><strong>DMS <\/strong>will give you more than you expect.<\/p>\n<\/div>\n<\/div>\n\n\n\n<h3 class=\"wp-block-heading\">WHO WE ARE<\/h3>\n\n\n\n<p>ENJOY TATRAS DMC &#8211; a pilot project, the first of it\u00b4s kind in Slovakia &#8211; is a common destination management company of two trusted and powerful regional tourism organisations: the regional tourism organisations of the Liptov region and the High Tatras region and represents their local knowledge and experience.<\/p>\n\n\n\n<div class=\"wp-block-columns has-2-columns is-layout-flex wp-container-core-columns-is-layout-2 wp-block-columns-is-layout-flex\">\n<div class=\"wp-block-column is-layout-flow wp-block-column-is-layout-flow\"><div class=\"wp-block-image\">\n<figure class=\"aligncenter is-resized\"><img loading=\"lazy\" decoding=\"async\" width=\"1920\" height=\"1280\" src=\"https:\/\/www.visitliptov.sk\/wp-content\/uploads\/2019\/08\/Liptov-1-1.jpg\" alt=\"\" class=\"wp-image-101638\" style=\"width:368px;height:245px\" srcset=\"https:\/\/www.visitliptov.sk\/wp-content\/uploads\/2019\/08\/Liptov-1-1.jpg 1920w, https:\/\/www.visitliptov.sk\/wp-content\/uploads\/2019\/08\/Liptov-1-1-600x400.jpg 600w\" sizes=\"(max-width: 1920px) 100vw, 1920px\" \/><\/figure><\/div><\/div>\n\n\n\n<div class=\"wp-block-column is-layout-flow wp-block-column-is-layout-flow\">\n<h3 class=\"wp-block-heading\">OUR VISION<\/h3>\n\n\n\n<p>We don\u00b4t want to declare empty cliches \u2013 we want to introduce the spectacular Tatras mountain region as we know it and place the Tatras as a predominant mountain destination in Eastern Europe. Our enthusiasm is our driving force \u2013 we are ready to show the singularity of this region, turn expectations into possibilities and provide experiences that go beyond the ordinary and expected. We want to be recognized as a reliable partner by understanding the needs of our partners and giving the homy and welcoming feeling to all visitors.<\/p>\n<\/div>\n<\/div>\n\n\n\n<h3 class=\"wp-block-heading\">WHAT WE OFFER<\/h3>\n\n\n\n<p>We are able to find and create the best options for visitors of regions according to their needs and expectations.<\/p>\n\n\n\n<p><span><\/span><strong>We offer European quality and recommend:<\/strong><\/p>\n\n\n\n<ul class=\"wp-block-list\">\n<li>accommodation in different categories of pensions, chalets, hotels and holiday villages, from basic to luxury<\/li>\n\n\n\n<li>services for the clients: ski pass, ski equipment rental, ground transportation, car rental, English speaking local epresentative, entry to waterparks, big variety of leisure activities<\/li>\n\n\n\n<li>additional services as ski schools, fresh tracks, cave adventures, indoor skydiving, sightseeing flights, apr\u00e8s ski possibilities, golf including golf school for children and many more<\/li>\n\n\n\n<li>incentives, FIT, meetings and events, conferences, special interest group travel<\/li>\n\n\n\n<li>tailor made itineraries, detailed proposals<\/li>\n<\/ul>\n\n\n\n<h3 class=\"wp-block-heading\">WHO WE COOPERATE<\/h3>\n\n\n\n<p>As a destination management company created by the two most powerful regional tourism organisations in Slovakia, we put together all the key partners of the Liptov and the High Tatras region. We cooperate with hotels and pensions of all cathegories, ski resorts, aqua and thermal parks, medical spas, winter and summer sports providers, municipalities and amusement parks. <\/p>\n\n\n\n<div class=\"wp-block-columns has-2-columns is-layout-flex wp-container-core-columns-is-layout-3 wp-block-columns-is-layout-flex\">\n<div class=\"wp-block-column is-layout-flow wp-block-column-is-layout-flow\">\n<p><\/p>\n<\/div>\n\n\n\n<div class=\"wp-block-column is-layout-flow wp-block-column-is-layout-flow\">\n<p><span><\/span><strong>E-mail: <\/strong><a href=\"mailto:info@enjoytatras.com\">info@enjoytatras.com<\/a><br><strong>Tel:<\/strong>\u00a0+421 911 112 187<\/p>\n<\/div>\n<\/div>\n","protected":false},"excerpt":{"rendered":"<p>ABOUT US Are you ready to discover a green natural playground with a charming variety of nature, history and attractions &#8230;<\/p>\n","protected":false},"author":15,"featured_media":0,"parent":0,"menu_order":0,"comment_status":"closed","ping_status":"closed","template":"page_no-title.php","meta":{"_acf_changed":false,"inline_featured_image":false,"episode_type":"","audio_file":"","cover_image":"","cover_image_id":"","duration":"","filesize":"","date_recorded":"","explicit":"","block":"","filesize_raw":"","_jf_limit_responses":"","footnotes":""},"class_list":["post-101634","page","type-page","status-publish","hentry"],"acf":{"vyhradny_obrazok":"Hlavne nsatavenie","second_feature_image":"","search_top_keywords":""},"wpml_translations_detailed":{"sk":{"id":101619,"title":"Enjoy Tatras","url":"https:\/\/www.visitliptov.sk\/enjoy-tatras\/","api_url":"https:\/\/www.visitliptov.sk\/en\/wp-json\/wp\/v2\/page\/101619","status":"publish","excerpt":"Enjoy Tatras je exkluz\u00edvna zna\u010dka destina\u010dnej mana\u017e\u00e9rskej organiz\u00e1cie (DMO) pre dva siln\u00e9 regi\u00f3ny Slovenska \u2013 Vysok\u00e9 Tatry a Liptov. Propagujeme ...","content":"<!-- wp:cover {\"url\":\"https:\/\/www.visitliptov.sk\/wp-content\/uploads\/2021\/07\/Mara-z-Liptovskeho-Trnovca-dron_mensie-scaled.jpg\",\"id\":153074,\"dimRatio\":50,\"minHeight\":600,\"align\":\"full\"} -->\n<div class=\"wp-block-cover alignfull\" style=\"min-height:600px\"><span aria-hidden=\"true\" class=\"wp-block-cover__background has-background-dim\"><\/span><img class=\"wp-block-cover__image-background wp-image-153074\" alt=\"\" src=\"https:\/\/www.visitliptov.sk\/wp-content\/uploads\/2021\/07\/Mara-z-Liptovskeho-Trnovca-dron_mensie-scaled.jpg\" data-object-fit=\"cover\"\/><div class=\"wp-block-cover__inner-container\"><!-- wp:paragraph {\"align\":\"center\",\"placeholder\":\"Nap\u00ed\u0161te titulok...\",\"fontSize\":\"large\"} -->\n<p class=\"has-text-align-center has-large-font-size\"><strong>Enjoy Tatras<\/strong><\/p>\n<!-- \/wp:paragraph --><\/div><\/div>\n<!-- \/wp:cover -->\n\n<!-- wp:paragraph -->\n<p><strong>Enjoy Tatras<\/strong> je exkluz\u00edvna zna\u010dka destina\u010dnej mana\u017e\u00e9rskej organiz\u00e1cie (DMO) pre dva siln\u00e9 regi\u00f3ny Slovenska \u2013 <strong>Vysok\u00e9 Tatry<\/strong> a <strong>Liptov<\/strong>. Propagujeme nezabudnute\u013en\u00e9 z\u00e1\u017eitky pre ka\u017ed\u00e9ho.<\/p>\n<!-- \/wp:paragraph -->\n\n<!-- wp:paragraph -->\n<p>Pl\u00e1nujete ly\u017eova\u0165 v najzn\u00e1mej\u0161\u00edch ly\u017eiarskych stredisk\u00e1ch, prenaja\u0165 si luxusn\u00fd horsk\u00fd chalet,&nbsp; &nbsp;objavova\u0165 dychber\u00face hory alebo&nbsp; miesta pln\u00e9 kult\u00farneho dedi\u010dstva?<\/p>\n<!-- \/wp:paragraph -->\n\n<!-- wp:paragraph -->\n<p>Alebo sa plavi\u0165 po Liptovskej Mare, obdivova\u0165 n\u00e1dhern\u00e9 rokliny, vodop\u00e1dy a&nbsp;jasykyne? Pom\u00f4\u017eeme v\u00e1m odhali\u0165 skryt\u00e9 poklady na\u0161ej \u00fa\u017easnej krajiny.<\/p>\n<!-- \/wp:paragraph -->\n\n<!-- wp:paragraph -->\n<p>Na\u0161ou v\u00e1\u0161\u0148ou je prezentova\u0165 <strong>autentick\u00e9 lok\u00e1lne z\u00e1\u017eitky<\/strong>, aby ste mohli skuto\u010dne <em>za\u017ei\u0165 prav\u00e9 Slovensko<\/em>.<\/p>\n<!-- \/wp:paragraph -->\n\n<!-- wp:columns -->\n<div class=\"wp-block-columns\"><!-- wp:column -->\n<div class=\"wp-block-column\"><!-- wp:image {\"id\":155739,\"sizeSlug\":\"large\",\"linkDestination\":\"media\",\"className\":\"is-resized\"} -->\n<figure class=\"wp-block-image size-large is-resized\"><a href=\"https:\/\/www.visitliptov.sk\/wp-content\/uploads\/2021\/08\/18.-Po-zapade-slnka-nad-Malou-Fatrou-Liptov-fotene-na-Polane-Nizke-Tatry-scaled.jpg\"><img src=\"https:\/\/www.visitliptov.sk\/wp-content\/uploads\/2021\/08\/18.-Po-zapade-slnka-nad-Malou-Fatrou-Liptov-fotene-na-Polane-Nizke-Tatry-2000x1250.jpg\" alt=\"\" class=\"wp-image-155739\"\/><\/a><\/figure>\n<!-- \/wp:image --><\/div>\n<!-- \/wp:column -->\n\n<!-- wp:column {\"verticalAlignment\":\"center\"} -->\n<div class=\"wp-block-column is-vertically-aligned-center\"><!-- wp:paragraph -->\n<p>ENJOY TATRAS \u2013 pilotn\u00fd projekt prv\u00fd svojho druhu na Slovensku, je spolo\u010dnos\u0165 zalo\u017een\u00e1 na destina\u010dnom mana\u017emente, ktor\u00e1 sp\u00e1ja dve spo\u013eahliv\u00e9 a&nbsp;siln\u00e9 region\u00e1lne organiz\u00e1cie cestovn\u00e9ho ruchu \u2013 OOCR Regi\u00f3n Liptov a&nbsp;OOCR Regi\u00f3n&nbsp;Vysok\u00e9 Tatry, zosob\u0148uje ich vedomosti i&nbsp;sk\u00fasenosti. Jej hlavn\u00fdm cie\u013eom je propagova\u0165 n\u00e1dhern\u00fd tatransk\u00fd regi\u00f3n na Slovensku.<\/p>\n<!-- \/wp:paragraph -->\n\n<!-- wp:paragraph -->\n<p>Nechceme opakova\u0165 pr\u00e1zdne kli\u0161\u00e9. Chceme predstavi\u0165 n\u00e1dhern\u00fa oblas\u0165 Tatier, ako ju pozn\u00e1me, zd\u00f4razni\u0165 jej v\u00fdznamn\u00e9 postavenie v&nbsp;r\u00e1mci V\u00fdchodnej Eur\u00f3py. Na\u0161ou hybnou silou je nad\u0161enie. Sme pripraven\u00ed pouk\u00e1za\u0165 na jedine\u010dnos\u0165 tohto regi\u00f3nu, pon\u00faknu\u0165 nezvy\u010dajn\u00e9 a&nbsp;v\u00fdnimo\u010dn\u00e9 z\u00e1\u017eitky.<\/p>\n<!-- \/wp:paragraph --><\/div>\n<!-- \/wp:column --><\/div>\n<!-- \/wp:columns -->\n\n<!-- wp:paragraph -->\n<p>Sme pripraven\u00ed poradi\u0165 n\u00e1v\u0161tevn\u00edkom pri pl\u00e1novan\u00ed pobytu vo Vysok\u00fdch Tatr\u00e1ch a&nbsp;na Liptove:&nbsp;<\/p>\n<!-- \/wp:paragraph -->\n\n<!-- wp:list -->\n<ul class=\"wp-block-list\"><!-- wp:list-item -->\n<li>Tipy na najkraj\u0161ie t\u00fary<\/li>\n<!-- \/wp:list-item -->\n\n<!-- wp:list-item -->\n<li>Tipy pre najlep\u0161ie ubytovanie v&nbsp;penzi\u00f3noch, chat\u00e1ch, hoteloch a rekrea\u010dn\u00fdch komplexoch r\u00f4znych kateg\u00f3ri\u00ed, od najjednoduch\u0161\u00edch po najluxusnej\u0161ie<\/li>\n<!-- \/wp:list-item --><\/ul>\n<!-- \/wp:list -->\n\n<!-- wp:list -->\n<ul class=\"wp-block-list\"><!-- wp:list-item -->\n<li>&nbsp;Slu\u017eby v&nbsp;regi\u00f3ne : skipasy, po\u017ei\u010dovne \u0161portov\u00fdch potrieb, doprava, po\u017ei\u010danie auta, sprievodcovsk\u00e9 slu\u017eby, vstupy do aquaparkov, vo\u013eno\u010dasov\u00e9 aktivity,<\/li>\n<!-- \/wp:list-item -->\n\n<!-- wp:list-item -->\n<li>doplnkov\u00e9 slu\u017eby \u2013 v\u00fdu\u010dba v ly\u017eiarskych \u0161kol\u00e1ch, fresh track, obhliadky jask\u00fd\u0148, vyhliadkov\u00e9 lety, apr\u00e8s ski z\u00e1bava, golf<\/li>\n<!-- \/wp:list-item --><\/ul>\n<!-- \/wp:list -->\n\n<!-- wp:columns -->\n<div class=\"wp-block-columns\"><!-- wp:column {\"verticalAlignment\":\"center\"} -->\n<div class=\"wp-block-column is-vertically-aligned-center\"><!-- wp:heading -->\n<h2 class=\"wp-block-heading\">S K\u00ddM SPOLUPRACUJEME<\/h2>\n<!-- \/wp:heading -->\n\n<!-- wp:paragraph -->\n<p>Ako spolo\u010dnos\u0165 zalo\u017een\u00e1 na destina\u010dnom mana\u017emente, vytvoren\u00e1 dvomi najsilnej\u0161\u00edmi organiz\u00e1ciami cestovn\u00e9ho ruchu na Slovensku sp\u00e1jame v\u0161etk\u00fdch k\u013e\u00fa\u010dov\u00fdch partnerov v&nbsp;regi\u00f3noch Liptov a&nbsp;Vysok\u00e9 Tatry. Sme partnermi s&nbsp;hotelmi a&nbsp;penzi\u00f3nmi v\u0161etk\u00fdch kateg\u00f3ri\u00ed, ly\u017eiarskymi rezortmi, vodn\u00fdmi a&nbsp;term\u00e1lnymi parkami, lie\u010debn\u00fdmi k\u00fape\u013emi, poskytovate\u013emi zimn\u00fdch a&nbsp;letn\u00fdch aktiv\u00edt, mestsk\u00fdmi zastupite\u013estvami, z\u00e1bavn\u00fdmi parkami a&nbsp;v\u0161etk\u00fdmi slu\u017ebami, ktor\u00e9 turista potrebuje pre svoju dokonal\u00fa dovolenku.<\/p>\n<!-- \/wp:paragraph --><\/div>\n<!-- \/wp:column -->\n\n<!-- wp:column -->\n<div class=\"wp-block-column\"><!-- wp:image {\"id\":115079,\"sizeSlug\":\"large\",\"linkDestination\":\"none\"} -->\n<figure class=\"wp-block-image size-large\"><img src=\"https:\/\/www.visitliptov.sk\/wp-content\/uploads\/2020\/01\/tmr-jasna-jan-tekel-zima-20182019-003.jpg\" alt=\"\" class=\"wp-image-115079\"\/><\/figure>\n<!-- \/wp:image --><\/div>\n<!-- \/wp:column --><\/div>\n<!-- \/wp:columns -->\n\n<!-- wp:columns -->\n<div class=\"wp-block-columns\"><!-- wp:column {\"verticalAlignment\":\"center\"} -->\n<div class=\"wp-block-column is-vertically-aligned-center\"><!-- wp:image {\"id\":34000,\"sizeSlug\":\"large\",\"linkDestination\":\"none\"} -->\n<figure class=\"wp-block-image size-large\"><img src=\"https:\/\/www.visitliptov.sk\/wp-content\/uploads\/2019\/04\/EnjoyTatras_logo_color_final.jpg\" alt=\"\" class=\"wp-image-34000\"\/><\/figure>\n<!-- \/wp:image --><\/div>\n<!-- \/wp:column -->\n\n<!-- wp:column {\"verticalAlignment\":\"center\"} -->\n<div class=\"wp-block-column is-vertically-aligned-center\"><!-- wp:paragraph -->\n<p><strong>E-mail:\u00a0<\/strong><a href=\"mailto:info@enjoytatras.com\">info@enjoytatras.com<\/a><br><strong>Tel:<\/strong>\u00a0+421 911 112 187<\/p>\n<!-- \/wp:paragraph --><\/div>\n<!-- \/wp:column --><\/div>\n<!-- \/wp:columns -->","featured_media":622739,"featured_media_url":"https:\/\/www.visitliptov.sk\/wp-content\/uploads\/2024\/10\/enjoy_tatras-600x338.png","images_gallery_urls":[],"fotka_1_url":null,"fotka_2_url":null,"fotka_3_url":null,"fotka_4_url":null,"fotka_5_url":null,"fotka_6_url":null,"fotka_7_url":null,"fotka_8_url":null},"en":{"id":101634,"title":"Travel agency Enjoy Tatras","url":"https:\/\/www.visitliptov.sk\/en\/travel-agency-enjoy-tatras\/","api_url":"https:\/\/www.visitliptov.sk\/en\/wp-json\/wp\/v2\/page\/101634","status":"publish","excerpt":"ABOUT US Are you ready to discover a green natural playground with a charming variety of nature, history and attractions ...","content":"<!-- wp:columns {\"className\":\"has-2-columns\"} -->\n<div class=\"wp-block-columns has-2-columns\"><!-- wp:column -->\n<div class=\"wp-block-column\"><!-- wp:heading {\"level\":3} -->\n<h3 class=\"wp-block-heading\">ABOUT US<\/h3>\n<!-- \/wp:heading -->\n\n<!-- wp:image {\"id\":101653,\"width\":324,\"height\":115,\"align\":\"center\"} -->\n<figure class=\"wp-block-image aligncenter is-resized\"><img src=\"https:\/\/www.visitliptov.sk\/wp-content\/uploads\/2019\/08\/enjoytatras.png\" alt=\"\" class=\"wp-image-101653\" style=\"width:324px;height:115px\"\/><\/figure>\n<!-- \/wp:image --><\/div>\n<!-- \/wp:column -->\n\n<!-- wp:column -->\n<div class=\"wp-block-column\"><!-- wp:paragraph -->\n<p><\/p>\n<!-- \/wp:paragraph -->\n\n<!-- wp:paragraph -->\n<p>Are you ready to discover a green natural playground with a charming variety of nature, history and attractions in a small, accessible, safe territory?\u00a0<strong>Find out more about the TATRAS MOUNTAIN REGION in Slovakia<\/strong>\u00a0\u2013 find all the key partners and local knowledge under one roof.\u00a0<strong>ENJOY TATRAS<\/strong>\u00a0<strong>DMS <\/strong>will give you more than you expect.<\/p>\n<!-- \/wp:paragraph --><\/div>\n<!-- \/wp:column --><\/div>\n<!-- \/wp:columns -->\n\n<!-- wp:heading {\"level\":3} -->\n<h3 class=\"wp-block-heading\">WHO WE ARE<\/h3>\n<!-- \/wp:heading -->\n\n<!-- wp:paragraph -->\n<p>ENJOY TATRAS DMC - a pilot project, the first of it\u00b4s kind in Slovakia - is a common destination management company of two trusted and powerful regional tourism organisations: the regional tourism organisations of the Liptov region and the High Tatras region and represents their local knowledge and experience.<\/p>\n<!-- \/wp:paragraph -->\n\n<!-- wp:columns {\"className\":\"has-2-columns\"} -->\n<div class=\"wp-block-columns has-2-columns\"><!-- wp:column -->\n<div class=\"wp-block-column\"><!-- wp:image {\"id\":101638,\"width\":368,\"height\":245,\"align\":\"center\"} -->\n<figure class=\"wp-block-image aligncenter is-resized\"><img src=\"https:\/\/www.visitliptov.sk\/wp-content\/uploads\/2019\/08\/Liptov-1-1.jpg\" alt=\"\" class=\"wp-image-101638\" style=\"width:368px;height:245px\"\/><\/figure>\n<!-- \/wp:image --><\/div>\n<!-- \/wp:column -->\n\n<!-- wp:column -->\n<div class=\"wp-block-column\"><!-- wp:heading {\"level\":3} -->\n<h3 class=\"wp-block-heading\">OUR VISION<\/h3>\n<!-- \/wp:heading -->\n\n<!-- wp:paragraph -->\n<p>We don\u00b4t want to declare empty cliches \u2013 we want to introduce the spectacular Tatras mountain region as we know it and place the Tatras as a predominant mountain destination in Eastern Europe. Our enthusiasm is our driving force \u2013 we are ready to show the singularity of this region, turn expectations into possibilities and provide experiences that go beyond the ordinary and expected. We want to be recognized as a reliable partner by understanding the needs of our partners and giving the homy and welcoming feeling to all visitors.<\/p>\n<!-- \/wp:paragraph --><\/div>\n<!-- \/wp:column --><\/div>\n<!-- \/wp:columns -->\n\n<!-- wp:heading {\"level\":3} -->\n<h3 class=\"wp-block-heading\">WHAT WE OFFER<\/h3>\n<!-- \/wp:heading -->\n\n<!-- wp:paragraph -->\n<p>We are able to find and create the best options for visitors of regions according to their needs and expectations.<\/p>\n<!-- \/wp:paragraph -->\n\n<!-- wp:paragraph -->\n<p><strong>We offer European quality and recommend:<\/strong><\/p>\n<!-- \/wp:paragraph -->\n\n<!-- wp:list -->\n<ul class=\"wp-block-list\"><!-- wp:list-item -->\n<li>accommodation in different categories of pensions, chalets, hotels and holiday villages, from basic to luxury<\/li>\n<!-- \/wp:list-item -->\n\n<!-- wp:list-item -->\n<li>services for the clients: ski pass, ski equipment rental, ground transportation, car rental, English speaking local epresentative, entry to waterparks, big variety of leisure activities<\/li>\n<!-- \/wp:list-item -->\n\n<!-- wp:list-item -->\n<li>additional services as ski schools, fresh tracks, cave adventures, indoor skydiving, sightseeing flights, apr\u00e8s ski possibilities, golf including golf school for children and many more<\/li>\n<!-- \/wp:list-item -->\n\n<!-- wp:list-item -->\n<li>incentives, FIT, meetings and events, conferences, special interest group travel<\/li>\n<!-- \/wp:list-item -->\n\n<!-- wp:list-item -->\n<li>tailor made itineraries, detailed proposals<\/li>\n<!-- \/wp:list-item --><\/ul>\n<!-- \/wp:list -->\n\n<!-- wp:heading {\"level\":3} -->\n<h3 class=\"wp-block-heading\">WHO WE COOPERATE<\/h3>\n<!-- \/wp:heading -->\n\n<!-- wp:paragraph -->\n<p>As a destination management company created by the two most powerful regional tourism organisations in Slovakia, we put together all the key partners of the Liptov and the High Tatras region. We cooperate with hotels and pensions of all cathegories, ski resorts, aqua and thermal parks, medical spas, winter and summer sports providers, municipalities and amusement parks. <\/p>\n<!-- \/wp:paragraph -->\n\n<!-- wp:columns {\"className\":\"has-2-columns\"} -->\n<div class=\"wp-block-columns has-2-columns\"><!-- wp:column -->\n<div class=\"wp-block-column\"><!-- wp:paragraph -->\n<p><\/p>\n<!-- \/wp:paragraph --><\/div>\n<!-- \/wp:column -->\n\n<!-- wp:column -->\n<div class=\"wp-block-column\"><!-- wp:paragraph -->\n<p><strong>E-mail: <\/strong><a href=\"mailto:info@enjoytatras.com\">info@enjoytatras.com<\/a><br><strong>Tel:<\/strong>\u00a0+421 911 112 187<\/p>\n<!-- \/wp:paragraph --><\/div>\n<!-- \/wp:column --><\/div>\n<!-- \/wp:columns -->","featured_media":0,"featured_media_url":null,"images_gallery_urls":[],"fotka_1_url":null,"fotka_2_url":null,"fotka_3_url":null,"fotka_4_url":null,"fotka_5_url":null,"fotka_6_url":null,"fotka_7_url":null,"fotka_8_url":null}},"_links":{"self":[{"href":"https:\/\/www.visitliptov.sk\/en\/wp-json\/wp\/v2\/pages\/101634"}],"collection":[{"href":"https:\/\/www.visitliptov.sk\/en\/wp-json\/wp\/v2\/pages"}],"about":[{"href":"https:\/\/www.visitliptov.sk\/en\/wp-json\/wp\/v2\/types\/page"}],"author":[{"embeddable":true,"href":"https:\/\/www.visitliptov.sk\/en\/wp-json\/wp\/v2\/users\/15"}],"replies":[{"embeddable":true,"href":"https:\/\/www.visitliptov.sk\/en\/wp-json\/wp\/v2\/comments?post=101634"}],"version-history":[{"count":2,"href":"https:\/\/www.visitliptov.sk\/en\/wp-json\/wp\/v2\/pages\/101634\/revisions"}],"predecessor-version":[{"id":698050,"href":"https:\/\/www.visitliptov.sk\/en\/wp-json\/wp\/v2\/pages\/101634\/revisions\/698050"}],"wp:attachment":[{"href":"https:\/\/www.visitliptov.sk\/en\/wp-json\/wp\/v2\/media?parent=101634"}],"curies":[{"name":"wp","href":"https:\/\/api.w.org\/{rel}","templated":true}]}}